{"id":267,"date":"2019-04-10T09:26:53","date_gmt":"2019-04-10T11:26:53","guid":{"rendered":"https:\/\/techremontas.lt\/?page_id=267"},"modified":"2019-04-10T10:43:03","modified_gmt":"2019-04-10T12:43:03","slug":"bmw-navigacija","status":"publish","type":"page","link":"https:\/\/techremontas.lt\/de\/bmw-navigacija\/","title":{"rendered":"BMW Navigation"},"content":{"rendered":"<h2 class=\"wp-block-heading\"><strong>BMW Navigationskarten (CIC Premium \/ CIC-MID Business Motion \/ Champ2 Business Move \/ NBT Next HU-H) <\/strong><\/h2>\n\n\n\n<p><p><strong>Litauen (ausf\u00fchrlich)<\/strong>Deutschland, \u00d6sterreich, Andorra, Belgien, Schweiz, Tschechische Republik, D\u00e4nemark, Spanien, Frankreich, Finnland, Liechtenstein, Vereinigtes K\u00f6nigreich, Griechenland, Irland, Italien, Luxemburg, Monaco, Monaco, Norwegen, Niederlande, Portugal, San Marino, Schweden, Vatikanstadt, Russland, Polen, Ungarn, Polen, Kroatien, Slowenien, Wei\u00dfrussland, Estland, Lettland, Lettland, Estland. <br><br><em>BMW 1 E81, E82, E87, E88 (2008.09-2014.03) <br>BMW 1 F20, F21 (2011.09-2013.03) <br>BMW 3 E90, E91, E92, E93 (2008.09-2013.10) <br>BMW 3 F30 (2012.02-2012.11) <br>BMW 5 E60, E61 (2008.11-2010.05) <br>BMW 5 F7 (2009.10-2012.07) <br>BMW 5 F10, F11 (2010.03-2012.09) <br>BMW 6 E63, E64 (2008.11-2010.07) <br>BMW 6 F06 (2012.03-2013.03) <br>BMW 6 F12, F13 (2012.10-2013.03) <br>BMW 7 F01, F02, F03, F04 (2008.11-2012.07) <br>BMW Z4 E89 (ab 2009.04)  <br>BMW X1 E84 (2009.10-2015) <br>BMW X3 F25 (2010.11-2013.04) <br>BMW X5 E70 (2009.10-2013.06) <br>BMW X6 E71 (2008.05-2014.07) <\/em><br><br> Garantie 12 Monate. | Vilnius und Kaunas | Bester Preis<\/p><\/p><hr\/>\n\n\n\n<h2 class=\"wp-block-heading\"><strong>BMW Navigationskarten (CCC Professional) <br><\/strong><\/h2>\n\n\n\n<p>CD 1 - Irland, Andorra, Belgien, Gro\u00dfbritannien, Gibraltar, Luxemburg, Monaco, Spanien, Niederlande, Portugal, Frankreich + die wichtigsten Stra\u00dfen Europas.  <br>CD 2 - \u00d6sterreich, Belgien, D\u00e4nemark, Tschechische Republik, Deutschland, Italien, Liechtenstein, Luxemburg, Niederlande, San Marino, Slowenien, Schweiz, Vatikanstadt, Deutschland + europ\u00e4ische Fernstra\u00dfen. <strong><br><\/strong>CD 3 - Albanien, Belarus, Bulgarien, Kroatien, Estland, Griechenland, Lettland, Montenegro, Polen, <strong> Litauen (ausf\u00fchrlich)<\/strong>Norwegen, Rum\u00e4nien, Russland, Slowakei, Slowenien, Finnland, Schweden, Ukraine, Ungarn + europ\u00e4ische Hauptstra\u00dfen.<br> <br><em>BMW 1 (E81, E82, E88, E87) bis 2008.09<br>BMW 3 (E90, E91, E92, E93) bis 2008.09<br>BMW 5 (E60, E61) bis 2008.11<br>BMW 6 (E63, E64) bis 2008.11<br>BMW X5 (E70) bis 2009.10<br>BMW X6 (E71) bis 2009.10 <\/em><br><em> <\/em><br>Garantie 12 Monate. | Vilnius und Kaunas | Bester Preis<\/p><hr\/>\n\n\n\n<h2 class=\"wp-block-heading\"><strong>BMW Navigationskarten (M-ASK I vor LCI)<\/strong><\/h2>\n\n\n<p>CD 1 - Andorra, Belgien, D\u00e4nemark, Deutschland, Finnland, Frankreich, Griechenland, Irland, Gibraltar, Irland, Italien, Liechtenstein, Luxemburg, Monaco, Norwegen, Niederlande, \u00d6sterreich, Portugal, San Marino, Schweden, Schweiz, Spanien, Tschechische Republik, Vatikanstadt, Vatikanstadt, UK.<strong><br \/><\/strong>CD 2 - D\u00e4nemark, Deutschland, Estland, Finnland, Frankreich, Griechenland, Italien, Kroatien, Liechtenstein, Norwegen, \u00d6sterreich, San Marino, Schweden, Schweiz, Slowakei, Slowenien, Spanien, Tschechische Republik, Ungarn, Vatikanstadt.<br \/><br \/><em>BMW-Modelle ohne Facelift (vor LCI) (Baujahr 2003-2007) mit Business-Navigation, die die Navigation nur mit Pfeilen anzeigt (keine 2D-Karten) <\/em><br \/><br \/>Garantie 12 Monate. | Vilnius und Kaunas | Bester Preis<\/p>\n<hr \/>\n\n\n<h2 class=\"wp-block-heading\"><strong>BMW Navigationskarten (M-ASK II LCI)<\/strong><\/h2>\n\n\n<p>CD 1 - Andorra, Belgien, D\u00e4nemark, Deutschland, Finnland, Frankreich, Griechenland, Irland, Gibraltar, Irland, Italien, Liechtenstein, Luxemburg, Monaco, Norwegen, Niederlande, \u00d6sterreich, Portugal, San Marino, Schweden, Schweiz, Spanien, Tschechische Republik, Vatikanstadt, Vatikanstadt, UK. <br \/>CD 2 - D\u00e4nemark, Deutschland, Estland, Finnland, Frankreich, Griechenland, Italien, Kroatien, Liechtenstein, Norwegen, \u00d6sterreich, San Marino, Schweden, Schweiz, Slowakei, Slowenien, Spanien, Tschechische Republik, Ungarn, Vatikanstadt.<br \/>CD 3 - Irland, Andorra, \u00d6sterreich, Belgien, Bulgarien, Tschechische Republik, D\u00e4nemark, Gro\u00dfbritannien, Estland, Gibraltar, Griechenland, Spanien, Italien, Kroatien, Lettland, Polen und Liechtenstein, <strong>Litauen (ausf\u00fchrlich)<\/strong>Luxemburg, Monaco, Norwegen, Niederlande, Portugal, Frankreich, Rum\u00e4nien, San Marino, Slowakei, Slowenien, Finnland, Schweden, Schweiz, Vatikanstadt, Ungarn, Deutschland. <br \/><br \/><em>BMW Facelift (LCI) Modelle 2007 - 2010<br \/>BMW neFacelift (vor LCI) Modelle 2003 - 2007 <\/em> <br \/><br \/>Garantie 12 Monate. | Vilnius und Kaunas | Bester Preis<\/p>\n<hr \/>\n\n\n<h2 class=\"wp-block-heading\"><strong>BMW Navigationskarten (iDrive II, NAVI02\/NAVI03)<\/strong><\/h2>\n\n\n<p>CD 1 - Andorra, Belgien, D\u00e4nemark, Deutschland, Finnland, Frankreich, Griechenland, Irland, Gibraltar, Irland, Italien, Liechtenstein, Luxemburg, Monaco, Norwegen, Niederlande, \u00d6sterreich, Portugal, San Marino, Schweden, Schweiz, Spanien, Tschechische Republik, Vatikanstadt, Vatikanstadt, UK. <br \/>CD 2 - \u00d6sterreich, Wei\u00dfrussland, Bulgarien, Kroatien, Tschechische Republik, D\u00e4nemark, Estland, Estland, Griechenland, Ungarn, Italien, Liechtenstein, Lettland, Polen, <strong> Litauen (ausf\u00fchrlich)<\/strong>Norwegen, Rum\u00e4nien, Russland, San Marino, Slowakei, Slowenien, Finnland, Schweden, Schweiz, Vatikanstadt, Ungarn, Deutschland. <br \/><br \/><em>BMW 3er 2002 - 2007<br \/>BMW 5er 2002 - 2003<br \/>BMW 7er 2001 - 2007<br \/>BMW X3 2001 - 2007<br \/>BMW X5 1999 - 2008<br \/>BMW Z4 2002 - 2009<br \/>BMW Z8 2000 - 2003 <\/em><br \/><br \/>Garantie 12 Monate. | Vilnius und Kaunas | Bester Preis<\/p>\n<hr \/>\n\n\n<h2 class=\"wp-block-heading\"><strong>BMW Navigationskarten (iDrive I, NAVI01 MK1 MK2 MK3 MK4)<\/strong><\/h2>\n\n\n\n<p>CD 1 - Belgien, Niederlande, Luxemburg<br>CD 2 - \u00d6sterreich, Liechtenstein, Schweiz, Deutschland, sh. Italien<br>CD 3 - Osteuropa 1 - Estland, Lettland, <strong> Litauen (ausf\u00fchrlich)<\/strong><br>CD 4 - Osteuropa 2 - Bulgarien, Kroatien, Tschechische Republik, Ungarn, Polen, Rum\u00e4nien, Slowakei, Slowenien<br>CD 5 - sh. Frankreich<br>CD 6 - S. Frankreich<br>CD 7 - Deutschland<br>CD 8 - Italien, San Marino, Vatikanstadt, Griechenland<br>CD 9 - D\u00e4nemark, Schweden, Finnland, Norwegen<br>CD 10 - Spanien<br>CD 11 - Portugal<br>CD 12 - England, Schottland, Irland<br>CD 13 - Karten der wichtigsten Stra\u00dfen in Europa.<br><br><em>3er 2003-2007<br>5er 1995-2003<br>7er 1993-2007<br>X3 -2007<br>X5 1999-2008<br>M5 -2007<br>Z4 2002-2009<br>Z8 2000-2003<\/em><br><br> Garantie 12 Monate. | Vilnius und Kaunas | Bester Preis <\/p><hr\/>\n\n\n\n<p> <\/p>","protected":false},"excerpt":{"rendered":"<p>BMW navigacijos \u017eem\u0117lapiai (CIC Premium \/ CIC-MID Business Motion \/ Champ2 Business Move \/ NBT Next HU-H) Lietuva (detalus), Vokietija, Austrija, Andora, Belgija, \u0160veicarija, \u010cekija, Danija, Ispanija, Pranc\u016bzija, Suomija, Lichten\u0161teinas, Jungtin\u0117 Karalyst\u0117, Graikija, Airija, Italija, Liuksemburgas, Monakas, Norvegija, Nyderlandai, Portugalija, San Marinas, \u0160vedija, Vatikanas, Rusija, Lenkija, Vengrija, Kroatija, Slov\u0117nija, Baltarusija, Estija, Latvija. BMW 1 E81, [&hellip;]<\/p>\n","protected":false},"author":1,"featured_media":0,"parent":0,"menu_order":0,"comment_status":"closed","ping_status":"closed","template":"","meta":{"_uag_custom_page_level_css":"","footnotes":""},"class_list":["post-267","page","type-page","status-publish","hentry","post"],"yoast_head":"<!-- This site is optimized with the Yoast SEO plugin v27.5 - https:\/\/yoast.com\/product\/yoast-seo-wordpress\/ -->\n<title>BMW navigacija - taisykla Vilniuje, Kaune, Klaip\u0117doje, \u0160iauliuose<\/title>\n<meta name=\"description\" content=\"BMW navigacijos \u017eem\u0117lapiai Vilniuje ir Kaune geriausia kaina. 12 m\u0117n. garantija. Tel. nr. 8 (655) 00790 \/ 8 (684) 09811\" \/>\n<meta name=\"robots\" content=\"index, follow, max-snippet:-1, max-image-preview:large, max-video-preview:-1\" \/>\n<link rel=\"canonical\" href=\"https:\/\/techremontas.lt\/de\/bmw-navigacija\/\" \/>\n<meta property=\"og:locale\" content=\"de_DE\" \/>\n<meta property=\"og:type\" content=\"article\" \/>\n<meta property=\"og:title\" content=\"BMW navigacija - taisykla Vilniuje, Kaune, Klaip\u0117doje, \u0160iauliuose\" \/>\n<meta property=\"og:description\" content=\"BMW navigacijos \u017eem\u0117lapiai Vilniuje ir Kaune geriausia kaina. 12 m\u0117n. garantija. Tel. nr. 8 (655) 00790 \/ 8 (684) 09811\" \/>\n<meta property=\"og:url\" content=\"https:\/\/techremontas.lt\/de\/bmw-navigacija\/\" \/>\n<meta property=\"og:site_name\" content=\"taisykla Vilniuje, Kaune, Klaip\u0117doje, \u0160iauliuose\" \/>\n<meta property=\"article:modified_time\" content=\"2019-04-10T12:43:03+00:00\" \/>\n<meta name=\"twitter:card\" content=\"summary_large_image\" \/>\n<meta name=\"twitter:label1\" content=\"Gesch\u00e4tzte Lesezeit\" \/>\n\t<meta name=\"twitter:data1\" content=\"3\u00a0Minuten\" \/>\n<script type=\"application\/ld+json\" class=\"yoast-schema-graph\">{\"@context\":\"https:\\\/\\\/schema.org\",\"@graph\":[{\"@type\":\"WebPage\",\"@id\":\"https:\\\/\\\/techremontas.lt\\\/bmw-navigacija\\\/\",\"url\":\"https:\\\/\\\/techremontas.lt\\\/bmw-navigacija\\\/\",\"name\":\"BMW navigacija - taisykla Vilniuje, Kaune, Klaip\u0117doje, \u0160iauliuose\",\"isPartOf\":{\"@id\":\"https:\\\/\\\/techremontas.lt\\\/#website\"},\"datePublished\":\"2019-04-10T11:26:53+00:00\",\"dateModified\":\"2019-04-10T12:43:03+00:00\",\"description\":\"BMW navigacijos \u017eem\u0117lapiai Vilniuje ir Kaune geriausia kaina. 12 m\u0117n. garantija. Tel. nr. 8 (655) 00790 \\\/ 8 (684) 09811\",\"breadcrumb\":{\"@id\":\"https:\\\/\\\/techremontas.lt\\\/bmw-navigacija\\\/#breadcrumb\"},\"inLanguage\":\"de\",\"potentialAction\":[{\"@type\":\"ReadAction\",\"target\":[\"https:\\\/\\\/techremontas.lt\\\/bmw-navigacija\\\/\"]}]},{\"@type\":\"BreadcrumbList\",\"@id\":\"https:\\\/\\\/techremontas.lt\\\/bmw-navigacija\\\/#breadcrumb\",\"itemListElement\":[{\"@type\":\"ListItem\",\"position\":1,\"name\":\"Pagrindinis\",\"item\":\"https:\\\/\\\/techremontas.lt\\\/\"},{\"@type\":\"ListItem\",\"position\":2,\"name\":\"BMW navigacija\"}]},{\"@type\":\"WebSite\",\"@id\":\"https:\\\/\\\/techremontas.lt\\\/#website\",\"url\":\"https:\\\/\\\/techremontas.lt\\\/\",\"name\":\"taisykla Vilniuje, Kaune, Klaip\u0117doje, \u0160iauliuose\",\"description\":\"Modernios el. technikos servisas\",\"potentialAction\":[{\"@type\":\"SearchAction\",\"target\":{\"@type\":\"EntryPoint\",\"urlTemplate\":\"https:\\\/\\\/techremontas.lt\\\/?s={search_term_string}\"},\"query-input\":{\"@type\":\"PropertyValueSpecification\",\"valueRequired\":true,\"valueName\":\"search_term_string\"}}],\"inLanguage\":\"de\"}]}<\/script>\n<!-- \/ Yoast SEO plugin. -->","yoast_head_json":{"title":"BMW navigacija - taisykla Vilniuje, Kaune, Klaip\u0117doje, \u0160iauliuose","description":"BMW Navigationskarten in Vilnius und Kaunas zum besten Preis. 12 Monate Garantie. Tel.. 8 (655) 00790 \/ 8 (684) 09811","robots":{"index":"index","follow":"follow","max-snippet":"max-snippet:-1","max-image-preview":"max-image-preview:large","max-video-preview":"max-video-preview:-1"},"canonical":"https:\/\/techremontas.lt\/de\/bmw-navigacija\/","og_locale":"de_DE","og_type":"article","og_title":"BMW navigacija - taisykla Vilniuje, Kaune, Klaip\u0117doje, \u0160iauliuose","og_description":"BMW navigacijos \u017eem\u0117lapiai Vilniuje ir Kaune geriausia kaina. 12 m\u0117n. garantija. Tel. nr. 8 (655) 00790 \/ 8 (684) 09811","og_url":"https:\/\/techremontas.lt\/de\/bmw-navigacija\/","og_site_name":"taisykla Vilniuje, Kaune, Klaip\u0117doje, \u0160iauliuose","article_modified_time":"2019-04-10T12:43:03+00:00","twitter_card":"summary_large_image","twitter_misc":{"Gesch\u00e4tzte Lesezeit":"3\u00a0Minuten"},"schema":{"@context":"https:\/\/schema.org","@graph":[{"@type":"WebPage","@id":"https:\/\/techremontas.lt\/bmw-navigacija\/","url":"https:\/\/techremontas.lt\/bmw-navigacija\/","name":"BMW navigacija - taisykla Vilniuje, Kaune, Klaip\u0117doje, \u0160iauliuose","isPartOf":{"@id":"https:\/\/techremontas.lt\/#website"},"datePublished":"2019-04-10T11:26:53+00:00","dateModified":"2019-04-10T12:43:03+00:00","description":"BMW Navigationskarten in Vilnius und Kaunas zum besten Preis. 12 Monate Garantie. Tel.. 8 (655) 00790 \/ 8 (684) 09811","breadcrumb":{"@id":"https:\/\/techremontas.lt\/bmw-navigacija\/#breadcrumb"},"inLanguage":"de","potentialAction":[{"@type":"ReadAction","target":["https:\/\/techremontas.lt\/bmw-navigacija\/"]}]},{"@type":"BreadcrumbList","@id":"https:\/\/techremontas.lt\/bmw-navigacija\/#breadcrumb","itemListElement":[{"@type":"ListItem","position":1,"name":"Pagrindinis","item":"https:\/\/techremontas.lt\/"},{"@type":"ListItem","position":2,"name":"BMW navigacija"}]},{"@type":"WebSite","@id":"https:\/\/techremontas.lt\/#website","url":"https:\/\/techremontas.lt\/","name":"taisykla Vilniuje, Kaune, Klaip\u0117doje, \u0160iauliuose","description":"Service f\u00fcr moderne Elektroger\u00e4te","potentialAction":[{"@type":"SearchAction","target":{"@type":"EntryPoint","urlTemplate":"https:\/\/techremontas.lt\/?s={search_term_string}"},"query-input":{"@type":"PropertyValueSpecification","valueRequired":true,"valueName":"search_term_string"}}],"inLanguage":"de"}]}},"uagb_featured_image_src":{"full":false,"thumbnail":false,"medium":false,"medium_large":false,"large":false,"1536x1536":false,"2048x2048":false,"trp-custom-language-flag":false,"post-thumbnail":false,"vantage-thumbnail-no-sidebar":false,"vantage-slide":false,"vantage-carousel":false,"vantage-grid-loop":false},"uagb_author_info":{"display_name":"valdymas","author_link":"https:\/\/techremontas.lt\/de\/author\/valdymas\/"},"uagb_comment_info":0,"uagb_excerpt":"BMW navigacijos \u017eem\u0117lapiai (CIC Premium \/ CIC-MID Business Motion \/ Champ2 Business Move \/ NBT Next HU-H) Lietuva (detalus), Vokietija, Austrija, Andora, Belgija, \u0160veicarija, \u010cekija, Danija, Ispanija, Pranc\u016bzija, Suomija, Lichten\u0161teinas, Jungtin\u0117 Karalyst\u0117, Graikija, Airija, Italija, Liuksemburgas, Monakas, Norvegija, Nyderlandai, Portugalija, San Marinas, \u0160vedija, Vatikanas, Rusija, Lenkija, Vengrija, Kroatija, Slov\u0117nija, Baltarusija, Estija, Latvija. BMW 1 E81,&hellip;","_links":{"self":[{"href":"https:\/\/techremontas.lt\/de\/wp-json\/wp\/v2\/pages\/267","targetHints":{"allow":["GET"]}}],"collection":[{"href":"https:\/\/techremontas.lt\/de\/wp-json\/wp\/v2\/pages"}],"about":[{"href":"https:\/\/techremontas.lt\/de\/wp-json\/wp\/v2\/types\/page"}],"author":[{"embeddable":true,"href":"https:\/\/techremontas.lt\/de\/wp-json\/wp\/v2\/users\/1"}],"replies":[{"embeddable":true,"href":"https:\/\/techremontas.lt\/de\/wp-json\/wp\/v2\/comments?post=267"}],"version-history":[{"count":8,"href":"https:\/\/techremontas.lt\/de\/wp-json\/wp\/v2\/pages\/267\/revisions"}],"predecessor-version":[{"id":280,"href":"https:\/\/techremontas.lt\/de\/wp-json\/wp\/v2\/pages\/267\/revisions\/280"}],"wp:attachment":[{"href":"https:\/\/techremontas.lt\/de\/wp-json\/wp\/v2\/media?parent=267"}],"curies":[{"name":"wp","href":"https:\/\/api.w.org\/{rel}","templated":true}]}}