{"id":344,"date":"2019-04-11T10:13:34","date_gmt":"2019-04-11T12:13:34","guid":{"rendered":"https:\/\/techremontas.lt\/?page_id=344"},"modified":"2019-04-11T10:16:49","modified_gmt":"2019-04-11T12:16:49","slug":"jaguar-navigacija","status":"publish","type":"page","link":"https:\/\/techremontas.lt\/de\/jaguar-navigacija\/","title":{"rendered":"Jaguar Navigation"},"content":{"rendered":"<h2 class=\"wp-block-heading\"><strong>JAGUAR Navigationskarten (XF XK Denso 2.64)<\/strong><\/h2>\n\n\n<p>CD 1 - \u00d6sterreich, Belgien, Tschechische Republik, D\u00e4nemark, Finnland, Deutschland, Italien, Liechtenstein, Luxemburg, Norwegen, Niederlande, San Marino, Schweden, Schweiz, Vatikanstadt. <br \/>CD 2 - Andorra, Irland, Gro\u00dfbritannien, Spanien, Monaco, Portugal, Frankreich <br \/>CD 3 - Andorra, Belgien, D\u00e4nemark, Frankreich, Deutschland, Liechtenstein, Luxemburg, Monaco, Niederlande, Schweiz. <br \/>CD 4 - Albanien, \u00d6sterreich, Belarus, Bosnien und Herzegowina, Bulgarien, Tschechische Republik, Estland, Griechenland, Montenegro, Kroatien, Lettland, <strong>Litauen (ausf\u00fchrlich)<\/strong>Polen, Mazedonien, Moldawien, Rum\u00e4nien, Serbien, Slowakei, Slowenien, T\u00fcrkei, Ukraine, Ungarn, Deutschland. <br \/>CD 5 - Europ\u00e4ischer Teil Russlands. <br \/><br \/><em>Jaguar XF<br \/>Jaguar XK ab 2007 <\/em><br \/><br \/>Garantie 12 Monate. | Vilnius und Kaunas | Bester Preis<\/p>\n<hr \/>\n\n\n<h2 class=\"wp-block-heading\"><strong>JAGUAR Navigationskarten (XJ S-Type X-Type T1000 Denso XCL)<\/strong><\/h2>\n\n\n<p>CD 1 - Westeuropa. <br \/>CD 2 - Irland, Andorra, \u00d6sterreich, Belarus, Belgien, Bosnien und Herzegowina, Bulgarien, Tschechische Republik, D\u00e4nemark, Gro\u00dfbritannien, Estland, Gibraltar, Griechenland, Spanien, Italien, Montenegro, Kanarische Inseln, Kroatien, Tschechische Republik, D\u00e4nemark, Estland, Gibraltar, Lettland, Liechtenstein, Polen, <strong>Litauen (ausf\u00fchrlich)<\/strong>Luxemburg, Mazedonien, Moldawien, Monaco, Norwegen, Niederlande, Portugal, Frankreich, Rum\u00e4nien, San Marino, Serbien, Slowakei, Slowenien, Finnland, Schweden, Schweiz, Ukraine, Vatikanstadt, Vatikanstadt, Deutschland. <br \/><br \/><em>Jaguar X-Type von 2002<br \/>Jaguar S-Type von 2003<br \/>Jaguar XJ 2004 - 2009<\/em> <br \/><br \/>Garantie 12 Monate. | Vilnius und Kaunas | Bester Preis<\/p>\n<hr \/>\n\n\n<h2 class=\"wp-block-heading\"><strong>JAGUAR Navigationskarten (HDD GEN2.1 USB)<\/strong><\/h2>\n\n\n\n<p>Deutschland, \u00d6sterreich, Andorra, Belgien, Schweiz, Tschechische Republik, D\u00e4nemark, Spanien, Frankreich, Finnland, Liechtenstein, Vereinigtes K\u00f6nigreich, Griechenland, Irland, Italien, Luxemburg, Monaco, Norwegen, Niederlande, Portugal, San Marino, Schweden, Vatikanstadt, Russland, Polen, Ungarn, Kroatien, Slowenien, Wei\u00dfrussland, Estland, Vatikanstadt, Polen, Ungarn, Estland, <strong>Litauen (ausf\u00fchrlich)<\/strong>Lettland. <br><br><em>Jaguar XJ von 2009<br>Jaguar XF ab 2012<\/em> <br><br>Garantie 12 Monate. | Vilnius und Kaunas | Bester Preis<\/p><hr\/>","protected":false},"excerpt":{"rendered":"<p>JAGUAR navigacijos \u017eem\u0117lapiai (XF XK Denso 2.64) CD 1 &#8211; Austrija, Belgija, \u010cekija, Danija, Italija, Lichten\u0161teinas, Liuksemburgas, Norvegija, Olandija, San Marinas, Suomija, \u0160vedija, \u0160veicarija, Vatikanas, Vokietija. CD 2 &#8211; Andora, Airija, D.Britanija, Ispanija, Monakas, Portugalija, Pranc\u016bzija CD 3 &#8211; Andora, Belgija, Danija, Pranc\u016bzija, Vokietija, Lichten\u0161teinas, Liuksemburgas, Monakas, Nyderlandai, \u0160veicarija. CD 4 &#8211; Albanija, Austrija, Baltarusija, [&hellip;]<\/p>\n","protected":false},"author":1,"featured_media":0,"parent":0,"menu_order":0,"comment_status":"closed","ping_status":"closed","template":"","meta":{"_uag_custom_page_level_css":"","footnotes":""},"class_list":["post-344","page","type-page","status-publish","hentry","post"],"yoast_head":"<!-- This site is optimized with the Yoast SEO plugin v27.4 - https:\/\/yoast.com\/product\/yoast-seo-wordpress\/ -->\n<title>Jaguar navigacija - taisykla Vilniuje, Kaune, Klaip\u0117doje, \u0160iauliuose<\/title>\n<meta name=\"robots\" content=\"index, follow, max-snippet:-1, max-image-preview:large, max-video-preview:-1\" \/>\n<link rel=\"canonical\" href=\"https:\/\/techremontas.lt\/de\/jaguar-navigacija\/\" \/>\n<meta property=\"og:locale\" content=\"de_DE\" \/>\n<meta property=\"og:type\" content=\"article\" \/>\n<meta property=\"og:title\" content=\"Jaguar navigacija - taisykla Vilniuje, Kaune, Klaip\u0117doje, \u0160iauliuose\" \/>\n<meta property=\"og:description\" content=\"JAGUAR navigacijos \u017eem\u0117lapiai (XF XK Denso 2.64) CD 1 &#8211; Austrija, Belgija, \u010cekija, Danija, Italija, Lichten\u0161teinas, Liuksemburgas, Norvegija, Olandija, San Marinas, Suomija, \u0160vedija, \u0160veicarija, Vatikanas, Vokietija. CD 2 &#8211; Andora, Airija, D.Britanija, Ispanija, Monakas, Portugalija, Pranc\u016bzija CD 3 &#8211; Andora, Belgija, Danija, Pranc\u016bzija, Vokietija, Lichten\u0161teinas, Liuksemburgas, Monakas, Nyderlandai, \u0160veicarija. CD 4 &#8211; Albanija, Austrija, Baltarusija, [&hellip;]\" \/>\n<meta property=\"og:url\" content=\"https:\/\/techremontas.lt\/de\/jaguar-navigacija\/\" \/>\n<meta property=\"og:site_name\" content=\"taisykla Vilniuje, Kaune, Klaip\u0117doje, \u0160iauliuose\" \/>\n<meta property=\"article:modified_time\" content=\"2019-04-11T12:16:49+00:00\" \/>\n<meta name=\"twitter:card\" content=\"summary_large_image\" \/>\n<meta name=\"twitter:label1\" content=\"Gesch\u00e4tzte Lesezeit\" \/>\n\t<meta name=\"twitter:data1\" content=\"1\u00a0Minute\" \/>\n<script type=\"application\/ld+json\" class=\"yoast-schema-graph\">{\"@context\":\"https:\\\/\\\/schema.org\",\"@graph\":[{\"@type\":\"WebPage\",\"@id\":\"https:\\\/\\\/techremontas.lt\\\/jaguar-navigacija\\\/\",\"url\":\"https:\\\/\\\/techremontas.lt\\\/jaguar-navigacija\\\/\",\"name\":\"Jaguar navigacija - taisykla Vilniuje, Kaune, Klaip\u0117doje, \u0160iauliuose\",\"isPartOf\":{\"@id\":\"https:\\\/\\\/techremontas.lt\\\/#website\"},\"datePublished\":\"2019-04-11T12:13:34+00:00\",\"dateModified\":\"2019-04-11T12:16:49+00:00\",\"breadcrumb\":{\"@id\":\"https:\\\/\\\/techremontas.lt\\\/jaguar-navigacija\\\/#breadcrumb\"},\"inLanguage\":\"de\",\"potentialAction\":[{\"@type\":\"ReadAction\",\"target\":[\"https:\\\/\\\/techremontas.lt\\\/jaguar-navigacija\\\/\"]}]},{\"@type\":\"BreadcrumbList\",\"@id\":\"https:\\\/\\\/techremontas.lt\\\/jaguar-navigacija\\\/#breadcrumb\",\"itemListElement\":[{\"@type\":\"ListItem\",\"position\":1,\"name\":\"Pagrindinis\",\"item\":\"https:\\\/\\\/techremontas.lt\\\/\"},{\"@type\":\"ListItem\",\"position\":2,\"name\":\"Jaguar navigacija\"}]},{\"@type\":\"WebSite\",\"@id\":\"https:\\\/\\\/techremontas.lt\\\/#website\",\"url\":\"https:\\\/\\\/techremontas.lt\\\/\",\"name\":\"taisykla Vilniuje, Kaune, Klaip\u0117doje, \u0160iauliuose\",\"description\":\"Modernios el. technikos servisas\",\"potentialAction\":[{\"@type\":\"SearchAction\",\"target\":{\"@type\":\"EntryPoint\",\"urlTemplate\":\"https:\\\/\\\/techremontas.lt\\\/?s={search_term_string}\"},\"query-input\":{\"@type\":\"PropertyValueSpecification\",\"valueRequired\":true,\"valueName\":\"search_term_string\"}}],\"inLanguage\":\"de\"}]}<\/script>\n<!-- \/ Yoast SEO plugin. -->","yoast_head_json":{"title":"Jaguar navigacija - taisykla Vilniuje, Kaune, Klaip\u0117doje, \u0160iauliuose","robots":{"index":"index","follow":"follow","max-snippet":"max-snippet:-1","max-image-preview":"max-image-preview:large","max-video-preview":"max-video-preview:-1"},"canonical":"https:\/\/techremontas.lt\/de\/jaguar-navigacija\/","og_locale":"de_DE","og_type":"article","og_title":"Jaguar navigacija - taisykla Vilniuje, Kaune, Klaip\u0117doje, \u0160iauliuose","og_description":"JAGUAR navigacijos \u017eem\u0117lapiai (XF XK Denso 2.64) CD 1 &#8211; Austrija, Belgija, \u010cekija, Danija, Italija, Lichten\u0161teinas, Liuksemburgas, Norvegija, Olandija, San Marinas, Suomija, \u0160vedija, \u0160veicarija, Vatikanas, Vokietija. CD 2 &#8211; Andora, Airija, D.Britanija, Ispanija, Monakas, Portugalija, Pranc\u016bzija CD 3 &#8211; Andora, Belgija, Danija, Pranc\u016bzija, Vokietija, Lichten\u0161teinas, Liuksemburgas, Monakas, Nyderlandai, \u0160veicarija. CD 4 &#8211; Albanija, Austrija, Baltarusija, [&hellip;]","og_url":"https:\/\/techremontas.lt\/de\/jaguar-navigacija\/","og_site_name":"taisykla Vilniuje, Kaune, Klaip\u0117doje, \u0160iauliuose","article_modified_time":"2019-04-11T12:16:49+00:00","twitter_card":"summary_large_image","twitter_misc":{"Gesch\u00e4tzte Lesezeit":"1\u00a0Minute"},"schema":{"@context":"https:\/\/schema.org","@graph":[{"@type":"WebPage","@id":"https:\/\/techremontas.lt\/jaguar-navigacija\/","url":"https:\/\/techremontas.lt\/jaguar-navigacija\/","name":"Jaguar navigacija - taisykla Vilniuje, Kaune, Klaip\u0117doje, \u0160iauliuose","isPartOf":{"@id":"https:\/\/techremontas.lt\/#website"},"datePublished":"2019-04-11T12:13:34+00:00","dateModified":"2019-04-11T12:16:49+00:00","breadcrumb":{"@id":"https:\/\/techremontas.lt\/jaguar-navigacija\/#breadcrumb"},"inLanguage":"de","potentialAction":[{"@type":"ReadAction","target":["https:\/\/techremontas.lt\/jaguar-navigacija\/"]}]},{"@type":"BreadcrumbList","@id":"https:\/\/techremontas.lt\/jaguar-navigacija\/#breadcrumb","itemListElement":[{"@type":"ListItem","position":1,"name":"Pagrindinis","item":"https:\/\/techremontas.lt\/"},{"@type":"ListItem","position":2,"name":"Jaguar navigacija"}]},{"@type":"WebSite","@id":"https:\/\/techremontas.lt\/#website","url":"https:\/\/techremontas.lt\/","name":"taisykla Vilniuje, Kaune, Klaip\u0117doje, \u0160iauliuose","description":"Service f\u00fcr moderne Elektroger\u00e4te","potentialAction":[{"@type":"SearchAction","target":{"@type":"EntryPoint","urlTemplate":"https:\/\/techremontas.lt\/?s={search_term_string}"},"query-input":{"@type":"PropertyValueSpecification","valueRequired":true,"valueName":"search_term_string"}}],"inLanguage":"de"}]}},"uagb_featured_image_src":{"full":false,"thumbnail":false,"medium":false,"medium_large":false,"large":false,"1536x1536":false,"2048x2048":false,"trp-custom-language-flag":false,"post-thumbnail":false,"vantage-thumbnail-no-sidebar":false,"vantage-slide":false,"vantage-carousel":false,"vantage-grid-loop":false},"uagb_author_info":{"display_name":"valdymas","author_link":"https:\/\/techremontas.lt\/de\/author\/valdymas\/"},"uagb_comment_info":0,"uagb_excerpt":"JAGUAR navigacijos \u017eem\u0117lapiai (XF XK Denso 2.64) CD 1 &#8211; Austrija, Belgija, \u010cekija, Danija, Italija, Lichten\u0161teinas, Liuksemburgas, Norvegija, Olandija, San Marinas, Suomija, \u0160vedija, \u0160veicarija, Vatikanas, Vokietija. CD 2 &#8211; Andora, Airija, D.Britanija, Ispanija, Monakas, Portugalija, Pranc\u016bzija CD 3 &#8211; Andora, Belgija, Danija, Pranc\u016bzija, Vokietija, Lichten\u0161teinas, Liuksemburgas, Monakas, Nyderlandai, \u0160veicarija. CD 4 &#8211; Albanija, Austrija, Baltarusija,&hellip;","_links":{"self":[{"href":"https:\/\/techremontas.lt\/de\/wp-json\/wp\/v2\/pages\/344","targetHints":{"allow":["GET"]}}],"collection":[{"href":"https:\/\/techremontas.lt\/de\/wp-json\/wp\/v2\/pages"}],"about":[{"href":"https:\/\/techremontas.lt\/de\/wp-json\/wp\/v2\/types\/page"}],"author":[{"embeddable":true,"href":"https:\/\/techremontas.lt\/de\/wp-json\/wp\/v2\/users\/1"}],"replies":[{"embeddable":true,"href":"https:\/\/techremontas.lt\/de\/wp-json\/wp\/v2\/comments?post=344"}],"version-history":[{"count":3,"href":"https:\/\/techremontas.lt\/de\/wp-json\/wp\/v2\/pages\/344\/revisions"}],"predecessor-version":[{"id":347,"href":"https:\/\/techremontas.lt\/de\/wp-json\/wp\/v2\/pages\/344\/revisions\/347"}],"wp:attachment":[{"href":"https:\/\/techremontas.lt\/de\/wp-json\/wp\/v2\/media?parent=344"}],"curies":[{"name":"wp","href":"https:\/\/api.w.org\/{rel}","templated":true}]}}