{"id":349,"date":"2019-04-11T10:18:57","date_gmt":"2019-04-11T12:18:57","guid":{"rendered":"https:\/\/techremontas.lt\/?page_id=349"},"modified":"2019-04-11T10:22:42","modified_gmt":"2019-04-11T12:22:42","slug":"kia-navigacija","status":"publish","type":"page","link":"https:\/\/techremontas.lt\/de\/kia-navigacija\/","title":{"rendered":"Kia-Navigation"},"content":{"rendered":"<h2 class=\"wp-block-heading\"><strong>KIA Navigationskarten (AVN USB)<\/strong><\/h2>\n\n\n<p>Irland, Andorra, \u00d6sterreich, Belgien, Tschechische Republik, D\u00e4nemark, Gro\u00dfbritannien, Estland, Gibraltar, Griechenland, Spanien, Italien, Kroatien, Liechtenstein, Lettland, Polen, <strong>Litauen (ausf\u00fchrlich)<\/strong>Luxemburg, Monaco, Norwegen, Niederlande, Portugal, Frankreich, Russland, San Marino, Slowakei, Slowenien, Finnland, Schweden, Schweiz, Vatikanstadt, Ungarn, Deutschland. <br \/><em><br \/>Kia ceed ab 2009<br \/>Kia Rio<br \/>Kia Sorento ab 2010<br \/>Kia Sportage ab 2010<br \/>Kia Venga ab 2009 <\/em><br \/><br \/>Garantie 12 Monate. | Vilnius und Kaunas | Bester Preis<\/p>\n<hr \/>\n\n\n<h2 class=\"wp-block-heading\"><strong>KIA-Navigationskarten (\"Turn by Turn\")<\/strong><\/h2>\n\n\n<p>CD 1 - Belgien, Niederlande, Luxemburg<br \/>CD 2 - \u00d6sterreich, Liechtenstein, Schweiz, Deutschland, sh. Italien<br \/>CD 3 - Osteuropa 1 - Estland, Lettland, <strong> Litauen (ausf\u00fchrlich)<\/strong><br \/>CD 4 - Osteuropa 2 - Bulgarien, Kroatien, Tschechische Republik, Ungarn, Polen, Rum\u00e4nien, Slowakei, Slowenien<br \/>CD 5 - sh. Frankreich<br \/>CD 6 - S. Frankreich<br \/>CD 7 - Deutschland<br \/>CD 8 - Italien, San Marino, Vatikanstadt, Griechenland<br \/>CD 9 - D\u00e4nemark, Schweden, Finnland, Norwegen<br \/>CD 10 - Spanien<br \/>CD 11 - Portugal<br \/>CD 12 - England, Schottland, Irland<br \/>CD 13 - Karten der wichtigsten Stra\u00dfen in Europa. <br \/><br \/><em>F\u00fcr verschiedene KIA-Fahrzeuge bis 2010.<\/em> <br \/><br \/>Garantie 12 Monate. | Vilnius und Kaunas | Bester Preis<\/p>\n<hr \/>\n\n\n<h2 class=\"wp-block-heading\"><strong>KIA Navigationskarten (Sportage)<\/strong><\/h2>\n\n\n\n<p>Albanien, Andorra, \u00d6sterreich, Wei\u00dfrussland, Bosnien und Herzegowina, Bulgarien, Kroatien, Tschechische Republik, D\u00e4nemark, Estland, Finnland, Frankreich, Deutschland, Gibraltar, Griechenland, Ungarn, Island, Irland, Italien, Lettland, Liechtenstein, Frankreich, Deutschland, Gibraltar, Ungarn, Island, Irland, Italien, Lettland, Liechtenstein,  <strong> Litauen<\/strong>Luxemburg, Moldawien, Monaco, Niederlande (Niederlande), Norwegen, Polen, Portugal, Rum\u00e4nien, Russland, San Marino, Serbien, Slowakei, Slowenien, Spanien, Schweden, Schweiz, T\u00fcrkei, Ukraine, Vereinigtes K\u00f6nigreich, Vatikanstadt, UK. <br><br><em>KIA Sportage ab 2010<\/em> <br><br>Garantie 12 Monate. | Vilnius und Kaunas | Bester Preis<\/p><hr\/>","protected":false},"excerpt":{"rendered":"<p>KIA navigacijos \u017eem\u0117lapiai (AVN USB) Airija, Andora, Austrija, Belgija, \u010cekija, Danija, D. Britanija, Estija, Gibraltaras, Graikija, Ispanija, Italija, Kroatija, Lichten\u0161teinas, Latvija, Lenkija, Lietuva (detalus), Liuksemburgas, Monakas, Norvegija, Olandija, Portugalija, Pranc\u016bzija, Rusija, San Marinas, Slovakija, Slov\u0117nija, Suomija, \u0160vedija, \u0160veicarija, Vatikanas, Vengrija, Vokietija. Kia ceed nuo 2009Kia RioKia Sorento nuo 2010Kia Sportage nuo 2010Kia Venga nuo 2009 [&hellip;]<\/p>\n","protected":false},"author":1,"featured_media":0,"parent":0,"menu_order":0,"comment_status":"closed","ping_status":"closed","template":"","meta":{"_uag_custom_page_level_css":"","footnotes":""},"class_list":["post-349","page","type-page","status-publish","hentry","post"],"yoast_head":"<!-- This site is optimized with the Yoast SEO plugin v27.5 - https:\/\/yoast.com\/product\/yoast-seo-wordpress\/ -->\n<title>Kia navigacija - taisykla Vilniuje, Kaune, Klaip\u0117doje, \u0160iauliuose<\/title>\n<meta name=\"description\" content=\"KIA navigacijos \u017eem\u0117lapiai Vilniuje ir Kaune geriausia kaina. 12 m\u0117n. garantija. Tel. nr. 8 (655) 00790 \/ 8 (684) 09811\" \/>\n<meta name=\"robots\" content=\"index, follow, max-snippet:-1, max-image-preview:large, max-video-preview:-1\" \/>\n<link rel=\"canonical\" href=\"https:\/\/techremontas.lt\/de\/kia-navigacija\/\" \/>\n<meta property=\"og:locale\" content=\"de_DE\" \/>\n<meta property=\"og:type\" content=\"article\" \/>\n<meta property=\"og:title\" content=\"Kia navigacija - taisykla Vilniuje, Kaune, Klaip\u0117doje, \u0160iauliuose\" \/>\n<meta property=\"og:description\" content=\"KIA navigacijos \u017eem\u0117lapiai Vilniuje ir Kaune geriausia kaina. 12 m\u0117n. garantija. Tel. nr. 8 (655) 00790 \/ 8 (684) 09811\" \/>\n<meta property=\"og:url\" content=\"https:\/\/techremontas.lt\/de\/kia-navigacija\/\" \/>\n<meta property=\"og:site_name\" content=\"taisykla Vilniuje, Kaune, Klaip\u0117doje, \u0160iauliuose\" \/>\n<meta property=\"article:modified_time\" content=\"2019-04-11T12:22:42+00:00\" \/>\n<meta name=\"twitter:card\" content=\"summary_large_image\" \/>\n<meta name=\"twitter:label1\" content=\"Gesch\u00e4tzte Lesezeit\" \/>\n\t<meta name=\"twitter:data1\" content=\"1\u00a0Minute\" \/>\n<script type=\"application\/ld+json\" class=\"yoast-schema-graph\">{\"@context\":\"https:\\\/\\\/schema.org\",\"@graph\":[{\"@type\":\"WebPage\",\"@id\":\"https:\\\/\\\/techremontas.lt\\\/kia-navigacija\\\/\",\"url\":\"https:\\\/\\\/techremontas.lt\\\/kia-navigacija\\\/\",\"name\":\"Kia navigacija - taisykla Vilniuje, Kaune, Klaip\u0117doje, \u0160iauliuose\",\"isPartOf\":{\"@id\":\"https:\\\/\\\/techremontas.lt\\\/#website\"},\"datePublished\":\"2019-04-11T12:18:57+00:00\",\"dateModified\":\"2019-04-11T12:22:42+00:00\",\"description\":\"KIA navigacijos \u017eem\u0117lapiai Vilniuje ir Kaune geriausia kaina. 12 m\u0117n. garantija. Tel. nr. 8 (655) 00790 \\\/ 8 (684) 09811\",\"breadcrumb\":{\"@id\":\"https:\\\/\\\/techremontas.lt\\\/kia-navigacija\\\/#breadcrumb\"},\"inLanguage\":\"de\",\"potentialAction\":[{\"@type\":\"ReadAction\",\"target\":[\"https:\\\/\\\/techremontas.lt\\\/kia-navigacija\\\/\"]}]},{\"@type\":\"BreadcrumbList\",\"@id\":\"https:\\\/\\\/techremontas.lt\\\/kia-navigacija\\\/#breadcrumb\",\"itemListElement\":[{\"@type\":\"ListItem\",\"position\":1,\"name\":\"Pagrindinis\",\"item\":\"https:\\\/\\\/techremontas.lt\\\/\"},{\"@type\":\"ListItem\",\"position\":2,\"name\":\"Kia navigacija\"}]},{\"@type\":\"WebSite\",\"@id\":\"https:\\\/\\\/techremontas.lt\\\/#website\",\"url\":\"https:\\\/\\\/techremontas.lt\\\/\",\"name\":\"taisykla Vilniuje, Kaune, Klaip\u0117doje, \u0160iauliuose\",\"description\":\"Modernios el. technikos servisas\",\"potentialAction\":[{\"@type\":\"SearchAction\",\"target\":{\"@type\":\"EntryPoint\",\"urlTemplate\":\"https:\\\/\\\/techremontas.lt\\\/?s={search_term_string}\"},\"query-input\":{\"@type\":\"PropertyValueSpecification\",\"valueRequired\":true,\"valueName\":\"search_term_string\"}}],\"inLanguage\":\"de\"}]}<\/script>\n<!-- \/ Yoast SEO plugin. -->","yoast_head_json":{"title":"Kia navigacija - taisykla Vilniuje, Kaune, Klaip\u0117doje, \u0160iauliuose","description":"KIA Navigationskarten in Vilnius und Kaunas zum besten Preis. 12 Monate Garantie. Tel.. 8 (655) 00790 \/ 8 (684) 09811","robots":{"index":"index","follow":"follow","max-snippet":"max-snippet:-1","max-image-preview":"max-image-preview:large","max-video-preview":"max-video-preview:-1"},"canonical":"https:\/\/techremontas.lt\/de\/kia-navigacija\/","og_locale":"de_DE","og_type":"article","og_title":"Kia navigacija - taisykla Vilniuje, Kaune, Klaip\u0117doje, \u0160iauliuose","og_description":"KIA navigacijos \u017eem\u0117lapiai Vilniuje ir Kaune geriausia kaina. 12 m\u0117n. garantija. Tel. nr. 8 (655) 00790 \/ 8 (684) 09811","og_url":"https:\/\/techremontas.lt\/de\/kia-navigacija\/","og_site_name":"taisykla Vilniuje, Kaune, Klaip\u0117doje, \u0160iauliuose","article_modified_time":"2019-04-11T12:22:42+00:00","twitter_card":"summary_large_image","twitter_misc":{"Gesch\u00e4tzte Lesezeit":"1\u00a0Minute"},"schema":{"@context":"https:\/\/schema.org","@graph":[{"@type":"WebPage","@id":"https:\/\/techremontas.lt\/kia-navigacija\/","url":"https:\/\/techremontas.lt\/kia-navigacija\/","name":"Kia navigacija - taisykla Vilniuje, Kaune, Klaip\u0117doje, \u0160iauliuose","isPartOf":{"@id":"https:\/\/techremontas.lt\/#website"},"datePublished":"2019-04-11T12:18:57+00:00","dateModified":"2019-04-11T12:22:42+00:00","description":"KIA Navigationskarten in Vilnius und Kaunas zum besten Preis. 12 Monate Garantie. Tel.. 8 (655) 00790 \/ 8 (684) 09811","breadcrumb":{"@id":"https:\/\/techremontas.lt\/kia-navigacija\/#breadcrumb"},"inLanguage":"de","potentialAction":[{"@type":"ReadAction","target":["https:\/\/techremontas.lt\/kia-navigacija\/"]}]},{"@type":"BreadcrumbList","@id":"https:\/\/techremontas.lt\/kia-navigacija\/#breadcrumb","itemListElement":[{"@type":"ListItem","position":1,"name":"Pagrindinis","item":"https:\/\/techremontas.lt\/"},{"@type":"ListItem","position":2,"name":"Kia navigacija"}]},{"@type":"WebSite","@id":"https:\/\/techremontas.lt\/#website","url":"https:\/\/techremontas.lt\/","name":"taisykla Vilniuje, Kaune, Klaip\u0117doje, \u0160iauliuose","description":"Service f\u00fcr moderne Elektroger\u00e4te","potentialAction":[{"@type":"SearchAction","target":{"@type":"EntryPoint","urlTemplate":"https:\/\/techremontas.lt\/?s={search_term_string}"},"query-input":{"@type":"PropertyValueSpecification","valueRequired":true,"valueName":"search_term_string"}}],"inLanguage":"de"}]}},"uagb_featured_image_src":{"full":false,"thumbnail":false,"medium":false,"medium_large":false,"large":false,"1536x1536":false,"2048x2048":false,"trp-custom-language-flag":false,"post-thumbnail":false,"vantage-thumbnail-no-sidebar":false,"vantage-slide":false,"vantage-carousel":false,"vantage-grid-loop":false},"uagb_author_info":{"display_name":"valdymas","author_link":"https:\/\/techremontas.lt\/de\/author\/valdymas\/"},"uagb_comment_info":0,"uagb_excerpt":"KIA navigacijos \u017eem\u0117lapiai (AVN USB) Airija, Andora, Austrija, Belgija, \u010cekija, Danija, D. Britanija, Estija, Gibraltaras, Graikija, Ispanija, Italija, Kroatija, Lichten\u0161teinas, Latvija, Lenkija, Lietuva (detalus), Liuksemburgas, Monakas, Norvegija, Olandija, Portugalija, Pranc\u016bzija, Rusija, San Marinas, Slovakija, Slov\u0117nija, Suomija, \u0160vedija, \u0160veicarija, Vatikanas, Vengrija, Vokietija. Kia ceed nuo 2009Kia RioKia Sorento nuo 2010Kia Sportage nuo 2010Kia Venga nuo 2009&hellip;","_links":{"self":[{"href":"https:\/\/techremontas.lt\/de\/wp-json\/wp\/v2\/pages\/349","targetHints":{"allow":["GET"]}}],"collection":[{"href":"https:\/\/techremontas.lt\/de\/wp-json\/wp\/v2\/pages"}],"about":[{"href":"https:\/\/techremontas.lt\/de\/wp-json\/wp\/v2\/types\/page"}],"author":[{"embeddable":true,"href":"https:\/\/techremontas.lt\/de\/wp-json\/wp\/v2\/users\/1"}],"replies":[{"embeddable":true,"href":"https:\/\/techremontas.lt\/de\/wp-json\/wp\/v2\/comments?post=349"}],"version-history":[{"count":3,"href":"https:\/\/techremontas.lt\/de\/wp-json\/wp\/v2\/pages\/349\/revisions"}],"predecessor-version":[{"id":352,"href":"https:\/\/techremontas.lt\/de\/wp-json\/wp\/v2\/pages\/349\/revisions\/352"}],"wp:attachment":[{"href":"https:\/\/techremontas.lt\/de\/wp-json\/wp\/v2\/media?parent=349"}],"curies":[{"name":"wp","href":"https:\/\/api.w.org\/{rel}","templated":true}]}}