{"id":376,"date":"2019-04-11T12:19:43","date_gmt":"2019-04-11T14:19:43","guid":{"rendered":"https:\/\/techremontas.lt\/?page_id=376"},"modified":"2019-04-12T09:39:48","modified_gmt":"2019-04-12T11:39:48","slug":"mercedes-benz-navigacija","status":"publish","type":"page","link":"https:\/\/techremontas.lt\/de\/mercedes-benz-navigacija\/","title":{"rendered":"Mercedes Benz Navigation"},"content":{"rendered":"<h2 class=\"wp-block-heading\"><strong>MERCEDES BENZ Navigationskarten (NTG1)<\/strong><\/h2>\n\n\n<p>Irland, Andorra, \u00d6sterreich, Belgien, Bulgarien, Tschechische Republik, D\u00e4nemark, Gro\u00dfbritannien, Estland, Gibraltar, Griechenland, Spanien, Italien, Kroatien, Lettland, Liechtenstein, Polen, <strong> Litauen (ausf\u00fchrlich)<\/strong>Luxemburg, Monaco, Norwegen, Niederlande, Portugal, Frankreich, Rum\u00e4nien, San Marino, Slowakei, Slowenien, Finnland, Schweden, Schweiz, Vatikanstadt, Ungarn, Deutschland. <\/p>\n<p><em>CL-Klasse C215 2003-2006 <br>S-Klassen W220 2003-2005<br>SL-Klasse R230 2004-2008<\/em><\/p>\n<p>Garantie 12 Monate. | Vilnius und Kaunas | Bester Preis<\/p>\n<hr>\n\n\n<h2 class=\"wp-block-heading\"><strong>MERCEDES BENZ Navigationskarten (NTG1)<\/strong><\/h2>\n\n\n<p>Irland, Andorra, \u00d6sterreich, Belgien, Bulgarien, Tschechische Republik, D\u00e4nemark, Gro\u00dfbritannien, Estland, Gibraltar, Griechenland, Spanien, Italien, Kroatien, Lettland, Liechtenstein, Polen, <strong> Litauen (ausf\u00fchrlich)<\/strong>Luxemburg, Monaco, Norwegen, Niederlande, Portugal, Frankreich, Rum\u00e4nien, San Marino, Slowakei, Slowenien, Finnland, Schweden, Schweiz, Vatikanstadt, Ungarn, Deutschland. <\/p>\n<p><em>Mercedes Benz CLS-Klasse C219 2004 - 2008<\/em><br><em>Mercedes Benz SLK-Klasse R171 2004 - 2008<br>Mercedes Benz E-Klasse W211 2002 - 2008<br>Mercedes Benz E-Klasse S211 2003 - 2008<\/em> <\/p>\n<p>Garantie 12 Monate. | Vilnius und Kaunas | Bester Preis<\/p>\n<hr>\n\n\n<h2 class=\"wp-block-heading\"><strong>MERCEDES BENZ Navigationskarten (NTG2)<\/strong><\/h2>\n\n\n<p>Irland, Andorra, \u00d6sterreich, Belgien, Bulgarien, Tschechische Republik, D\u00e4nemark, Gro\u00dfbritannien, Estland, Gibraltar, Griechenland, Spanien, Italien, Kroatien, Lettland, Liechtenstein, Polen, <strong> Litauen (ausf\u00fchrlich)<\/strong>Luxemburg, Monaco, Norwegen, Niederlande, Portugal, Frankreich, Rum\u00e4nien, San Marino, Slowakei, Slowenien, Finnland, Schweden, Schweiz, Vatikanstadt, Ungarn, Deutschland.<\/p>\n<p><em>Mercedes Benz A-Klasse W\/C169 2004 - 2008 <br>Mercedes Benz<\/em> <em>B-Klasse W 245 2005 - 2008<br>Mercedes Benz<\/em> <em>C-Klasse W203 2004 - 2007<br>Mercedes Benz CL203 2004 - 2007<br>Mercedes Benz S203 2004 - 2007<br>Mercedes Benz CLK-Klasse C209 von 2002<\/em><br><em>Mercedes Benz CLK-Klasse A209 von 2003<br>Mercedes Benz G-Klasse G463<br>Mercedes Benz GL-Klasse X164 von 2006<br>Mercedes Benz M-Klasse W164 2005 - 2008<br>Mercedes Benz R-Klasse V251 2006 - 2008,<\/em><br><em>Mercedes Benz Smart f\u00fcr 4 Sprinter ab 2004<br>Mercedes Benz Vito, Viano ab 2006<\/em> <\/p>\n<p>Garantie 12 Monate. | Vilnius und Kaunas | Bester Preis<\/p>\n<hr>\n\n\n<h2 class=\"wp-block-heading\"><strong>MERCEDES BENZ Navigationskarten (NTG2.5) <\/strong><\/h2>\n\n\n<p>Irland, Andorra, \u00d6sterreich, Belgien, Bulgarien, Tschechische Republik, D\u00e4nemark, Gro\u00dfbritannien, Estland, Gibraltar, Griechenland, Spanien, Italien, Kroatien, Lettland, Liechtenstein, Polen, <strong> Litauen (ausf\u00fchrlich)<\/strong>Luxemburg, Monaco, Norwegen, Niederlande, Portugal, Frankreich, Rum\u00e4nien, San Marino, Slowakei, Slowenien, Finnland, Schweden, Schweiz, Vatikanstadt, Ungarn, Deutschland. <\/p>\n<p><em>Mercedes Benz A, B Klasse ab 2008<br>Mercedes Benz CLC Klasse ab 2008<br>Mercedes Benz CLS Klasse ab 2008<br>Mercedes Benz E Klasse 2008 - 2009<br>Mercedes Benz G, GL, M.R. SL, SLK Klasse ab 2008<br>Mercedes Benz Sprinter ab 2011<\/em> <\/p>\n<p>Garantie 12 Monate. | Vilnius und Kaunas | Bester Preis<\/p>\n<hr>\n\n\n<h2 class=\"wp-block-heading\"><strong>MERCEDES BENZ Navigationskarten (NTG3) <\/strong><\/h2>\n\n\n<p>Irland, Andorra, \u00d6sterreich, Belgien, Bulgarien, Tschechische Republik, D\u00e4nemark, Gro\u00dfbritannien, Estland, Gibraltar, Griechenland, Spanien, Italien, Kroatien, Lettland, Liechtenstein, Polen, <strong> Litauen (ausf\u00fchrlich)<\/strong>Luxemburg, Monaco, Norwegen, Niederlande, Portugal, Frankreich, Rum\u00e4nien, San Marino, Slowakei, Slowenien, Finnland, Schweden, Schweiz, Vatikanstadt, Ungarn, Deutschland. <\/p>\n<p><em>Mercedes Benz CL-Klasse W216 2006 - 2009<br>Mercedes Benz S-Klasse W221 2005 - 2009<\/em> <\/p>\n<p>Garantie 12 Monate. | Vilnius und Kaunas | Bester Preis<\/p>\n<hr>\n\n\n<h2 class=\"wp-block-heading\"><strong>MERCEDES BENZ Navigationskarten (COMAND NTG4)<\/strong> <\/h2>\n\n\n<p>Irland, Andorra, \u00d6sterreich, Belgien, Bulgarien, Tschechische Republik, D\u00e4nemark, Gro\u00dfbritannien, Estland, Gibraltar, Griechenland, Spanien, Italien, Kroatien, Lettland, Liechtenstein, Polen, <strong> Litauen (ausf\u00fchrlich)<\/strong>Luxemburg, Monaco, Norwegen, Niederlande, Portugal, Frankreich, Rum\u00e4nien, San Marino, Slowakei, Slowenien, Finnland, Schweden, Schweiz, Vatikanstadt, Ungarn, Deutschland. <\/p>\n<p><em>Mercedes Benz C-Klasse S204<br>Mercedes Benz W204 2007 - 2011<br>Mercedes Benz GLK-Klasse X204 2008 - 2012<br>Mercedes Benz SLS AMG C-197 von 2010<\/em> <\/p>\n<p>Garantie 12 Monate. | Vilnius und Kaunas | Bester Preis<\/p>\n<hr>\n\n\n<h2 class=\"wp-block-heading\"><strong>MERCEDES BENZ Navigationskarten (COMAND NTG4 (W212 Version)) <\/strong><\/h2>\n\n\n<p>Irland, Andorra, \u00d6sterreich, Belgien, Bulgarien, Tschechische Republik, D\u00e4nemark, Gro\u00dfbritannien, Estland, Gibraltar, Griechenland, Spanien, Italien, Kroatien, Lettland, Liechtenstein, Polen, <strong> Litauen (ausf\u00fchrlich)<\/strong>Luxemburg, Monaco, Norwegen, Niederlande, Portugal, Frankreich, Rum\u00e4nien, San Marino, Slowakei, Slowenien, Finnland, Schweden, Schweiz, Vatikanstadt, Ungarn, Deutschland. <\/p>\n<p><em>Mercedes Benz E-Klasse Limousine W212 2009 - 2011<br>Mercedes Benz E-Klasse Coup\u00e9 C207 2009 - 2011<br>Mercedes Benz E-Klasse Cabriolet A207 2009 - 2011<br>Mercedes Benz E-Klasse T-Modell S212 Estat 2009 - 2011<br>Mercedes Benz CLS-Klasse 2011 m.<\/em> <\/p>\n<p>Garantie 12 Monate. | Vilnius und Kaunas | Bester Preis<\/p>\n<hr>\n\n\n<h2 class=\"wp-block-heading\"><strong>MERCEDES BENZ Navigationskarten (COMAND ONLINE (NTG3.5\/NTG4.5)) <\/strong><\/h2>\n\n\n<p>\u00d6sterreich, Bosnien und Herzegowina, Andorra, Bulgarien, Bulgarien, die Tschechische Republik, die Schweiz, Spanien, D\u00e4nemark, Deutschland, Estland, Finnland, Gro\u00dfbritannien, Griechenland, Kroatien, Ungarn, Island, Irland, Italien, Gibraltar, Kosovo, Liechtenstein, Luxemburg, <strong>Litauen (ausf\u00fchrlich)<\/strong>Lettland, die Niederlande, Polen, Rum\u00e4nien, die Slowakei, Spanien, Schweden und Slowenien. <\/p>\n<p>Mercedes Benz <em>NTG 3.5: W221 S \/ W216 CL (ab 2009) <\/em><br><em>Mercedes Benz NTG 4.5: W176 A-Klasse W246 B-Klasse, W166 ML, R172 SLK, R231 SL, W204 C (ab 2012), W212\/W207 E (ab 2011), G (ab 2015)<\/em><\/p>\n<p>Garantie 12 Monate. | Vilnius und Kaunas | Bester Preis<\/p>\n<hr>\n\n\n<h2 class=\"wp-block-heading\"><strong>MERCEDES BENZ Navigationskarten (COMAND NEU (NTG5))<\/strong><\/h2>\n\n\n<p>Unver\u00f6ffentlicht<\/p>\n<p><em>MERCEDES wird ab 2014 erh\u00e4ltlich sein. <\/em> <\/p>\n<p>Garantie 12 Monate. | Vilnius und Kaunas | Bester Preis<\/p>\n<hr>\n\n\n<h2 class=\"wp-block-heading\"><strong>MERCEDES BENZ Navigationskarten (AUDIO 50 APS-1)<\/strong><\/h2>\n\n\n<p>CD 1 - Irland, D\u00e4nemark, Gro\u00dfbritannien, Norwegen, Finnland, Schweden<br>CD 2 - \u00d6sterreich, Liechtenstein, Schweiz, Niederlande, Deutschland<br>CD 3 - Belgien, Luxemburg, Monaco, Frankreich<br>CD 4 - Griechenland, Italien, Kroatien, Slowenien, San Marino, Vatikanstadt<br>CD 5 - Andorra, Gibraltar, Spanien, Portugal<br>CD 6 - Tschechische Republik, <strong>Polen <\/strong>Slowakei, Ungarn. <\/p>\n<p><em>Mercedes Benz CLS-Klasse Coup\u00e9 C219 bis 2008<br>Mercedes Benz E-Klasse Limousine W211 2002 - 2008<br>Mercedes Benz E-Klasse T-Modell S211 2003 - 2008<br>Mercedes Benz SLK-Klasse Roadster R171 2004 - 2008<\/em> <\/p>\n<p>Garantie 12 Monate. | Vilnius und Kaunas | Bester Preis<\/p>\n<hr>\n\n\n<h2 class=\"wp-block-heading\"><strong>MERCEDES BENZ Navigationskarten (AUDIO 50 APS-2) <\/strong><\/h2>\n\n\n<p>CD 1 - Irland, Gro\u00dfbritannien, Belgien, Luxemburg, Niederlande <br>CD 2 - \u00d6sterreich, Liechtenstein, Schweiz, Deutschland<br>CD 3 - Monaco, Frankreich<br>CD 4 - Italien, San Marino, Vatikanstadt<br>CD 5 - Andorra, Gibraltar, Spanien, Portugal<br>CD 6 - Tschechische Republik, Griechenland, Kroatien, <strong> Polen <\/strong>Slowakei, Slowenien, Ungarn<br>CD 7 - D\u00e4nemark, Norwegen, Finnland, Schweden.<\/p>\n<p>Mercedes Benz <em>A-Klasse W169 2004-2008, C169 2004 - 2008 <br>Mercedes Benz B-Klasse W245 2005 - 2008<br>Mercedes Benz C-Klasse W203 2004-2007, S203 2004 - 2007<br>Mercedes Benz CLC-Klasse C203 2004 - 2008 m.<\/em><br><em>Mercedes Benz CLC 2008 m.<\/em><br><em>Mercedes Benz CLK-Klasse A 2004 - 2009<\/em><br><em>Mercedes Benz C209 2004 - 2009<br>Mercedes Benz GL-Klasse X164 2006 - 2008<br>Mercedes Benz M-Klasse W164 2005 - 2008<br>Mercedes Benz R-Klasse W251, V251 2006 - 2008<br>Mercedes Benz Sprinter C906 NCV3 2006 - 2009<\/em> <\/p>\n<p>Garantie 12 Monate. | Vilnius und Kaunas | Bester Preis<\/p>\n<hr>\n\n\n<h2 class=\"wp-block-heading\"><strong>MERCEDES BENZ Navigationskarten (AUDIO 50 APS-2.5) <\/strong><\/h2>\n\n\n<p>CD 1 - Irland, D\u00e4nemark, Gro\u00dfbritannien, Estland, Lettland, <strong> Litauen (ausf\u00fchrlich)<\/strong>Polen, Norwegen, Finnland, Schweden. <br>CD 2 - \u00d6sterreich, Belgien, Tschechische Republik, D\u00e4nemark, Deutschland, Liechtenstein, Luxemburg, Niederlande, Polen, Schweden, Schweiz. <br>CD 3 - Andorra, Belgien, Gibraltar, Frankreich, Luxemburg, Liechtenstein, Monaco, Portugal, Spanien, Schweiz. <br>CD 4 - \u00d6sterreich, Bulgarien, Kroatien, Tschechische Republik, Griechenland, Ungarn, Italien, Liechtenstein, Polen, Rum\u00e4nien, San Marino, Slowakei, Slowenien, Schweiz, Vatikanstadt. <\/p>\n<p><em>Mercedes Benz A-Klasse W\/C 169 2008 - 2012<br>Mercedes Benz B-Klasse W 245 2008 - 2011<br>Mercedes Benz CLS-Klasse 2008 - 2011<br>Mercedes Benz CLS-Klasse C 219 2008 - 2010<br>Mercedes Benz E-Klasse W\/S 211 2008 - 2009 <br>Mercedes Benz GL-Klasse X 164 2008 - 2012<br>Mercedes Benz M-Klasse W164 2008 - 2011<br>Mercedes Benz R-Klasse W\/V 251 ab 2008<br>Mercedes Benz SLK-Klasse R 2008 - 2011<br>Mercedes Benz Vito, Viano ab 2010<\/em> <\/p>\n<p>Garantie 12 Monate. | Vilnius und Kaunas | Bester Preis<\/p>\n<hr>\n\n\n<h2 class=\"wp-block-heading\"><strong>MERCEDES BENZ Navigationskarten (AUDIO 50 APS-4)(Version W204)<\/strong><\/h2>\n\n\n<p>Irland, Andorra, \u00d6sterreich, Belgien, Bulgarien, Tschechische Republik, D\u00e4nemark, Gro\u00dfbritannien, Estland, Gibraltar, Griechenland, Spanien, Italien, Kroatien, Lettland, Liechtenstein, Polen, <strong> Litauen (ausf\u00fchrlich)<\/strong>Luxemburg, Monaco, Norwegen, Niederlande, Portugal, Frankreich, Rum\u00e4nien, San Marino, Slowakei, Slowenien, Finnland, Schweden, Schweiz, Vatikanstadt, Ungarn, Deutschland.<\/p>\n<p><em>Mercedes Benz C-Klasse W204 ab 2007<br>Mercedes Benz GLK-Klasse X204 von 2008<\/em><\/p>\n<p>Garantie 12 Monate. | Vilnius und Kaunas | Bester Preis<\/p>\n<hr>\n\n\n<h2 class=\"wp-block-heading\"><strong>MERCEDES BENZ Navigationskarten (AUDIO 50 APS-4) (Version W212)<\/strong><\/h2>\n\n\n<p>CD 1 - Andorra, Irland, Gro\u00dfbritannien, Gibraltar, Frankreich, Irland, Italien, Liechtenstein, Luxemburg, Monaco, Portugal, Spanien, San Marino, Schweiz, Vatikanstadt. <br>CD 1 - Andorra, \u00d6sterreich, Belgien, Tschechische Republik, D\u00e4nemark, Frankreich, Deutschland, Italien, Liechtenstein, Luxemburg, Monaco, Polen, San Marino, Schweiz, Vatikanstadt. <br>CD 3 - Andorra, \u00d6sterreich, Belgien, Tschechische Republik, D\u00e4nemark, D\u00e4nemark, Frankreich, Deutschland, Gro\u00dfbritannien, Liechtenstein, Luxemburg, Monaco, Niederlande, Polen, Schweiz. <br>CD 4 - \u00d6sterreich, Bulgarien, Tschechische Republik, D\u00e4nemark, Griechenland, Italien, Estland, Kroatien, Italien, Lettland, <strong> Litauen (ausf\u00fchrlich)<\/strong>Polen, Liechtenstein, Norwegen, San Marino, Slowenien, Slowakei, Finnland, Schweden, Schweiz, Vatikanstadt, Ungarn.<\/p>\n<p><em>Mercedes Benz CLS-Klasse C218 2011 m.<br>Mercedes Benz E-Klasse Cabriolet 2009 - 2011<br>Mercedes Benz E-Klasse Coup\u00e9 C207 2009 - 2011<br>Mercedes Benz E-Klasse Limousine W\/S212 2009 - 2011<br>Mercedes Benz E-Klasse T-Modell 2009 - 2011<\/em> <\/p>\n<p>Garantie 12 Monate. | Vilnius und Kaunas | Bester Preis<\/p>\n<hr>\n\n\n<h2 class=\"wp-block-heading\">MERCEDES BENZ Navigationskarten (COMMAND 2.0\/2.5 \/ COMMAND-APS)<\/h2>\n\n\n<p>CD 1 - \u00d6sterreich, Schweiz, Liechtenstein, Frankreich, Deutschland, sh. Italien<br>CD 2 - Belgien, Niederlande, Luxemburg<br>CD 3 - Tschechische Republik, <strong> Polen <\/strong><br>CD 4 - Deutschland<br>CD 5 - Italien, San Marino, Vatikanstadt<br>CD 6 - Finnland, Schweden, Norwegen, D\u00e4nemark<br>CD 7 - Spanien, Portugal<br>CD 8 - Frankreich<br>CD 9 - Gro\u00dfbritannien<br>CD 10 - Karten der wichtigsten Stra\u00dfen in Europa.<\/p>\n<p><em>Mercedes Benz C-Klasse 1999\/07 - 2004\/03 <\/em><br><em>Mercedes Benz CL-Klasse 1999\/09 - 2003\/09 <\/em><br><em>Mercedes Benz CLK 1999\/04 - 2004\/06 <\/em><br><em>Mercedes Benz E-Klasse Limited : 1999\/04 - 2002\/03 T : 1999\/04 - 2003\/03<\/em><br><em>Mercedes Benz G-Klasse 2000\/06 - 2007\/04 <\/em><br><em>Mercedes Benz M-Klasse 2000\/04 - 2005\/07 <\/em><br>Mercedes Benz <em>S-Klasse 1999\/09 - 2003\/09 <\/em><br>Mercedes Benz <em>DE 2001\/10 - 2004\/06<\/em> <\/p>\n<p>Garantie 12 Monate. | Vilnius und Kaunas | Bester Preis<\/p>\n<hr>","protected":false},"excerpt":{"rendered":"<p>MERCEDES BENZ navigacijos \u017eem\u0117lapiai (NTG1) Airija, Andora, Austrija, Belgija, Bulgarija, \u010cekija, Danija, D.Britanija, Estija, Gibraltaras, Graikija, Ispanija, Italija, Kroatija, Latvija, Lenkija, Lichten\u0161teinas, Lietuva (detalus), Liuksemburgas, Monakas, Norvegija, Olandija, Portugalija, Pranc\u016bzija, Rumunija, San Marinas, Slovakija, Slov\u0117nija, Suomija, \u0160vedija, \u0160veicarija, Vatikanas, Vengrija, Vokietija. CL-Klasse C215 2003-2006 S-Klasses W220 2003-2005SL-Klasse R230 2004-2008 Garantija 12 m\u0117n. | Vilniuje ir [&hellip;]<\/p>\n","protected":false},"author":1,"featured_media":0,"parent":0,"menu_order":0,"comment_status":"closed","ping_status":"closed","template":"","meta":{"_uag_custom_page_level_css":"","footnotes":""},"class_list":["post-376","page","type-page","status-publish","hentry","post"],"yoast_head":"<!-- This site is optimized with the Yoast SEO plugin v27.5 - https:\/\/yoast.com\/product\/yoast-seo-wordpress\/ -->\n<title>Mercedes Benz navigacija - taisykla Vilniuje, Kaune, Klaip\u0117doje, \u0160iauliuose<\/title>\n<meta name=\"description\" content=\"MERCEDES BENZ avigacijos \u017eem\u0117lapiai Vilniuje ir Kaune geriausia kaina. 12 m\u0117n. garantija. Tel. nr. 8 (655) 00790 \/ 8 (684) 09811\" \/>\n<meta name=\"robots\" content=\"index, follow, max-snippet:-1, max-image-preview:large, max-video-preview:-1\" \/>\n<link rel=\"canonical\" href=\"https:\/\/techremontas.lt\/de\/mercedes-benz-navigacija\/\" \/>\n<meta property=\"og:locale\" content=\"de_DE\" \/>\n<meta property=\"og:type\" content=\"article\" \/>\n<meta property=\"og:title\" content=\"Mercedes Benz navigacija - taisykla Vilniuje, Kaune, Klaip\u0117doje, \u0160iauliuose\" \/>\n<meta property=\"og:description\" content=\"MERCEDES BENZ avigacijos \u017eem\u0117lapiai Vilniuje ir Kaune geriausia kaina. 12 m\u0117n. garantija. Tel. nr. 8 (655) 00790 \/ 8 (684) 09811\" \/>\n<meta property=\"og:url\" content=\"https:\/\/techremontas.lt\/de\/mercedes-benz-navigacija\/\" \/>\n<meta property=\"og:site_name\" content=\"taisykla Vilniuje, Kaune, Klaip\u0117doje, \u0160iauliuose\" \/>\n<meta property=\"article:modified_time\" content=\"2019-04-12T11:39:48+00:00\" \/>\n<meta name=\"twitter:card\" content=\"summary_large_image\" \/>\n<meta name=\"twitter:label1\" content=\"Gesch\u00e4tzte Lesezeit\" \/>\n\t<meta name=\"twitter:data1\" content=\"6\u00a0Minuten\" \/>\n<script type=\"application\/ld+json\" class=\"yoast-schema-graph\">{\"@context\":\"https:\\\/\\\/schema.org\",\"@graph\":[{\"@type\":\"WebPage\",\"@id\":\"https:\\\/\\\/techremontas.lt\\\/mercedes-benz-navigacija\\\/\",\"url\":\"https:\\\/\\\/techremontas.lt\\\/mercedes-benz-navigacija\\\/\",\"name\":\"Mercedes Benz navigacija - taisykla Vilniuje, Kaune, Klaip\u0117doje, \u0160iauliuose\",\"isPartOf\":{\"@id\":\"https:\\\/\\\/techremontas.lt\\\/#website\"},\"datePublished\":\"2019-04-11T14:19:43+00:00\",\"dateModified\":\"2019-04-12T11:39:48+00:00\",\"description\":\"MERCEDES BENZ avigacijos \u017eem\u0117lapiai Vilniuje ir Kaune geriausia kaina. 12 m\u0117n. garantija. Tel. nr. 8 (655) 00790 \\\/ 8 (684) 09811\",\"breadcrumb\":{\"@id\":\"https:\\\/\\\/techremontas.lt\\\/mercedes-benz-navigacija\\\/#breadcrumb\"},\"inLanguage\":\"de\",\"potentialAction\":[{\"@type\":\"ReadAction\",\"target\":[\"https:\\\/\\\/techremontas.lt\\\/mercedes-benz-navigacija\\\/\"]}]},{\"@type\":\"BreadcrumbList\",\"@id\":\"https:\\\/\\\/techremontas.lt\\\/mercedes-benz-navigacija\\\/#breadcrumb\",\"itemListElement\":[{\"@type\":\"ListItem\",\"position\":1,\"name\":\"Pagrindinis\",\"item\":\"https:\\\/\\\/techremontas.lt\\\/\"},{\"@type\":\"ListItem\",\"position\":2,\"name\":\"Mercedes Benz navigacija\"}]},{\"@type\":\"WebSite\",\"@id\":\"https:\\\/\\\/techremontas.lt\\\/#website\",\"url\":\"https:\\\/\\\/techremontas.lt\\\/\",\"name\":\"taisykla Vilniuje, Kaune, Klaip\u0117doje, \u0160iauliuose\",\"description\":\"Modernios el. technikos servisas\",\"potentialAction\":[{\"@type\":\"SearchAction\",\"target\":{\"@type\":\"EntryPoint\",\"urlTemplate\":\"https:\\\/\\\/techremontas.lt\\\/?s={search_term_string}\"},\"query-input\":{\"@type\":\"PropertyValueSpecification\",\"valueRequired\":true,\"valueName\":\"search_term_string\"}}],\"inLanguage\":\"de\"}]}<\/script>\n<!-- \/ Yoast SEO plugin. -->","yoast_head_json":{"title":"Mercedes Benz navigacija - taisykla Vilniuje, Kaune, Klaip\u0117doje, \u0160iauliuose","description":"MERCEDES BENZ Navigationskarten in Vilnius und Kaunas zum besten Preis. 12 Monate Garantie. Tel.. 8 (655) 00790 \/ 8 (684) 09811","robots":{"index":"index","follow":"follow","max-snippet":"max-snippet:-1","max-image-preview":"max-image-preview:large","max-video-preview":"max-video-preview:-1"},"canonical":"https:\/\/techremontas.lt\/de\/mercedes-benz-navigacija\/","og_locale":"de_DE","og_type":"article","og_title":"Mercedes Benz navigacija - taisykla Vilniuje, Kaune, Klaip\u0117doje, \u0160iauliuose","og_description":"MERCEDES BENZ avigacijos \u017eem\u0117lapiai Vilniuje ir Kaune geriausia kaina. 12 m\u0117n. garantija. Tel. nr. 8 (655) 00790 \/ 8 (684) 09811","og_url":"https:\/\/techremontas.lt\/de\/mercedes-benz-navigacija\/","og_site_name":"taisykla Vilniuje, Kaune, Klaip\u0117doje, \u0160iauliuose","article_modified_time":"2019-04-12T11:39:48+00:00","twitter_card":"summary_large_image","twitter_misc":{"Gesch\u00e4tzte Lesezeit":"6\u00a0Minuten"},"schema":{"@context":"https:\/\/schema.org","@graph":[{"@type":"WebPage","@id":"https:\/\/techremontas.lt\/mercedes-benz-navigacija\/","url":"https:\/\/techremontas.lt\/mercedes-benz-navigacija\/","name":"Mercedes Benz navigacija - taisykla Vilniuje, Kaune, Klaip\u0117doje, \u0160iauliuose","isPartOf":{"@id":"https:\/\/techremontas.lt\/#website"},"datePublished":"2019-04-11T14:19:43+00:00","dateModified":"2019-04-12T11:39:48+00:00","description":"MERCEDES BENZ Navigationskarten in Vilnius und Kaunas zum besten Preis. 12 Monate Garantie. Tel.. 8 (655) 00790 \/ 8 (684) 09811","breadcrumb":{"@id":"https:\/\/techremontas.lt\/mercedes-benz-navigacija\/#breadcrumb"},"inLanguage":"de","potentialAction":[{"@type":"ReadAction","target":["https:\/\/techremontas.lt\/mercedes-benz-navigacija\/"]}]},{"@type":"BreadcrumbList","@id":"https:\/\/techremontas.lt\/mercedes-benz-navigacija\/#breadcrumb","itemListElement":[{"@type":"ListItem","position":1,"name":"Pagrindinis","item":"https:\/\/techremontas.lt\/"},{"@type":"ListItem","position":2,"name":"Mercedes Benz navigacija"}]},{"@type":"WebSite","@id":"https:\/\/techremontas.lt\/#website","url":"https:\/\/techremontas.lt\/","name":"taisykla Vilniuje, Kaune, Klaip\u0117doje, \u0160iauliuose","description":"Service f\u00fcr moderne Elektroger\u00e4te","potentialAction":[{"@type":"SearchAction","target":{"@type":"EntryPoint","urlTemplate":"https:\/\/techremontas.lt\/?s={search_term_string}"},"query-input":{"@type":"PropertyValueSpecification","valueRequired":true,"valueName":"search_term_string"}}],"inLanguage":"de"}]}},"uagb_featured_image_src":{"full":false,"thumbnail":false,"medium":false,"medium_large":false,"large":false,"1536x1536":false,"2048x2048":false,"trp-custom-language-flag":false,"post-thumbnail":false,"vantage-thumbnail-no-sidebar":false,"vantage-slide":false,"vantage-carousel":false,"vantage-grid-loop":false},"uagb_author_info":{"display_name":"valdymas","author_link":"https:\/\/techremontas.lt\/de\/author\/valdymas\/"},"uagb_comment_info":0,"uagb_excerpt":"MERCEDES BENZ navigacijos \u017eem\u0117lapiai (NTG1) Airija, Andora, Austrija, Belgija, Bulgarija, \u010cekija, Danija, D.Britanija, Estija, Gibraltaras, Graikija, Ispanija, Italija, Kroatija, Latvija, Lenkija, Lichten\u0161teinas, Lietuva (detalus), Liuksemburgas, Monakas, Norvegija, Olandija, Portugalija, Pranc\u016bzija, Rumunija, San Marinas, Slovakija, Slov\u0117nija, Suomija, \u0160vedija, \u0160veicarija, Vatikanas, Vengrija, Vokietija. CL-Klasse C215 2003-2006 S-Klasses W220 2003-2005SL-Klasse R230 2004-2008 Garantija 12 m\u0117n. | Vilniuje ir&hellip;","_links":{"self":[{"href":"https:\/\/techremontas.lt\/de\/wp-json\/wp\/v2\/pages\/376","targetHints":{"allow":["GET"]}}],"collection":[{"href":"https:\/\/techremontas.lt\/de\/wp-json\/wp\/v2\/pages"}],"about":[{"href":"https:\/\/techremontas.lt\/de\/wp-json\/wp\/v2\/types\/page"}],"author":[{"embeddable":true,"href":"https:\/\/techremontas.lt\/de\/wp-json\/wp\/v2\/users\/1"}],"replies":[{"embeddable":true,"href":"https:\/\/techremontas.lt\/de\/wp-json\/wp\/v2\/comments?post=376"}],"version-history":[{"count":18,"href":"https:\/\/techremontas.lt\/de\/wp-json\/wp\/v2\/pages\/376\/revisions"}],"predecessor-version":[{"id":528,"href":"https:\/\/techremontas.lt\/de\/wp-json\/wp\/v2\/pages\/376\/revisions\/528"}],"wp:attachment":[{"href":"https:\/\/techremontas.lt\/de\/wp-json\/wp\/v2\/media?parent=376"}],"curies":[{"name":"wp","href":"https:\/\/api.w.org\/{rel}","templated":true}]}}