{"id":400,"date":"2019-04-12T04:08:54","date_gmt":"2019-04-12T06:08:54","guid":{"rendered":"https:\/\/techremontas.lt\/?page_id=400"},"modified":"2019-04-12T09:40:15","modified_gmt":"2019-04-12T11:40:15","slug":"mini-navigacija","status":"publish","type":"page","link":"https:\/\/techremontas.lt\/de\/mini-navigacija\/","title":{"rendered":"Mini-Navigation"},"content":{"rendered":"<h2 class=\"wp-block-heading\"><strong>MINI Navigationskarten <\/strong><\/h2>\n\n\n\n<p><p>CD 1:<strong> <\/strong>Belgien, Niederlande, Luxemburg <br>CD 2: \u00d6sterreich, Liechtenstein, Schweiz, Deutschland, Italien <br>CD 3: Osteuropa 1: Estland, Lettland, Litauen (ausf\u00fchrlich)<br>CD 4: Osteuropa 2: Bulgarien, Kroatien, Tschechische Republik, Ungarn, Polen, Rum\u00e4nien, Slowakei, Slowenien <br>CD 5: Nordfrankreich <br>CD 6: S\u00fcdfrankreich <br>CD 7: Deutschland <br>CD 8: Italien, San Marino, Vatikanstadt, Griechenland <br>CD 9: D\u00e4nemark, Schweden, Finnland, Norwegen <br>CD 10: Spanien <br>CD 11: Portugal <br>CD 12: England, Schottland, Irland <br>CD 13: Karten der wichtigsten Stra\u00dfen in Europa. <br><br><em>f\u00fcr alle Modelle mit Farbdisplay bis 2005-10 (au\u00dfer E60-E64)<\/em><br> <br>Garantie 12 Monate. | Vilnius und Kaunas | Bester Preis<\/p><hr><\/p>\n\n\n\n<p><\/p>","protected":false},"excerpt":{"rendered":"<p>MINI navigacijos \u017eem\u0117lapiai CD 1: Belgija, Olandija, Liuksemburgas CD 2: Austrija, Lichten\u0161teinas, \u0160veicarija, p.Vokietija, \u0161.Italija CD 3: Ryt\u0173 Europa 1: Estija, Latvija, Lietuva (detalus)CD 4: Ryt\u0173 Europa 2: Bulgarija, \u010cekija, Kroatija, Lenkija, Rumunija, Slovakija, Slov\u0117nija, Vengrija CD 5: Pranc\u016bzija \u0161iaurin\u0117 CD 6: Pranc\u016bzija pietin\u0117 CD 7: Vokietija CD 8: Italija, San Marinas, Vatikanas, Graikija CD [&hellip;]<\/p>\n","protected":false},"author":1,"featured_media":0,"parent":0,"menu_order":0,"comment_status":"closed","ping_status":"closed","template":"","meta":{"_uag_custom_page_level_css":"","footnotes":""},"class_list":["post-400","page","type-page","status-publish","hentry","post"],"yoast_head":"<!-- This site is optimized with the Yoast SEO plugin v27.3 - https:\/\/yoast.com\/product\/yoast-seo-wordpress\/ -->\n<title>Mini navigacija - taisykla Vilniuje, Kaune, Klaip\u0117doje, \u0160iauliuose<\/title>\n<meta name=\"description\" content=\"MINI navigacijos \u017eem\u0117lapiai Vilniuje ir Kaune geriausia kaina. 12 m\u0117n. garantija. Tel. nr. 8 (655) 00790 \/ 8 (684) 09811\" \/>\n<meta name=\"robots\" content=\"index, follow, max-snippet:-1, max-image-preview:large, max-video-preview:-1\" \/>\n<link rel=\"canonical\" href=\"https:\/\/techremontas.lt\/de\/mini-navigacija\/\" \/>\n<meta property=\"og:locale\" content=\"de_DE\" \/>\n<meta property=\"og:type\" content=\"article\" \/>\n<meta property=\"og:title\" content=\"Mini navigacija - taisykla Vilniuje, Kaune, Klaip\u0117doje, \u0160iauliuose\" \/>\n<meta property=\"og:description\" content=\"MINI navigacijos \u017eem\u0117lapiai Vilniuje ir Kaune geriausia kaina. 12 m\u0117n. garantija. Tel. nr. 8 (655) 00790 \/ 8 (684) 09811\" \/>\n<meta property=\"og:url\" content=\"https:\/\/techremontas.lt\/de\/mini-navigacija\/\" \/>\n<meta property=\"og:site_name\" content=\"taisykla Vilniuje, Kaune, Klaip\u0117doje, \u0160iauliuose\" \/>\n<meta property=\"article:modified_time\" content=\"2019-04-12T11:40:15+00:00\" \/>\n<meta name=\"twitter:card\" content=\"summary_large_image\" \/>\n<script type=\"application\/ld+json\" class=\"yoast-schema-graph\">{\"@context\":\"https:\\\/\\\/schema.org\",\"@graph\":[{\"@type\":\"WebPage\",\"@id\":\"https:\\\/\\\/techremontas.lt\\\/mini-navigacija\\\/\",\"url\":\"https:\\\/\\\/techremontas.lt\\\/mini-navigacija\\\/\",\"name\":\"Mini navigacija - taisykla Vilniuje, Kaune, Klaip\u0117doje, \u0160iauliuose\",\"isPartOf\":{\"@id\":\"https:\\\/\\\/techremontas.lt\\\/#website\"},\"datePublished\":\"2019-04-12T06:08:54+00:00\",\"dateModified\":\"2019-04-12T11:40:15+00:00\",\"description\":\"MINI navigacijos \u017eem\u0117lapiai Vilniuje ir Kaune geriausia kaina. 12 m\u0117n. garantija. Tel. nr. 8 (655) 00790 \\\/ 8 (684) 09811\",\"breadcrumb\":{\"@id\":\"https:\\\/\\\/techremontas.lt\\\/mini-navigacija\\\/#breadcrumb\"},\"inLanguage\":\"de\",\"potentialAction\":[{\"@type\":\"ReadAction\",\"target\":[\"https:\\\/\\\/techremontas.lt\\\/mini-navigacija\\\/\"]}]},{\"@type\":\"BreadcrumbList\",\"@id\":\"https:\\\/\\\/techremontas.lt\\\/mini-navigacija\\\/#breadcrumb\",\"itemListElement\":[{\"@type\":\"ListItem\",\"position\":1,\"name\":\"Pagrindinis\",\"item\":\"https:\\\/\\\/techremontas.lt\\\/\"},{\"@type\":\"ListItem\",\"position\":2,\"name\":\"Mini navigacija\"}]},{\"@type\":\"WebSite\",\"@id\":\"https:\\\/\\\/techremontas.lt\\\/#website\",\"url\":\"https:\\\/\\\/techremontas.lt\\\/\",\"name\":\"taisykla Vilniuje, Kaune, Klaip\u0117doje, \u0160iauliuose\",\"description\":\"Modernios el. technikos servisas\",\"potentialAction\":[{\"@type\":\"SearchAction\",\"target\":{\"@type\":\"EntryPoint\",\"urlTemplate\":\"https:\\\/\\\/techremontas.lt\\\/?s={search_term_string}\"},\"query-input\":{\"@type\":\"PropertyValueSpecification\",\"valueRequired\":true,\"valueName\":\"search_term_string\"}}],\"inLanguage\":\"de\"}]}<\/script>\n<!-- \/ Yoast SEO plugin. -->","yoast_head_json":{"title":"Mini navigacija - taisykla Vilniuje, Kaune, Klaip\u0117doje, \u0160iauliuose","description":"MINI Navigationskarten in Vilnius und Kaunas zum besten Preis. 12 Monate Garantie. Tel.. 8 (655) 00790 \/ 8 (684) 09811","robots":{"index":"index","follow":"follow","max-snippet":"max-snippet:-1","max-image-preview":"max-image-preview:large","max-video-preview":"max-video-preview:-1"},"canonical":"https:\/\/techremontas.lt\/de\/mini-navigacija\/","og_locale":"de_DE","og_type":"article","og_title":"Mini navigacija - taisykla Vilniuje, Kaune, Klaip\u0117doje, \u0160iauliuose","og_description":"MINI navigacijos \u017eem\u0117lapiai Vilniuje ir Kaune geriausia kaina. 12 m\u0117n. garantija. Tel. nr. 8 (655) 00790 \/ 8 (684) 09811","og_url":"https:\/\/techremontas.lt\/de\/mini-navigacija\/","og_site_name":"taisykla Vilniuje, Kaune, Klaip\u0117doje, \u0160iauliuose","article_modified_time":"2019-04-12T11:40:15+00:00","twitter_card":"summary_large_image","schema":{"@context":"https:\/\/schema.org","@graph":[{"@type":"WebPage","@id":"https:\/\/techremontas.lt\/mini-navigacija\/","url":"https:\/\/techremontas.lt\/mini-navigacija\/","name":"Mini navigacija - taisykla Vilniuje, Kaune, Klaip\u0117doje, \u0160iauliuose","isPartOf":{"@id":"https:\/\/techremontas.lt\/#website"},"datePublished":"2019-04-12T06:08:54+00:00","dateModified":"2019-04-12T11:40:15+00:00","description":"MINI Navigationskarten in Vilnius und Kaunas zum besten Preis. 12 Monate Garantie. Tel.. 8 (655) 00790 \/ 8 (684) 09811","breadcrumb":{"@id":"https:\/\/techremontas.lt\/mini-navigacija\/#breadcrumb"},"inLanguage":"de","potentialAction":[{"@type":"ReadAction","target":["https:\/\/techremontas.lt\/mini-navigacija\/"]}]},{"@type":"BreadcrumbList","@id":"https:\/\/techremontas.lt\/mini-navigacija\/#breadcrumb","itemListElement":[{"@type":"ListItem","position":1,"name":"Pagrindinis","item":"https:\/\/techremontas.lt\/"},{"@type":"ListItem","position":2,"name":"Mini navigacija"}]},{"@type":"WebSite","@id":"https:\/\/techremontas.lt\/#website","url":"https:\/\/techremontas.lt\/","name":"taisykla Vilniuje, Kaune, Klaip\u0117doje, \u0160iauliuose","description":"Service f\u00fcr moderne Elektroger\u00e4te","potentialAction":[{"@type":"SearchAction","target":{"@type":"EntryPoint","urlTemplate":"https:\/\/techremontas.lt\/?s={search_term_string}"},"query-input":{"@type":"PropertyValueSpecification","valueRequired":true,"valueName":"search_term_string"}}],"inLanguage":"de"}]}},"uagb_featured_image_src":{"full":false,"thumbnail":false,"medium":false,"medium_large":false,"large":false,"1536x1536":false,"2048x2048":false,"trp-custom-language-flag":false,"post-thumbnail":false,"vantage-thumbnail-no-sidebar":false,"vantage-slide":false,"vantage-carousel":false,"vantage-grid-loop":false},"uagb_author_info":{"display_name":"valdymas","author_link":"https:\/\/techremontas.lt\/de\/author\/valdymas\/"},"uagb_comment_info":0,"uagb_excerpt":"MINI navigacijos \u017eem\u0117lapiai CD 1: Belgija, Olandija, Liuksemburgas CD 2: Austrija, Lichten\u0161teinas, \u0160veicarija, p.Vokietija, \u0161.Italija CD 3: Ryt\u0173 Europa 1: Estija, Latvija, Lietuva (detalus)CD 4: Ryt\u0173 Europa 2: Bulgarija, \u010cekija, Kroatija, Lenkija, Rumunija, Slovakija, Slov\u0117nija, Vengrija CD 5: Pranc\u016bzija \u0161iaurin\u0117 CD 6: Pranc\u016bzija pietin\u0117 CD 7: Vokietija CD 8: Italija, San Marinas, Vatikanas, Graikija CD&hellip;","_links":{"self":[{"href":"https:\/\/techremontas.lt\/de\/wp-json\/wp\/v2\/pages\/400","targetHints":{"allow":["GET"]}}],"collection":[{"href":"https:\/\/techremontas.lt\/de\/wp-json\/wp\/v2\/pages"}],"about":[{"href":"https:\/\/techremontas.lt\/de\/wp-json\/wp\/v2\/types\/page"}],"author":[{"embeddable":true,"href":"https:\/\/techremontas.lt\/de\/wp-json\/wp\/v2\/users\/1"}],"replies":[{"embeddable":true,"href":"https:\/\/techremontas.lt\/de\/wp-json\/wp\/v2\/comments?post=400"}],"version-history":[{"count":3,"href":"https:\/\/techremontas.lt\/de\/wp-json\/wp\/v2\/pages\/400\/revisions"}],"predecessor-version":[{"id":529,"href":"https:\/\/techremontas.lt\/de\/wp-json\/wp\/v2\/pages\/400\/revisions\/529"}],"wp:attachment":[{"href":"https:\/\/techremontas.lt\/de\/wp-json\/wp\/v2\/media?parent=400"}],"curies":[{"name":"wp","href":"https:\/\/api.w.org\/{rel}","templated":true}]}}