{"id":444,"date":"2019-04-12T05:37:51","date_gmt":"2019-04-12T07:37:51","guid":{"rendered":"https:\/\/techremontas.lt\/?page_id=444"},"modified":"2019-04-12T05:41:08","modified_gmt":"2019-04-12T07:41:08","slug":"porsche-navigacija","status":"publish","type":"page","link":"https:\/\/techremontas.lt\/de\/porsche-navigacija\/","title":{"rendered":"Porsche-Navigation"},"content":{"rendered":"<h2 class=\"wp-block-heading\"><strong>PORSCHE Navigationskarten (PCM 2.1) <\/strong><\/h2>\n\n\n<p>Irland, Andorra, \u00d6sterreich, Schweden, Schweiz, Tschechische Republik, Belgien, Bulgarien, D\u00e4nemark, Gro\u00dfbritannien, Estland, Gibraltar, Griechenland, Spanien, Italien, Kroatien, Lettland, Polen, Liechtenstein, <strong>Litauen (ausf\u00fchrlich)<\/strong>Luxemburg, Monaco, Norwegen, Niederlande, Portugal, Frankreich, Rum\u00e4nien, San Marino, Slowakei, Finnland, Vatikanstadt, Ungarn, Deutschland. <br \/><br \/><em>911 Carrera | GT2 | GT3 | Targa 4 | Turbo | Boxster | Cayenne | Cayman 2006-2008 <\/em><br \/><br \/>Garantie 12 Monate. | Vilnius und Kaunas | Bester Preis<\/p>\n<hr \/>\n\n\n<h2 class=\"wp-block-heading\"><strong>PORSCHE Navigationskarten (PCM 2.0)<\/strong><\/h2>\n\n\n\n<p>CD 1 - Tschechische Republik, Slowakei, Deutschland. <br>CD 2 - Frankreich, Monaco. <br>CD 3 - Irland, Belgien, D\u00e4nemark, Gro\u00dfbritannien, Luxemburg, Niederlande. <br>CD 4 - Andorra, Spanien, Gibraltar, Griechenland, Ungarn, Portugal <br>CD 5 - \u00d6sterreich, Schweiz, Liechtenstein. <br>CD 6 - Norwegen, Finnland, Schweden. <br>CD 7 - Italien, San Marino, Vatikanstadt. <br>CD 8 - Bulgarien, Tschechische Republik, Estland, Griechenland, Kroatien, Lettland, Polen, <strong>Litauen (ausf\u00fchrlich)<\/strong>Slowakei, Slowenien, Ungarn. <br><em><br>F\u00fcr das Navigationssystem PORSCHE CD PCM 2.0 <\/em><br><br>Garantie 12 Monate. | Vilnius und Kaunas | Bester Preis<\/p><hr\/>","protected":false},"excerpt":{"rendered":"<p>PORSCHE navigacijos \u017eem\u0117lapiai (PCM 2.1) Airija, Andora, Austrija, \u0160vedija, \u0160veicarija, \u010cekija, Belgija, Bulgarija, Danija, Did\u017eioji Britanija, Estija, Gibraltaras, Graikija, Ispanija, Italija, Kroatija, Latvija, Lenkija, Lichten\u0161teinas, Lietuva (detalus), Liuksemburgas, Monakas, Norvegija, Olandija, Portugalija, Pranc\u016bzija, Rumunija, San Marinas, Slovakija, Suomija, Vatikanas, Vengrija, Vokietija. 911 Carrera | GT2 | GT3 | Targa 4 | Turbo | Boxster | [&hellip;]<\/p>\n","protected":false},"author":1,"featured_media":0,"parent":0,"menu_order":0,"comment_status":"closed","ping_status":"closed","template":"","meta":{"_uag_custom_page_level_css":"","footnotes":""},"class_list":["post-444","page","type-page","status-publish","hentry","post"],"yoast_head":"<!-- This site is optimized with the Yoast SEO plugin v27.5 - https:\/\/yoast.com\/product\/yoast-seo-wordpress\/ -->\n<title>Porsche navigacija - taisykla Vilniuje, Kaune, Klaip\u0117doje, \u0160iauliuose<\/title>\n<meta name=\"description\" content=\"PORSCHE avigacijos \u017eem\u0117lapiai Vilniuje ir Kaune geriausia kaina. 12 m\u0117n. garantija. Tel. nr. 8 (655) 00790 \/ 8 (684) 09811\" \/>\n<meta name=\"robots\" content=\"index, follow, max-snippet:-1, max-image-preview:large, max-video-preview:-1\" \/>\n<link rel=\"canonical\" href=\"https:\/\/techremontas.lt\/de\/porsche-navigacija\/\" \/>\n<meta property=\"og:locale\" content=\"de_DE\" \/>\n<meta property=\"og:type\" content=\"article\" \/>\n<meta property=\"og:title\" content=\"Porsche navigacija - taisykla Vilniuje, Kaune, Klaip\u0117doje, \u0160iauliuose\" \/>\n<meta property=\"og:description\" content=\"PORSCHE avigacijos \u017eem\u0117lapiai Vilniuje ir Kaune geriausia kaina. 12 m\u0117n. garantija. Tel. nr. 8 (655) 00790 \/ 8 (684) 09811\" \/>\n<meta property=\"og:url\" content=\"https:\/\/techremontas.lt\/de\/porsche-navigacija\/\" \/>\n<meta property=\"og:site_name\" content=\"taisykla Vilniuje, Kaune, Klaip\u0117doje, \u0160iauliuose\" \/>\n<meta property=\"article:modified_time\" content=\"2019-04-12T07:41:08+00:00\" \/>\n<meta name=\"twitter:card\" content=\"summary_large_image\" \/>\n<meta name=\"twitter:label1\" content=\"Gesch\u00e4tzte Lesezeit\" \/>\n\t<meta name=\"twitter:data1\" content=\"1\u00a0Minute\" \/>\n<script type=\"application\/ld+json\" class=\"yoast-schema-graph\">{\"@context\":\"https:\\\/\\\/schema.org\",\"@graph\":[{\"@type\":\"WebPage\",\"@id\":\"https:\\\/\\\/techremontas.lt\\\/porsche-navigacija\\\/\",\"url\":\"https:\\\/\\\/techremontas.lt\\\/porsche-navigacija\\\/\",\"name\":\"Porsche navigacija - taisykla Vilniuje, Kaune, Klaip\u0117doje, \u0160iauliuose\",\"isPartOf\":{\"@id\":\"https:\\\/\\\/techremontas.lt\\\/#website\"},\"datePublished\":\"2019-04-12T07:37:51+00:00\",\"dateModified\":\"2019-04-12T07:41:08+00:00\",\"description\":\"PORSCHE avigacijos \u017eem\u0117lapiai Vilniuje ir Kaune geriausia kaina. 12 m\u0117n. garantija. Tel. nr. 8 (655) 00790 \\\/ 8 (684) 09811\",\"breadcrumb\":{\"@id\":\"https:\\\/\\\/techremontas.lt\\\/porsche-navigacija\\\/#breadcrumb\"},\"inLanguage\":\"de\",\"potentialAction\":[{\"@type\":\"ReadAction\",\"target\":[\"https:\\\/\\\/techremontas.lt\\\/porsche-navigacija\\\/\"]}]},{\"@type\":\"BreadcrumbList\",\"@id\":\"https:\\\/\\\/techremontas.lt\\\/porsche-navigacija\\\/#breadcrumb\",\"itemListElement\":[{\"@type\":\"ListItem\",\"position\":1,\"name\":\"Pagrindinis\",\"item\":\"https:\\\/\\\/techremontas.lt\\\/\"},{\"@type\":\"ListItem\",\"position\":2,\"name\":\"Porsche navigacija\"}]},{\"@type\":\"WebSite\",\"@id\":\"https:\\\/\\\/techremontas.lt\\\/#website\",\"url\":\"https:\\\/\\\/techremontas.lt\\\/\",\"name\":\"taisykla Vilniuje, Kaune, Klaip\u0117doje, \u0160iauliuose\",\"description\":\"Modernios el. technikos servisas\",\"potentialAction\":[{\"@type\":\"SearchAction\",\"target\":{\"@type\":\"EntryPoint\",\"urlTemplate\":\"https:\\\/\\\/techremontas.lt\\\/?s={search_term_string}\"},\"query-input\":{\"@type\":\"PropertyValueSpecification\",\"valueRequired\":true,\"valueName\":\"search_term_string\"}}],\"inLanguage\":\"de\"}]}<\/script>\n<!-- \/ Yoast SEO plugin. -->","yoast_head_json":{"title":"Porsche navigacija - taisykla Vilniuje, Kaune, Klaip\u0117doje, \u0160iauliuose","description":"PORSCHE Navigationskarten in Vilnius und Kaunas zum besten Preis. 12 Monate Garantie. Tel.. 8 (655) 00790 \/ 8 (684) 09811","robots":{"index":"index","follow":"follow","max-snippet":"max-snippet:-1","max-image-preview":"max-image-preview:large","max-video-preview":"max-video-preview:-1"},"canonical":"https:\/\/techremontas.lt\/de\/porsche-navigacija\/","og_locale":"de_DE","og_type":"article","og_title":"Porsche navigacija - taisykla Vilniuje, Kaune, Klaip\u0117doje, \u0160iauliuose","og_description":"PORSCHE avigacijos \u017eem\u0117lapiai Vilniuje ir Kaune geriausia kaina. 12 m\u0117n. garantija. Tel. nr. 8 (655) 00790 \/ 8 (684) 09811","og_url":"https:\/\/techremontas.lt\/de\/porsche-navigacija\/","og_site_name":"taisykla Vilniuje, Kaune, Klaip\u0117doje, \u0160iauliuose","article_modified_time":"2019-04-12T07:41:08+00:00","twitter_card":"summary_large_image","twitter_misc":{"Gesch\u00e4tzte Lesezeit":"1\u00a0Minute"},"schema":{"@context":"https:\/\/schema.org","@graph":[{"@type":"WebPage","@id":"https:\/\/techremontas.lt\/porsche-navigacija\/","url":"https:\/\/techremontas.lt\/porsche-navigacija\/","name":"Porsche navigacija - taisykla Vilniuje, Kaune, Klaip\u0117doje, \u0160iauliuose","isPartOf":{"@id":"https:\/\/techremontas.lt\/#website"},"datePublished":"2019-04-12T07:37:51+00:00","dateModified":"2019-04-12T07:41:08+00:00","description":"PORSCHE Navigationskarten in Vilnius und Kaunas zum besten Preis. 12 Monate Garantie. Tel.. 8 (655) 00790 \/ 8 (684) 09811","breadcrumb":{"@id":"https:\/\/techremontas.lt\/porsche-navigacija\/#breadcrumb"},"inLanguage":"de","potentialAction":[{"@type":"ReadAction","target":["https:\/\/techremontas.lt\/porsche-navigacija\/"]}]},{"@type":"BreadcrumbList","@id":"https:\/\/techremontas.lt\/porsche-navigacija\/#breadcrumb","itemListElement":[{"@type":"ListItem","position":1,"name":"Pagrindinis","item":"https:\/\/techremontas.lt\/"},{"@type":"ListItem","position":2,"name":"Porsche navigacija"}]},{"@type":"WebSite","@id":"https:\/\/techremontas.lt\/#website","url":"https:\/\/techremontas.lt\/","name":"taisykla Vilniuje, Kaune, Klaip\u0117doje, \u0160iauliuose","description":"Service f\u00fcr moderne Elektroger\u00e4te","potentialAction":[{"@type":"SearchAction","target":{"@type":"EntryPoint","urlTemplate":"https:\/\/techremontas.lt\/?s={search_term_string}"},"query-input":{"@type":"PropertyValueSpecification","valueRequired":true,"valueName":"search_term_string"}}],"inLanguage":"de"}]}},"uagb_featured_image_src":{"full":false,"thumbnail":false,"medium":false,"medium_large":false,"large":false,"1536x1536":false,"2048x2048":false,"trp-custom-language-flag":false,"post-thumbnail":false,"vantage-thumbnail-no-sidebar":false,"vantage-slide":false,"vantage-carousel":false,"vantage-grid-loop":false},"uagb_author_info":{"display_name":"valdymas","author_link":"https:\/\/techremontas.lt\/de\/author\/valdymas\/"},"uagb_comment_info":0,"uagb_excerpt":"PORSCHE navigacijos \u017eem\u0117lapiai (PCM 2.1) Airija, Andora, Austrija, \u0160vedija, \u0160veicarija, \u010cekija, Belgija, Bulgarija, Danija, Did\u017eioji Britanija, Estija, Gibraltaras, Graikija, Ispanija, Italija, Kroatija, Latvija, Lenkija, Lichten\u0161teinas, Lietuva (detalus), Liuksemburgas, Monakas, Norvegija, Olandija, Portugalija, Pranc\u016bzija, Rumunija, San Marinas, Slovakija, Suomija, Vatikanas, Vengrija, Vokietija. 911 Carrera | GT2 | GT3 | Targa 4 | Turbo | Boxster |&hellip;","_links":{"self":[{"href":"https:\/\/techremontas.lt\/de\/wp-json\/wp\/v2\/pages\/444","targetHints":{"allow":["GET"]}}],"collection":[{"href":"https:\/\/techremontas.lt\/de\/wp-json\/wp\/v2\/pages"}],"about":[{"href":"https:\/\/techremontas.lt\/de\/wp-json\/wp\/v2\/types\/page"}],"author":[{"embeddable":true,"href":"https:\/\/techremontas.lt\/de\/wp-json\/wp\/v2\/users\/1"}],"replies":[{"embeddable":true,"href":"https:\/\/techremontas.lt\/de\/wp-json\/wp\/v2\/comments?post=444"}],"version-history":[{"count":2,"href":"https:\/\/techremontas.lt\/de\/wp-json\/wp\/v2\/pages\/444\/revisions"}],"predecessor-version":[{"id":446,"href":"https:\/\/techremontas.lt\/de\/wp-json\/wp\/v2\/pages\/444\/revisions\/446"}],"wp:attachment":[{"href":"https:\/\/techremontas.lt\/de\/wp-json\/wp\/v2\/media?parent=444"}],"curies":[{"name":"wp","href":"https:\/\/api.w.org\/{rel}","templated":true}]}}