{"id":733,"date":"2023-02-09T08:22:46","date_gmt":"2023-02-09T10:22:46","guid":{"rendered":"https:\/\/techremontas.lt\/?page_id=733"},"modified":"2025-02-28T16:01:00","modified_gmt":"2025-02-28T18:01:00","slug":"straipsniai","status":"publish","type":"page","link":"https:\/\/techremontas.lt\/de\/straipsniai\/","title":{"rendered":"Technologij\u0173 ir elektronikos naujienos"},"content":{"rendered":"<p>\u0160iame tinklara\u0161tyje siekiame ne tik informuoti apie naujausius technologinius pasiekimus, bet ir pad\u0117ti jums geriau suprasti, kaip efektyviai panaudoti jau turimas technologijas. Nuo praktini\u0173 patarim\u0173, kaip prailginti baterijos veikimo laik\u0105, iki i\u0161sami\u0173 ap\u017evalg\u0173 apie naujausius dirbtinio intelekto pasiekimus \u2013 \u010dia rasite visk\u0105, ko reikia \u0161iuolaikiniam technologij\u0173 entuziastui.<\/p>\n\n\n\n<div class=\"wp-block-columns is-layout-flex wp-container-core-columns-is-layout-9d6595d7 wp-block-columns-is-layout-flex\">\n<div class=\"wp-block-column is-layout-flow wp-block-column-is-layout-flow\" style=\"flex-basis:33.33%\"><ul class=\"wp-block-categories-list wp-block-categories\">\t<li class=\"cat-item cat-item-10\"><a href=\"https:\/\/techremontas.lt\/de\/info\/automobiliniu-navigaciju-atnaujinimas\/\">Aktualisierung der fahrzeuginternen Navigation<\/a> (7)\n<\/li>\n\t<li class=\"cat-item cat-item-11\"><a href=\"https:\/\/techremontas.lt\/de\/info\/dulkiu-siurbliu-remontas\/\">Reparatur von Staubsaugern<\/a> (10)\n<\/li>\n\t<li class=\"cat-item cat-item-8\"><a href=\"https:\/\/techremontas.lt\/de\/info\/el-paspirtuku-remontas-naujienos\/\">E-Scooter Reparatur, Neuigkeiten<\/a> (10)\n<\/li>\n\t<li class=\"cat-item cat-item-16\"><a href=\"https:\/\/techremontas.lt\/de\/info\/elektriniu-irankiu-remontas\/\">Reparatur von Elektrowerkzeugen<\/a> (1)\n<\/li>\n\t<li class=\"cat-item cat-item-13\"><a href=\"https:\/\/techremontas.lt\/de\/info\/fotoaparatu-objektyvu-vaizdo-kameru-remontas\/\">Reparatur von Kameras, Objektiven, Camcordern<\/a> (10)\n<\/li>\n\t<li class=\"cat-item cat-item-6\"><a href=\"https:\/\/techremontas.lt\/de\/info\/kavos-aparatu-remontas-naujienos\/\">Kaffeemaschinenreparatur, Neuigkeiten<\/a> (7)\n<\/li>\n\t<li class=\"cat-item cat-item-3\"><a href=\"https:\/\/techremontas.lt\/de\/info\/stacionarus-kompiuteriai\/\">Computer-Reparatur, Nachrichten<\/a> (275)\n<\/li>\n\t<li class=\"cat-item cat-item-12\"><a href=\"https:\/\/techremontas.lt\/de\/info\/konsoliu-xbox-playstation-nintendo-ir-kitu-remontas\/\">Reparatur von XBOX, PlayStation, Nintendo und anderen Konsolen<\/a> (9)\n<\/li>\n\t<li class=\"cat-item cat-item-19\"><a href=\"https:\/\/techremontas.lt\/de\/info\/laidyniu-lygintuvu-remontas\/\">Reparatur von Gleichrichtern<\/a> (7)\n<\/li>\n\t<li class=\"cat-item cat-item-1\"><a href=\"https:\/\/techremontas.lt\/de\/info\/technologijos\/\">Technologijos<\/a> (88)\n<\/li>\n\t<li class=\"cat-item cat-item-7\"><a href=\"https:\/\/techremontas.lt\/de\/info\/televizoriu-remontas-naujienos\/\">TV-Reparatur, Nachrichten<\/a> (1)\n<\/li>\n<\/ul><\/div>\n\n\n\n<div class=\"wp-block-column is-layout-flow wp-block-column-is-layout-flow\" style=\"flex-basis:66.66%\">\n\t\t\t<div class=\"wp-block-uagb-post-grid uagb-post-grid  uagb-post__image-position-top uagb-post__image-enabled uagb-block-16a58cbf     uagb-post__items uagb-post__columns-3 is-grid uagb-post__columns-tablet-2 uagb-post__columns-mobile-1 uagb-post__equal-height\" data-total=\"69\" style=\"\">\n\n\t\t\t\t\t\t\t\t\t\t\t\t<article class=\"uagb-post__inner-wrap\">\t\t\t\t\t\t\t\t<div class='uagb-post__image'>\n\t\t\t\t\t\t\t\t\t<a href=\"https:\/\/techremontas.lt\/de\/stacionarus-kompiuteriai\/vaizdo-plokstes-nusverimo-priimtinas-matavimas\/\" target=\"_self\" rel=\"bookmark noopener noreferrer\" class='uagb-image-ratio-inherit'><img loading=\"lazy\" decoding=\"async\" width=\"612\" height=\"409\" src=\"https:\/\/techremontas.lt\/wp-content\/uploads\/2026\/05\/Video-card.jpg\" class=\"attachment-large size-large\" alt=\"\" srcset=\"https:\/\/techremontas.lt\/wp-content\/uploads\/2026\/05\/Video-card.jpg 612w, https:\/\/techremontas.lt\/wp-content\/uploads\/2026\/05\/Video-card-300x200.jpg 300w, https:\/\/techremontas.lt\/wp-content\/uploads\/2026\/05\/Video-card-18x12.jpg 18w, https:\/\/techremontas.lt\/wp-content\/uploads\/2026\/05\/Video-card-272x182.jpg 272w\" sizes=\"auto, (max-width: 612px) 100vw, 612px\" \/>\t\t\t\t\t<\/a>\n\t\t\t\t\t\t\t<\/div>\n\t\t\t\t\t\t<h3 class=\"uagb-post__title uagb-post__text\">\n\t\t\t\t<a href=\"https:\/\/techremontas.lt\/de\/stacionarus-kompiuteriai\/vaizdo-plokstes-nusverimo-priimtinas-matavimas\/\" target=\"_self\" rel=\"bookmark noopener noreferrer\">Vaizdo plok\u0161t\u0117s nusv\u0117rimo priimtinas matavimas<\/a>\n\t\t\t<\/h3>\n\t\t\t\t\t\t<div class='uagb-post__text uagb-post-grid-byline'>\n\t\t\t\t\t\t\t\t<time datetime=\"2026-04-06T00:00:00+03:00\" class=\"uagb-post__date\">\n\t\t\t\t\t\t\t\t\t2026-04-06\t\t\t\t<\/time>\n\t\t\t\t\t\t<\/div>\n\t\t\t\t\t\t\t<div class='uagb-post__text uagb-post__excerpt'>\n\t\t\t\t\t<p>Kas i\u0161 tikr\u0173j\u0173 yra vaizdo plok\u0161t\u0117s svoris ir kod\u0117l apie tai kalbama Pirm\u0105 kart\u0105 pirkdamas&#8230;\t\t\t\t<\/div>\n\t\t\t\t\t\t<div class=\"uagb-post__text uagb-post__cta wp-block-button\">\n\t\t\t\t<a class=\"wp-block-button__link uagb-text-link\" style=\"\" href=\"https:\/\/techremontas.lt\/de\/stacionarus-kompiuteriai\/vaizdo-plokstes-nusverimo-priimtinas-matavimas\/\" target=\"_self\" rel=\"bookmark noopener noreferrer\">Skaityti<\/a>\n\t\t\t<\/div>\n\t\t\t\n\t\t\t\t\t\t\t\t\t<\/article>\n\t\t\t\t\t\t\t\t\t\t\t\t\t\t\t\t<article class=\"uagb-post__inner-wrap\">\t\t\t\t\t\t\t\t<div class='uagb-post__image'>\n\t\t\t\t\t\t\t\t\t<a href=\"https:\/\/techremontas.lt\/de\/stacionarus-kompiuteriai\/belaidis-duru-skambutis-signalo-stiprintuvas\/\" target=\"_self\" rel=\"bookmark noopener noreferrer\" class='uagb-image-ratio-inherit'><img loading=\"lazy\" decoding=\"async\" width=\"612\" height=\"407\" src=\"https:\/\/techremontas.lt\/wp-content\/uploads\/2026\/04\/Wireless-doorbell.jpg\" class=\"attachment-large size-large\" alt=\"\" srcset=\"https:\/\/techremontas.lt\/wp-content\/uploads\/2026\/04\/Wireless-doorbell.jpg 612w, https:\/\/techremontas.lt\/wp-content\/uploads\/2026\/04\/Wireless-doorbell-300x200.jpg 300w, https:\/\/techremontas.lt\/wp-content\/uploads\/2026\/04\/Wireless-doorbell-18x12.jpg 18w, https:\/\/techremontas.lt\/wp-content\/uploads\/2026\/04\/Wireless-doorbell-272x182.jpg 272w\" sizes=\"auto, (max-width: 612px) 100vw, 612px\" \/>\t\t\t\t\t<\/a>\n\t\t\t\t\t\t\t<\/div>\n\t\t\t\t\t\t<h3 class=\"uagb-post__title uagb-post__text\">\n\t\t\t\t<a href=\"https:\/\/techremontas.lt\/de\/stacionarus-kompiuteriai\/belaidis-duru-skambutis-signalo-stiprintuvas\/\" target=\"_self\" rel=\"bookmark noopener noreferrer\">Belaid\u017eio dur\u0173 skambu\u010dio signalo stiprintuvas<\/a>\n\t\t\t<\/h3>\n\t\t\t\t\t\t<div class='uagb-post__text uagb-post-grid-byline'>\n\t\t\t\t\t\t\t\t<time datetime=\"2026-04-06T00:00:00+03:00\" class=\"uagb-post__date\">\n\t\t\t\t\t\t\t\t\t2026-04-06\t\t\t\t<\/time>\n\t\t\t\t\t\t<\/div>\n\t\t\t\t\t\t\t<div class='uagb-post__text uagb-post__excerpt'>\n\t\t\t\t\t<p>Kas tai per prietaisas ir kam jo reikia Turb\u016bt daugelis esate susid\u016br\u0119 su tokia situacija&#8230;\t\t\t\t<\/div>\n\t\t\t\t\t\t<div class=\"uagb-post__text uagb-post__cta wp-block-button\">\n\t\t\t\t<a class=\"wp-block-button__link uagb-text-link\" style=\"\" href=\"https:\/\/techremontas.lt\/de\/stacionarus-kompiuteriai\/belaidis-duru-skambutis-signalo-stiprintuvas\/\" target=\"_self\" rel=\"bookmark noopener noreferrer\">Skaityti<\/a>\n\t\t\t<\/div>\n\t\t\t\n\t\t\t\t\t\t\t\t\t<\/article>\n\t\t\t\t\t\t\t\t\t\t\t\t\t\t\t\t<article class=\"uagb-post__inner-wrap\">\t\t\t\t\t\t\t\t<div class='uagb-post__image'>\n\t\t\t\t\t\t\t\t\t<a href=\"https:\/\/techremontas.lt\/de\/stacionarus-kompiuteriai\/nesiojamo-kompiuterio-vyrio-remonto-kaina-lietuvoje\/\" target=\"_self\" rel=\"bookmark noopener noreferrer\" class='uagb-image-ratio-inherit'><img loading=\"lazy\" decoding=\"async\" width=\"612\" height=\"461\" src=\"https:\/\/techremontas.lt\/wp-content\/uploads\/2026\/04\/computer-hinge.jpg\" class=\"attachment-large size-large\" alt=\"\" srcset=\"https:\/\/techremontas.lt\/wp-content\/uploads\/2026\/04\/computer-hinge.jpg 612w, https:\/\/techremontas.lt\/wp-content\/uploads\/2026\/04\/computer-hinge-300x226.jpg 300w, https:\/\/techremontas.lt\/wp-content\/uploads\/2026\/04\/computer-hinge-16x12.jpg 16w\" sizes=\"auto, (max-width: 612px) 100vw, 612px\" \/>\t\t\t\t\t<\/a>\n\t\t\t\t\t\t\t<\/div>\n\t\t\t\t\t\t<h3 class=\"uagb-post__title uagb-post__text\">\n\t\t\t\t<a href=\"https:\/\/techremontas.lt\/de\/stacionarus-kompiuteriai\/nesiojamo-kompiuterio-vyrio-remonto-kaina-lietuvoje\/\" target=\"_self\" rel=\"bookmark noopener noreferrer\">Ne\u0161iojamo kompiuterio vyrio remonto kaina Lietuvoje<\/a>\n\t\t\t<\/h3>\n\t\t\t\t\t\t<div class='uagb-post__text uagb-post-grid-byline'>\n\t\t\t\t\t\t\t\t<time datetime=\"2026-04-06T00:00:00+03:00\" class=\"uagb-post__date\">\n\t\t\t\t\t\t\t\t\t2026-04-06\t\t\t\t<\/time>\n\t\t\t\t\t\t<\/div>\n\t\t\t\t\t\t\t<div class='uagb-post__text uagb-post__excerpt'>\n\t\t\t\t\t<p>Kod\u0117l vyriai l\u016b\u017eta ir kas su tuo susij\u0119 Ne\u0161iojam\u0173 kompiuteri\u0173 vyriai \u2013 tai viena i\u0161&#8230;\t\t\t\t<\/div>\n\t\t\t\t\t\t<div class=\"uagb-post__text uagb-post__cta wp-block-button\">\n\t\t\t\t<a class=\"wp-block-button__link uagb-text-link\" style=\"\" href=\"https:\/\/techremontas.lt\/de\/stacionarus-kompiuteriai\/nesiojamo-kompiuterio-vyrio-remonto-kaina-lietuvoje\/\" target=\"_self\" rel=\"bookmark noopener noreferrer\">Skaityti<\/a>\n\t\t\t<\/div>\n\t\t\t\n\t\t\t\t\t\t\t\t\t<\/article>\n\t\t\t\t\t\t\t\t\t\t\t\t\t\t\t\t<article class=\"uagb-post__inner-wrap\">\t\t\t\t\t\t\t\t<div class='uagb-post__image'>\n\t\t\t\t\t\t\t\t\t<a href=\"https:\/\/techremontas.lt\/de\/laidyniu-lygintuvu-remontas\/ismaniuju-sviestuvu-pritemdymo-funkcijos\/\" target=\"_self\" rel=\"bookmark noopener noreferrer\" class='uagb-image-ratio-inherit'><img loading=\"lazy\" decoding=\"async\" width=\"720\" height=\"480\" src=\"https:\/\/techremontas.lt\/wp-content\/uploads\/2026\/01\/Kaip_sukonfiguruoti_-7-1024x682.jpg\" class=\"attachment-large size-large\" alt=\"\" srcset=\"https:\/\/techremontas.lt\/wp-content\/uploads\/2026\/01\/Kaip_sukonfiguruoti_-7-1024x682.jpg 1024w, https:\/\/techremontas.lt\/wp-content\/uploads\/2026\/01\/Kaip_sukonfiguruoti_-7-300x200.jpg 300w, https:\/\/techremontas.lt\/wp-content\/uploads\/2026\/01\/Kaip_sukonfiguruoti_-7-768x512.jpg 768w, https:\/\/techremontas.lt\/wp-content\/uploads\/2026\/01\/Kaip_sukonfiguruoti_-7-18x12.jpg 18w, https:\/\/techremontas.lt\/wp-content\/uploads\/2026\/01\/Kaip_sukonfiguruoti_-7-272x182.jpg 272w, https:\/\/techremontas.lt\/wp-content\/uploads\/2026\/01\/Kaip_sukonfiguruoti_-7.jpg 1280w\" sizes=\"auto, (max-width: 720px) 100vw, 720px\" \/>\t\t\t\t\t<\/a>\n\t\t\t\t\t\t\t<\/div>\n\t\t\t\t\t\t<h3 class=\"uagb-post__title uagb-post__text\">\n\t\t\t\t<a href=\"https:\/\/techremontas.lt\/de\/laidyniu-lygintuvu-remontas\/ismaniuju-sviestuvu-pritemdymo-funkcijos\/\" target=\"_self\" rel=\"bookmark noopener noreferrer\">I\u0161mani\u0173j\u0173 \u0161viestuv\u0173 pritemdymo funkcijos<\/a>\n\t\t\t<\/h3>\n\t\t\t\t\t\t<div class='uagb-post__text uagb-post-grid-byline'>\n\t\t\t\t\t\t\t\t<time datetime=\"2026-04-06T00:00:00+03:00\" class=\"uagb-post__date\">\n\t\t\t\t\t\t\t\t\t2026-04-06\t\t\t\t<\/time>\n\t\t\t\t\t\t<\/div>\n\t\t\t\t\t\t\t<div class='uagb-post__text uagb-post__excerpt'>\n\t\t\t\t\t<p>Kod\u0117l ap\u0161vietimas tapo protingesnis nei bet kada Prisimenu, kaip prie\u0161 kokius de\u0161imt met\u0173 nor\u0117damas pritemdyti&#8230;\t\t\t\t<\/div>\n\t\t\t\t\t\t<div class=\"uagb-post__text uagb-post__cta wp-block-button\">\n\t\t\t\t<a class=\"wp-block-button__link uagb-text-link\" style=\"\" href=\"https:\/\/techremontas.lt\/de\/laidyniu-lygintuvu-remontas\/ismaniuju-sviestuvu-pritemdymo-funkcijos\/\" target=\"_self\" rel=\"bookmark noopener noreferrer\">Skaityti<\/a>\n\t\t\t<\/div>\n\t\t\t\n\t\t\t\t\t\t\t\t\t<\/article>\n\t\t\t\t\t\t\t\t\t\t\t\t\t\t\t\t<article class=\"uagb-post__inner-wrap\">\t\t\t\t\t\t\t\t<div class='uagb-post__image'>\n\t\t\t\t\t\t\t\t\t<a href=\"https:\/\/techremontas.lt\/de\/stacionarus-kompiuteriai\/kaip-padidinti-oneplus-ikrovimo-greiti\/\" target=\"_self\" rel=\"bookmark noopener noreferrer\" class='uagb-image-ratio-inherit'><img loading=\"lazy\" decoding=\"async\" width=\"612\" height=\"408\" src=\"https:\/\/techremontas.lt\/wp-content\/uploads\/2026\/04\/OnePlus-phones.jpg\" class=\"attachment-large size-large\" alt=\"\" srcset=\"https:\/\/techremontas.lt\/wp-content\/uploads\/2026\/04\/OnePlus-phones.jpg 612w, https:\/\/techremontas.lt\/wp-content\/uploads\/2026\/04\/OnePlus-phones-300x200.jpg 300w, https:\/\/techremontas.lt\/wp-content\/uploads\/2026\/04\/OnePlus-phones-18x12.jpg 18w, https:\/\/techremontas.lt\/wp-content\/uploads\/2026\/04\/OnePlus-phones-272x182.jpg 272w\" sizes=\"auto, (max-width: 612px) 100vw, 612px\" \/>\t\t\t\t\t<\/a>\n\t\t\t\t\t\t\t<\/div>\n\t\t\t\t\t\t<h3 class=\"uagb-post__title uagb-post__text\">\n\t\t\t\t<a href=\"https:\/\/techremontas.lt\/de\/stacionarus-kompiuteriai\/kaip-padidinti-oneplus-ikrovimo-greiti\/\" target=\"_self\" rel=\"bookmark noopener noreferrer\">Kaip padidinti OnePlus \u012fkrovimo greit\u012f?<\/a>\n\t\t\t<\/h3>\n\t\t\t\t\t\t<div class='uagb-post__text uagb-post-grid-byline'>\n\t\t\t\t\t\t\t\t<time datetime=\"2026-04-05T00:00:00+03:00\" class=\"uagb-post__date\">\n\t\t\t\t\t\t\t\t\t2026-04-05\t\t\t\t<\/time>\n\t\t\t\t\t\t<\/div>\n\t\t\t\t\t\t\t<div class='uagb-post__text uagb-post__excerpt'>\n\t\t\t\t\t<p>Kod\u0117l OnePlus telefonai kraunasi l\u0117\u010diau nei tur\u0117t\u0173? Turb\u016bt pasteb\u0117jote, kad j\u016bs\u0173 OnePlus telefonas kartais kraunasi&#8230;\t\t\t\t<\/div>\n\t\t\t\t\t\t<div class=\"uagb-post__text uagb-post__cta wp-block-button\">\n\t\t\t\t<a class=\"wp-block-button__link uagb-text-link\" style=\"\" href=\"https:\/\/techremontas.lt\/de\/stacionarus-kompiuteriai\/kaip-padidinti-oneplus-ikrovimo-greiti\/\" target=\"_self\" rel=\"bookmark noopener noreferrer\">Skaityti<\/a>\n\t\t\t<\/div>\n\t\t\t\n\t\t\t\t\t\t\t\t\t<\/article>\n\t\t\t\t\t\t\t\t\t\t\t\t\t\t\t\t<article class=\"uagb-post__inner-wrap\">\t\t\t\t\t\t\t\t<div class='uagb-post__image'>\n\t\t\t\t\t\t\t\t\t<a href=\"https:\/\/techremontas.lt\/de\/stacionarus-kompiuteriai\/vaizdo-plokstes-temperaturos-stebejimo-programine-iranga\/\" target=\"_self\" rel=\"bookmark noopener noreferrer\" class='uagb-image-ratio-inherit'><img loading=\"lazy\" decoding=\"async\" width=\"612\" height=\"408\" src=\"https:\/\/techremontas.lt\/wp-content\/uploads\/2026\/04\/Video-card1.jpg\" class=\"attachment-large size-large\" alt=\"\" srcset=\"https:\/\/techremontas.lt\/wp-content\/uploads\/2026\/04\/Video-card1.jpg 612w, https:\/\/techremontas.lt\/wp-content\/uploads\/2026\/04\/Video-card1-300x200.jpg 300w, https:\/\/techremontas.lt\/wp-content\/uploads\/2026\/04\/Video-card1-18x12.jpg 18w, https:\/\/techremontas.lt\/wp-content\/uploads\/2026\/04\/Video-card1-272x182.jpg 272w\" sizes=\"auto, (max-width: 612px) 100vw, 612px\" \/>\t\t\t\t\t<\/a>\n\t\t\t\t\t\t\t<\/div>\n\t\t\t\t\t\t<h3 class=\"uagb-post__title uagb-post__text\">\n\t\t\t\t<a href=\"https:\/\/techremontas.lt\/de\/stacionarus-kompiuteriai\/vaizdo-plokstes-temperaturos-stebejimo-programine-iranga\/\" target=\"_self\" rel=\"bookmark noopener noreferrer\">Vaizdo plok\u0161t\u0117s temperat\u016bros steb\u0117jimo programin\u0117 \u012franga<\/a>\n\t\t\t<\/h3>\n\t\t\t\t\t\t<div class='uagb-post__text uagb-post-grid-byline'>\n\t\t\t\t\t\t\t\t<time datetime=\"2026-04-05T00:00:00+03:00\" class=\"uagb-post__date\">\n\t\t\t\t\t\t\t\t\t2026-04-05\t\t\t\t<\/time>\n\t\t\t\t\t\t<\/div>\n\t\t\t\t\t\t\t<div class='uagb-post__text uagb-post__excerpt'>\n\t\t\t\t\t<p>Kod\u0117l apskritai reikia steb\u0117ti vaizdo plok\u0161t\u0117s temperat\u016br\u0105 Vaizdo plok\u0161t\u0117 \u2013 tai vienas i\u0161 labiausiai \u012fkaitan\u010di\u0173&#8230;\t\t\t\t<\/div>\n\t\t\t\t\t\t<div class=\"uagb-post__text uagb-post__cta wp-block-button\">\n\t\t\t\t<a class=\"wp-block-button__link uagb-text-link\" style=\"\" href=\"https:\/\/techremontas.lt\/de\/stacionarus-kompiuteriai\/vaizdo-plokstes-temperaturos-stebejimo-programine-iranga\/\" target=\"_self\" rel=\"bookmark noopener noreferrer\">Skaityti<\/a>\n\t\t\t<\/div>\n\t\t\t\n\t\t\t\t\t\t\t\t\t<\/article>\n\t\t\t\t\t\t\t\t\t\t\t\t\t<div class=\"uagb-post-pagination-wrap\">\n\t\t\t\t\t\t<span aria-current=\"page\" class=\"page-numbers current\">1<\/span>\n<a class=\"page-numbers\" href=\"https:\/\/techremontas.lt\/de\/wp-json\/wp\/v2\/pages\/733\/page\/2\/\">2<\/a>\n<a class=\"page-numbers\" href=\"https:\/\/techremontas.lt\/de\/wp-json\/wp\/v2\/pages\/733\/page\/3\/\">3<\/a>\n<a class=\"page-numbers\" href=\"https:\/\/techremontas.lt\/de\/wp-json\/wp\/v2\/pages\/733\/page\/4\/\">4<\/a>\n<a class=\"page-numbers\" href=\"https:\/\/techremontas.lt\/de\/wp-json\/wp\/v2\/pages\/733\/page\/5\/\">5<\/a>\n<span class=\"page-numbers dots\">...<\/span>\n<a class=\"page-numbers\" href=\"https:\/\/techremontas.lt\/de\/wp-json\/wp\/v2\/pages\/733\/page\/66\/\">66<\/a>\n<a class=\"page-numbers\" href=\"https:\/\/techremontas.lt\/de\/wp-json\/wp\/v2\/pages\/733\/page\/67\/\">67<\/a>\n<a class=\"page-numbers\" href=\"https:\/\/techremontas.lt\/de\/wp-json\/wp\/v2\/pages\/733\/page\/68\/\">68<\/a>\n<a class=\"page-numbers\" href=\"https:\/\/techremontas.lt\/de\/wp-json\/wp\/v2\/pages\/733\/page\/69\/\">69<\/a>\n<a class=\"next page-numbers\" href=\"https:\/\/techremontas.lt\/de\/wp-json\/wp\/v2\/pages\/733\/page\/2\/\">Kitas \u00bb<\/a>\t\t\t\t\t<\/div>\n\t\t\t\t\t\t\t\t<\/div>\n\t\t\t<\/div>\n<\/div>","protected":false},"excerpt":{"rendered":"<p>\u0160iame tinklara\u0161tyje siekiame ne tik informuoti apie naujausius technologinius pasiekimus, bet ir pad\u0117ti jums geriau suprasti, kaip efektyviai panaudoti jau turimas technologijas. Nuo praktini\u0173 patarim\u0173, kaip prailginti baterijos veikimo laik\u0105, iki i\u0161sami\u0173 ap\u017evalg\u0173 apie naujausius dirbtinio intelekto pasiekimus \u2013 \u010dia rasite visk\u0105, ko reikia \u0161iuolaikiniam technologij\u0173 entuziastui.<\/p>","protected":false},"author":1,"featured_media":0,"parent":0,"menu_order":0,"comment_status":"closed","ping_status":"closed","template":"templates\/template-full.php","meta":{"_uag_custom_page_level_css":"","footnotes":""},"class_list":["post-733","page","type-page","status-publish","hentry","post"],"yoast_head":"<!-- This site is optimized with the Yoast SEO plugin v27.3 - https:\/\/yoast.com\/product\/yoast-seo-wordpress\/ -->\n<title>Technologij\u0173 ir elektronikos naujienos - taisykla Vilniuje, Kaune, Klaip\u0117doje, \u0160iauliuose<\/title>\n<meta name=\"robots\" content=\"index, follow, max-snippet:-1, max-image-preview:large, max-video-preview:-1\" \/>\n<link rel=\"canonical\" href=\"https:\/\/techremontas.lt\/de\/straipsniai\/\" \/>\n<meta property=\"og:locale\" content=\"de_DE\" \/>\n<meta property=\"og:type\" content=\"article\" \/>\n<meta property=\"og:title\" content=\"Technologij\u0173 ir elektronikos naujienos - taisykla Vilniuje, Kaune, Klaip\u0117doje, \u0160iauliuose\" \/>\n<meta property=\"og:description\" content=\"\u0160iame tinklara\u0161tyje siekiame ne tik informuoti apie naujausius technologinius pasiekimus, bet ir pad\u0117ti jums geriau suprasti, kaip efektyviai panaudoti jau turimas technologijas. Nuo praktini\u0173 patarim\u0173, kaip prailginti baterijos veikimo laik\u0105, iki i\u0161sami\u0173 ap\u017evalg\u0173 apie naujausius dirbtinio intelekto pasiekimus \u2013 \u010dia rasite visk\u0105, ko reikia \u0161iuolaikiniam technologij\u0173 entuziastui.\" \/>\n<meta property=\"og:url\" content=\"https:\/\/techremontas.lt\/de\/straipsniai\/\" \/>\n<meta property=\"og:site_name\" content=\"taisykla Vilniuje, Kaune, Klaip\u0117doje, \u0160iauliuose\" \/>\n<meta property=\"article:modified_time\" content=\"2025-02-28T18:01:00+00:00\" \/>\n<meta name=\"twitter:card\" content=\"summary_large_image\" \/>\n<script type=\"application\/ld+json\" class=\"yoast-schema-graph\">{\"@context\":\"https:\\\/\\\/schema.org\",\"@graph\":[{\"@type\":\"WebPage\",\"@id\":\"https:\\\/\\\/techremontas.lt\\\/straipsniai\\\/\",\"url\":\"https:\\\/\\\/techremontas.lt\\\/straipsniai\\\/\",\"name\":\"Technologij\u0173 ir elektronikos naujienos - taisykla Vilniuje, Kaune, Klaip\u0117doje, \u0160iauliuose\",\"isPartOf\":{\"@id\":\"https:\\\/\\\/techremontas.lt\\\/#website\"},\"datePublished\":\"2023-02-09T10:22:46+00:00\",\"dateModified\":\"2025-02-28T18:01:00+00:00\",\"breadcrumb\":{\"@id\":\"https:\\\/\\\/techremontas.lt\\\/straipsniai\\\/#breadcrumb\"},\"inLanguage\":\"de\",\"potentialAction\":[{\"@type\":\"ReadAction\",\"target\":[\"https:\\\/\\\/techremontas.lt\\\/straipsniai\\\/\"]}]},{\"@type\":\"BreadcrumbList\",\"@id\":\"https:\\\/\\\/techremontas.lt\\\/straipsniai\\\/#breadcrumb\",\"itemListElement\":[{\"@type\":\"ListItem\",\"position\":1,\"name\":\"Pagrindinis\",\"item\":\"https:\\\/\\\/techremontas.lt\\\/\"},{\"@type\":\"ListItem\",\"position\":2,\"name\":\"Technologij\u0173 ir elektronikos naujienos\"}]},{\"@type\":\"WebSite\",\"@id\":\"https:\\\/\\\/techremontas.lt\\\/#website\",\"url\":\"https:\\\/\\\/techremontas.lt\\\/\",\"name\":\"taisykla Vilniuje, Kaune, Klaip\u0117doje, \u0160iauliuose\",\"description\":\"Modernios el. technikos servisas\",\"potentialAction\":[{\"@type\":\"SearchAction\",\"target\":{\"@type\":\"EntryPoint\",\"urlTemplate\":\"https:\\\/\\\/techremontas.lt\\\/?s={search_term_string}\"},\"query-input\":{\"@type\":\"PropertyValueSpecification\",\"valueRequired\":true,\"valueName\":\"search_term_string\"}}],\"inLanguage\":\"de\"}]}<\/script>\n<!-- \/ Yoast SEO plugin. -->","yoast_head_json":{"title":"Technologij\u0173 ir elektronikos naujienos - taisykla Vilniuje, Kaune, Klaip\u0117doje, \u0160iauliuose","robots":{"index":"index","follow":"follow","max-snippet":"max-snippet:-1","max-image-preview":"max-image-preview:large","max-video-preview":"max-video-preview:-1"},"canonical":"https:\/\/techremontas.lt\/de\/straipsniai\/","og_locale":"de_DE","og_type":"article","og_title":"Technologij\u0173 ir elektronikos naujienos - taisykla Vilniuje, Kaune, Klaip\u0117doje, \u0160iauliuose","og_description":"\u0160iame tinklara\u0161tyje siekiame ne tik informuoti apie naujausius technologinius pasiekimus, bet ir pad\u0117ti jums geriau suprasti, kaip efektyviai panaudoti jau turimas technologijas. Nuo praktini\u0173 patarim\u0173, kaip prailginti baterijos veikimo laik\u0105, iki i\u0161sami\u0173 ap\u017evalg\u0173 apie naujausius dirbtinio intelekto pasiekimus \u2013 \u010dia rasite visk\u0105, ko reikia \u0161iuolaikiniam technologij\u0173 entuziastui.","og_url":"https:\/\/techremontas.lt\/de\/straipsniai\/","og_site_name":"taisykla Vilniuje, Kaune, Klaip\u0117doje, \u0160iauliuose","article_modified_time":"2025-02-28T18:01:00+00:00","twitter_card":"summary_large_image","schema":{"@context":"https:\/\/schema.org","@graph":[{"@type":"WebPage","@id":"https:\/\/techremontas.lt\/straipsniai\/","url":"https:\/\/techremontas.lt\/straipsniai\/","name":"Technologij\u0173 ir elektronikos naujienos - taisykla Vilniuje, Kaune, Klaip\u0117doje, \u0160iauliuose","isPartOf":{"@id":"https:\/\/techremontas.lt\/#website"},"datePublished":"2023-02-09T10:22:46+00:00","dateModified":"2025-02-28T18:01:00+00:00","breadcrumb":{"@id":"https:\/\/techremontas.lt\/straipsniai\/#breadcrumb"},"inLanguage":"de","potentialAction":[{"@type":"ReadAction","target":["https:\/\/techremontas.lt\/straipsniai\/"]}]},{"@type":"BreadcrumbList","@id":"https:\/\/techremontas.lt\/straipsniai\/#breadcrumb","itemListElement":[{"@type":"ListItem","position":1,"name":"Pagrindinis","item":"https:\/\/techremontas.lt\/"},{"@type":"ListItem","position":2,"name":"Technologij\u0173 ir elektronikos naujienos"}]},{"@type":"WebSite","@id":"https:\/\/techremontas.lt\/#website","url":"https:\/\/techremontas.lt\/","name":"taisykla Vilniuje, Kaune, Klaip\u0117doje, \u0160iauliuose","description":"Service f\u00fcr moderne Elektroger\u00e4te","potentialAction":[{"@type":"SearchAction","target":{"@type":"EntryPoint","urlTemplate":"https:\/\/techremontas.lt\/?s={search_term_string}"},"query-input":{"@type":"PropertyValueSpecification","valueRequired":true,"valueName":"search_term_string"}}],"inLanguage":"de"}]}},"uagb_featured_image_src":{"full":false,"thumbnail":false,"medium":false,"medium_large":false,"large":false,"1536x1536":false,"2048x2048":false,"trp-custom-language-flag":false,"post-thumbnail":false,"vantage-thumbnail-no-sidebar":false,"vantage-slide":false,"vantage-carousel":false,"vantage-grid-loop":false},"uagb_author_info":{"display_name":"valdymas","author_link":"https:\/\/techremontas.lt\/de\/author\/valdymas\/"},"uagb_comment_info":0,"uagb_excerpt":"\u0160iame tinklara\u0161tyje siekiame ne tik informuoti apie naujausius technologinius pasiekimus, bet ir pad\u0117ti jums geriau suprasti, kaip efektyviai panaudoti jau turimas technologijas. Nuo praktini\u0173 patarim\u0173, kaip prailginti baterijos veikimo laik\u0105, iki i\u0161sami\u0173 ap\u017evalg\u0173 apie naujausius dirbtinio intelekto pasiekimus \u2013 \u010dia rasite visk\u0105, ko reikia \u0161iuolaikiniam technologij\u0173 entuziastui.","_links":{"self":[{"href":"https:\/\/techremontas.lt\/de\/wp-json\/wp\/v2\/pages\/733","targetHints":{"allow":["GET"]}}],"collection":[{"href":"https:\/\/techremontas.lt\/de\/wp-json\/wp\/v2\/pages"}],"about":[{"href":"https:\/\/techremontas.lt\/de\/wp-json\/wp\/v2\/types\/page"}],"author":[{"embeddable":true,"href":"https:\/\/techremontas.lt\/de\/wp-json\/wp\/v2\/users\/1"}],"replies":[{"embeddable":true,"href":"https:\/\/techremontas.lt\/de\/wp-json\/wp\/v2\/comments?post=733"}],"version-history":[{"count":5,"href":"https:\/\/techremontas.lt\/de\/wp-json\/wp\/v2\/pages\/733\/revisions"}],"predecessor-version":[{"id":2930,"href":"https:\/\/techremontas.lt\/de\/wp-json\/wp\/v2\/pages\/733\/revisions\/2930"}],"wp:attachment":[{"href":"https:\/\/techremontas.lt\/de\/wp-json\/wp\/v2\/media?parent=733"}],"curies":[{"name":"wp","href":"https:\/\/api.w.org\/{rel}","templated":true}]}}