{"id":764,"date":"2023-03-15T04:51:41","date_gmt":"2023-03-15T06:51:41","guid":{"rendered":"https:\/\/techremontas.lt\/?page_id=764"},"modified":"2023-03-15T06:10:07","modified_gmt":"2023-03-15T08:10:07","slug":"kompiuteriai","status":"publish","type":"page","link":"https:\/\/techremontas.lt\/de\/kompiuteriai\/","title":{"rendered":"Computer"},"content":{"rendered":"<p>Wir f\u00fchren nicht nur <a href=\"\/de\/kompiuteriu-remontas\/\">Reparaturen<\/a>sondern verkaufen auch neue und gebrauchte Computer zu besonders g\u00fcnstigen Preisen. Zum Beispiel. <em>Elitebook 840 g6 i5 16gb 512ssd garantie 20 monate.<\/em> 350 \u20ac (Normalpreis 600 \u20ac). Vollst\u00e4ndig <a href=\"https:\/\/www.skelbiu.lt\/skelbimai\/?autocompleted=1&amp;keywords=market7&amp;submit_bn=&amp;cities=0&amp;distance=0&amp;mainCity=0&amp;search=1&amp;category_id=0&amp;user_type=0&amp;ad_since_min=0&amp;ad_since_max=0&amp;visited_page=1&amp;orderBy=-1&amp;detailsSearch=0\" target=\"_blank\" rel=\"noreferrer noopener\">Liste der Computer<\/a>.<\/p>\n\n\n\n<ul class=\"wp-block-list\">\n<li>Laptops und station\u00e4re Computer<\/li>\n\n\n\n<li>Monitore<\/li>\n\n\n\n<li>Apple MacBook Computer, Tablets<\/li>\n<\/ul>\n\n\n\n<ul class=\"wp-block-list\">\n<li><strong>VILNIUS <\/strong>- Savanori\u0173 pr. 1,<strong> tel. <a href=\"tel:\u016b\u0161\u012f\u012f00\u017390\">8 (655) <\/a><a href=\"tel:865500790\">00790<\/a><\/strong><\/li>\n\n\n\n<li><strong>KAUNE <\/strong>- Kovo 11-osios str. 130, <strong>tel. <a href=\"tel:868409811\">8 (684) 09811<\/a><\/strong><\/li>\n<\/ul>\n\n\n\n<figure class=\"wp-block-image size-full\"><a href=\"\/de\/kompiuteriu-remontas\/\"><img loading=\"lazy\" decoding=\"async\" width=\"640\" height=\"427\" src=\"https:\/\/techremontas.lt\/wp-content\/uploads\/2023\/03\/pc-1.jpg\" alt=\"\" class=\"wp-image-779\" srcset=\"https:\/\/techremontas.lt\/wp-content\/uploads\/2023\/03\/pc-1.jpg 640w, https:\/\/techremontas.lt\/wp-content\/uploads\/2023\/03\/pc-1-300x200.jpg 300w, https:\/\/techremontas.lt\/wp-content\/uploads\/2023\/03\/pc-1-272x182.jpg 272w\" sizes=\"auto, (max-width: 640px) 100vw, 640px\" \/><\/a><\/figure>\n\n\n\n<ul class=\"wp-block-list\">\n<li>10 Jahre Erfahrung<\/li>\n\n\n\n<li>Wir garantieren alles<\/li>\n\n\n\n<li>Wir l\u00f6sen alle Probleme<\/li>\n<\/ul>","protected":false},"excerpt":{"rendered":"<p>Neben den Reparaturen verkaufen wir auch neue und gebrauchte Computer zu sehr guten Preisen. Z.B. Elitebook 840 g6 i5 16gb 512ssd Garantie 20 Monate 350 Eur (Normalpreis 600 Eur). Vollst\u00e4ndige Liste der Computer.<\/p>","protected":false},"author":1,"featured_media":0,"parent":0,"menu_order":0,"comment_status":"closed","ping_status":"closed","template":"","meta":{"_uag_custom_page_level_css":"","footnotes":""},"class_list":["post-764","page","type-page","status-publish","hentry","post"],"yoast_head":"<!-- This site is optimized with the Yoast SEO plugin v27.4 - https:\/\/yoast.com\/product\/yoast-seo-wordpress\/ -->\n<title>Kompiuteriai - taisykla Vilniuje, Kaune, Klaip\u0117doje, \u0160iauliuose<\/title>\n<meta name=\"robots\" content=\"index, follow, max-snippet:-1, max-image-preview:large, max-video-preview:-1\" \/>\n<link rel=\"canonical\" href=\"https:\/\/techremontas.lt\/de\/kompiuteriai\/\" \/>\n<meta property=\"og:locale\" content=\"de_DE\" \/>\n<meta property=\"og:type\" content=\"article\" \/>\n<meta property=\"og:title\" content=\"Kompiuteriai - taisykla Vilniuje, Kaune, Klaip\u0117doje, \u0160iauliuose\" \/>\n<meta property=\"og:description\" content=\"Ne tik atliekame remont\u0105, bet ir parduodame naujus ir naudotus kompiuterius ypa\u010d geromis kainomis. Pvz. Elitebook 840 g6 i5 16gb 512ssd garantija 20 m\u0117n. 350 Eur (\u012fprasta kaina 600 Eur). Visas kompiuteri\u0173 s\u0105ra\u0161as.\" \/>\n<meta property=\"og:url\" content=\"https:\/\/techremontas.lt\/de\/kompiuteriai\/\" \/>\n<meta property=\"og:site_name\" content=\"taisykla Vilniuje, Kaune, Klaip\u0117doje, \u0160iauliuose\" \/>\n<meta property=\"article:modified_time\" content=\"2023-03-15T08:10:07+00:00\" \/>\n<meta property=\"og:image\" content=\"https:\/\/techremontas.lt\/wp-content\/uploads\/2023\/03\/pc-1.jpg\" \/>\n<meta name=\"twitter:card\" content=\"summary_large_image\" \/>\n<script type=\"application\/ld+json\" class=\"yoast-schema-graph\">{\"@context\":\"https:\\\/\\\/schema.org\",\"@graph\":[{\"@type\":\"WebPage\",\"@id\":\"https:\\\/\\\/techremontas.lt\\\/kompiuteriai\\\/\",\"url\":\"https:\\\/\\\/techremontas.lt\\\/kompiuteriai\\\/\",\"name\":\"Kompiuteriai - taisykla Vilniuje, Kaune, Klaip\u0117doje, \u0160iauliuose\",\"isPartOf\":{\"@id\":\"https:\\\/\\\/techremontas.lt\\\/#website\"},\"primaryImageOfPage\":{\"@id\":\"https:\\\/\\\/techremontas.lt\\\/kompiuteriai\\\/#primaryimage\"},\"image\":{\"@id\":\"https:\\\/\\\/techremontas.lt\\\/kompiuteriai\\\/#primaryimage\"},\"thumbnailUrl\":\"https:\\\/\\\/techremontas.lt\\\/wp-content\\\/uploads\\\/2023\\\/03\\\/pc-1.jpg\",\"datePublished\":\"2023-03-15T06:51:41+00:00\",\"dateModified\":\"2023-03-15T08:10:07+00:00\",\"breadcrumb\":{\"@id\":\"https:\\\/\\\/techremontas.lt\\\/kompiuteriai\\\/#breadcrumb\"},\"inLanguage\":\"de\",\"potentialAction\":[{\"@type\":\"ReadAction\",\"target\":[\"https:\\\/\\\/techremontas.lt\\\/kompiuteriai\\\/\"]}]},{\"@type\":\"ImageObject\",\"inLanguage\":\"de\",\"@id\":\"https:\\\/\\\/techremontas.lt\\\/kompiuteriai\\\/#primaryimage\",\"url\":\"https:\\\/\\\/techremontas.lt\\\/wp-content\\\/uploads\\\/2023\\\/03\\\/pc-1.jpg\",\"contentUrl\":\"https:\\\/\\\/techremontas.lt\\\/wp-content\\\/uploads\\\/2023\\\/03\\\/pc-1.jpg\"},{\"@type\":\"BreadcrumbList\",\"@id\":\"https:\\\/\\\/techremontas.lt\\\/kompiuteriai\\\/#breadcrumb\",\"itemListElement\":[{\"@type\":\"ListItem\",\"position\":1,\"name\":\"Pagrindinis\",\"item\":\"https:\\\/\\\/techremontas.lt\\\/\"},{\"@type\":\"ListItem\",\"position\":2,\"name\":\"Kompiuteriai\"}]},{\"@type\":\"WebSite\",\"@id\":\"https:\\\/\\\/techremontas.lt\\\/#website\",\"url\":\"https:\\\/\\\/techremontas.lt\\\/\",\"name\":\"taisykla Vilniuje, Kaune, Klaip\u0117doje, \u0160iauliuose\",\"description\":\"Modernios el. technikos servisas\",\"potentialAction\":[{\"@type\":\"SearchAction\",\"target\":{\"@type\":\"EntryPoint\",\"urlTemplate\":\"https:\\\/\\\/techremontas.lt\\\/?s={search_term_string}\"},\"query-input\":{\"@type\":\"PropertyValueSpecification\",\"valueRequired\":true,\"valueName\":\"search_term_string\"}}],\"inLanguage\":\"de\"}]}<\/script>\n<!-- \/ Yoast SEO plugin. -->","yoast_head_json":{"title":"Kompiuteriai - taisykla Vilniuje, Kaune, Klaip\u0117doje, \u0160iauliuose","robots":{"index":"index","follow":"follow","max-snippet":"max-snippet:-1","max-image-preview":"max-image-preview:large","max-video-preview":"max-video-preview:-1"},"canonical":"https:\/\/techremontas.lt\/de\/kompiuteriai\/","og_locale":"de_DE","og_type":"article","og_title":"Kompiuteriai - taisykla Vilniuje, Kaune, Klaip\u0117doje, \u0160iauliuose","og_description":"Ne tik atliekame remont\u0105, bet ir parduodame naujus ir naudotus kompiuterius ypa\u010d geromis kainomis. Pvz. Elitebook 840 g6 i5 16gb 512ssd garantija 20 m\u0117n. 350 Eur (\u012fprasta kaina 600 Eur). Visas kompiuteri\u0173 s\u0105ra\u0161as.","og_url":"https:\/\/techremontas.lt\/de\/kompiuteriai\/","og_site_name":"taisykla Vilniuje, Kaune, Klaip\u0117doje, \u0160iauliuose","article_modified_time":"2023-03-15T08:10:07+00:00","og_image":[{"url":"https:\/\/techremontas.lt\/wp-content\/uploads\/2023\/03\/pc-1.jpg","type":"","width":"","height":""}],"twitter_card":"summary_large_image","schema":{"@context":"https:\/\/schema.org","@graph":[{"@type":"WebPage","@id":"https:\/\/techremontas.lt\/kompiuteriai\/","url":"https:\/\/techremontas.lt\/kompiuteriai\/","name":"Kompiuteriai - taisykla Vilniuje, Kaune, Klaip\u0117doje, \u0160iauliuose","isPartOf":{"@id":"https:\/\/techremontas.lt\/#website"},"primaryImageOfPage":{"@id":"https:\/\/techremontas.lt\/kompiuteriai\/#primaryimage"},"image":{"@id":"https:\/\/techremontas.lt\/kompiuteriai\/#primaryimage"},"thumbnailUrl":"https:\/\/techremontas.lt\/wp-content\/uploads\/2023\/03\/pc-1.jpg","datePublished":"2023-03-15T06:51:41+00:00","dateModified":"2023-03-15T08:10:07+00:00","breadcrumb":{"@id":"https:\/\/techremontas.lt\/kompiuteriai\/#breadcrumb"},"inLanguage":"de","potentialAction":[{"@type":"ReadAction","target":["https:\/\/techremontas.lt\/kompiuteriai\/"]}]},{"@type":"ImageObject","inLanguage":"de","@id":"https:\/\/techremontas.lt\/kompiuteriai\/#primaryimage","url":"https:\/\/techremontas.lt\/wp-content\/uploads\/2023\/03\/pc-1.jpg","contentUrl":"https:\/\/techremontas.lt\/wp-content\/uploads\/2023\/03\/pc-1.jpg"},{"@type":"BreadcrumbList","@id":"https:\/\/techremontas.lt\/kompiuteriai\/#breadcrumb","itemListElement":[{"@type":"ListItem","position":1,"name":"Pagrindinis","item":"https:\/\/techremontas.lt\/"},{"@type":"ListItem","position":2,"name":"Kompiuteriai"}]},{"@type":"WebSite","@id":"https:\/\/techremontas.lt\/#website","url":"https:\/\/techremontas.lt\/","name":"taisykla Vilniuje, Kaune, Klaip\u0117doje, \u0160iauliuose","description":"Service f\u00fcr moderne Elektroger\u00e4te","potentialAction":[{"@type":"SearchAction","target":{"@type":"EntryPoint","urlTemplate":"https:\/\/techremontas.lt\/?s={search_term_string}"},"query-input":{"@type":"PropertyValueSpecification","valueRequired":true,"valueName":"search_term_string"}}],"inLanguage":"de"}]}},"uagb_featured_image_src":{"full":false,"thumbnail":false,"medium":false,"medium_large":false,"large":false,"1536x1536":false,"2048x2048":false,"trp-custom-language-flag":false,"post-thumbnail":false,"vantage-thumbnail-no-sidebar":false,"vantage-slide":false,"vantage-carousel":false,"vantage-grid-loop":false},"uagb_author_info":{"display_name":"valdymas","author_link":"https:\/\/techremontas.lt\/de\/author\/valdymas\/"},"uagb_comment_info":0,"uagb_excerpt":"Ne tik atliekame remont\u0105, bet ir parduodame naujus ir naudotus kompiuterius ypa\u010d geromis kainomis. Pvz. Elitebook 840 g6 i5 16gb 512ssd garantija 20 m\u0117n. 350 Eur (\u012fprasta kaina 600 Eur). Visas kompiuteri\u0173 s\u0105ra\u0161as.","_links":{"self":[{"href":"https:\/\/techremontas.lt\/de\/wp-json\/wp\/v2\/pages\/764","targetHints":{"allow":["GET"]}}],"collection":[{"href":"https:\/\/techremontas.lt\/de\/wp-json\/wp\/v2\/pages"}],"about":[{"href":"https:\/\/techremontas.lt\/de\/wp-json\/wp\/v2\/types\/page"}],"author":[{"embeddable":true,"href":"https:\/\/techremontas.lt\/de\/wp-json\/wp\/v2\/users\/1"}],"replies":[{"embeddable":true,"href":"https:\/\/techremontas.lt\/de\/wp-json\/wp\/v2\/comments?post=764"}],"version-history":[{"count":5,"href":"https:\/\/techremontas.lt\/de\/wp-json\/wp\/v2\/pages\/764\/revisions"}],"predecessor-version":[{"id":780,"href":"https:\/\/techremontas.lt\/de\/wp-json\/wp\/v2\/pages\/764\/revisions\/780"}],"wp:attachment":[{"href":"https:\/\/techremontas.lt\/de\/wp-json\/wp\/v2\/media?parent=764"}],"curies":[{"name":"wp","href":"https:\/\/api.w.org\/{rel}","templated":true}]}}