{"id":267,"date":"2019-04-10T09:26:53","date_gmt":"2019-04-10T11:26:53","guid":{"rendered":"https:\/\/techremontas.lt\/?page_id=267"},"modified":"2019-04-10T10:43:03","modified_gmt":"2019-04-10T12:43:03","slug":"bmw-navigacija","status":"publish","type":"page","link":"https:\/\/techremontas.lt\/en\/bmw-navigacija\/","title":{"rendered":"BMW navigation"},"content":{"rendered":"<h2 class=\"wp-block-heading\"><strong>BMW navigation maps (CIC Premium \/ CIC-MID Business Motion \/ Champ2 Business Move \/ NBT Next HU-H) <\/strong><\/h2>\n\n\n\n<p><p><strong>Lithuania (detailed)<\/strong>Germany, Austria, Andorra, Belgium, Switzerland, Czech Republic, Denmark, Spain, France, Finland, Liechtenstein, United Kingdom, Greece, Ireland, Italy, Luxembourg, Monaco, Monaco, Norway, Netherlands, Portugal, San Marino, Sweden, Vatican City, Russia, Poland, Hungary, Poland, Croatia, Slovenia, Belarus, Estonia, Latvia, Latvia, Estonia. <br><br><em>BMW 1 E81, E82, E87, E88 (2008.09-2014.03) <br>BMW 1 F20, F21 (2011.09-2013.03) <br>BMW 3 E90, E91, E92, E93 (2008.09-2013.10) <br>BMW 3 F30 (2012.02-2012.11) <br>BMW 5 E60, E61 (2008.11-2010.05) <br>BMW 5 F7 (2009.10-2012.07) <br>BMW 5 F10, F11 (2010.03-2012.09) <br>BMW 6 E63, E64 (2008.11-2010.07) <br>BMW 6 F06 (2012.03-2013.03) <br>BMW 6 F12, F13 (2012.10-2013.03) <br>BMW 7 F01, F02, F03, F04 (2008.11-2012.07) <br>BMW Z4 E89 (from 2009.04)  <br>BMW X1 E84 (2009.10-2015) <br>BMW X3 F25 (2010.11-2013.04) <br>BMW X5 E70 (2009.10-2013.06) <br>BMW X6 E71 (2008.05-2014.07) <\/em><br><br> Warranty 12 months. | Vilnius and Kaunas | Best price<\/p><\/p><hr\/>\n\n\n\n<h2 class=\"wp-block-heading\"><strong>BMW navigation maps (CCC Professional) <br><\/strong><\/h2>\n\n\n\n<p>CD 1 - Ireland, Andorra, Belgium, Great Britain, Gibraltar, Luxembourg, Monaco, Spain, Netherlands, Portugal, France + Europe's main roads.  <br>CD 2 - Austria, Belgium, Denmark, Czech Republic, Germany, Italy, Liechtenstein, Luxembourg, Netherlands, San Marino, Slovenia, Switzerland, Vatican City, Germany + European main roads. <strong><br><\/strong>CD 3 - Albania, Belarus, Bulgaria, Croatia, Estonia, Greece, Latvia, Montenegro, Poland, <strong> Lithuania (detailed)<\/strong>, Norway, Romania, Russia, Slovakia, Slovenia, Finland, Sweden, Ukraine, Hungary + European main roads.<br> <br><em>BMW 1 (E81, E82, E88, E87) until 2008.09<br>BMW 3 (E90, E91, E92, E93) until 2008.09<br>BMW 5 (E60, E61) until 2008.11<br>BMW 6 (E63, E64) until 2008.11<br>BMW X5 (E70) until 2009.10<br>BMW X6 (E71) until 2009.10 <\/em><br><em> <\/em><br>Warranty 12 months. | Vilnius and Kaunas | Best price<\/p><hr\/>\n\n\n\n<h2 class=\"wp-block-heading\"><strong>BMW navigation maps (M-ASK I pre-LCI)<\/strong><\/h2>\n\n\n<p>CD 1 - Andorra, Austria, Belgium, Czech Republic, Denmark, Finland, France, Germany, Greece, Ireland, Gibraltar, Ireland, Ireland, Italy, Liechtenstein, Luxembourg, Monaco, Norway, Netherlands, Portugal, San Marino, Spain, Sweden, Switzerland, Vatican City, Vatican City, UK.<strong><br \/><\/strong>CD 2 - Austria, Croatia, Czech Republic, Denmark, Estonia, Finland, France, Germany, Greece, Hungary, Italy, Liechtenstein, Norway, San Marino, Slovakia, Slovenia, Spain, Sweden, Switzerland, Vatican City.<br \/><br \/><em>BMW non-Facelift (pre-LCI) models (made 2003-2007) with Business navigation, which shows navigation only by arrows (no 2D maps) <\/em><br \/><br \/>Warranty 12 months. | Vilnius and Kaunas | Best price<\/p>\n<hr \/>\n\n\n<h2 class=\"wp-block-heading\"><strong>BMW navigation maps (M-ASK II LCI)<\/strong><\/h2>\n\n\n<p>CD 1 - Andorra, Austria, Belgium, Czech Republic, Denmark, Finland, France, Germany, Greece, Ireland, Gibraltar, Ireland, Ireland, Italy, Liechtenstein, Luxembourg, Monaco, Norway, Netherlands, Portugal, San Marino, Spain, Sweden, Switzerland, Vatican City, Vatican City, UK. <br \/>CD 2 - Austria, Croatia, Czech Republic, Denmark, Estonia, Finland, France, Germany, Greece, Hungary, Italy, Liechtenstein, Norway, San Marino, Slovakia, Slovenia, Spain, Sweden, Switzerland, Vatican City.<br \/>CD 3 - Ireland, Andorra, Austria, Belgium, Bulgaria, Czech Republic, Denmark, Great Britain, Estonia, Gibraltar, Greece, Spain, Italy, Croatia, Latvia, Poland, Liechtenstein, <strong>Lithuania (detailed)<\/strong>, Luxembourg, Monaco, Norway, Netherlands, Portugal, France, Romania, San Marino, Slovakia, Slovenia, Finland, Sweden, Switzerland, Vatican City, Hungary, Germany. <br \/><br \/><em>BMW Facelift (LCI) models 2007 - 2010<br \/>BMW neFacelift (pre-LCI) models 2003 - 2007 <\/em> <br \/><br \/>Warranty 12 months. | Vilnius and Kaunas | Best price<\/p>\n<hr \/>\n\n\n<h2 class=\"wp-block-heading\"><strong>BMW navigation maps (iDrive II, NAVI02\/NAVI03)<\/strong><\/h2>\n\n\n<p>CD 1 - Andorra, Austria, Belgium, Czech Republic, Denmark, Finland, France, Germany, Greece, Ireland, Gibraltar, Ireland, Ireland, Italy, Liechtenstein, Luxembourg, Monaco, Norway, Netherlands, Portugal, San Marino, Spain, Sweden, Switzerland, Vatican City, Vatican City, UK. <br \/>CD 2 - Austria, Belarus, Bulgaria, Croatia, Czech Republic, Denmark, Estonia, Estonia, Greece, Hungary, Italy, Liechtenstein, Latvia, Poland, <strong> Lithuania (detailed)<\/strong>, Norway, Romania, Russia, San Marino, Slovakia, Slovenia, Finland, Sweden, Switzerland, Vatican City, Hungary, Germany. <br \/><br \/><em>BMW 3er 2002 - 2007<br \/>BMW 5er 2002 - 2003<br \/>BMW 7er 2001 - 2007<br \/>BMW X3 2001 - 2007<br \/>BMW X5 1999 - 2008<br \/>BMW Z4 2002 - 2009<br \/>BMW Z8 2000 - 2003 <\/em><br \/><br \/>Warranty 12 months. | Vilnius and Kaunas | Best price<\/p>\n<hr \/>\n\n\n<h2 class=\"wp-block-heading\"><strong>BMW navigation maps (iDrive I, NAVI01 MK1 MK2 MK3 MK4)<\/strong><\/h2>\n\n\n\n<p>CD 1 - Belgium, Netherlands, Luxembourg<br>CD 2 - Austria, Liechtenstein, Switzerland, Germany, sh. Italy<br>CD 3 - Eastern Europe 1 - Estonia, Latvia, <strong> Lithuania (detailed)<\/strong><br>CD 4 - Eastern Europe 2 - Bulgaria, Croatia, Czech Republic, Hungary, Poland, Romania, Slovakia, Slovenia<br>CD 5 - sh. France<br>CD 6 - p. France<br>CD 7 - Germany<br>CD 8 - Italy, San Marino, Vatican City, Greece<br>CD 9 - Denmark, Sweden, Finland, Norway<br>CD 10 - Spain<br>CD 11 - Portugal<br>CD 12 - England, Scotland, Ireland<br>CD 13 - Maps of major roads in Europe.<br><br><em>3er 2003-2007<br>5er 1995-2003<br>7er 1993-2007<br>X3 -2007<br>X5 1999-2008<br>M5 -2007<br>Z4 2002-2009<br>Z8 2000-2003<\/em><br><br> Warranty 12 months. | Vilnius and Kaunas | Best price <\/p><hr\/>\n\n\n\n<p> <\/p>","protected":false},"excerpt":{"rendered":"<p>BMW navigacijos \u017eem\u0117lapiai (CIC Premium \/ CIC-MID Business Motion \/ Champ2 Business Move \/ NBT Next HU-H) Lietuva (detalus), Vokietija, Austrija, Andora, Belgija, \u0160veicarija, \u010cekija, Danija, Ispanija, Pranc\u016bzija, Suomija, Lichten\u0161teinas, Jungtin\u0117 Karalyst\u0117, Graikija, Airija, Italija, Liuksemburgas, Monakas, Norvegija, Nyderlandai, Portugalija, San Marinas, \u0160vedija, Vatikanas, Rusija, Lenkija, Vengrija, Kroatija, Slov\u0117nija, Baltarusija, Estija, Latvija. BMW 1 E81, [&hellip;]<\/p>\n","protected":false},"author":1,"featured_media":0,"parent":0,"menu_order":0,"comment_status":"closed","ping_status":"closed","template":"","meta":{"_uag_custom_page_level_css":"","footnotes":""},"class_list":["post-267","page","type-page","status-publish","hentry","post"],"yoast_head":"<!-- This site is optimized with the Yoast SEO plugin v27.3 - https:\/\/yoast.com\/product\/yoast-seo-wordpress\/ -->\n<title>BMW navigacija - taisykla Vilniuje, Kaune, Klaip\u0117doje, \u0160iauliuose<\/title>\n<meta name=\"description\" content=\"BMW navigacijos \u017eem\u0117lapiai Vilniuje ir Kaune geriausia kaina. 12 m\u0117n. garantija. Tel. nr. 8 (655) 00790 \/ 8 (684) 09811\" \/>\n<meta name=\"robots\" content=\"index, follow, max-snippet:-1, max-image-preview:large, max-video-preview:-1\" \/>\n<link rel=\"canonical\" href=\"https:\/\/techremontas.lt\/en\/bmw-navigacija\/\" \/>\n<meta property=\"og:locale\" content=\"en_US\" \/>\n<meta property=\"og:type\" content=\"article\" \/>\n<meta property=\"og:title\" content=\"BMW navigacija - taisykla Vilniuje, Kaune, Klaip\u0117doje, \u0160iauliuose\" \/>\n<meta property=\"og:description\" content=\"BMW navigacijos \u017eem\u0117lapiai Vilniuje ir Kaune geriausia kaina. 12 m\u0117n. garantija. Tel. nr. 8 (655) 00790 \/ 8 (684) 09811\" \/>\n<meta property=\"og:url\" content=\"https:\/\/techremontas.lt\/en\/bmw-navigacija\/\" \/>\n<meta property=\"og:site_name\" content=\"taisykla Vilniuje, Kaune, Klaip\u0117doje, \u0160iauliuose\" \/>\n<meta property=\"article:modified_time\" content=\"2019-04-10T12:43:03+00:00\" \/>\n<meta name=\"twitter:card\" content=\"summary_large_image\" \/>\n<meta name=\"twitter:label1\" content=\"Est. reading time\" \/>\n\t<meta name=\"twitter:data1\" content=\"3 minutes\" \/>\n<script type=\"application\/ld+json\" class=\"yoast-schema-graph\">{\"@context\":\"https:\\\/\\\/schema.org\",\"@graph\":[{\"@type\":\"WebPage\",\"@id\":\"https:\\\/\\\/techremontas.lt\\\/bmw-navigacija\\\/\",\"url\":\"https:\\\/\\\/techremontas.lt\\\/bmw-navigacija\\\/\",\"name\":\"BMW navigacija - taisykla Vilniuje, Kaune, Klaip\u0117doje, \u0160iauliuose\",\"isPartOf\":{\"@id\":\"https:\\\/\\\/techremontas.lt\\\/#website\"},\"datePublished\":\"2019-04-10T11:26:53+00:00\",\"dateModified\":\"2019-04-10T12:43:03+00:00\",\"description\":\"BMW navigacijos \u017eem\u0117lapiai Vilniuje ir Kaune geriausia kaina. 12 m\u0117n. garantija. Tel. nr. 8 (655) 00790 \\\/ 8 (684) 09811\",\"breadcrumb\":{\"@id\":\"https:\\\/\\\/techremontas.lt\\\/bmw-navigacija\\\/#breadcrumb\"},\"inLanguage\":\"en-US\",\"potentialAction\":[{\"@type\":\"ReadAction\",\"target\":[\"https:\\\/\\\/techremontas.lt\\\/bmw-navigacija\\\/\"]}]},{\"@type\":\"BreadcrumbList\",\"@id\":\"https:\\\/\\\/techremontas.lt\\\/bmw-navigacija\\\/#breadcrumb\",\"itemListElement\":[{\"@type\":\"ListItem\",\"position\":1,\"name\":\"Pagrindinis\",\"item\":\"https:\\\/\\\/techremontas.lt\\\/\"},{\"@type\":\"ListItem\",\"position\":2,\"name\":\"BMW navigacija\"}]},{\"@type\":\"WebSite\",\"@id\":\"https:\\\/\\\/techremontas.lt\\\/#website\",\"url\":\"https:\\\/\\\/techremontas.lt\\\/\",\"name\":\"taisykla Vilniuje, Kaune, Klaip\u0117doje, \u0160iauliuose\",\"description\":\"Modernios el. technikos servisas\",\"potentialAction\":[{\"@type\":\"SearchAction\",\"target\":{\"@type\":\"EntryPoint\",\"urlTemplate\":\"https:\\\/\\\/techremontas.lt\\\/?s={search_term_string}\"},\"query-input\":{\"@type\":\"PropertyValueSpecification\",\"valueRequired\":true,\"valueName\":\"search_term_string\"}}],\"inLanguage\":\"en-US\"}]}<\/script>\n<!-- \/ Yoast SEO plugin. -->","yoast_head_json":{"title":"BMW navigacija - taisykla Vilniuje, Kaune, Klaip\u0117doje, \u0160iauliuose","description":"BMW navigation maps in Vilnius and Kaunas at the best price. 12 months warranty. Tel. 8 (655) 00790 \/ 8 (684) 09811","robots":{"index":"index","follow":"follow","max-snippet":"max-snippet:-1","max-image-preview":"max-image-preview:large","max-video-preview":"max-video-preview:-1"},"canonical":"https:\/\/techremontas.lt\/en\/bmw-navigacija\/","og_locale":"en_US","og_type":"article","og_title":"BMW navigacija - taisykla Vilniuje, Kaune, Klaip\u0117doje, \u0160iauliuose","og_description":"BMW navigacijos \u017eem\u0117lapiai Vilniuje ir Kaune geriausia kaina. 12 m\u0117n. garantija. Tel. nr. 8 (655) 00790 \/ 8 (684) 09811","og_url":"https:\/\/techremontas.lt\/en\/bmw-navigacija\/","og_site_name":"taisykla Vilniuje, Kaune, Klaip\u0117doje, \u0160iauliuose","article_modified_time":"2019-04-10T12:43:03+00:00","twitter_card":"summary_large_image","twitter_misc":{"Est. reading time":"3 minutes"},"schema":{"@context":"https:\/\/schema.org","@graph":[{"@type":"WebPage","@id":"https:\/\/techremontas.lt\/bmw-navigacija\/","url":"https:\/\/techremontas.lt\/bmw-navigacija\/","name":"BMW navigacija - taisykla Vilniuje, Kaune, Klaip\u0117doje, \u0160iauliuose","isPartOf":{"@id":"https:\/\/techremontas.lt\/#website"},"datePublished":"2019-04-10T11:26:53+00:00","dateModified":"2019-04-10T12:43:03+00:00","description":"BMW navigation maps in Vilnius and Kaunas at the best price. 12 months warranty. Tel. 8 (655) 00790 \/ 8 (684) 09811","breadcrumb":{"@id":"https:\/\/techremontas.lt\/bmw-navigacija\/#breadcrumb"},"inLanguage":"en-US","potentialAction":[{"@type":"ReadAction","target":["https:\/\/techremontas.lt\/bmw-navigacija\/"]}]},{"@type":"BreadcrumbList","@id":"https:\/\/techremontas.lt\/bmw-navigacija\/#breadcrumb","itemListElement":[{"@type":"ListItem","position":1,"name":"Pagrindinis","item":"https:\/\/techremontas.lt\/"},{"@type":"ListItem","position":2,"name":"BMW navigacija"}]},{"@type":"WebSite","@id":"https:\/\/techremontas.lt\/#website","url":"https:\/\/techremontas.lt\/","name":"taisykla Vilniuje, Kaune, Klaip\u0117doje, \u0160iauliuose","description":"Modern electrical appliances service","potentialAction":[{"@type":"SearchAction","target":{"@type":"EntryPoint","urlTemplate":"https:\/\/techremontas.lt\/?s={search_term_string}"},"query-input":{"@type":"PropertyValueSpecification","valueRequired":true,"valueName":"search_term_string"}}],"inLanguage":"en-US"}]}},"uagb_featured_image_src":{"full":false,"thumbnail":false,"medium":false,"medium_large":false,"large":false,"1536x1536":false,"2048x2048":false,"trp-custom-language-flag":false,"post-thumbnail":false,"vantage-thumbnail-no-sidebar":false,"vantage-slide":false,"vantage-carousel":false,"vantage-grid-loop":false},"uagb_author_info":{"display_name":"valdymas","author_link":"https:\/\/techremontas.lt\/en\/author\/valdymas\/"},"uagb_comment_info":0,"uagb_excerpt":"BMW navigacijos \u017eem\u0117lapiai (CIC Premium \/ CIC-MID Business Motion \/ Champ2 Business Move \/ NBT Next HU-H) Lietuva (detalus), Vokietija, Austrija, Andora, Belgija, \u0160veicarija, \u010cekija, Danija, Ispanija, Pranc\u016bzija, Suomija, Lichten\u0161teinas, Jungtin\u0117 Karalyst\u0117, Graikija, Airija, Italija, Liuksemburgas, Monakas, Norvegija, Nyderlandai, Portugalija, San Marinas, \u0160vedija, Vatikanas, Rusija, Lenkija, Vengrija, Kroatija, Slov\u0117nija, Baltarusija, Estija, Latvija. BMW 1 E81,&hellip;","_links":{"self":[{"href":"https:\/\/techremontas.lt\/en\/wp-json\/wp\/v2\/pages\/267","targetHints":{"allow":["GET"]}}],"collection":[{"href":"https:\/\/techremontas.lt\/en\/wp-json\/wp\/v2\/pages"}],"about":[{"href":"https:\/\/techremontas.lt\/en\/wp-json\/wp\/v2\/types\/page"}],"author":[{"embeddable":true,"href":"https:\/\/techremontas.lt\/en\/wp-json\/wp\/v2\/users\/1"}],"replies":[{"embeddable":true,"href":"https:\/\/techremontas.lt\/en\/wp-json\/wp\/v2\/comments?post=267"}],"version-history":[{"count":8,"href":"https:\/\/techremontas.lt\/en\/wp-json\/wp\/v2\/pages\/267\/revisions"}],"predecessor-version":[{"id":280,"href":"https:\/\/techremontas.lt\/en\/wp-json\/wp\/v2\/pages\/267\/revisions\/280"}],"wp:attachment":[{"href":"https:\/\/techremontas.lt\/en\/wp-json\/wp\/v2\/media?parent=267"}],"curies":[{"name":"wp","href":"https:\/\/api.w.org\/{rel}","templated":true}]}}