{"id":309,"date":"2019-04-11T06:23:04","date_gmt":"2019-04-11T08:23:04","guid":{"rendered":"https:\/\/techremontas.lt\/?page_id=309"},"modified":"2019-04-11T07:03:58","modified_gmt":"2019-04-11T09:03:58","slug":"ford-navigacija","status":"publish","type":"page","link":"https:\/\/techremontas.lt\/en\/ford-navigacija\/","title":{"rendered":"Ford navigation"},"content":{"rendered":"\n<h2 class=\"wp-block-heading\"><strong>FORD navigacijos \u017eem\u0117lapiai (DENSO DVD)<\/strong><\/h2>\n\n\n<p>CD 1 &#8211; Vakar\u0173 ir Centrin\u0117 Europa. <br \/>CD 2 &#8211; Centrin\u0117 ir Ryt\u0173 Europa: Airija, Andora, Austrija, Belgija, \u010cekija, Danija, D.Britanija, Gibraltaras, Estija, Ispanija, Italija, Latvija, <strong>Lietuva (detalus)<\/strong>, Lenkija, Lichten\u0161teinas, Liuksemburgas, Monakas, Norvegija, Olandija, Portugalija, Pranc\u016bzija, San Marinas, Slovakija, Suomija, \u0160vedija, \u0160veicarija, Vatikanas, Vengrija, Vokietija. <br \/><br \/><em>Focus \/ Mondeo \/ C-Max \/ S-Max <\/em><br \/><br \/>Garantija 12 m\u0117n. | Vilniuje ir Kaune | Geriausia kaina<\/p>\n<hr \/>\n\n\n<h2 class=\"wp-block-heading\"><strong>FORD navigacijos \u017eem\u0117lapiai (Blaupunkt TravelPilot DX, MFD, 9000VNR, MkI, MkII, Becker, MkII\/B)<\/strong><\/h2>\n\n\n<p>CD 1 \u2013 Austrija, \u0160veicarija, Lichten\u0161teinas, p. Pranc\u016bzija, p. Vokietija, \u0161. Italija <br \/>CD 2 \u2013 Belgija, Olandija, Liuksemburgas<br \/>CD 3 \u2013 \u010cekija, <strong>Lenkija <\/strong><br \/>CD 4 \u2013 Vokietija<br \/>CD 5 \u2013 Italija, San Marinas, Vatikanas<br \/>CD 6 \u2013 Suomija, \u0160vedija, Norvegija, Danija<br \/>CD 7 \u2013 Ispanija, Portugalija<br \/>CD 8 \u2013 Pranc\u016bzija<br \/>CD 9 \u2013 Europos pagrindini\u0173 keli\u0173 \u017eem\u0117lapiai. <br \/><br \/><em>Ford 1998-2010 m. nespalvotas ekranas, rodomos kryptis, \u017e\u0117m\u0117lapiai nerodomi<\/em><br \/><br \/>Garantija 12 m\u0117n. | Vilniuje ir Kaune | Geriausia kaina<\/p>\n<hr \/>\n\n\n<h2 class=\"wp-block-heading\"><strong>FORD navigacijos \u017eem\u0117lapiai (Blaupunkt TravelPilot EX)<\/strong><\/h2>\n\n\n<p>Neatnaujiname<br \/><br \/><em>Ford 2004-2007 m. nespalvotas ekranas, \u017ealias ap\u0161vietimas, rodomos kryptis, \u017e\u0117m\u0117lapiai nerodomi<\/em><br \/><br \/><br \/>Garantija 12 m\u0117n. | Vilniuje ir Kaune | Geriausia kaina<\/p>\n<hr \/>\n\n\n<h2 class=\"wp-block-heading\"><strong>FORD navigacijos \u017eem\u0117lapiai (Blaupunkt TravelPilot FX)<\/strong><\/h2>\n\n\n<p>Andora, Austrija, Kroatija, \u010cekija, Danija, Suomija, Pranc\u016bzija, Vokietija, Gibraltaras, Vengrija, Airija, Italija, Lichten\u0161teinas, Liuksemburgas, Monakas, Nyderlandai, Norvegija, <strong>Lenkija<\/strong>, Portugalija, San Marinas, Slovakija, Slov\u0117nija, Ispanija, \u0160vedija, \u0160veicarija, Jungtin\u0117 Karalyst\u0117, Vatikanas. <br \/><br \/><em> FORD C-Max [2007.10-2011.10]<br \/>FORD Focus [2007.10-2011.06]<br \/>FORD Fusion [2008.11-2012.06]<br \/>FORD Galaxy [2007.10-2010.08]<br \/>FORD Kuga [2008.04-2010.10]<br \/>FORD Mondeo [2007.10-2010.08]<br \/>FORD S-Max [2007.10-2010.08]<br \/>FORD Transit [2008.09-2012.06] <\/em><br \/><br \/>Garantija 12 m\u0117n. | Vilniuje ir Kaune | Geriausia kaina<\/p>\n<hr \/>\n\n\n<h2 class=\"wp-block-heading\"><strong>FORD navigacijos \u017eem\u0117lapiai (Blaupunkt TravelPilot NX (HSRNS))<\/strong><\/h2>\n\n\n<p>Neatnaujiname<br \/><br \/><em>Ford 2007-2010 m.<\/em><br \/><br \/>Garantija 12 m\u0117n. | Vilniuje ir Kaune | Geriausia kaina<\/p>\n<hr \/>\n\n\n<h2 class=\"wp-block-heading\"><strong>FORD navigacijos \u017eem\u0117lapiai (MCA)<\/strong><\/h2>\n\n\n<p>Andora, Austrija, Belgija, Kroatija, \u010cekija, Danija, Estija, Suomija, Pranc\u016bzija, Vokietijam Gibraltaras, Graikija, Vengrija, Airija, Italija, Latvija, Lichten\u0161teinas, <strong>Lietuva<\/strong>, Liuksemburgas, Monakas, Nyderlandai, Norvegija, Lenkija, Portugalija, San Marinas, Slovakija, Slov\u0117nija, Ispanija, \u0160vedija, \u0160veicarija, Turkija, Jungtin\u0117 Karalyst\u0117, Vatikanas + pagrindiniai keliai: Albanija, Bosnija ir Hercegovina, Makedonija, Juodkalnija, Serbija.<br \/><br \/>FORD Focus [2010.10-2010.12]<br \/>FORD Galaxy [2010.09-2015.04]<br \/>FORD Kuga [2010.10-2012.12]<br \/>FORD Mondeo [2010.09-2014.09]<br \/>FORD S-Max [2010.09-2015.04] <br \/><br \/>Garantija 12 m\u0117n. | Vilniuje ir Kaune | Geriausia kaina<\/p>\n<hr \/>\n\n\n<h2 class=\"wp-block-heading\"><strong>FORD navigacijos \u017eem\u0117lapiai (SYNC\u00ae \/ Sync\u00ae with MyFord\u00ae)<\/strong><\/h2>\n\n\n<p>Europa:<br \/>Andora, Austrija, Belgija, Kroatija, \u010cekija, Danija, Estija, Suomija, Pranc\u016bzija, Vokietijam Gibraltaras, Graikija, Vengrija, Airija, Italija, Latvija, Lichten\u0161teinas, <strong>Lietuva<\/strong>, Liuksemburgas, Monakas, Nyderlandai, Norvegija, Lenkija, Portugalija, San Marinas, Slovakija, Slov\u0117nija, Ispanija, \u0160vedija, \u0160veicarija, Turkija, Jungtin\u0117 Karalyst\u0117, Vatikanas + pagrindiniai keliai: Albanija, Bosnija ir Hercegovina, Makedonija, Juodkalnija, Serbija. <br \/>Rusija: <br \/>Rusija, Bulgarija, Rumunija + pagrindiniai keliai Albanija, Baltarusija, Bosnija &amp; Hercegovina, Kroatija, Estija, Latvija, Lietuva, Makedonija, Moldova, Juodkalnija, Serbija, Slov\u0117nija, Ukraina. <br \/><br \/><em>FORD C-Max [2013-2014]<br \/>FORD C-Max Energi [2013-2016]<br \/>FORD C-Max Hybrid [2013-2015]<br \/>FORD E150 \/ E250 \/ E350 \/ E450 [2011-2015]<br \/>FORD Edge [2008-2014]<br \/>FORD Escape [2008-2013]<br \/>FORD Escape Hybrid [2011-2012]<br \/>FORD Expedition [2011-2016]<br \/>FORD Explorer [2008-2015]<br \/>FORD F150 \/ F250 \/ F350 \/ F450 \/ F550 [2011-2016]<br \/>FORD F150 Harley Davidson \/ Lariat \/ Raptor [2012-2014]<br \/>FORD Fiesta [nuo 2011]<br \/>FORD Fiesta ST [2014-2015]<br \/>FORD Flex [2009-2016]<br \/>FORD Focus [2008-2014]<br \/>FORD Focus Electric [2012-2014]<br \/>FORD Focus ST [2013-2014]<br \/>FORD Fusion Energi [2013-2016]<br \/>FORD Fusion [2008-2016]<br \/>FORD Fusion Hybrid [2010-2016]<br \/>FORD Mariner [2010-2011]<br \/>FORD Milan [2010-2011]<br \/>FORD Mountaineer [2010]<br \/>FORD Mustang \/ Mustang Shelby GT500 [2010-2014]<br \/>FORD Mustang Boss 302 \/ Mustang SVT [2012-2014]<br \/>FORD Ranger 2009-2012<br \/>FORD Sable [2008-2009]<br \/>FORD Taurus [2008-2016]<br \/>FORD Transit [2014-2015]<br \/>FORD Transit Connect [2012-2016] <\/em><br \/><br \/>Garantija 12 m\u0117n. | Vilniuje ir Kaune | Geriausia kaina<\/p>\n<hr \/>\n\n\n<h2 class=\"wp-block-heading\"><strong>FORD navigacijos \u017eem\u0117lapiai (SYNC\u00ae with MyFord Touch\u00ae &amp; SYNC2)<\/strong><\/h2>\n\n\n<p>Andora, Albanija, Austrija, Baltarusija, Belgija, Bosnija &amp; Hercegovina, Bulgarija, Kroatija, \u010cekija, Danija, Estija, Suomija, Pranc\u016bzija, Vokietijam Gibraltaras, Graikija, Vengrija, Airija, Italija, Juodkalnija, Latvija, Lichten\u0161teinas, <strong>Lietuva<\/strong>, Liuksemburgas, Makedonija, Moldova, Monakas, Nyderlandai, Norvegija, Lenkija, Portugalija, Rumunija, San Marinas, Slovakija, Slov\u0117nija, Ispanija, Serbija, Slov\u0117nija, \u0160vedija, \u0160veicarija, Turkija, Ukraina, Jungtin\u0117 Karalyst\u0117, Vatikanas + pagrindiniai keliai: Albanija, Bosnija ir Hercegovina, Makedonija, Juodkalnija, Serbija, Rusija.<br \/><br \/>FORD C-Max New 2015<br \/>FORD Escape 2011-2015<br \/>FORD Edge 2011-2015<br \/>FORD Explorer 2011-2015<br \/>FORD F150 2011-2015<br \/>FORD Flex 2011-2015<br \/>FORD Focus 3 2011-2015<br \/>FORD Fusion 2011-2015<br \/>FORD Kuga New 2014-2015<br \/>FORD Mondeo New 2014.10-<br \/>FORD Mustang 2013-2016<br \/>FORD Taurus 2011-2015 <br \/>FORD Lincoln MKS 2013-2015<br \/>FORD Lincoln MKT 2013-2015 <br \/>FORD Lincoln MKX 2011-2015 <br \/><br \/>Garantija 12 m\u0117n. | Vilniuje ir Kaune | Geriausia kaina<\/p>\n<hr \/>","protected":false},"excerpt":{"rendered":"<p>FORD navigacijos \u017eem\u0117lapiai (DENSO DVD) CD 1 &#8211; Vakar\u0173 ir Centrin\u0117 Europa. CD 2 &#8211; Centrin\u0117 ir Ryt\u0173 Europa: Airija, Andora, Austrija, Belgija, \u010cekija, Danija, D.Britanija, Gibraltaras, Estija, Ispanija, Italija, Latvija, Lietuva (detalus), Lenkija, Lichten\u0161teinas, Liuksemburgas, Monakas, Norvegija, Olandija, Portugalija, Pranc\u016bzija, San Marinas, Slovakija, Suomija, \u0160vedija, \u0160veicarija, Vatikanas, Vengrija, Vokietija. Focus \/ Mondeo \/ C-Max [&hellip;]<\/p>\n","protected":false},"author":1,"featured_media":0,"parent":0,"menu_order":0,"comment_status":"closed","ping_status":"closed","template":"","meta":{"_uag_custom_page_level_css":"","footnotes":""},"class_list":["post-309","page","type-page","status-publish","hentry","post"],"yoast_head":"<!-- This site is optimized with the Yoast SEO plugin v27.3 - https:\/\/yoast.com\/product\/yoast-seo-wordpress\/ -->\n<title>Ford navigacija - taisykla Vilniuje, Kaune, Klaip\u0117doje, \u0160iauliuose<\/title>\n<meta name=\"description\" content=\"FORD navigacijos \u017eem\u0117lapiai Vilniuje ir Kaune geriausia kaina. 12 m\u0117n. garantija. Tel. nr. 8 (655) 00790 \/ 8 (684) 09811\" \/>\n<meta name=\"robots\" content=\"index, follow, max-snippet:-1, max-image-preview:large, max-video-preview:-1\" \/>\n<link rel=\"canonical\" href=\"https:\/\/techremontas.lt\/en\/ford-navigacija\/\" \/>\n<meta property=\"og:locale\" content=\"en_US\" \/>\n<meta property=\"og:type\" content=\"article\" \/>\n<meta property=\"og:title\" content=\"Ford navigacija - taisykla Vilniuje, Kaune, Klaip\u0117doje, \u0160iauliuose\" \/>\n<meta property=\"og:description\" content=\"FORD navigacijos \u017eem\u0117lapiai Vilniuje ir Kaune geriausia kaina. 12 m\u0117n. garantija. Tel. nr. 8 (655) 00790 \/ 8 (684) 09811\" \/>\n<meta property=\"og:url\" content=\"https:\/\/techremontas.lt\/en\/ford-navigacija\/\" \/>\n<meta property=\"og:site_name\" content=\"taisykla Vilniuje, Kaune, Klaip\u0117doje, \u0160iauliuose\" \/>\n<meta property=\"article:modified_time\" content=\"2019-04-11T09:03:58+00:00\" \/>\n<meta name=\"twitter:card\" content=\"summary_large_image\" \/>\n<meta name=\"twitter:label1\" content=\"Est. reading time\" \/>\n\t<meta name=\"twitter:data1\" content=\"3 minutes\" \/>\n<script type=\"application\/ld+json\" class=\"yoast-schema-graph\">{\"@context\":\"https:\\\/\\\/schema.org\",\"@graph\":[{\"@type\":\"WebPage\",\"@id\":\"https:\\\/\\\/techremontas.lt\\\/ford-navigacija\\\/\",\"url\":\"https:\\\/\\\/techremontas.lt\\\/ford-navigacija\\\/\",\"name\":\"Ford navigacija - taisykla Vilniuje, Kaune, Klaip\u0117doje, \u0160iauliuose\",\"isPartOf\":{\"@id\":\"https:\\\/\\\/techremontas.lt\\\/#website\"},\"datePublished\":\"2019-04-11T08:23:04+00:00\",\"dateModified\":\"2019-04-11T09:03:58+00:00\",\"description\":\"FORD navigacijos \u017eem\u0117lapiai Vilniuje ir Kaune geriausia kaina. 12 m\u0117n. garantija. Tel. nr. 8 (655) 00790 \\\/ 8 (684) 09811\",\"breadcrumb\":{\"@id\":\"https:\\\/\\\/techremontas.lt\\\/ford-navigacija\\\/#breadcrumb\"},\"inLanguage\":\"en-US\",\"potentialAction\":[{\"@type\":\"ReadAction\",\"target\":[\"https:\\\/\\\/techremontas.lt\\\/ford-navigacija\\\/\"]}]},{\"@type\":\"BreadcrumbList\",\"@id\":\"https:\\\/\\\/techremontas.lt\\\/ford-navigacija\\\/#breadcrumb\",\"itemListElement\":[{\"@type\":\"ListItem\",\"position\":1,\"name\":\"Pagrindinis\",\"item\":\"https:\\\/\\\/techremontas.lt\\\/\"},{\"@type\":\"ListItem\",\"position\":2,\"name\":\"Ford navigacija\"}]},{\"@type\":\"WebSite\",\"@id\":\"https:\\\/\\\/techremontas.lt\\\/#website\",\"url\":\"https:\\\/\\\/techremontas.lt\\\/\",\"name\":\"taisykla Vilniuje, Kaune, Klaip\u0117doje, \u0160iauliuose\",\"description\":\"Modernios el. technikos servisas\",\"potentialAction\":[{\"@type\":\"SearchAction\",\"target\":{\"@type\":\"EntryPoint\",\"urlTemplate\":\"https:\\\/\\\/techremontas.lt\\\/?s={search_term_string}\"},\"query-input\":{\"@type\":\"PropertyValueSpecification\",\"valueRequired\":true,\"valueName\":\"search_term_string\"}}],\"inLanguage\":\"en-US\"}]}<\/script>\n<!-- \/ Yoast SEO plugin. -->","yoast_head_json":{"title":"Ford navigacija - taisykla Vilniuje, Kaune, Klaip\u0117doje, \u0160iauliuose","description":"FORD navigation maps in Vilnius and Kaunas at the best price. 12 months warranty. Tel. 8 (655) 00790 \/ 8 (684) 09811","robots":{"index":"index","follow":"follow","max-snippet":"max-snippet:-1","max-image-preview":"max-image-preview:large","max-video-preview":"max-video-preview:-1"},"canonical":"https:\/\/techremontas.lt\/en\/ford-navigacija\/","og_locale":"en_US","og_type":"article","og_title":"Ford navigacija - taisykla Vilniuje, Kaune, Klaip\u0117doje, \u0160iauliuose","og_description":"FORD navigacijos \u017eem\u0117lapiai Vilniuje ir Kaune geriausia kaina. 12 m\u0117n. garantija. Tel. nr. 8 (655) 00790 \/ 8 (684) 09811","og_url":"https:\/\/techremontas.lt\/en\/ford-navigacija\/","og_site_name":"taisykla Vilniuje, Kaune, Klaip\u0117doje, \u0160iauliuose","article_modified_time":"2019-04-11T09:03:58+00:00","twitter_card":"summary_large_image","twitter_misc":{"Est. reading time":"3 minutes"},"schema":{"@context":"https:\/\/schema.org","@graph":[{"@type":"WebPage","@id":"https:\/\/techremontas.lt\/ford-navigacija\/","url":"https:\/\/techremontas.lt\/ford-navigacija\/","name":"Ford navigacija - taisykla Vilniuje, Kaune, Klaip\u0117doje, \u0160iauliuose","isPartOf":{"@id":"https:\/\/techremontas.lt\/#website"},"datePublished":"2019-04-11T08:23:04+00:00","dateModified":"2019-04-11T09:03:58+00:00","description":"FORD navigation maps in Vilnius and Kaunas at the best price. 12 months warranty. Tel. 8 (655) 00790 \/ 8 (684) 09811","breadcrumb":{"@id":"https:\/\/techremontas.lt\/ford-navigacija\/#breadcrumb"},"inLanguage":"en-US","potentialAction":[{"@type":"ReadAction","target":["https:\/\/techremontas.lt\/ford-navigacija\/"]}]},{"@type":"BreadcrumbList","@id":"https:\/\/techremontas.lt\/ford-navigacija\/#breadcrumb","itemListElement":[{"@type":"ListItem","position":1,"name":"Pagrindinis","item":"https:\/\/techremontas.lt\/"},{"@type":"ListItem","position":2,"name":"Ford navigacija"}]},{"@type":"WebSite","@id":"https:\/\/techremontas.lt\/#website","url":"https:\/\/techremontas.lt\/","name":"taisykla Vilniuje, Kaune, Klaip\u0117doje, \u0160iauliuose","description":"Modern electrical appliances service","potentialAction":[{"@type":"SearchAction","target":{"@type":"EntryPoint","urlTemplate":"https:\/\/techremontas.lt\/?s={search_term_string}"},"query-input":{"@type":"PropertyValueSpecification","valueRequired":true,"valueName":"search_term_string"}}],"inLanguage":"en-US"}]}},"uagb_featured_image_src":{"full":false,"thumbnail":false,"medium":false,"medium_large":false,"large":false,"1536x1536":false,"2048x2048":false,"trp-custom-language-flag":false,"post-thumbnail":false,"vantage-thumbnail-no-sidebar":false,"vantage-slide":false,"vantage-carousel":false,"vantage-grid-loop":false},"uagb_author_info":{"display_name":"valdymas","author_link":"https:\/\/techremontas.lt\/en\/author\/valdymas\/"},"uagb_comment_info":0,"uagb_excerpt":"FORD navigacijos \u017eem\u0117lapiai (DENSO DVD) CD 1 &#8211; Vakar\u0173 ir Centrin\u0117 Europa. CD 2 &#8211; Centrin\u0117 ir Ryt\u0173 Europa: Airija, Andora, Austrija, Belgija, \u010cekija, Danija, D.Britanija, Gibraltaras, Estija, Ispanija, Italija, Latvija, Lietuva (detalus), Lenkija, Lichten\u0161teinas, Liuksemburgas, Monakas, Norvegija, Olandija, Portugalija, Pranc\u016bzija, San Marinas, Slovakija, Suomija, \u0160vedija, \u0160veicarija, Vatikanas, Vengrija, Vokietija. Focus \/ Mondeo \/ C-Max&hellip;","_links":{"self":[{"href":"https:\/\/techremontas.lt\/en\/wp-json\/wp\/v2\/pages\/309","targetHints":{"allow":["GET"]}}],"collection":[{"href":"https:\/\/techremontas.lt\/en\/wp-json\/wp\/v2\/pages"}],"about":[{"href":"https:\/\/techremontas.lt\/en\/wp-json\/wp\/v2\/types\/page"}],"author":[{"embeddable":true,"href":"https:\/\/techremontas.lt\/en\/wp-json\/wp\/v2\/users\/1"}],"replies":[{"embeddable":true,"href":"https:\/\/techremontas.lt\/en\/wp-json\/wp\/v2\/comments?post=309"}],"version-history":[{"count":9,"href":"https:\/\/techremontas.lt\/en\/wp-json\/wp\/v2\/pages\/309\/revisions"}],"predecessor-version":[{"id":323,"href":"https:\/\/techremontas.lt\/en\/wp-json\/wp\/v2\/pages\/309\/revisions\/323"}],"wp:attachment":[{"href":"https:\/\/techremontas.lt\/en\/wp-json\/wp\/v2\/media?parent=309"}],"curies":[{"name":"wp","href":"https:\/\/api.w.org\/{rel}","templated":true}]}}