{"id":325,"date":"2019-04-11T07:29:43","date_gmt":"2019-04-11T09:29:43","guid":{"rendered":"https:\/\/techremontas.lt\/?page_id=325"},"modified":"2019-04-11T07:50:45","modified_gmt":"2019-04-11T09:50:45","slug":"honda-navigacija","status":"publish","type":"page","link":"https:\/\/techremontas.lt\/en\/honda-navigacija\/","title":{"rendered":"Honda navigation"},"content":{"rendered":"<h2 class=\"wp-block-heading\"><strong>FORD navigation maps (APN2\/APN3) <\/strong><\/h2>\n\n\n\n<p><\/p>\n\n\n\n<p><p>CD 1 - Andorra, Austria, Belgium, Denmark, France, Germany, Ireland, Ireland, Italy, Liechtenstein, Luxembourg, Monaco, Netherlands, Portugal, Spain, San Marino, Switzerland, Vatican City <br>CD 2<strong> <\/strong>- Austria, Bulgaria, Croatia, Czech Republic, Denmark, Estonia, Estonia, Greece, Italy, Latvia, Poland, <strong> Lithuania (detailed)<\/strong>, Liechtenstein, Norway, Romania, San Marino, Slovakia, Slovenia, Finland, Sweden, Switzerland, Hungary, Vatican City, Germany <br><br><em>Legend 2006 - 2010 <br>Accord 2005.12 - 2013 <br>CR-V 2007 - 2013 <br>Civic 3dr 2006 - 2011 <br>Civic 5dr 2006 - 2011 <br>Civic 4dr (IMA) 2008 - 2011 <br>CR-Z 2010 - 2013 <br>Insight 2009 - 2013 <\/em><br><br>Warranty 12 months. | Vilnius and Kaunas | Best price<\/p><\/p>\n\n\n\n<h2 class=\"wp-block-heading\"><strong>HONDA navigation maps (APN2)<\/strong><\/h2>\n\n\n<p>Austria, Belgium, Luxembourg, Denmark, France, Germany, Ireland, Italy, Portugal, Spain, UK, Netherlands, Norway, Finland, Andorra, Monaco, San Marino, Liechtenstein, Sweden, Switzerland, Vatican City, Vatican City, Germany. <br \/><br \/><em>Accord 2003 - 2005 <br \/>CR-V 2002 - 2006 <br \/>FR-V 2005 - 2009 <br \/>Stream 2004 - 2006 <br \/>Civic 3dr 2004 - 2005 <br \/>Civic 5dr 2004 - 2005 <br \/>Jazz 2002-2007 <\/em><br \/><br \/>Warranty 12 months. | Vilnius and Kaunas | Best price<\/p>\n<hr \/>\n\n\n<h2 class=\"wp-block-heading\"><strong>HONDA navigation maps (Blaupunkt TravelPilot DX)<\/strong><\/h2>\n\n\n<p>CD 1 - Austria, Switzerland, Liechtenstein, France, Germany, Italy + MRE <br \/>CD 2 - Belgium, Netherlands, Luxembourg + European transit maps<br \/>CD 3 - Czech Republic, <strong>Poland <\/strong> + European transit maps<br \/>CD 4 - Germany + European transit maps<br \/>CD 5 - Italy, San Marino, Vatican City + European transit maps<br \/>CD 6 - Finland, Sweden, Norway, Denmark + European transit maps<br \/>CD 7 - Spain, Portugal + European transit maps<br \/>CD 8 - France + European transit maps<br \/>CD 9 MRE - Transit maps of Europe. <br \/><br \/><em>Accord 1995-2007 <\/em><br \/><br \/>Warranty 12 months. | Vilnius and Kaunas | Best price<\/p>\n<hr \/>\n\n\n<h2 class=\"wp-block-heading\"><strong>HONDA navigation maps (HDD navigation system)<\/strong><\/h2>\n\n\n<p>Not updating<br \/><br \/><em>CR-V 2009 - 2011<br \/>Civic 3dr 2009 - 2011<br \/>Civic 5dr 2009 - 2011<br \/>Civic 4dr (IMA) 2009 - 2011<br \/>CR-Z 2010 - 2011<br \/>Jazz 2009 - 2011<br \/>Insight 2009 - 2011<\/em><br \/><br \/>Warranty 12 months. | Vilnius and Kaunas | Best price<\/p>\n<hr \/>\n\n\n<h2 class=\"wp-block-heading\"><strong>HONDA navigation maps (SD navigation system)<\/strong><\/h2>\n\n\n<p>Not updating<br \/><br \/><em>HONDA CR-V from 2012<br \/>HONDA CR-Z from 2012<br \/>HONDA Civic 5dr from 2012<br \/>HONDA Insight from 2012<br \/>HONDA Jazz from 2012<\/em><br \/><br \/>Warranty 12 months. | Vilnius and Kaunas | Best price<\/p>\n<hr \/>\n\n\n<h2 class=\"wp-block-heading\"><strong>HONDA navigation maps (SSD navigation system)<\/strong><\/h2>\n\n\n<p>Not updating<br \/><br \/><em>HONDA CR-V 2009 - 2012<br \/>HONDA Civic 3dr 2009 - 2012<br \/>HONDA Civic 5dr 2009 - 2012<br \/>HONDA Civic 4dr (IMA) 2009 - 2012<br \/>HONDA CR-Z 2009 - 2012<br \/>HONDA Jazz 2009 - 2012<br \/>HONDA Insight 2009 - 2012<\/em><br \/><br \/>Warranty 12 months. | Vilnius and Kaunas | Best price<\/p>\n<hr \/>","protected":false},"excerpt":{"rendered":"<p>FORD navigacijos \u017eem\u0117lapiai (APN2\/APN3) CD 1 &#8211; Airija, Andora, Austrija, Belgija, Danija, D.Britanija, Italija, Ispanija, Lichten\u0161teinas, Liuksemburgas, Monakas, Olandija, Portugalija, Pranc\u016bzija, San Marinas, \u0160veicarija, Vatikanas, Vokietija CD 2 &#8211; Austrija, Bulgarija, \u010cekija, Danija, Estija, Graikija, Italija, Kroatija, Latvija, Lenkija, Lietuva (detalus), Lichten\u0161teinas, Norvegija, Rumunija, San Marinas, Slovakija, Slov\u0117nija, Suomija, \u0160vedija, \u0160veicarija, Vengrija, Vatikanas, Vokietija Legend [&hellip;]<\/p>\n","protected":false},"author":1,"featured_media":0,"parent":0,"menu_order":0,"comment_status":"closed","ping_status":"closed","template":"","meta":{"_uag_custom_page_level_css":"","footnotes":""},"class_list":["post-325","page","type-page","status-publish","hentry","post"],"yoast_head":"<!-- This site is optimized with the Yoast SEO plugin v27.4 - https:\/\/yoast.com\/product\/yoast-seo-wordpress\/ -->\n<title>Honda navigacija - taisykla Vilniuje, Kaune, Klaip\u0117doje, \u0160iauliuose<\/title>\n<meta name=\"description\" content=\"HONDA navigacijos \u017eem\u0117lapiai Vilniuje ir Kaune geriausia kaina. 12 m\u0117n. garantija. Tel. nr. 8 (655) 00790 \/ 8 (684) 09811\" \/>\n<meta name=\"robots\" content=\"index, follow, max-snippet:-1, max-image-preview:large, max-video-preview:-1\" \/>\n<link rel=\"canonical\" href=\"https:\/\/techremontas.lt\/en\/honda-navigacija\/\" \/>\n<meta property=\"og:locale\" content=\"en_US\" \/>\n<meta property=\"og:type\" content=\"article\" \/>\n<meta property=\"og:title\" content=\"Honda navigacija - taisykla Vilniuje, Kaune, Klaip\u0117doje, \u0160iauliuose\" \/>\n<meta property=\"og:description\" content=\"HONDA navigacijos \u017eem\u0117lapiai Vilniuje ir Kaune geriausia kaina. 12 m\u0117n. garantija. Tel. nr. 8 (655) 00790 \/ 8 (684) 09811\" \/>\n<meta property=\"og:url\" content=\"https:\/\/techremontas.lt\/en\/honda-navigacija\/\" \/>\n<meta property=\"og:site_name\" content=\"taisykla Vilniuje, Kaune, Klaip\u0117doje, \u0160iauliuose\" \/>\n<meta property=\"article:modified_time\" content=\"2019-04-11T09:50:45+00:00\" \/>\n<meta name=\"twitter:card\" content=\"summary_large_image\" \/>\n<meta name=\"twitter:label1\" content=\"Est. reading time\" \/>\n\t<meta name=\"twitter:data1\" content=\"2 minutes\" \/>\n<script type=\"application\/ld+json\" class=\"yoast-schema-graph\">{\"@context\":\"https:\\\/\\\/schema.org\",\"@graph\":[{\"@type\":\"WebPage\",\"@id\":\"https:\\\/\\\/techremontas.lt\\\/honda-navigacija\\\/\",\"url\":\"https:\\\/\\\/techremontas.lt\\\/honda-navigacija\\\/\",\"name\":\"Honda navigacija - taisykla Vilniuje, Kaune, Klaip\u0117doje, \u0160iauliuose\",\"isPartOf\":{\"@id\":\"https:\\\/\\\/techremontas.lt\\\/#website\"},\"datePublished\":\"2019-04-11T09:29:43+00:00\",\"dateModified\":\"2019-04-11T09:50:45+00:00\",\"description\":\"HONDA navigacijos \u017eem\u0117lapiai Vilniuje ir Kaune geriausia kaina. 12 m\u0117n. garantija. Tel. nr. 8 (655) 00790 \\\/ 8 (684) 09811\",\"breadcrumb\":{\"@id\":\"https:\\\/\\\/techremontas.lt\\\/honda-navigacija\\\/#breadcrumb\"},\"inLanguage\":\"en-US\",\"potentialAction\":[{\"@type\":\"ReadAction\",\"target\":[\"https:\\\/\\\/techremontas.lt\\\/honda-navigacija\\\/\"]}]},{\"@type\":\"BreadcrumbList\",\"@id\":\"https:\\\/\\\/techremontas.lt\\\/honda-navigacija\\\/#breadcrumb\",\"itemListElement\":[{\"@type\":\"ListItem\",\"position\":1,\"name\":\"Pagrindinis\",\"item\":\"https:\\\/\\\/techremontas.lt\\\/\"},{\"@type\":\"ListItem\",\"position\":2,\"name\":\"Honda navigacija\"}]},{\"@type\":\"WebSite\",\"@id\":\"https:\\\/\\\/techremontas.lt\\\/#website\",\"url\":\"https:\\\/\\\/techremontas.lt\\\/\",\"name\":\"taisykla Vilniuje, Kaune, Klaip\u0117doje, \u0160iauliuose\",\"description\":\"Modernios el. technikos servisas\",\"potentialAction\":[{\"@type\":\"SearchAction\",\"target\":{\"@type\":\"EntryPoint\",\"urlTemplate\":\"https:\\\/\\\/techremontas.lt\\\/?s={search_term_string}\"},\"query-input\":{\"@type\":\"PropertyValueSpecification\",\"valueRequired\":true,\"valueName\":\"search_term_string\"}}],\"inLanguage\":\"en-US\"}]}<\/script>\n<!-- \/ Yoast SEO plugin. -->","yoast_head_json":{"title":"Honda navigacija - taisykla Vilniuje, Kaune, Klaip\u0117doje, \u0160iauliuose","description":"HONDA navigation maps in Vilnius and Kaunas at the best price. 12 months warranty. Tel. 8 (655) 00790 \/ 8 (684) 09811","robots":{"index":"index","follow":"follow","max-snippet":"max-snippet:-1","max-image-preview":"max-image-preview:large","max-video-preview":"max-video-preview:-1"},"canonical":"https:\/\/techremontas.lt\/en\/honda-navigacija\/","og_locale":"en_US","og_type":"article","og_title":"Honda navigacija - taisykla Vilniuje, Kaune, Klaip\u0117doje, \u0160iauliuose","og_description":"HONDA navigacijos \u017eem\u0117lapiai Vilniuje ir Kaune geriausia kaina. 12 m\u0117n. garantija. Tel. nr. 8 (655) 00790 \/ 8 (684) 09811","og_url":"https:\/\/techremontas.lt\/en\/honda-navigacija\/","og_site_name":"taisykla Vilniuje, Kaune, Klaip\u0117doje, \u0160iauliuose","article_modified_time":"2019-04-11T09:50:45+00:00","twitter_card":"summary_large_image","twitter_misc":{"Est. reading time":"2 minutes"},"schema":{"@context":"https:\/\/schema.org","@graph":[{"@type":"WebPage","@id":"https:\/\/techremontas.lt\/honda-navigacija\/","url":"https:\/\/techremontas.lt\/honda-navigacija\/","name":"Honda navigacija - taisykla Vilniuje, Kaune, Klaip\u0117doje, \u0160iauliuose","isPartOf":{"@id":"https:\/\/techremontas.lt\/#website"},"datePublished":"2019-04-11T09:29:43+00:00","dateModified":"2019-04-11T09:50:45+00:00","description":"HONDA navigation maps in Vilnius and Kaunas at the best price. 12 months warranty. Tel. 8 (655) 00790 \/ 8 (684) 09811","breadcrumb":{"@id":"https:\/\/techremontas.lt\/honda-navigacija\/#breadcrumb"},"inLanguage":"en-US","potentialAction":[{"@type":"ReadAction","target":["https:\/\/techremontas.lt\/honda-navigacija\/"]}]},{"@type":"BreadcrumbList","@id":"https:\/\/techremontas.lt\/honda-navigacija\/#breadcrumb","itemListElement":[{"@type":"ListItem","position":1,"name":"Pagrindinis","item":"https:\/\/techremontas.lt\/"},{"@type":"ListItem","position":2,"name":"Honda navigacija"}]},{"@type":"WebSite","@id":"https:\/\/techremontas.lt\/#website","url":"https:\/\/techremontas.lt\/","name":"taisykla Vilniuje, Kaune, Klaip\u0117doje, \u0160iauliuose","description":"Modern electrical appliances service","potentialAction":[{"@type":"SearchAction","target":{"@type":"EntryPoint","urlTemplate":"https:\/\/techremontas.lt\/?s={search_term_string}"},"query-input":{"@type":"PropertyValueSpecification","valueRequired":true,"valueName":"search_term_string"}}],"inLanguage":"en-US"}]}},"uagb_featured_image_src":{"full":false,"thumbnail":false,"medium":false,"medium_large":false,"large":false,"1536x1536":false,"2048x2048":false,"trp-custom-language-flag":false,"post-thumbnail":false,"vantage-thumbnail-no-sidebar":false,"vantage-slide":false,"vantage-carousel":false,"vantage-grid-loop":false},"uagb_author_info":{"display_name":"valdymas","author_link":"https:\/\/techremontas.lt\/en\/author\/valdymas\/"},"uagb_comment_info":0,"uagb_excerpt":"FORD navigacijos \u017eem\u0117lapiai (APN2\/APN3) CD 1 &#8211; Airija, Andora, Austrija, Belgija, Danija, D.Britanija, Italija, Ispanija, Lichten\u0161teinas, Liuksemburgas, Monakas, Olandija, Portugalija, Pranc\u016bzija, San Marinas, \u0160veicarija, Vatikanas, Vokietija CD 2 &#8211; Austrija, Bulgarija, \u010cekija, Danija, Estija, Graikija, Italija, Kroatija, Latvija, Lenkija, Lietuva (detalus), Lichten\u0161teinas, Norvegija, Rumunija, San Marinas, Slovakija, Slov\u0117nija, Suomija, \u0160vedija, \u0160veicarija, Vengrija, Vatikanas, Vokietija Legend&hellip;","_links":{"self":[{"href":"https:\/\/techremontas.lt\/en\/wp-json\/wp\/v2\/pages\/325","targetHints":{"allow":["GET"]}}],"collection":[{"href":"https:\/\/techremontas.lt\/en\/wp-json\/wp\/v2\/pages"}],"about":[{"href":"https:\/\/techremontas.lt\/en\/wp-json\/wp\/v2\/types\/page"}],"author":[{"embeddable":true,"href":"https:\/\/techremontas.lt\/en\/wp-json\/wp\/v2\/users\/1"}],"replies":[{"embeddable":true,"href":"https:\/\/techremontas.lt\/en\/wp-json\/wp\/v2\/comments?post=325"}],"version-history":[{"count":7,"href":"https:\/\/techremontas.lt\/en\/wp-json\/wp\/v2\/pages\/325\/revisions"}],"predecessor-version":[{"id":334,"href":"https:\/\/techremontas.lt\/en\/wp-json\/wp\/v2\/pages\/325\/revisions\/334"}],"wp:attachment":[{"href":"https:\/\/techremontas.lt\/en\/wp-json\/wp\/v2\/media?parent=325"}],"curies":[{"name":"wp","href":"https:\/\/api.w.org\/{rel}","templated":true}]}}