{"id":335,"date":"2019-04-11T07:59:22","date_gmt":"2019-04-11T09:59:22","guid":{"rendered":"https:\/\/techremontas.lt\/?page_id=335"},"modified":"2019-04-11T08:02:16","modified_gmt":"2019-04-11T10:02:16","slug":"hyundai-navigacija","status":"publish","type":"page","link":"https:\/\/techremontas.lt\/en\/hyundai-navigacija\/","title":{"rendered":"Hyundai navigation"},"content":{"rendered":"<h2 class=\"wp-block-heading\"><strong>HYUNDAI navigation maps (USB)<\/strong><\/h2>\n\n\n\n<p><\/p>\n\n\n\n<p><p>Ireland, Andorra, Austria, Belgium, Czech Republic, Denmark, Great Britain, Estonia, Gibraltar, Greece, Spain, Italy, Croatia, Liechtenstein, Latvia, Poland, <strong>Lithuania (detailed)<\/strong>, Luxembourg, Monaco, Norway, Netherlands, Portugal, France, Russia, San Marino, Slovakia, Slovenia, Finland, Sweden, Switzerland, Vatican City, Hungary, Germany. <br><br><em> - Hyundai i35 from 2009<br> - Hyundai Santa Fe from 2010<br> - Hyundai i20 from 2010<br> - Hyundai i40 from 2011<br> - Hyundai Veloster from 2011 <\/em><br><br> Warranty 12 months. | Vilnius and Kaunas | Best price<\/p><\/p>\n\n\n\n<h2 class=\"wp-block-heading\"><strong>HYUNDAI navigation maps (\"Turn by Turn\")<\/strong><\/h2>\n\n\n\n<p>CD 1 - Belgium, Netherlands, Luxembourg<br>CD 2 - Ausrtia, Liechtenstein, Switzerland, p. Germany, sh. Italy<br>CD 3 - Bulgaria, Czech Republic, Estonia, Croatia, Latvia, <strong>Lithuania (detailed)<\/strong>, Poland, Romania, Slovakia, Slovenia, Hungary<br>CD 4 - sh. France<br>CD 5 - p. France<br>CD 6 - England, Scotland, Ireland<br>CD 7 - Germany<br>CD 8 - Italy, San Marino, Vatican City, Greece<br>CD 9 - Denmark, Sweden, Finland, Norway<br>CD 10 - Spain, Portugal<br>CD 11 - Maps of major roads in Europe. <br><br><em>On various Hyundai cars up to 2010.<\/em><br><br>Warranty 12 months. | Vilnius and Kaunas | Best price<\/p><hr\/>","protected":false},"excerpt":{"rendered":"<p>HYUNDAI navigacijos \u017eem\u0117lapiai (USB) Airija, Andora, Austrija, Belgija, \u010cekija, Danija, D. Britanija, Estija, Gibraltaras, Graikija, Ispanija, Italija, Kroatija, Lichten\u0161teinas, Latvija, Lenkija, Lietuva (detalus), Liuksemburgas, Monakas, Norvegija, Olandija, Portugalija, Pranc\u016bzija, Rusija, San Marinas, Slovakija, Slov\u0117nija, Suomija, \u0160vedija, \u0160veicarija, Vatikanas, Vengrija, Vokietija. \u2022 Hyundai i35 nuo 2009 \u2022 Hyundai Santa Fe nuo 2010 \u2022 Hyundai i20 nuo [&hellip;]<\/p>\n","protected":false},"author":1,"featured_media":0,"parent":0,"menu_order":0,"comment_status":"closed","ping_status":"closed","template":"","meta":{"_uag_custom_page_level_css":"","footnotes":""},"class_list":["post-335","page","type-page","status-publish","hentry","post"],"yoast_head":"<!-- This site is optimized with the Yoast SEO plugin v27.3 - https:\/\/yoast.com\/product\/yoast-seo-wordpress\/ -->\n<title>Hyundai navigacija - taisykla Vilniuje, Kaune, Klaip\u0117doje, \u0160iauliuose<\/title>\n<meta name=\"description\" content=\"HYUNDAI navigacijos \u017eem\u0117lapiai Vilniuje ir Kaune geriausia kaina. 12 m\u0117n. garantija. Tel. nr. 8 (655) 00790 \/ 8 (684) 09811\" \/>\n<meta name=\"robots\" content=\"index, follow, max-snippet:-1, max-image-preview:large, max-video-preview:-1\" \/>\n<link rel=\"canonical\" href=\"https:\/\/techremontas.lt\/en\/hyundai-navigacija\/\" \/>\n<meta property=\"og:locale\" content=\"en_US\" \/>\n<meta property=\"og:type\" content=\"article\" \/>\n<meta property=\"og:title\" content=\"Hyundai navigacija - taisykla Vilniuje, Kaune, Klaip\u0117doje, \u0160iauliuose\" \/>\n<meta property=\"og:description\" content=\"HYUNDAI navigacijos \u017eem\u0117lapiai Vilniuje ir Kaune geriausia kaina. 12 m\u0117n. garantija. Tel. nr. 8 (655) 00790 \/ 8 (684) 09811\" \/>\n<meta property=\"og:url\" content=\"https:\/\/techremontas.lt\/en\/hyundai-navigacija\/\" \/>\n<meta property=\"og:site_name\" content=\"taisykla Vilniuje, Kaune, Klaip\u0117doje, \u0160iauliuose\" \/>\n<meta property=\"article:modified_time\" content=\"2019-04-11T10:02:16+00:00\" \/>\n<meta name=\"twitter:card\" content=\"summary_large_image\" \/>\n<meta name=\"twitter:label1\" content=\"Est. reading time\" \/>\n\t<meta name=\"twitter:data1\" content=\"1 minute\" \/>\n<script type=\"application\/ld+json\" class=\"yoast-schema-graph\">{\"@context\":\"https:\\\/\\\/schema.org\",\"@graph\":[{\"@type\":\"WebPage\",\"@id\":\"https:\\\/\\\/techremontas.lt\\\/hyundai-navigacija\\\/\",\"url\":\"https:\\\/\\\/techremontas.lt\\\/hyundai-navigacija\\\/\",\"name\":\"Hyundai navigacija - taisykla Vilniuje, Kaune, Klaip\u0117doje, \u0160iauliuose\",\"isPartOf\":{\"@id\":\"https:\\\/\\\/techremontas.lt\\\/#website\"},\"datePublished\":\"2019-04-11T09:59:22+00:00\",\"dateModified\":\"2019-04-11T10:02:16+00:00\",\"description\":\"HYUNDAI navigacijos \u017eem\u0117lapiai Vilniuje ir Kaune geriausia kaina. 12 m\u0117n. garantija. Tel. nr. 8 (655) 00790 \\\/ 8 (684) 09811\",\"breadcrumb\":{\"@id\":\"https:\\\/\\\/techremontas.lt\\\/hyundai-navigacija\\\/#breadcrumb\"},\"inLanguage\":\"en-US\",\"potentialAction\":[{\"@type\":\"ReadAction\",\"target\":[\"https:\\\/\\\/techremontas.lt\\\/hyundai-navigacija\\\/\"]}]},{\"@type\":\"BreadcrumbList\",\"@id\":\"https:\\\/\\\/techremontas.lt\\\/hyundai-navigacija\\\/#breadcrumb\",\"itemListElement\":[{\"@type\":\"ListItem\",\"position\":1,\"name\":\"Pagrindinis\",\"item\":\"https:\\\/\\\/techremontas.lt\\\/\"},{\"@type\":\"ListItem\",\"position\":2,\"name\":\"Hyundai navigacija\"}]},{\"@type\":\"WebSite\",\"@id\":\"https:\\\/\\\/techremontas.lt\\\/#website\",\"url\":\"https:\\\/\\\/techremontas.lt\\\/\",\"name\":\"taisykla Vilniuje, Kaune, Klaip\u0117doje, \u0160iauliuose\",\"description\":\"Modernios el. technikos servisas\",\"potentialAction\":[{\"@type\":\"SearchAction\",\"target\":{\"@type\":\"EntryPoint\",\"urlTemplate\":\"https:\\\/\\\/techremontas.lt\\\/?s={search_term_string}\"},\"query-input\":{\"@type\":\"PropertyValueSpecification\",\"valueRequired\":true,\"valueName\":\"search_term_string\"}}],\"inLanguage\":\"en-US\"}]}<\/script>\n<!-- \/ Yoast SEO plugin. -->","yoast_head_json":{"title":"Hyundai navigacija - taisykla Vilniuje, Kaune, Klaip\u0117doje, \u0160iauliuose","description":"HYUNDAI navigation maps in Vilnius and Kaunas at the best price. 12 months warranty. Tel. 8 (655) 00790 \/ 8 (684) 09811","robots":{"index":"index","follow":"follow","max-snippet":"max-snippet:-1","max-image-preview":"max-image-preview:large","max-video-preview":"max-video-preview:-1"},"canonical":"https:\/\/techremontas.lt\/en\/hyundai-navigacija\/","og_locale":"en_US","og_type":"article","og_title":"Hyundai navigacija - taisykla Vilniuje, Kaune, Klaip\u0117doje, \u0160iauliuose","og_description":"HYUNDAI navigacijos \u017eem\u0117lapiai Vilniuje ir Kaune geriausia kaina. 12 m\u0117n. garantija. Tel. nr. 8 (655) 00790 \/ 8 (684) 09811","og_url":"https:\/\/techremontas.lt\/en\/hyundai-navigacija\/","og_site_name":"taisykla Vilniuje, Kaune, Klaip\u0117doje, \u0160iauliuose","article_modified_time":"2019-04-11T10:02:16+00:00","twitter_card":"summary_large_image","twitter_misc":{"Est. reading time":"1 minute"},"schema":{"@context":"https:\/\/schema.org","@graph":[{"@type":"WebPage","@id":"https:\/\/techremontas.lt\/hyundai-navigacija\/","url":"https:\/\/techremontas.lt\/hyundai-navigacija\/","name":"Hyundai navigacija - taisykla Vilniuje, Kaune, Klaip\u0117doje, \u0160iauliuose","isPartOf":{"@id":"https:\/\/techremontas.lt\/#website"},"datePublished":"2019-04-11T09:59:22+00:00","dateModified":"2019-04-11T10:02:16+00:00","description":"HYUNDAI navigation maps in Vilnius and Kaunas at the best price. 12 months warranty. Tel. 8 (655) 00790 \/ 8 (684) 09811","breadcrumb":{"@id":"https:\/\/techremontas.lt\/hyundai-navigacija\/#breadcrumb"},"inLanguage":"en-US","potentialAction":[{"@type":"ReadAction","target":["https:\/\/techremontas.lt\/hyundai-navigacija\/"]}]},{"@type":"BreadcrumbList","@id":"https:\/\/techremontas.lt\/hyundai-navigacija\/#breadcrumb","itemListElement":[{"@type":"ListItem","position":1,"name":"Pagrindinis","item":"https:\/\/techremontas.lt\/"},{"@type":"ListItem","position":2,"name":"Hyundai navigacija"}]},{"@type":"WebSite","@id":"https:\/\/techremontas.lt\/#website","url":"https:\/\/techremontas.lt\/","name":"taisykla Vilniuje, Kaune, Klaip\u0117doje, \u0160iauliuose","description":"Modern electrical appliances service","potentialAction":[{"@type":"SearchAction","target":{"@type":"EntryPoint","urlTemplate":"https:\/\/techremontas.lt\/?s={search_term_string}"},"query-input":{"@type":"PropertyValueSpecification","valueRequired":true,"valueName":"search_term_string"}}],"inLanguage":"en-US"}]}},"uagb_featured_image_src":{"full":false,"thumbnail":false,"medium":false,"medium_large":false,"large":false,"1536x1536":false,"2048x2048":false,"trp-custom-language-flag":false,"post-thumbnail":false,"vantage-thumbnail-no-sidebar":false,"vantage-slide":false,"vantage-carousel":false,"vantage-grid-loop":false},"uagb_author_info":{"display_name":"valdymas","author_link":"https:\/\/techremontas.lt\/en\/author\/valdymas\/"},"uagb_comment_info":0,"uagb_excerpt":"HYUNDAI navigacijos \u017eem\u0117lapiai (USB) Airija, Andora, Austrija, Belgija, \u010cekija, Danija, D. Britanija, Estija, Gibraltaras, Graikija, Ispanija, Italija, Kroatija, Lichten\u0161teinas, Latvija, Lenkija, Lietuva (detalus), Liuksemburgas, Monakas, Norvegija, Olandija, Portugalija, Pranc\u016bzija, Rusija, San Marinas, Slovakija, Slov\u0117nija, Suomija, \u0160vedija, \u0160veicarija, Vatikanas, Vengrija, Vokietija. \u2022 Hyundai i35 nuo 2009 \u2022 Hyundai Santa Fe nuo 2010 \u2022 Hyundai i20 nuo&hellip;","_links":{"self":[{"href":"https:\/\/techremontas.lt\/en\/wp-json\/wp\/v2\/pages\/335","targetHints":{"allow":["GET"]}}],"collection":[{"href":"https:\/\/techremontas.lt\/en\/wp-json\/wp\/v2\/pages"}],"about":[{"href":"https:\/\/techremontas.lt\/en\/wp-json\/wp\/v2\/types\/page"}],"author":[{"embeddable":true,"href":"https:\/\/techremontas.lt\/en\/wp-json\/wp\/v2\/users\/1"}],"replies":[{"embeddable":true,"href":"https:\/\/techremontas.lt\/en\/wp-json\/wp\/v2\/comments?post=335"}],"version-history":[{"count":2,"href":"https:\/\/techremontas.lt\/en\/wp-json\/wp\/v2\/pages\/335\/revisions"}],"predecessor-version":[{"id":338,"href":"https:\/\/techremontas.lt\/en\/wp-json\/wp\/v2\/pages\/335\/revisions\/338"}],"wp:attachment":[{"href":"https:\/\/techremontas.lt\/en\/wp-json\/wp\/v2\/media?parent=335"}],"curies":[{"name":"wp","href":"https:\/\/api.w.org\/{rel}","templated":true}]}}