{"id":354,"date":"2019-04-11T10:25:32","date_gmt":"2019-04-11T12:25:32","guid":{"rendered":"https:\/\/techremontas.lt\/?page_id=354"},"modified":"2019-04-11T10:27:40","modified_gmt":"2019-04-11T12:27:40","slug":"lancia-navigacija","status":"publish","type":"page","link":"https:\/\/techremontas.lt\/en\/lancia-navigacija\/","title":{"rendered":"Lancia navigation"},"content":{"rendered":"<h2 class=\"wp-block-heading\"><strong>LANCIA navigation maps (Connect G2\/DB3)<\/strong><\/h2>\n\n\n<p>CD 1 - France <br \/>CD 2 - Spain, Portugal<br \/>CD 3 - Italy<br \/>CD 4 - Belgium, Netherlands, Luxembourg<br \/>CD 5 - Austria, Switzerland, Germany, sh. Italy<br \/>CD 6 - Germany<br \/>CD 7 - Great Britain, Ireland<br \/>CD 8 - Scandinavia<br \/>CD 9 - Czech Republic, Poland, Slovakia, Slovenia, Hungary<br \/>CD 10 - Estonia, Latvia,<strong> Lithuania (detailed)<\/strong>, Belarus, Ukraine<br \/>CD 11 - Albania, Bosnia-Herzegovina, Croatia, Greece, Macedonia, Montenegro, Romania, Serbia. <br \/><br \/><em>Lancia Phedra 2005-2007<br \/>Lancia Musa 2007.12-2012<br \/>Lancia Ypsilon 2008.03-2011 <\/em><br \/><br \/>Warranty 12 months. | Vilnius and Kaunas | Best price<\/p>\n<hr \/>\n\n\n<h2 class=\"wp-block-heading\"><strong>LANCIA navigation maps (RT4\/RT5)<\/strong><\/h2>\n\n\n\n<p>CD 1 - France <br>CD 2 - Spain, Portugal<br>CD 3 - Italy<br>CD 4 - Belgium, Netherlands, Luxembourg<br>CD 5 - Austria, Switzerland, Germany, sh. Italy<br>CD 6 - Germany<br>CD 7 - Great Britain, Ireland<br>CD 8 - Scandinavia<br>CD 9 - Czech Republic, Poland, Slovakia, Slovenia, Hungary<br>CD 10 - Estonia, Latvia,<strong> Lithuania (detailed)<\/strong>, Belarus, Ukraine<br>CD 11 - Albania, Bosnia-Herzegovina, Croatia, Greece, Macedonia, Montenegro, Romania, Serbia. <br><br><em>Lancia Phedra from 2007.06 <\/em><br><br>Warranty 12 months. | Vilnius and Kaunas | Best price<\/p><hr\/>","protected":false},"excerpt":{"rendered":"<p>LANCIA navigacijos \u017eem\u0117lapiai (Connect G2\/DB3) CD 1 \u2013 Pranc\u016bzija CD 2 \u2013 Ispanija, PortugalijaCD 3 \u2013 ItalijaCD 4 \u2013 Belgija, Olandija, LiuksemburgasCD 5 \u2013 Austrija, \u0160veicarija, p. Vokietija, \u0161. ItalijaCD 6 \u2013 VokietijaCD 7 \u2013 D.Britanija, AirijaCD 8 \u2013 SkandinavijaCD 9 \u2013 \u010cekija, Lenkija, Slovakija, Slov\u0117nija, VengrijaCD 10 \u2013 Estija, Latvija, Lietuva (detalus), Baltarusija, UkrainaCD [&hellip;]<\/p>\n","protected":false},"author":1,"featured_media":0,"parent":0,"menu_order":0,"comment_status":"closed","ping_status":"closed","template":"","meta":{"_uag_custom_page_level_css":"","footnotes":""},"class_list":["post-354","page","type-page","status-publish","hentry","post"],"yoast_head":"<!-- This site is optimized with the Yoast SEO plugin v27.3 - https:\/\/yoast.com\/product\/yoast-seo-wordpress\/ -->\n<title>Lancia navigacija - taisykla Vilniuje, Kaune, Klaip\u0117doje, \u0160iauliuose<\/title>\n<meta name=\"description\" content=\"LANCIA navigacijos \u017eem\u0117lapiai Vilniuje ir Kaune geriausia kaina. 12 m\u0117n. garantija. Tel. nr. 8 (655) 00790 \/ 8 (684) 09811\" \/>\n<meta name=\"robots\" content=\"index, follow, max-snippet:-1, max-image-preview:large, max-video-preview:-1\" \/>\n<link rel=\"canonical\" href=\"https:\/\/techremontas.lt\/en\/lancia-navigacija\/\" \/>\n<meta property=\"og:locale\" content=\"en_US\" \/>\n<meta property=\"og:type\" content=\"article\" \/>\n<meta property=\"og:title\" content=\"Lancia navigacija - taisykla Vilniuje, Kaune, Klaip\u0117doje, \u0160iauliuose\" \/>\n<meta property=\"og:description\" content=\"LANCIA navigacijos \u017eem\u0117lapiai Vilniuje ir Kaune geriausia kaina. 12 m\u0117n. garantija. Tel. nr. 8 (655) 00790 \/ 8 (684) 09811\" \/>\n<meta property=\"og:url\" content=\"https:\/\/techremontas.lt\/en\/lancia-navigacija\/\" \/>\n<meta property=\"og:site_name\" content=\"taisykla Vilniuje, Kaune, Klaip\u0117doje, \u0160iauliuose\" \/>\n<meta property=\"article:modified_time\" content=\"2019-04-11T12:27:40+00:00\" \/>\n<meta name=\"twitter:card\" content=\"summary_large_image\" \/>\n<meta name=\"twitter:label1\" content=\"Est. reading time\" \/>\n\t<meta name=\"twitter:data1\" content=\"1 minute\" \/>\n<script type=\"application\/ld+json\" class=\"yoast-schema-graph\">{\"@context\":\"https:\\\/\\\/schema.org\",\"@graph\":[{\"@type\":\"WebPage\",\"@id\":\"https:\\\/\\\/techremontas.lt\\\/lancia-navigacija\\\/\",\"url\":\"https:\\\/\\\/techremontas.lt\\\/lancia-navigacija\\\/\",\"name\":\"Lancia navigacija - taisykla Vilniuje, Kaune, Klaip\u0117doje, \u0160iauliuose\",\"isPartOf\":{\"@id\":\"https:\\\/\\\/techremontas.lt\\\/#website\"},\"datePublished\":\"2019-04-11T12:25:32+00:00\",\"dateModified\":\"2019-04-11T12:27:40+00:00\",\"description\":\"LANCIA navigacijos \u017eem\u0117lapiai Vilniuje ir Kaune geriausia kaina. 12 m\u0117n. garantija. Tel. nr. 8 (655) 00790 \\\/ 8 (684) 09811\",\"breadcrumb\":{\"@id\":\"https:\\\/\\\/techremontas.lt\\\/lancia-navigacija\\\/#breadcrumb\"},\"inLanguage\":\"en-US\",\"potentialAction\":[{\"@type\":\"ReadAction\",\"target\":[\"https:\\\/\\\/techremontas.lt\\\/lancia-navigacija\\\/\"]}]},{\"@type\":\"BreadcrumbList\",\"@id\":\"https:\\\/\\\/techremontas.lt\\\/lancia-navigacija\\\/#breadcrumb\",\"itemListElement\":[{\"@type\":\"ListItem\",\"position\":1,\"name\":\"Pagrindinis\",\"item\":\"https:\\\/\\\/techremontas.lt\\\/\"},{\"@type\":\"ListItem\",\"position\":2,\"name\":\"Lancia navigacija\"}]},{\"@type\":\"WebSite\",\"@id\":\"https:\\\/\\\/techremontas.lt\\\/#website\",\"url\":\"https:\\\/\\\/techremontas.lt\\\/\",\"name\":\"taisykla Vilniuje, Kaune, Klaip\u0117doje, \u0160iauliuose\",\"description\":\"Modernios el. technikos servisas\",\"potentialAction\":[{\"@type\":\"SearchAction\",\"target\":{\"@type\":\"EntryPoint\",\"urlTemplate\":\"https:\\\/\\\/techremontas.lt\\\/?s={search_term_string}\"},\"query-input\":{\"@type\":\"PropertyValueSpecification\",\"valueRequired\":true,\"valueName\":\"search_term_string\"}}],\"inLanguage\":\"en-US\"}]}<\/script>\n<!-- \/ Yoast SEO plugin. -->","yoast_head_json":{"title":"Lancia navigacija - taisykla Vilniuje, Kaune, Klaip\u0117doje, \u0160iauliuose","description":"LANCIA navigation maps Vilnius and Kaunas at the best price. 12 months warranty. Tel. 8 (655) 00790 \/ 8 (684) 09811","robots":{"index":"index","follow":"follow","max-snippet":"max-snippet:-1","max-image-preview":"max-image-preview:large","max-video-preview":"max-video-preview:-1"},"canonical":"https:\/\/techremontas.lt\/en\/lancia-navigacija\/","og_locale":"en_US","og_type":"article","og_title":"Lancia navigacija - taisykla Vilniuje, Kaune, Klaip\u0117doje, \u0160iauliuose","og_description":"LANCIA navigacijos \u017eem\u0117lapiai Vilniuje ir Kaune geriausia kaina. 12 m\u0117n. garantija. Tel. nr. 8 (655) 00790 \/ 8 (684) 09811","og_url":"https:\/\/techremontas.lt\/en\/lancia-navigacija\/","og_site_name":"taisykla Vilniuje, Kaune, Klaip\u0117doje, \u0160iauliuose","article_modified_time":"2019-04-11T12:27:40+00:00","twitter_card":"summary_large_image","twitter_misc":{"Est. reading time":"1 minute"},"schema":{"@context":"https:\/\/schema.org","@graph":[{"@type":"WebPage","@id":"https:\/\/techremontas.lt\/lancia-navigacija\/","url":"https:\/\/techremontas.lt\/lancia-navigacija\/","name":"Lancia navigacija - taisykla Vilniuje, Kaune, Klaip\u0117doje, \u0160iauliuose","isPartOf":{"@id":"https:\/\/techremontas.lt\/#website"},"datePublished":"2019-04-11T12:25:32+00:00","dateModified":"2019-04-11T12:27:40+00:00","description":"LANCIA navigation maps Vilnius and Kaunas at the best price. 12 months warranty. Tel. 8 (655) 00790 \/ 8 (684) 09811","breadcrumb":{"@id":"https:\/\/techremontas.lt\/lancia-navigacija\/#breadcrumb"},"inLanguage":"en-US","potentialAction":[{"@type":"ReadAction","target":["https:\/\/techremontas.lt\/lancia-navigacija\/"]}]},{"@type":"BreadcrumbList","@id":"https:\/\/techremontas.lt\/lancia-navigacija\/#breadcrumb","itemListElement":[{"@type":"ListItem","position":1,"name":"Pagrindinis","item":"https:\/\/techremontas.lt\/"},{"@type":"ListItem","position":2,"name":"Lancia navigacija"}]},{"@type":"WebSite","@id":"https:\/\/techremontas.lt\/#website","url":"https:\/\/techremontas.lt\/","name":"taisykla Vilniuje, Kaune, Klaip\u0117doje, \u0160iauliuose","description":"Modern electrical appliances service","potentialAction":[{"@type":"SearchAction","target":{"@type":"EntryPoint","urlTemplate":"https:\/\/techremontas.lt\/?s={search_term_string}"},"query-input":{"@type":"PropertyValueSpecification","valueRequired":true,"valueName":"search_term_string"}}],"inLanguage":"en-US"}]}},"uagb_featured_image_src":{"full":false,"thumbnail":false,"medium":false,"medium_large":false,"large":false,"1536x1536":false,"2048x2048":false,"trp-custom-language-flag":false,"post-thumbnail":false,"vantage-thumbnail-no-sidebar":false,"vantage-slide":false,"vantage-carousel":false,"vantage-grid-loop":false},"uagb_author_info":{"display_name":"valdymas","author_link":"https:\/\/techremontas.lt\/en\/author\/valdymas\/"},"uagb_comment_info":0,"uagb_excerpt":"LANCIA navigacijos \u017eem\u0117lapiai (Connect G2\/DB3) CD 1 \u2013 Pranc\u016bzija CD 2 \u2013 Ispanija, PortugalijaCD 3 \u2013 ItalijaCD 4 \u2013 Belgija, Olandija, LiuksemburgasCD 5 \u2013 Austrija, \u0160veicarija, p. Vokietija, \u0161. ItalijaCD 6 \u2013 VokietijaCD 7 \u2013 D.Britanija, AirijaCD 8 \u2013 SkandinavijaCD 9 \u2013 \u010cekija, Lenkija, Slovakija, Slov\u0117nija, VengrijaCD 10 \u2013 Estija, Latvija, Lietuva (detalus), Baltarusija, UkrainaCD&hellip;","_links":{"self":[{"href":"https:\/\/techremontas.lt\/en\/wp-json\/wp\/v2\/pages\/354","targetHints":{"allow":["GET"]}}],"collection":[{"href":"https:\/\/techremontas.lt\/en\/wp-json\/wp\/v2\/pages"}],"about":[{"href":"https:\/\/techremontas.lt\/en\/wp-json\/wp\/v2\/types\/page"}],"author":[{"embeddable":true,"href":"https:\/\/techremontas.lt\/en\/wp-json\/wp\/v2\/users\/1"}],"replies":[{"embeddable":true,"href":"https:\/\/techremontas.lt\/en\/wp-json\/wp\/v2\/comments?post=354"}],"version-history":[{"count":2,"href":"https:\/\/techremontas.lt\/en\/wp-json\/wp\/v2\/pages\/354\/revisions"}],"predecessor-version":[{"id":356,"href":"https:\/\/techremontas.lt\/en\/wp-json\/wp\/v2\/pages\/354\/revisions\/356"}],"wp:attachment":[{"href":"https:\/\/techremontas.lt\/en\/wp-json\/wp\/v2\/media?parent=354"}],"curies":[{"name":"wp","href":"https:\/\/api.w.org\/{rel}","templated":true}]}}