{"id":363,"date":"2019-04-11T10:36:33","date_gmt":"2019-04-11T12:36:33","guid":{"rendered":"https:\/\/techremontas.lt\/?page_id=363"},"modified":"2019-04-12T07:56:09","modified_gmt":"2019-04-12T09:56:09","slug":"lexus-navigacija","status":"publish","type":"page","link":"https:\/\/techremontas.lt\/en\/lexus-navigacija\/","title":{"rendered":"Lexus navigation"},"content":{"rendered":"<h2 class=\"wp-block-heading\"><strong>LEXUS navigation maps (TNS600, TNS700)<\/strong><\/h2>\n\n\n<p>CD 1 - Andorra, Ireland, Belgium, Great Britain, France, Ireland, Italy, Liechtenstein, Luxembourg, Monaco, Netherlands, Portugal, Spain, San Marino, Switzerland, Vatican City. <br \/>CD 2 - Austria, Belgium, Czech Republic, Estonia, Latvia, Poland, <strong>Lithuania (detailed)<\/strong>, Denmark, Finland, Germany, Liechtenstein, Luxembourg, Norway, the Netherlands, Slovakia, Sweden, Switzerland. <br \/>CD 3 - Austria, Bulgaria, Croatia, Czech Republic, Greece, Hungary, Italy, Liechtenstein, Poland, Romania, San Marino, Slovakia, Slovenia, Switzerland, Turkey, Vatican City. <br \/><br \/><em>2004-2010 on various Lexus vehicles.<\/em> <br \/><br \/><br \/>Warranty 12 months. | Vilnius and Kaunas | Best price<\/p>\n<hr \/>\n\n\n<h2 class=\"wp-block-heading\"><strong>LEXUS navigation maps (TNS600, TNS700,)<\/strong><\/h2>\n\n\n<p>Estonia, Latvia, <strong>Lithuania (detailed)<\/strong>, Russia <br \/><br \/><em>2004-2010 on various Lexus vehicles.<\/em> <br \/><br \/>Warranty 12 months. | Vilnius and Kaunas | Best price<\/p>\n<hr \/>\n\n\n<h2 class=\"wp-block-heading\"><strong>LEXUS navigation maps (HDD*EU Lexus*)<\/strong><\/h2>\n\n\n<p><strong>Lithuania (detailed)<\/strong> and Europe is full. <br \/><br \/><em>Lexus RX 2008 - 2012<\/em> <br \/><br \/>Warranty 12 months. | Vilnius and Kaunas | Best price<\/p>\n<hr \/>\n\n\n<h2 class=\"wp-block-heading\"><strong>LEXUS navigation maps (Generation 5 Gen. 5 Gen05 Denso 2.4X)<\/strong><\/h2>\n\n\n<p>CD 1 - Andorra, Ireland, Belgium, Great Britain, France, Ireland, Italy, Liechtenstein, Luxembourg, Monaco, Netherlands, Portugal, Spain, San Marino, Switzerland, Vatican City. <br \/>CD 2 - Austria, Belgium, Czech Republic, Estonia, Latvia, Poland, <strong>Lithuania (detailed)<\/strong>, Denmark, Finland, Germany, Liechtenstein, Luxembourg, Norway, the Netherlands, Slovakia, Sweden, Switzerland. <br \/>CD 3 - Austria, Bulgaria, Croatia, Czech Republic, Greece, Hungary, Italy, Liechtenstein, Poland, Romania, San Marino, Slovakia, Slovenia, Switzerland, Turkey, Vatican City.<br \/><br \/><em>Lexus LS 2007 - 2009 <br \/>Lexus ES 2007 - 2009<br \/>Lexus RX 2007 - 2009<br \/>Lexus IS 2006 - 2009<br \/>Lexus GS 2007 - 2009<\/em> <br \/><br \/>Warranty 12 months. | Vilnius and Kaunas | Best price<\/p>\n<hr \/>\n\n\n<h2 class=\"wp-block-heading\"><strong>LEXUS navigation maps (Generation 5 Gen. 5 Gen05 Denso 2.4X)<\/strong><\/h2>\n\n\n<p>Estonia, Latvia, <strong>Lithuania (detailed)<\/strong>, Russia <br \/><br \/><em>Lexus LS 2007 - 2009 <br \/>Lexus ES 2007 - 2009<br \/>Lexus RX 2007 - 2009<br \/>Lexus IS 2006 - 2009<br \/>Lexus GS 2007 - 2009<\/em> <br \/><br \/>Warranty 12 months. | Vilnius and Kaunas | Best price<\/p>\n<hr \/>\n\n\n<h2 class=\"wp-block-heading\"><strong>LEXUS navigation maps (Generation 4 Gen. 4 Gen04 Denso 2.4X)<\/strong><\/h2>\n\n\n<p>CD 1 - Andorra, Ireland, Belgium, Great Britain, France, Ireland, Italy, Liechtenstein, Luxembourg, Monaco, Netherlands, Portugal, Spain, San Marino, Switzerland, Vatican City. <br \/>CD 2 - Austria, Belgium, Czech Republic, Estonia, Latvia, Poland, <strong>Lithuania (detailed)<\/strong>, Denmark, Finland, Germany, Liechtenstein, Luxembourg, Norway, the Netherlands, Slovakia, Sweden, Switzerland. <br \/>CD 3 - Austria, Bulgaria, Croatia, Czech Republic, Greece, Hungary, Italy, Liechtenstein, Poland, Romania, San Marino, Slovakia, Slovenia, Switzerland, Turkey, Vatican City. <br \/><br \/><em>Lexus LS 2004 - 2006<br \/>Lexus SC 2005 - 2009 <br \/>Lexus RX 2005 - 2006 <br \/>Lexus LX 2004 - 2007 <br \/>Lexus GX 2005 - 2006<br \/>Lexus GS 2006 <br \/>Lexus ES 2004 - 2006<\/em> <br \/><br \/>Warranty 12 months. | Vilnius and Kaunas | Best price<\/p>\n<hr \/>\n\n\n<h2 class=\"wp-block-heading\"><strong>LEXUS navigation maps (Generation 4 Gen. 4 Gen04 Denso 2.4X)<\/strong><\/h2>\n\n\n<p>Estonia, Latvia, <strong>Lithuania (detailed)<\/strong>, Russia.<br \/><br \/><em>Lexus LS 2004 - 2006<br \/>Lexus SC 2005 - 2009<br \/>Lexus RX 2005 - 2006 <br \/>Lexus LX 2004 - 2007 <br \/>Lexus GX 2005 - 2006<br \/>Lexus GS 2006 <br \/>Lexus ES 2004 - 2006<\/em> m. <br \/><br \/><br \/>Warranty 12 months. | Vilnius and Kaunas | Best price<\/p>\n<hr \/>\n\n\n<h2 class=\"wp-block-heading\"><strong>LEXUS navigation maps (Generation 2 Generation 3 Gen. 2 Gen. 3 Gen02 Gen03 Denso 2.3)<\/strong><\/h2>\n\n\n\n<p>Albania, Austria, Belarus, Bosnia and Herzegovina, Bulgaria, Croatia, Czech Republic, Estonia, Greece, Estonia, Hungary, Montenegro, Latvia, <strong>Lithuania (detailed)<\/strong>Hungary, Poland, Macedonia, Moldova, Serbia, Slovakia, Romania, Ukraine. <br><br><em>Lexus GS 2001 - 2005 <br>Lexus LS 2001 - 2003<br>Lexus ES 2002 - 2003<br>Lexus RX 2001 - 2004<br>Lexus LX 2001 - 2003<br>Lexus IS 2002 - 2005<br>Lexus SC 2002 - 2004<br>Lexus GX 2003 - 2004<\/em> m. <br><br>Warranty 12 months. | Vilnius and Kaunas | Best price<\/p><hr\/>","protected":false},"excerpt":{"rendered":"<p>LEXUS navigacijos \u017eem\u0117lapiai (TNS600, TNS700) CD 1 &#8211; Airija, Andora, Belgija, D.Britanija, Ispanija, Italija, Lichten\u0161teinas, Liuksemburgas, Monakas, Olandija, Portugalija, Pranc\u016bzija, San Marinas, \u0160veicarija, Vatikanas. CD 2 &#8211; Austrija, Belgija, \u010cekija, Estija, Latvija, Lenkija, Lietuva (detalus), Danija, Lichten\u0161teinas, Liuksemburgas, Norvegija, Olandija, Slovakija, Suomija, \u0160vedija, \u0160veicarija, Vokietija. CD 3 &#8211; Austrija, Bulgarija, \u010cekija, Graikija, Italija, Kroatija, Lichten\u0161teinas, [&hellip;]<\/p>\n","protected":false},"author":1,"featured_media":0,"parent":0,"menu_order":0,"comment_status":"closed","ping_status":"closed","template":"","meta":{"_uag_custom_page_level_css":"","footnotes":""},"class_list":["post-363","page","type-page","status-publish","hentry","post"],"yoast_head":"<!-- This site is optimized with the Yoast SEO plugin v27.3 - https:\/\/yoast.com\/product\/yoast-seo-wordpress\/ -->\n<title>Lexus navigacija - taisykla Vilniuje, Kaune, Klaip\u0117doje, \u0160iauliuose<\/title>\n<meta name=\"description\" content=\"LEXUS navigacijos \u017eem\u0117lapiai Vilniuje ir Kaune geriausia kaina. 12 m\u0117n. garantija. Tel. nr. 8 (655) 00790 \/ 8 (684) 09811\" \/>\n<meta name=\"robots\" content=\"index, follow, max-snippet:-1, max-image-preview:large, max-video-preview:-1\" \/>\n<link rel=\"canonical\" href=\"https:\/\/techremontas.lt\/en\/lexus-navigacija\/\" \/>\n<meta property=\"og:locale\" content=\"en_US\" \/>\n<meta property=\"og:type\" content=\"article\" \/>\n<meta property=\"og:title\" content=\"Lexus navigacija - taisykla Vilniuje, Kaune, Klaip\u0117doje, \u0160iauliuose\" \/>\n<meta property=\"og:description\" content=\"LEXUS navigacijos \u017eem\u0117lapiai Vilniuje ir Kaune geriausia kaina. 12 m\u0117n. garantija. Tel. nr. 8 (655) 00790 \/ 8 (684) 09811\" \/>\n<meta property=\"og:url\" content=\"https:\/\/techremontas.lt\/en\/lexus-navigacija\/\" \/>\n<meta property=\"og:site_name\" content=\"taisykla Vilniuje, Kaune, Klaip\u0117doje, \u0160iauliuose\" \/>\n<meta property=\"article:modified_time\" content=\"2019-04-12T09:56:09+00:00\" \/>\n<meta name=\"twitter:card\" content=\"summary_large_image\" \/>\n<meta name=\"twitter:label1\" content=\"Est. reading time\" \/>\n\t<meta name=\"twitter:data1\" content=\"2 minutes\" \/>\n<script type=\"application\/ld+json\" class=\"yoast-schema-graph\">{\"@context\":\"https:\\\/\\\/schema.org\",\"@graph\":[{\"@type\":\"WebPage\",\"@id\":\"https:\\\/\\\/techremontas.lt\\\/lexus-navigacija\\\/\",\"url\":\"https:\\\/\\\/techremontas.lt\\\/lexus-navigacija\\\/\",\"name\":\"Lexus navigacija - taisykla Vilniuje, Kaune, Klaip\u0117doje, \u0160iauliuose\",\"isPartOf\":{\"@id\":\"https:\\\/\\\/techremontas.lt\\\/#website\"},\"datePublished\":\"2019-04-11T12:36:33+00:00\",\"dateModified\":\"2019-04-12T09:56:09+00:00\",\"description\":\"LEXUS navigacijos \u017eem\u0117lapiai Vilniuje ir Kaune geriausia kaina. 12 m\u0117n. garantija. Tel. nr. 8 (655) 00790 \\\/ 8 (684) 09811\",\"breadcrumb\":{\"@id\":\"https:\\\/\\\/techremontas.lt\\\/lexus-navigacija\\\/#breadcrumb\"},\"inLanguage\":\"en-US\",\"potentialAction\":[{\"@type\":\"ReadAction\",\"target\":[\"https:\\\/\\\/techremontas.lt\\\/lexus-navigacija\\\/\"]}]},{\"@type\":\"BreadcrumbList\",\"@id\":\"https:\\\/\\\/techremontas.lt\\\/lexus-navigacija\\\/#breadcrumb\",\"itemListElement\":[{\"@type\":\"ListItem\",\"position\":1,\"name\":\"Pagrindinis\",\"item\":\"https:\\\/\\\/techremontas.lt\\\/\"},{\"@type\":\"ListItem\",\"position\":2,\"name\":\"Lexus navigacija\"}]},{\"@type\":\"WebSite\",\"@id\":\"https:\\\/\\\/techremontas.lt\\\/#website\",\"url\":\"https:\\\/\\\/techremontas.lt\\\/\",\"name\":\"taisykla Vilniuje, Kaune, Klaip\u0117doje, \u0160iauliuose\",\"description\":\"Modernios el. technikos servisas\",\"potentialAction\":[{\"@type\":\"SearchAction\",\"target\":{\"@type\":\"EntryPoint\",\"urlTemplate\":\"https:\\\/\\\/techremontas.lt\\\/?s={search_term_string}\"},\"query-input\":{\"@type\":\"PropertyValueSpecification\",\"valueRequired\":true,\"valueName\":\"search_term_string\"}}],\"inLanguage\":\"en-US\"}]}<\/script>\n<!-- \/ Yoast SEO plugin. -->","yoast_head_json":{"title":"Lexus navigacija - taisykla Vilniuje, Kaune, Klaip\u0117doje, \u0160iauliuose","description":"LEXUS navigation maps in Vilnius and Kaunas at the best price. 12 months warranty. Tel. 8 (655) 00790 \/ 8 (684) 09811","robots":{"index":"index","follow":"follow","max-snippet":"max-snippet:-1","max-image-preview":"max-image-preview:large","max-video-preview":"max-video-preview:-1"},"canonical":"https:\/\/techremontas.lt\/en\/lexus-navigacija\/","og_locale":"en_US","og_type":"article","og_title":"Lexus navigacija - taisykla Vilniuje, Kaune, Klaip\u0117doje, \u0160iauliuose","og_description":"LEXUS navigacijos \u017eem\u0117lapiai Vilniuje ir Kaune geriausia kaina. 12 m\u0117n. garantija. Tel. nr. 8 (655) 00790 \/ 8 (684) 09811","og_url":"https:\/\/techremontas.lt\/en\/lexus-navigacija\/","og_site_name":"taisykla Vilniuje, Kaune, Klaip\u0117doje, \u0160iauliuose","article_modified_time":"2019-04-12T09:56:09+00:00","twitter_card":"summary_large_image","twitter_misc":{"Est. reading time":"2 minutes"},"schema":{"@context":"https:\/\/schema.org","@graph":[{"@type":"WebPage","@id":"https:\/\/techremontas.lt\/lexus-navigacija\/","url":"https:\/\/techremontas.lt\/lexus-navigacija\/","name":"Lexus navigacija - taisykla Vilniuje, Kaune, Klaip\u0117doje, \u0160iauliuose","isPartOf":{"@id":"https:\/\/techremontas.lt\/#website"},"datePublished":"2019-04-11T12:36:33+00:00","dateModified":"2019-04-12T09:56:09+00:00","description":"LEXUS navigation maps in Vilnius and Kaunas at the best price. 12 months warranty. Tel. 8 (655) 00790 \/ 8 (684) 09811","breadcrumb":{"@id":"https:\/\/techremontas.lt\/lexus-navigacija\/#breadcrumb"},"inLanguage":"en-US","potentialAction":[{"@type":"ReadAction","target":["https:\/\/techremontas.lt\/lexus-navigacija\/"]}]},{"@type":"BreadcrumbList","@id":"https:\/\/techremontas.lt\/lexus-navigacija\/#breadcrumb","itemListElement":[{"@type":"ListItem","position":1,"name":"Pagrindinis","item":"https:\/\/techremontas.lt\/"},{"@type":"ListItem","position":2,"name":"Lexus navigacija"}]},{"@type":"WebSite","@id":"https:\/\/techremontas.lt\/#website","url":"https:\/\/techremontas.lt\/","name":"taisykla Vilniuje, Kaune, Klaip\u0117doje, \u0160iauliuose","description":"Modern electrical appliances service","potentialAction":[{"@type":"SearchAction","target":{"@type":"EntryPoint","urlTemplate":"https:\/\/techremontas.lt\/?s={search_term_string}"},"query-input":{"@type":"PropertyValueSpecification","valueRequired":true,"valueName":"search_term_string"}}],"inLanguage":"en-US"}]}},"uagb_featured_image_src":{"full":false,"thumbnail":false,"medium":false,"medium_large":false,"large":false,"1536x1536":false,"2048x2048":false,"trp-custom-language-flag":false,"post-thumbnail":false,"vantage-thumbnail-no-sidebar":false,"vantage-slide":false,"vantage-carousel":false,"vantage-grid-loop":false},"uagb_author_info":{"display_name":"valdymas","author_link":"https:\/\/techremontas.lt\/en\/author\/valdymas\/"},"uagb_comment_info":0,"uagb_excerpt":"LEXUS navigacijos \u017eem\u0117lapiai (TNS600, TNS700) CD 1 &#8211; Airija, Andora, Belgija, D.Britanija, Ispanija, Italija, Lichten\u0161teinas, Liuksemburgas, Monakas, Olandija, Portugalija, Pranc\u016bzija, San Marinas, \u0160veicarija, Vatikanas. CD 2 &#8211; Austrija, Belgija, \u010cekija, Estija, Latvija, Lenkija, Lietuva (detalus), Danija, Lichten\u0161teinas, Liuksemburgas, Norvegija, Olandija, Slovakija, Suomija, \u0160vedija, \u0160veicarija, Vokietija. CD 3 &#8211; Austrija, Bulgarija, \u010cekija, Graikija, Italija, Kroatija, Lichten\u0161teinas,&hellip;","_links":{"self":[{"href":"https:\/\/techremontas.lt\/en\/wp-json\/wp\/v2\/pages\/363","targetHints":{"allow":["GET"]}}],"collection":[{"href":"https:\/\/techremontas.lt\/en\/wp-json\/wp\/v2\/pages"}],"about":[{"href":"https:\/\/techremontas.lt\/en\/wp-json\/wp\/v2\/types\/page"}],"author":[{"embeddable":true,"href":"https:\/\/techremontas.lt\/en\/wp-json\/wp\/v2\/users\/1"}],"replies":[{"embeddable":true,"href":"https:\/\/techremontas.lt\/en\/wp-json\/wp\/v2\/comments?post=363"}],"version-history":[{"count":9,"href":"https:\/\/techremontas.lt\/en\/wp-json\/wp\/v2\/pages\/363\/revisions"}],"predecessor-version":[{"id":526,"href":"https:\/\/techremontas.lt\/en\/wp-json\/wp\/v2\/pages\/363\/revisions\/526"}],"wp:attachment":[{"href":"https:\/\/techremontas.lt\/en\/wp-json\/wp\/v2\/media?parent=363"}],"curies":[{"name":"wp","href":"https:\/\/api.w.org\/{rel}","templated":true}]}}