{"id":366,"date":"2019-04-11T10:39:11","date_gmt":"2019-04-11T12:39:11","guid":{"rendered":"https:\/\/techremontas.lt\/?page_id=366"},"modified":"2019-04-11T12:14:01","modified_gmt":"2019-04-11T14:14:01","slug":"mazda-navigacija","status":"publish","type":"page","link":"https:\/\/techremontas.lt\/en\/mazda-navigacija\/","title":{"rendered":"Mazda navigation"},"content":{"rendered":"<h2 class=\"wp-block-heading\"><strong>MAZDA navigation maps (Denso)<\/strong><\/h2>\n\n\n<p>CD 1 - Ireland, Andorra, Great Britain, Gibraltar, Spain, Monaco, Portugal, France.<br>CD 2 - Austria, Belgium, Czech Republic, Denmark, Finland, Germany, Italy, Liechtenstein, Luxembourg, Norway, Netherlands, San Marino, Sweden, Switzerland, Vatican City.<br>CD 3 - Albania, Austria, Belarus, Bosnia and Herzegovina, Bulgaria, Croatia, Czech Republic, Estonia, Greece, Estonia, Hungary, Latvia, Poland, <strong>Lithuania (detailed)<\/strong>Macedonia, Moldova, Romania, Serbia, Slovakia, Slovenia, Turkey, Ukraine, Hungary, Germany. <\/p>\n<p><em>Mazda 3 from 2005\/09 <\/em><br><em>Mazda 5<\/em><br><em>Mazda RX-8 from 2005\/09<br>Mazda 6 from 2007<br>New Mazda 6 from 2008<\/em> m. <\/p>\n<p>Warranty 12 months. | Vilnius and Kaunas | Best price<\/p>\n<hr>\n\n\n<h2 class=\"wp-block-heading\"><strong>MAZDA navigation maps (Denso)<\/strong><\/h2>\n\n\n<p>Albania, Austria, Belarus, Bosnia and Herzegovina, Bulgaria, Croatia, Czech Republic, Estonia, Greece, Hungary, Montenegro, Latvia, Poland, <strong>Lithuania (detailed)<\/strong>, Macedonia, Moldova, Romania, Serbia, Slovakia, Slovenia, Turkey, Ukraine, Hungary, Germany. <\/p>\n<p><em>Mazda CX-7<br>Mazda CX-9<\/em> <\/p>\n<p>Warranty 12 months. | Vilnius and Kaunas | Best price<\/p>\n<hr>\n\n\n<h2 class=\"wp-block-heading\"><strong>MAZDA navigation maps (Multi-model Navigation) <\/strong><\/h2>\n\n\n<p>Albania, Andorra, Austria, Belgium, Bulgaria, Bosnia and Herzegovina, Belarus, Switzerland, Czech Republic, Germany, Denmark, Spain, Estonia, Finland, France, United Kingdom, Gibraltar, Greece, Croatia, Hungary, Ireland, Ireland, Italy, Liechtenstein, <strong> Lithuania (detailed)<\/strong>, Luxembourg, Latvia, Monaco, Moldova, Macedonia, Malta, Montenegro, the Netherlands, Norway, Poland, Portugal, Romania, Russia, San Marino, Serbia, Slovakia, Slovenia, Sweden, Turkey, Ukraine, Vatican City. <\/p>\n<p><em>2010 - 2014 Mazda cars with SD card.<\/em> <\/p>\n<p>Warranty 12 months. | Vilnius and Kaunas | Best price<\/p>\n<hr>\n\n\n<h2 class=\"wp-block-heading\"><strong>MAZDA navigation maps (Connect SD)<\/strong><\/h2>\n\n\n<p>Albania, Andorra, Austria, Belgium, Bulgaria, Bosnia and Herzegovina, Belarus, Switzerland, Czech Republic, Germany, Denmark, Spain, Estonia, Finland, France, United Kingdom, Gibraltar, Greece, Croatia, Hungary, Ireland, Ireland, Italy, Liechtenstein, <strong> Lithuania (detailed)<\/strong>, Luxembourg, Latvia, Monaco, Moldova, Macedonia, Malta, Montenegro, the Netherlands, Norway, Poland, Portugal, Romania, Russia, San Marino, Serbia, Slovakia, Slovenia, Sweden, Turkey, Ukraine, Vatican City.<\/p>\n<p><em>Mazda 2 from 2014.11 <br \/>Mazda 3 from 2013.10 <br \/>Mazda 3 Facelift from 2017.02 <br \/>Mazda 6 from 2016.02 <br \/>Mazda 6 Facelift from 2017.02 <br \/>Mazda MX-5 Miata from 2015.04 <br \/>Mazda MX-5 RF from 2016.10 <br \/>Mazda CX-3 from 2015.04 <br \/>Mazda CX-3 Facelift from 2017.02 <br \/>Mazda CX-5 from 2015.02 <br \/>Mazda CX-5 II from 2017.01 <br \/>Mazda CX-9 from 2016.07 <\/em><\/p>\n<p>Warranty 12 months. | Vilnius and Kaunas | Best price<\/p>\n<hr \/>\n\n\n<h2 class=\"wp-block-heading\"><\/h2>\n\n\n\n<p><br><\/p>","protected":false},"excerpt":{"rendered":"<p>MAZDA navigacijos \u017eem\u0117lapiai (Denso) CD 1 &#8211; Airija, Andora, Did\u017eioji Britanija, Gibraltaras, Ispanija, Monakas, Portugalija, Pranc\u016bzija.CD 2 &#8211; Austrija, Belgija, \u010cekija, Danija, Italija, Lichten\u0161teinas, Liuksemburgas, Norvegija, Olandija, San Marinas, Suomija, \u0160vedija, \u0160veicarija, Vatikanas, Vokietija.CD 3 &#8211; Albanija, Austrija, Baltarusija, Bosnija ir Hercegovina, Bulgarija, \u010cekija, Estija, Graikija, Juodkalnija, Kroatija, Latvija, Lenkija, Lietuva (detalus),Makedonija, Moldova, Rumunija, Serbija, [&hellip;]<\/p>\n","protected":false},"author":1,"featured_media":0,"parent":0,"menu_order":0,"comment_status":"closed","ping_status":"closed","template":"","meta":{"_uag_custom_page_level_css":"","footnotes":""},"class_list":["post-366","page","type-page","status-publish","hentry","post"],"yoast_head":"<!-- This site is optimized with the Yoast SEO plugin v27.4 - https:\/\/yoast.com\/product\/yoast-seo-wordpress\/ -->\n<title>Mazda navigacija - taisykla Vilniuje, Kaune, Klaip\u0117doje, \u0160iauliuose<\/title>\n<meta name=\"description\" content=\"MAZDA navigacijos \u017eem\u0117lapiai Vilniuje ir Kaune geriausia kaina. 12 m\u0117n. garantija. Tel. nr. 8 (655) 00790 \/ 8 (684) 09811\" \/>\n<meta name=\"robots\" content=\"index, follow, max-snippet:-1, max-image-preview:large, max-video-preview:-1\" \/>\n<link rel=\"canonical\" href=\"https:\/\/techremontas.lt\/en\/mazda-navigacija\/\" \/>\n<meta property=\"og:locale\" content=\"en_US\" \/>\n<meta property=\"og:type\" content=\"article\" \/>\n<meta property=\"og:title\" content=\"Mazda navigacija - taisykla Vilniuje, Kaune, Klaip\u0117doje, \u0160iauliuose\" \/>\n<meta property=\"og:description\" content=\"MAZDA navigacijos \u017eem\u0117lapiai Vilniuje ir Kaune geriausia kaina. 12 m\u0117n. garantija. Tel. nr. 8 (655) 00790 \/ 8 (684) 09811\" \/>\n<meta property=\"og:url\" content=\"https:\/\/techremontas.lt\/en\/mazda-navigacija\/\" \/>\n<meta property=\"og:site_name\" content=\"taisykla Vilniuje, Kaune, Klaip\u0117doje, \u0160iauliuose\" \/>\n<meta property=\"article:modified_time\" content=\"2019-04-11T14:14:01+00:00\" \/>\n<meta name=\"twitter:card\" content=\"summary_large_image\" \/>\n<meta name=\"twitter:label1\" content=\"Est. reading time\" \/>\n\t<meta name=\"twitter:data1\" content=\"2 minutes\" \/>\n<script type=\"application\/ld+json\" class=\"yoast-schema-graph\">{\"@context\":\"https:\\\/\\\/schema.org\",\"@graph\":[{\"@type\":\"WebPage\",\"@id\":\"https:\\\/\\\/techremontas.lt\\\/mazda-navigacija\\\/\",\"url\":\"https:\\\/\\\/techremontas.lt\\\/mazda-navigacija\\\/\",\"name\":\"Mazda navigacija - taisykla Vilniuje, Kaune, Klaip\u0117doje, \u0160iauliuose\",\"isPartOf\":{\"@id\":\"https:\\\/\\\/techremontas.lt\\\/#website\"},\"datePublished\":\"2019-04-11T12:39:11+00:00\",\"dateModified\":\"2019-04-11T14:14:01+00:00\",\"description\":\"MAZDA navigacijos \u017eem\u0117lapiai Vilniuje ir Kaune geriausia kaina. 12 m\u0117n. garantija. Tel. nr. 8 (655) 00790 \\\/ 8 (684) 09811\",\"breadcrumb\":{\"@id\":\"https:\\\/\\\/techremontas.lt\\\/mazda-navigacija\\\/#breadcrumb\"},\"inLanguage\":\"en-US\",\"potentialAction\":[{\"@type\":\"ReadAction\",\"target\":[\"https:\\\/\\\/techremontas.lt\\\/mazda-navigacija\\\/\"]}]},{\"@type\":\"BreadcrumbList\",\"@id\":\"https:\\\/\\\/techremontas.lt\\\/mazda-navigacija\\\/#breadcrumb\",\"itemListElement\":[{\"@type\":\"ListItem\",\"position\":1,\"name\":\"Pagrindinis\",\"item\":\"https:\\\/\\\/techremontas.lt\\\/\"},{\"@type\":\"ListItem\",\"position\":2,\"name\":\"Mazda navigacija\"}]},{\"@type\":\"WebSite\",\"@id\":\"https:\\\/\\\/techremontas.lt\\\/#website\",\"url\":\"https:\\\/\\\/techremontas.lt\\\/\",\"name\":\"taisykla Vilniuje, Kaune, Klaip\u0117doje, \u0160iauliuose\",\"description\":\"Modernios el. technikos servisas\",\"potentialAction\":[{\"@type\":\"SearchAction\",\"target\":{\"@type\":\"EntryPoint\",\"urlTemplate\":\"https:\\\/\\\/techremontas.lt\\\/?s={search_term_string}\"},\"query-input\":{\"@type\":\"PropertyValueSpecification\",\"valueRequired\":true,\"valueName\":\"search_term_string\"}}],\"inLanguage\":\"en-US\"}]}<\/script>\n<!-- \/ Yoast SEO plugin. -->","yoast_head_json":{"title":"Mazda navigacija - taisykla Vilniuje, Kaune, Klaip\u0117doje, \u0160iauliuose","description":"MAZDA navigation maps in Vilnius and Kaunas at the best price. 12 months warranty. Tel. 8 (655) 00790 \/ 8 (684) 09811","robots":{"index":"index","follow":"follow","max-snippet":"max-snippet:-1","max-image-preview":"max-image-preview:large","max-video-preview":"max-video-preview:-1"},"canonical":"https:\/\/techremontas.lt\/en\/mazda-navigacija\/","og_locale":"en_US","og_type":"article","og_title":"Mazda navigacija - taisykla Vilniuje, Kaune, Klaip\u0117doje, \u0160iauliuose","og_description":"MAZDA navigacijos \u017eem\u0117lapiai Vilniuje ir Kaune geriausia kaina. 12 m\u0117n. garantija. Tel. nr. 8 (655) 00790 \/ 8 (684) 09811","og_url":"https:\/\/techremontas.lt\/en\/mazda-navigacija\/","og_site_name":"taisykla Vilniuje, Kaune, Klaip\u0117doje, \u0160iauliuose","article_modified_time":"2019-04-11T14:14:01+00:00","twitter_card":"summary_large_image","twitter_misc":{"Est. reading time":"2 minutes"},"schema":{"@context":"https:\/\/schema.org","@graph":[{"@type":"WebPage","@id":"https:\/\/techremontas.lt\/mazda-navigacija\/","url":"https:\/\/techremontas.lt\/mazda-navigacija\/","name":"Mazda navigacija - taisykla Vilniuje, Kaune, Klaip\u0117doje, \u0160iauliuose","isPartOf":{"@id":"https:\/\/techremontas.lt\/#website"},"datePublished":"2019-04-11T12:39:11+00:00","dateModified":"2019-04-11T14:14:01+00:00","description":"MAZDA navigation maps in Vilnius and Kaunas at the best price. 12 months warranty. Tel. 8 (655) 00790 \/ 8 (684) 09811","breadcrumb":{"@id":"https:\/\/techremontas.lt\/mazda-navigacija\/#breadcrumb"},"inLanguage":"en-US","potentialAction":[{"@type":"ReadAction","target":["https:\/\/techremontas.lt\/mazda-navigacija\/"]}]},{"@type":"BreadcrumbList","@id":"https:\/\/techremontas.lt\/mazda-navigacija\/#breadcrumb","itemListElement":[{"@type":"ListItem","position":1,"name":"Pagrindinis","item":"https:\/\/techremontas.lt\/"},{"@type":"ListItem","position":2,"name":"Mazda navigacija"}]},{"@type":"WebSite","@id":"https:\/\/techremontas.lt\/#website","url":"https:\/\/techremontas.lt\/","name":"taisykla Vilniuje, Kaune, Klaip\u0117doje, \u0160iauliuose","description":"Modern electrical appliances service","potentialAction":[{"@type":"SearchAction","target":{"@type":"EntryPoint","urlTemplate":"https:\/\/techremontas.lt\/?s={search_term_string}"},"query-input":{"@type":"PropertyValueSpecification","valueRequired":true,"valueName":"search_term_string"}}],"inLanguage":"en-US"}]}},"uagb_featured_image_src":{"full":false,"thumbnail":false,"medium":false,"medium_large":false,"large":false,"1536x1536":false,"2048x2048":false,"trp-custom-language-flag":false,"post-thumbnail":false,"vantage-thumbnail-no-sidebar":false,"vantage-slide":false,"vantage-carousel":false,"vantage-grid-loop":false},"uagb_author_info":{"display_name":"valdymas","author_link":"https:\/\/techremontas.lt\/en\/author\/valdymas\/"},"uagb_comment_info":0,"uagb_excerpt":"MAZDA navigacijos \u017eem\u0117lapiai (Denso) CD 1 &#8211; Airija, Andora, Did\u017eioji Britanija, Gibraltaras, Ispanija, Monakas, Portugalija, Pranc\u016bzija.CD 2 &#8211; Austrija, Belgija, \u010cekija, Danija, Italija, Lichten\u0161teinas, Liuksemburgas, Norvegija, Olandija, San Marinas, Suomija, \u0160vedija, \u0160veicarija, Vatikanas, Vokietija.CD 3 &#8211; Albanija, Austrija, Baltarusija, Bosnija ir Hercegovina, Bulgarija, \u010cekija, Estija, Graikija, Juodkalnija, Kroatija, Latvija, Lenkija, Lietuva (detalus),Makedonija, Moldova, Rumunija, Serbija,&hellip;","_links":{"self":[{"href":"https:\/\/techremontas.lt\/en\/wp-json\/wp\/v2\/pages\/366","targetHints":{"allow":["GET"]}}],"collection":[{"href":"https:\/\/techremontas.lt\/en\/wp-json\/wp\/v2\/pages"}],"about":[{"href":"https:\/\/techremontas.lt\/en\/wp-json\/wp\/v2\/types\/page"}],"author":[{"embeddable":true,"href":"https:\/\/techremontas.lt\/en\/wp-json\/wp\/v2\/users\/1"}],"replies":[{"embeddable":true,"href":"https:\/\/techremontas.lt\/en\/wp-json\/wp\/v2\/comments?post=366"}],"version-history":[{"count":6,"href":"https:\/\/techremontas.lt\/en\/wp-json\/wp\/v2\/pages\/366\/revisions"}],"predecessor-version":[{"id":374,"href":"https:\/\/techremontas.lt\/en\/wp-json\/wp\/v2\/pages\/366\/revisions\/374"}],"wp:attachment":[{"href":"https:\/\/techremontas.lt\/en\/wp-json\/wp\/v2\/media?parent=366"}],"curies":[{"name":"wp","href":"https:\/\/api.w.org\/{rel}","templated":true}]}}