{"id":376,"date":"2019-04-11T12:19:43","date_gmt":"2019-04-11T14:19:43","guid":{"rendered":"https:\/\/techremontas.lt\/?page_id=376"},"modified":"2019-04-12T09:39:48","modified_gmt":"2019-04-12T11:39:48","slug":"mercedes-benz-navigacija","status":"publish","type":"page","link":"https:\/\/techremontas.lt\/en\/mercedes-benz-navigacija\/","title":{"rendered":"Mercedes Benz navigation"},"content":{"rendered":"<h2 class=\"wp-block-heading\"><strong>MERCEDES BENZ navigation maps (NTG1)<\/strong><\/h2>\n\n\n<p>Ireland, Andorra, Austria, Belgium, Bulgaria, Czech Republic, Denmark, Great Britain, Estonia, Gibraltar, Greece, Spain, Italy, Croatia, Latvia, Liechtenstein, Poland, <strong> Lithuania (detailed)<\/strong>, Luxembourg, Monaco, Norway, Netherlands, Portugal, France, Romania, San Marino, Slovakia, Slovenia, Finland, Sweden, Switzerland, Vatican City, Hungary, Germany. <\/p>\n<p><em>CL-Class C215 2003-2006 <br>S-Classes W220 2003-2005<br>SL-Klasse R230 2004-2008<\/em><\/p>\n<p>Warranty 12 months. | Vilnius and Kaunas | Best price<\/p>\n<hr>\n\n\n<h2 class=\"wp-block-heading\"><strong>MERCEDES BENZ navigation maps (NTG1)<\/strong><\/h2>\n\n\n<p>Ireland, Andorra, Austria, Belgium, Bulgaria, Czech Republic, Denmark, Great Britain, Estonia, Gibraltar, Greece, Spain, Italy, Croatia, Latvia, Liechtenstein, Poland, <strong> Lithuania (detailed)<\/strong>, Luxembourg, Monaco, Norway, Netherlands, Portugal, France, Romania, San Marino, Slovakia, Slovenia, Finland, Sweden, Switzerland, Vatican City, Hungary, Germany. <\/p>\n<p><em>Mercedes Benz CLS-Klasse C219 2004 - 2008<\/em><br><em>Mercedes Benz SLK-Klasse R171 2004 - 2008<br>Mercedes Benz E-Klasse W211 2002 - 2008<br>Mercedes Benz E-Klasse S211 2003 - 2008<\/em> <\/p>\n<p>Warranty 12 months. | Vilnius and Kaunas | Best price<\/p>\n<hr>\n\n\n<h2 class=\"wp-block-heading\"><strong>MERCEDES BENZ navigation maps (NTG2)<\/strong><\/h2>\n\n\n<p>Ireland, Andorra, Austria, Belgium, Bulgaria, Czech Republic, Denmark, Great Britain, Estonia, Gibraltar, Greece, Spain, Italy, Croatia, Latvia, Liechtenstein, Poland, <strong> Lithuania (detailed)<\/strong>, Luxembourg, Monaco, Norway, Netherlands, Portugal, France, Romania, San Marino, Slovakia, Slovenia, Finland, Sweden, Switzerland, Vatican City, Hungary, Germany.<\/p>\n<p><em>Mercedes Benz A-Klasse W\/C169 2004 - 2008 <br>Mercedes Benz<\/em> <em>B-Klasse W 245 2005 - 2008<br>Mercedes Benz<\/em> <em>C-Klasse W203 2004 - 2007<br>Mercedes Benz CL203 2004 - 2007<br>Mercedes Benz S203 2004 - 2007<br>Mercedes Benz CLK-Klasse C209 from 2002<\/em><br><em>Mercedes Benz CLK-Klasse A209 from 2003<br>Mercedes Benz G-Klasse G463<br>Mercedes Benz GL-Klasse X164 from 2006<br>Mercedes Benz M-Klasse W164 2005 - 2008<br>Mercedes Benz R-Klasse V251 2006 - 2008,<\/em><br><em>Mercedes Benz Smart for 4 Sprinter from 2004<br>Mercedes Benz Vito, Viano from 2006<\/em> <\/p>\n<p>Warranty 12 months. | Vilnius and Kaunas | Best price<\/p>\n<hr>\n\n\n<h2 class=\"wp-block-heading\"><strong>MERCEDES BENZ navigation maps (NTG2.5) <\/strong><\/h2>\n\n\n<p>Ireland, Andorra, Austria, Belgium, Bulgaria, Czech Republic, Denmark, Great Britain, Estonia, Gibraltar, Greece, Spain, Italy, Croatia, Latvia, Liechtenstein, Poland, <strong> Lithuania (detailed)<\/strong>, Luxembourg, Monaco, Norway, Netherlands, Portugal, France, Romania, San Marino, Slovakia, Slovenia, Finland, Sweden, Switzerland, Vatican City, Hungary, Germany. <\/p>\n<p><em>Mercedes Benz A, B Klasse from 2008<br>Mercedes Benz CLC Klasse from 2008<br>Mercedes Benz CLS Klasse from 2008<br>Mercedes Benz E Klasse 2008 - 2009<br>Mercedes Benz G, GL, M.R. SL, SLK Klasse from 2008<br>Mercedes Benz Sprinter from 2011<\/em> <\/p>\n<p>Warranty 12 months. | Vilnius and Kaunas | Best price<\/p>\n<hr>\n\n\n<h2 class=\"wp-block-heading\"><strong>MERCEDES BENZ navigation maps (NTG3) <\/strong><\/h2>\n\n\n<p>Ireland, Andorra, Austria, Belgium, Bulgaria, Czech Republic, Denmark, Great Britain, Estonia, Gibraltar, Greece, Spain, Italy, Croatia, Latvia, Liechtenstein, Poland, <strong> Lithuania (detailed)<\/strong>, Luxembourg, Monaco, Norway, Netherlands, Portugal, France, Romania, San Marino, Slovakia, Slovenia, Finland, Sweden, Switzerland, Vatican City, Hungary, Germany. <\/p>\n<p><em>Mercedes Benz CL-Klasse W216 2006 - 2009<br>Mercedes Benz S-Klasse W221 2005 - 2009<\/em> <\/p>\n<p>Warranty 12 months. | Vilnius and Kaunas | Best price<\/p>\n<hr>\n\n\n<h2 class=\"wp-block-heading\"><strong>MERCEDES BENZ navigation maps (COMAND NTG4)<\/strong> <\/h2>\n\n\n<p>Ireland, Andorra, Austria, Belgium, Bulgaria, Czech Republic, Denmark, Great Britain, Estonia, Gibraltar, Greece, Spain, Italy, Croatia, Latvia, Liechtenstein, Poland, <strong> Lithuania (detailed)<\/strong>, Luxembourg, Monaco, Norway, Netherlands, Portugal, France, Romania, San Marino, Slovakia, Slovenia, Finland, Sweden, Switzerland, Vatican City, Hungary, Germany. <\/p>\n<p><em>Mercedes Benz C-Klasse S204<br>Mercedes Benz W204 2007 - 2011<br>Mercedes Benz GLK-Klasse X204 2008 - 2012<br>Mercedes Benz SLS AMG C-197 from 2010<\/em> <\/p>\n<p>Warranty 12 months. | Vilnius and Kaunas | Best price<\/p>\n<hr>\n\n\n<h2 class=\"wp-block-heading\"><strong>MERCEDES BENZ navigation maps (COMAND NTG4 (W212 version)) <\/strong><\/h2>\n\n\n<p>Ireland, Andorra, Austria, Belgium, Bulgaria, Czech Republic, Denmark, Great Britain, Estonia, Gibraltar, Greece, Spain, Italy, Croatia, Latvia, Liechtenstein, Poland, <strong> Lithuania (detailed)<\/strong>, Luxembourg, Monaco, Norway, Netherlands, Portugal, France, Romania, San Marino, Slovakia, Slovenia, Finland, Sweden, Switzerland, Vatican City, Hungary, Germany. <\/p>\n<p><em>Mercedes Benz E-Klasse Sedan Limousin W212 2009 - 2011<br>Mercedes Benz E-Klasse Coupe C207 2009 - 2011<br>Mercedes Benz E-klasse Cabriolet A207 2009 - 2011<br>Mercedes Benz E-Klasse T-model S212 Estat 2009 - 2011<br>Mercedes Benz CLS-Klasse 2011 m.<\/em> <\/p>\n<p>Warranty 12 months. | Vilnius and Kaunas | Best price<\/p>\n<hr>\n\n\n<h2 class=\"wp-block-heading\"><strong>MERCEDES BENZ navigation maps (COMAND ONLINE (NTG3.5\/NTG4.5)) <\/strong><\/h2>\n\n\n<p>Austria, Bosnia and Herzegovina, Andorra, Bulgaria, Bulgaria, the Czech Republic, Switzerland, Spain, Denmark, Germany, Estonia, Finland, Great Britain, Greece, Croatia, Hungary, Iceland, Ireland, Italy, Gibraltar, Kosovo, Liechtenstein, Luxembourg, <strong>Lithuania (detailed)<\/strong>, Latvia, the Netherlands, Poland, Romania, Slovakia, Spain, Sweden, Slovenia. <\/p>\n<p>Mercedes Benz <em>NTG 3.5: W221 S \/ W216 CL (from 2009 onwards) <\/em><br><em>Mercedes Benz NTG 4.5: W176 A class W246 B class, W166 ML, R172 SLK, R231 SL, W204 C (from 2012 onwards), W212\/W207 E (from 2011 onwards), G (from 2015 onwards)<\/em><\/p>\n<p>Warranty 12 months. | Vilnius and Kaunas | Best price<\/p>\n<hr>\n\n\n<h2 class=\"wp-block-heading\"><strong>MERCEDES BENZ navigation maps (COMAND NEW (NTG5))<\/strong><\/h2>\n\n\n<p>Unreleased<\/p>\n<p><em>MERCEDES will be available from 2014. <\/em> <\/p>\n<p>Warranty 12 months. | Vilnius and Kaunas | Best price<\/p>\n<hr>\n\n\n<h2 class=\"wp-block-heading\"><strong>MERCEDES BENZ navigation maps (AUDIO 50 APS-1)<\/strong><\/h2>\n\n\n<p>CD 1 - Ireland, Denmark, Great Britain, Norway, Finland, Sweden<br>CD 2 - Austria, Liechtenstein, Switzerland, Netherlands, Germany<br>CD 3 - Belgium, Luxembourg, Monaco, France<br>CD 4 - Greece, Italy, Croatia, Slovenia, San Marino, Vatican<br>CD 5 - Andorra, Gibraltar, Spain, Portugal<br>CD 6 - Czech Republic, <strong>Poland <\/strong>, Slovakia, Hungary. <\/p>\n<p><em>Mercedes Benz CLS-Class Coupe C219 until 2008<br>Mercedes Benz E-Class Limousine W211 2002 - 2008<br>Mercedes Benz E-Class T-Modell S211 2003 - 2008<br>Mercedes Benz SLK-Class Roadster R171 2004 - 2008<\/em> <\/p>\n<p>Warranty 12 months. | Vilnius and Kaunas | Best price<\/p>\n<hr>\n\n\n<h2 class=\"wp-block-heading\"><strong>MERCEDES BENZ navigation maps (AUDIO 50 APS-2) <\/strong><\/h2>\n\n\n<p>CD 1 - Ireland, Great Britain, Belgium, Luxembourg, Netherlands <br>CD 2 - Austria, Liechtenstein, Switzerland, Germany<br>CD 3 - Monaco, France<br>CD 4 - Italy, San Marino, Vatican City<br>CD 5 -Andorra, Gibraltar, Spain, Portugal<br>CD 6 - Czech Republic, Greece, Croatia, <strong> Poland <\/strong>, Slovakia, Slovenia, Hungary<br>CD 7 - Denmark, Norway, Finland, Sweden.<\/p>\n<p>Mercedes Benz <em>A-Class W169 2004-2008, C169 2004 - 2008 <br>Mercedes Benz B-Class W245 2005 - 2008<br>Mercedes Benz C-Class W203 2004-2007, S203 2004 - 2007<br>Mercedes Benz CLC-Class C203 2004 - 2008 m.<\/em><br><em>Mercedes Benz CLC 2008 m.<\/em><br><em>Mercedes Benz CLK-Class A 2004 - 2009<\/em><br><em>Mercedes Benz C209 2004 - 2009<br>Mercedes Benz GL-Class X164 2006 - 2008<br>Mercedes Benz M-Class W164 2005 - 2008<br>Mercedes Benz R-Class W251, V251 2006 - 2008<br>Mercedes Benz Sprinter C906 NCV3 2006 - 2009<\/em> <\/p>\n<p>Warranty 12 months. | Vilnius and Kaunas | Best price<\/p>\n<hr>\n\n\n<h2 class=\"wp-block-heading\"><strong>MERCEDES BENZ navigation maps (AUDIO 50 APS-2.5) <\/strong><\/h2>\n\n\n<p>CD 1 - Ireland, Denmark, Great Britain, Estonia, Latvia, <strong> Lithuania (detailed)<\/strong>, Poland, Norway, Finland, Sweden. <br>CD 2 - Austria, Belgium, Czech Republic, Denmark, Germany, Liechtenstein, Luxembourg, Netherlands, Poland, Sweden, Switzerland. <br>CD 3 - Andorra, Belgium, Gibraltar, France, Luxembourg, Liechtenstein, Monaco, Portugal, Spain, Switzerland. <br>CD 4 - Austria, Bulgaria, Croatia, Czech Republic, Greece, Hungary, Italy, Liechtenstein, Poland, Romania, San Marino, Slovakia, Slovenia, Switzerland, Vatican City. <\/p>\n<p><em>Mercedes Benz A-Klasse W\/C 169 2008 - 2012<br>Mercedes Benz B-Klasse W 245 2008 - 2011<br>Mercedes Benz CLS-Klasse 2008 - 2011<br>Mercedes Benz CLS-Klasse C 219 2008 - 2010<br>Mercedes Benz E-Klasse W\/S 211 2008 - 2009 <br>Mercedes Benz GL-Klasse X 164 2008 - 2012<br>Mercedes Benz M-Klasse W164 2008 - 2011<br>Mercedes Benz R-Klasse W\/V 251 from 2008<br>Mercedes Benz SLK-Klasse R 2008 - 2011<br>Mercedes Benz Vito, Viano from 2010<\/em> <\/p>\n<p>Warranty 12 months. | Vilnius and Kaunas | Best price<\/p>\n<hr>\n\n\n<h2 class=\"wp-block-heading\"><strong>MERCEDES BENZ navigation maps (AUDIO 50 APS-4)(version W204)<\/strong><\/h2>\n\n\n<p>Ireland, Andorra, Austria, Belgium, Bulgaria, Czech Republic, Denmark, Great Britain, Estonia, Gibraltar, Greece, Spain, Italy, Croatia, Latvia, Liechtenstein, Poland, <strong> Lithuania (detailed)<\/strong>, Luxembourg, Monaco, Norway, Netherlands, Portugal, France, Romania, San Marino, Slovakia, Slovenia, Finland, Sweden, Switzerland, Vatican City, Hungary, Germany.<\/p>\n<p><em>Mercedes Benz C-Klasse W204 from 2007<br>Mercedes Benz GLK-Klasse X204 from 2008<\/em><\/p>\n<p>Warranty 12 months. | Vilnius and Kaunas | Best price<\/p>\n<hr>\n\n\n<h2 class=\"wp-block-heading\"><strong>MERCEDES BENZ navigation maps (AUDIO 50 APS-4) (version W212)<\/strong><\/h2>\n\n\n<p>CD 1 - Andorra, Ireland, Great Britain, Gibraltar, France, Ireland, Italy, Liechtenstein, Luxembourg, Monaco, Portugal, Spain, San Marino, Switzerland, Vatican City. <br>CD 1 - Andorra, Austria, Belgium, Czech Republic, Denmark, France, Germany, Italy, Liechtenstein, Luxembourg, Monaco, Poland, San Marino, Switzerland, Vatican City, Vatican City. <br>CD 3 - Andorra, Austria, Belgium, Czech Republic, Denmark, Denmark, France, Germany, Great Britain, Liechtenstein, Luxembourg, Monaco, Netherlands, Poland, Switzerland. <br>CD 4 - Austria, Bulgaria, Czech Republic, Denmark, Greece, Italy, Estonia, Croatia, Italy, Latvia, <strong> Lithuania (detailed)<\/strong>, Poland, Liechtenstein, Norway, San Marino, Slovenia, Slovakia, Finland, Sweden, Switzerland, Vatican City, Hungary.<\/p>\n<p><em>Mercedes Benz CLS-Klasse C218 2011 m.<br>Mercedes Benz E-Klasse Cabriolet 2009 - 2011<br>Mercedes Benz E-Klasse Coupe C207 2009 - 2011<br>Mercedes Benz E-Klasse Limousine W\/S212 2009 - 2011<br>Mercedes Benz E-Klasse T-Model 2009 - 2011<\/em> <\/p>\n<p>Warranty 12 months. | Vilnius and Kaunas | Best price<\/p>\n<hr>\n\n\n<h2 class=\"wp-block-heading\">MERCEDES BENZ navigation maps (COMMAND 2.0\/2.5 \/ COMMAND-APS)<\/h2>\n\n\n<p>CD 1 - Austria, Switzerland, Liechtenstein, France, Germany, sh. Italy<br>CD 2 - Belgium, Netherlands, Luxembourg<br>CD 3 - Czech Republic, <strong> Poland <\/strong><br>CD 4 - Germany<br>CD 5 - Italy, San Marino, Vatican City<br>CD 6 - Finland, Sweden, Norway, Denmark<br>CD 7 - Spain, Portugal<br>CD 8 - France<br>CD 9 - Great Britain<br>CD 10 - Maps of major roads in Europe.<\/p>\n<p><em>Mercedes Benz C-Class 1999\/07 - 2004\/03 <\/em><br><em>Mercedes Benz CL-Class 1999\/09 - 2003\/09 <\/em><br><em>Mercedes Benz CLK 1999\/04 - 2004\/06 <\/em><br><em>Mercedes Benz E-Class Limited : 1999\/04 - 2002\/03 T : 1999\/04 - 2003\/03<\/em><br><em>Mercedes Benz G-Class 2000\/06 - 2007\/04 <\/em><br><em>Mercedes Benz M-class 2000\/04 - 2005\/07 <\/em><br>Mercedes Benz <em>S-class 1999\/09 - 2003\/09 <\/em><br>Mercedes Benz <em>EN 2001\/10 - 2004\/06<\/em> <\/p>\n<p>Warranty 12 months. | Vilnius and Kaunas | Best price<\/p>\n<hr>","protected":false},"excerpt":{"rendered":"<p>MERCEDES BENZ navigacijos \u017eem\u0117lapiai (NTG1) Airija, Andora, Austrija, Belgija, Bulgarija, \u010cekija, Danija, D.Britanija, Estija, Gibraltaras, Graikija, Ispanija, Italija, Kroatija, Latvija, Lenkija, Lichten\u0161teinas, Lietuva (detalus), Liuksemburgas, Monakas, Norvegija, Olandija, Portugalija, Pranc\u016bzija, Rumunija, San Marinas, Slovakija, Slov\u0117nija, Suomija, \u0160vedija, \u0160veicarija, Vatikanas, Vengrija, Vokietija. CL-Klasse C215 2003-2006 S-Klasses W220 2003-2005SL-Klasse R230 2004-2008 Garantija 12 m\u0117n. | Vilniuje ir [&hellip;]<\/p>\n","protected":false},"author":1,"featured_media":0,"parent":0,"menu_order":0,"comment_status":"closed","ping_status":"closed","template":"","meta":{"_uag_custom_page_level_css":"","footnotes":""},"class_list":["post-376","page","type-page","status-publish","hentry","post"],"yoast_head":"<!-- This site is optimized with the Yoast SEO plugin v27.4 - https:\/\/yoast.com\/product\/yoast-seo-wordpress\/ -->\n<title>Mercedes Benz navigacija - taisykla Vilniuje, Kaune, Klaip\u0117doje, \u0160iauliuose<\/title>\n<meta name=\"description\" content=\"MERCEDES BENZ avigacijos \u017eem\u0117lapiai Vilniuje ir Kaune geriausia kaina. 12 m\u0117n. garantija. Tel. nr. 8 (655) 00790 \/ 8 (684) 09811\" \/>\n<meta name=\"robots\" content=\"index, follow, max-snippet:-1, max-image-preview:large, max-video-preview:-1\" \/>\n<link rel=\"canonical\" href=\"https:\/\/techremontas.lt\/en\/mercedes-benz-navigacija\/\" \/>\n<meta property=\"og:locale\" content=\"en_US\" \/>\n<meta property=\"og:type\" content=\"article\" \/>\n<meta property=\"og:title\" content=\"Mercedes Benz navigacija - taisykla Vilniuje, Kaune, Klaip\u0117doje, \u0160iauliuose\" \/>\n<meta property=\"og:description\" content=\"MERCEDES BENZ avigacijos \u017eem\u0117lapiai Vilniuje ir Kaune geriausia kaina. 12 m\u0117n. garantija. Tel. nr. 8 (655) 00790 \/ 8 (684) 09811\" \/>\n<meta property=\"og:url\" content=\"https:\/\/techremontas.lt\/en\/mercedes-benz-navigacija\/\" \/>\n<meta property=\"og:site_name\" content=\"taisykla Vilniuje, Kaune, Klaip\u0117doje, \u0160iauliuose\" \/>\n<meta property=\"article:modified_time\" content=\"2019-04-12T11:39:48+00:00\" \/>\n<meta name=\"twitter:card\" content=\"summary_large_image\" \/>\n<meta name=\"twitter:label1\" content=\"Est. reading time\" \/>\n\t<meta name=\"twitter:data1\" content=\"6 minutes\" \/>\n<script type=\"application\/ld+json\" class=\"yoast-schema-graph\">{\"@context\":\"https:\\\/\\\/schema.org\",\"@graph\":[{\"@type\":\"WebPage\",\"@id\":\"https:\\\/\\\/techremontas.lt\\\/mercedes-benz-navigacija\\\/\",\"url\":\"https:\\\/\\\/techremontas.lt\\\/mercedes-benz-navigacija\\\/\",\"name\":\"Mercedes Benz navigacija - taisykla Vilniuje, Kaune, Klaip\u0117doje, \u0160iauliuose\",\"isPartOf\":{\"@id\":\"https:\\\/\\\/techremontas.lt\\\/#website\"},\"datePublished\":\"2019-04-11T14:19:43+00:00\",\"dateModified\":\"2019-04-12T11:39:48+00:00\",\"description\":\"MERCEDES BENZ avigacijos \u017eem\u0117lapiai Vilniuje ir Kaune geriausia kaina. 12 m\u0117n. garantija. Tel. nr. 8 (655) 00790 \\\/ 8 (684) 09811\",\"breadcrumb\":{\"@id\":\"https:\\\/\\\/techremontas.lt\\\/mercedes-benz-navigacija\\\/#breadcrumb\"},\"inLanguage\":\"en-US\",\"potentialAction\":[{\"@type\":\"ReadAction\",\"target\":[\"https:\\\/\\\/techremontas.lt\\\/mercedes-benz-navigacija\\\/\"]}]},{\"@type\":\"BreadcrumbList\",\"@id\":\"https:\\\/\\\/techremontas.lt\\\/mercedes-benz-navigacija\\\/#breadcrumb\",\"itemListElement\":[{\"@type\":\"ListItem\",\"position\":1,\"name\":\"Pagrindinis\",\"item\":\"https:\\\/\\\/techremontas.lt\\\/\"},{\"@type\":\"ListItem\",\"position\":2,\"name\":\"Mercedes Benz navigacija\"}]},{\"@type\":\"WebSite\",\"@id\":\"https:\\\/\\\/techremontas.lt\\\/#website\",\"url\":\"https:\\\/\\\/techremontas.lt\\\/\",\"name\":\"taisykla Vilniuje, Kaune, Klaip\u0117doje, \u0160iauliuose\",\"description\":\"Modernios el. technikos servisas\",\"potentialAction\":[{\"@type\":\"SearchAction\",\"target\":{\"@type\":\"EntryPoint\",\"urlTemplate\":\"https:\\\/\\\/techremontas.lt\\\/?s={search_term_string}\"},\"query-input\":{\"@type\":\"PropertyValueSpecification\",\"valueRequired\":true,\"valueName\":\"search_term_string\"}}],\"inLanguage\":\"en-US\"}]}<\/script>\n<!-- \/ Yoast SEO plugin. -->","yoast_head_json":{"title":"Mercedes Benz navigacija - taisykla Vilniuje, Kaune, Klaip\u0117doje, \u0160iauliuose","description":"MERCEDES BENZ navigation maps in Vilnius and Kaunas at the best price. 12 months warranty. Tel. 8 (655) 00790 \/ 8 (684) 09811","robots":{"index":"index","follow":"follow","max-snippet":"max-snippet:-1","max-image-preview":"max-image-preview:large","max-video-preview":"max-video-preview:-1"},"canonical":"https:\/\/techremontas.lt\/en\/mercedes-benz-navigacija\/","og_locale":"en_US","og_type":"article","og_title":"Mercedes Benz navigacija - taisykla Vilniuje, Kaune, Klaip\u0117doje, \u0160iauliuose","og_description":"MERCEDES BENZ avigacijos \u017eem\u0117lapiai Vilniuje ir Kaune geriausia kaina. 12 m\u0117n. garantija. Tel. nr. 8 (655) 00790 \/ 8 (684) 09811","og_url":"https:\/\/techremontas.lt\/en\/mercedes-benz-navigacija\/","og_site_name":"taisykla Vilniuje, Kaune, Klaip\u0117doje, \u0160iauliuose","article_modified_time":"2019-04-12T11:39:48+00:00","twitter_card":"summary_large_image","twitter_misc":{"Est. reading time":"6 minutes"},"schema":{"@context":"https:\/\/schema.org","@graph":[{"@type":"WebPage","@id":"https:\/\/techremontas.lt\/mercedes-benz-navigacija\/","url":"https:\/\/techremontas.lt\/mercedes-benz-navigacija\/","name":"Mercedes Benz navigacija - taisykla Vilniuje, Kaune, Klaip\u0117doje, \u0160iauliuose","isPartOf":{"@id":"https:\/\/techremontas.lt\/#website"},"datePublished":"2019-04-11T14:19:43+00:00","dateModified":"2019-04-12T11:39:48+00:00","description":"MERCEDES BENZ navigation maps in Vilnius and Kaunas at the best price. 12 months warranty. Tel. 8 (655) 00790 \/ 8 (684) 09811","breadcrumb":{"@id":"https:\/\/techremontas.lt\/mercedes-benz-navigacija\/#breadcrumb"},"inLanguage":"en-US","potentialAction":[{"@type":"ReadAction","target":["https:\/\/techremontas.lt\/mercedes-benz-navigacija\/"]}]},{"@type":"BreadcrumbList","@id":"https:\/\/techremontas.lt\/mercedes-benz-navigacija\/#breadcrumb","itemListElement":[{"@type":"ListItem","position":1,"name":"Pagrindinis","item":"https:\/\/techremontas.lt\/"},{"@type":"ListItem","position":2,"name":"Mercedes Benz navigacija"}]},{"@type":"WebSite","@id":"https:\/\/techremontas.lt\/#website","url":"https:\/\/techremontas.lt\/","name":"taisykla Vilniuje, Kaune, Klaip\u0117doje, \u0160iauliuose","description":"Modern electrical appliances service","potentialAction":[{"@type":"SearchAction","target":{"@type":"EntryPoint","urlTemplate":"https:\/\/techremontas.lt\/?s={search_term_string}"},"query-input":{"@type":"PropertyValueSpecification","valueRequired":true,"valueName":"search_term_string"}}],"inLanguage":"en-US"}]}},"uagb_featured_image_src":{"full":false,"thumbnail":false,"medium":false,"medium_large":false,"large":false,"1536x1536":false,"2048x2048":false,"trp-custom-language-flag":false,"post-thumbnail":false,"vantage-thumbnail-no-sidebar":false,"vantage-slide":false,"vantage-carousel":false,"vantage-grid-loop":false},"uagb_author_info":{"display_name":"valdymas","author_link":"https:\/\/techremontas.lt\/en\/author\/valdymas\/"},"uagb_comment_info":0,"uagb_excerpt":"MERCEDES BENZ navigacijos \u017eem\u0117lapiai (NTG1) Airija, Andora, Austrija, Belgija, Bulgarija, \u010cekija, Danija, D.Britanija, Estija, Gibraltaras, Graikija, Ispanija, Italija, Kroatija, Latvija, Lenkija, Lichten\u0161teinas, Lietuva (detalus), Liuksemburgas, Monakas, Norvegija, Olandija, Portugalija, Pranc\u016bzija, Rumunija, San Marinas, Slovakija, Slov\u0117nija, Suomija, \u0160vedija, \u0160veicarija, Vatikanas, Vengrija, Vokietija. CL-Klasse C215 2003-2006 S-Klasses W220 2003-2005SL-Klasse R230 2004-2008 Garantija 12 m\u0117n. | Vilniuje ir&hellip;","_links":{"self":[{"href":"https:\/\/techremontas.lt\/en\/wp-json\/wp\/v2\/pages\/376","targetHints":{"allow":["GET"]}}],"collection":[{"href":"https:\/\/techremontas.lt\/en\/wp-json\/wp\/v2\/pages"}],"about":[{"href":"https:\/\/techremontas.lt\/en\/wp-json\/wp\/v2\/types\/page"}],"author":[{"embeddable":true,"href":"https:\/\/techremontas.lt\/en\/wp-json\/wp\/v2\/users\/1"}],"replies":[{"embeddable":true,"href":"https:\/\/techremontas.lt\/en\/wp-json\/wp\/v2\/comments?post=376"}],"version-history":[{"count":18,"href":"https:\/\/techremontas.lt\/en\/wp-json\/wp\/v2\/pages\/376\/revisions"}],"predecessor-version":[{"id":528,"href":"https:\/\/techremontas.lt\/en\/wp-json\/wp\/v2\/pages\/376\/revisions\/528"}],"wp:attachment":[{"href":"https:\/\/techremontas.lt\/en\/wp-json\/wp\/v2\/media?parent=376"}],"curies":[{"name":"wp","href":"https:\/\/api.w.org\/{rel}","templated":true}]}}