{"id":444,"date":"2019-04-12T05:37:51","date_gmt":"2019-04-12T07:37:51","guid":{"rendered":"https:\/\/techremontas.lt\/?page_id=444"},"modified":"2019-04-12T05:41:08","modified_gmt":"2019-04-12T07:41:08","slug":"porsche-navigacija","status":"publish","type":"page","link":"https:\/\/techremontas.lt\/en\/porsche-navigacija\/","title":{"rendered":"Porsche navigation"},"content":{"rendered":"<h2 class=\"wp-block-heading\"><strong>PORSCHE navigation maps (PCM 2.1) <\/strong><\/h2>\n\n\n<p>Ireland, Andorra, Austria, Sweden, Switzerland, Czech Republic, Belgium, Bulgaria, Denmark, Great Britain, Estonia, Gibraltar, Greece, Spain, Italy, Croatia, Latvia, Poland, Liechtenstein, <strong>Lithuania (detailed)<\/strong>, Luxembourg, Monaco, Norway, Netherlands, Portugal, France, Romania, San Marino, Slovakia, Finland, Vatican City, Hungary, Germany. <br \/><br \/><em>911 Carrera | GT2 | GT3 | Targa 4 | Turbo | Boxster | Cayenne | Cayman 2006-2008 <\/em><br \/><br \/>Warranty 12 months. | Vilnius and Kaunas | Best price<\/p>\n<hr \/>\n\n\n<h2 class=\"wp-block-heading\"><strong>PORSCHE navigation maps (PCM 2.0)<\/strong><\/h2>\n\n\n\n<p>CD 1 - Czech Republic, Slovakia, Germany. <br>CD 2 - France, Monaco. <br>CD 3 - Ireland, Belgium, Denmark, Great Britain, Luxembourg, Netherlands. <br>CD 4 - Andorra, Spain, Gibraltar, Greece, Hungary, Portugal <br>CD 5 - Austria, Switzerland, Liechtenstein. <br>CD 6 - Norway, Finland, Sweden. <br>CD 7 - Italy, San Marino, Vatican City. <br>CD 8 - Bulgaria, Czech Republic, Estonia, Greece, Croatia, Latvia, Poland, <strong>Lithuania (detailed)<\/strong>, Slovakia, Slovenia, Hungary. <br><em><br>For navigation system PORSCHE CD PCM 2.0 <\/em><br><br>Warranty 12 months. | Vilnius and Kaunas | Best price<\/p><hr\/>","protected":false},"excerpt":{"rendered":"<p>PORSCHE navigacijos \u017eem\u0117lapiai (PCM 2.1) Airija, Andora, Austrija, \u0160vedija, \u0160veicarija, \u010cekija, Belgija, Bulgarija, Danija, Did\u017eioji Britanija, Estija, Gibraltaras, Graikija, Ispanija, Italija, Kroatija, Latvija, Lenkija, Lichten\u0161teinas, Lietuva (detalus), Liuksemburgas, Monakas, Norvegija, Olandija, Portugalija, Pranc\u016bzija, Rumunija, San Marinas, Slovakija, Suomija, Vatikanas, Vengrija, Vokietija. 911 Carrera | GT2 | GT3 | Targa 4 | Turbo | Boxster | [&hellip;]<\/p>\n","protected":false},"author":1,"featured_media":0,"parent":0,"menu_order":0,"comment_status":"closed","ping_status":"closed","template":"","meta":{"_uag_custom_page_level_css":"","footnotes":""},"class_list":["post-444","page","type-page","status-publish","hentry","post"],"yoast_head":"<!-- This site is optimized with the Yoast SEO plugin v27.5 - https:\/\/yoast.com\/product\/yoast-seo-wordpress\/ -->\n<title>Porsche navigacija - taisykla Vilniuje, Kaune, Klaip\u0117doje, \u0160iauliuose<\/title>\n<meta name=\"description\" content=\"PORSCHE avigacijos \u017eem\u0117lapiai Vilniuje ir Kaune geriausia kaina. 12 m\u0117n. garantija. Tel. nr. 8 (655) 00790 \/ 8 (684) 09811\" \/>\n<meta name=\"robots\" content=\"index, follow, max-snippet:-1, max-image-preview:large, max-video-preview:-1\" \/>\n<link rel=\"canonical\" href=\"https:\/\/techremontas.lt\/en\/porsche-navigacija\/\" \/>\n<meta property=\"og:locale\" content=\"en_US\" \/>\n<meta property=\"og:type\" content=\"article\" \/>\n<meta property=\"og:title\" content=\"Porsche navigacija - taisykla Vilniuje, Kaune, Klaip\u0117doje, \u0160iauliuose\" \/>\n<meta property=\"og:description\" content=\"PORSCHE avigacijos \u017eem\u0117lapiai Vilniuje ir Kaune geriausia kaina. 12 m\u0117n. garantija. Tel. nr. 8 (655) 00790 \/ 8 (684) 09811\" \/>\n<meta property=\"og:url\" content=\"https:\/\/techremontas.lt\/en\/porsche-navigacija\/\" \/>\n<meta property=\"og:site_name\" content=\"taisykla Vilniuje, Kaune, Klaip\u0117doje, \u0160iauliuose\" \/>\n<meta property=\"article:modified_time\" content=\"2019-04-12T07:41:08+00:00\" \/>\n<meta name=\"twitter:card\" content=\"summary_large_image\" \/>\n<meta name=\"twitter:label1\" content=\"Est. reading time\" \/>\n\t<meta name=\"twitter:data1\" content=\"1 minute\" \/>\n<script type=\"application\/ld+json\" class=\"yoast-schema-graph\">{\"@context\":\"https:\\\/\\\/schema.org\",\"@graph\":[{\"@type\":\"WebPage\",\"@id\":\"https:\\\/\\\/techremontas.lt\\\/porsche-navigacija\\\/\",\"url\":\"https:\\\/\\\/techremontas.lt\\\/porsche-navigacija\\\/\",\"name\":\"Porsche navigacija - taisykla Vilniuje, Kaune, Klaip\u0117doje, \u0160iauliuose\",\"isPartOf\":{\"@id\":\"https:\\\/\\\/techremontas.lt\\\/#website\"},\"datePublished\":\"2019-04-12T07:37:51+00:00\",\"dateModified\":\"2019-04-12T07:41:08+00:00\",\"description\":\"PORSCHE avigacijos \u017eem\u0117lapiai Vilniuje ir Kaune geriausia kaina. 12 m\u0117n. garantija. Tel. nr. 8 (655) 00790 \\\/ 8 (684) 09811\",\"breadcrumb\":{\"@id\":\"https:\\\/\\\/techremontas.lt\\\/porsche-navigacija\\\/#breadcrumb\"},\"inLanguage\":\"en-US\",\"potentialAction\":[{\"@type\":\"ReadAction\",\"target\":[\"https:\\\/\\\/techremontas.lt\\\/porsche-navigacija\\\/\"]}]},{\"@type\":\"BreadcrumbList\",\"@id\":\"https:\\\/\\\/techremontas.lt\\\/porsche-navigacija\\\/#breadcrumb\",\"itemListElement\":[{\"@type\":\"ListItem\",\"position\":1,\"name\":\"Pagrindinis\",\"item\":\"https:\\\/\\\/techremontas.lt\\\/\"},{\"@type\":\"ListItem\",\"position\":2,\"name\":\"Porsche navigacija\"}]},{\"@type\":\"WebSite\",\"@id\":\"https:\\\/\\\/techremontas.lt\\\/#website\",\"url\":\"https:\\\/\\\/techremontas.lt\\\/\",\"name\":\"taisykla Vilniuje, Kaune, Klaip\u0117doje, \u0160iauliuose\",\"description\":\"Modernios el. technikos servisas\",\"potentialAction\":[{\"@type\":\"SearchAction\",\"target\":{\"@type\":\"EntryPoint\",\"urlTemplate\":\"https:\\\/\\\/techremontas.lt\\\/?s={search_term_string}\"},\"query-input\":{\"@type\":\"PropertyValueSpecification\",\"valueRequired\":true,\"valueName\":\"search_term_string\"}}],\"inLanguage\":\"en-US\"}]}<\/script>\n<!-- \/ Yoast SEO plugin. -->","yoast_head_json":{"title":"Porsche navigacija - taisykla Vilniuje, Kaune, Klaip\u0117doje, \u0160iauliuose","description":"PORSCHE navigation maps in Vilnius and Kaunas at the best price. 12 months warranty. Tel. 8 (655) 00790 \/ 8 (684) 09811","robots":{"index":"index","follow":"follow","max-snippet":"max-snippet:-1","max-image-preview":"max-image-preview:large","max-video-preview":"max-video-preview:-1"},"canonical":"https:\/\/techremontas.lt\/en\/porsche-navigacija\/","og_locale":"en_US","og_type":"article","og_title":"Porsche navigacija - taisykla Vilniuje, Kaune, Klaip\u0117doje, \u0160iauliuose","og_description":"PORSCHE avigacijos \u017eem\u0117lapiai Vilniuje ir Kaune geriausia kaina. 12 m\u0117n. garantija. Tel. nr. 8 (655) 00790 \/ 8 (684) 09811","og_url":"https:\/\/techremontas.lt\/en\/porsche-navigacija\/","og_site_name":"taisykla Vilniuje, Kaune, Klaip\u0117doje, \u0160iauliuose","article_modified_time":"2019-04-12T07:41:08+00:00","twitter_card":"summary_large_image","twitter_misc":{"Est. reading time":"1 minute"},"schema":{"@context":"https:\/\/schema.org","@graph":[{"@type":"WebPage","@id":"https:\/\/techremontas.lt\/porsche-navigacija\/","url":"https:\/\/techremontas.lt\/porsche-navigacija\/","name":"Porsche navigacija - taisykla Vilniuje, Kaune, Klaip\u0117doje, \u0160iauliuose","isPartOf":{"@id":"https:\/\/techremontas.lt\/#website"},"datePublished":"2019-04-12T07:37:51+00:00","dateModified":"2019-04-12T07:41:08+00:00","description":"PORSCHE navigation maps in Vilnius and Kaunas at the best price. 12 months warranty. Tel. 8 (655) 00790 \/ 8 (684) 09811","breadcrumb":{"@id":"https:\/\/techremontas.lt\/porsche-navigacija\/#breadcrumb"},"inLanguage":"en-US","potentialAction":[{"@type":"ReadAction","target":["https:\/\/techremontas.lt\/porsche-navigacija\/"]}]},{"@type":"BreadcrumbList","@id":"https:\/\/techremontas.lt\/porsche-navigacija\/#breadcrumb","itemListElement":[{"@type":"ListItem","position":1,"name":"Pagrindinis","item":"https:\/\/techremontas.lt\/"},{"@type":"ListItem","position":2,"name":"Porsche navigacija"}]},{"@type":"WebSite","@id":"https:\/\/techremontas.lt\/#website","url":"https:\/\/techremontas.lt\/","name":"taisykla Vilniuje, Kaune, Klaip\u0117doje, \u0160iauliuose","description":"Modern electrical appliances service","potentialAction":[{"@type":"SearchAction","target":{"@type":"EntryPoint","urlTemplate":"https:\/\/techremontas.lt\/?s={search_term_string}"},"query-input":{"@type":"PropertyValueSpecification","valueRequired":true,"valueName":"search_term_string"}}],"inLanguage":"en-US"}]}},"uagb_featured_image_src":{"full":false,"thumbnail":false,"medium":false,"medium_large":false,"large":false,"1536x1536":false,"2048x2048":false,"trp-custom-language-flag":false,"post-thumbnail":false,"vantage-thumbnail-no-sidebar":false,"vantage-slide":false,"vantage-carousel":false,"vantage-grid-loop":false},"uagb_author_info":{"display_name":"valdymas","author_link":"https:\/\/techremontas.lt\/en\/author\/valdymas\/"},"uagb_comment_info":0,"uagb_excerpt":"PORSCHE navigacijos \u017eem\u0117lapiai (PCM 2.1) Airija, Andora, Austrija, \u0160vedija, \u0160veicarija, \u010cekija, Belgija, Bulgarija, Danija, Did\u017eioji Britanija, Estija, Gibraltaras, Graikija, Ispanija, Italija, Kroatija, Latvija, Lenkija, Lichten\u0161teinas, Lietuva (detalus), Liuksemburgas, Monakas, Norvegija, Olandija, Portugalija, Pranc\u016bzija, Rumunija, San Marinas, Slovakija, Suomija, Vatikanas, Vengrija, Vokietija. 911 Carrera | GT2 | GT3 | Targa 4 | Turbo | Boxster |&hellip;","_links":{"self":[{"href":"https:\/\/techremontas.lt\/en\/wp-json\/wp\/v2\/pages\/444","targetHints":{"allow":["GET"]}}],"collection":[{"href":"https:\/\/techremontas.lt\/en\/wp-json\/wp\/v2\/pages"}],"about":[{"href":"https:\/\/techremontas.lt\/en\/wp-json\/wp\/v2\/types\/page"}],"author":[{"embeddable":true,"href":"https:\/\/techremontas.lt\/en\/wp-json\/wp\/v2\/users\/1"}],"replies":[{"embeddable":true,"href":"https:\/\/techremontas.lt\/en\/wp-json\/wp\/v2\/comments?post=444"}],"version-history":[{"count":2,"href":"https:\/\/techremontas.lt\/en\/wp-json\/wp\/v2\/pages\/444\/revisions"}],"predecessor-version":[{"id":446,"href":"https:\/\/techremontas.lt\/en\/wp-json\/wp\/v2\/pages\/444\/revisions\/446"}],"wp:attachment":[{"href":"https:\/\/techremontas.lt\/en\/wp-json\/wp\/v2\/media?parent=444"}],"curies":[{"name":"wp","href":"https:\/\/api.w.org\/{rel}","templated":true}]}}