{"id":458,"date":"2019-04-12T06:00:56","date_gmt":"2019-04-12T08:00:56","guid":{"rendered":"https:\/\/techremontas.lt\/?page_id=458"},"modified":"2019-04-12T06:08:19","modified_gmt":"2019-04-12T08:08:19","slug":"saab-navigacija","status":"publish","type":"page","link":"https:\/\/techremontas.lt\/en\/saab-navigacija\/","title":{"rendered":"Saab navigation"},"content":{"rendered":"<h2 class=\"wp-block-heading\"><strong>SAAB navigation maps (Denso G00\/G01)<\/strong><\/h2>\n\n\n<p>Albania, Belarus, Bosnia and Herzegovina, Bulgaria, Croatia, Czech Republic, Estonia, Greece, Hungary, Latvia, <strong>Lithuania (detailed)<\/strong>Macedonia, Moldova, Poland, Romania, Serbia and Montenegro, Slovakia, Slovenia, Ukraine. <br \/><br \/><em>SAAB 9-5 2002 - 2007<\/em> <br \/><br \/>Warranty 12 months. | Vilnius and Kaunas | Best price<\/p>\n<hr \/>\n\n\n<h2 class=\"wp-block-heading\"><strong>SAAB navigation maps (Denso G00\/G01) <\/strong><\/h2>\n\n\n<p>CD 1 - Austria, Belgium, Switzerland, Czech Republic, Germany, Denmark, Spain, France, Finland, Liechtenstein, Italy, Ireland, Luxembourg, Monaco, Monaco, Norway, Netherlands, Portugal, San Marino, Sweden, United Kingdom, Vatican City. <br \/>CD 2 - Austria, Andorra, Belgium, Switzerland, Czech Republic, Germany, Denmark, Spain, France, Finland, Liechtenstein, Italy, Ireland, Luxembourg, Monaco, Monaco, Norway, Netherlands, Portugal, San Marino, Sweden, United Kingdom, Vatican City. <br \/>CD 3 - Austria, Andorra, Belgium, Switzerland, Czech Republic, Germany, Denmark, Spain, France, Finland, Liechtenstein, Italy, Ireland, Luxembourg, Monaco, Monaco, Norway, Netherlands, Portugal, Poland, San Marino, Sweden, United Kingdom, Vatican City<br \/><br \/><em>SAAB 9-5 2002 - 2007<\/em> <br \/><br \/>Warranty 12 months. | Vilnius and Kaunas | Best price<\/p>\n<hr \/>\n\n\n<h2 class=\"wp-block-heading\"><strong>SAAB navigation maps (Denso) <\/strong><\/h2>\n\n\n<p>CD 1 - Austria, Belgium, Switzerland, Czech Republic, Germany, Denmark, Spain, France, Finland, Liechtenstein, Italy, Ireland, Luxembourg, Monaco, Monaco, Norway, Netherlands, Portugal, San Marino, Sweden, United Kingdom, Vatican City. <br \/>CD 2 - Andorra, France, Ireland, Monaco, Portugal, Spain, UK. <br \/>CD 3 - Albania, Austria, Belarus, Bosnia and Herzegovina, Bulgaria, Croatia, Czech Republic, Estonia, Germany, Greece, Hungary, Latvia, <strong>Lithuania (detailed)<\/strong>, Macedonia, Moldova, Montenegro, Poland, Romania, Serbia, Slovakia, Slovenia, Turkey, Ukraine. <br \/><br \/><em>SAAB 9-5 2004 - 2009<\/em> <br \/><br \/>Warranty 12 months. | Vilnius and Kaunas | Best price<\/p>\n<hr \/>\n\n\n<h2 class=\"wp-block-heading\"><strong>SAAB sat nav maps (Aisin)<\/strong> <\/h2>\n\n\n<p>CD 1 - Russia, Ukraine, Czech Republic, Estonia, Finland, Hungary, <strong>Lithuania (detailed)<\/strong>, Latvia, Poland, Romania, Slovakia. <br \/>CD 2 - United Kingdom, Ireland, Netherlands, Belgium, Luxembourg, Portugal, Spain, Andorra, France, Switzerland, Iceland, Liechtenstein, Italy, San Marino, Vatican City, Monaco, and the islands of Sardinia, Sicily and Corsica. <br \/>CD 3 - Austria, Bulgaria, Croatia, Czech Republic, Hungary, Greece, Liechtenstein, Italy, Luxembourg, Monaco, Monaco, Poland, Romania, San Marino, Slovakia, Slovenia, Vatican City, Turkey, Ukraine. <br \/>CD 4 - Germany, Austria, Belgium, Switzerland, Liechtenstein, Luxembourg, Netherlands, Sweden, Norway, Denmark, Finland, Poland, <strong>Lithuania (detailed)<\/strong>, Latvia, Estonia, Czech Republic, Slovakia. <br \/><br \/><em>SAAB 9-3 2005 - 2009<\/em> <br \/><br \/>Warranty 12 months. | Vilnius and Kaunas | Best price<\/p>\n<hr \/>\n\n\n<h2 class=\"wp-block-heading\"><strong>SAAB navigation maps (Aisin with HDD)<\/strong><\/h2>\n\n\n\n<p>Austria, Belgium, Czech Republic, Denmark, Finland, France, Germany, Ireland, Italy, Luxembourg, Netherlands, Norway, Portugal, Spain, Sweden, Switzerland, United Kingdom. <br><br><em>SAAB 9-5 2010 - 2012<\/em><br><em>(Chevrolet Volt 2011-2013 \/ Opel Ampera 2011 - 2013) <\/em> <br><br>Warranty 12 months. | Vilnius and Kaunas | Best price<\/p><hr\/>","protected":false},"excerpt":{"rendered":"<p>SAAB navigacijos \u017eem\u0117lapiai (Denso G00\/G01) Albanija, Baltarusija, Bosnija ir Hercegovina, Bulgarija, Kroatija, \u010cekija, Estija, Graikija, Vengrija, Latvija, Lietuva (detalus), Makedonija, Moldova, Lenkija, Rumunija, Serbija ir Juodkalnija, Slovakija, Slov\u0117nija, Ukraina. SAAB 9-5 2002 \u2013 2007 m. Garantija 12 m\u0117n. | Vilniuje ir Kaune | Geriausia kaina SAAB navigacijos \u017eem\u0117lapiai (Denso G00\/G01) CD 1 &#8211; Austrija, Belgija, [&hellip;]<\/p>\n","protected":false},"author":1,"featured_media":0,"parent":0,"menu_order":0,"comment_status":"closed","ping_status":"closed","template":"","meta":{"_uag_custom_page_level_css":"","footnotes":""},"class_list":["post-458","page","type-page","status-publish","hentry","post"],"yoast_head":"<!-- This site is optimized with the Yoast SEO plugin v27.4 - https:\/\/yoast.com\/product\/yoast-seo-wordpress\/ -->\n<title>Saab navigacija - taisykla Vilniuje, Kaune, Klaip\u0117doje, \u0160iauliuose<\/title>\n<meta name=\"description\" content=\"SAAB navigacijos \u017eem\u0117lapiai Vilniuje ir Kaune geriausia kaina. 12 m\u0117n. garantija. Tel. nr. 8 (655) 00790 \/ 8 (684) 09811\" \/>\n<meta name=\"robots\" content=\"index, follow, max-snippet:-1, max-image-preview:large, max-video-preview:-1\" \/>\n<link rel=\"canonical\" href=\"https:\/\/techremontas.lt\/en\/saab-navigacija\/\" \/>\n<meta property=\"og:locale\" content=\"en_US\" \/>\n<meta property=\"og:type\" content=\"article\" \/>\n<meta property=\"og:title\" content=\"Saab navigacija - taisykla Vilniuje, Kaune, Klaip\u0117doje, \u0160iauliuose\" \/>\n<meta property=\"og:description\" content=\"SAAB navigacijos \u017eem\u0117lapiai Vilniuje ir Kaune geriausia kaina. 12 m\u0117n. garantija. Tel. nr. 8 (655) 00790 \/ 8 (684) 09811\" \/>\n<meta property=\"og:url\" content=\"https:\/\/techremontas.lt\/en\/saab-navigacija\/\" \/>\n<meta property=\"og:site_name\" content=\"taisykla Vilniuje, Kaune, Klaip\u0117doje, \u0160iauliuose\" \/>\n<meta property=\"article:modified_time\" content=\"2019-04-12T08:08:19+00:00\" \/>\n<meta name=\"twitter:card\" content=\"summary_large_image\" \/>\n<meta name=\"twitter:label1\" content=\"Est. reading time\" \/>\n\t<meta name=\"twitter:data1\" content=\"2 minutes\" \/>\n<script type=\"application\/ld+json\" class=\"yoast-schema-graph\">{\"@context\":\"https:\\\/\\\/schema.org\",\"@graph\":[{\"@type\":\"WebPage\",\"@id\":\"https:\\\/\\\/techremontas.lt\\\/saab-navigacija\\\/\",\"url\":\"https:\\\/\\\/techremontas.lt\\\/saab-navigacija\\\/\",\"name\":\"Saab navigacija - taisykla Vilniuje, Kaune, Klaip\u0117doje, \u0160iauliuose\",\"isPartOf\":{\"@id\":\"https:\\\/\\\/techremontas.lt\\\/#website\"},\"datePublished\":\"2019-04-12T08:00:56+00:00\",\"dateModified\":\"2019-04-12T08:08:19+00:00\",\"description\":\"SAAB navigacijos \u017eem\u0117lapiai Vilniuje ir Kaune geriausia kaina. 12 m\u0117n. garantija. Tel. nr. 8 (655) 00790 \\\/ 8 (684) 09811\",\"breadcrumb\":{\"@id\":\"https:\\\/\\\/techremontas.lt\\\/saab-navigacija\\\/#breadcrumb\"},\"inLanguage\":\"en-US\",\"potentialAction\":[{\"@type\":\"ReadAction\",\"target\":[\"https:\\\/\\\/techremontas.lt\\\/saab-navigacija\\\/\"]}]},{\"@type\":\"BreadcrumbList\",\"@id\":\"https:\\\/\\\/techremontas.lt\\\/saab-navigacija\\\/#breadcrumb\",\"itemListElement\":[{\"@type\":\"ListItem\",\"position\":1,\"name\":\"Pagrindinis\",\"item\":\"https:\\\/\\\/techremontas.lt\\\/\"},{\"@type\":\"ListItem\",\"position\":2,\"name\":\"Saab navigacija\"}]},{\"@type\":\"WebSite\",\"@id\":\"https:\\\/\\\/techremontas.lt\\\/#website\",\"url\":\"https:\\\/\\\/techremontas.lt\\\/\",\"name\":\"taisykla Vilniuje, Kaune, Klaip\u0117doje, \u0160iauliuose\",\"description\":\"Modernios el. technikos servisas\",\"potentialAction\":[{\"@type\":\"SearchAction\",\"target\":{\"@type\":\"EntryPoint\",\"urlTemplate\":\"https:\\\/\\\/techremontas.lt\\\/?s={search_term_string}\"},\"query-input\":{\"@type\":\"PropertyValueSpecification\",\"valueRequired\":true,\"valueName\":\"search_term_string\"}}],\"inLanguage\":\"en-US\"}]}<\/script>\n<!-- \/ Yoast SEO plugin. -->","yoast_head_json":{"title":"Saab navigacija - taisykla Vilniuje, Kaune, Klaip\u0117doje, \u0160iauliuose","description":"SAAB navigation maps in Vilnius and Kaunas at the best price. 12 months warranty. Tel. 8 (655) 00790 \/ 8 (684) 09811","robots":{"index":"index","follow":"follow","max-snippet":"max-snippet:-1","max-image-preview":"max-image-preview:large","max-video-preview":"max-video-preview:-1"},"canonical":"https:\/\/techremontas.lt\/en\/saab-navigacija\/","og_locale":"en_US","og_type":"article","og_title":"Saab navigacija - taisykla Vilniuje, Kaune, Klaip\u0117doje, \u0160iauliuose","og_description":"SAAB navigacijos \u017eem\u0117lapiai Vilniuje ir Kaune geriausia kaina. 12 m\u0117n. garantija. Tel. nr. 8 (655) 00790 \/ 8 (684) 09811","og_url":"https:\/\/techremontas.lt\/en\/saab-navigacija\/","og_site_name":"taisykla Vilniuje, Kaune, Klaip\u0117doje, \u0160iauliuose","article_modified_time":"2019-04-12T08:08:19+00:00","twitter_card":"summary_large_image","twitter_misc":{"Est. reading time":"2 minutes"},"schema":{"@context":"https:\/\/schema.org","@graph":[{"@type":"WebPage","@id":"https:\/\/techremontas.lt\/saab-navigacija\/","url":"https:\/\/techremontas.lt\/saab-navigacija\/","name":"Saab navigacija - taisykla Vilniuje, Kaune, Klaip\u0117doje, \u0160iauliuose","isPartOf":{"@id":"https:\/\/techremontas.lt\/#website"},"datePublished":"2019-04-12T08:00:56+00:00","dateModified":"2019-04-12T08:08:19+00:00","description":"SAAB navigation maps in Vilnius and Kaunas at the best price. 12 months warranty. Tel. 8 (655) 00790 \/ 8 (684) 09811","breadcrumb":{"@id":"https:\/\/techremontas.lt\/saab-navigacija\/#breadcrumb"},"inLanguage":"en-US","potentialAction":[{"@type":"ReadAction","target":["https:\/\/techremontas.lt\/saab-navigacija\/"]}]},{"@type":"BreadcrumbList","@id":"https:\/\/techremontas.lt\/saab-navigacija\/#breadcrumb","itemListElement":[{"@type":"ListItem","position":1,"name":"Pagrindinis","item":"https:\/\/techremontas.lt\/"},{"@type":"ListItem","position":2,"name":"Saab navigacija"}]},{"@type":"WebSite","@id":"https:\/\/techremontas.lt\/#website","url":"https:\/\/techremontas.lt\/","name":"taisykla Vilniuje, Kaune, Klaip\u0117doje, \u0160iauliuose","description":"Modern electrical appliances service","potentialAction":[{"@type":"SearchAction","target":{"@type":"EntryPoint","urlTemplate":"https:\/\/techremontas.lt\/?s={search_term_string}"},"query-input":{"@type":"PropertyValueSpecification","valueRequired":true,"valueName":"search_term_string"}}],"inLanguage":"en-US"}]}},"uagb_featured_image_src":{"full":false,"thumbnail":false,"medium":false,"medium_large":false,"large":false,"1536x1536":false,"2048x2048":false,"trp-custom-language-flag":false,"post-thumbnail":false,"vantage-thumbnail-no-sidebar":false,"vantage-slide":false,"vantage-carousel":false,"vantage-grid-loop":false},"uagb_author_info":{"display_name":"valdymas","author_link":"https:\/\/techremontas.lt\/en\/author\/valdymas\/"},"uagb_comment_info":0,"uagb_excerpt":"SAAB navigacijos \u017eem\u0117lapiai (Denso G00\/G01) Albanija, Baltarusija, Bosnija ir Hercegovina, Bulgarija, Kroatija, \u010cekija, Estija, Graikija, Vengrija, Latvija, Lietuva (detalus), Makedonija, Moldova, Lenkija, Rumunija, Serbija ir Juodkalnija, Slovakija, Slov\u0117nija, Ukraina. SAAB 9-5 2002 \u2013 2007 m. Garantija 12 m\u0117n. | Vilniuje ir Kaune | Geriausia kaina SAAB navigacijos \u017eem\u0117lapiai (Denso G00\/G01) CD 1 &#8211; Austrija, Belgija,&hellip;","_links":{"self":[{"href":"https:\/\/techremontas.lt\/en\/wp-json\/wp\/v2\/pages\/458","targetHints":{"allow":["GET"]}}],"collection":[{"href":"https:\/\/techremontas.lt\/en\/wp-json\/wp\/v2\/pages"}],"about":[{"href":"https:\/\/techremontas.lt\/en\/wp-json\/wp\/v2\/types\/page"}],"author":[{"embeddable":true,"href":"https:\/\/techremontas.lt\/en\/wp-json\/wp\/v2\/users\/1"}],"replies":[{"embeddable":true,"href":"https:\/\/techremontas.lt\/en\/wp-json\/wp\/v2\/comments?post=458"}],"version-history":[{"count":5,"href":"https:\/\/techremontas.lt\/en\/wp-json\/wp\/v2\/pages\/458\/revisions"}],"predecessor-version":[{"id":463,"href":"https:\/\/techremontas.lt\/en\/wp-json\/wp\/v2\/pages\/458\/revisions\/463"}],"wp:attachment":[{"href":"https:\/\/techremontas.lt\/en\/wp-json\/wp\/v2\/media?parent=458"}],"curies":[{"name":"wp","href":"https:\/\/api.w.org\/{rel}","templated":true}]}}