{"id":478,"date":"2019-04-12T06:40:12","date_gmt":"2019-04-12T08:40:12","guid":{"rendered":"https:\/\/techremontas.lt\/?page_id=478"},"modified":"2019-04-12T06:46:36","modified_gmt":"2019-04-12T08:46:36","slug":"subaru-navigacija","status":"publish","type":"page","link":"https:\/\/techremontas.lt\/en\/subaru-navigacija\/","title":{"rendered":"Subaru navigation"},"content":{"rendered":"\n<h2 class=\"wp-block-heading\"><strong>SUBARU navigacijos \u017eem\u0117lapiai (C2)<\/strong><\/h2>\n\n\n<p>CD 1 &#8211; Austrija, Belgija, \u0160veicarija, \u010cekija, Vokietija, Danija, Ispanija, Pranc\u016bzija, Suomija, Lichten\u0161teinas, Italija, Airija, Liuksemburgas, Monakas, Norvegija, Nyderlandai, Portugalija, San Marinas, \u0160vedija, Jungtin\u0117 Karalyst\u0117, Vatikanas <br \/>CD 2 -Andora, Pranc\u016bzija, Airija, Monakas, Portugalija, Ispanija, Jungtin\u0117 Karalyst\u0117 <br \/>CD 3 &#8211; Albanija, Austrija, Baltarusija, Bosnija ir Hercegovina, Bulgarija, Kroatija, \u010cekija, Estija, Vokietija, Graikija, Vengrija, Latvia, <strong>Lietuva (detalus)<\/strong>, Makedonia, Moldova, Juodkalnija, Lenkija, Rumunija, Serbija, Slovakija, Slov\u0117nija, Turkija, Ukraina. <br \/><em><br \/>Subaru Forester [ 2007-2012]<br \/>Subaru Impreza [2008-2012]<br \/>Subaru Legacy \/ Outback [2007-2012] <\/em><br \/><br \/>Garantija 12 m\u0117n. | Vilniuje ir Kaune | Geriausia kaina<\/p>\n<hr \/>\n\n\n<h2 class=\"wp-block-heading\"><strong>SUBARU navigacijos \u017eem\u0117lapiai (C1)<\/strong><\/h2>\n\n\n<p>CD 1 &#8211; Austrija, Belgija, \u0160veicarija, \u010cekija, Vokietija, Danija, Ispanija, Pranc\u016bzija, Suomija, Lichten\u0161teinas, Italija, Airija, Liuksemburgas, Monakas, Norvegija, Nyderlandai, Portugalija, San Marinas, \u0160vedija, Jungtin\u0117 Karalyst\u0117, Vatikanas. <br \/>CD 2 &#8211; Andora, Pranc\u016bzija, Airija, Monakas, Portugalija, Ispanija, Jungtin\u0117 Karalyst\u0117 <br \/>CD 3 &#8211; Albanija, Austrija, Baltarusija, Bosnija ir Hercegovina, Bulgarija, Kroatija, \u010cekija, Estija, Vokietija, Graikija, Vengrija, Latvija, <strong>Lietuva (detalus)<\/strong>, Makedonia, Moldova, Juodkalnija, Lenkija, Rumunija, Serbija, Slovakija, Slov\u0117nija, Turkija, Ukraina. <br \/><br \/><em>Subaru Forester 2003-2007<br \/>Subaru Legacy 2003-2007<br \/>Subaru Outback 2004-2007<br \/>Subaru Tribeca 2006-2010 <\/em><br \/><br \/>Garantija 12 m\u0117n. | Vilniuje ir Kaune | Geriausia kaina<\/p>\n<hr \/>\n\n\n<h2 class=\"wp-block-heading\"><strong>SUBARU navigacijos \u017eem\u0117lapiai  (JAV su DVD)<\/strong><\/h2>\n\n\n<p>CD 1 &#8211; Austrija, Belgija, \u0160veicarija, \u010cekija, Vokietija, Danija, Ispanija, Pranc\u016bzija, Suomija, Lichten\u0161teinas, Italija, Airija, Liuksemburgas, Monakas, Norvegija, Nyderlandai, Portugalija, San Marinas, \u0160vedija, Jungtin\u0117 Karalyst\u0117, Vatikanas <br \/>CD 2 &#8211; Andora, Pranc\u016bzija, Airija, Monakas, Portugalija, Ispanija, Jungtin\u0117 Karalyst\u0117 <br \/>CD 3 &#8211; Albanija, Austrija, Baltarusija, Bosnija ir Hercegovina, Bulgarija, Kroatija, \u010cekija, Estija, Vokietija, Graikija, Vengrija, Latvia, <strong>Lietuva (detalus)<\/strong>, Makedonia, Moldova, Juodkalnija, Lenkija, Rumunija, Serbija, Slovakija, Slov\u0117nija, Turkija, Ukraina.<br \/><br \/><em>Subaru Forester<br \/>Subaru Impreza <br \/>Subaru Legacy <br \/>Subaru Outback <br \/>Subaru Tribeca <\/em><br \/><br \/>Garantija 12 m\u0117n. | Vilniuje ir Kaune | Geriausia kaina<\/p>\n<hr \/>\n\n\n<h2 class=\"wp-block-heading\"><strong>SUBARU navigacijos \u017eem\u0117lapiai (IGO Harman Kardon SD)<\/strong><\/h2>\n\n\n\n<p>Atnaujinama originali veikianti SD kortel\u0117 naujausiais visos Europos ir Rusijos \u017eem\u0117lapiais<br><br><em>Tik Subaru i\u0161 JAV :<\/em><br><em>Subaru Impreza nuo 2012 vid. <\/em><br><em>Subaru Impreza WRX nuo 2012 vid. <\/em><br><em>Subaru BRZ nuo 2013 vid. <\/em><br><em>Subaru XV Crosstrek nuo 2013 vid. <\/em><br><em>Subaru Forester nuo 2012 vid. <\/em><br><em>Subaru Legacy nuo 2013 vid. <\/em><br><em>Subaru Outback nuo 2013 vid. <\/em><br><br>Garantija 12 m\u0117n. | Vilniuje ir Kaune | Geriausia kaina<\/p><hr\/>\n\n\n\n<p><br><\/p>\n","protected":false},"excerpt":{"rendered":"<p>SUBARU navigacijos \u017eem\u0117lapiai (C2) CD 1 &#8211; Austrija, Belgija, \u0160veicarija, \u010cekija, Vokietija, Danija, Ispanija, Pranc\u016bzija, Suomija, Lichten\u0161teinas, Italija, Airija, Liuksemburgas, Monakas, Norvegija, Nyderlandai, Portugalija, San Marinas, \u0160vedija, Jungtin\u0117 Karalyst\u0117, Vatikanas CD 2 -Andora, Pranc\u016bzija, Airija, Monakas, Portugalija, Ispanija, Jungtin\u0117 Karalyst\u0117 CD 3 &#8211; Albanija, Austrija, Baltarusija, Bosnija ir Hercegovina, Bulgarija, Kroatija, \u010cekija, Estija, Vokietija, Graikija, [&hellip;]<\/p>\n","protected":false},"author":1,"featured_media":0,"parent":0,"menu_order":0,"comment_status":"closed","ping_status":"closed","template":"","meta":{"_uag_custom_page_level_css":"","footnotes":""},"class_list":["post-478","page","type-page","status-publish","hentry","post"],"yoast_head":"<!-- This site is optimized with the Yoast SEO plugin v27.3 - https:\/\/yoast.com\/product\/yoast-seo-wordpress\/ -->\n<title>Subaru navigacija - taisykla Vilniuje, Kaune, Klaip\u0117doje, \u0160iauliuose<\/title>\n<meta name=\"description\" content=\"SUBARU navigacijos \u017eem\u0117lapiai Vilniuje ir Kaune geriausia kaina. 12 m\u0117n. garantija. Tel. nr. 8 (655) 00790 \/ 8 (684) 09811\" \/>\n<meta name=\"robots\" content=\"index, follow, max-snippet:-1, max-image-preview:large, max-video-preview:-1\" \/>\n<link rel=\"canonical\" href=\"https:\/\/techremontas.lt\/en\/subaru-navigacija\/\" \/>\n<meta property=\"og:locale\" content=\"en_US\" \/>\n<meta property=\"og:type\" content=\"article\" \/>\n<meta property=\"og:title\" content=\"Subaru navigacija - taisykla Vilniuje, Kaune, Klaip\u0117doje, \u0160iauliuose\" \/>\n<meta property=\"og:description\" content=\"SUBARU navigacijos \u017eem\u0117lapiai Vilniuje ir Kaune geriausia kaina. 12 m\u0117n. garantija. Tel. nr. 8 (655) 00790 \/ 8 (684) 09811\" \/>\n<meta property=\"og:url\" content=\"https:\/\/techremontas.lt\/en\/subaru-navigacija\/\" \/>\n<meta property=\"og:site_name\" content=\"taisykla Vilniuje, Kaune, Klaip\u0117doje, \u0160iauliuose\" \/>\n<meta property=\"article:modified_time\" content=\"2019-04-12T08:46:36+00:00\" \/>\n<meta name=\"twitter:card\" content=\"summary_large_image\" \/>\n<meta name=\"twitter:label1\" content=\"Est. reading time\" \/>\n\t<meta name=\"twitter:data1\" content=\"2 minutes\" \/>\n<script type=\"application\/ld+json\" class=\"yoast-schema-graph\">{\"@context\":\"https:\\\/\\\/schema.org\",\"@graph\":[{\"@type\":\"WebPage\",\"@id\":\"https:\\\/\\\/techremontas.lt\\\/subaru-navigacija\\\/\",\"url\":\"https:\\\/\\\/techremontas.lt\\\/subaru-navigacija\\\/\",\"name\":\"Subaru navigacija - taisykla Vilniuje, Kaune, Klaip\u0117doje, \u0160iauliuose\",\"isPartOf\":{\"@id\":\"https:\\\/\\\/techremontas.lt\\\/#website\"},\"datePublished\":\"2019-04-12T08:40:12+00:00\",\"dateModified\":\"2019-04-12T08:46:36+00:00\",\"description\":\"SUBARU navigacijos \u017eem\u0117lapiai Vilniuje ir Kaune geriausia kaina. 12 m\u0117n. garantija. Tel. nr. 8 (655) 00790 \\\/ 8 (684) 09811\",\"breadcrumb\":{\"@id\":\"https:\\\/\\\/techremontas.lt\\\/subaru-navigacija\\\/#breadcrumb\"},\"inLanguage\":\"en-US\",\"potentialAction\":[{\"@type\":\"ReadAction\",\"target\":[\"https:\\\/\\\/techremontas.lt\\\/subaru-navigacija\\\/\"]}]},{\"@type\":\"BreadcrumbList\",\"@id\":\"https:\\\/\\\/techremontas.lt\\\/subaru-navigacija\\\/#breadcrumb\",\"itemListElement\":[{\"@type\":\"ListItem\",\"position\":1,\"name\":\"Pagrindinis\",\"item\":\"https:\\\/\\\/techremontas.lt\\\/\"},{\"@type\":\"ListItem\",\"position\":2,\"name\":\"Subaru navigacija\"}]},{\"@type\":\"WebSite\",\"@id\":\"https:\\\/\\\/techremontas.lt\\\/#website\",\"url\":\"https:\\\/\\\/techremontas.lt\\\/\",\"name\":\"taisykla Vilniuje, Kaune, Klaip\u0117doje, \u0160iauliuose\",\"description\":\"Modernios el. technikos servisas\",\"potentialAction\":[{\"@type\":\"SearchAction\",\"target\":{\"@type\":\"EntryPoint\",\"urlTemplate\":\"https:\\\/\\\/techremontas.lt\\\/?s={search_term_string}\"},\"query-input\":{\"@type\":\"PropertyValueSpecification\",\"valueRequired\":true,\"valueName\":\"search_term_string\"}}],\"inLanguage\":\"en-US\"}]}<\/script>\n<!-- \/ Yoast SEO plugin. -->","yoast_head_json":{"title":"Subaru navigacija - taisykla Vilniuje, Kaune, Klaip\u0117doje, \u0160iauliuose","description":"SUBARU navigation maps Vilnius and Kaunas at the best price. 12 months warranty. Tel. 8 (655) 00790 \/ 8 (684) 09811","robots":{"index":"index","follow":"follow","max-snippet":"max-snippet:-1","max-image-preview":"max-image-preview:large","max-video-preview":"max-video-preview:-1"},"canonical":"https:\/\/techremontas.lt\/en\/subaru-navigacija\/","og_locale":"en_US","og_type":"article","og_title":"Subaru navigacija - taisykla Vilniuje, Kaune, Klaip\u0117doje, \u0160iauliuose","og_description":"SUBARU navigacijos \u017eem\u0117lapiai Vilniuje ir Kaune geriausia kaina. 12 m\u0117n. garantija. Tel. nr. 8 (655) 00790 \/ 8 (684) 09811","og_url":"https:\/\/techremontas.lt\/en\/subaru-navigacija\/","og_site_name":"taisykla Vilniuje, Kaune, Klaip\u0117doje, \u0160iauliuose","article_modified_time":"2019-04-12T08:46:36+00:00","twitter_card":"summary_large_image","twitter_misc":{"Est. reading time":"2 minutes"},"schema":{"@context":"https:\/\/schema.org","@graph":[{"@type":"WebPage","@id":"https:\/\/techremontas.lt\/subaru-navigacija\/","url":"https:\/\/techremontas.lt\/subaru-navigacija\/","name":"Subaru navigacija - taisykla Vilniuje, Kaune, Klaip\u0117doje, \u0160iauliuose","isPartOf":{"@id":"https:\/\/techremontas.lt\/#website"},"datePublished":"2019-04-12T08:40:12+00:00","dateModified":"2019-04-12T08:46:36+00:00","description":"SUBARU navigation maps Vilnius and Kaunas at the best price. 12 months warranty. Tel. 8 (655) 00790 \/ 8 (684) 09811","breadcrumb":{"@id":"https:\/\/techremontas.lt\/subaru-navigacija\/#breadcrumb"},"inLanguage":"en-US","potentialAction":[{"@type":"ReadAction","target":["https:\/\/techremontas.lt\/subaru-navigacija\/"]}]},{"@type":"BreadcrumbList","@id":"https:\/\/techremontas.lt\/subaru-navigacija\/#breadcrumb","itemListElement":[{"@type":"ListItem","position":1,"name":"Pagrindinis","item":"https:\/\/techremontas.lt\/"},{"@type":"ListItem","position":2,"name":"Subaru navigacija"}]},{"@type":"WebSite","@id":"https:\/\/techremontas.lt\/#website","url":"https:\/\/techremontas.lt\/","name":"taisykla Vilniuje, Kaune, Klaip\u0117doje, \u0160iauliuose","description":"Modern electrical appliances service","potentialAction":[{"@type":"SearchAction","target":{"@type":"EntryPoint","urlTemplate":"https:\/\/techremontas.lt\/?s={search_term_string}"},"query-input":{"@type":"PropertyValueSpecification","valueRequired":true,"valueName":"search_term_string"}}],"inLanguage":"en-US"}]}},"uagb_featured_image_src":{"full":false,"thumbnail":false,"medium":false,"medium_large":false,"large":false,"1536x1536":false,"2048x2048":false,"trp-custom-language-flag":false,"post-thumbnail":false,"vantage-thumbnail-no-sidebar":false,"vantage-slide":false,"vantage-carousel":false,"vantage-grid-loop":false},"uagb_author_info":{"display_name":"valdymas","author_link":"https:\/\/techremontas.lt\/en\/author\/valdymas\/"},"uagb_comment_info":0,"uagb_excerpt":"SUBARU navigacijos \u017eem\u0117lapiai (C2) CD 1 &#8211; Austrija, Belgija, \u0160veicarija, \u010cekija, Vokietija, Danija, Ispanija, Pranc\u016bzija, Suomija, Lichten\u0161teinas, Italija, Airija, Liuksemburgas, Monakas, Norvegija, Nyderlandai, Portugalija, San Marinas, \u0160vedija, Jungtin\u0117 Karalyst\u0117, Vatikanas CD 2 -Andora, Pranc\u016bzija, Airija, Monakas, Portugalija, Ispanija, Jungtin\u0117 Karalyst\u0117 CD 3 &#8211; Albanija, Austrija, Baltarusija, Bosnija ir Hercegovina, Bulgarija, Kroatija, \u010cekija, Estija, Vokietija, Graikija,&hellip;","_links":{"self":[{"href":"https:\/\/techremontas.lt\/en\/wp-json\/wp\/v2\/pages\/478","targetHints":{"allow":["GET"]}}],"collection":[{"href":"https:\/\/techremontas.lt\/en\/wp-json\/wp\/v2\/pages"}],"about":[{"href":"https:\/\/techremontas.lt\/en\/wp-json\/wp\/v2\/types\/page"}],"author":[{"embeddable":true,"href":"https:\/\/techremontas.lt\/en\/wp-json\/wp\/v2\/users\/1"}],"replies":[{"embeddable":true,"href":"https:\/\/techremontas.lt\/en\/wp-json\/wp\/v2\/comments?post=478"}],"version-history":[{"count":4,"href":"https:\/\/techremontas.lt\/en\/wp-json\/wp\/v2\/pages\/478\/revisions"}],"predecessor-version":[{"id":482,"href":"https:\/\/techremontas.lt\/en\/wp-json\/wp\/v2\/pages\/478\/revisions\/482"}],"wp:attachment":[{"href":"https:\/\/techremontas.lt\/en\/wp-json\/wp\/v2\/media?parent=478"}],"curies":[{"name":"wp","href":"https:\/\/api.w.org\/{rel}","templated":true}]}}