{"id":500,"date":"2019-04-12T07:14:13","date_gmt":"2019-04-12T09:14:13","guid":{"rendered":"https:\/\/techremontas.lt\/?page_id=500"},"modified":"2019-04-12T07:26:15","modified_gmt":"2019-04-12T09:26:15","slug":"volkswagen-navigacija","status":"publish","type":"page","link":"https:\/\/techremontas.lt\/en\/volkswagen-navigacija\/","title":{"rendered":"Volkswagen navigation"},"content":{"rendered":"<h2 class=\"wp-block-heading\"><strong>VOLKSWAGEN navigation maps (RNS-510, RNS-810, MFD3)<\/strong><\/h2>\n\n\n<p>CD 1 - Andorra, Austria, Belgium, Czech Republic, Denmark, Finland, France, Germany, Greece, Hungary, Ireland, Ireland, Gibraltar, Italy, Liechtenstein, Luxembourg, Monaco, Netherlands, Norway, Portugal, Spain, Slovakia, Sweden, Switzerland, Vatican City, United Kingdom. <br \/>CD 2 - Albania, Austria, Belarus, Bulgaria, Bosnia and Herzegovina, Croatia, Czech Republic, Denmark, Estonia, Greece, Italy, Montenegro, Poland, Latvia, <strong>Lithuania (detailed)<\/strong>, Romania, Serbia, Slovakia, Slovenia, Finland, Switzerland, Sweden, Hungary, Germany. <br \/><br \/><em>For VW navigation systems Volkswagen Navigation RNS 810 | RNS 510 MFD3 DVD. <\/em><br \/><br \/>Warranty 12 months. | Vilnius and Kaunas | Best price<\/p>\n<hr \/>\n\n\n<h2 class=\"wp-block-heading\"><strong>VOLKSWAGEN navigation maps (RNS-310)<\/strong><\/h2>\n\n\n<p>SD 1 - Austria, Estonia, Croatia, Czech Republic, Germany, Greece, Hungary, Latvia, Liechtenstein, <strong>Lithuania<\/strong>, Poland, Russia, Slovakia, Slovenia, Switzerland, Turkey. <br \/>SD 2 - Andorra, Austria, Belgium, Croatia, Czech Republic, Denmark, Finland, France, Germany, Great Britain, Hungary, Ireland, Italy, Liechtenstein, Luxembourg, Monaco, Netherlands, Norway, Poland, Portugal, San Marino, Slovakia, Spain, Sweden, Switzerland, Vatican City. <br \/><br \/><em>Volkswagen Navigation Travel Pilot FX RNS-310 (card operated)<\/em> <br \/><br \/>Warranty 12 months. | Vilnius and Kaunas | Best price<\/p>\n<hr \/>\n\n\n<h2 class=\"wp-block-heading\"><strong>VOLKSWAGEN navigation maps (RNS-315)<\/strong><\/h2>\n\n\n<p>SD 1 - Austria, Estonia, Croatia, Czech Republic, Germany, Greece, Hungary, Latvia, Liechtenstein, <strong>Lithuania<\/strong>, Poland, Russia, Slovakia, Slovenia, Switzerland, Turkey. <br \/>SD 2 - Andorra, Austria, Belgium, Croatia, Czech Republic, Denmark, Finland, France, Germany, Great Britain, Hungary, Ireland, Italy, Liechtenstein, Luxembourg, Monaco, Netherlands, Norway, Poland, Portugal, San Marino, Slovakia, Spain, Sweden, Switzerland, Vatican City. <br \/><br \/><em>For Navigators Volkswagen Navigation AZ RNS-315 (works from internal HDD) <\/em><br \/><br \/>Warranty 12 months. | Vilnius and Kaunas | Best price<\/p>\n<hr \/>\n\n\n<h2 class=\"wp-block-heading\"><strong>VOLKSWAGEN navigation maps (RNS MFD2)<\/strong><\/h2>\n\n\n<p>CD 1 - Andorra, Austria, Belgium, Bulgaria, Czech Republic, Denmark, Finland, France, Germany, Great Britain, Gibraltar, Hungary, Ireland, Italy, Liechtenstein, Luxembourg, Monaco, Netherlands, Norway, Portugal, Spain, France, Germany, Hungary, Italy, Liechtenstein, Luxembourg, Netherlands, Portugal, Romania, San Marino, Slovakia, Slovenia, Spain, Sweden, Switzerland, Vatican City, Vatican City. <br \/>CD 2 - <strong>Lithuania (detailed)<\/strong>, Latvia, Estonia. <br \/><br \/><em>Bora 2005.05-2007<br \/>Caddy 2004-2010 - EOS from 2006.05<br \/>Golf \/ Golf Plus 2005-2009<br \/>Jetta 2005.05-2007.12<br \/>Multivan \/ T5 Multivan 2003-2009<br \/>Passat 2005.05-2007<br \/>Touareg 2005.05-2007.09<br \/>Touran 2005.05-2007 <\/em><br \/><br \/>Warranty 12 months. | Vilnius and Kaunas | Best price<\/p>\n<hr \/>\n\n\n<h2 class=\"wp-block-heading\"><strong>VOLKSWAGEN navigation maps (Phaeton VDO NT)<\/strong><\/h2>\n\n\n<p>CD 1 - Belgium, Netherlands, Luxembourg<br \/>CD 2 - Austria, Liechtenstein, Switzerland, Germany, sh. Italy<br \/>CD 3 - Eastern Europe 1 - Estonia, Latvia, <strong> Lithuania (detailed)<\/strong><br \/>CD 4 - Eastern Europe 2 - Bulgaria, Croatia, Czech Republic, Hungary, Poland, Romania, Slovakia, Slovenia<br \/>CD 5 - sh. France<br \/>CD 6 - p. France<br \/>CD 7 - Germany<br \/>CD 8 - Italy, San Marino, Vatican City, Greece<br \/>CD 9 - Denmark, Sweden, Finland, Norway<br \/>CD 10 - Spain<br \/>CD 11 - Portugal<br \/>CD 12 - England, Scotland, Ireland<br \/>CD 13 - Maps of major roads in Europe.<br \/><br \/><em>For the factory navigation system in VW Phaeton Navigation up to 2008 (with large screen). <\/em><br \/><br \/>Warranty 12 months. | Vilnius and Kaunas | Best price<\/p>\n<hr \/>\n\n\n<h2 class=\"wp-block-heading\"><strong>VOLKSWAGEN navigation maps (MCD \/ RNS 2-DIN \/ RNS2)<\/strong><\/h2>\n\n\n<p>CD 1 - Austria, Switzerland, Liechtenstein, France, Germany, Italy <br \/>CD 2 - Belgium, Netherlands, Luxembourg<br \/>CD 3 - Czech Republic, <strong>Poland <\/strong><br \/>CD 4 - Germany<br \/>CD 5 - Italy, San Marino, Vatican City<br \/>CD 6 - Finland, Sweden, Norway, Denmark<br \/>CD 7 - Spain, Portugal<br \/>CD 8 - France<br \/>CD 9 - Great Britain<br \/>CD 10 - MRE Europe's main roads. <br \/><br \/><em>DX MCD system on various VWs from 2000 onwards.<br \/>2-DIN DX MFD2 variously.<br \/>2 DX system VW Touareg 2002-2005<\/em> <br \/><br \/>Warranty 12 months. | Vilnius and Kaunas | Best price<\/p>\n<hr \/>\n\n\n<h2 class=\"wp-block-heading\"><strong>VOLKSWAGEN navigation maps (RNS300)<\/strong><\/h2>\n\n\n\n<p>Not updating<br><br>Warranty 12 months. | Vilnius and Kaunas | Best price<\/p><hr\/>","protected":false},"excerpt":{"rendered":"<p>VOLKSWAGEN navigacijos \u017eem\u0117lapiai (RNS-510, RNS-810, MFD3) CD 1 &#8211; Airija, Andora, Austrija, Belgija, \u010cekija, Danija, D.Britanija, Giblartaras, Graikija, Ispanija, Italija, Lichten\u0161teinas, Lenkija, Liuksemburgas, Monakas, Norvegija, Olandija, Portugalija, Pranc\u016bzija, Slovakija, Suomija, \u0160veicarija, \u0160vedija, Vatikanas, Vengrija, Vokietija. CD 2 &#8211; Albanija, Austrija, Baltarusija, Bulgarija, Bosnija ir Hercegovina, \u010cekija, Danija, Estija, Graikija, Italija, Juodkalnija, Kroatija, Lenkija, Latvija, Lietuva [&hellip;]<\/p>\n","protected":false},"author":1,"featured_media":0,"parent":0,"menu_order":0,"comment_status":"closed","ping_status":"closed","template":"","meta":{"_uag_custom_page_level_css":"","footnotes":""},"class_list":["post-500","page","type-page","status-publish","hentry","post"],"yoast_head":"<!-- This site is optimized with the Yoast SEO plugin v27.4 - https:\/\/yoast.com\/product\/yoast-seo-wordpress\/ -->\n<title>Volkswagen navigacija - taisykla Vilniuje, Kaune, Klaip\u0117doje, \u0160iauliuose<\/title>\n<meta name=\"description\" content=\"VOLKSWAGEN navigacijos \u017eem\u0117lapiai Vilniuje ir Kaune geriausia kaina. 12 m\u0117n. garantija. Tel. nr. 8 (655) 00790 \/ 8 (684) 09811\" \/>\n<meta name=\"robots\" content=\"index, follow, max-snippet:-1, max-image-preview:large, max-video-preview:-1\" \/>\n<link rel=\"canonical\" href=\"https:\/\/techremontas.lt\/en\/volkswagen-navigacija\/\" \/>\n<meta property=\"og:locale\" content=\"en_US\" \/>\n<meta property=\"og:type\" content=\"article\" \/>\n<meta property=\"og:title\" content=\"Volkswagen navigacija - taisykla Vilniuje, Kaune, Klaip\u0117doje, \u0160iauliuose\" \/>\n<meta property=\"og:description\" content=\"VOLKSWAGEN navigacijos \u017eem\u0117lapiai Vilniuje ir Kaune geriausia kaina. 12 m\u0117n. garantija. Tel. nr. 8 (655) 00790 \/ 8 (684) 09811\" \/>\n<meta property=\"og:url\" content=\"https:\/\/techremontas.lt\/en\/volkswagen-navigacija\/\" \/>\n<meta property=\"og:site_name\" content=\"taisykla Vilniuje, Kaune, Klaip\u0117doje, \u0160iauliuose\" \/>\n<meta property=\"article:modified_time\" content=\"2019-04-12T09:26:15+00:00\" \/>\n<meta name=\"twitter:card\" content=\"summary_large_image\" \/>\n<meta name=\"twitter:label1\" content=\"Est. reading time\" \/>\n\t<meta name=\"twitter:data1\" content=\"3 minutes\" \/>\n<script type=\"application\/ld+json\" class=\"yoast-schema-graph\">{\"@context\":\"https:\\\/\\\/schema.org\",\"@graph\":[{\"@type\":\"WebPage\",\"@id\":\"https:\\\/\\\/techremontas.lt\\\/volkswagen-navigacija\\\/\",\"url\":\"https:\\\/\\\/techremontas.lt\\\/volkswagen-navigacija\\\/\",\"name\":\"Volkswagen navigacija - taisykla Vilniuje, Kaune, Klaip\u0117doje, \u0160iauliuose\",\"isPartOf\":{\"@id\":\"https:\\\/\\\/techremontas.lt\\\/#website\"},\"datePublished\":\"2019-04-12T09:14:13+00:00\",\"dateModified\":\"2019-04-12T09:26:15+00:00\",\"description\":\"VOLKSWAGEN navigacijos \u017eem\u0117lapiai Vilniuje ir Kaune geriausia kaina. 12 m\u0117n. garantija. Tel. nr. 8 (655) 00790 \\\/ 8 (684) 09811\",\"breadcrumb\":{\"@id\":\"https:\\\/\\\/techremontas.lt\\\/volkswagen-navigacija\\\/#breadcrumb\"},\"inLanguage\":\"en-US\",\"potentialAction\":[{\"@type\":\"ReadAction\",\"target\":[\"https:\\\/\\\/techremontas.lt\\\/volkswagen-navigacija\\\/\"]}]},{\"@type\":\"BreadcrumbList\",\"@id\":\"https:\\\/\\\/techremontas.lt\\\/volkswagen-navigacija\\\/#breadcrumb\",\"itemListElement\":[{\"@type\":\"ListItem\",\"position\":1,\"name\":\"Pagrindinis\",\"item\":\"https:\\\/\\\/techremontas.lt\\\/\"},{\"@type\":\"ListItem\",\"position\":2,\"name\":\"Volkswagen navigacija\"}]},{\"@type\":\"WebSite\",\"@id\":\"https:\\\/\\\/techremontas.lt\\\/#website\",\"url\":\"https:\\\/\\\/techremontas.lt\\\/\",\"name\":\"taisykla Vilniuje, Kaune, Klaip\u0117doje, \u0160iauliuose\",\"description\":\"Modernios el. technikos servisas\",\"potentialAction\":[{\"@type\":\"SearchAction\",\"target\":{\"@type\":\"EntryPoint\",\"urlTemplate\":\"https:\\\/\\\/techremontas.lt\\\/?s={search_term_string}\"},\"query-input\":{\"@type\":\"PropertyValueSpecification\",\"valueRequired\":true,\"valueName\":\"search_term_string\"}}],\"inLanguage\":\"en-US\"}]}<\/script>\n<!-- \/ Yoast SEO plugin. -->","yoast_head_json":{"title":"Volkswagen navigacija - taisykla Vilniuje, Kaune, Klaip\u0117doje, \u0160iauliuose","description":"VOLKSWAGEN navigation maps in Vilnius and Kaunas at the best price. 12 months warranty. Tel. 8 (655) 00790 \/ 8 (684) 09811","robots":{"index":"index","follow":"follow","max-snippet":"max-snippet:-1","max-image-preview":"max-image-preview:large","max-video-preview":"max-video-preview:-1"},"canonical":"https:\/\/techremontas.lt\/en\/volkswagen-navigacija\/","og_locale":"en_US","og_type":"article","og_title":"Volkswagen navigacija - taisykla Vilniuje, Kaune, Klaip\u0117doje, \u0160iauliuose","og_description":"VOLKSWAGEN navigacijos \u017eem\u0117lapiai Vilniuje ir Kaune geriausia kaina. 12 m\u0117n. garantija. Tel. nr. 8 (655) 00790 \/ 8 (684) 09811","og_url":"https:\/\/techremontas.lt\/en\/volkswagen-navigacija\/","og_site_name":"taisykla Vilniuje, Kaune, Klaip\u0117doje, \u0160iauliuose","article_modified_time":"2019-04-12T09:26:15+00:00","twitter_card":"summary_large_image","twitter_misc":{"Est. reading time":"3 minutes"},"schema":{"@context":"https:\/\/schema.org","@graph":[{"@type":"WebPage","@id":"https:\/\/techremontas.lt\/volkswagen-navigacija\/","url":"https:\/\/techremontas.lt\/volkswagen-navigacija\/","name":"Volkswagen navigacija - taisykla Vilniuje, Kaune, Klaip\u0117doje, \u0160iauliuose","isPartOf":{"@id":"https:\/\/techremontas.lt\/#website"},"datePublished":"2019-04-12T09:14:13+00:00","dateModified":"2019-04-12T09:26:15+00:00","description":"VOLKSWAGEN navigation maps in Vilnius and Kaunas at the best price. 12 months warranty. Tel. 8 (655) 00790 \/ 8 (684) 09811","breadcrumb":{"@id":"https:\/\/techremontas.lt\/volkswagen-navigacija\/#breadcrumb"},"inLanguage":"en-US","potentialAction":[{"@type":"ReadAction","target":["https:\/\/techremontas.lt\/volkswagen-navigacija\/"]}]},{"@type":"BreadcrumbList","@id":"https:\/\/techremontas.lt\/volkswagen-navigacija\/#breadcrumb","itemListElement":[{"@type":"ListItem","position":1,"name":"Pagrindinis","item":"https:\/\/techremontas.lt\/"},{"@type":"ListItem","position":2,"name":"Volkswagen navigacija"}]},{"@type":"WebSite","@id":"https:\/\/techremontas.lt\/#website","url":"https:\/\/techremontas.lt\/","name":"taisykla Vilniuje, Kaune, Klaip\u0117doje, \u0160iauliuose","description":"Modern electrical appliances service","potentialAction":[{"@type":"SearchAction","target":{"@type":"EntryPoint","urlTemplate":"https:\/\/techremontas.lt\/?s={search_term_string}"},"query-input":{"@type":"PropertyValueSpecification","valueRequired":true,"valueName":"search_term_string"}}],"inLanguage":"en-US"}]}},"uagb_featured_image_src":{"full":false,"thumbnail":false,"medium":false,"medium_large":false,"large":false,"1536x1536":false,"2048x2048":false,"trp-custom-language-flag":false,"post-thumbnail":false,"vantage-thumbnail-no-sidebar":false,"vantage-slide":false,"vantage-carousel":false,"vantage-grid-loop":false},"uagb_author_info":{"display_name":"valdymas","author_link":"https:\/\/techremontas.lt\/en\/author\/valdymas\/"},"uagb_comment_info":0,"uagb_excerpt":"VOLKSWAGEN navigacijos \u017eem\u0117lapiai (RNS-510, RNS-810, MFD3) CD 1 &#8211; Airija, Andora, Austrija, Belgija, \u010cekija, Danija, D.Britanija, Giblartaras, Graikija, Ispanija, Italija, Lichten\u0161teinas, Lenkija, Liuksemburgas, Monakas, Norvegija, Olandija, Portugalija, Pranc\u016bzija, Slovakija, Suomija, \u0160veicarija, \u0160vedija, Vatikanas, Vengrija, Vokietija. CD 2 &#8211; Albanija, Austrija, Baltarusija, Bulgarija, Bosnija ir Hercegovina, \u010cekija, Danija, Estija, Graikija, Italija, Juodkalnija, Kroatija, Lenkija, Latvija, Lietuva&hellip;","_links":{"self":[{"href":"https:\/\/techremontas.lt\/en\/wp-json\/wp\/v2\/pages\/500","targetHints":{"allow":["GET"]}}],"collection":[{"href":"https:\/\/techremontas.lt\/en\/wp-json\/wp\/v2\/pages"}],"about":[{"href":"https:\/\/techremontas.lt\/en\/wp-json\/wp\/v2\/types\/page"}],"author":[{"embeddable":true,"href":"https:\/\/techremontas.lt\/en\/wp-json\/wp\/v2\/users\/1"}],"replies":[{"embeddable":true,"href":"https:\/\/techremontas.lt\/en\/wp-json\/wp\/v2\/comments?post=500"}],"version-history":[{"count":7,"href":"https:\/\/techremontas.lt\/en\/wp-json\/wp\/v2\/pages\/500\/revisions"}],"predecessor-version":[{"id":507,"href":"https:\/\/techremontas.lt\/en\/wp-json\/wp\/v2\/pages\/500\/revisions\/507"}],"wp:attachment":[{"href":"https:\/\/techremontas.lt\/en\/wp-json\/wp\/v2\/media?parent=500"}],"curies":[{"name":"wp","href":"https:\/\/api.w.org\/{rel}","templated":true}]}}