{"id":129,"date":"2017-12-02T18:28:01","date_gmt":"2017-12-02T20:28:01","guid":{"rendered":"https:\/\/techremontas.lt\/?page_id=129"},"modified":"2025-05-25T21:20:35","modified_gmt":"2025-05-25T23:20:35","slug":"kontaktai","status":"publish","type":"page","link":"https:\/\/techremontas.lt\/pl\/kontaktai\/","title":{"rendered":"Kontakt"},"content":{"rendered":"<div class=\"wp-block-uagb-table-of-contents uagb-toc__align-left uagb-toc__columns-1  uagb-block-d0b72140\"\n\t\t\t\t\tdata-scroll= \"1\"\n\t\t\t\t\tdata-offset= \"30\"\n\t\t\t\t\tstyle=\"\"\n\t\t\t\t>\n\t\t\t\t<div class=\"uagb-toc__wrap\">\n\t\t\t\t\t\t<div class=\"uagb-toc__title\">\n\t\t\t\t\t\t\t<strong>Mus rasite:<\/strong>\t\t\t\t\t\t<\/div>\n\t\t\t\t\t\t\t\t\t\t\t\t\t\t\t\t\t\t\t\t\t\t<div class=\"uagb-toc__list-wrap\">\n\t\t\t\t\t\t<ol class=\"uagb-toc__list\"><li class=\"uagb-toc__list\"><a href=\"#kareivi\u0173-g-11a-\u017eirm\u016bnai-vilnius\" class=\"uagb-toc-link__trigger\">Kareivi\u0173 g. 11A, \u017dirm\u016bnai, Vilnius<\/a><li class=\"uagb-toc__list\"><a href=\"#savanori\u0173-pr-155-kaunas\" class=\"uagb-toc-link__trigger\">Savanori\u0173 pr. 155, Kaunas<\/a><li class=\"uagb-toc__list\"><a href=\"#sausio-15-osios-g-13-klaip\u0117da\" class=\"uagb-toc-link__trigger\">Sausio 15-osios g. 13, Klaip\u0117da<\/a><li class=\"uagb-toc__list\"><a href=\"#gegu\u017ei\u0173-g-30-\u0161iauliai\" class=\"uagb-toc-link__trigger\">Gegu\u017ei\u0173 g. 30, \u0160iauliai<\/a><\/ol>\t\t\t\t\t<\/div>\n\t\t\t\t\t\t\t\t\t<\/div>\n\t\t\t\t<\/div>\n\t\t\t\n\n\n<div class=\"wp-block-columns is-layout-flex wp-container-core-columns-is-layout-9d6595d7 wp-block-columns-is-layout-flex\">\n<div class=\"wp-block-column is-layout-flow wp-block-column-is-layout-flow\"><div class=\"wp-block-image\">\n<figure class=\"alignleft size-large\"><img loading=\"lazy\" decoding=\"async\" width=\"1024\" height=\"601\" src=\"https:\/\/techremontas.lt\/wp-content\/uploads\/2025\/05\/techremontas_vilnius-1024x601.png\" alt=\"\" class=\"wp-image-3240\" srcset=\"https:\/\/techremontas.lt\/wp-content\/uploads\/2025\/05\/techremontas_vilnius-1024x601.png 1024w, https:\/\/techremontas.lt\/wp-content\/uploads\/2025\/05\/techremontas_vilnius-300x176.png 300w, https:\/\/techremontas.lt\/wp-content\/uploads\/2025\/05\/techremontas_vilnius-768x451.png 768w, https:\/\/techremontas.lt\/wp-content\/uploads\/2025\/05\/techremontas_vilnius-18x12.png 18w, https:\/\/techremontas.lt\/wp-content\/uploads\/2025\/05\/techremontas_vilnius.png 1351w\" sizes=\"auto, (max-width: 1024px) 100vw, 1024px\" \/><\/figure><\/div><\/div>\n\n\n\n<div class=\"wp-block-column is-layout-flow wp-block-column-is-layout-flow\">\n<h2 class=\"wp-block-heading\"><b>Kareivi\u0173 g. 11A, \u017dirm\u016bnai, Vilnius<\/b><\/h2>\n\n\n\n<p>&#8222;Rimi&#8221; prie McDonald&#8217;s<br><a href=\"https:\/\/maps.app.goo.gl\/zTYsXoc4umvvRaDS8\" target=\"_blank\" rel=\"noreferrer noopener\">Mapa<\/a><br><b>Tel. <a href=\"tel:+37065500790\">+370 (655) 00790<\/a><\/b><br>El. p. <a href=\"mailto:vilnius@techremontas.lt?Subject=Uzklausa\" target=\"_top\" rel=\"noopener noreferrer\">vilnius@techremontas.lt<\/a><br><b>Godziny otwarcia: I-V 9-18<\/b><\/p>\n\n\n\n<p>&#8222;Rimi&#8221; prie McDonald&#8217;s, u\u017eeiti \u012f pa\u010di\u0105 RIMI<\/p>\n<\/div>\n<\/div>\n\n\n\n<div class=\"wp-block-columns is-layout-flex wp-container-core-columns-is-layout-9d6595d7 wp-block-columns-is-layout-flex\">\n<div class=\"wp-block-column is-layout-flow wp-block-column-is-layout-flow\">\n<figure class=\"wp-block-image size-large\"><img loading=\"lazy\" decoding=\"async\" width=\"1024\" height=\"579\" src=\"https:\/\/techremontas.lt\/wp-content\/uploads\/2025\/04\/techremontas_savanoriu-1024x579.png\" alt=\"\" class=\"wp-image-3234\" srcset=\"https:\/\/techremontas.lt\/wp-content\/uploads\/2025\/04\/techremontas_savanoriu-1024x579.png 1024w, https:\/\/techremontas.lt\/wp-content\/uploads\/2025\/04\/techremontas_savanoriu-300x170.png 300w, https:\/\/techremontas.lt\/wp-content\/uploads\/2025\/04\/techremontas_savanoriu-768x435.png 768w, https:\/\/techremontas.lt\/wp-content\/uploads\/2025\/04\/techremontas_savanoriu-18x10.png 18w, https:\/\/techremontas.lt\/wp-content\/uploads\/2025\/04\/techremontas_savanoriu.png 1140w\" sizes=\"auto, (max-width: 1024px) 100vw, 1024px\" \/><\/figure>\n<\/div>\n\n\n\n<div class=\"wp-block-column is-layout-flow wp-block-column-is-layout-flow\">\n<h2 class=\"wp-block-heading\"><b>Savanori\u0173 pr. 155, Kaunas<\/b><\/h2>\n\n\n\n<p><a href=\"https:\/\/maps.app.goo.gl\/2vbA7XoVNx4co8KP9\" target=\"_blank\" rel=\"noreferrer noopener\">Mapa<\/a><br><b>Tel. <a href=\"tel:+37068409811\">+370 (684) 09811<\/a><\/b><br>El. p. <a href=\"mailto:kaunas@techremontas.lt?Subject=Uzklausa\" target=\"_top\" rel=\"noopener noreferrer\">kaunas@techremontas.lt<\/a><br><b>Godziny otwarcia: I-V 9-18<\/b><\/p>\n\n\n\n<p>Oddzielne wej\u015bcie od ulicy<\/p>\n<\/div>\n<\/div>\n\n\n\n<div class=\"wp-block-columns is-layout-flex wp-container-core-columns-is-layout-9d6595d7 wp-block-columns-is-layout-flex\">\n<div class=\"wp-block-column is-layout-flow wp-block-column-is-layout-flow\">\n<figure class=\"wp-block-image size-large\"><img loading=\"lazy\" decoding=\"async\" width=\"1024\" height=\"514\" src=\"https:\/\/techremontas.lt\/wp-content\/uploads\/2024\/09\/techremontas-klaipeda-1024x514.png\" alt=\"\" class=\"wp-image-2166\" srcset=\"https:\/\/techremontas.lt\/wp-content\/uploads\/2024\/09\/techremontas-klaipeda-1024x514.png 1024w, https:\/\/techremontas.lt\/wp-content\/uploads\/2024\/09\/techremontas-klaipeda-300x151.png 300w, https:\/\/techremontas.lt\/wp-content\/uploads\/2024\/09\/techremontas-klaipeda-768x386.png 768w, https:\/\/techremontas.lt\/wp-content\/uploads\/2024\/09\/techremontas-klaipeda-18x9.png 18w, https:\/\/techremontas.lt\/wp-content\/uploads\/2024\/09\/techremontas-klaipeda.png 1455w\" sizes=\"auto, (max-width: 1024px) 100vw, 1024px\" \/><\/figure>\n<\/div>\n\n\n\n<div class=\"wp-block-column is-layout-flow wp-block-column-is-layout-flow\">\n<h2 class=\"wp-block-heading\"><b>Sausio 15-osios g. 13, Klaip\u0117da<\/b><\/h2>\n\n\n\n<p>W pobli\u017cu Avitelos<br><a href=\"https:\/\/maps.app.goo.gl\/vgzQE6bX9XVCFXAy9\" target=\"_blank\" rel=\"noreferrer noopener\">Mapa<\/a><br><b>Tel. <a href=\"tel:+37068409811\">+370 <\/a><a href=\"tel:+37065848560\">(658) 48560<\/a><\/b><br>El. p. <a href=\"mailto:klaipeda@techremontas.lt\">klaipeda@techremontas.lt<\/a><br><b>Godziny otwarcia: I-V 9-18<\/b><\/p>\n\n\n\n<p>Oddzielne wej\u015bcie od ulicy<\/p>\n<\/div>\n<\/div>\n\n\n\n<p>&nbsp;<\/p>\n\n\n\n<div class=\"wp-block-columns is-layout-flex wp-container-core-columns-is-layout-9d6595d7 wp-block-columns-is-layout-flex\">\n<div class=\"wp-block-column is-layout-flow wp-block-column-is-layout-flow\">\n<figure class=\"wp-block-image size-large\"><img loading=\"lazy\" decoding=\"async\" width=\"1024\" height=\"628\" src=\"https:\/\/techremontas.lt\/wp-content\/uploads\/2024\/09\/techremontas-siauliai-1024x628.png\" alt=\"\" class=\"wp-image-2168\" srcset=\"https:\/\/techremontas.lt\/wp-content\/uploads\/2024\/09\/techremontas-siauliai-1024x628.png 1024w, https:\/\/techremontas.lt\/wp-content\/uploads\/2024\/09\/techremontas-siauliai-300x184.png 300w, https:\/\/techremontas.lt\/wp-content\/uploads\/2024\/09\/techremontas-siauliai-768x471.png 768w, https:\/\/techremontas.lt\/wp-content\/uploads\/2024\/09\/techremontas-siauliai-18x12.png 18w, https:\/\/techremontas.lt\/wp-content\/uploads\/2024\/09\/techremontas-siauliai.png 1326w\" sizes=\"auto, (max-width: 1024px) 100vw, 1024px\" \/><\/figure>\n<\/div>\n\n\n\n<div class=\"wp-block-column is-layout-flow wp-block-column-is-layout-flow\">\n<h2 class=\"wp-block-heading\"><b>Gegu\u017ei\u0173 g. 30, \u0160iauliai<\/b><\/h2>\n\n\n\n<p>PC Arena<br><a href=\"https:\/\/maps.app.goo.gl\/KMXjNJA6Qcnxcgb96\" target=\"_blank\" rel=\"noreferrer noopener\">Mapa<\/a><br><b>Tel. <a href=\"tel:+37065295616\">+370 (652) 95616<\/a><\/b><br>El. p. <a href=\"mailto:siauliai@techremontas.lt?Subject=Uzklausa\">siauliai@techremontas.lt<\/a><br><b>Godziny otwarcia: I-V 9-18<\/b><\/p>\n<\/div>\n<\/div>","protected":false},"excerpt":{"rendered":"<p>Kareivi\u0173 g. 11A, \u017dirm\u016bnai, Vilnius &#8222;Rimi&#8221; prie McDonald&#8217;s\u017dem\u0117lapisTel. +370 (655) 00790El. p. vilnius@techremontas.ltDarbo laikas: I-V 9-18 val &#8222;Rimi&#8221; prie McDonald&#8217;s, u\u017eeiti \u012f pa\u010di\u0105 RIMI Savanori\u0173 pr. 155, Kaunas \u017dem\u0117lapisTel. +370 (684) 09811El. p. kaunas@techremontas.ltDarbo laikas: I-V 9-18 val Atskiras \u012f\u0117jimas i\u0161 gatv\u0117s Sausio 15-osios g. 13, Klaip\u0117da Prie Avitelos\u017dem\u0117lapisTel. +370 (658) 48560El. p. klaipeda@techremontas.ltDarbo laikas: [&hellip;]<\/p>\n","protected":false},"author":1,"featured_media":0,"parent":0,"menu_order":0,"comment_status":"closed","ping_status":"closed","template":"","meta":{"_uag_custom_page_level_css":"","footnotes":""},"class_list":["post-129","page","type-page","status-publish","hentry","post"],"yoast_head":"<!-- This site is optimized with the Yoast SEO plugin v27.3 - https:\/\/yoast.com\/product\/yoast-seo-wordpress\/ -->\n<title>Kontaktai - taisykla Vilniuje, Kaune, Klaip\u0117doje, \u0160iauliuose<\/title>\n<meta name=\"description\" content=\"Mus rasite: VILNIUJE Savanori\u0173 pr. 1 tel 8-679-74770 ir KAUNE \u0160kirpos g. 17 tel 8-698-55616\" \/>\n<meta name=\"robots\" content=\"index, follow, max-snippet:-1, max-image-preview:large, max-video-preview:-1\" \/>\n<link rel=\"canonical\" href=\"https:\/\/techremontas.lt\/pl\/kontaktai\/\" \/>\n<meta property=\"og:locale\" content=\"pl_PL\" \/>\n<meta property=\"og:type\" content=\"article\" \/>\n<meta property=\"og:title\" content=\"Kontaktai - taisykla Vilniuje, Kaune, Klaip\u0117doje, \u0160iauliuose\" \/>\n<meta property=\"og:description\" content=\"Mus rasite: VILNIUJE Savanori\u0173 pr. 1 tel 8-679-74770 ir KAUNE \u0160kirpos g. 17 tel 8-698-55616\" \/>\n<meta property=\"og:url\" content=\"https:\/\/techremontas.lt\/pl\/kontaktai\/\" \/>\n<meta property=\"og:site_name\" content=\"taisykla Vilniuje, Kaune, Klaip\u0117doje, \u0160iauliuose\" \/>\n<meta property=\"article:modified_time\" content=\"2025-05-25T23:20:35+00:00\" \/>\n<meta property=\"og:image\" content=\"https:\/\/techremontas.lt\/wp-content\/uploads\/2025\/05\/techremontas_vilnius.png\" \/>\n\t<meta property=\"og:image:width\" content=\"1351\" \/>\n\t<meta property=\"og:image:height\" content=\"793\" \/>\n\t<meta property=\"og:image:type\" content=\"image\/png\" \/>\n<meta name=\"twitter:card\" content=\"summary_large_image\" \/>\n<script type=\"application\/ld+json\" class=\"yoast-schema-graph\">{\"@context\":\"https:\\\/\\\/schema.org\",\"@graph\":[{\"@type\":\"WebPage\",\"@id\":\"https:\\\/\\\/techremontas.lt\\\/kontaktai\\\/\",\"url\":\"https:\\\/\\\/techremontas.lt\\\/kontaktai\\\/\",\"name\":\"Kontaktai - taisykla Vilniuje, Kaune, Klaip\u0117doje, \u0160iauliuose\",\"isPartOf\":{\"@id\":\"https:\\\/\\\/techremontas.lt\\\/#website\"},\"primaryImageOfPage\":{\"@id\":\"https:\\\/\\\/techremontas.lt\\\/kontaktai\\\/#primaryimage\"},\"image\":{\"@id\":\"https:\\\/\\\/techremontas.lt\\\/kontaktai\\\/#primaryimage\"},\"thumbnailUrl\":\"https:\\\/\\\/techremontas.lt\\\/wp-content\\\/uploads\\\/2025\\\/05\\\/techremontas_vilnius-1024x601.png\",\"datePublished\":\"2017-12-02T20:28:01+00:00\",\"dateModified\":\"2025-05-25T23:20:35+00:00\",\"description\":\"Mus rasite: VILNIUJE Savanori\u0173 pr. 1 tel 8-679-74770 ir KAUNE \u0160kirpos g. 17 tel 8-698-55616\",\"breadcrumb\":{\"@id\":\"https:\\\/\\\/techremontas.lt\\\/kontaktai\\\/#breadcrumb\"},\"inLanguage\":\"pl-PL\",\"potentialAction\":[{\"@type\":\"ReadAction\",\"target\":[\"https:\\\/\\\/techremontas.lt\\\/kontaktai\\\/\"]}]},{\"@type\":\"ImageObject\",\"inLanguage\":\"pl-PL\",\"@id\":\"https:\\\/\\\/techremontas.lt\\\/kontaktai\\\/#primaryimage\",\"url\":\"https:\\\/\\\/techremontas.lt\\\/wp-content\\\/uploads\\\/2025\\\/05\\\/techremontas_vilnius-1024x601.png\",\"contentUrl\":\"https:\\\/\\\/techremontas.lt\\\/wp-content\\\/uploads\\\/2025\\\/05\\\/techremontas_vilnius-1024x601.png\"},{\"@type\":\"BreadcrumbList\",\"@id\":\"https:\\\/\\\/techremontas.lt\\\/kontaktai\\\/#breadcrumb\",\"itemListElement\":[{\"@type\":\"ListItem\",\"position\":1,\"name\":\"Pagrindinis\",\"item\":\"https:\\\/\\\/techremontas.lt\\\/\"},{\"@type\":\"ListItem\",\"position\":2,\"name\":\"Kontaktai\"}]},{\"@type\":\"WebSite\",\"@id\":\"https:\\\/\\\/techremontas.lt\\\/#website\",\"url\":\"https:\\\/\\\/techremontas.lt\\\/\",\"name\":\"taisykla Vilniuje, Kaune, Klaip\u0117doje, \u0160iauliuose\",\"description\":\"Modernios el. technikos servisas\",\"potentialAction\":[{\"@type\":\"SearchAction\",\"target\":{\"@type\":\"EntryPoint\",\"urlTemplate\":\"https:\\\/\\\/techremontas.lt\\\/?s={search_term_string}\"},\"query-input\":{\"@type\":\"PropertyValueSpecification\",\"valueRequired\":true,\"valueName\":\"search_term_string\"}}],\"inLanguage\":\"pl-PL\"}]}<\/script>\n<!-- \/ Yoast SEO plugin. -->","yoast_head_json":{"title":"Kontaktai - taisykla Vilniuje, Kaune, Klaip\u0117doje, \u0160iauliuose","description":"Mo\u017cna nas znale\u017a\u0107 w Wilnie Savanori\u0173 pr. 1 tel. 8-679-74770 oraz w Kownie \u0160kirpos g. 17 tel. 8-698-55616.","robots":{"index":"index","follow":"follow","max-snippet":"max-snippet:-1","max-image-preview":"max-image-preview:large","max-video-preview":"max-video-preview:-1"},"canonical":"https:\/\/techremontas.lt\/pl\/kontaktai\/","og_locale":"pl_PL","og_type":"article","og_title":"Kontaktai - taisykla Vilniuje, Kaune, Klaip\u0117doje, \u0160iauliuose","og_description":"Mus rasite: VILNIUJE Savanori\u0173 pr. 1 tel 8-679-74770 ir KAUNE \u0160kirpos g. 17 tel 8-698-55616","og_url":"https:\/\/techremontas.lt\/pl\/kontaktai\/","og_site_name":"taisykla Vilniuje, Kaune, Klaip\u0117doje, \u0160iauliuose","article_modified_time":"2025-05-25T23:20:35+00:00","og_image":[{"width":1351,"height":793,"url":"https:\/\/techremontas.lt\/wp-content\/uploads\/2025\/05\/techremontas_vilnius.png","type":"image\/png"}],"twitter_card":"summary_large_image","schema":{"@context":"https:\/\/schema.org","@graph":[{"@type":"WebPage","@id":"https:\/\/techremontas.lt\/kontaktai\/","url":"https:\/\/techremontas.lt\/kontaktai\/","name":"Kontaktai - taisykla Vilniuje, Kaune, Klaip\u0117doje, \u0160iauliuose","isPartOf":{"@id":"https:\/\/techremontas.lt\/#website"},"primaryImageOfPage":{"@id":"https:\/\/techremontas.lt\/kontaktai\/#primaryimage"},"image":{"@id":"https:\/\/techremontas.lt\/kontaktai\/#primaryimage"},"thumbnailUrl":"https:\/\/techremontas.lt\/wp-content\/uploads\/2025\/05\/techremontas_vilnius-1024x601.png","datePublished":"2017-12-02T20:28:01+00:00","dateModified":"2025-05-25T23:20:35+00:00","description":"Mo\u017cna nas znale\u017a\u0107 w Wilnie Savanori\u0173 pr. 1 tel. 8-679-74770 oraz w Kownie \u0160kirpos g. 17 tel. 8-698-55616.","breadcrumb":{"@id":"https:\/\/techremontas.lt\/kontaktai\/#breadcrumb"},"inLanguage":"pl-PL","potentialAction":[{"@type":"ReadAction","target":["https:\/\/techremontas.lt\/kontaktai\/"]}]},{"@type":"ImageObject","inLanguage":"pl-PL","@id":"https:\/\/techremontas.lt\/kontaktai\/#primaryimage","url":"https:\/\/techremontas.lt\/wp-content\/uploads\/2025\/05\/techremontas_vilnius-1024x601.png","contentUrl":"https:\/\/techremontas.lt\/wp-content\/uploads\/2025\/05\/techremontas_vilnius-1024x601.png"},{"@type":"BreadcrumbList","@id":"https:\/\/techremontas.lt\/kontaktai\/#breadcrumb","itemListElement":[{"@type":"ListItem","position":1,"name":"Pagrindinis","item":"https:\/\/techremontas.lt\/"},{"@type":"ListItem","position":2,"name":"Kontaktai"}]},{"@type":"WebSite","@id":"https:\/\/techremontas.lt\/#website","url":"https:\/\/techremontas.lt\/","name":"taisykla Vilniuje, Kaune, Klaip\u0117doje, \u0160iauliuose","description":"Serwis nowoczesnych urz\u0105dze\u0144 elektrycznych","potentialAction":[{"@type":"SearchAction","target":{"@type":"EntryPoint","urlTemplate":"https:\/\/techremontas.lt\/?s={search_term_string}"},"query-input":{"@type":"PropertyValueSpecification","valueRequired":true,"valueName":"search_term_string"}}],"inLanguage":"pl-PL"}]}},"uagb_featured_image_src":{"full":false,"thumbnail":false,"medium":false,"medium_large":false,"large":false,"1536x1536":false,"2048x2048":false,"trp-custom-language-flag":false,"post-thumbnail":false,"vantage-thumbnail-no-sidebar":false,"vantage-slide":false,"vantage-carousel":false,"vantage-grid-loop":false},"uagb_author_info":{"display_name":"valdymas","author_link":"https:\/\/techremontas.lt\/pl\/author\/valdymas\/"},"uagb_comment_info":0,"uagb_excerpt":"Kareivi\u0173 g. 11A, \u017dirm\u016bnai, Vilnius &#8222;Rimi&#8221; prie McDonald&#8217;s\u017dem\u0117lapisTel. +370 (655) 00790El. p. vilnius@techremontas.ltDarbo laikas: I-V 9-18 val &#8222;Rimi&#8221; prie McDonald&#8217;s, u\u017eeiti \u012f pa\u010di\u0105 RIMI Savanori\u0173 pr. 155, Kaunas \u017dem\u0117lapisTel. +370 (684) 09811El. p. kaunas@techremontas.ltDarbo laikas: I-V 9-18 val Atskiras \u012f\u0117jimas i\u0161 gatv\u0117s Sausio 15-osios g. 13, Klaip\u0117da Prie Avitelos\u017dem\u0117lapisTel. +370 (658) 48560El. p. klaipeda@techremontas.ltDarbo laikas:&hellip;","_links":{"self":[{"href":"https:\/\/techremontas.lt\/pl\/wp-json\/wp\/v2\/pages\/129","targetHints":{"allow":["GET"]}}],"collection":[{"href":"https:\/\/techremontas.lt\/pl\/wp-json\/wp\/v2\/pages"}],"about":[{"href":"https:\/\/techremontas.lt\/pl\/wp-json\/wp\/v2\/types\/page"}],"author":[{"embeddable":true,"href":"https:\/\/techremontas.lt\/pl\/wp-json\/wp\/v2\/users\/1"}],"replies":[{"embeddable":true,"href":"https:\/\/techremontas.lt\/pl\/wp-json\/wp\/v2\/comments?post=129"}],"version-history":[{"count":38,"href":"https:\/\/techremontas.lt\/pl\/wp-json\/wp\/v2\/pages\/129\/revisions"}],"predecessor-version":[{"id":3242,"href":"https:\/\/techremontas.lt\/pl\/wp-json\/wp\/v2\/pages\/129\/revisions\/3242"}],"wp:attachment":[{"href":"https:\/\/techremontas.lt\/pl\/wp-json\/wp\/v2\/media?parent=129"}],"curies":[{"name":"wp","href":"https:\/\/api.w.org\/{rel}","templated":true}]}}