{"id":267,"date":"2019-04-10T09:26:53","date_gmt":"2019-04-10T11:26:53","guid":{"rendered":"https:\/\/techremontas.lt\/?page_id=267"},"modified":"2019-04-10T10:43:03","modified_gmt":"2019-04-10T12:43:03","slug":"bmw-navigacija","status":"publish","type":"page","link":"https:\/\/techremontas.lt\/pl\/bmw-navigacija\/","title":{"rendered":"Nawigacja BMW"},"content":{"rendered":"<h2 class=\"wp-block-heading\"><strong>Mapy nawigacyjne BMW (CIC Premium \/ CIC-MID Business Motion \/ Champ2 Business Move \/ NBT Next HU-H) <\/strong><\/h2>\n\n\n\n<p><p><strong>Litwa (szczeg\u00f3\u0142y)<\/strong>Niemcy, Austria, Andora, Belgia, Szwajcaria, Czechy, Dania, Hiszpania, Francja, Finlandia, Liechtenstein, Wielka Brytania, Grecja, Irlandia, W\u0142ochy, Luksemburg, Monako, Norwegia, Holandia, Portugalia, San Marino, Szwecja, Watykan, Rosja, Polska, W\u0119gry, Chorwacja, S\u0142owenia, Bia\u0142oru\u015b, Estonia, \u0141otwa. <br><br><em>BMW 1 E81, E82, E87, E88 (2008.09-2014.03) <br>BMW 1 F20, F21 (2011.09-2013.03) <br>BMW 3 E90, E91, E92, E93 (2008.09-2013.10) <br>BMW 3 F30 (2012.02-2012.11) <br>BMW 5 E60, E61 (2008.11-2010.05) <br>BMW 5 F7 (2009.10-2012.07) <br>BMW 5 F10, F11 (2010.03-2012.09) <br>BMW 6 E63, E64 (2008.11-2010.07) <br>BMW 6 F06 (2012.03-2013.03) <br>BMW 6 F12, F13 (2012.10-2013.03) <br>BMW 7 F01, F02, F03, F04 (2008.11-2012.07) <br>BMW Z4 E89 (od 2009.04)  <br>BMW X1 E84 (2009.10-2015) <br>BMW X3 F25 (2010.11-2013.04) <br>BMW X5 E70 (2009.10-2013.06) <br>BMW X6 E71 (2008.05-2014.07) <\/em><br><br> Gwarancja 12 miesi\u0119cy. | Wilno i Kowno | Najlepsza cena<\/p><\/p><hr\/>\n\n\n\n<h2 class=\"wp-block-heading\"><strong>Mapy nawigacyjne BMW (CCC Professional) <br><\/strong><\/h2>\n\n\n\n<p>CD 1 - Irlandia, Andora, Belgia, Wielka Brytania, Gibraltar, Luksemburg, Monako, Hiszpania, Holandia, Portugalia, Francja + g\u0142\u00f3wne drogi Europy.  <br>CD 2 - Austria, Belgia, Dania, Czechy, Niemcy, W\u0142ochy, Liechtenstein, Luksemburg, Holandia, San Marino, S\u0142owenia, Szwajcaria, Watykan, Niemcy + g\u0142\u00f3wne drogi europejskie. <strong><br><\/strong>CD 3 - Albania, Bia\u0142oru\u015b, Bu\u0142garia, Chorwacja, Estonia, Grecja, \u0141otwa, Czarnog\u00f3ra, Polska, <strong> Litwa (szczeg\u00f3\u0142y)<\/strong>Norwegia, Rumunia, Rosja, S\u0142owacja, S\u0142owenia, Finlandia, Szwecja, Ukraina, W\u0119gry + g\u0142\u00f3wne drogi europejskie.<br> <br><em>BMW 1 (E81, E82, E88, E87) do 2008.09<br>BMW 3 (E90, E91, E92, E93) do 2008.09<br>BMW 5 (E60, E61) do 2008.11<br>BMW 6 (E63, E64) do 2008 r.11<br>BMW X5 (E70) do 2009.10<br>BMW X6 (E71) do 2009.10 <\/em><br><em> <\/em><br>Gwarancja 12 miesi\u0119cy. | Wilno i Kowno | Najlepsza cena<\/p><hr\/>\n\n\n\n<h2 class=\"wp-block-heading\"><strong>Mapy nawigacyjne BMW (M-ASK I pre-LCI)<\/strong><\/h2>\n\n\n<p>CD 1 - Andora, Austria, Belgia, Czechy, Dania, Finlandia, Francja, Grecja, Hiszpania, Holandia, Irlandia, Gibraltar, Liechtenstein, Luksemburg, Monako, Niemcy, Norwegia, Portugalia, San Marino, Szwajcaria, Szwecja, Watykan, Wielka Brytania, W\u0142ochy.<strong><br \/><\/strong>CD 2 - Austria, Chorwacja, Czechy, Dania, Estonia, Finlandia, Francja, Niemcy, Grecja, W\u0119gry, W\u0142ochy, Liechtenstein, Norwegia, San Marino, S\u0142owacja, S\u0142owenia, Hiszpania, Szwecja, Szwajcaria, Watykan.<br \/><br \/><em>Modele BMW bez liftingu (sprzed LCI) (2003-2007) z nawigacj\u0105 Business, kt\u00f3ra wy\u015bwietla tylko nawigacj\u0119 ze strza\u0142kami (bez map 2D). <\/em><br \/><br \/>Gwarancja 12 miesi\u0119cy. | Wilno i Kowno | Najlepsza cena<\/p>\n<hr \/>\n\n\n<h2 class=\"wp-block-heading\"><strong>Mapy nawigacyjne BMW (M-ASK II LCI)<\/strong><\/h2>\n\n\n<p>CD 1 - Andora, Austria, Belgia, Czechy, Dania, Finlandia, Francja, Grecja, Hiszpania, Holandia, Irlandia, Gibraltar, Liechtenstein, Luksemburg, Monako, Niemcy, Norwegia, Portugalia, San Marino, Szwajcaria, Szwecja, Watykan, Wielka Brytania, W\u0142ochy. <br \/>CD 2 - Austria, Chorwacja, Czechy, Dania, Estonia, Finlandia, Francja, Niemcy, Grecja, W\u0119gry, W\u0142ochy, Liechtenstein, Norwegia, San Marino, S\u0142owacja, S\u0142owenia, Hiszpania, Szwecja, Szwajcaria, Watykan.<br \/>CD 3 - Irlandia, Andora, Austria, Belgia, Bu\u0142garia, Czechy, Dania, Wielka Brytania, Estonia, Gibraltar, Grecja, Hiszpania, W\u0142ochy, Chorwacja, \u0141otwa, Polska, Liechtenstein, <strong>Litwa (szczeg\u00f3\u0142y)<\/strong>Luksemburg, Monako, Norwegia, Holandia, Portugalia, Francja, Rumunia, San Marino, S\u0142owacja, S\u0142owenia, Finlandia, Szwecja, Szwajcaria, Watykan, W\u0119gry, Niemcy. <br \/><br \/><em>BMW Facelift (LCI) modele 2007 - 2010<br \/>BMW neFacelift (przed LCI) modele 2003 - 2007 <\/em> <br \/><br \/>Gwarancja 12 miesi\u0119cy. | Wilno i Kowno | Najlepsza cena<\/p>\n<hr \/>\n\n\n<h2 class=\"wp-block-heading\"><strong>Mapy nawigacyjne BMW (iDrive II, NAVI02\/NAVI03)<\/strong><\/h2>\n\n\n<p>CD 1 - Andora, Austria, Belgia, Czechy, Dania, Finlandia, Francja, Grecja, Hiszpania, Holandia, Irlandia, Gibraltar, Liechtenstein, Luksemburg, Monako, Niemcy, Norwegia, Portugalia, San Marino, Szwajcaria, Szwecja, Watykan, Wielka Brytania, W\u0142ochy. <br \/>CD 2 - Austria, Bia\u0142oru\u015b, Bu\u0142garia, Chorwacja, Czechy, Dania, Estonia, Grecja, W\u0119gry, W\u0142ochy, Liechtenstein, \u0141otwa, Polska, <strong> Litwa (szczeg\u00f3\u0142y)<\/strong>Norwegia, Rumunia, Rosja, San Marino, S\u0142owacja, S\u0142owenia, Finlandia, Szwecja, Szwajcaria, Watykan, W\u0119gry, Niemcy. <br \/><br \/><em>BMW 3er 2002 - 2007<br \/>BMW 5er 2002 - 2003<br \/>BMW 7er 2001 - 2007<br \/>BMW X3 2001 - 2007<br \/>BMW X5 1999 - 2008<br \/>BMW Z4 2002 - 2009<br \/>BMW Z8 2000 - 2003 <\/em><br \/><br \/>Gwarancja 12 miesi\u0119cy. | Wilno i Kowno | Najlepsza cena<\/p>\n<hr \/>\n\n\n<h2 class=\"wp-block-heading\"><strong>Mapy nawigacyjne BMW (iDrive I, NAVI01 MK1 MK2 MK3 MK4)<\/strong><\/h2>\n\n\n\n<p>CD 1 - Belgia, Holandia, Luksemburg<br>CD 2 - Austria, Liechtenstein, Szwajcaria, Niemcy, sh. W\u0142ochy<br>CD 3 - Europa Wschodnia 1 - Estonia, \u0141otwa, <strong> Litwa (szczeg\u00f3\u0142y)<\/strong><br>CD 4 - Europa Wschodnia 2 - Bu\u0142garia, Chorwacja, Czechy, W\u0119gry, Polska, Rumunia, S\u0142owacja, S\u0142owenia<br>CD 5 - sh. Francja<br>CD 6 - p. Francja<br>CD 7 - Niemcy<br>CD 8 - W\u0142ochy, San Marino, Watykan, Grecja<br>CD 9 - Dania, Szwecja, Finlandia, Norwegia<br>CD 10 - Hiszpania<br>CD 11 - Portugalia<br>CD 12 - Anglia, Szkocja, Irlandia<br>CD 13 - Mapy g\u0142\u00f3wnych dr\u00f3g w Europie.<br><br><em>3er 2003-2007<br>5er 1995-2003<br>7er 1993-2007<br>X3 -2007<br>X5 1999-2008<br>M5 -2007<br>Z4 2002-2009<br>Z8 2000-2003<\/em><br><br> Gwarancja 12 miesi\u0119cy. | Wilno i Kowno | Najlepsza cena <\/p><hr\/>\n\n\n\n<p> <\/p>","protected":false},"excerpt":{"rendered":"<p>BMW navigacijos \u017eem\u0117lapiai (CIC Premium \/ CIC-MID Business Motion \/ Champ2 Business Move \/ NBT Next HU-H) Lietuva (detalus), Vokietija, Austrija, Andora, Belgija, \u0160veicarija, \u010cekija, Danija, Ispanija, Pranc\u016bzija, Suomija, Lichten\u0161teinas, Jungtin\u0117 Karalyst\u0117, Graikija, Airija, Italija, Liuksemburgas, Monakas, Norvegija, Nyderlandai, Portugalija, San Marinas, \u0160vedija, Vatikanas, Rusija, Lenkija, Vengrija, Kroatija, Slov\u0117nija, Baltarusija, Estija, Latvija. BMW 1 E81, [&hellip;]<\/p>\n","protected":false},"author":1,"featured_media":0,"parent":0,"menu_order":0,"comment_status":"closed","ping_status":"closed","template":"","meta":{"_uag_custom_page_level_css":"","footnotes":""},"class_list":["post-267","page","type-page","status-publish","hentry","post"],"yoast_head":"<!-- This site is optimized with the Yoast SEO plugin v27.4 - https:\/\/yoast.com\/product\/yoast-seo-wordpress\/ -->\n<title>BMW navigacija - taisykla Vilniuje, Kaune, Klaip\u0117doje, \u0160iauliuose<\/title>\n<meta name=\"description\" content=\"BMW navigacijos \u017eem\u0117lapiai Vilniuje ir Kaune geriausia kaina. 12 m\u0117n. garantija. Tel. nr. 8 (655) 00790 \/ 8 (684) 09811\" \/>\n<meta name=\"robots\" content=\"index, follow, max-snippet:-1, max-image-preview:large, max-video-preview:-1\" \/>\n<link rel=\"canonical\" href=\"https:\/\/techremontas.lt\/pl\/bmw-navigacija\/\" \/>\n<meta property=\"og:locale\" content=\"pl_PL\" \/>\n<meta property=\"og:type\" content=\"article\" \/>\n<meta property=\"og:title\" content=\"BMW navigacija - taisykla Vilniuje, Kaune, Klaip\u0117doje, \u0160iauliuose\" \/>\n<meta property=\"og:description\" content=\"BMW navigacijos \u017eem\u0117lapiai Vilniuje ir Kaune geriausia kaina. 12 m\u0117n. garantija. Tel. nr. 8 (655) 00790 \/ 8 (684) 09811\" \/>\n<meta property=\"og:url\" content=\"https:\/\/techremontas.lt\/pl\/bmw-navigacija\/\" \/>\n<meta property=\"og:site_name\" content=\"taisykla Vilniuje, Kaune, Klaip\u0117doje, \u0160iauliuose\" \/>\n<meta property=\"article:modified_time\" content=\"2019-04-10T12:43:03+00:00\" \/>\n<meta name=\"twitter:card\" content=\"summary_large_image\" \/>\n<meta name=\"twitter:label1\" content=\"Szacowany czas czytania\" \/>\n\t<meta name=\"twitter:data1\" content=\"3 minuty\" \/>\n<script type=\"application\/ld+json\" class=\"yoast-schema-graph\">{\"@context\":\"https:\\\/\\\/schema.org\",\"@graph\":[{\"@type\":\"WebPage\",\"@id\":\"https:\\\/\\\/techremontas.lt\\\/bmw-navigacija\\\/\",\"url\":\"https:\\\/\\\/techremontas.lt\\\/bmw-navigacija\\\/\",\"name\":\"BMW navigacija - taisykla Vilniuje, Kaune, Klaip\u0117doje, \u0160iauliuose\",\"isPartOf\":{\"@id\":\"https:\\\/\\\/techremontas.lt\\\/#website\"},\"datePublished\":\"2019-04-10T11:26:53+00:00\",\"dateModified\":\"2019-04-10T12:43:03+00:00\",\"description\":\"BMW navigacijos \u017eem\u0117lapiai Vilniuje ir Kaune geriausia kaina. 12 m\u0117n. garantija. Tel. nr. 8 (655) 00790 \\\/ 8 (684) 09811\",\"breadcrumb\":{\"@id\":\"https:\\\/\\\/techremontas.lt\\\/bmw-navigacija\\\/#breadcrumb\"},\"inLanguage\":\"pl-PL\",\"potentialAction\":[{\"@type\":\"ReadAction\",\"target\":[\"https:\\\/\\\/techremontas.lt\\\/bmw-navigacija\\\/\"]}]},{\"@type\":\"BreadcrumbList\",\"@id\":\"https:\\\/\\\/techremontas.lt\\\/bmw-navigacija\\\/#breadcrumb\",\"itemListElement\":[{\"@type\":\"ListItem\",\"position\":1,\"name\":\"Pagrindinis\",\"item\":\"https:\\\/\\\/techremontas.lt\\\/\"},{\"@type\":\"ListItem\",\"position\":2,\"name\":\"BMW navigacija\"}]},{\"@type\":\"WebSite\",\"@id\":\"https:\\\/\\\/techremontas.lt\\\/#website\",\"url\":\"https:\\\/\\\/techremontas.lt\\\/\",\"name\":\"taisykla Vilniuje, Kaune, Klaip\u0117doje, \u0160iauliuose\",\"description\":\"Modernios el. technikos servisas\",\"potentialAction\":[{\"@type\":\"SearchAction\",\"target\":{\"@type\":\"EntryPoint\",\"urlTemplate\":\"https:\\\/\\\/techremontas.lt\\\/?s={search_term_string}\"},\"query-input\":{\"@type\":\"PropertyValueSpecification\",\"valueRequired\":true,\"valueName\":\"search_term_string\"}}],\"inLanguage\":\"pl-PL\"}]}<\/script>\n<!-- \/ Yoast SEO plugin. -->","yoast_head_json":{"title":"BMW navigacija - taisykla Vilniuje, Kaune, Klaip\u0117doje, \u0160iauliuose","description":"Mapy nawigacyjne BMW w Wilnie i Kownie w najlepszej cenie. 12 miesi\u0119cy gwarancji. Tel. 8 (655) 00790 \/ 8 (684) 09811","robots":{"index":"index","follow":"follow","max-snippet":"max-snippet:-1","max-image-preview":"max-image-preview:large","max-video-preview":"max-video-preview:-1"},"canonical":"https:\/\/techremontas.lt\/pl\/bmw-navigacija\/","og_locale":"pl_PL","og_type":"article","og_title":"BMW navigacija - taisykla Vilniuje, Kaune, Klaip\u0117doje, \u0160iauliuose","og_description":"BMW navigacijos \u017eem\u0117lapiai Vilniuje ir Kaune geriausia kaina. 12 m\u0117n. garantija. Tel. nr. 8 (655) 00790 \/ 8 (684) 09811","og_url":"https:\/\/techremontas.lt\/pl\/bmw-navigacija\/","og_site_name":"taisykla Vilniuje, Kaune, Klaip\u0117doje, \u0160iauliuose","article_modified_time":"2019-04-10T12:43:03+00:00","twitter_card":"summary_large_image","twitter_misc":{"Szacowany czas czytania":"3 minuty"},"schema":{"@context":"https:\/\/schema.org","@graph":[{"@type":"WebPage","@id":"https:\/\/techremontas.lt\/bmw-navigacija\/","url":"https:\/\/techremontas.lt\/bmw-navigacija\/","name":"BMW navigacija - taisykla Vilniuje, Kaune, Klaip\u0117doje, \u0160iauliuose","isPartOf":{"@id":"https:\/\/techremontas.lt\/#website"},"datePublished":"2019-04-10T11:26:53+00:00","dateModified":"2019-04-10T12:43:03+00:00","description":"Mapy nawigacyjne BMW w Wilnie i Kownie w najlepszej cenie. 12 miesi\u0119cy gwarancji. Tel. 8 (655) 00790 \/ 8 (684) 09811","breadcrumb":{"@id":"https:\/\/techremontas.lt\/bmw-navigacija\/#breadcrumb"},"inLanguage":"pl-PL","potentialAction":[{"@type":"ReadAction","target":["https:\/\/techremontas.lt\/bmw-navigacija\/"]}]},{"@type":"BreadcrumbList","@id":"https:\/\/techremontas.lt\/bmw-navigacija\/#breadcrumb","itemListElement":[{"@type":"ListItem","position":1,"name":"Pagrindinis","item":"https:\/\/techremontas.lt\/"},{"@type":"ListItem","position":2,"name":"BMW navigacija"}]},{"@type":"WebSite","@id":"https:\/\/techremontas.lt\/#website","url":"https:\/\/techremontas.lt\/","name":"taisykla Vilniuje, Kaune, Klaip\u0117doje, \u0160iauliuose","description":"Serwis nowoczesnych urz\u0105dze\u0144 elektrycznych","potentialAction":[{"@type":"SearchAction","target":{"@type":"EntryPoint","urlTemplate":"https:\/\/techremontas.lt\/?s={search_term_string}"},"query-input":{"@type":"PropertyValueSpecification","valueRequired":true,"valueName":"search_term_string"}}],"inLanguage":"pl-PL"}]}},"uagb_featured_image_src":{"full":false,"thumbnail":false,"medium":false,"medium_large":false,"large":false,"1536x1536":false,"2048x2048":false,"trp-custom-language-flag":false,"post-thumbnail":false,"vantage-thumbnail-no-sidebar":false,"vantage-slide":false,"vantage-carousel":false,"vantage-grid-loop":false},"uagb_author_info":{"display_name":"valdymas","author_link":"https:\/\/techremontas.lt\/pl\/author\/valdymas\/"},"uagb_comment_info":0,"uagb_excerpt":"BMW navigacijos \u017eem\u0117lapiai (CIC Premium \/ CIC-MID Business Motion \/ Champ2 Business Move \/ NBT Next HU-H) Lietuva (detalus), Vokietija, Austrija, Andora, Belgija, \u0160veicarija, \u010cekija, Danija, Ispanija, Pranc\u016bzija, Suomija, Lichten\u0161teinas, Jungtin\u0117 Karalyst\u0117, Graikija, Airija, Italija, Liuksemburgas, Monakas, Norvegija, Nyderlandai, Portugalija, San Marinas, \u0160vedija, Vatikanas, Rusija, Lenkija, Vengrija, Kroatija, Slov\u0117nija, Baltarusija, Estija, Latvija. BMW 1 E81,&hellip;","_links":{"self":[{"href":"https:\/\/techremontas.lt\/pl\/wp-json\/wp\/v2\/pages\/267","targetHints":{"allow":["GET"]}}],"collection":[{"href":"https:\/\/techremontas.lt\/pl\/wp-json\/wp\/v2\/pages"}],"about":[{"href":"https:\/\/techremontas.lt\/pl\/wp-json\/wp\/v2\/types\/page"}],"author":[{"embeddable":true,"href":"https:\/\/techremontas.lt\/pl\/wp-json\/wp\/v2\/users\/1"}],"replies":[{"embeddable":true,"href":"https:\/\/techremontas.lt\/pl\/wp-json\/wp\/v2\/comments?post=267"}],"version-history":[{"count":8,"href":"https:\/\/techremontas.lt\/pl\/wp-json\/wp\/v2\/pages\/267\/revisions"}],"predecessor-version":[{"id":280,"href":"https:\/\/techremontas.lt\/pl\/wp-json\/wp\/v2\/pages\/267\/revisions\/280"}],"wp:attachment":[{"href":"https:\/\/techremontas.lt\/pl\/wp-json\/wp\/v2\/media?parent=267"}],"curies":[{"name":"wp","href":"https:\/\/api.w.org\/{rel}","templated":true}]}}