{"id":281,"date":"2019-04-10T11:18:56","date_gmt":"2019-04-10T13:18:56","guid":{"rendered":"https:\/\/techremontas.lt\/?page_id=281"},"modified":"2019-04-11T05:59:41","modified_gmt":"2019-04-11T07:59:41","slug":"citroen-navigacija","status":"publish","type":"page","link":"https:\/\/techremontas.lt\/pl\/citroen-navigacija\/","title":{"rendered":"Nawigacja Citroen"},"content":{"rendered":"\n<h2 class=\"wp-block-heading\"><strong>CITROENT navigacijos \u017eem\u0117lapiai (eMyWay RT6, SMEG, SMEG+, SMEG6)<\/strong> <\/h2>\n\n\n<p>Airija, Albanija, Andora, Austrija, Belgija, Bosnija ir Hercegovina, Bulgarija, \u010cekija, Danija, D.Britanija, Estija, Gibraltaras, Graikija, Ispanija, Italija, Kroatija, Lichten\u0161teinas, Latvija, Lenkija, <strong>Lietuva (detalus)<\/strong>, Liuksemburgas, Makedonija, Moldavija, Monakas, Norvegija, Olandija, Portugalija, Pranc\u016bzija, Rumunija, San Marinas, Serbija, Slovakija, Slov\u0117nija, Suomija, \u0160vedija, \u0160veicarija, Vatikanas, Vengrija, Vokietija. <\/p>\n<p><em>Citroen C3 \/ DS3 [2011-2015] <br>Citroen C3 Picasso [2012-2015] <br>Citroen DS3 Cabrio [2012-2013] <br>Citroen C4 [2011-2015] <br>Citroen C4 Picasso [2011-2013] <br>Citroen DS4 [2011-2015] <br>Citroen C5 [2011-2015] <br>Citroen DS5 [2010-2015] <br>Citroen C8 [2012-2014] <br>Citroen Berlingo [2012-2015] <br>Citroen Jumpy [2011-2015] <\/em><\/p>\n<p>Garantija 12 m\u0117n. | Vilniuje ir Kaune | Geriausia kaina<\/p>\n<hr>\n\n\n<h2 class=\"wp-block-heading\"><strong>CITROEN navigacijos \u017eem\u0117lapiai MyWay (WipNav) <\/strong><\/h2>\n\n\n<p>Airija, Albanija, Andora, Austrija, Belgija, Bosnija ir Hercegovina, Bulgarija, \u010cekija, Danija, D.Britanija, Estija, Gibraltaras, Graikija, Ispanija, Italija, Kroatija, Lichten\u0161teinas, Latvija, Lenkija, <strong>Lietuva (detalus)<\/strong>, Liuksemburgas, Makedonija, Moldavija, Monakas, Norvegija, Olandija, Portugalija, Pranc\u016bzija, Rumunija, San Marinas, Serbija, Slovakija, Slov\u0117nija, Suomija, \u0160vedija, \u0160veicarija, Vatikanas, Vengrija, Vokietija.<\/p>\n<p><em>Citroen C3 [nuo 2009.12] <br>Citroen DS3 [nuo 2010.02] <br>Citroen C3\/C4 Picasso [nuo 2009.01] <br>Citroen C4\/C5\/C8 [nuo 2009.01]<br>Citroen Berlingo [nuo 2009.01] <br>Citroen Jumpy [nuo 2009.01] <\/em><\/p>\n<p>Garantija 12 m\u0117n. | Vilniuje ir Kaune | Geriausia kaina<\/p>\n<hr>\n\n\n<h2 class=\"wp-block-heading\"><strong>CITROEN navigacijos \u017eem\u0117lapiai (WipCom 3D NaviDrive) <\/strong><\/h2>\n\n\n<p>Airija, Albanija, Andora, Austrija, Belgija, Bosnija ir Hercegovina, Bulgarija, \u010cekija, Danija, D.Britanija, Estija, Gibraltaras, Graikija, Ispanija, Italija, Kroatija, Lichten\u0161teinas, Latvija, Lenkija, <strong>Lietuva (detalus)<\/strong>, Liuksemburgas, Makedonija, Moldavija, Monakas, Norvegija, Olandija, Portugalija, Pranc\u016bzija, Rumunija, San Marinas, Serbija, Slovakija, Slov\u0117nija, Suomija, \u0160vedija, \u0160veicarija, Vatikanas, Vengrija, Vokietija. <\/p>\n<p><em>C5 nuo 2009 m. <\/em><\/p>\n<p>Garantija 12 m\u0117n. | Vilniuje ir Kaune | Geriausia kaina<\/p>\n<hr>\n\n\n<h2 class=\"wp-block-heading\"><strong>CITROEN navigacijos \u017eem\u0117lapiai (NaviDrive HDD \/Mitsubishi MMCS)<\/strong> <\/h2>\n\n\n<p>Airija, Albanija, Andora, Austrija, Belgija, Bosnija ir Hercegovina, Bulgarija, \u010cekija, Danija, D.Britanija, Estija, Graikija, Ispanija, Italija, Kroatija, Lichten\u0161teinas, Latvija, Lenkija, <strong>Lietuva (detalus)<\/strong>, Liuksemburgas, Makedonija, Moldavija, Monakas, Norvegija, Olandija, Portugalija, Pranc\u016bzija, Rumunija, San Marinas, Serbija, Slovakija, Slov\u0117nija, Suomija, \u0160vedija, \u0160veicarija, Vatikanas, Vengrija, Vokietija. <\/p>\n<p><em>C5 nuo 2009 m.<\/em><\/p>\n<p>Garantija 12 m\u0117n. | Vilniuje ir Kaune | Geriausia kaina<\/p>\n<hr>\n\n\n<h2 class=\"wp-block-heading\"><strong>CITROEN navigacijos \u017eem\u0117lapiai (NaviDrive WIP Com &#8211; Connect Com RT4-RT5) <\/strong><\/h2>\n\n\n\n<p><p>CD 1 \u2013 Pranc\u016bzija <br>CD 2 \u2013 Ispanija, Portugalija<br>CD 3 \u2013 Italija<br>CD 4 \u2013 Belgija, Olandija, Liuksemburgas<br>CD 5 \u2013 Austrija, \u0160veicarija, p. Vokietija, \u0161. Italija<br>CD 6 \u2013 Vokietija<br>CD 7 \u2013 D.Britanija, Airija<br>CD 8 \u2013 Skandinavija<br>CD 9 \u2013 \u010cekija, Lenkija, Slovakija, Slov\u0117nija, Vengrija<br>CD 10 \u2013 Estija, Latvija,<strong>Lietuva (detalus)<\/strong>,Baltarusija, Ukraina<br>CD 11 \u2013 Albanija, Bosnija-Hercegovina, Graikija, Juodkalnija, Kroatija, Makedonija, Rumunija, Serbija. <br> <br>C4 2007.04-2008 \/ C4 Picasso nuo 2007.07<br>C5 2006.12-2008.02 \/ C5 New 2008.04-2010<br>C6 nuo 2006.12<br>C8 nuo 2007.07<br>Jumper nuo 2007.07 <br><br>Garantija 12 m\u0117n. | Vilniuje ir Kaune | Geriausia kaina<\/p><hr><\/p>\n\n\n\n<h2 class=\"wp-block-heading\"><strong>CITROEN navigacijos \u017eem\u0117lapiai (NaviDrive RT3) <\/strong><\/h2>\n\n\n<p>CD 1 \u2013 Pranc\u016bzija <br>CD 2 \u2013 Ispanija, Portugalija<br>CD 3 \u2013 Italija<br>CD 4 \u2013 Belgija, Olandija, Liuksemburgas<br>CD 5 \u2013 Austrija, \u0160veicarija, p. Vokietija, \u0161. Italija<br>CD 6 \u2013 Vokietija<br>CD 7 \u2013 D.Britanija, Airija<br>CD 8 \u2013 Skandinavija<br>CD 9 \u2013 \u010cekija, Lenkija, Slovakija, Slov\u0117nija, Vengrija<br>CD 10 \u2013 Estija, Latvija,<strong>Lietuva (detalus)<\/strong>,Baltarusija, Ukraina<br>CD 11 \u2013 Albanija, Bosnija-Hercegovina, Graikija, Juodkalnija, Kroatija, Makedonija, Rumunija, Serbija. <\/p>\n<p><em>C2 2003-2008<\/em><br><em>C3 2003-2008<\/em><br><em>C4 2004-2008 \/ C4 Picasso 2006-2007<\/em><br><em>C5 2003.06-2006.11<\/em><br><em>C6 iki 2006.11<\/em><br><em>C8 2001.06-2007.06 <strong><br><\/strong>Jumper 2006-2007.06<\/em> <\/p>\n<p>Garantija 12 m\u0117n. | Vilniuje ir Kaune | Geriausia kaina<\/p>\n<hr>\n\n\n<h2 class=\"wp-block-heading\"><strong>CITROEN navigacijos \u017eem\u0117lapiai (Dayton VDO CD) <\/strong><\/h2>\n\n\n\n<p><p>CD 1 \u2013 Belgija, Olandija, Liuksemburgas<br>CD 2 \u2013 Austrija, Lichten\u0161teinas, \u0160veicarija, p. Vokietija, \u0161. Italija<br>CD 3 \u2013 Ryt\u0173 Europa 1 \u2013 Estija, Latvija, <strong> Lietuva (detalus)<\/strong><br>CD 4 \u2013 Ryt\u0173 Europa 2 \u2013 Bulgarija, \u010cekija, Lenkija, Kroatija, Rumunija, Slovakija, Slov\u0117nija, Vengrija<br>CD 5 \u2013 \u0161. Pranc\u016bzija<br>CD 6 \u2013 p. Pranc\u016bzija<br>CD 7 \u2013 Vokietija<br>CD 8 \u2013 Italija, San Marinas, Vatikanas, Graikija<br>CD 9 \u2013 Danija, \u0160vedija, Suomija, Norvegija<br>CD 10 \u2013 Ispanija<br>CD 11  \u2013 Portugalija<br>CD 12 \u2013 Anglija, \u0160kotija, Airija<br>CD 13 \u2013 Europos pagrindini\u0173 keli\u0173 \u017eem\u0117lapiai. <br><br><em>GPS navigacin\u0117ms sistemoms su dideliu spalviniu ekranu CITROEN C5 iki 2003-06. <\/em><br><br>Garantija 12 m\u0117n. | Vilniuje ir Kaune | Geriausia kaina<\/p><hr><\/p>\n\n\n\n<p> <br><\/p>\n","protected":false},"excerpt":{"rendered":"<p>CITROENT navigacijos \u017eem\u0117lapiai (eMyWay RT6, SMEG, SMEG+, SMEG6) Airija, Albanija, Andora, Austrija, Belgija, Bosnija ir Hercegovina, Bulgarija, \u010cekija, Danija, D.Britanija, Estija, Gibraltaras, Graikija, Ispanija, Italija, Kroatija, Lichten\u0161teinas, Latvija, Lenkija, Lietuva (detalus), Liuksemburgas, Makedonija, Moldavija, Monakas, Norvegija, Olandija, Portugalija, Pranc\u016bzija, Rumunija, San Marinas, Serbija, Slovakija, Slov\u0117nija, Suomija, \u0160vedija, \u0160veicarija, Vatikanas, Vengrija, Vokietija. Citroen C3 \/ DS3 [&hellip;]<\/p>\n","protected":false},"author":1,"featured_media":0,"parent":0,"menu_order":0,"comment_status":"closed","ping_status":"closed","template":"","meta":{"_uag_custom_page_level_css":"","footnotes":""},"class_list":["post-281","page","type-page","status-publish","hentry","post"],"yoast_head":"<!-- This site is optimized with the Yoast SEO plugin v27.3 - https:\/\/yoast.com\/product\/yoast-seo-wordpress\/ -->\n<title>Citroen navigacija - taisykla Vilniuje, Kaune, Klaip\u0117doje, \u0160iauliuose<\/title>\n<meta name=\"description\" content=\"CITROEN navigacijos \u017eem\u0117lapiai Vilniuje ir Kaune geriausia kaina. 12 m\u0117n. garantija. Tel. nr. 8 (655) 00790 \/ 8 (684) 09811\" \/>\n<meta name=\"robots\" content=\"index, follow, max-snippet:-1, max-image-preview:large, max-video-preview:-1\" \/>\n<link rel=\"canonical\" href=\"https:\/\/techremontas.lt\/pl\/citroen-navigacija\/\" \/>\n<meta property=\"og:locale\" content=\"pl_PL\" \/>\n<meta property=\"og:type\" content=\"article\" \/>\n<meta property=\"og:title\" content=\"Citroen navigacija - taisykla Vilniuje, Kaune, Klaip\u0117doje, \u0160iauliuose\" \/>\n<meta property=\"og:description\" content=\"CITROEN navigacijos \u017eem\u0117lapiai Vilniuje ir Kaune geriausia kaina. 12 m\u0117n. garantija. Tel. nr. 8 (655) 00790 \/ 8 (684) 09811\" \/>\n<meta property=\"og:url\" content=\"https:\/\/techremontas.lt\/pl\/citroen-navigacija\/\" \/>\n<meta property=\"og:site_name\" content=\"taisykla Vilniuje, Kaune, Klaip\u0117doje, \u0160iauliuose\" \/>\n<meta property=\"article:modified_time\" content=\"2019-04-11T07:59:41+00:00\" \/>\n<meta name=\"twitter:card\" content=\"summary_large_image\" \/>\n<meta name=\"twitter:label1\" content=\"Szacowany czas czytania\" \/>\n\t<meta name=\"twitter:data1\" content=\"3 minuty\" \/>\n<script type=\"application\/ld+json\" class=\"yoast-schema-graph\">{\"@context\":\"https:\\\/\\\/schema.org\",\"@graph\":[{\"@type\":\"WebPage\",\"@id\":\"https:\\\/\\\/techremontas.lt\\\/citroen-navigacija\\\/\",\"url\":\"https:\\\/\\\/techremontas.lt\\\/citroen-navigacija\\\/\",\"name\":\"Citroen navigacija - taisykla Vilniuje, Kaune, Klaip\u0117doje, \u0160iauliuose\",\"isPartOf\":{\"@id\":\"https:\\\/\\\/techremontas.lt\\\/#website\"},\"datePublished\":\"2019-04-10T13:18:56+00:00\",\"dateModified\":\"2019-04-11T07:59:41+00:00\",\"description\":\"CITROEN navigacijos \u017eem\u0117lapiai Vilniuje ir Kaune geriausia kaina. 12 m\u0117n. garantija. Tel. nr. 8 (655) 00790 \\\/ 8 (684) 09811\",\"breadcrumb\":{\"@id\":\"https:\\\/\\\/techremontas.lt\\\/citroen-navigacija\\\/#breadcrumb\"},\"inLanguage\":\"pl-PL\",\"potentialAction\":[{\"@type\":\"ReadAction\",\"target\":[\"https:\\\/\\\/techremontas.lt\\\/citroen-navigacija\\\/\"]}]},{\"@type\":\"BreadcrumbList\",\"@id\":\"https:\\\/\\\/techremontas.lt\\\/citroen-navigacija\\\/#breadcrumb\",\"itemListElement\":[{\"@type\":\"ListItem\",\"position\":1,\"name\":\"Pagrindinis\",\"item\":\"https:\\\/\\\/techremontas.lt\\\/\"},{\"@type\":\"ListItem\",\"position\":2,\"name\":\"Citroen navigacija\"}]},{\"@type\":\"WebSite\",\"@id\":\"https:\\\/\\\/techremontas.lt\\\/#website\",\"url\":\"https:\\\/\\\/techremontas.lt\\\/\",\"name\":\"taisykla Vilniuje, Kaune, Klaip\u0117doje, \u0160iauliuose\",\"description\":\"Modernios el. technikos servisas\",\"potentialAction\":[{\"@type\":\"SearchAction\",\"target\":{\"@type\":\"EntryPoint\",\"urlTemplate\":\"https:\\\/\\\/techremontas.lt\\\/?s={search_term_string}\"},\"query-input\":{\"@type\":\"PropertyValueSpecification\",\"valueRequired\":true,\"valueName\":\"search_term_string\"}}],\"inLanguage\":\"pl-PL\"}]}<\/script>\n<!-- \/ Yoast SEO plugin. -->","yoast_head_json":{"title":"Citroen navigacija - taisykla Vilniuje, Kaune, Klaip\u0117doje, \u0160iauliuose","description":"Mapy nawigacyjne CITROEN Wilno i Kowno w najlepszej cenie. 12 miesi\u0119cy gwarancji. Tel. 8 (655) 00790 \/ 8 (684) 09811","robots":{"index":"index","follow":"follow","max-snippet":"max-snippet:-1","max-image-preview":"max-image-preview:large","max-video-preview":"max-video-preview:-1"},"canonical":"https:\/\/techremontas.lt\/pl\/citroen-navigacija\/","og_locale":"pl_PL","og_type":"article","og_title":"Citroen navigacija - taisykla Vilniuje, Kaune, Klaip\u0117doje, \u0160iauliuose","og_description":"CITROEN navigacijos \u017eem\u0117lapiai Vilniuje ir Kaune geriausia kaina. 12 m\u0117n. garantija. Tel. nr. 8 (655) 00790 \/ 8 (684) 09811","og_url":"https:\/\/techremontas.lt\/pl\/citroen-navigacija\/","og_site_name":"taisykla Vilniuje, Kaune, Klaip\u0117doje, \u0160iauliuose","article_modified_time":"2019-04-11T07:59:41+00:00","twitter_card":"summary_large_image","twitter_misc":{"Szacowany czas czytania":"3 minuty"},"schema":{"@context":"https:\/\/schema.org","@graph":[{"@type":"WebPage","@id":"https:\/\/techremontas.lt\/citroen-navigacija\/","url":"https:\/\/techremontas.lt\/citroen-navigacija\/","name":"Citroen navigacija - taisykla Vilniuje, Kaune, Klaip\u0117doje, \u0160iauliuose","isPartOf":{"@id":"https:\/\/techremontas.lt\/#website"},"datePublished":"2019-04-10T13:18:56+00:00","dateModified":"2019-04-11T07:59:41+00:00","description":"Mapy nawigacyjne CITROEN Wilno i Kowno w najlepszej cenie. 12 miesi\u0119cy gwarancji. Tel. 8 (655) 00790 \/ 8 (684) 09811","breadcrumb":{"@id":"https:\/\/techremontas.lt\/citroen-navigacija\/#breadcrumb"},"inLanguage":"pl-PL","potentialAction":[{"@type":"ReadAction","target":["https:\/\/techremontas.lt\/citroen-navigacija\/"]}]},{"@type":"BreadcrumbList","@id":"https:\/\/techremontas.lt\/citroen-navigacija\/#breadcrumb","itemListElement":[{"@type":"ListItem","position":1,"name":"Pagrindinis","item":"https:\/\/techremontas.lt\/"},{"@type":"ListItem","position":2,"name":"Citroen navigacija"}]},{"@type":"WebSite","@id":"https:\/\/techremontas.lt\/#website","url":"https:\/\/techremontas.lt\/","name":"taisykla Vilniuje, Kaune, Klaip\u0117doje, \u0160iauliuose","description":"Serwis nowoczesnych urz\u0105dze\u0144 elektrycznych","potentialAction":[{"@type":"SearchAction","target":{"@type":"EntryPoint","urlTemplate":"https:\/\/techremontas.lt\/?s={search_term_string}"},"query-input":{"@type":"PropertyValueSpecification","valueRequired":true,"valueName":"search_term_string"}}],"inLanguage":"pl-PL"}]}},"uagb_featured_image_src":{"full":false,"thumbnail":false,"medium":false,"medium_large":false,"large":false,"1536x1536":false,"2048x2048":false,"trp-custom-language-flag":false,"post-thumbnail":false,"vantage-thumbnail-no-sidebar":false,"vantage-slide":false,"vantage-carousel":false,"vantage-grid-loop":false},"uagb_author_info":{"display_name":"valdymas","author_link":"https:\/\/techremontas.lt\/pl\/author\/valdymas\/"},"uagb_comment_info":0,"uagb_excerpt":"CITROENT navigacijos \u017eem\u0117lapiai (eMyWay RT6, SMEG, SMEG+, SMEG6) Airija, Albanija, Andora, Austrija, Belgija, Bosnija ir Hercegovina, Bulgarija, \u010cekija, Danija, D.Britanija, Estija, Gibraltaras, Graikija, Ispanija, Italija, Kroatija, Lichten\u0161teinas, Latvija, Lenkija, Lietuva (detalus), Liuksemburgas, Makedonija, Moldavija, Monakas, Norvegija, Olandija, Portugalija, Pranc\u016bzija, Rumunija, San Marinas, Serbija, Slovakija, Slov\u0117nija, Suomija, \u0160vedija, \u0160veicarija, Vatikanas, Vengrija, Vokietija. Citroen C3 \/ DS3&hellip;","_links":{"self":[{"href":"https:\/\/techremontas.lt\/pl\/wp-json\/wp\/v2\/pages\/281","targetHints":{"allow":["GET"]}}],"collection":[{"href":"https:\/\/techremontas.lt\/pl\/wp-json\/wp\/v2\/pages"}],"about":[{"href":"https:\/\/techremontas.lt\/pl\/wp-json\/wp\/v2\/types\/page"}],"author":[{"embeddable":true,"href":"https:\/\/techremontas.lt\/pl\/wp-json\/wp\/v2\/users\/1"}],"replies":[{"embeddable":true,"href":"https:\/\/techremontas.lt\/pl\/wp-json\/wp\/v2\/comments?post=281"}],"version-history":[{"count":11,"href":"https:\/\/techremontas.lt\/pl\/wp-json\/wp\/v2\/pages\/281\/revisions"}],"predecessor-version":[{"id":303,"href":"https:\/\/techremontas.lt\/pl\/wp-json\/wp\/v2\/pages\/281\/revisions\/303"}],"wp:attachment":[{"href":"https:\/\/techremontas.lt\/pl\/wp-json\/wp\/v2\/media?parent=281"}],"curies":[{"name":"wp","href":"https:\/\/api.w.org\/{rel}","templated":true}]}}