{"id":300,"date":"2019-04-11T05:58:12","date_gmt":"2019-04-11T07:58:12","guid":{"rendered":"https:\/\/techremontas.lt\/?page_id=300"},"modified":"2019-04-11T06:04:44","modified_gmt":"2019-04-11T08:04:44","slug":"fiat-navigacija","status":"publish","type":"page","link":"https:\/\/techremontas.lt\/pl\/fiat-navigacija\/","title":{"rendered":"Nawigacja Fiat"},"content":{"rendered":"\n<h2 class=\"wp-block-heading\"><strong>FIAT navigacijos \u017eem\u0117lapiai (Connect G2\/DB3) <\/strong><\/h2>\n\n\n<p>CD 1 \u2013 Pranc\u016bzija <br \/>CD 2 \u2013 Ispanija, Portugalija<br \/>CD 3 \u2013 Italija<br \/>CD 4 \u2013 Belgija, Olandija, Liuksemburgas<br \/>CD 5 \u2013 Austrija, \u0160veicarija, p. Vokietija, \u0161. Italija<br \/>CD 6 \u2013 Vokietija<br \/>CD 7 \u2013 D.Britanija, Airija<br \/>CD 8 \u2013 Skandinavija<br \/>CD 9 \u2013 \u010cekija, Lenkija, Slovakija, Slov\u0117nija, Vengrija<br \/>CD 10 \u2013 Estija, Latvija,<strong> Lietuva (detalus)<\/strong>, Baltarusija, Ukraina<br \/>CD 11 \u2013 Albanija, Bosnija-Hercegovina, Graikija, Juodkalnija, Kroatija, Makedonija, Rumunija, Serbija.<br \/><br \/><em>Fiat Bravo [2007.02-2011]<\/em><br \/><em>Fiat Croma [2007-2009]<\/em><br \/><em>Fiat Idea [2008-2011]<\/em><br \/><em>Fiat Ulysse [2005-2007]<\/em> <br \/><br \/>Garantija 12 m\u0117n. | Vilniuje ir Kaune | Geriausia kaina<\/p>\n<hr \/>\n\n\n<h2 class=\"wp-block-heading\"><strong>FIAT navigacijos \u017eem\u0117lapiai (RT4\/RT5) <\/strong><\/h2>\n\n\n<p>CD 1 \u2013 Pranc\u016bzija <br \/>CD 2 \u2013 Ispanija, Portugalija<br \/>CD 3 \u2013 Italija<br \/>CD 4 \u2013 Belgija, Olandija, Liuksemburgas<br \/>CD 5 \u2013 Austrija, \u0160veicarija, p. Vokietija, \u0161. Italija<br \/>CD 6 \u2013 Vokietija<br \/>CD 7 \u2013 D.Britanija, Airija<br \/>CD 8 \u2013 Skandinavija<br \/>CD 9 \u2013 \u010cekija, Lenkija, Slovakija, Slov\u0117nija, Vengrija<br \/>CD 10 \u2013 Estija, Latvija,<strong> Lietuva (detalus)<\/strong>, Baltarusija, Ukraina<br \/>CD 11 \u2013 Albanija, Bosnija-Hercegovina, Graikija, Juodkalnija, Kroatija, Makedonija, Rumunija, Serbija. <br \/><br \/><em>Fiat Ulysse [2007-2010]<\/em><br \/><em>Fiat Scudo [2009-2013]<\/em> <br \/><br \/>Garantija 12 m\u0117n. | Vilniuje ir Kaune | Geriausia kaina<\/p>\n<hr \/>","protected":false},"excerpt":{"rendered":"<p>FIAT navigacijos \u017eem\u0117lapiai (Connect G2\/DB3) CD 1 \u2013 Pranc\u016bzija CD 2 \u2013 Ispanija, PortugalijaCD 3 \u2013 ItalijaCD 4 \u2013 Belgija, Olandija, LiuksemburgasCD 5 \u2013 Austrija, \u0160veicarija, p. Vokietija, \u0161. ItalijaCD 6 \u2013 VokietijaCD 7 \u2013 D.Britanija, AirijaCD 8 \u2013 SkandinavijaCD 9 \u2013 \u010cekija, Lenkija, Slovakija, Slov\u0117nija, VengrijaCD 10 \u2013 Estija, Latvija, Lietuva (detalus), Baltarusija, UkrainaCD [&hellip;]<\/p>\n","protected":false},"author":1,"featured_media":0,"parent":0,"menu_order":0,"comment_status":"closed","ping_status":"closed","template":"","meta":{"_uag_custom_page_level_css":"","footnotes":""},"class_list":["post-300","page","type-page","status-publish","hentry","post"],"yoast_head":"<!-- This site is optimized with the Yoast SEO plugin v27.3 - https:\/\/yoast.com\/product\/yoast-seo-wordpress\/ -->\n<title>Fiat navigacija - taisykla Vilniuje, Kaune, Klaip\u0117doje, \u0160iauliuose<\/title>\n<meta name=\"robots\" content=\"index, follow, max-snippet:-1, max-image-preview:large, max-video-preview:-1\" \/>\n<link rel=\"canonical\" href=\"https:\/\/techremontas.lt\/pl\/fiat-navigacija\/\" \/>\n<meta property=\"og:locale\" content=\"pl_PL\" \/>\n<meta property=\"og:type\" content=\"article\" \/>\n<meta property=\"og:title\" content=\"Fiat navigacija - taisykla Vilniuje, Kaune, Klaip\u0117doje, \u0160iauliuose\" \/>\n<meta property=\"og:description\" content=\"FIAT navigacijos \u017eem\u0117lapiai (Connect G2\/DB3) CD 1 \u2013 Pranc\u016bzija CD 2 \u2013 Ispanija, PortugalijaCD 3 \u2013 ItalijaCD 4 \u2013 Belgija, Olandija, LiuksemburgasCD 5 \u2013 Austrija, \u0160veicarija, p. Vokietija, \u0161. ItalijaCD 6 \u2013 VokietijaCD 7 \u2013 D.Britanija, AirijaCD 8 \u2013 SkandinavijaCD 9 \u2013 \u010cekija, Lenkija, Slovakija, Slov\u0117nija, VengrijaCD 10 \u2013 Estija, Latvija, Lietuva (detalus), Baltarusija, UkrainaCD [&hellip;]\" \/>\n<meta property=\"og:url\" content=\"https:\/\/techremontas.lt\/pl\/fiat-navigacija\/\" \/>\n<meta property=\"og:site_name\" content=\"taisykla Vilniuje, Kaune, Klaip\u0117doje, \u0160iauliuose\" \/>\n<meta property=\"article:modified_time\" content=\"2019-04-11T08:04:44+00:00\" \/>\n<meta name=\"twitter:card\" content=\"summary_large_image\" \/>\n<meta name=\"twitter:label1\" content=\"Szacowany czas czytania\" \/>\n\t<meta name=\"twitter:data1\" content=\"1 minuta\" \/>\n<script type=\"application\/ld+json\" class=\"yoast-schema-graph\">{\"@context\":\"https:\\\/\\\/schema.org\",\"@graph\":[{\"@type\":\"WebPage\",\"@id\":\"https:\\\/\\\/techremontas.lt\\\/fiat-navigacija\\\/\",\"url\":\"https:\\\/\\\/techremontas.lt\\\/fiat-navigacija\\\/\",\"name\":\"Fiat navigacija - taisykla Vilniuje, Kaune, Klaip\u0117doje, \u0160iauliuose\",\"isPartOf\":{\"@id\":\"https:\\\/\\\/techremontas.lt\\\/#website\"},\"datePublished\":\"2019-04-11T07:58:12+00:00\",\"dateModified\":\"2019-04-11T08:04:44+00:00\",\"breadcrumb\":{\"@id\":\"https:\\\/\\\/techremontas.lt\\\/fiat-navigacija\\\/#breadcrumb\"},\"inLanguage\":\"pl-PL\",\"potentialAction\":[{\"@type\":\"ReadAction\",\"target\":[\"https:\\\/\\\/techremontas.lt\\\/fiat-navigacija\\\/\"]}]},{\"@type\":\"BreadcrumbList\",\"@id\":\"https:\\\/\\\/techremontas.lt\\\/fiat-navigacija\\\/#breadcrumb\",\"itemListElement\":[{\"@type\":\"ListItem\",\"position\":1,\"name\":\"Pagrindinis\",\"item\":\"https:\\\/\\\/techremontas.lt\\\/\"},{\"@type\":\"ListItem\",\"position\":2,\"name\":\"Fiat navigacija\"}]},{\"@type\":\"WebSite\",\"@id\":\"https:\\\/\\\/techremontas.lt\\\/#website\",\"url\":\"https:\\\/\\\/techremontas.lt\\\/\",\"name\":\"taisykla Vilniuje, Kaune, Klaip\u0117doje, \u0160iauliuose\",\"description\":\"Modernios el. technikos servisas\",\"potentialAction\":[{\"@type\":\"SearchAction\",\"target\":{\"@type\":\"EntryPoint\",\"urlTemplate\":\"https:\\\/\\\/techremontas.lt\\\/?s={search_term_string}\"},\"query-input\":{\"@type\":\"PropertyValueSpecification\",\"valueRequired\":true,\"valueName\":\"search_term_string\"}}],\"inLanguage\":\"pl-PL\"}]}<\/script>\n<!-- \/ Yoast SEO plugin. -->","yoast_head_json":{"title":"Fiat navigacija - taisykla Vilniuje, Kaune, Klaip\u0117doje, \u0160iauliuose","robots":{"index":"index","follow":"follow","max-snippet":"max-snippet:-1","max-image-preview":"max-image-preview:large","max-video-preview":"max-video-preview:-1"},"canonical":"https:\/\/techremontas.lt\/pl\/fiat-navigacija\/","og_locale":"pl_PL","og_type":"article","og_title":"Fiat navigacija - taisykla Vilniuje, Kaune, Klaip\u0117doje, \u0160iauliuose","og_description":"FIAT navigacijos \u017eem\u0117lapiai (Connect G2\/DB3) CD 1 \u2013 Pranc\u016bzija CD 2 \u2013 Ispanija, PortugalijaCD 3 \u2013 ItalijaCD 4 \u2013 Belgija, Olandija, LiuksemburgasCD 5 \u2013 Austrija, \u0160veicarija, p. Vokietija, \u0161. ItalijaCD 6 \u2013 VokietijaCD 7 \u2013 D.Britanija, AirijaCD 8 \u2013 SkandinavijaCD 9 \u2013 \u010cekija, Lenkija, Slovakija, Slov\u0117nija, VengrijaCD 10 \u2013 Estija, Latvija, Lietuva (detalus), Baltarusija, UkrainaCD [&hellip;]","og_url":"https:\/\/techremontas.lt\/pl\/fiat-navigacija\/","og_site_name":"taisykla Vilniuje, Kaune, Klaip\u0117doje, \u0160iauliuose","article_modified_time":"2019-04-11T08:04:44+00:00","twitter_card":"summary_large_image","twitter_misc":{"Szacowany czas czytania":"1 minuta"},"schema":{"@context":"https:\/\/schema.org","@graph":[{"@type":"WebPage","@id":"https:\/\/techremontas.lt\/fiat-navigacija\/","url":"https:\/\/techremontas.lt\/fiat-navigacija\/","name":"Fiat navigacija - taisykla Vilniuje, Kaune, Klaip\u0117doje, \u0160iauliuose","isPartOf":{"@id":"https:\/\/techremontas.lt\/#website"},"datePublished":"2019-04-11T07:58:12+00:00","dateModified":"2019-04-11T08:04:44+00:00","breadcrumb":{"@id":"https:\/\/techremontas.lt\/fiat-navigacija\/#breadcrumb"},"inLanguage":"pl-PL","potentialAction":[{"@type":"ReadAction","target":["https:\/\/techremontas.lt\/fiat-navigacija\/"]}]},{"@type":"BreadcrumbList","@id":"https:\/\/techremontas.lt\/fiat-navigacija\/#breadcrumb","itemListElement":[{"@type":"ListItem","position":1,"name":"Pagrindinis","item":"https:\/\/techremontas.lt\/"},{"@type":"ListItem","position":2,"name":"Fiat navigacija"}]},{"@type":"WebSite","@id":"https:\/\/techremontas.lt\/#website","url":"https:\/\/techremontas.lt\/","name":"taisykla Vilniuje, Kaune, Klaip\u0117doje, \u0160iauliuose","description":"Serwis nowoczesnych urz\u0105dze\u0144 elektrycznych","potentialAction":[{"@type":"SearchAction","target":{"@type":"EntryPoint","urlTemplate":"https:\/\/techremontas.lt\/?s={search_term_string}"},"query-input":{"@type":"PropertyValueSpecification","valueRequired":true,"valueName":"search_term_string"}}],"inLanguage":"pl-PL"}]}},"uagb_featured_image_src":{"full":false,"thumbnail":false,"medium":false,"medium_large":false,"large":false,"1536x1536":false,"2048x2048":false,"trp-custom-language-flag":false,"post-thumbnail":false,"vantage-thumbnail-no-sidebar":false,"vantage-slide":false,"vantage-carousel":false,"vantage-grid-loop":false},"uagb_author_info":{"display_name":"valdymas","author_link":"https:\/\/techremontas.lt\/pl\/author\/valdymas\/"},"uagb_comment_info":0,"uagb_excerpt":"FIAT navigacijos \u017eem\u0117lapiai (Connect G2\/DB3) CD 1 \u2013 Pranc\u016bzija CD 2 \u2013 Ispanija, PortugalijaCD 3 \u2013 ItalijaCD 4 \u2013 Belgija, Olandija, LiuksemburgasCD 5 \u2013 Austrija, \u0160veicarija, p. Vokietija, \u0161. ItalijaCD 6 \u2013 VokietijaCD 7 \u2013 D.Britanija, AirijaCD 8 \u2013 SkandinavijaCD 9 \u2013 \u010cekija, Lenkija, Slovakija, Slov\u0117nija, VengrijaCD 10 \u2013 Estija, Latvija, Lietuva (detalus), Baltarusija, UkrainaCD&hellip;","_links":{"self":[{"href":"https:\/\/techremontas.lt\/pl\/wp-json\/wp\/v2\/pages\/300","targetHints":{"allow":["GET"]}}],"collection":[{"href":"https:\/\/techremontas.lt\/pl\/wp-json\/wp\/v2\/pages"}],"about":[{"href":"https:\/\/techremontas.lt\/pl\/wp-json\/wp\/v2\/types\/page"}],"author":[{"embeddable":true,"href":"https:\/\/techremontas.lt\/pl\/wp-json\/wp\/v2\/users\/1"}],"replies":[{"embeddable":true,"href":"https:\/\/techremontas.lt\/pl\/wp-json\/wp\/v2\/comments?post=300"}],"version-history":[{"count":6,"href":"https:\/\/techremontas.lt\/pl\/wp-json\/wp\/v2\/pages\/300\/revisions"}],"predecessor-version":[{"id":308,"href":"https:\/\/techremontas.lt\/pl\/wp-json\/wp\/v2\/pages\/300\/revisions\/308"}],"wp:attachment":[{"href":"https:\/\/techremontas.lt\/pl\/wp-json\/wp\/v2\/media?parent=300"}],"curies":[{"name":"wp","href":"https:\/\/api.w.org\/{rel}","templated":true}]}}