{"id":325,"date":"2019-04-11T07:29:43","date_gmt":"2019-04-11T09:29:43","guid":{"rendered":"https:\/\/techremontas.lt\/?page_id=325"},"modified":"2019-04-11T07:50:45","modified_gmt":"2019-04-11T09:50:45","slug":"honda-navigacija","status":"publish","type":"page","link":"https:\/\/techremontas.lt\/pl\/honda-navigacija\/","title":{"rendered":"Nawigacja Honda"},"content":{"rendered":"<h2 class=\"wp-block-heading\"><strong>Mapy nawigacyjne FORD (APN2\/APN3) <\/strong><\/h2>\n\n\n\n<p><\/p>\n\n\n\n<p><p>CD 1 - Andora, Austria, Belgia, Dania, Francja, Niemcy, Irlandia, W\u0142ochy, Liechtenstein, Luksemburg, Monako, Holandia, Portugalia, Hiszpania, San Marino, Szwajcaria, Watykan <br>CD 2<strong> <\/strong>- Austria, Bu\u0142garia, Chorwacja, Czechy, Dania, Estonia, Grecja, W\u0142ochy, \u0141otwa, Polska, <strong> Litwa (szczeg\u00f3\u0142y)<\/strong>Liechtenstein, Norwegia, Rumunia, San Marino, S\u0142owacja, S\u0142owenia, Finlandia, Szwecja, Szwajcaria, W\u0119gry, Watykan, Niemcy <br><br><em>Legenda 2006 - 2010 <br>Accord 2005.12 - 2013 <br>CR-V 2007 - 2013 <br>Civic 3dr 2006 - 2011 <br>Civic 5dr 2006 - 2011 <br>Civic 4dr (IMA) 2008 - 2011 <br>CR-Z 2010 - 2013 <br>Insight 2009 - 2013 <\/em><br><br>Gwarancja 12 miesi\u0119cy. | Wilno i Kowno | Najlepsza cena<\/p><\/p>\n\n\n\n<h2 class=\"wp-block-heading\"><strong>Mapy nawigacyjne HONDA (APN2)<\/strong><\/h2>\n\n\n<p>Austria, Belgia, Luksemburg, Dania, Francja, Niemcy, Irlandia, W\u0142ochy, Portugalia, Hiszpania, Wielka Brytania, Holandia, Norwegia, Finlandia, Andora, Monako, San Marino, Liechtenstein, Szwecja, Szwajcaria, Watykan. <br \/><br \/><em>Accord 2003 - 2005 <br \/>CR-V 2002 - 2006 <br \/>FR-V 2005 - 2009 <br \/>Stream 2004 - 2006 <br \/>Civic 3dr 2004 - 2005 <br \/>Civic 5dr 2004 - 2005 <br \/>Jazz 2002-2007 <\/em><br \/><br \/>Gwarancja 12 miesi\u0119cy. | Wilno i Kowno | Najlepsza cena<\/p>\n<hr \/>\n\n\n<h2 class=\"wp-block-heading\"><strong>Mapy nawigacyjne HONDA (Blaupunkt TravelPilot DX)<\/strong><\/h2>\n\n\n<p>CD 1 - Austria, Szwajcaria, Liechtenstein, Francja, Niemcy, W\u0142ochy + MRE <br \/>CD 2 - Belgia, Holandia, Luksemburg + europejskie mapy tranzytowe<br \/>CD 3 - Republika Czeska, <strong>Polska <\/strong> + europejskie mapy tranzytowe<br \/>CD 4 - Niemcy + europejskie mapy tranzytowe<br \/>CD 5 - W\u0142ochy, San Marino, Watykan + europejskie mapy tranzytowe<br \/>CD 6 - Finlandia, Szwecja, Norwegia, Dania + europejskie mapy tranzytowe<br \/>CD 7 - Hiszpania, Portugalia + europejskie mapy tranzytowe<br \/>CD 8 - Francja + europejskie mapy tranzytowe<br \/>CD 9 MRE - Mapy tranzytowe Europy. <br \/><br \/><em>Accord 1995-2007 <\/em><br \/><br \/>Gwarancja 12 miesi\u0119cy. | Wilno i Kowno | Najlepsza cena<\/p>\n<hr \/>\n\n\n<h2 class=\"wp-block-heading\"><strong>Mapy nawigacyjne HONDA (system nawigacji HDD)<\/strong><\/h2>\n\n\n<p>Brak aktualizacji<br \/><br \/><em>CR-V 2009 - 2011<br \/>Civic 3dr 2009 - 2011<br \/>Civic 5dr 2009 - 2011<br \/>Civic 4dr (IMA) 2009 - 2011<br \/>CR-Z 2010 - 2011<br \/>Jazz 2009 - 2011<br \/>Insight 2009 - 2011<\/em><br \/><br \/>Gwarancja 12 miesi\u0119cy. | Wilno i Kowno | Najlepsza cena<\/p>\n<hr \/>\n\n\n<h2 class=\"wp-block-heading\"><strong>Mapy nawigacyjne HONDA (system nawigacji SD)<\/strong><\/h2>\n\n\n<p>Brak aktualizacji<br \/><br \/><em>HONDA CR-V od 2012 r.<br \/>HONDA CR-Z od 2012 r.<br \/>HONDA Civic 5dr od 2012<br \/>HONDA Insight od 2012 r.<br \/>HONDA Jazz od 2012 r.<\/em><br \/><br \/>Gwarancja 12 miesi\u0119cy. | Wilno i Kowno | Najlepsza cena<\/p>\n<hr \/>\n\n\n<h2 class=\"wp-block-heading\"><strong>Mapy nawigacyjne HONDA (system nawigacji SSD)<\/strong><\/h2>\n\n\n<p>Brak aktualizacji<br \/><br \/><em>HONDA CR-V 2009 - 2012<br \/>HONDA Civic 3dr 2009 - 2012<br \/>HONDA Civic 5dr 2009 - 2012<br \/>HONDA Civic 4dr (IMA) 2009 - 2012<br \/>HONDA CR-Z 2009 - 2012<br \/>HONDA Jazz 2009 - 2012<br \/>HONDA Insight 2009 - 2012<\/em><br \/><br \/>Gwarancja 12 miesi\u0119cy. | Wilno i Kowno | Najlepsza cena<\/p>\n<hr \/>","protected":false},"excerpt":{"rendered":"<p>FORD navigacijos \u017eem\u0117lapiai (APN2\/APN3) CD 1 &#8211; Airija, Andora, Austrija, Belgija, Danija, D.Britanija, Italija, Ispanija, Lichten\u0161teinas, Liuksemburgas, Monakas, Olandija, Portugalija, Pranc\u016bzija, San Marinas, \u0160veicarija, Vatikanas, Vokietija CD 2 &#8211; Austrija, Bulgarija, \u010cekija, Danija, Estija, Graikija, Italija, Kroatija, Latvija, Lenkija, Lietuva (detalus), Lichten\u0161teinas, Norvegija, Rumunija, San Marinas, Slovakija, Slov\u0117nija, Suomija, \u0160vedija, \u0160veicarija, Vengrija, Vatikanas, Vokietija Legend [&hellip;]<\/p>\n","protected":false},"author":1,"featured_media":0,"parent":0,"menu_order":0,"comment_status":"closed","ping_status":"closed","template":"","meta":{"_uag_custom_page_level_css":"","footnotes":""},"class_list":["post-325","page","type-page","status-publish","hentry","post"],"yoast_head":"<!-- This site is optimized with the Yoast SEO plugin v27.4 - https:\/\/yoast.com\/product\/yoast-seo-wordpress\/ -->\n<title>Honda navigacija - taisykla Vilniuje, Kaune, Klaip\u0117doje, \u0160iauliuose<\/title>\n<meta name=\"description\" content=\"HONDA navigacijos \u017eem\u0117lapiai Vilniuje ir Kaune geriausia kaina. 12 m\u0117n. garantija. Tel. nr. 8 (655) 00790 \/ 8 (684) 09811\" \/>\n<meta name=\"robots\" content=\"index, follow, max-snippet:-1, max-image-preview:large, max-video-preview:-1\" \/>\n<link rel=\"canonical\" href=\"https:\/\/techremontas.lt\/pl\/honda-navigacija\/\" \/>\n<meta property=\"og:locale\" content=\"pl_PL\" \/>\n<meta property=\"og:type\" content=\"article\" \/>\n<meta property=\"og:title\" content=\"Honda navigacija - taisykla Vilniuje, Kaune, Klaip\u0117doje, \u0160iauliuose\" \/>\n<meta property=\"og:description\" content=\"HONDA navigacijos \u017eem\u0117lapiai Vilniuje ir Kaune geriausia kaina. 12 m\u0117n. garantija. Tel. nr. 8 (655) 00790 \/ 8 (684) 09811\" \/>\n<meta property=\"og:url\" content=\"https:\/\/techremontas.lt\/pl\/honda-navigacija\/\" \/>\n<meta property=\"og:site_name\" content=\"taisykla Vilniuje, Kaune, Klaip\u0117doje, \u0160iauliuose\" \/>\n<meta property=\"article:modified_time\" content=\"2019-04-11T09:50:45+00:00\" \/>\n<meta name=\"twitter:card\" content=\"summary_large_image\" \/>\n<meta name=\"twitter:label1\" content=\"Szacowany czas czytania\" \/>\n\t<meta name=\"twitter:data1\" content=\"2 minuty\" \/>\n<script type=\"application\/ld+json\" class=\"yoast-schema-graph\">{\"@context\":\"https:\\\/\\\/schema.org\",\"@graph\":[{\"@type\":\"WebPage\",\"@id\":\"https:\\\/\\\/techremontas.lt\\\/honda-navigacija\\\/\",\"url\":\"https:\\\/\\\/techremontas.lt\\\/honda-navigacija\\\/\",\"name\":\"Honda navigacija - taisykla Vilniuje, Kaune, Klaip\u0117doje, \u0160iauliuose\",\"isPartOf\":{\"@id\":\"https:\\\/\\\/techremontas.lt\\\/#website\"},\"datePublished\":\"2019-04-11T09:29:43+00:00\",\"dateModified\":\"2019-04-11T09:50:45+00:00\",\"description\":\"HONDA navigacijos \u017eem\u0117lapiai Vilniuje ir Kaune geriausia kaina. 12 m\u0117n. garantija. Tel. nr. 8 (655) 00790 \\\/ 8 (684) 09811\",\"breadcrumb\":{\"@id\":\"https:\\\/\\\/techremontas.lt\\\/honda-navigacija\\\/#breadcrumb\"},\"inLanguage\":\"pl-PL\",\"potentialAction\":[{\"@type\":\"ReadAction\",\"target\":[\"https:\\\/\\\/techremontas.lt\\\/honda-navigacija\\\/\"]}]},{\"@type\":\"BreadcrumbList\",\"@id\":\"https:\\\/\\\/techremontas.lt\\\/honda-navigacija\\\/#breadcrumb\",\"itemListElement\":[{\"@type\":\"ListItem\",\"position\":1,\"name\":\"Pagrindinis\",\"item\":\"https:\\\/\\\/techremontas.lt\\\/\"},{\"@type\":\"ListItem\",\"position\":2,\"name\":\"Honda navigacija\"}]},{\"@type\":\"WebSite\",\"@id\":\"https:\\\/\\\/techremontas.lt\\\/#website\",\"url\":\"https:\\\/\\\/techremontas.lt\\\/\",\"name\":\"taisykla Vilniuje, Kaune, Klaip\u0117doje, \u0160iauliuose\",\"description\":\"Modernios el. technikos servisas\",\"potentialAction\":[{\"@type\":\"SearchAction\",\"target\":{\"@type\":\"EntryPoint\",\"urlTemplate\":\"https:\\\/\\\/techremontas.lt\\\/?s={search_term_string}\"},\"query-input\":{\"@type\":\"PropertyValueSpecification\",\"valueRequired\":true,\"valueName\":\"search_term_string\"}}],\"inLanguage\":\"pl-PL\"}]}<\/script>\n<!-- \/ Yoast SEO plugin. -->","yoast_head_json":{"title":"Honda navigacija - taisykla Vilniuje, Kaune, Klaip\u0117doje, \u0160iauliuose","description":"Mapy nawigacyjne HONDA w Wilnie i Kownie w najlepszej cenie. 12 miesi\u0119cy gwarancji. Tel. 8 (655) 00790 \/ 8 (684) 09811","robots":{"index":"index","follow":"follow","max-snippet":"max-snippet:-1","max-image-preview":"max-image-preview:large","max-video-preview":"max-video-preview:-1"},"canonical":"https:\/\/techremontas.lt\/pl\/honda-navigacija\/","og_locale":"pl_PL","og_type":"article","og_title":"Honda navigacija - taisykla Vilniuje, Kaune, Klaip\u0117doje, \u0160iauliuose","og_description":"HONDA navigacijos \u017eem\u0117lapiai Vilniuje ir Kaune geriausia kaina. 12 m\u0117n. garantija. Tel. nr. 8 (655) 00790 \/ 8 (684) 09811","og_url":"https:\/\/techremontas.lt\/pl\/honda-navigacija\/","og_site_name":"taisykla Vilniuje, Kaune, Klaip\u0117doje, \u0160iauliuose","article_modified_time":"2019-04-11T09:50:45+00:00","twitter_card":"summary_large_image","twitter_misc":{"Szacowany czas czytania":"2 minuty"},"schema":{"@context":"https:\/\/schema.org","@graph":[{"@type":"WebPage","@id":"https:\/\/techremontas.lt\/honda-navigacija\/","url":"https:\/\/techremontas.lt\/honda-navigacija\/","name":"Honda navigacija - taisykla Vilniuje, Kaune, Klaip\u0117doje, \u0160iauliuose","isPartOf":{"@id":"https:\/\/techremontas.lt\/#website"},"datePublished":"2019-04-11T09:29:43+00:00","dateModified":"2019-04-11T09:50:45+00:00","description":"Mapy nawigacyjne HONDA w Wilnie i Kownie w najlepszej cenie. 12 miesi\u0119cy gwarancji. Tel. 8 (655) 00790 \/ 8 (684) 09811","breadcrumb":{"@id":"https:\/\/techremontas.lt\/honda-navigacija\/#breadcrumb"},"inLanguage":"pl-PL","potentialAction":[{"@type":"ReadAction","target":["https:\/\/techremontas.lt\/honda-navigacija\/"]}]},{"@type":"BreadcrumbList","@id":"https:\/\/techremontas.lt\/honda-navigacija\/#breadcrumb","itemListElement":[{"@type":"ListItem","position":1,"name":"Pagrindinis","item":"https:\/\/techremontas.lt\/"},{"@type":"ListItem","position":2,"name":"Honda navigacija"}]},{"@type":"WebSite","@id":"https:\/\/techremontas.lt\/#website","url":"https:\/\/techremontas.lt\/","name":"taisykla Vilniuje, Kaune, Klaip\u0117doje, \u0160iauliuose","description":"Serwis nowoczesnych urz\u0105dze\u0144 elektrycznych","potentialAction":[{"@type":"SearchAction","target":{"@type":"EntryPoint","urlTemplate":"https:\/\/techremontas.lt\/?s={search_term_string}"},"query-input":{"@type":"PropertyValueSpecification","valueRequired":true,"valueName":"search_term_string"}}],"inLanguage":"pl-PL"}]}},"uagb_featured_image_src":{"full":false,"thumbnail":false,"medium":false,"medium_large":false,"large":false,"1536x1536":false,"2048x2048":false,"trp-custom-language-flag":false,"post-thumbnail":false,"vantage-thumbnail-no-sidebar":false,"vantage-slide":false,"vantage-carousel":false,"vantage-grid-loop":false},"uagb_author_info":{"display_name":"valdymas","author_link":"https:\/\/techremontas.lt\/pl\/author\/valdymas\/"},"uagb_comment_info":0,"uagb_excerpt":"FORD navigacijos \u017eem\u0117lapiai (APN2\/APN3) CD 1 &#8211; Airija, Andora, Austrija, Belgija, Danija, D.Britanija, Italija, Ispanija, Lichten\u0161teinas, Liuksemburgas, Monakas, Olandija, Portugalija, Pranc\u016bzija, San Marinas, \u0160veicarija, Vatikanas, Vokietija CD 2 &#8211; Austrija, Bulgarija, \u010cekija, Danija, Estija, Graikija, Italija, Kroatija, Latvija, Lenkija, Lietuva (detalus), Lichten\u0161teinas, Norvegija, Rumunija, San Marinas, Slovakija, Slov\u0117nija, Suomija, \u0160vedija, \u0160veicarija, Vengrija, Vatikanas, Vokietija Legend&hellip;","_links":{"self":[{"href":"https:\/\/techremontas.lt\/pl\/wp-json\/wp\/v2\/pages\/325","targetHints":{"allow":["GET"]}}],"collection":[{"href":"https:\/\/techremontas.lt\/pl\/wp-json\/wp\/v2\/pages"}],"about":[{"href":"https:\/\/techremontas.lt\/pl\/wp-json\/wp\/v2\/types\/page"}],"author":[{"embeddable":true,"href":"https:\/\/techremontas.lt\/pl\/wp-json\/wp\/v2\/users\/1"}],"replies":[{"embeddable":true,"href":"https:\/\/techremontas.lt\/pl\/wp-json\/wp\/v2\/comments?post=325"}],"version-history":[{"count":7,"href":"https:\/\/techremontas.lt\/pl\/wp-json\/wp\/v2\/pages\/325\/revisions"}],"predecessor-version":[{"id":334,"href":"https:\/\/techremontas.lt\/pl\/wp-json\/wp\/v2\/pages\/325\/revisions\/334"}],"wp:attachment":[{"href":"https:\/\/techremontas.lt\/pl\/wp-json\/wp\/v2\/media?parent=325"}],"curies":[{"name":"wp","href":"https:\/\/api.w.org\/{rel}","templated":true}]}}