{"id":339,"date":"2019-04-11T10:07:38","date_gmt":"2019-04-11T12:07:38","guid":{"rendered":"https:\/\/techremontas.lt\/?page_id=339"},"modified":"2019-04-12T07:43:19","modified_gmt":"2019-04-12T09:43:19","slug":"infiniti-navigacija","status":"publish","type":"page","link":"https:\/\/techremontas.lt\/pl\/infiniti-navigacija\/","title":{"rendered":"Nawigacja Infiniti"},"content":{"rendered":"<h2 class=\"wp-block-heading\"><strong>Mapy nawigacji INFINITI (Connect Premium X7 Xanavi)<\/strong><\/h2>\n\n\n<p>Irlandia, Andora, Austria, Belgia, Bu\u0142garia, Czechy, Dania, Wielka Brytania, Estonia, Gibraltar, Grecja, Hiszpania, W\u0142ochy, Chorwacja, \u0141otwa, Liechtenstein, Polska, <strong>Litwa (szczeg\u00f3\u0142y)<\/strong>Luksemburg, Monako, Norwegia, Holandia, Portugalia, w tym Madera, Francja, Rumunia, San Marino, S\u0142owacja, S\u0142owenia, Finlandia, Szwecja, Szwajcaria, Turcja, Watykan, W\u0119gry, Niemcy. <\/p>\n<p><em>Infiniti EX \/ FX 2008-2009<br>Infiniti Skyline \/ Skyline Coupe 2008-2009<\/em> <\/p>\n<p>Gwarancja 12 miesi\u0119cy. | Wilno i Kowno | Najlepsza cena<\/p>\n<hr>\n\n\n<h2 class=\"wp-block-heading\"><strong>Mapy nawigacji INFINITI (Connect Premium X9)<\/strong><\/h2>\n\n\n<p>Irlandia, Andora, Austria, Belgia, Bu\u0142garia, Czechy, Dania, Wielka Brytania, Estonia, Gibraltar, Grecja, Hiszpania, W\u0142ochy, Chorwacja, \u0141otwa, Liechtenstein, Polska, <strong>Litwa (szczeg\u00f3\u0142y)<\/strong>Luksemburg, Monako, Norwegia, Holandia, Portugalia, w tym Madera, Francja, Rumunia, San Marino, S\u0142owacja, S\u0142owenia, Finlandia, Szwecja, Szwajcaria, Turcja, Watykan, W\u0119gry, Niemcy. <\/p>\n<p><em>EX 2008-2012<br>FX 2008-2012 <br>G Coupe 2010-2012 <br>G Sedan 2010-2012 <br>G Convertible 2010-2012<br>M 2011-2012 <br>QX56 2011-2012<\/em><\/p>\n<p>Gwarancja 12 miesi\u0119cy. | Wilno i Kowno | Najlepsza cena<\/p>\n<hr>","protected":false},"excerpt":{"rendered":"<p>INFINITI navigacijos \u017eem\u0117lapiai (Connect Premium X7 Xanavi) Airija, Andora, Austrija, Belgija, Bulgarija, \u010cekija, Danija, D.Britanija, Estija, Gibraltaras, Graikija, Ispanija, Italija, Kroatija, Latvija, Lenkija, Lichten\u0161teinas, Lietuva (detalus), Liuksemburgas, Monakas, Norvegija, Olandija, Portugalija, \u012fskaitant Madeir\u0105, Pranc\u016bzija, Rumunija, San Marinas, Slovakija, Slov\u0117nija, Suomija, \u0160vedija, \u0160veicarija, Turkija, Vatikanas, Vengrija, Vokietija. Infiniti EX \/ FX 2008-2009Infiniti Skyline \/ Skyline Coupe [&hellip;]<\/p>\n","protected":false},"author":1,"featured_media":0,"parent":0,"menu_order":0,"comment_status":"closed","ping_status":"closed","template":"","meta":{"_uag_custom_page_level_css":"","footnotes":""},"class_list":["post-339","page","type-page","status-publish","hentry","post"],"yoast_head":"<!-- This site is optimized with the Yoast SEO plugin v27.4 - https:\/\/yoast.com\/product\/yoast-seo-wordpress\/ -->\n<title>Infiniti navigacija - taisykla Vilniuje, Kaune, Klaip\u0117doje, \u0160iauliuose<\/title>\n<meta name=\"description\" content=\"INFINITI navigacijos \u017eem\u0117lapiai Vilniuje ir Kaune geriausia kaina. 12 m\u0117n. garantija. Tel. nr. 8 (655) 00790 \/ 8 (684) 09811\" \/>\n<meta name=\"robots\" content=\"index, follow, max-snippet:-1, max-image-preview:large, max-video-preview:-1\" \/>\n<link rel=\"canonical\" href=\"https:\/\/techremontas.lt\/pl\/infiniti-navigacija\/\" \/>\n<meta property=\"og:locale\" content=\"pl_PL\" \/>\n<meta property=\"og:type\" content=\"article\" \/>\n<meta property=\"og:title\" content=\"Infiniti navigacija - taisykla Vilniuje, Kaune, Klaip\u0117doje, \u0160iauliuose\" \/>\n<meta property=\"og:description\" content=\"INFINITI navigacijos \u017eem\u0117lapiai Vilniuje ir Kaune geriausia kaina. 12 m\u0117n. garantija. Tel. nr. 8 (655) 00790 \/ 8 (684) 09811\" \/>\n<meta property=\"og:url\" content=\"https:\/\/techremontas.lt\/pl\/infiniti-navigacija\/\" \/>\n<meta property=\"og:site_name\" content=\"taisykla Vilniuje, Kaune, Klaip\u0117doje, \u0160iauliuose\" \/>\n<meta property=\"article:modified_time\" content=\"2019-04-12T09:43:19+00:00\" \/>\n<meta name=\"twitter:card\" content=\"summary_large_image\" \/>\n<meta name=\"twitter:label1\" content=\"Szacowany czas czytania\" \/>\n\t<meta name=\"twitter:data1\" content=\"1 minuta\" \/>\n<script type=\"application\/ld+json\" class=\"yoast-schema-graph\">{\"@context\":\"https:\\\/\\\/schema.org\",\"@graph\":[{\"@type\":\"WebPage\",\"@id\":\"https:\\\/\\\/techremontas.lt\\\/infiniti-navigacija\\\/\",\"url\":\"https:\\\/\\\/techremontas.lt\\\/infiniti-navigacija\\\/\",\"name\":\"Infiniti navigacija - taisykla Vilniuje, Kaune, Klaip\u0117doje, \u0160iauliuose\",\"isPartOf\":{\"@id\":\"https:\\\/\\\/techremontas.lt\\\/#website\"},\"datePublished\":\"2019-04-11T12:07:38+00:00\",\"dateModified\":\"2019-04-12T09:43:19+00:00\",\"description\":\"INFINITI navigacijos \u017eem\u0117lapiai Vilniuje ir Kaune geriausia kaina. 12 m\u0117n. garantija. Tel. nr. 8 (655) 00790 \\\/ 8 (684) 09811\",\"breadcrumb\":{\"@id\":\"https:\\\/\\\/techremontas.lt\\\/infiniti-navigacija\\\/#breadcrumb\"},\"inLanguage\":\"pl-PL\",\"potentialAction\":[{\"@type\":\"ReadAction\",\"target\":[\"https:\\\/\\\/techremontas.lt\\\/infiniti-navigacija\\\/\"]}]},{\"@type\":\"BreadcrumbList\",\"@id\":\"https:\\\/\\\/techremontas.lt\\\/infiniti-navigacija\\\/#breadcrumb\",\"itemListElement\":[{\"@type\":\"ListItem\",\"position\":1,\"name\":\"Pagrindinis\",\"item\":\"https:\\\/\\\/techremontas.lt\\\/\"},{\"@type\":\"ListItem\",\"position\":2,\"name\":\"Infiniti navigacija\"}]},{\"@type\":\"WebSite\",\"@id\":\"https:\\\/\\\/techremontas.lt\\\/#website\",\"url\":\"https:\\\/\\\/techremontas.lt\\\/\",\"name\":\"taisykla Vilniuje, Kaune, Klaip\u0117doje, \u0160iauliuose\",\"description\":\"Modernios el. technikos servisas\",\"potentialAction\":[{\"@type\":\"SearchAction\",\"target\":{\"@type\":\"EntryPoint\",\"urlTemplate\":\"https:\\\/\\\/techremontas.lt\\\/?s={search_term_string}\"},\"query-input\":{\"@type\":\"PropertyValueSpecification\",\"valueRequired\":true,\"valueName\":\"search_term_string\"}}],\"inLanguage\":\"pl-PL\"}]}<\/script>\n<!-- \/ Yoast SEO plugin. -->","yoast_head_json":{"title":"Infiniti navigacija - taisykla Vilniuje, Kaune, Klaip\u0117doje, \u0160iauliuose","description":"Mapy nawigacyjne INFINITI w Wilnie i Kownie w najlepszej cenie. 12 miesi\u0119cy gwarancji. Tel. 8 (655) 00790 \/ 8 (684) 09811","robots":{"index":"index","follow":"follow","max-snippet":"max-snippet:-1","max-image-preview":"max-image-preview:large","max-video-preview":"max-video-preview:-1"},"canonical":"https:\/\/techremontas.lt\/pl\/infiniti-navigacija\/","og_locale":"pl_PL","og_type":"article","og_title":"Infiniti navigacija - taisykla Vilniuje, Kaune, Klaip\u0117doje, \u0160iauliuose","og_description":"INFINITI navigacijos \u017eem\u0117lapiai Vilniuje ir Kaune geriausia kaina. 12 m\u0117n. garantija. Tel. nr. 8 (655) 00790 \/ 8 (684) 09811","og_url":"https:\/\/techremontas.lt\/pl\/infiniti-navigacija\/","og_site_name":"taisykla Vilniuje, Kaune, Klaip\u0117doje, \u0160iauliuose","article_modified_time":"2019-04-12T09:43:19+00:00","twitter_card":"summary_large_image","twitter_misc":{"Szacowany czas czytania":"1 minuta"},"schema":{"@context":"https:\/\/schema.org","@graph":[{"@type":"WebPage","@id":"https:\/\/techremontas.lt\/infiniti-navigacija\/","url":"https:\/\/techremontas.lt\/infiniti-navigacija\/","name":"Infiniti navigacija - taisykla Vilniuje, Kaune, Klaip\u0117doje, \u0160iauliuose","isPartOf":{"@id":"https:\/\/techremontas.lt\/#website"},"datePublished":"2019-04-11T12:07:38+00:00","dateModified":"2019-04-12T09:43:19+00:00","description":"Mapy nawigacyjne INFINITI w Wilnie i Kownie w najlepszej cenie. 12 miesi\u0119cy gwarancji. Tel. 8 (655) 00790 \/ 8 (684) 09811","breadcrumb":{"@id":"https:\/\/techremontas.lt\/infiniti-navigacija\/#breadcrumb"},"inLanguage":"pl-PL","potentialAction":[{"@type":"ReadAction","target":["https:\/\/techremontas.lt\/infiniti-navigacija\/"]}]},{"@type":"BreadcrumbList","@id":"https:\/\/techremontas.lt\/infiniti-navigacija\/#breadcrumb","itemListElement":[{"@type":"ListItem","position":1,"name":"Pagrindinis","item":"https:\/\/techremontas.lt\/"},{"@type":"ListItem","position":2,"name":"Infiniti navigacija"}]},{"@type":"WebSite","@id":"https:\/\/techremontas.lt\/#website","url":"https:\/\/techremontas.lt\/","name":"taisykla Vilniuje, Kaune, Klaip\u0117doje, \u0160iauliuose","description":"Serwis nowoczesnych urz\u0105dze\u0144 elektrycznych","potentialAction":[{"@type":"SearchAction","target":{"@type":"EntryPoint","urlTemplate":"https:\/\/techremontas.lt\/?s={search_term_string}"},"query-input":{"@type":"PropertyValueSpecification","valueRequired":true,"valueName":"search_term_string"}}],"inLanguage":"pl-PL"}]}},"uagb_featured_image_src":{"full":false,"thumbnail":false,"medium":false,"medium_large":false,"large":false,"1536x1536":false,"2048x2048":false,"trp-custom-language-flag":false,"post-thumbnail":false,"vantage-thumbnail-no-sidebar":false,"vantage-slide":false,"vantage-carousel":false,"vantage-grid-loop":false},"uagb_author_info":{"display_name":"valdymas","author_link":"https:\/\/techremontas.lt\/pl\/author\/valdymas\/"},"uagb_comment_info":0,"uagb_excerpt":"INFINITI navigacijos \u017eem\u0117lapiai (Connect Premium X7 Xanavi) Airija, Andora, Austrija, Belgija, Bulgarija, \u010cekija, Danija, D.Britanija, Estija, Gibraltaras, Graikija, Ispanija, Italija, Kroatija, Latvija, Lenkija, Lichten\u0161teinas, Lietuva (detalus), Liuksemburgas, Monakas, Norvegija, Olandija, Portugalija, \u012fskaitant Madeir\u0105, Pranc\u016bzija, Rumunija, San Marinas, Slovakija, Slov\u0117nija, Suomija, \u0160vedija, \u0160veicarija, Turkija, Vatikanas, Vengrija, Vokietija. Infiniti EX \/ FX 2008-2009Infiniti Skyline \/ Skyline Coupe&hellip;","_links":{"self":[{"href":"https:\/\/techremontas.lt\/pl\/wp-json\/wp\/v2\/pages\/339","targetHints":{"allow":["GET"]}}],"collection":[{"href":"https:\/\/techremontas.lt\/pl\/wp-json\/wp\/v2\/pages"}],"about":[{"href":"https:\/\/techremontas.lt\/pl\/wp-json\/wp\/v2\/types\/page"}],"author":[{"embeddable":true,"href":"https:\/\/techremontas.lt\/pl\/wp-json\/wp\/v2\/users\/1"}],"replies":[{"embeddable":true,"href":"https:\/\/techremontas.lt\/pl\/wp-json\/wp\/v2\/comments?post=339"}],"version-history":[{"count":4,"href":"https:\/\/techremontas.lt\/pl\/wp-json\/wp\/v2\/pages\/339\/revisions"}],"predecessor-version":[{"id":518,"href":"https:\/\/techremontas.lt\/pl\/wp-json\/wp\/v2\/pages\/339\/revisions\/518"}],"wp:attachment":[{"href":"https:\/\/techremontas.lt\/pl\/wp-json\/wp\/v2\/media?parent=339"}],"curies":[{"name":"wp","href":"https:\/\/api.w.org\/{rel}","templated":true}]}}