{"id":344,"date":"2019-04-11T10:13:34","date_gmt":"2019-04-11T12:13:34","guid":{"rendered":"https:\/\/techremontas.lt\/?page_id=344"},"modified":"2019-04-11T10:16:49","modified_gmt":"2019-04-11T12:16:49","slug":"jaguar-navigacija","status":"publish","type":"page","link":"https:\/\/techremontas.lt\/pl\/jaguar-navigacija\/","title":{"rendered":"Nawigacja Jaguar"},"content":{"rendered":"<h2 class=\"wp-block-heading\"><strong>Mapy nawigacyjne JAGUAR (XF XK Denso 2.64)<\/strong><\/h2>\n\n\n<p>CD 1 - Austria, Belgia, Czechy, Dania, Finlandia, Niemcy, W\u0142ochy, Liechtenstein, Luksemburg, Norwegia, Holandia, San Marino, Szwecja, Szwajcaria, Watykan. <br \/>CD 2 - Andora, Irlandia, Wielka Brytania, Hiszpania, Monako, Portugalia, Francja <br \/>CD 3 - Andora, Belgia, Dania, Francja, Niemcy, Liechtenstein, Luksemburg, Monako, Holandia, Szwajcaria. <br \/>CD 4 - Albania, Austria, Bia\u0142oru\u015b, Bo\u015bnia i Hercegowina, Bu\u0142garia, Czechy, Estonia, Grecja, Czarnog\u00f3ra, Chorwacja, \u0141otwa, <strong>Litwa (szczeg\u00f3\u0142y)<\/strong>Polska, Macedonia, Mo\u0142dawia, Rumunia, Serbia, S\u0142owacja, S\u0142owenia, Turcja, Ukraina, W\u0119gry, Niemcy. <br \/>CD 5 - Europejska cz\u0119\u015b\u0107 Rosji. <br \/><br \/><em>Jaguar XF<br \/>Jaguar XK z 2007 r. <\/em><br \/><br \/>Gwarancja 12 miesi\u0119cy. | Wilno i Kowno | Najlepsza cena<\/p>\n<hr \/>\n\n\n<h2 class=\"wp-block-heading\"><strong>Mapy nawigacyjne JAGUAR (XJ S-Type X-Type T1000 Denso XCL)<\/strong><\/h2>\n\n\n<p>CD 1 - Europa Zachodnia. <br \/>CD 2 - Irlandia, Andora, Austria, Bia\u0142oru\u015b, Belgia, Bo\u015bnia i Hercegowina, Bu\u0142garia, Czechy, Dania, Wielka Brytania, Estonia, Gibraltar, Grecja, Hiszpania, W\u0142ochy, Czarnog\u00f3ra, Wyspy Kanaryjskie, Chorwacja, Czechy, Dania, Estonia, Gibraltar, \u0141otwa, Liechtenstein, Polska, <strong>Litwa (szczeg\u00f3\u0142y)<\/strong>Luksemburg, Macedonia, Mo\u0142dawia, Monako, Norwegia, Holandia, Portugalia, Francja, Rumunia, San Marino, Serbia, S\u0142owacja, S\u0142owenia, Finlandia, Szwecja, Szwajcaria, Ukraina, Watykan, Niemcy. <br \/><br \/><em>Jaguar X-Type z 2002 roku<br \/>Jaguar S-Type z 2003 r.<br \/>Jaguar XJ 2004 - 2009<\/em> <br \/><br \/>Gwarancja 12 miesi\u0119cy. | Wilno i Kowno | Najlepsza cena<\/p>\n<hr \/>\n\n\n<h2 class=\"wp-block-heading\"><strong>Mapy nawigacyjne JAGUAR (HDD GEN2.1 USB)<\/strong><\/h2>\n\n\n\n<p>Niemcy, Austria, Andora, Belgia, Szwajcaria, Czechy, Dania, Hiszpania, Francja, Finlandia, Liechtenstein, Wielka Brytania, Grecja, Irlandia, W\u0142ochy, Luksemburg, Monako, Norwegia, Holandia, Portugalia, San Marino, Szwecja, Watykan, Rosja, Polska, W\u0119gry, Chorwacja, S\u0142owenia, Bia\u0142oru\u015b, Estonia, <strong>Litwa (szczeg\u00f3\u0142y)<\/strong>, \u0141otwa. <br><br><em>Jaguar XJ z 2009 r.<br>Jaguar XF od 2012 r.<\/em> <br><br>Gwarancja 12 miesi\u0119cy. | Wilno i Kowno | Najlepsza cena<\/p><hr\/>","protected":false},"excerpt":{"rendered":"<p>JAGUAR navigacijos \u017eem\u0117lapiai (XF XK Denso 2.64) CD 1 &#8211; Austrija, Belgija, \u010cekija, Danija, Italija, Lichten\u0161teinas, Liuksemburgas, Norvegija, Olandija, San Marinas, Suomija, \u0160vedija, \u0160veicarija, Vatikanas, Vokietija. CD 2 &#8211; Andora, Airija, D.Britanija, Ispanija, Monakas, Portugalija, Pranc\u016bzija CD 3 &#8211; Andora, Belgija, Danija, Pranc\u016bzija, Vokietija, Lichten\u0161teinas, Liuksemburgas, Monakas, Nyderlandai, \u0160veicarija. CD 4 &#8211; Albanija, Austrija, Baltarusija, [&hellip;]<\/p>\n","protected":false},"author":1,"featured_media":0,"parent":0,"menu_order":0,"comment_status":"closed","ping_status":"closed","template":"","meta":{"_uag_custom_page_level_css":"","footnotes":""},"class_list":["post-344","page","type-page","status-publish","hentry","post"],"yoast_head":"<!-- This site is optimized with the Yoast SEO plugin v27.5 - https:\/\/yoast.com\/product\/yoast-seo-wordpress\/ -->\n<title>Jaguar navigacija - taisykla Vilniuje, Kaune, Klaip\u0117doje, \u0160iauliuose<\/title>\n<meta name=\"robots\" content=\"index, follow, max-snippet:-1, max-image-preview:large, max-video-preview:-1\" \/>\n<link rel=\"canonical\" href=\"https:\/\/techremontas.lt\/pl\/jaguar-navigacija\/\" \/>\n<meta property=\"og:locale\" content=\"pl_PL\" \/>\n<meta property=\"og:type\" content=\"article\" \/>\n<meta property=\"og:title\" content=\"Jaguar navigacija - taisykla Vilniuje, Kaune, Klaip\u0117doje, \u0160iauliuose\" \/>\n<meta property=\"og:description\" content=\"JAGUAR navigacijos \u017eem\u0117lapiai (XF XK Denso 2.64) CD 1 &#8211; Austrija, Belgija, \u010cekija, Danija, Italija, Lichten\u0161teinas, Liuksemburgas, Norvegija, Olandija, San Marinas, Suomija, \u0160vedija, \u0160veicarija, Vatikanas, Vokietija. CD 2 &#8211; Andora, Airija, D.Britanija, Ispanija, Monakas, Portugalija, Pranc\u016bzija CD 3 &#8211; Andora, Belgija, Danija, Pranc\u016bzija, Vokietija, Lichten\u0161teinas, Liuksemburgas, Monakas, Nyderlandai, \u0160veicarija. CD 4 &#8211; Albanija, Austrija, Baltarusija, [&hellip;]\" \/>\n<meta property=\"og:url\" content=\"https:\/\/techremontas.lt\/pl\/jaguar-navigacija\/\" \/>\n<meta property=\"og:site_name\" content=\"taisykla Vilniuje, Kaune, Klaip\u0117doje, \u0160iauliuose\" \/>\n<meta property=\"article:modified_time\" content=\"2019-04-11T12:16:49+00:00\" \/>\n<meta name=\"twitter:card\" content=\"summary_large_image\" \/>\n<meta name=\"twitter:label1\" content=\"Szacowany czas czytania\" \/>\n\t<meta name=\"twitter:data1\" content=\"1 minuta\" \/>\n<script type=\"application\/ld+json\" class=\"yoast-schema-graph\">{\"@context\":\"https:\\\/\\\/schema.org\",\"@graph\":[{\"@type\":\"WebPage\",\"@id\":\"https:\\\/\\\/techremontas.lt\\\/jaguar-navigacija\\\/\",\"url\":\"https:\\\/\\\/techremontas.lt\\\/jaguar-navigacija\\\/\",\"name\":\"Jaguar navigacija - taisykla Vilniuje, Kaune, Klaip\u0117doje, \u0160iauliuose\",\"isPartOf\":{\"@id\":\"https:\\\/\\\/techremontas.lt\\\/#website\"},\"datePublished\":\"2019-04-11T12:13:34+00:00\",\"dateModified\":\"2019-04-11T12:16:49+00:00\",\"breadcrumb\":{\"@id\":\"https:\\\/\\\/techremontas.lt\\\/jaguar-navigacija\\\/#breadcrumb\"},\"inLanguage\":\"pl-PL\",\"potentialAction\":[{\"@type\":\"ReadAction\",\"target\":[\"https:\\\/\\\/techremontas.lt\\\/jaguar-navigacija\\\/\"]}]},{\"@type\":\"BreadcrumbList\",\"@id\":\"https:\\\/\\\/techremontas.lt\\\/jaguar-navigacija\\\/#breadcrumb\",\"itemListElement\":[{\"@type\":\"ListItem\",\"position\":1,\"name\":\"Pagrindinis\",\"item\":\"https:\\\/\\\/techremontas.lt\\\/\"},{\"@type\":\"ListItem\",\"position\":2,\"name\":\"Jaguar navigacija\"}]},{\"@type\":\"WebSite\",\"@id\":\"https:\\\/\\\/techremontas.lt\\\/#website\",\"url\":\"https:\\\/\\\/techremontas.lt\\\/\",\"name\":\"taisykla Vilniuje, Kaune, Klaip\u0117doje, \u0160iauliuose\",\"description\":\"Modernios el. technikos servisas\",\"potentialAction\":[{\"@type\":\"SearchAction\",\"target\":{\"@type\":\"EntryPoint\",\"urlTemplate\":\"https:\\\/\\\/techremontas.lt\\\/?s={search_term_string}\"},\"query-input\":{\"@type\":\"PropertyValueSpecification\",\"valueRequired\":true,\"valueName\":\"search_term_string\"}}],\"inLanguage\":\"pl-PL\"}]}<\/script>\n<!-- \/ Yoast SEO plugin. -->","yoast_head_json":{"title":"Jaguar navigacija - taisykla Vilniuje, Kaune, Klaip\u0117doje, \u0160iauliuose","robots":{"index":"index","follow":"follow","max-snippet":"max-snippet:-1","max-image-preview":"max-image-preview:large","max-video-preview":"max-video-preview:-1"},"canonical":"https:\/\/techremontas.lt\/pl\/jaguar-navigacija\/","og_locale":"pl_PL","og_type":"article","og_title":"Jaguar navigacija - taisykla Vilniuje, Kaune, Klaip\u0117doje, \u0160iauliuose","og_description":"JAGUAR navigacijos \u017eem\u0117lapiai (XF XK Denso 2.64) CD 1 &#8211; Austrija, Belgija, \u010cekija, Danija, Italija, Lichten\u0161teinas, Liuksemburgas, Norvegija, Olandija, San Marinas, Suomija, \u0160vedija, \u0160veicarija, Vatikanas, Vokietija. CD 2 &#8211; Andora, Airija, D.Britanija, Ispanija, Monakas, Portugalija, Pranc\u016bzija CD 3 &#8211; Andora, Belgija, Danija, Pranc\u016bzija, Vokietija, Lichten\u0161teinas, Liuksemburgas, Monakas, Nyderlandai, \u0160veicarija. CD 4 &#8211; Albanija, Austrija, Baltarusija, [&hellip;]","og_url":"https:\/\/techremontas.lt\/pl\/jaguar-navigacija\/","og_site_name":"taisykla Vilniuje, Kaune, Klaip\u0117doje, \u0160iauliuose","article_modified_time":"2019-04-11T12:16:49+00:00","twitter_card":"summary_large_image","twitter_misc":{"Szacowany czas czytania":"1 minuta"},"schema":{"@context":"https:\/\/schema.org","@graph":[{"@type":"WebPage","@id":"https:\/\/techremontas.lt\/jaguar-navigacija\/","url":"https:\/\/techremontas.lt\/jaguar-navigacija\/","name":"Jaguar navigacija - taisykla Vilniuje, Kaune, Klaip\u0117doje, \u0160iauliuose","isPartOf":{"@id":"https:\/\/techremontas.lt\/#website"},"datePublished":"2019-04-11T12:13:34+00:00","dateModified":"2019-04-11T12:16:49+00:00","breadcrumb":{"@id":"https:\/\/techremontas.lt\/jaguar-navigacija\/#breadcrumb"},"inLanguage":"pl-PL","potentialAction":[{"@type":"ReadAction","target":["https:\/\/techremontas.lt\/jaguar-navigacija\/"]}]},{"@type":"BreadcrumbList","@id":"https:\/\/techremontas.lt\/jaguar-navigacija\/#breadcrumb","itemListElement":[{"@type":"ListItem","position":1,"name":"Pagrindinis","item":"https:\/\/techremontas.lt\/"},{"@type":"ListItem","position":2,"name":"Jaguar navigacija"}]},{"@type":"WebSite","@id":"https:\/\/techremontas.lt\/#website","url":"https:\/\/techremontas.lt\/","name":"taisykla Vilniuje, Kaune, Klaip\u0117doje, \u0160iauliuose","description":"Serwis nowoczesnych urz\u0105dze\u0144 elektrycznych","potentialAction":[{"@type":"SearchAction","target":{"@type":"EntryPoint","urlTemplate":"https:\/\/techremontas.lt\/?s={search_term_string}"},"query-input":{"@type":"PropertyValueSpecification","valueRequired":true,"valueName":"search_term_string"}}],"inLanguage":"pl-PL"}]}},"uagb_featured_image_src":{"full":false,"thumbnail":false,"medium":false,"medium_large":false,"large":false,"1536x1536":false,"2048x2048":false,"trp-custom-language-flag":false,"post-thumbnail":false,"vantage-thumbnail-no-sidebar":false,"vantage-slide":false,"vantage-carousel":false,"vantage-grid-loop":false},"uagb_author_info":{"display_name":"valdymas","author_link":"https:\/\/techremontas.lt\/pl\/author\/valdymas\/"},"uagb_comment_info":0,"uagb_excerpt":"JAGUAR navigacijos \u017eem\u0117lapiai (XF XK Denso 2.64) CD 1 &#8211; Austrija, Belgija, \u010cekija, Danija, Italija, Lichten\u0161teinas, Liuksemburgas, Norvegija, Olandija, San Marinas, Suomija, \u0160vedija, \u0160veicarija, Vatikanas, Vokietija. CD 2 &#8211; Andora, Airija, D.Britanija, Ispanija, Monakas, Portugalija, Pranc\u016bzija CD 3 &#8211; Andora, Belgija, Danija, Pranc\u016bzija, Vokietija, Lichten\u0161teinas, Liuksemburgas, Monakas, Nyderlandai, \u0160veicarija. CD 4 &#8211; Albanija, Austrija, Baltarusija,&hellip;","_links":{"self":[{"href":"https:\/\/techremontas.lt\/pl\/wp-json\/wp\/v2\/pages\/344","targetHints":{"allow":["GET"]}}],"collection":[{"href":"https:\/\/techremontas.lt\/pl\/wp-json\/wp\/v2\/pages"}],"about":[{"href":"https:\/\/techremontas.lt\/pl\/wp-json\/wp\/v2\/types\/page"}],"author":[{"embeddable":true,"href":"https:\/\/techremontas.lt\/pl\/wp-json\/wp\/v2\/users\/1"}],"replies":[{"embeddable":true,"href":"https:\/\/techremontas.lt\/pl\/wp-json\/wp\/v2\/comments?post=344"}],"version-history":[{"count":3,"href":"https:\/\/techremontas.lt\/pl\/wp-json\/wp\/v2\/pages\/344\/revisions"}],"predecessor-version":[{"id":347,"href":"https:\/\/techremontas.lt\/pl\/wp-json\/wp\/v2\/pages\/344\/revisions\/347"}],"wp:attachment":[{"href":"https:\/\/techremontas.lt\/pl\/wp-json\/wp\/v2\/media?parent=344"}],"curies":[{"name":"wp","href":"https:\/\/api.w.org\/{rel}","templated":true}]}}