{"id":349,"date":"2019-04-11T10:18:57","date_gmt":"2019-04-11T12:18:57","guid":{"rendered":"https:\/\/techremontas.lt\/?page_id=349"},"modified":"2019-04-11T10:22:42","modified_gmt":"2019-04-11T12:22:42","slug":"kia-navigacija","status":"publish","type":"page","link":"https:\/\/techremontas.lt\/pl\/kia-navigacija\/","title":{"rendered":"Nawigacja Kia"},"content":{"rendered":"<h2 class=\"wp-block-heading\"><strong>Mapy nawigacji KIA (AVN USB)<\/strong><\/h2>\n\n\n<p>Irlandia, Andora, Austria, Belgia, Czechy, Dania, Wielka Brytania, Estonia, Gibraltar, Grecja, Hiszpania, W\u0142ochy, Chorwacja, Liechtenstein, \u0141otwa, Polska, <strong>Litwa (szczeg\u00f3\u0142y)<\/strong>Luksemburg, Monako, Norwegia, Holandia, Portugalia, Francja, Rosja, San Marino, S\u0142owacja, S\u0142owenia, Finlandia, Szwecja, Szwajcaria, Watykan, W\u0119gry, Niemcy. <br \/><em><br \/>Kia ceed od 2009 r.<br \/>Kia Rio<br \/>Kia Sorento od 2010 r.<br \/>Kia Sportage od 2010 r.<br \/>Kia Venga od 2009 r. <\/em><br \/><br \/>Gwarancja 12 miesi\u0119cy. | Wilno i Kowno | Najlepsza cena<\/p>\n<hr \/>\n\n\n<h2 class=\"wp-block-heading\"><strong>Mapy nawigacyjne KIA (\"zakr\u0119t po zakr\u0119cie\")<\/strong><\/h2>\n\n\n<p>CD 1 - Belgia, Holandia, Luksemburg<br \/>CD 2 - Austria, Liechtenstein, Szwajcaria, Niemcy, sh. W\u0142ochy<br \/>CD 3 - Europa Wschodnia 1 - Estonia, \u0141otwa, <strong> Litwa (szczeg\u00f3\u0142y)<\/strong><br \/>CD 4 - Europa Wschodnia 2 - Bu\u0142garia, Chorwacja, Czechy, W\u0119gry, Polska, Rumunia, S\u0142owacja, S\u0142owenia<br \/>CD 5 - sh. Francja<br \/>CD 6 - p. Francja<br \/>CD 7 - Niemcy<br \/>CD 8 - W\u0142ochy, San Marino, Watykan, Grecja<br \/>CD 9 - Dania, Szwecja, Finlandia, Norwegia<br \/>CD 10 - Hiszpania<br \/>CD 11 - Portugalia<br \/>CD 12 - Anglia, Szkocja, Irlandia<br \/>CD 13 - Mapy g\u0142\u00f3wnych dr\u00f3g w Europie. <br \/><br \/><em>W r\u00f3\u017cnych samochodach KIA do 2010 roku.<\/em> <br \/><br \/>Gwarancja 12 miesi\u0119cy. | Wilno i Kowno | Najlepsza cena<\/p>\n<hr \/>\n\n\n<h2 class=\"wp-block-heading\"><strong>Mapy nawigacji KIA (Sportage)<\/strong><\/h2>\n\n\n\n<p>Albania, Andora, Austria, Bia\u0142oru\u015b, Bo\u015bnia i Hercegowina, Bu\u0142garia, Chorwacja, Republika Czeska, Dania, Estonia, Finlandia, Francja, Niemcy, Gibraltar, Grecja, W\u0119gry, Islandia, Irlandia, W\u0142ochy, \u0141otwa, Liechtenstein,  <strong> Litwa<\/strong>, Luksemburg, Mo\u0142dawia, Monako, Holandia (Niderlandy), Norwegia, Polska, Portugalia, Rumunia, Rosja, San Marino, Serbia, S\u0142owacja, S\u0142owenia, Hiszpania, Szwecja, Szwajcaria, Turcja, Ukraina, Wielka Brytania, Watykan. <br><br><em>KIA Sportage od 2010 r.<\/em> <br><br>Gwarancja 12 miesi\u0119cy. | Wilno i Kowno | Najlepsza cena<\/p><hr\/>","protected":false},"excerpt":{"rendered":"<p>KIA navigacijos \u017eem\u0117lapiai (AVN USB) Airija, Andora, Austrija, Belgija, \u010cekija, Danija, D. Britanija, Estija, Gibraltaras, Graikija, Ispanija, Italija, Kroatija, Lichten\u0161teinas, Latvija, Lenkija, Lietuva (detalus), Liuksemburgas, Monakas, Norvegija, Olandija, Portugalija, Pranc\u016bzija, Rusija, San Marinas, Slovakija, Slov\u0117nija, Suomija, \u0160vedija, \u0160veicarija, Vatikanas, Vengrija, Vokietija. Kia ceed nuo 2009Kia RioKia Sorento nuo 2010Kia Sportage nuo 2010Kia Venga nuo 2009 [&hellip;]<\/p>\n","protected":false},"author":1,"featured_media":0,"parent":0,"menu_order":0,"comment_status":"closed","ping_status":"closed","template":"","meta":{"_uag_custom_page_level_css":"","footnotes":""},"class_list":["post-349","page","type-page","status-publish","hentry","post"],"yoast_head":"<!-- This site is optimized with the Yoast SEO plugin v27.5 - https:\/\/yoast.com\/product\/yoast-seo-wordpress\/ -->\n<title>Kia navigacija - taisykla Vilniuje, Kaune, Klaip\u0117doje, \u0160iauliuose<\/title>\n<meta name=\"description\" content=\"KIA navigacijos \u017eem\u0117lapiai Vilniuje ir Kaune geriausia kaina. 12 m\u0117n. garantija. Tel. nr. 8 (655) 00790 \/ 8 (684) 09811\" \/>\n<meta name=\"robots\" content=\"index, follow, max-snippet:-1, max-image-preview:large, max-video-preview:-1\" \/>\n<link rel=\"canonical\" href=\"https:\/\/techremontas.lt\/pl\/kia-navigacija\/\" \/>\n<meta property=\"og:locale\" content=\"pl_PL\" \/>\n<meta property=\"og:type\" content=\"article\" \/>\n<meta property=\"og:title\" content=\"Kia navigacija - taisykla Vilniuje, Kaune, Klaip\u0117doje, \u0160iauliuose\" \/>\n<meta property=\"og:description\" content=\"KIA navigacijos \u017eem\u0117lapiai Vilniuje ir Kaune geriausia kaina. 12 m\u0117n. garantija. Tel. nr. 8 (655) 00790 \/ 8 (684) 09811\" \/>\n<meta property=\"og:url\" content=\"https:\/\/techremontas.lt\/pl\/kia-navigacija\/\" \/>\n<meta property=\"og:site_name\" content=\"taisykla Vilniuje, Kaune, Klaip\u0117doje, \u0160iauliuose\" \/>\n<meta property=\"article:modified_time\" content=\"2019-04-11T12:22:42+00:00\" \/>\n<meta name=\"twitter:card\" content=\"summary_large_image\" \/>\n<meta name=\"twitter:label1\" content=\"Szacowany czas czytania\" \/>\n\t<meta name=\"twitter:data1\" content=\"1 minuta\" \/>\n<script type=\"application\/ld+json\" class=\"yoast-schema-graph\">{\"@context\":\"https:\\\/\\\/schema.org\",\"@graph\":[{\"@type\":\"WebPage\",\"@id\":\"https:\\\/\\\/techremontas.lt\\\/kia-navigacija\\\/\",\"url\":\"https:\\\/\\\/techremontas.lt\\\/kia-navigacija\\\/\",\"name\":\"Kia navigacija - taisykla Vilniuje, Kaune, Klaip\u0117doje, \u0160iauliuose\",\"isPartOf\":{\"@id\":\"https:\\\/\\\/techremontas.lt\\\/#website\"},\"datePublished\":\"2019-04-11T12:18:57+00:00\",\"dateModified\":\"2019-04-11T12:22:42+00:00\",\"description\":\"KIA navigacijos \u017eem\u0117lapiai Vilniuje ir Kaune geriausia kaina. 12 m\u0117n. garantija. Tel. nr. 8 (655) 00790 \\\/ 8 (684) 09811\",\"breadcrumb\":{\"@id\":\"https:\\\/\\\/techremontas.lt\\\/kia-navigacija\\\/#breadcrumb\"},\"inLanguage\":\"pl-PL\",\"potentialAction\":[{\"@type\":\"ReadAction\",\"target\":[\"https:\\\/\\\/techremontas.lt\\\/kia-navigacija\\\/\"]}]},{\"@type\":\"BreadcrumbList\",\"@id\":\"https:\\\/\\\/techremontas.lt\\\/kia-navigacija\\\/#breadcrumb\",\"itemListElement\":[{\"@type\":\"ListItem\",\"position\":1,\"name\":\"Pagrindinis\",\"item\":\"https:\\\/\\\/techremontas.lt\\\/\"},{\"@type\":\"ListItem\",\"position\":2,\"name\":\"Kia navigacija\"}]},{\"@type\":\"WebSite\",\"@id\":\"https:\\\/\\\/techremontas.lt\\\/#website\",\"url\":\"https:\\\/\\\/techremontas.lt\\\/\",\"name\":\"taisykla Vilniuje, Kaune, Klaip\u0117doje, \u0160iauliuose\",\"description\":\"Modernios el. technikos servisas\",\"potentialAction\":[{\"@type\":\"SearchAction\",\"target\":{\"@type\":\"EntryPoint\",\"urlTemplate\":\"https:\\\/\\\/techremontas.lt\\\/?s={search_term_string}\"},\"query-input\":{\"@type\":\"PropertyValueSpecification\",\"valueRequired\":true,\"valueName\":\"search_term_string\"}}],\"inLanguage\":\"pl-PL\"}]}<\/script>\n<!-- \/ Yoast SEO plugin. -->","yoast_head_json":{"title":"Kia navigacija - taisykla Vilniuje, Kaune, Klaip\u0117doje, \u0160iauliuose","description":"Mapy nawigacyjne KIA w Wilnie i Kownie w najlepszej cenie. 12 miesi\u0119cy gwarancji. Tel. 8 (655) 00790 \/ 8 (684) 09811","robots":{"index":"index","follow":"follow","max-snippet":"max-snippet:-1","max-image-preview":"max-image-preview:large","max-video-preview":"max-video-preview:-1"},"canonical":"https:\/\/techremontas.lt\/pl\/kia-navigacija\/","og_locale":"pl_PL","og_type":"article","og_title":"Kia navigacija - taisykla Vilniuje, Kaune, Klaip\u0117doje, \u0160iauliuose","og_description":"KIA navigacijos \u017eem\u0117lapiai Vilniuje ir Kaune geriausia kaina. 12 m\u0117n. garantija. Tel. nr. 8 (655) 00790 \/ 8 (684) 09811","og_url":"https:\/\/techremontas.lt\/pl\/kia-navigacija\/","og_site_name":"taisykla Vilniuje, Kaune, Klaip\u0117doje, \u0160iauliuose","article_modified_time":"2019-04-11T12:22:42+00:00","twitter_card":"summary_large_image","twitter_misc":{"Szacowany czas czytania":"1 minuta"},"schema":{"@context":"https:\/\/schema.org","@graph":[{"@type":"WebPage","@id":"https:\/\/techremontas.lt\/kia-navigacija\/","url":"https:\/\/techremontas.lt\/kia-navigacija\/","name":"Kia navigacija - taisykla Vilniuje, Kaune, Klaip\u0117doje, \u0160iauliuose","isPartOf":{"@id":"https:\/\/techremontas.lt\/#website"},"datePublished":"2019-04-11T12:18:57+00:00","dateModified":"2019-04-11T12:22:42+00:00","description":"Mapy nawigacyjne KIA w Wilnie i Kownie w najlepszej cenie. 12 miesi\u0119cy gwarancji. Tel. 8 (655) 00790 \/ 8 (684) 09811","breadcrumb":{"@id":"https:\/\/techremontas.lt\/kia-navigacija\/#breadcrumb"},"inLanguage":"pl-PL","potentialAction":[{"@type":"ReadAction","target":["https:\/\/techremontas.lt\/kia-navigacija\/"]}]},{"@type":"BreadcrumbList","@id":"https:\/\/techremontas.lt\/kia-navigacija\/#breadcrumb","itemListElement":[{"@type":"ListItem","position":1,"name":"Pagrindinis","item":"https:\/\/techremontas.lt\/"},{"@type":"ListItem","position":2,"name":"Kia navigacija"}]},{"@type":"WebSite","@id":"https:\/\/techremontas.lt\/#website","url":"https:\/\/techremontas.lt\/","name":"taisykla Vilniuje, Kaune, Klaip\u0117doje, \u0160iauliuose","description":"Serwis nowoczesnych urz\u0105dze\u0144 elektrycznych","potentialAction":[{"@type":"SearchAction","target":{"@type":"EntryPoint","urlTemplate":"https:\/\/techremontas.lt\/?s={search_term_string}"},"query-input":{"@type":"PropertyValueSpecification","valueRequired":true,"valueName":"search_term_string"}}],"inLanguage":"pl-PL"}]}},"uagb_featured_image_src":{"full":false,"thumbnail":false,"medium":false,"medium_large":false,"large":false,"1536x1536":false,"2048x2048":false,"trp-custom-language-flag":false,"post-thumbnail":false,"vantage-thumbnail-no-sidebar":false,"vantage-slide":false,"vantage-carousel":false,"vantage-grid-loop":false},"uagb_author_info":{"display_name":"valdymas","author_link":"https:\/\/techremontas.lt\/pl\/author\/valdymas\/"},"uagb_comment_info":0,"uagb_excerpt":"KIA navigacijos \u017eem\u0117lapiai (AVN USB) Airija, Andora, Austrija, Belgija, \u010cekija, Danija, D. Britanija, Estija, Gibraltaras, Graikija, Ispanija, Italija, Kroatija, Lichten\u0161teinas, Latvija, Lenkija, Lietuva (detalus), Liuksemburgas, Monakas, Norvegija, Olandija, Portugalija, Pranc\u016bzija, Rusija, San Marinas, Slovakija, Slov\u0117nija, Suomija, \u0160vedija, \u0160veicarija, Vatikanas, Vengrija, Vokietija. Kia ceed nuo 2009Kia RioKia Sorento nuo 2010Kia Sportage nuo 2010Kia Venga nuo 2009&hellip;","_links":{"self":[{"href":"https:\/\/techremontas.lt\/pl\/wp-json\/wp\/v2\/pages\/349","targetHints":{"allow":["GET"]}}],"collection":[{"href":"https:\/\/techremontas.lt\/pl\/wp-json\/wp\/v2\/pages"}],"about":[{"href":"https:\/\/techremontas.lt\/pl\/wp-json\/wp\/v2\/types\/page"}],"author":[{"embeddable":true,"href":"https:\/\/techremontas.lt\/pl\/wp-json\/wp\/v2\/users\/1"}],"replies":[{"embeddable":true,"href":"https:\/\/techremontas.lt\/pl\/wp-json\/wp\/v2\/comments?post=349"}],"version-history":[{"count":3,"href":"https:\/\/techremontas.lt\/pl\/wp-json\/wp\/v2\/pages\/349\/revisions"}],"predecessor-version":[{"id":352,"href":"https:\/\/techremontas.lt\/pl\/wp-json\/wp\/v2\/pages\/349\/revisions\/352"}],"wp:attachment":[{"href":"https:\/\/techremontas.lt\/pl\/wp-json\/wp\/v2\/media?parent=349"}],"curies":[{"name":"wp","href":"https:\/\/api.w.org\/{rel}","templated":true}]}}