{"id":376,"date":"2019-04-11T12:19:43","date_gmt":"2019-04-11T14:19:43","guid":{"rendered":"https:\/\/techremontas.lt\/?page_id=376"},"modified":"2019-04-12T09:39:48","modified_gmt":"2019-04-12T11:39:48","slug":"mercedes-benz-navigacija","status":"publish","type":"page","link":"https:\/\/techremontas.lt\/pl\/mercedes-benz-navigacija\/","title":{"rendered":"Nawigacja Mercedes Benz"},"content":{"rendered":"<h2 class=\"wp-block-heading\"><strong>Mapy nawigacyjne MERCEDES BENZ (NTG1)<\/strong><\/h2>\n\n\n<p>Irlandia, Andora, Austria, Belgia, Bu\u0142garia, Czechy, Dania, Wielka Brytania, Estonia, Gibraltar, Grecja, Hiszpania, W\u0142ochy, Chorwacja, \u0141otwa, Liechtenstein, Polska, <strong> Litwa (szczeg\u00f3\u0142y)<\/strong>Luksemburg, Monako, Norwegia, Holandia, Portugalia, Francja, Rumunia, San Marino, S\u0142owacja, S\u0142owenia, Finlandia, Szwecja, Szwajcaria, Watykan, W\u0119gry, Niemcy. <\/p>\n<p><em>CL-Class C215 2003-2006 <br>Klasy S W220 2003-2005<br>SL-Klasse R230 2004-2008<\/em><\/p>\n<p>Gwarancja 12 miesi\u0119cy. | Wilno i Kowno | Najlepsza cena<\/p>\n<hr>\n\n\n<h2 class=\"wp-block-heading\"><strong>Mapy nawigacyjne MERCEDES BENZ (NTG1)<\/strong><\/h2>\n\n\n<p>Irlandia, Andora, Austria, Belgia, Bu\u0142garia, Czechy, Dania, Wielka Brytania, Estonia, Gibraltar, Grecja, Hiszpania, W\u0142ochy, Chorwacja, \u0141otwa, Liechtenstein, Polska, <strong> Litwa (szczeg\u00f3\u0142y)<\/strong>Luksemburg, Monako, Norwegia, Holandia, Portugalia, Francja, Rumunia, San Marino, S\u0142owacja, S\u0142owenia, Finlandia, Szwecja, Szwajcaria, Watykan, W\u0119gry, Niemcy. <\/p>\n<p><em>Mercedes Benz CLS-Klasse C219 2004 - 2008<\/em><br><em>Mercedes Benz SLK-Klasse R171 2004 - 2008<br>Mercedes Benz E-Klasse W211 2002 - 2008<br>Mercedes Benz E-Klasse S211 2003 - 2008<\/em> <\/p>\n<p>Gwarancja 12 miesi\u0119cy. | Wilno i Kowno | Najlepsza cena<\/p>\n<hr>\n\n\n<h2 class=\"wp-block-heading\"><strong>Mapy nawigacyjne MERCEDES BENZ (NTG2)<\/strong><\/h2>\n\n\n<p>Irlandia, Andora, Austria, Belgia, Bu\u0142garia, Czechy, Dania, Wielka Brytania, Estonia, Gibraltar, Grecja, Hiszpania, W\u0142ochy, Chorwacja, \u0141otwa, Liechtenstein, Polska, <strong> Litwa (szczeg\u00f3\u0142y)<\/strong>Luksemburg, Monako, Norwegia, Holandia, Portugalia, Francja, Rumunia, San Marino, S\u0142owacja, S\u0142owenia, Finlandia, Szwecja, Szwajcaria, Watykan, W\u0119gry, Niemcy.<\/p>\n<p><em>Mercedes Benz A-Klasse W\/C169 2004 - 2008 <br>Mercedes Benz<\/em> <em>B-Klasse W 245 2005 - 2008<br>Mercedes Benz<\/em> <em>C-Klasse W203 2004 - 2007<br>Mercedes Benz CL203 2004 - 2007<br>Mercedes Benz S203 2004 - 2007<br>Mercedes Benz CLK-Klasse C209 z 2002 r.<\/em><br><em>Mercedes Benz CLK-Klasse A209 z 2003 r.<br>Mercedes Benz G-Klasse G463<br>Mercedes Benz GL-Klasse X164 od 2006 r.<br>Mercedes Benz M-Klasse W164 2005 - 2008<br>Mercedes Benz R-Klasse V251 2006 - 2008,<\/em><br><em>Mercedes Benz Smart for 4 Sprinter od 2004 r.<br>Mercedes Benz Vito, Viano od 2006 r.<\/em> <\/p>\n<p>Gwarancja 12 miesi\u0119cy. | Wilno i Kowno | Najlepsza cena<\/p>\n<hr>\n\n\n<h2 class=\"wp-block-heading\"><strong>Mapy nawigacyjne MERCEDES BENZ (NTG2.5) <\/strong><\/h2>\n\n\n<p>Irlandia, Andora, Austria, Belgia, Bu\u0142garia, Czechy, Dania, Wielka Brytania, Estonia, Gibraltar, Grecja, Hiszpania, W\u0142ochy, Chorwacja, \u0141otwa, Liechtenstein, Polska, <strong> Litwa (szczeg\u00f3\u0142y)<\/strong>Luksemburg, Monako, Norwegia, Holandia, Portugalia, Francja, Rumunia, San Marino, S\u0142owacja, S\u0142owenia, Finlandia, Szwecja, Szwajcaria, Watykan, W\u0119gry, Niemcy. <\/p>\n<p><em>Mercedes Benz A, B Klasse od 2008 r.<br>Mercedes Benz CLC Klasse z 2008 r.<br>Mercedes Benz CLS Klasse z 2008 r.<br>Mercedes Benz E Klasse 2008 - 2009<br>Mercedes Benz G, GL, M.R. SL, SLK Klasse od 2008 r.<br>Mercedes Benz Sprinter z 2011 r.<\/em> <\/p>\n<p>Gwarancja 12 miesi\u0119cy. | Wilno i Kowno | Najlepsza cena<\/p>\n<hr>\n\n\n<h2 class=\"wp-block-heading\"><strong>Mapy nawigacyjne MERCEDES BENZ (NTG3) <\/strong><\/h2>\n\n\n<p>Irlandia, Andora, Austria, Belgia, Bu\u0142garia, Czechy, Dania, Wielka Brytania, Estonia, Gibraltar, Grecja, Hiszpania, W\u0142ochy, Chorwacja, \u0141otwa, Liechtenstein, Polska, <strong> Litwa (szczeg\u00f3\u0142y)<\/strong>Luksemburg, Monako, Norwegia, Holandia, Portugalia, Francja, Rumunia, San Marino, S\u0142owacja, S\u0142owenia, Finlandia, Szwecja, Szwajcaria, Watykan, W\u0119gry, Niemcy. <\/p>\n<p><em>Mercedes Benz CL-Klasse W216 2006 - 2009<br>Mercedes Benz S-Klasse W221 2005 - 2009<\/em> <\/p>\n<p>Gwarancja 12 miesi\u0119cy. | Wilno i Kowno | Najlepsza cena<\/p>\n<hr>\n\n\n<h2 class=\"wp-block-heading\"><strong>Mapy nawigacyjne MERCEDES BENZ (COMAND NTG4)<\/strong> <\/h2>\n\n\n<p>Irlandia, Andora, Austria, Belgia, Bu\u0142garia, Czechy, Dania, Wielka Brytania, Estonia, Gibraltar, Grecja, Hiszpania, W\u0142ochy, Chorwacja, \u0141otwa, Liechtenstein, Polska, <strong> Litwa (szczeg\u00f3\u0142y)<\/strong>Luksemburg, Monako, Norwegia, Holandia, Portugalia, Francja, Rumunia, San Marino, S\u0142owacja, S\u0142owenia, Finlandia, Szwecja, Szwajcaria, Watykan, W\u0119gry, Niemcy. <\/p>\n<p><em>Mercedes Benz C-Klasse S204<br>Mercedes Benz W204 2007 - 2011<br>Mercedes Benz GLK-Klasse X204 2008 - 2012<br>Mercedes Benz SLS AMG C-197 z 2010 r.<\/em> <\/p>\n<p>Gwarancja 12 miesi\u0119cy. | Wilno i Kowno | Najlepsza cena<\/p>\n<hr>\n\n\n<h2 class=\"wp-block-heading\"><strong>Mapy nawigacyjne MERCEDES BENZ (COMAND NTG4 (wersja W212)) <\/strong><\/h2>\n\n\n<p>Irlandia, Andora, Austria, Belgia, Bu\u0142garia, Czechy, Dania, Wielka Brytania, Estonia, Gibraltar, Grecja, Hiszpania, W\u0142ochy, Chorwacja, \u0141otwa, Liechtenstein, Polska, <strong> Litwa (szczeg\u00f3\u0142y)<\/strong>Luksemburg, Monako, Norwegia, Holandia, Portugalia, Francja, Rumunia, San Marino, S\u0142owacja, S\u0142owenia, Finlandia, Szwecja, Szwajcaria, Watykan, W\u0119gry, Niemcy. <\/p>\n<p><em>Mercedes Benz E-Klasse Sedan Limousin W212 2009 - 2011<br>Mercedes Benz E-Klasse Coupe C207 2009 - 2011<br>Mercedes Benz E-klasse Cabriolet A207 2009 - 2011<br>Mercedes Benz E-Klasse T-model S212 Estat 2009 - 2011<br>Mercedes Benz CLS-Klasse 2011 m.<\/em> <\/p>\n<p>Gwarancja 12 miesi\u0119cy. | Wilno i Kowno | Najlepsza cena<\/p>\n<hr>\n\n\n<h2 class=\"wp-block-heading\"><strong>Mapy nawigacji MERCEDES BENZ (COMAND ONLINE (NTG3.5\/NTG4.5)) <\/strong><\/h2>\n\n\n<p>Austria, Bo\u015bnia i Hercegowina, Andora, Bu\u0142garia, Czechy, Szwajcaria, Hiszpania, Dania, Niemcy, Estonia, Finlandia, Wielka Brytania, Grecja, Chorwacja, W\u0119gry, Islandia, Irlandia, W\u0142ochy, Gibraltar, Kosowo, Liechtenstein, Luksemburg, <strong>Litwa (szczeg\u00f3\u0142y)<\/strong>\u0141otwa, Holandia, Polska, Rumunia, S\u0142owacja, Hiszpania, Szwecja, S\u0142owenia. <\/p>\n<p>Mercedes Benz <em>NTG 3.5: W221 S \/ W216 CL (od 2009 r.) <\/em><br><em>Mercedes Benz NTG 4.5: W176 A klasa, W246 B klasa, W166 ML, R172 SLK, R231 SL, W204 C (od 2012), W212\/W207 E (od 2011), G (od 2015)<\/em><\/p>\n<p>Gwarancja 12 miesi\u0119cy. | Wilno i Kowno | Najlepsza cena<\/p>\n<hr>\n\n\n<h2 class=\"wp-block-heading\"><strong>Mapy nawigacyjne MERCEDES BENZ (COMAND NEW (NTG5))<\/strong><\/h2>\n\n\n<p>Niewydane<\/p>\n<p><em>MERCEDES b\u0119dzie dost\u0119pny od 2014 roku. <\/em> <\/p>\n<p>Gwarancja 12 miesi\u0119cy. | Wilno i Kowno | Najlepsza cena<\/p>\n<hr>\n\n\n<h2 class=\"wp-block-heading\"><strong>Mapy nawigacyjne MERCEDES BENZ (AUDIO 50 APS-1)<\/strong><\/h2>\n\n\n<p>CD 1 - Irlandia, Dania, Wielka Brytania, Norwegia, Finlandia, Szwecja<br>CD 2 - Austria, Liechtenstein, Szwajcaria, Holandia, Niemcy<br>CD 3 - Belgia, Luksemburg, Monako, Francja<br>CD 4 - Grecja, W\u0142ochy, Chorwacja, S\u0142owenia, San Marino, Watykan<br>CD 5 - Andora, Gibraltar, Hiszpania, Portugalia<br>CD 6 - Republika Czeska, <strong>Polska <\/strong>S\u0142owacja, W\u0119gry. <\/p>\n<p><em>Mercedes Benz CLS-Class Coupe C219 do 2008 r.<br>Mercedes Benz E-Class Limousine W211 2002 - 2008<br>Mercedes Benz E-Class T-Modell S211 2003 - 2008<br>Mercedes Benz SLK-Class Roadster R171 2004 - 2008<\/em> <\/p>\n<p>Gwarancja 12 miesi\u0119cy. | Wilno i Kowno | Najlepsza cena<\/p>\n<hr>\n\n\n<h2 class=\"wp-block-heading\"><strong>Mapy nawigacyjne MERCEDES BENZ (AUDIO 50 APS-2) <\/strong><\/h2>\n\n\n<p>CD 1 - Irlandia, Wielka Brytania, Belgia, Luksemburg, Holandia <br>CD 2 - Austria, Liechtenstein, Szwajcaria, Niemcy<br>CD 3 - Monako, Francja<br>CD 4 - W\u0142ochy, San Marino, Watykan<br>CD 5 - Andora, Gibraltar, Hiszpania, Portugalia<br>CD 6 - Republika Czeska, Grecja, Chorwacja, <strong> Polska <\/strong>S\u0142owacja, S\u0142owenia, W\u0119gry<br>CD 7 - Dania, Norwegia, Finlandia, Szwecja.<\/p>\n<p>Mercedes Benz <em>Klasa A W169 2004-2008, C169 2004-2008 <br>Mercedes Benz B-Class W245 2005 - 2008<br>Mercedes Benz C-Class W203 2004-2007, S203 2004-2007<br>Mercedes Benz CLC-Class C203 2004 - 2008 m.<\/em><br><em>Mercedes Benz CLC 2008 m.<\/em><br><em>Mercedes Benz CLK-Class A 2004 - 2009<\/em><br><em>Mercedes Benz C209 2004 - 2009<br>Mercedes Benz GL-Class X164 2006 - 2008<br>Mercedes Benz M-Class W164 2005 - 2008<br>Mercedes Benz R-Class W251, V251 2006 - 2008<br>Mercedes Benz Sprinter C906 NCV3 2006 - 2009<\/em> <\/p>\n<p>Gwarancja 12 miesi\u0119cy. | Wilno i Kowno | Najlepsza cena<\/p>\n<hr>\n\n\n<h2 class=\"wp-block-heading\"><strong>Mapy nawigacyjne MERCEDES BENZ (AUDIO 50 APS-2.5) <\/strong><\/h2>\n\n\n<p>CD 1 - Irlandia, Dania, Wielka Brytania, Estonia, \u0141otwa, <strong> Litwa (szczeg\u00f3\u0142y)<\/strong>Polska, Norwegia, Finlandia, Szwecja. <br>CD 2 - Austria, Belgia, Czechy, Dania, Niemcy, Liechtenstein, Luksemburg, Holandia, Polska, Szwecja, Szwajcaria. <br>CD 3 - Andora, Belgia, Gibraltar, Francja, Luksemburg, Liechtenstein, Monako, Portugalia, Hiszpania, Szwajcaria. <br>CD 4 - Austria, Bu\u0142garia, Chorwacja, Czechy, Grecja, W\u0119gry, W\u0142ochy, Liechtenstein, Polska, Rumunia, San Marino, S\u0142owacja, S\u0142owenia, Szwajcaria, Watykan. <\/p>\n<p><em>Mercedes Benz A-Klasse W\/C 169 2008 - 2012<br>Mercedes Benz B-Klasse W 245 2008 - 2011<br>Mercedes Benz CLS-Klasse 2008 - 2011<br>Mercedes Benz CLS-Klasse C 219 2008 - 2010<br>Mercedes Benz E-Klasse W\/S 211 2008 - 2009 <br>Mercedes Benz GL-Klasse X 164 2008 - 2012<br>Mercedes Benz M-Klasse W164 2008 - 2011<br>Mercedes Benz R-Klasse W\/V 251 z 2008 r.<br>Mercedes Benz SLK-Klasse R 2008 - 2011<br>Mercedes Benz Vito, Viano od 2010 r.<\/em> <\/p>\n<p>Gwarancja 12 miesi\u0119cy. | Wilno i Kowno | Najlepsza cena<\/p>\n<hr>\n\n\n<h2 class=\"wp-block-heading\"><strong>Mapy nawigacji MERCEDES BENZ (AUDIO 50 APS-4) (wersja W204)<\/strong><\/h2>\n\n\n<p>Irlandia, Andora, Austria, Belgia, Bu\u0142garia, Czechy, Dania, Wielka Brytania, Estonia, Gibraltar, Grecja, Hiszpania, W\u0142ochy, Chorwacja, \u0141otwa, Liechtenstein, Polska, <strong> Litwa (szczeg\u00f3\u0142y)<\/strong>Luksemburg, Monako, Norwegia, Holandia, Portugalia, Francja, Rumunia, San Marino, S\u0142owacja, S\u0142owenia, Finlandia, Szwecja, Szwajcaria, Watykan, W\u0119gry, Niemcy.<\/p>\n<p><em>Mercedes Benz C-Klasse W204 z 2007 r.<br>Mercedes Benz GLK-Klasse X204 z 2008 r.<\/em><\/p>\n<p>Gwarancja 12 miesi\u0119cy. | Wilno i Kowno | Najlepsza cena<\/p>\n<hr>\n\n\n<h2 class=\"wp-block-heading\"><strong>Mapy nawigacyjne MERCEDES BENZ (AUDIO 50 APS-4) (wersja W212)<\/strong><\/h2>\n\n\n<p>CD 1 - Andora, Irlandia, Wielka Brytania, Gibraltar, Francja, Irlandia, W\u0142ochy, Liechtenstein, Luksemburg, Monako, Portugalia, Hiszpania, San Marino, Szwajcaria, Watykan. <br>CD 1 - Andora, Austria, Belgia, Czechy, Dania, Francja, Niemcy, W\u0142ochy, Liechtenstein, Luksemburg, Monako, Polska, San Marino, Szwajcaria, Watykan. <br>CD 3 - Andora, Austria, Belgia, Czechy, Dania, Francja, Niemcy, Wielka Brytania, Liechtenstein, Luksemburg, Monako, Holandia, Polska, Szwajcaria. <br>CD 4 - Austria, Bu\u0142garia, Czechy, Dania, Grecja, W\u0142ochy, Estonia, Chorwacja, \u0141otwa, <strong> Litwa (szczeg\u00f3\u0142y)<\/strong>Polska, Liechtenstein, Norwegia, San Marino, S\u0142owenia, S\u0142owacja, Finlandia, Szwecja, Szwajcaria, Watykan, W\u0119gry.<\/p>\n<p><em>Mercedes Benz CLS-Klasse C218 2011 m.<br>Mercedes Benz E-Klasse Cabriolet 2009 - 2011<br>Mercedes Benz E-Klasse Coupe C207 2009 - 2011<br>Mercedes Benz E-Klasse Limousine W\/S212 2009 - 2011<br>Mercedes Benz E-Klasse T-Model 2009 - 2011<\/em> <\/p>\n<p>Gwarancja 12 miesi\u0119cy. | Wilno i Kowno | Najlepsza cena<\/p>\n<hr>\n\n\n<h2 class=\"wp-block-heading\">Mapy nawigacyjne MERCEDES BENZ (COMMAND 2.0\/2.5 \/ COMMAND-APS)<\/h2>\n\n\n<p>CD 1 - Austria, Szwajcaria, Liechtenstein, Francja, Niemcy, sh. W\u0142ochy<br>CD 2 - Belgia, Holandia, Luksemburg<br>CD 3 - Republika Czeska, <strong> Polska <\/strong><br>CD 4 - Niemcy<br>CD 5 - W\u0142ochy, San Marino, Watykan<br>CD 6 - Finlandia, Szwecja, Norwegia, Dania<br>CD 7 - Hiszpania, Portugalia<br>CD 8 - Francja<br>CD 9 - Wielka Brytania<br>CD 10 - Mapy g\u0142\u00f3wnych dr\u00f3g w Europie.<\/p>\n<p><em>Mercedes Benz C-Class 1999\/07 - 2004\/03 <\/em><br><em>Mercedes Benz CL-Class 1999\/09 - 2003\/09 <\/em><br><em>Mercedes Benz CLK 1999\/04 - 2004\/06 <\/em><br><em>Mercedes Benz E-Class Limited : 1999\/04 - 2002\/03 T : 1999\/04 - 2003\/03<\/em><br><em>Mercedes Benz G-Class 2000\/06 - 2007\/04 <\/em><br><em>Mercedes Benz M-class 2000\/04 - 2005\/07 <\/em><br>Mercedes Benz <em>Klasa S 1999\/09 - 2003\/09 <\/em><br>Mercedes Benz <em>PL 2001\/10 - 2004\/06<\/em> <\/p>\n<p>Gwarancja 12 miesi\u0119cy. | Wilno i Kowno | Najlepsza cena<\/p>\n<hr>","protected":false},"excerpt":{"rendered":"<p>MERCEDES BENZ navigacijos \u017eem\u0117lapiai (NTG1) Airija, Andora, Austrija, Belgija, Bulgarija, \u010cekija, Danija, D.Britanija, Estija, Gibraltaras, Graikija, Ispanija, Italija, Kroatija, Latvija, Lenkija, Lichten\u0161teinas, Lietuva (detalus), Liuksemburgas, Monakas, Norvegija, Olandija, Portugalija, Pranc\u016bzija, Rumunija, San Marinas, Slovakija, Slov\u0117nija, Suomija, \u0160vedija, \u0160veicarija, Vatikanas, Vengrija, Vokietija. CL-Klasse C215 2003-2006 S-Klasses W220 2003-2005SL-Klasse R230 2004-2008 Garantija 12 m\u0117n. | Vilniuje ir [&hellip;]<\/p>\n","protected":false},"author":1,"featured_media":0,"parent":0,"menu_order":0,"comment_status":"closed","ping_status":"closed","template":"","meta":{"_uag_custom_page_level_css":"","footnotes":""},"class_list":["post-376","page","type-page","status-publish","hentry","post"],"yoast_head":"<!-- This site is optimized with the Yoast SEO plugin v27.4 - https:\/\/yoast.com\/product\/yoast-seo-wordpress\/ -->\n<title>Mercedes Benz navigacija - taisykla Vilniuje, Kaune, Klaip\u0117doje, \u0160iauliuose<\/title>\n<meta name=\"description\" content=\"MERCEDES BENZ avigacijos \u017eem\u0117lapiai Vilniuje ir Kaune geriausia kaina. 12 m\u0117n. garantija. Tel. nr. 8 (655) 00790 \/ 8 (684) 09811\" \/>\n<meta name=\"robots\" content=\"index, follow, max-snippet:-1, max-image-preview:large, max-video-preview:-1\" \/>\n<link rel=\"canonical\" href=\"https:\/\/techremontas.lt\/pl\/mercedes-benz-navigacija\/\" \/>\n<meta property=\"og:locale\" content=\"pl_PL\" \/>\n<meta property=\"og:type\" content=\"article\" \/>\n<meta property=\"og:title\" content=\"Mercedes Benz navigacija - taisykla Vilniuje, Kaune, Klaip\u0117doje, \u0160iauliuose\" \/>\n<meta property=\"og:description\" content=\"MERCEDES BENZ avigacijos \u017eem\u0117lapiai Vilniuje ir Kaune geriausia kaina. 12 m\u0117n. garantija. Tel. nr. 8 (655) 00790 \/ 8 (684) 09811\" \/>\n<meta property=\"og:url\" content=\"https:\/\/techremontas.lt\/pl\/mercedes-benz-navigacija\/\" \/>\n<meta property=\"og:site_name\" content=\"taisykla Vilniuje, Kaune, Klaip\u0117doje, \u0160iauliuose\" \/>\n<meta property=\"article:modified_time\" content=\"2019-04-12T11:39:48+00:00\" \/>\n<meta name=\"twitter:card\" content=\"summary_large_image\" \/>\n<meta name=\"twitter:label1\" content=\"Szacowany czas czytania\" \/>\n\t<meta name=\"twitter:data1\" content=\"6 minut\" \/>\n<script type=\"application\/ld+json\" class=\"yoast-schema-graph\">{\"@context\":\"https:\\\/\\\/schema.org\",\"@graph\":[{\"@type\":\"WebPage\",\"@id\":\"https:\\\/\\\/techremontas.lt\\\/mercedes-benz-navigacija\\\/\",\"url\":\"https:\\\/\\\/techremontas.lt\\\/mercedes-benz-navigacija\\\/\",\"name\":\"Mercedes Benz navigacija - taisykla Vilniuje, Kaune, Klaip\u0117doje, \u0160iauliuose\",\"isPartOf\":{\"@id\":\"https:\\\/\\\/techremontas.lt\\\/#website\"},\"datePublished\":\"2019-04-11T14:19:43+00:00\",\"dateModified\":\"2019-04-12T11:39:48+00:00\",\"description\":\"MERCEDES BENZ avigacijos \u017eem\u0117lapiai Vilniuje ir Kaune geriausia kaina. 12 m\u0117n. garantija. Tel. nr. 8 (655) 00790 \\\/ 8 (684) 09811\",\"breadcrumb\":{\"@id\":\"https:\\\/\\\/techremontas.lt\\\/mercedes-benz-navigacija\\\/#breadcrumb\"},\"inLanguage\":\"pl-PL\",\"potentialAction\":[{\"@type\":\"ReadAction\",\"target\":[\"https:\\\/\\\/techremontas.lt\\\/mercedes-benz-navigacija\\\/\"]}]},{\"@type\":\"BreadcrumbList\",\"@id\":\"https:\\\/\\\/techremontas.lt\\\/mercedes-benz-navigacija\\\/#breadcrumb\",\"itemListElement\":[{\"@type\":\"ListItem\",\"position\":1,\"name\":\"Pagrindinis\",\"item\":\"https:\\\/\\\/techremontas.lt\\\/\"},{\"@type\":\"ListItem\",\"position\":2,\"name\":\"Mercedes Benz navigacija\"}]},{\"@type\":\"WebSite\",\"@id\":\"https:\\\/\\\/techremontas.lt\\\/#website\",\"url\":\"https:\\\/\\\/techremontas.lt\\\/\",\"name\":\"taisykla Vilniuje, Kaune, Klaip\u0117doje, \u0160iauliuose\",\"description\":\"Modernios el. technikos servisas\",\"potentialAction\":[{\"@type\":\"SearchAction\",\"target\":{\"@type\":\"EntryPoint\",\"urlTemplate\":\"https:\\\/\\\/techremontas.lt\\\/?s={search_term_string}\"},\"query-input\":{\"@type\":\"PropertyValueSpecification\",\"valueRequired\":true,\"valueName\":\"search_term_string\"}}],\"inLanguage\":\"pl-PL\"}]}<\/script>\n<!-- \/ Yoast SEO plugin. -->","yoast_head_json":{"title":"Mercedes Benz navigacija - taisykla Vilniuje, Kaune, Klaip\u0117doje, \u0160iauliuose","description":"Mapy nawigacyjne MERCEDES BENZ w Wilnie i Kownie w najlepszej cenie. 12 miesi\u0119cy gwarancji. Tel. 8 (655) 00790 \/ 8 (684) 09811","robots":{"index":"index","follow":"follow","max-snippet":"max-snippet:-1","max-image-preview":"max-image-preview:large","max-video-preview":"max-video-preview:-1"},"canonical":"https:\/\/techremontas.lt\/pl\/mercedes-benz-navigacija\/","og_locale":"pl_PL","og_type":"article","og_title":"Mercedes Benz navigacija - taisykla Vilniuje, Kaune, Klaip\u0117doje, \u0160iauliuose","og_description":"MERCEDES BENZ avigacijos \u017eem\u0117lapiai Vilniuje ir Kaune geriausia kaina. 12 m\u0117n. garantija. Tel. nr. 8 (655) 00790 \/ 8 (684) 09811","og_url":"https:\/\/techremontas.lt\/pl\/mercedes-benz-navigacija\/","og_site_name":"taisykla Vilniuje, Kaune, Klaip\u0117doje, \u0160iauliuose","article_modified_time":"2019-04-12T11:39:48+00:00","twitter_card":"summary_large_image","twitter_misc":{"Szacowany czas czytania":"6 minut"},"schema":{"@context":"https:\/\/schema.org","@graph":[{"@type":"WebPage","@id":"https:\/\/techremontas.lt\/mercedes-benz-navigacija\/","url":"https:\/\/techremontas.lt\/mercedes-benz-navigacija\/","name":"Mercedes Benz navigacija - taisykla Vilniuje, Kaune, Klaip\u0117doje, \u0160iauliuose","isPartOf":{"@id":"https:\/\/techremontas.lt\/#website"},"datePublished":"2019-04-11T14:19:43+00:00","dateModified":"2019-04-12T11:39:48+00:00","description":"Mapy nawigacyjne MERCEDES BENZ w Wilnie i Kownie w najlepszej cenie. 12 miesi\u0119cy gwarancji. Tel. 8 (655) 00790 \/ 8 (684) 09811","breadcrumb":{"@id":"https:\/\/techremontas.lt\/mercedes-benz-navigacija\/#breadcrumb"},"inLanguage":"pl-PL","potentialAction":[{"@type":"ReadAction","target":["https:\/\/techremontas.lt\/mercedes-benz-navigacija\/"]}]},{"@type":"BreadcrumbList","@id":"https:\/\/techremontas.lt\/mercedes-benz-navigacija\/#breadcrumb","itemListElement":[{"@type":"ListItem","position":1,"name":"Pagrindinis","item":"https:\/\/techremontas.lt\/"},{"@type":"ListItem","position":2,"name":"Mercedes Benz navigacija"}]},{"@type":"WebSite","@id":"https:\/\/techremontas.lt\/#website","url":"https:\/\/techremontas.lt\/","name":"taisykla Vilniuje, Kaune, Klaip\u0117doje, \u0160iauliuose","description":"Serwis nowoczesnych urz\u0105dze\u0144 elektrycznych","potentialAction":[{"@type":"SearchAction","target":{"@type":"EntryPoint","urlTemplate":"https:\/\/techremontas.lt\/?s={search_term_string}"},"query-input":{"@type":"PropertyValueSpecification","valueRequired":true,"valueName":"search_term_string"}}],"inLanguage":"pl-PL"}]}},"uagb_featured_image_src":{"full":false,"thumbnail":false,"medium":false,"medium_large":false,"large":false,"1536x1536":false,"2048x2048":false,"trp-custom-language-flag":false,"post-thumbnail":false,"vantage-thumbnail-no-sidebar":false,"vantage-slide":false,"vantage-carousel":false,"vantage-grid-loop":false},"uagb_author_info":{"display_name":"valdymas","author_link":"https:\/\/techremontas.lt\/pl\/author\/valdymas\/"},"uagb_comment_info":0,"uagb_excerpt":"MERCEDES BENZ navigacijos \u017eem\u0117lapiai (NTG1) Airija, Andora, Austrija, Belgija, Bulgarija, \u010cekija, Danija, D.Britanija, Estija, Gibraltaras, Graikija, Ispanija, Italija, Kroatija, Latvija, Lenkija, Lichten\u0161teinas, Lietuva (detalus), Liuksemburgas, Monakas, Norvegija, Olandija, Portugalija, Pranc\u016bzija, Rumunija, San Marinas, Slovakija, Slov\u0117nija, Suomija, \u0160vedija, \u0160veicarija, Vatikanas, Vengrija, Vokietija. CL-Klasse C215 2003-2006 S-Klasses W220 2003-2005SL-Klasse R230 2004-2008 Garantija 12 m\u0117n. | Vilniuje ir&hellip;","_links":{"self":[{"href":"https:\/\/techremontas.lt\/pl\/wp-json\/wp\/v2\/pages\/376","targetHints":{"allow":["GET"]}}],"collection":[{"href":"https:\/\/techremontas.lt\/pl\/wp-json\/wp\/v2\/pages"}],"about":[{"href":"https:\/\/techremontas.lt\/pl\/wp-json\/wp\/v2\/types\/page"}],"author":[{"embeddable":true,"href":"https:\/\/techremontas.lt\/pl\/wp-json\/wp\/v2\/users\/1"}],"replies":[{"embeddable":true,"href":"https:\/\/techremontas.lt\/pl\/wp-json\/wp\/v2\/comments?post=376"}],"version-history":[{"count":18,"href":"https:\/\/techremontas.lt\/pl\/wp-json\/wp\/v2\/pages\/376\/revisions"}],"predecessor-version":[{"id":528,"href":"https:\/\/techremontas.lt\/pl\/wp-json\/wp\/v2\/pages\/376\/revisions\/528"}],"wp:attachment":[{"href":"https:\/\/techremontas.lt\/pl\/wp-json\/wp\/v2\/media?parent=376"}],"curies":[{"name":"wp","href":"https:\/\/api.w.org\/{rel}","templated":true}]}}