{"id":400,"date":"2019-04-12T04:08:54","date_gmt":"2019-04-12T06:08:54","guid":{"rendered":"https:\/\/techremontas.lt\/?page_id=400"},"modified":"2019-04-12T09:40:15","modified_gmt":"2019-04-12T11:40:15","slug":"mini-navigacija","status":"publish","type":"page","link":"https:\/\/techremontas.lt\/pl\/mini-navigacija\/","title":{"rendered":"Mini nawigacja"},"content":{"rendered":"<h2 class=\"wp-block-heading\"><strong>Mapy nawigacyjne MINI <\/strong><\/h2>\n\n\n\n<p><p>CD 1:<strong> <\/strong>Belgia, Holandia, Luksemburg <br>CD 2: Austria, Liechtenstein, Szwajcaria, Niemcy, W\u0142ochy <br>CD 3: Europa Wschodnia 1: Estonia, \u0141otwa, Litwa (szczeg\u00f3\u0142y)<br>CD 4: Europa Wschodnia 2: Bu\u0142garia, Chorwacja, Czechy, W\u0119gry, Polska, Rumunia, S\u0142owacja, S\u0142owenia <br>CD 5: P\u00f3\u0142nocna Francja <br>CD 6: Po\u0142udniowa Francja <br>CD 7: Niemcy <br>CD 8: W\u0142ochy, San Marino, Watykan, Grecja <br>CD 9: Dania, Szwecja, Finlandia, Norwegia <br>CD 10: Hiszpania <br>CD 11: Portugalia <br>CD 12: Anglia, Szkocja, Irlandia <br>CD 13: Mapy g\u0142\u00f3wnych dr\u00f3g w Europie. <br><br><em>dla wszystkich modeli z kolorowym wy\u015bwietlaczem do 2005-10 (z wyj\u0105tkiem E60-E64)<\/em><br> <br>Gwarancja 12 miesi\u0119cy. | Wilno i Kowno | Najlepsza cena<\/p><hr><\/p>\n\n\n\n<p><\/p>","protected":false},"excerpt":{"rendered":"<p>MINI navigacijos \u017eem\u0117lapiai CD 1: Belgija, Olandija, Liuksemburgas CD 2: Austrija, Lichten\u0161teinas, \u0160veicarija, p.Vokietija, \u0161.Italija CD 3: Ryt\u0173 Europa 1: Estija, Latvija, Lietuva (detalus)CD 4: Ryt\u0173 Europa 2: Bulgarija, \u010cekija, Kroatija, Lenkija, Rumunija, Slovakija, Slov\u0117nija, Vengrija CD 5: Pranc\u016bzija \u0161iaurin\u0117 CD 6: Pranc\u016bzija pietin\u0117 CD 7: Vokietija CD 8: Italija, San Marinas, Vatikanas, Graikija CD [&hellip;]<\/p>\n","protected":false},"author":1,"featured_media":0,"parent":0,"menu_order":0,"comment_status":"closed","ping_status":"closed","template":"","meta":{"_uag_custom_page_level_css":"","footnotes":""},"class_list":["post-400","page","type-page","status-publish","hentry","post"],"yoast_head":"<!-- This site is optimized with the Yoast SEO plugin v27.4 - https:\/\/yoast.com\/product\/yoast-seo-wordpress\/ -->\n<title>Mini navigacija - taisykla Vilniuje, Kaune, Klaip\u0117doje, \u0160iauliuose<\/title>\n<meta name=\"description\" content=\"MINI navigacijos \u017eem\u0117lapiai Vilniuje ir Kaune geriausia kaina. 12 m\u0117n. garantija. Tel. nr. 8 (655) 00790 \/ 8 (684) 09811\" \/>\n<meta name=\"robots\" content=\"index, follow, max-snippet:-1, max-image-preview:large, max-video-preview:-1\" \/>\n<link rel=\"canonical\" href=\"https:\/\/techremontas.lt\/pl\/mini-navigacija\/\" \/>\n<meta property=\"og:locale\" content=\"pl_PL\" \/>\n<meta property=\"og:type\" content=\"article\" \/>\n<meta property=\"og:title\" content=\"Mini navigacija - taisykla Vilniuje, Kaune, Klaip\u0117doje, \u0160iauliuose\" \/>\n<meta property=\"og:description\" content=\"MINI navigacijos \u017eem\u0117lapiai Vilniuje ir Kaune geriausia kaina. 12 m\u0117n. garantija. Tel. nr. 8 (655) 00790 \/ 8 (684) 09811\" \/>\n<meta property=\"og:url\" content=\"https:\/\/techremontas.lt\/pl\/mini-navigacija\/\" \/>\n<meta property=\"og:site_name\" content=\"taisykla Vilniuje, Kaune, Klaip\u0117doje, \u0160iauliuose\" \/>\n<meta property=\"article:modified_time\" content=\"2019-04-12T11:40:15+00:00\" \/>\n<meta name=\"twitter:card\" content=\"summary_large_image\" \/>\n<script type=\"application\/ld+json\" class=\"yoast-schema-graph\">{\"@context\":\"https:\\\/\\\/schema.org\",\"@graph\":[{\"@type\":\"WebPage\",\"@id\":\"https:\\\/\\\/techremontas.lt\\\/mini-navigacija\\\/\",\"url\":\"https:\\\/\\\/techremontas.lt\\\/mini-navigacija\\\/\",\"name\":\"Mini navigacija - taisykla Vilniuje, Kaune, Klaip\u0117doje, \u0160iauliuose\",\"isPartOf\":{\"@id\":\"https:\\\/\\\/techremontas.lt\\\/#website\"},\"datePublished\":\"2019-04-12T06:08:54+00:00\",\"dateModified\":\"2019-04-12T11:40:15+00:00\",\"description\":\"MINI navigacijos \u017eem\u0117lapiai Vilniuje ir Kaune geriausia kaina. 12 m\u0117n. garantija. Tel. nr. 8 (655) 00790 \\\/ 8 (684) 09811\",\"breadcrumb\":{\"@id\":\"https:\\\/\\\/techremontas.lt\\\/mini-navigacija\\\/#breadcrumb\"},\"inLanguage\":\"pl-PL\",\"potentialAction\":[{\"@type\":\"ReadAction\",\"target\":[\"https:\\\/\\\/techremontas.lt\\\/mini-navigacija\\\/\"]}]},{\"@type\":\"BreadcrumbList\",\"@id\":\"https:\\\/\\\/techremontas.lt\\\/mini-navigacija\\\/#breadcrumb\",\"itemListElement\":[{\"@type\":\"ListItem\",\"position\":1,\"name\":\"Pagrindinis\",\"item\":\"https:\\\/\\\/techremontas.lt\\\/\"},{\"@type\":\"ListItem\",\"position\":2,\"name\":\"Mini navigacija\"}]},{\"@type\":\"WebSite\",\"@id\":\"https:\\\/\\\/techremontas.lt\\\/#website\",\"url\":\"https:\\\/\\\/techremontas.lt\\\/\",\"name\":\"taisykla Vilniuje, Kaune, Klaip\u0117doje, \u0160iauliuose\",\"description\":\"Modernios el. technikos servisas\",\"potentialAction\":[{\"@type\":\"SearchAction\",\"target\":{\"@type\":\"EntryPoint\",\"urlTemplate\":\"https:\\\/\\\/techremontas.lt\\\/?s={search_term_string}\"},\"query-input\":{\"@type\":\"PropertyValueSpecification\",\"valueRequired\":true,\"valueName\":\"search_term_string\"}}],\"inLanguage\":\"pl-PL\"}]}<\/script>\n<!-- \/ Yoast SEO plugin. -->","yoast_head_json":{"title":"Mini navigacija - taisykla Vilniuje, Kaune, Klaip\u0117doje, \u0160iauliuose","description":"Mapy nawigacyjne MINI w Wilnie i Kownie w najlepszej cenie. 12 miesi\u0119cy gwarancji. Tel. 8 (655) 00790 \/ 8 (684) 09811","robots":{"index":"index","follow":"follow","max-snippet":"max-snippet:-1","max-image-preview":"max-image-preview:large","max-video-preview":"max-video-preview:-1"},"canonical":"https:\/\/techremontas.lt\/pl\/mini-navigacija\/","og_locale":"pl_PL","og_type":"article","og_title":"Mini navigacija - taisykla Vilniuje, Kaune, Klaip\u0117doje, \u0160iauliuose","og_description":"MINI navigacijos \u017eem\u0117lapiai Vilniuje ir Kaune geriausia kaina. 12 m\u0117n. garantija. Tel. nr. 8 (655) 00790 \/ 8 (684) 09811","og_url":"https:\/\/techremontas.lt\/pl\/mini-navigacija\/","og_site_name":"taisykla Vilniuje, Kaune, Klaip\u0117doje, \u0160iauliuose","article_modified_time":"2019-04-12T11:40:15+00:00","twitter_card":"summary_large_image","schema":{"@context":"https:\/\/schema.org","@graph":[{"@type":"WebPage","@id":"https:\/\/techremontas.lt\/mini-navigacija\/","url":"https:\/\/techremontas.lt\/mini-navigacija\/","name":"Mini navigacija - taisykla Vilniuje, Kaune, Klaip\u0117doje, \u0160iauliuose","isPartOf":{"@id":"https:\/\/techremontas.lt\/#website"},"datePublished":"2019-04-12T06:08:54+00:00","dateModified":"2019-04-12T11:40:15+00:00","description":"Mapy nawigacyjne MINI w Wilnie i Kownie w najlepszej cenie. 12 miesi\u0119cy gwarancji. Tel. 8 (655) 00790 \/ 8 (684) 09811","breadcrumb":{"@id":"https:\/\/techremontas.lt\/mini-navigacija\/#breadcrumb"},"inLanguage":"pl-PL","potentialAction":[{"@type":"ReadAction","target":["https:\/\/techremontas.lt\/mini-navigacija\/"]}]},{"@type":"BreadcrumbList","@id":"https:\/\/techremontas.lt\/mini-navigacija\/#breadcrumb","itemListElement":[{"@type":"ListItem","position":1,"name":"Pagrindinis","item":"https:\/\/techremontas.lt\/"},{"@type":"ListItem","position":2,"name":"Mini navigacija"}]},{"@type":"WebSite","@id":"https:\/\/techremontas.lt\/#website","url":"https:\/\/techremontas.lt\/","name":"taisykla Vilniuje, Kaune, Klaip\u0117doje, \u0160iauliuose","description":"Serwis nowoczesnych urz\u0105dze\u0144 elektrycznych","potentialAction":[{"@type":"SearchAction","target":{"@type":"EntryPoint","urlTemplate":"https:\/\/techremontas.lt\/?s={search_term_string}"},"query-input":{"@type":"PropertyValueSpecification","valueRequired":true,"valueName":"search_term_string"}}],"inLanguage":"pl-PL"}]}},"uagb_featured_image_src":{"full":false,"thumbnail":false,"medium":false,"medium_large":false,"large":false,"1536x1536":false,"2048x2048":false,"trp-custom-language-flag":false,"post-thumbnail":false,"vantage-thumbnail-no-sidebar":false,"vantage-slide":false,"vantage-carousel":false,"vantage-grid-loop":false},"uagb_author_info":{"display_name":"valdymas","author_link":"https:\/\/techremontas.lt\/pl\/author\/valdymas\/"},"uagb_comment_info":0,"uagb_excerpt":"MINI navigacijos \u017eem\u0117lapiai CD 1: Belgija, Olandija, Liuksemburgas CD 2: Austrija, Lichten\u0161teinas, \u0160veicarija, p.Vokietija, \u0161.Italija CD 3: Ryt\u0173 Europa 1: Estija, Latvija, Lietuva (detalus)CD 4: Ryt\u0173 Europa 2: Bulgarija, \u010cekija, Kroatija, Lenkija, Rumunija, Slovakija, Slov\u0117nija, Vengrija CD 5: Pranc\u016bzija \u0161iaurin\u0117 CD 6: Pranc\u016bzija pietin\u0117 CD 7: Vokietija CD 8: Italija, San Marinas, Vatikanas, Graikija CD&hellip;","_links":{"self":[{"href":"https:\/\/techremontas.lt\/pl\/wp-json\/wp\/v2\/pages\/400","targetHints":{"allow":["GET"]}}],"collection":[{"href":"https:\/\/techremontas.lt\/pl\/wp-json\/wp\/v2\/pages"}],"about":[{"href":"https:\/\/techremontas.lt\/pl\/wp-json\/wp\/v2\/types\/page"}],"author":[{"embeddable":true,"href":"https:\/\/techremontas.lt\/pl\/wp-json\/wp\/v2\/users\/1"}],"replies":[{"embeddable":true,"href":"https:\/\/techremontas.lt\/pl\/wp-json\/wp\/v2\/comments?post=400"}],"version-history":[{"count":3,"href":"https:\/\/techremontas.lt\/pl\/wp-json\/wp\/v2\/pages\/400\/revisions"}],"predecessor-version":[{"id":529,"href":"https:\/\/techremontas.lt\/pl\/wp-json\/wp\/v2\/pages\/400\/revisions\/529"}],"wp:attachment":[{"href":"https:\/\/techremontas.lt\/pl\/wp-json\/wp\/v2\/media?parent=400"}],"curies":[{"name":"wp","href":"https:\/\/api.w.org\/{rel}","templated":true}]}}