{"id":413,"date":"2019-04-12T04:29:43","date_gmt":"2019-04-12T06:29:43","guid":{"rendered":"https:\/\/techremontas.lt\/?page_id=413"},"modified":"2019-04-12T04:37:41","modified_gmt":"2019-04-12T06:37:41","slug":"nissan-navigacija","status":"publish","type":"page","link":"https:\/\/techremontas.lt\/pl\/nissan-navigacija\/","title":{"rendered":"Nawigacja Nissan"},"content":{"rendered":"\n<h2 class=\"wp-block-heading\"><strong>NISSAN navigacijos \u017eem\u0117lapiai (Connect Premium X6)<\/strong><\/h2>\n\n\n<p>Airija, Andora, Austrija, Belgija, Danija, D.Britanija, Gibraltaras, Ispanija, Italija, Lichten\u0161teinas, Liuksemburgas, Monakas, Norvegija, Olandija, Portugalija, Pranc\u016bzija, San Marinas, Suomija, \u0160vedija, \u0160veicarija, Vatikanas, Vokietija. <br \/><br \/><em>Nissan Micra K12 <\/em><br \/><em>Nissan Tino V10<br \/>Nissan 350Z 2003 \u2013 2005 m.<br \/>Nissan Almera 2003 \u2013 2006 m.<br \/>Nissan Primera 2003 \u2013 2007 m.<br \/>Nissan X-Trail 2003 \u2013 2006 m.<br \/>Nissan Patrol 2003 \u2013 2005 m.<br \/>Nissan Murano 2005 \u2013 2006 m.<\/em> <br \/><br \/>Garantija 12 m\u0117n. | Vilniuje ir Kaune | Geriausia kaina<\/p>\n<hr \/>\n\n\n<h2 class=\"wp-block-heading\"><strong>NISSAN navigacijos \u017eem\u0117lapiai (Connect Premium X7 Xanavi) <\/strong><\/h2>\n\n\n<p>Airija, Andora, Austrija, Belgija, Bulgarija, \u010cekija, Danija, D.Britanija, Estija, Gibraltaras, Graikija, Ispanija, Italija, Kroatija, Latvija, Lenkija, Lichten\u0161teinas, <strong>Lietuva (detalus)<\/strong>, Liuksemburgas, Monakas, Norvegija, Olandija, Portugalija, \u012fskaitant Madeir\u0105, Pranc\u016bzija, Rumunija, San Marinas, Slovakija, Slov\u0117nija, Suomija, \u0160vedija, \u0160veicarija, Turkija, Vatikanas, Vengrija, Vokietija. <br \/><br \/><em>Nissan 350Z (Fairlady Z) 2005-2009 <br \/>Nissan 370Z 2007 <br \/>Nissan Qashqai iki 2009 <br \/>Nissan Murano 2005-2009 <br \/>Nissan Navara 2005-2009 <br \/>Nissan Pathfinder 2005-2009 <br \/>Nissan Patrol 2005.10-2009 <br \/>Nissan Primera 2005-2007 <br \/>Nissan Tiida 2007-2009 <br \/>Nissan X-trail 2005-2009 <\/em><br \/><br \/>Garantija 12 m\u0117n. | Vilniuje ir Kaune | Geriausia kaina<\/p>\n<hr \/>\n\n\n<h2 class=\"wp-block-heading\"><strong>NISSAN navigacijos \u017eem\u0117lapiai (Connect Premium X9)<\/strong><\/h2>\n\n\n<p>Airija, Andora, Austrija, Belgija, Bulgarija, \u010cekija, Danija, D.Britanija, Estija, Gibraltaras, Graikija, Ispanija, Italija, Kroatija, Latvija, Lenkija, Lichten\u0161teinas, <strong>Lietuva (detalus)<\/strong>, Liuksemburgas, Monakas, Norvegija, Olandija, Portugalija, \u012fskaitant Madeir\u0105, Pranc\u016bzija, Rumunija, San Marinas, Slovakija, Slov\u0117nija, Suomija, \u0160vedija, \u0160veicarija, Turkija, Vatikanas, Vengrija, Vokietija. <br \/><br \/><em>Nissan Pathfinder nuo 2009 m.<br \/>Nissan Navara nuo 2009 m.<br \/>Nissan Murano nuo 2009 m.<br \/>Nissan X-Trail nuo 2009 m.<br \/>Nissan 370Z nuo 2009 m.<br \/>Nissan GT-R nuo 2009 m.<\/em> <br \/><br \/>Garantija 12 m\u0117n. | Vilniuje ir Kaune | Geriausia kaina<\/p>\n<hr \/>\n\n\n<h2 class=\"wp-block-heading\"><strong>NISSAN navigacijos \u017eem\u0117lapiai (CONNECT 1 LCN1)<\/strong><\/h2>\n\n\n<p>Austrija, Belgija, Bulgarija, Kroatija, \u010cekija, Danija, Estija, Suomija, Pranc\u016bzija, Vokietija, Graikija, Vengrija, Airija, Italija, Latvija, <strong>Lietuva (detalus)<\/strong>, Liuksemburgas, Nyderlandai, Norvegija, Lenkija, Portugalija, Rumunija, Slovakija, Slov\u0117nija, Ispanija, \u0160vedija, \u0160veicarija, Turkija, Jungtin\u0117 Karalyst\u0117. <br \/><br \/><em>Nissan MICRA 2009 \u2013 2010 m.<\/em><br \/><em>Nissan NOTE 2009 \u2013 2013 m.<\/em><br \/><em>Nissan CUBE 2009 \u2013 2013 m.<\/em><br \/><em>Nissan QASHQAI 2009 \u2013 2013 m.<\/em><br \/><em>Nissan QASHQAI +2 2009 \u2013 2013 m.<\/em><br \/><em>Nissan JUKE 2011 \u2013 2013 m.<\/em> <br \/><br \/>Garantija 12 m\u0117n. | Vilniuje ir Kaune | Geriausia kaina<\/p>\n<hr \/>\n\n\n<h2 class=\"wp-block-heading\"><strong>NISSAN navigacijos \u017eem\u0117lapiai (CONNECT 2 \/LCN2 v1)<\/strong><\/h2>\n\n\n<p>Austrija, Belgija, Bulgarija, Kroatija, \u010cekija, Danija, Estija, Suomija, Pranc\u016bzija, Vokietija, Graikija, Vengrija, Airija, Italija, Latvija, <strong>Lietuva (detalus)<\/strong>, Liuksemburgas, Nyderlandai, Norvegija, Lenkija, Portugalija, Rumunija, Slovakija, Slov\u0117nija, Ispanija, \u0160vedija, \u0160veicarija, Turkija, Jungtin\u0117 Karalyst\u0117. <br \/><br \/><em>Nissan E-NV200 [2014-2015]<br \/>Nissan Juke [2013-2014]<br \/>Nissan Leaf [2013-2015]<br \/>Nissan Micra [2013-2016]<br \/>Nissan Note [2013-2014] <\/em><br \/><br \/>Garantija 12 m\u0117n. | Vilniuje ir Kaune | Geriausia kaina<\/p>\n<hr \/>\n\n\n<h2 class=\"wp-block-heading\"><strong>NISSAN navigacijos \u017eem\u0117lapiai (CONNECT 3 \/LCN2 v2)<\/strong><\/h2>\n\n\n\n<p>Austrija, Belgija, Bulgarija, Kroatija, \u010cekija, Danija, Estija, Suomija,  Pranc\u016bzija, Vokietija, Graikija, Vengrija, Airija, Italija, Latvija, <strong>Lietuva (detalus)<\/strong>,  Liuksemburgas, Nyderlandai, Norvegija, Lenkija, Portugalija, Rumunija,  Slovakija, Slov\u0117nija, Ispanija, \u0160vedija, \u0160veicarija, Turkija, Jungtin\u0117  Karalyst\u0117. <br><br><em>Nissan nuo 2014 m.su SD kortele<br>Nissan Pulsar C13 nuo 2014-07 <\/em><br><em>Nissan Note E12E nuo 2014-07 <\/em><br><em>Nissan Juke F15E nuo 2014-05 <\/em><br><em>Nissan Qashqai J11E nuo 2014-12 <\/em><br><em>Nissan Xtrail T32 nuo 2014-04 <\/em><br><em>Nissan Micra nuo 2015 <\/em><br><em>Nissan X-Trail nuo 2015<\/em><br><br>Garantija 12 m\u0117n. | Vilniuje ir Kaune | Geriausia kaina<\/p><hr\/>\n","protected":false},"excerpt":{"rendered":"<p>NISSAN navigacijos \u017eem\u0117lapiai (Connect Premium X6) Airija, Andora, Austrija, Belgija, Danija, D.Britanija, Gibraltaras, Ispanija, Italija, Lichten\u0161teinas, Liuksemburgas, Monakas, Norvegija, Olandija, Portugalija, Pranc\u016bzija, San Marinas, Suomija, \u0160vedija, \u0160veicarija, Vatikanas, Vokietija. Nissan Micra K12 Nissan Tino V10Nissan 350Z 2003 \u2013 2005 m.Nissan Almera 2003 \u2013 2006 m.Nissan Primera 2003 \u2013 2007 m.Nissan X-Trail 2003 \u2013 2006 m.Nissan [&hellip;]<\/p>\n","protected":false},"author":1,"featured_media":0,"parent":0,"menu_order":0,"comment_status":"closed","ping_status":"closed","template":"","meta":{"_uag_custom_page_level_css":"","footnotes":""},"class_list":["post-413","page","type-page","status-publish","hentry","post"],"yoast_head":"<!-- This site is optimized with the Yoast SEO plugin v27.4 - https:\/\/yoast.com\/product\/yoast-seo-wordpress\/ -->\n<title>Nissan navigacija - taisykla Vilniuje, Kaune, Klaip\u0117doje, \u0160iauliuose<\/title>\n<meta name=\"description\" content=\"NISSAN navigacijos \u017eem\u0117lapiai Vilniuje ir Kaune geriausia kaina. 12 m\u0117n. garantija. Tel. nr. 8 (655) 00790 \/ 8 (684) 09811\" \/>\n<meta name=\"robots\" content=\"index, follow, max-snippet:-1, max-image-preview:large, max-video-preview:-1\" \/>\n<link rel=\"canonical\" href=\"https:\/\/techremontas.lt\/pl\/nissan-navigacija\/\" \/>\n<meta property=\"og:locale\" content=\"pl_PL\" \/>\n<meta property=\"og:type\" content=\"article\" \/>\n<meta property=\"og:title\" content=\"Nissan navigacija - taisykla Vilniuje, Kaune, Klaip\u0117doje, \u0160iauliuose\" \/>\n<meta property=\"og:description\" content=\"NISSAN navigacijos \u017eem\u0117lapiai Vilniuje ir Kaune geriausia kaina. 12 m\u0117n. garantija. Tel. nr. 8 (655) 00790 \/ 8 (684) 09811\" \/>\n<meta property=\"og:url\" content=\"https:\/\/techremontas.lt\/pl\/nissan-navigacija\/\" \/>\n<meta property=\"og:site_name\" content=\"taisykla Vilniuje, Kaune, Klaip\u0117doje, \u0160iauliuose\" \/>\n<meta property=\"article:modified_time\" content=\"2019-04-12T06:37:41+00:00\" \/>\n<meta name=\"twitter:card\" content=\"summary_large_image\" \/>\n<meta name=\"twitter:label1\" content=\"Szacowany czas czytania\" \/>\n\t<meta name=\"twitter:data1\" content=\"2 minuty\" \/>\n<script type=\"application\/ld+json\" class=\"yoast-schema-graph\">{\"@context\":\"https:\\\/\\\/schema.org\",\"@graph\":[{\"@type\":\"WebPage\",\"@id\":\"https:\\\/\\\/techremontas.lt\\\/nissan-navigacija\\\/\",\"url\":\"https:\\\/\\\/techremontas.lt\\\/nissan-navigacija\\\/\",\"name\":\"Nissan navigacija - taisykla Vilniuje, Kaune, Klaip\u0117doje, \u0160iauliuose\",\"isPartOf\":{\"@id\":\"https:\\\/\\\/techremontas.lt\\\/#website\"},\"datePublished\":\"2019-04-12T06:29:43+00:00\",\"dateModified\":\"2019-04-12T06:37:41+00:00\",\"description\":\"NISSAN navigacijos \u017eem\u0117lapiai Vilniuje ir Kaune geriausia kaina. 12 m\u0117n. garantija. Tel. nr. 8 (655) 00790 \\\/ 8 (684) 09811\",\"breadcrumb\":{\"@id\":\"https:\\\/\\\/techremontas.lt\\\/nissan-navigacija\\\/#breadcrumb\"},\"inLanguage\":\"pl-PL\",\"potentialAction\":[{\"@type\":\"ReadAction\",\"target\":[\"https:\\\/\\\/techremontas.lt\\\/nissan-navigacija\\\/\"]}]},{\"@type\":\"BreadcrumbList\",\"@id\":\"https:\\\/\\\/techremontas.lt\\\/nissan-navigacija\\\/#breadcrumb\",\"itemListElement\":[{\"@type\":\"ListItem\",\"position\":1,\"name\":\"Pagrindinis\",\"item\":\"https:\\\/\\\/techremontas.lt\\\/\"},{\"@type\":\"ListItem\",\"position\":2,\"name\":\"Nissan navigacija\"}]},{\"@type\":\"WebSite\",\"@id\":\"https:\\\/\\\/techremontas.lt\\\/#website\",\"url\":\"https:\\\/\\\/techremontas.lt\\\/\",\"name\":\"taisykla Vilniuje, Kaune, Klaip\u0117doje, \u0160iauliuose\",\"description\":\"Modernios el. technikos servisas\",\"potentialAction\":[{\"@type\":\"SearchAction\",\"target\":{\"@type\":\"EntryPoint\",\"urlTemplate\":\"https:\\\/\\\/techremontas.lt\\\/?s={search_term_string}\"},\"query-input\":{\"@type\":\"PropertyValueSpecification\",\"valueRequired\":true,\"valueName\":\"search_term_string\"}}],\"inLanguage\":\"pl-PL\"}]}<\/script>\n<!-- \/ Yoast SEO plugin. -->","yoast_head_json":{"title":"Nissan navigacija - taisykla Vilniuje, Kaune, Klaip\u0117doje, \u0160iauliuose","description":"Mapy nawigacyjne NISSAN w Wilnie i Kownie w najlepszej cenie. 12 miesi\u0119cy gwarancji. Tel. 8 (655) 00790 \/ 8 (684) 09811","robots":{"index":"index","follow":"follow","max-snippet":"max-snippet:-1","max-image-preview":"max-image-preview:large","max-video-preview":"max-video-preview:-1"},"canonical":"https:\/\/techremontas.lt\/pl\/nissan-navigacija\/","og_locale":"pl_PL","og_type":"article","og_title":"Nissan navigacija - taisykla Vilniuje, Kaune, Klaip\u0117doje, \u0160iauliuose","og_description":"NISSAN navigacijos \u017eem\u0117lapiai Vilniuje ir Kaune geriausia kaina. 12 m\u0117n. garantija. Tel. nr. 8 (655) 00790 \/ 8 (684) 09811","og_url":"https:\/\/techremontas.lt\/pl\/nissan-navigacija\/","og_site_name":"taisykla Vilniuje, Kaune, Klaip\u0117doje, \u0160iauliuose","article_modified_time":"2019-04-12T06:37:41+00:00","twitter_card":"summary_large_image","twitter_misc":{"Szacowany czas czytania":"2 minuty"},"schema":{"@context":"https:\/\/schema.org","@graph":[{"@type":"WebPage","@id":"https:\/\/techremontas.lt\/nissan-navigacija\/","url":"https:\/\/techremontas.lt\/nissan-navigacija\/","name":"Nissan navigacija - taisykla Vilniuje, Kaune, Klaip\u0117doje, \u0160iauliuose","isPartOf":{"@id":"https:\/\/techremontas.lt\/#website"},"datePublished":"2019-04-12T06:29:43+00:00","dateModified":"2019-04-12T06:37:41+00:00","description":"Mapy nawigacyjne NISSAN w Wilnie i Kownie w najlepszej cenie. 12 miesi\u0119cy gwarancji. Tel. 8 (655) 00790 \/ 8 (684) 09811","breadcrumb":{"@id":"https:\/\/techremontas.lt\/nissan-navigacija\/#breadcrumb"},"inLanguage":"pl-PL","potentialAction":[{"@type":"ReadAction","target":["https:\/\/techremontas.lt\/nissan-navigacija\/"]}]},{"@type":"BreadcrumbList","@id":"https:\/\/techremontas.lt\/nissan-navigacija\/#breadcrumb","itemListElement":[{"@type":"ListItem","position":1,"name":"Pagrindinis","item":"https:\/\/techremontas.lt\/"},{"@type":"ListItem","position":2,"name":"Nissan navigacija"}]},{"@type":"WebSite","@id":"https:\/\/techremontas.lt\/#website","url":"https:\/\/techremontas.lt\/","name":"taisykla Vilniuje, Kaune, Klaip\u0117doje, \u0160iauliuose","description":"Serwis nowoczesnych urz\u0105dze\u0144 elektrycznych","potentialAction":[{"@type":"SearchAction","target":{"@type":"EntryPoint","urlTemplate":"https:\/\/techremontas.lt\/?s={search_term_string}"},"query-input":{"@type":"PropertyValueSpecification","valueRequired":true,"valueName":"search_term_string"}}],"inLanguage":"pl-PL"}]}},"uagb_featured_image_src":{"full":false,"thumbnail":false,"medium":false,"medium_large":false,"large":false,"1536x1536":false,"2048x2048":false,"trp-custom-language-flag":false,"post-thumbnail":false,"vantage-thumbnail-no-sidebar":false,"vantage-slide":false,"vantage-carousel":false,"vantage-grid-loop":false},"uagb_author_info":{"display_name":"valdymas","author_link":"https:\/\/techremontas.lt\/pl\/author\/valdymas\/"},"uagb_comment_info":0,"uagb_excerpt":"NISSAN navigacijos \u017eem\u0117lapiai (Connect Premium X6) Airija, Andora, Austrija, Belgija, Danija, D.Britanija, Gibraltaras, Ispanija, Italija, Lichten\u0161teinas, Liuksemburgas, Monakas, Norvegija, Olandija, Portugalija, Pranc\u016bzija, San Marinas, Suomija, \u0160vedija, \u0160veicarija, Vatikanas, Vokietija. Nissan Micra K12 Nissan Tino V10Nissan 350Z 2003 \u2013 2005 m.Nissan Almera 2003 \u2013 2006 m.Nissan Primera 2003 \u2013 2007 m.Nissan X-Trail 2003 \u2013 2006 m.Nissan&hellip;","_links":{"self":[{"href":"https:\/\/techremontas.lt\/pl\/wp-json\/wp\/v2\/pages\/413","targetHints":{"allow":["GET"]}}],"collection":[{"href":"https:\/\/techremontas.lt\/pl\/wp-json\/wp\/v2\/pages"}],"about":[{"href":"https:\/\/techremontas.lt\/pl\/wp-json\/wp\/v2\/types\/page"}],"author":[{"embeddable":true,"href":"https:\/\/techremontas.lt\/pl\/wp-json\/wp\/v2\/users\/1"}],"replies":[{"embeddable":true,"href":"https:\/\/techremontas.lt\/pl\/wp-json\/wp\/v2\/comments?post=413"}],"version-history":[{"count":6,"href":"https:\/\/techremontas.lt\/pl\/wp-json\/wp\/v2\/pages\/413\/revisions"}],"predecessor-version":[{"id":420,"href":"https:\/\/techremontas.lt\/pl\/wp-json\/wp\/v2\/pages\/413\/revisions\/420"}],"wp:attachment":[{"href":"https:\/\/techremontas.lt\/pl\/wp-json\/wp\/v2\/media?parent=413"}],"curies":[{"name":"wp","href":"https:\/\/api.w.org\/{rel}","templated":true}]}}