{"id":448,"date":"2019-04-12T05:45:28","date_gmt":"2019-04-12T07:45:28","guid":{"rendered":"https:\/\/techremontas.lt\/?page_id=448"},"modified":"2019-04-12T05:58:58","modified_gmt":"2019-04-12T07:58:58","slug":"renault-navigacija","status":"publish","type":"page","link":"https:\/\/techremontas.lt\/pl\/renault-navigacija\/","title":{"rendered":"Nawigacja Renault"},"content":{"rendered":"\n<h2 class=\"wp-block-heading\"><strong>RENAULT navigacijos \u017eem\u0117lapiai (TomTom Carminat)<\/strong><\/h2>\n\n\n<p>2GB SD &#8211; \u010cekija, Estija, Vengrija, <strong> Lietuva (detalus)<\/strong>, Lenkija, Slovakija, Slovenija, Bulgarija, Latvija, Kroatija<br \/>4GB SD &#8211; Albanija, Andora, Austrija, Belgija, Bulgarija, Bosnija ir Herzegovina, Baltarusija, \u0160veicarija, \u010cekija, Vokietija, Danija, Ispanija, Estija, Suomija, Pranc\u016bzija, Jungtin\u0117 Karalyst\u0117, Gibraltaras, Graikija, Kroatija, Vengrija, Airija, Italija, Lichten\u0161teinas, <strong>Lietuva (detalus)<\/strong>, Liuksemburgas, Latvija, Monakas, Moldova, Makedonija, Malta, Juodkalnija, Nyderlandai, Norvegija, Lenkija, Portugalija, Rumunija, Rusija, San Marinas, Serbija, Slovakija, Slovenija, \u0160vedija, Turkija, Ukraina, Vatikanas.<br \/><br \/><em>Renault su TomTom nuo 2009 m. iki 2011 m. vidurio<\/em> <br \/><br \/>Garantija 12 m\u0117n. | Vilniuje ir Kaune | Geriausia kaina<\/p>\n<hr \/>\n\n\n<h2 class=\"wp-block-heading\"><strong>RENAULT navigacijos \u017eem\u0117lapiai (TomTom Carminat Live)<\/strong><\/h2>\n\n\n<p>Albanija, Andora, Austrija, Belgija, Bulgarija, Bosnija ir Herzegovina, Baltarusija, \u0160veicarija, \u010cekija, Vokietija, Danija, Ispanija, Estija, Suomija, Pranc\u016bzija, Jungtin\u0117 Karalyst\u0117, Gibraltaras, Graikija, Kroatija, Vengrija, Airija, Italija, Lichten\u0161teinas, <strong> Lietuva (detalus)<\/strong>, Liuksemburgas, Latvija, Monakas, Moldova, Makedonija, Malta, Juodkalnija, Nyderlandai, Norvegija, Lenkija, Portugalija, Rumunija, Rusija, San Marinas, Serbija, Slovakija, Slovenija, \u0160vedija, Turkija, Ukraina, Vatikanas. <br \/><br \/><em>Renault su TomTom nuo 2011 m. vidurio<\/em> <br \/><br \/>Garantija 12 m\u0117n. | Vilniuje ir Kaune | Geriausia kaina<\/p>\n<hr \/>\n\n\n<h2 class=\"wp-block-heading\"><strong>RENAULT navigacijos \u017eem\u0117lapiai (Carminat Inform\u00e9e)<\/strong><\/h2>\n\n\n<p>CD 1 &#8211; Belgija, Olandija, Liuksemburgas<br \/>CD 2 &#8211; Austrija, Lichten\u0161teinas, \u0160veicarija, p. Vokietija, \u0161. Italija<br \/>CD 3 &#8211; Ryt\u0173 Europa 1 \u2013 Estija, Latvija, <strong> Lietuva (detalus)<\/strong><br \/>CD 4 &#8211; Ryt\u0173 Europa 2 \u2013 Bulgarija, \u010cekija, Lenkija, Kroatija, Rumunija, Slovakija, Slov\u0117nija, Vengrija<br \/>CD 5 &#8211; \u0161. Pranc\u016bzija<br \/>CD 6 &#8211; p. Pranc\u016bzija<br \/>CD 7 &#8211; Vokietija<br \/>CD 8 &#8211; Italija, San Marinas, Vatikanas, Graikija<br \/>CD 9 &#8211; Danija, \u0160vedija, Suomija, Norvegija<br \/>CD 10 &#8211; Ispanija<br \/>CD 11 &#8211; Portugalija<br \/>CD 12 &#8211; Anglija, \u0160kotija, Airija<br \/>CD 13 &#8211; Europos pagrindini\u0173 keli\u0173 \u017eem\u0117lapiai. <br \/><br \/><em>Avantime iki 2006<br \/>Clio iki 2006<br \/>Espace iki 2006<br \/>Laguna iki 2006 (Laguna I \/ II iki 2005-02)<br \/>Megane \/ Megane Scenic iki 2006<br \/>Safrane iki 2006<br \/>Trafic iki 2006<br \/>Vel Satis iki 2006 <\/em><br \/><br \/>Garantija 12 m\u0117n. | Vilniuje ir Kaune | Geriausia kaina<\/p>\n<hr \/>\n\n\n<h2 class=\"wp-block-heading\"><strong>RENAULT navigacijos \u017eem\u0117lapiai (Carminat Inform\u00e9e 2<\/strong><\/h2>\n\n\n<p>CD 1 &#8211; Belgija, Olandija, Liuksemburgas <br \/>CD 2 &#8211; Austrija, \u0160veicarija, p.Vokietija, \u0161.Italija<br \/>CD 3 &#8211; Austrija, Bulgarija, \u010cekija, Estija, Graikija, Kroatija, Latvija, <strong> Lietuva (detalus)<\/strong>, Lenkija, Rumunija, Slovakija, Slov\u0117nija, Vengrija<br \/>CD 4 &#8211; Pranc\u016bzija, Andora, Monakas<br \/>CD 5 &#8211; Anglija, \u0160kotija, Airija<br \/>CD 6 &#8211; Vokietija<br \/>CD 7 &#8211; Italija, San Marinas, Vatikanas, Graikija<br \/>CD 8 &#8211; Danija, \u0160vedija, Suomija, Norvegija<br \/>CD 9 &#8211; Ispanija, Portugalija, Andora, Gibraltaras <br \/><br \/><em>Espace [nuo 2007.11]<br \/>Kangoo [2008.10-2009.08]<br \/>Koleos [nuo 2008.01]<br \/>Laguna [nuo 2006.01]<br \/>Megane [2006.01-2009.04]<br \/>Master [nuo 2006.01]<br \/>Mascott [nuo 2005.12]<br \/>Scenic [2006.09-2009.05]<br \/>Trafic [2006.01-2010] <\/em><br \/><br \/>Garantija 12 m\u0117n. | Vilniuje ir Kaune | Geriausia kaina<\/p>\n<hr \/>\n\n\n<h2 class=\"wp-block-heading\"><strong>RENAULT navigacijos \u017eem\u0117lapiai (CNC \/Carminat 3)<\/strong><\/h2>\n\n\n<p>Airija, Andora, Austrija, Belgija, Bulgarija, \u010cekija, Danija, D.Britanija, Estija, Gibraltaras, Graikija, Ispanija, Italija, Kroatija, Latvija, Lenkija, Lichten\u0161teinas,<strong> Lietuva (detalus)<\/strong>, Liuksemburgas, Monakas, Norvegija, Olandija, Portugalija, \u012fskaitant Madeir\u0105, Pranc\u016bzija, Rumunija, San Marinas, Slovakija, Slov\u0117nija, Suomija, \u0160vedija, \u0160veicarija, Turkija, Vatikanas, Vengrija, Vokietija. <br \/><br \/><em>Renault Megane nuo 2008\/10<br \/>Renault Scenic nuo 2006\/09<br \/>Renault Koleos nuo 2008\/01<br \/>Renault Laguna nuo 2005\/04<br \/>Renault Velsatis nuo 2005\/06<br \/>Renault Espace nuo 2006\/03<\/em> <br \/><br \/>Garantija 12 m\u0117n. | Vilniuje ir Kaune | Geriausia kaina<\/p>\n<hr \/>\n\n\n<h2 class=\"wp-block-heading\"><strong>RENAULT navigacijos \u017eem\u0117lapiai (Carminat Guidage Informe SH1 \/ SH3)<\/strong><\/h2>\n\n\n<p>Neatnaujiname<br \/><br \/>Garantija 12 m\u0117n. | Vilniuje ir Kaune | Geriausia kaina<\/p>\n<hr \/>\n\n\n<h2 class=\"wp-block-heading\"><strong>RENAULT navigacijos \u017eem\u0117lapiai (TomTom R-Link)<\/strong><\/h2>\n\n\n<p>Albanija, Andora, Austrija, Belgija, Bulgarija, Bosnija ir Herzegovina, Baltarusija, \u0160veicarija, \u010cekija, Vokietija, Danija, Ispanija, Estija, Suomija, Pranc\u016bzija, Jungtin\u0117 Karalyst\u0117, Gibraltaras, Graikija, Kroatija, Vengrija, Airija, Italija, Lichten\u0161teinas,<strong> Lietuva (detalus)<\/strong>, Liuksemburgas, Latvija, Monakas, Moldova, Makedonija, Malta, Juodkalnija, Nyderlandai, Norvegija, Lenkija, Portugalija, Rumunija, Rusija, San Marinas, Serbija, Slovakija, Slovenija, \u0160vedija, Turkija, Ukraina, Vatikanas. <br \/><br \/><em>Renault 2014-2016 su Navigation R-Link <\/em><br \/><br \/>Garantija 12 m\u0117n. | Vilniuje ir Kaune | Geriausia kaina<\/p>\n<hr \/>","protected":false},"excerpt":{"rendered":"<p>RENAULT navigacijos \u017eem\u0117lapiai (TomTom Carminat) 2GB SD &#8211; \u010cekija, Estija, Vengrija, Lietuva (detalus), Lenkija, Slovakija, Slovenija, Bulgarija, Latvija, Kroatija4GB SD &#8211; Albanija, Andora, Austrija, Belgija, Bulgarija, Bosnija ir Herzegovina, Baltarusija, \u0160veicarija, \u010cekija, Vokietija, Danija, Ispanija, Estija, Suomija, Pranc\u016bzija, Jungtin\u0117 Karalyst\u0117, Gibraltaras, Graikija, Kroatija, Vengrija, Airija, Italija, Lichten\u0161teinas, Lietuva (detalus), Liuksemburgas, Latvija, Monakas, Moldova, Makedonija, Malta, [&hellip;]<\/p>\n","protected":false},"author":1,"featured_media":0,"parent":0,"menu_order":0,"comment_status":"closed","ping_status":"closed","template":"","meta":{"_uag_custom_page_level_css":"","footnotes":""},"class_list":["post-448","page","type-page","status-publish","hentry","post"],"yoast_head":"<!-- This site is optimized with the Yoast SEO plugin v27.3 - https:\/\/yoast.com\/product\/yoast-seo-wordpress\/ -->\n<title>Renault navigacija - taisykla Vilniuje, Kaune, Klaip\u0117doje, \u0160iauliuose<\/title>\n<meta name=\"description\" content=\"RENAULT navigacijos \u017eem\u0117lapiai Vilniuje ir Kaune geriausia kaina. 12 m\u0117n. garantija. Tel. nr. 8 (655) 00790 \/ 8 (684) 09811\" \/>\n<meta name=\"robots\" content=\"index, follow, max-snippet:-1, max-image-preview:large, max-video-preview:-1\" \/>\n<link rel=\"canonical\" href=\"https:\/\/techremontas.lt\/pl\/renault-navigacija\/\" \/>\n<meta property=\"og:locale\" content=\"pl_PL\" \/>\n<meta property=\"og:type\" content=\"article\" \/>\n<meta property=\"og:title\" content=\"Renault navigacija - taisykla Vilniuje, Kaune, Klaip\u0117doje, \u0160iauliuose\" \/>\n<meta property=\"og:description\" content=\"RENAULT navigacijos \u017eem\u0117lapiai Vilniuje ir Kaune geriausia kaina. 12 m\u0117n. garantija. Tel. nr. 8 (655) 00790 \/ 8 (684) 09811\" \/>\n<meta property=\"og:url\" content=\"https:\/\/techremontas.lt\/pl\/renault-navigacija\/\" \/>\n<meta property=\"og:site_name\" content=\"taisykla Vilniuje, Kaune, Klaip\u0117doje, \u0160iauliuose\" \/>\n<meta property=\"article:modified_time\" content=\"2019-04-12T07:58:58+00:00\" \/>\n<meta name=\"twitter:card\" content=\"summary_large_image\" \/>\n<meta name=\"twitter:label1\" content=\"Szacowany czas czytania\" \/>\n\t<meta name=\"twitter:data1\" content=\"3 minuty\" \/>\n<script type=\"application\/ld+json\" class=\"yoast-schema-graph\">{\"@context\":\"https:\\\/\\\/schema.org\",\"@graph\":[{\"@type\":\"WebPage\",\"@id\":\"https:\\\/\\\/techremontas.lt\\\/renault-navigacija\\\/\",\"url\":\"https:\\\/\\\/techremontas.lt\\\/renault-navigacija\\\/\",\"name\":\"Renault navigacija - taisykla Vilniuje, Kaune, Klaip\u0117doje, \u0160iauliuose\",\"isPartOf\":{\"@id\":\"https:\\\/\\\/techremontas.lt\\\/#website\"},\"datePublished\":\"2019-04-12T07:45:28+00:00\",\"dateModified\":\"2019-04-12T07:58:58+00:00\",\"description\":\"RENAULT navigacijos \u017eem\u0117lapiai Vilniuje ir Kaune geriausia kaina. 12 m\u0117n. garantija. Tel. nr. 8 (655) 00790 \\\/ 8 (684) 09811\",\"breadcrumb\":{\"@id\":\"https:\\\/\\\/techremontas.lt\\\/renault-navigacija\\\/#breadcrumb\"},\"inLanguage\":\"pl-PL\",\"potentialAction\":[{\"@type\":\"ReadAction\",\"target\":[\"https:\\\/\\\/techremontas.lt\\\/renault-navigacija\\\/\"]}]},{\"@type\":\"BreadcrumbList\",\"@id\":\"https:\\\/\\\/techremontas.lt\\\/renault-navigacija\\\/#breadcrumb\",\"itemListElement\":[{\"@type\":\"ListItem\",\"position\":1,\"name\":\"Pagrindinis\",\"item\":\"https:\\\/\\\/techremontas.lt\\\/\"},{\"@type\":\"ListItem\",\"position\":2,\"name\":\"Renault navigacija\"}]},{\"@type\":\"WebSite\",\"@id\":\"https:\\\/\\\/techremontas.lt\\\/#website\",\"url\":\"https:\\\/\\\/techremontas.lt\\\/\",\"name\":\"taisykla Vilniuje, Kaune, Klaip\u0117doje, \u0160iauliuose\",\"description\":\"Modernios el. technikos servisas\",\"potentialAction\":[{\"@type\":\"SearchAction\",\"target\":{\"@type\":\"EntryPoint\",\"urlTemplate\":\"https:\\\/\\\/techremontas.lt\\\/?s={search_term_string}\"},\"query-input\":{\"@type\":\"PropertyValueSpecification\",\"valueRequired\":true,\"valueName\":\"search_term_string\"}}],\"inLanguage\":\"pl-PL\"}]}<\/script>\n<!-- \/ Yoast SEO plugin. -->","yoast_head_json":{"title":"Renault navigacija - taisykla Vilniuje, Kaune, Klaip\u0117doje, \u0160iauliuose","description":"Mapy nawigacyjne RENAULT w Wilnie i Kownie w najlepszej cenie. 12 miesi\u0119cy gwarancji. Tel. 8 (655) 00790 \/ 8 (684) 09811","robots":{"index":"index","follow":"follow","max-snippet":"max-snippet:-1","max-image-preview":"max-image-preview:large","max-video-preview":"max-video-preview:-1"},"canonical":"https:\/\/techremontas.lt\/pl\/renault-navigacija\/","og_locale":"pl_PL","og_type":"article","og_title":"Renault navigacija - taisykla Vilniuje, Kaune, Klaip\u0117doje, \u0160iauliuose","og_description":"RENAULT navigacijos \u017eem\u0117lapiai Vilniuje ir Kaune geriausia kaina. 12 m\u0117n. garantija. Tel. nr. 8 (655) 00790 \/ 8 (684) 09811","og_url":"https:\/\/techremontas.lt\/pl\/renault-navigacija\/","og_site_name":"taisykla Vilniuje, Kaune, Klaip\u0117doje, \u0160iauliuose","article_modified_time":"2019-04-12T07:58:58+00:00","twitter_card":"summary_large_image","twitter_misc":{"Szacowany czas czytania":"3 minuty"},"schema":{"@context":"https:\/\/schema.org","@graph":[{"@type":"WebPage","@id":"https:\/\/techremontas.lt\/renault-navigacija\/","url":"https:\/\/techremontas.lt\/renault-navigacija\/","name":"Renault navigacija - taisykla Vilniuje, Kaune, Klaip\u0117doje, \u0160iauliuose","isPartOf":{"@id":"https:\/\/techremontas.lt\/#website"},"datePublished":"2019-04-12T07:45:28+00:00","dateModified":"2019-04-12T07:58:58+00:00","description":"Mapy nawigacyjne RENAULT w Wilnie i Kownie w najlepszej cenie. 12 miesi\u0119cy gwarancji. Tel. 8 (655) 00790 \/ 8 (684) 09811","breadcrumb":{"@id":"https:\/\/techremontas.lt\/renault-navigacija\/#breadcrumb"},"inLanguage":"pl-PL","potentialAction":[{"@type":"ReadAction","target":["https:\/\/techremontas.lt\/renault-navigacija\/"]}]},{"@type":"BreadcrumbList","@id":"https:\/\/techremontas.lt\/renault-navigacija\/#breadcrumb","itemListElement":[{"@type":"ListItem","position":1,"name":"Pagrindinis","item":"https:\/\/techremontas.lt\/"},{"@type":"ListItem","position":2,"name":"Renault navigacija"}]},{"@type":"WebSite","@id":"https:\/\/techremontas.lt\/#website","url":"https:\/\/techremontas.lt\/","name":"taisykla Vilniuje, Kaune, Klaip\u0117doje, \u0160iauliuose","description":"Serwis nowoczesnych urz\u0105dze\u0144 elektrycznych","potentialAction":[{"@type":"SearchAction","target":{"@type":"EntryPoint","urlTemplate":"https:\/\/techremontas.lt\/?s={search_term_string}"},"query-input":{"@type":"PropertyValueSpecification","valueRequired":true,"valueName":"search_term_string"}}],"inLanguage":"pl-PL"}]}},"uagb_featured_image_src":{"full":false,"thumbnail":false,"medium":false,"medium_large":false,"large":false,"1536x1536":false,"2048x2048":false,"trp-custom-language-flag":false,"post-thumbnail":false,"vantage-thumbnail-no-sidebar":false,"vantage-slide":false,"vantage-carousel":false,"vantage-grid-loop":false},"uagb_author_info":{"display_name":"valdymas","author_link":"https:\/\/techremontas.lt\/pl\/author\/valdymas\/"},"uagb_comment_info":0,"uagb_excerpt":"RENAULT navigacijos \u017eem\u0117lapiai (TomTom Carminat) 2GB SD &#8211; \u010cekija, Estija, Vengrija, Lietuva (detalus), Lenkija, Slovakija, Slovenija, Bulgarija, Latvija, Kroatija4GB SD &#8211; Albanija, Andora, Austrija, Belgija, Bulgarija, Bosnija ir Herzegovina, Baltarusija, \u0160veicarija, \u010cekija, Vokietija, Danija, Ispanija, Estija, Suomija, Pranc\u016bzija, Jungtin\u0117 Karalyst\u0117, Gibraltaras, Graikija, Kroatija, Vengrija, Airija, Italija, Lichten\u0161teinas, Lietuva (detalus), Liuksemburgas, Latvija, Monakas, Moldova, Makedonija, Malta,&hellip;","_links":{"self":[{"href":"https:\/\/techremontas.lt\/pl\/wp-json\/wp\/v2\/pages\/448","targetHints":{"allow":["GET"]}}],"collection":[{"href":"https:\/\/techremontas.lt\/pl\/wp-json\/wp\/v2\/pages"}],"about":[{"href":"https:\/\/techremontas.lt\/pl\/wp-json\/wp\/v2\/types\/page"}],"author":[{"embeddable":true,"href":"https:\/\/techremontas.lt\/pl\/wp-json\/wp\/v2\/users\/1"}],"replies":[{"embeddable":true,"href":"https:\/\/techremontas.lt\/pl\/wp-json\/wp\/v2\/comments?post=448"}],"version-history":[{"count":8,"href":"https:\/\/techremontas.lt\/pl\/wp-json\/wp\/v2\/pages\/448\/revisions"}],"predecessor-version":[{"id":456,"href":"https:\/\/techremontas.lt\/pl\/wp-json\/wp\/v2\/pages\/448\/revisions\/456"}],"wp:attachment":[{"href":"https:\/\/techremontas.lt\/pl\/wp-json\/wp\/v2\/media?parent=448"}],"curies":[{"name":"wp","href":"https:\/\/api.w.org\/{rel}","templated":true}]}}