{"id":465,"date":"2019-04-12T06:11:26","date_gmt":"2019-04-12T08:11:26","guid":{"rendered":"https:\/\/techremontas.lt\/?page_id=465"},"modified":"2019-04-12T06:21:11","modified_gmt":"2019-04-12T08:21:11","slug":"seat-navigacija","status":"publish","type":"page","link":"https:\/\/techremontas.lt\/pl\/seat-navigacija\/","title":{"rendered":"Nawigacja na siedzeniu"},"content":{"rendered":"<h2 class=\"wp-block-heading\"><strong>Mapy nawigacji SEAT (RNS Mediasystem)<\/strong><\/h2>\n\n\n<p>CD 1 - Andora, Austria, Belgia, Czechy, Dania, Finlandia, Francja, Niemcy, Grecja, W\u0119gry, Irlandia, Gibraltar, W\u0142ochy, Liechtenstein, Luksemburg, Monako, Holandia, Norwegia, Portugalia, Hiszpania, S\u0142owacja, Szwecja, Szwajcaria, Watykan, Wielka Brytania <br \/>CD 2 - Albania, Austria, Bia\u0142oru\u015b, Bu\u0142garia, Bo\u015bnia i Hercegowina, Chorwacja, Czechy, Dania, Estonia, Grecja, W\u0142ochy, Czarnog\u00f3ra, Polska, \u0141otwa, <strong>Litwa (szczeg\u00f3\u0142y)<\/strong> Rumunia, Serbia, S\u0142owacja, S\u0142owenia, Finlandia, Szwajcaria, Szwecja, W\u0119gry, Niemcy. <br \/><br \/><em>Fabryczny system nawigacji GPS SEAT-a RNS DVD Mediasystem. <\/em><br \/><br \/>Gwarancja 12 miesi\u0119cy. | Wilno i Kowno | Najlepsza cena<\/p>\n<hr \/>\n\n\n<h2 class=\"wp-block-heading\"><strong>Mapy nawigacji SEAT (RNS Mediasystem 2.0)  <\/strong><\/h2>\n\n\n<p>CD 1 - Andora, Austria, Belgia, Czechy, Dania, Finlandia, Francja, Niemcy, Grecja, W\u0119gry, Irlandia, Gibraltar, W\u0142ochy, Liechtenstein, Luksemburg, Monako, Holandia, Norwegia, Portugalia, Hiszpania, S\u0142owacja, Szwecja, Szwajcaria, Watykan, Wielka Brytania <br \/>CD 2 - Albania, Austria, Bia\u0142oru\u015b, Bu\u0142garia, Bo\u015bnia i Hercegowina, Chorwacja, Czechy, Dania, Estonia, Grecja, W\u0142ochy, Czarnog\u00f3ra, Polska, \u0141otwa, <strong>Litwa (szczeg\u00f3\u0142y)<\/strong>Rumunia, Serbia, S\u0142owacja, S\u0142owenia, Szwajcaria, W\u0119gry, Niemcy. <br \/><br \/>Starsze mapy<br \/>CD 1 - G\u0142\u00f3wne mapy drogowe 38 kraj\u00f3w europejskich.<br \/>CD 2 - Austria, Szwajcaria, Liechtenstein, wschodnia Francja, po\u0142udniowe Niemcy, p\u00f3\u0142nocne W\u0142ochy, W\u0119gry do Budapesztu.<br \/>CD 3 - Belgia, Holandia, Luksemburg<br \/>CD 4 - Irlandia, Wielka Brytania, w tym Anglia, Irlandia P\u00f3\u0142nocna, Szkocja i Walia.<br \/>CD 5 - Niemcy.<br \/>CD 6 - Grecja, Chorwacja, S\u0142owenia.<br \/>CD 7 - Hiszpania, Portugalia, Gibraltar, Andora.<br \/>CD 8 - W\u0142ochy, San Marino, Watykan.<br \/>CD 9 - Polska, <strong>Litwa (szczeg\u00f3\u0142y) <\/strong>\u0141otwa, Estonia.<br \/>CD 10 - Dania, Norwegia, Finlandia, Szwecja.<br \/>CD 11 - Turcja<br \/>CD 12 - Francja, Monako.<br \/>CD 13 - Czechy, S\u0142owacja, W\u0119gry. <br \/><br \/><em>Seat Altea od 2009\/03 <\/em><br \/><em>Seat Ibisa od 2009\/03 <\/em><br \/><em>Seat Toledo od 2009\/03 <\/em> <br \/><br \/>Gwarancja 12 miesi\u0119cy. | Wilno i Kowno | Najlepsza cena<\/p>\n<hr \/>\n\n\n<h2 class=\"wp-block-heading\"><strong>Mapy nawigacji SEAT (RNS Mediasystem 2.1 \/ 2.2) <\/strong><\/h2>\n\n\n<p>SD 1 - Andora, Austria, Belgia, Czechy, Dania, Finlandia, Francja, Niemcy, Grecja, Gibraltar, W\u0119gry, Irlandia, W\u0142ochy, Liechtenstein, Luksemburg, Polska, Monako, Norwegia, Holandia, Portugalia, S\u0142owacja, Hiszpania, Szwecja, Szwajcaria, Watykan, Wielka Brytania <br \/>SD2 - Albania, Austria, Bia\u0142oru\u015b, Bu\u0142garia, Bo\u015bnia i Hercegowina, Chorwacja, Czechy, Dania, Estonia, Grecja, W\u0142ochy, Czarnog\u00f3ra, Polska, \u0141otwa, <strong>Litwa (szczeg\u00f3\u0142y)<\/strong>Rumunia, Serbia, S\u0142owacja, S\u0142owenia, Szwajcaria, W\u0119gry, Niemcy<br \/><br \/><em>Dla urz\u0105dze\u0144 Navigator Seat Navigation Mediasystem 2.1 i 2.2 (uruchamianych z wewn\u0119trznego dysku twardego) <\/em><br \/><br \/>Gwarancja 12 miesi\u0119cy. | Wilno i Kowno | Najlepsza cena<\/p>\n<hr \/>\n\n\n<h2 class=\"wp-block-heading\"><strong>Mapy nawigacyjne SEAT (DNS DX)<\/strong><\/h2>\n\n\n\n<p>CD 1 - Austria, Szwajcaria, Liechtenstein, Francja, Niemcy, W\u0142ochy <br>CD 2 - Belgia, Holandia, Luksemburg <br>CD 3 - Czechy, Polska<br>CD 4 - Niemcy <br>CD 5 - W\u0142ochy, San Marino, Watykan <br>CD 6 - Finlandia, Szwecja, Norwegia, Dania <br>CD 7 - Hiszpania, Portugalia <br>CD 8 - Francja <br>CD 9 - Wielka Brytania <br>CD 10 - G\u0142\u00f3wne drogi Europy. <br><br>Gwarancja 12 miesi\u0119cy. | Wilno i Kowno | Najlepsza cena<\/p><hr\/>","protected":false},"excerpt":{"rendered":"<p>SEAT navigacijos \u017eem\u0117lapiai (RNS Mediasystem) CD 1 &#8211; Airija, Andora, Austrija, Belgija, \u010cekija, Danija, D.Britanija, Giblartaras, Graikija, Ispanija, Italija, Lichten\u0161teinas, Lenkija, Liuksemburgas, Monakas, Norvegija, Olandija, Portugalija, Pranc\u016bzija, Slovakija, Suomija, \u0160veicarija, \u0160vedija, Vatikanas, Vengrija, Vokietija CD 2 &#8211; Albanija, Austrija, Baltarusija, Bulgarija, Bosnija ir Hercegovina, \u010cekija, Danija, Estija, Graikija, Italija, Juodkalnija, Kroatija, Lenkija, Latvija, Lietuva (detalus) [&hellip;]<\/p>\n","protected":false},"author":1,"featured_media":0,"parent":0,"menu_order":0,"comment_status":"closed","ping_status":"closed","template":"","meta":{"_uag_custom_page_level_css":"","footnotes":""},"class_list":["post-465","page","type-page","status-publish","hentry","post"],"yoast_head":"<!-- This site is optimized with the Yoast SEO plugin v27.5 - https:\/\/yoast.com\/product\/yoast-seo-wordpress\/ -->\n<title>Seat navigacija - taisykla Vilniuje, Kaune, Klaip\u0117doje, \u0160iauliuose<\/title>\n<meta name=\"description\" content=\"SEAT navigacijos \u017eem\u0117lapiai Vilniuje ir Kaune geriausia kaina. 12 m\u0117n. garantija. Tel. nr. 8 (655) 00790 \/ 8 (684) 09811\" \/>\n<meta name=\"robots\" content=\"index, follow, max-snippet:-1, max-image-preview:large, max-video-preview:-1\" \/>\n<link rel=\"canonical\" href=\"https:\/\/techremontas.lt\/pl\/seat-navigacija\/\" \/>\n<meta property=\"og:locale\" content=\"pl_PL\" \/>\n<meta property=\"og:type\" content=\"article\" \/>\n<meta property=\"og:title\" content=\"Seat navigacija - taisykla Vilniuje, Kaune, Klaip\u0117doje, \u0160iauliuose\" \/>\n<meta property=\"og:description\" content=\"SEAT navigacijos \u017eem\u0117lapiai Vilniuje ir Kaune geriausia kaina. 12 m\u0117n. garantija. Tel. nr. 8 (655) 00790 \/ 8 (684) 09811\" \/>\n<meta property=\"og:url\" content=\"https:\/\/techremontas.lt\/pl\/seat-navigacija\/\" \/>\n<meta property=\"og:site_name\" content=\"taisykla Vilniuje, Kaune, Klaip\u0117doje, \u0160iauliuose\" \/>\n<meta property=\"article:modified_time\" content=\"2019-04-12T08:21:11+00:00\" \/>\n<meta name=\"twitter:card\" content=\"summary_large_image\" \/>\n<meta name=\"twitter:label1\" content=\"Szacowany czas czytania\" \/>\n\t<meta name=\"twitter:data1\" content=\"2 minuty\" \/>\n<script type=\"application\/ld+json\" class=\"yoast-schema-graph\">{\"@context\":\"https:\\\/\\\/schema.org\",\"@graph\":[{\"@type\":\"WebPage\",\"@id\":\"https:\\\/\\\/techremontas.lt\\\/seat-navigacija\\\/\",\"url\":\"https:\\\/\\\/techremontas.lt\\\/seat-navigacija\\\/\",\"name\":\"Seat navigacija - taisykla Vilniuje, Kaune, Klaip\u0117doje, \u0160iauliuose\",\"isPartOf\":{\"@id\":\"https:\\\/\\\/techremontas.lt\\\/#website\"},\"datePublished\":\"2019-04-12T08:11:26+00:00\",\"dateModified\":\"2019-04-12T08:21:11+00:00\",\"description\":\"SEAT navigacijos \u017eem\u0117lapiai Vilniuje ir Kaune geriausia kaina. 12 m\u0117n. garantija. Tel. nr. 8 (655) 00790 \\\/ 8 (684) 09811\",\"breadcrumb\":{\"@id\":\"https:\\\/\\\/techremontas.lt\\\/seat-navigacija\\\/#breadcrumb\"},\"inLanguage\":\"pl-PL\",\"potentialAction\":[{\"@type\":\"ReadAction\",\"target\":[\"https:\\\/\\\/techremontas.lt\\\/seat-navigacija\\\/\"]}]},{\"@type\":\"BreadcrumbList\",\"@id\":\"https:\\\/\\\/techremontas.lt\\\/seat-navigacija\\\/#breadcrumb\",\"itemListElement\":[{\"@type\":\"ListItem\",\"position\":1,\"name\":\"Pagrindinis\",\"item\":\"https:\\\/\\\/techremontas.lt\\\/\"},{\"@type\":\"ListItem\",\"position\":2,\"name\":\"Seat navigacija\"}]},{\"@type\":\"WebSite\",\"@id\":\"https:\\\/\\\/techremontas.lt\\\/#website\",\"url\":\"https:\\\/\\\/techremontas.lt\\\/\",\"name\":\"taisykla Vilniuje, Kaune, Klaip\u0117doje, \u0160iauliuose\",\"description\":\"Modernios el. technikos servisas\",\"potentialAction\":[{\"@type\":\"SearchAction\",\"target\":{\"@type\":\"EntryPoint\",\"urlTemplate\":\"https:\\\/\\\/techremontas.lt\\\/?s={search_term_string}\"},\"query-input\":{\"@type\":\"PropertyValueSpecification\",\"valueRequired\":true,\"valueName\":\"search_term_string\"}}],\"inLanguage\":\"pl-PL\"}]}<\/script>\n<!-- \/ Yoast SEO plugin. -->","yoast_head_json":{"title":"Seat navigacija - taisykla Vilniuje, Kaune, Klaip\u0117doje, \u0160iauliuose","description":"Mapy nawigacyjne SEAT w Wilnie i Kownie w najlepszej cenie. 12 miesi\u0119cy gwarancji. Tel. 8 (655) 00790 \/ 8 (684) 09811","robots":{"index":"index","follow":"follow","max-snippet":"max-snippet:-1","max-image-preview":"max-image-preview:large","max-video-preview":"max-video-preview:-1"},"canonical":"https:\/\/techremontas.lt\/pl\/seat-navigacija\/","og_locale":"pl_PL","og_type":"article","og_title":"Seat navigacija - taisykla Vilniuje, Kaune, Klaip\u0117doje, \u0160iauliuose","og_description":"SEAT navigacijos \u017eem\u0117lapiai Vilniuje ir Kaune geriausia kaina. 12 m\u0117n. garantija. Tel. nr. 8 (655) 00790 \/ 8 (684) 09811","og_url":"https:\/\/techremontas.lt\/pl\/seat-navigacija\/","og_site_name":"taisykla Vilniuje, Kaune, Klaip\u0117doje, \u0160iauliuose","article_modified_time":"2019-04-12T08:21:11+00:00","twitter_card":"summary_large_image","twitter_misc":{"Szacowany czas czytania":"2 minuty"},"schema":{"@context":"https:\/\/schema.org","@graph":[{"@type":"WebPage","@id":"https:\/\/techremontas.lt\/seat-navigacija\/","url":"https:\/\/techremontas.lt\/seat-navigacija\/","name":"Seat navigacija - taisykla Vilniuje, Kaune, Klaip\u0117doje, \u0160iauliuose","isPartOf":{"@id":"https:\/\/techremontas.lt\/#website"},"datePublished":"2019-04-12T08:11:26+00:00","dateModified":"2019-04-12T08:21:11+00:00","description":"Mapy nawigacyjne SEAT w Wilnie i Kownie w najlepszej cenie. 12 miesi\u0119cy gwarancji. Tel. 8 (655) 00790 \/ 8 (684) 09811","breadcrumb":{"@id":"https:\/\/techremontas.lt\/seat-navigacija\/#breadcrumb"},"inLanguage":"pl-PL","potentialAction":[{"@type":"ReadAction","target":["https:\/\/techremontas.lt\/seat-navigacija\/"]}]},{"@type":"BreadcrumbList","@id":"https:\/\/techremontas.lt\/seat-navigacija\/#breadcrumb","itemListElement":[{"@type":"ListItem","position":1,"name":"Pagrindinis","item":"https:\/\/techremontas.lt\/"},{"@type":"ListItem","position":2,"name":"Seat navigacija"}]},{"@type":"WebSite","@id":"https:\/\/techremontas.lt\/#website","url":"https:\/\/techremontas.lt\/","name":"taisykla Vilniuje, Kaune, Klaip\u0117doje, \u0160iauliuose","description":"Serwis nowoczesnych urz\u0105dze\u0144 elektrycznych","potentialAction":[{"@type":"SearchAction","target":{"@type":"EntryPoint","urlTemplate":"https:\/\/techremontas.lt\/?s={search_term_string}"},"query-input":{"@type":"PropertyValueSpecification","valueRequired":true,"valueName":"search_term_string"}}],"inLanguage":"pl-PL"}]}},"uagb_featured_image_src":{"full":false,"thumbnail":false,"medium":false,"medium_large":false,"large":false,"1536x1536":false,"2048x2048":false,"trp-custom-language-flag":false,"post-thumbnail":false,"vantage-thumbnail-no-sidebar":false,"vantage-slide":false,"vantage-carousel":false,"vantage-grid-loop":false},"uagb_author_info":{"display_name":"valdymas","author_link":"https:\/\/techremontas.lt\/pl\/author\/valdymas\/"},"uagb_comment_info":0,"uagb_excerpt":"SEAT navigacijos \u017eem\u0117lapiai (RNS Mediasystem) CD 1 &#8211; Airija, Andora, Austrija, Belgija, \u010cekija, Danija, D.Britanija, Giblartaras, Graikija, Ispanija, Italija, Lichten\u0161teinas, Lenkija, Liuksemburgas, Monakas, Norvegija, Olandija, Portugalija, Pranc\u016bzija, Slovakija, Suomija, \u0160veicarija, \u0160vedija, Vatikanas, Vengrija, Vokietija CD 2 &#8211; Albanija, Austrija, Baltarusija, Bulgarija, Bosnija ir Hercegovina, \u010cekija, Danija, Estija, Graikija, Italija, Juodkalnija, Kroatija, Lenkija, Latvija, Lietuva (detalus)&hellip;","_links":{"self":[{"href":"https:\/\/techremontas.lt\/pl\/wp-json\/wp\/v2\/pages\/465","targetHints":{"allow":["GET"]}}],"collection":[{"href":"https:\/\/techremontas.lt\/pl\/wp-json\/wp\/v2\/pages"}],"about":[{"href":"https:\/\/techremontas.lt\/pl\/wp-json\/wp\/v2\/types\/page"}],"author":[{"embeddable":true,"href":"https:\/\/techremontas.lt\/pl\/wp-json\/wp\/v2\/users\/1"}],"replies":[{"embeddable":true,"href":"https:\/\/techremontas.lt\/pl\/wp-json\/wp\/v2\/comments?post=465"}],"version-history":[{"count":4,"href":"https:\/\/techremontas.lt\/pl\/wp-json\/wp\/v2\/pages\/465\/revisions"}],"predecessor-version":[{"id":469,"href":"https:\/\/techremontas.lt\/pl\/wp-json\/wp\/v2\/pages\/465\/revisions\/469"}],"wp:attachment":[{"href":"https:\/\/techremontas.lt\/pl\/wp-json\/wp\/v2\/media?parent=465"}],"curies":[{"name":"wp","href":"https:\/\/api.w.org\/{rel}","templated":true}]}}