{"id":471,"date":"2019-04-12T06:26:50","date_gmt":"2019-04-12T08:26:50","guid":{"rendered":"https:\/\/techremontas.lt\/?page_id=471"},"modified":"2019-04-12T06:37:19","modified_gmt":"2019-04-12T08:37:19","slug":"skoda-navigacija","status":"publish","type":"page","link":"https:\/\/techremontas.lt\/pl\/skoda-navigacija\/","title":{"rendered":"Nawigacja Skoda"},"content":{"rendered":"<h2 class=\"wp-block-heading\"><strong>Mapy nawigacyjne \u0160KODA (RNS Trinax Columbus) <\/strong><\/h2>\n\n\n<p>CD 1 - Andora, Austria, Belgia, Czechy, Dania, Finlandia, Francja, Niemcy, Grecja, W\u0119gry, Irlandia, Gibraltar, W\u0142ochy, Liechtenstein, Luksemburg, Monako, Holandia, Norwegia, Portugalia, Hiszpania, S\u0142owacja, Szwecja, Szwajcaria, Watykan, Wielka Brytania. <br \/>CD 2 - Albania, Austria, Bia\u0142oru\u015b, Bu\u0142garia, Bo\u015bnia i Hercegowina, Chorwacja, Czechy, Dania, Estonia, Grecja, W\u0142ochy, Czarnog\u00f3ra, Polska, \u0141otwa, <strong>Litwa (szczeg\u00f3\u0142y)<\/strong>Rumunia, Serbia, S\u0142owacja, S\u0142owenia, Finlandia, Szwajcaria, Szwecja, W\u0119gry, Niemcy. <br \/><br \/><em>Skoda Octavia 2008-2017 <br \/>Skoda Roomster 2008-2015 <br \/>Skoda Superb 2008-2017 <br \/>Skoda Yeti 2008-2017 <\/em><br \/><br \/>Gwarancja 12 miesi\u0119cy. | Wilno i Kowno | Najlepsza cena<\/p>\n<hr \/>\n\n\n<h2 class=\"wp-block-heading\"><strong>Mapy nawigacji \u0160KODA (Blaupunkt RNS Amundsen) <\/strong><\/h2>\n\n\n<p>SD 1 - Andora, Austria, Belgia, Czechy, Dania, Finlandia, Francja, Niemcy, Grecja, W\u0119gry, Irlandia, Gibraltar, W\u0142ochy, Liechtenstein, Luksemburg, Monako, Norwegia, Holandia, Portugalia, S\u0142owacja, Hiszpania, Szwecja, Szwajcaria, Watykan, Wielka Brytania. <br \/>SD 2 - Albania, Austria, Bia\u0142oru\u015b, Bu\u0142garia, Bo\u015bnia i Hercegowina, Chorwacja, Czechy, Dania, Estonia, Grecja, W\u0142ochy, Czarnog\u00f3ra, Polska, \u0141otwa, <strong>Litwa (szczeg\u00f3\u0142y)<\/strong>Rumunia, Serbia, S\u0142owacja, S\u0142owenia, Szwajcaria, W\u0119gry, Niemcy. <br \/><br \/><em>\u0160koda Superb od 2009\/03 <\/em><br \/><em>\u0160koda Octavia od 2009\/03 <\/em><br \/><em>Skoda Rapid <\/em><br \/><em>\u0160koda Roomster od 2010\/01 <\/em><br \/><em>\u0160koda Fabia od 2010\/01 <\/em><br \/><em>\u0160koda Yeti od 2009\/03 <\/em> <br \/><br \/>Gwarancja 12 miesi\u0119cy. | Wilno i Kowno | Najlepsza cena<\/p>\n<hr \/>\n\n\n<h2 class=\"wp-block-heading\"><strong>Mapy nawigacji \u0160KODA (Blaupunkt RNS Amundsen+) <\/strong><\/h2>\n\n\n<p>SD 1 - Andora, Austria, Belgia, Czechy, Dania, Finlandia, Francja, Niemcy, Grecja, W\u0119gry, Irlandia, Gibraltar, W\u0142ochy, Liechtenstein, Luksemburg, Monako, Holandia, Norwegia, Portugalia, Hiszpania, S\u0142owacja, Szwecja, Szwajcaria, Watykan, Wielka Brytania <br \/>SD 2 - Albania, Austria, Bia\u0142oru\u015b, Bu\u0142garia, Bo\u015bnia i Hercegowina, Chorwacja, Czechy, Dania, Estonia, Grecja, W\u0142ochy, Czarnog\u00f3ra, Polska, \u0141otwa, <strong>Litwa (szczeg\u00f3\u0142y)<\/strong>Rumunia, Serbia, S\u0142owacja, S\u0142owenia, Szwajcaria, W\u0119gry, Niemcy <br \/><br \/><em>\u0160koda Superb od 2011 roku <\/em><br \/><em>\u0160koda Octavia od 2011 r. <\/em><br \/><em>\u0160koda Rapid od 2011 roku <\/em><br \/><em>\u0160koda Roomster od 2011 roku <\/em><br \/><em>\u0160koda Fabia od 2011 roku <\/em><br \/><em>\u0160koda Yeti od 2011 r. <\/em><br \/><br \/>Gwarancja 12 miesi\u0119cy. | Wilno i Kowno | Najlepsza cena<\/p>\n<hr \/>\n\n\n<h2 class=\"wp-block-heading\"><strong>Mapy nawigacji \u0160KODA (Nexus DX z CD) <\/strong><\/h2>\n\n\n<p>CD 1 - Austria, Szwajcaria, Liechtenstein, Francja, Niemcy, W\u0142ochy <br \/>CD 2 - Belgia, Holandia, Luksemburg <br \/>CD 3 - Czechy, Polska<br \/>CD 4 - Niemcy <br \/>CD 5 - W\u0142ochy, San Marino, Watykan <br \/>CD 6 - Finlandia, Szwecja, Norwegia, Dania <br \/>CD 7 - Hiszpania, Portugalia <br \/>CD 8 - Francja <br \/>CD 9 - Wielka Brytania <br \/>CD 10 - MRE: G\u0142\u00f3wne drogi Europy. <br \/><em><br \/>Dla fabrycznego systemu nawigacji GPS \u0160KODA CD Navigation DX Nexus.<\/em> <br \/><br \/>Gwarancja 12 miesi\u0119cy. | Wilno i Kowno | Najlepsza cena<\/p>\n<hr \/>","protected":false},"excerpt":{"rendered":"<p>\u0160KODA navigacijos \u017eem\u0117lapiai (RNS Trinax Columbus) CD 1 &#8211; Airija, Andora, Austrija, Belgija, \u010cekija, Danija, D.Britanija, Giblartaras, Graikija, Ispanija, Italija, Lichten\u0161teinas, Lenkija, Liuksemburgas, Monakas, Norvegija, Olandija, Portugalija, Pranc\u016bzija, Slovakija, Suomija, \u0160veicarija, \u0160vedija, Vatikanas, Vengrija, Vokietija. CD 2 &#8211; Albanija, Austrija, Baltarusija, Bulgarija, Bosnija ir Hercegovina, \u010cekija, Danija, Estija, Graikija, Italija, Juodkalnija, Kroatija, Lenkija, Latvija, Lietuva [&hellip;]<\/p>\n","protected":false},"author":1,"featured_media":0,"parent":0,"menu_order":0,"comment_status":"closed","ping_status":"closed","template":"","meta":{"_uag_custom_page_level_css":"","footnotes":""},"class_list":["post-471","page","type-page","status-publish","hentry","post"],"yoast_head":"<!-- This site is optimized with the Yoast SEO plugin v27.3 - https:\/\/yoast.com\/product\/yoast-seo-wordpress\/ -->\n<title>\u0160koda navigacija - taisykla Vilniuje, Kaune, Klaip\u0117doje, \u0160iauliuose<\/title>\n<meta name=\"description\" content=\"\u0160KODA navigacijos \u017eem\u0117lapiai Vilniuje ir Kaune geriausia kaina. 12 m\u0117n. garantija. Tel. nr. 8 (655) 00790 \/ 8 (684) 09811\" \/>\n<meta name=\"robots\" content=\"index, follow, max-snippet:-1, max-image-preview:large, max-video-preview:-1\" \/>\n<link rel=\"canonical\" href=\"https:\/\/techremontas.lt\/pl\/skoda-navigacija\/\" \/>\n<meta property=\"og:locale\" content=\"pl_PL\" \/>\n<meta property=\"og:type\" content=\"article\" \/>\n<meta property=\"og:title\" content=\"\u0160koda navigacija - taisykla Vilniuje, Kaune, Klaip\u0117doje, \u0160iauliuose\" \/>\n<meta property=\"og:description\" content=\"\u0160KODA navigacijos \u017eem\u0117lapiai Vilniuje ir Kaune geriausia kaina. 12 m\u0117n. garantija. Tel. nr. 8 (655) 00790 \/ 8 (684) 09811\" \/>\n<meta property=\"og:url\" content=\"https:\/\/techremontas.lt\/pl\/skoda-navigacija\/\" \/>\n<meta property=\"og:site_name\" content=\"taisykla Vilniuje, Kaune, Klaip\u0117doje, \u0160iauliuose\" \/>\n<meta property=\"article:modified_time\" content=\"2019-04-12T08:37:19+00:00\" \/>\n<meta name=\"twitter:card\" content=\"summary_large_image\" \/>\n<meta name=\"twitter:label1\" content=\"Szacowany czas czytania\" \/>\n\t<meta name=\"twitter:data1\" content=\"2 minuty\" \/>\n<script type=\"application\/ld+json\" class=\"yoast-schema-graph\">{\"@context\":\"https:\\\/\\\/schema.org\",\"@graph\":[{\"@type\":\"WebPage\",\"@id\":\"https:\\\/\\\/techremontas.lt\\\/skoda-navigacija\\\/\",\"url\":\"https:\\\/\\\/techremontas.lt\\\/skoda-navigacija\\\/\",\"name\":\"\u0160koda navigacija - taisykla Vilniuje, Kaune, Klaip\u0117doje, \u0160iauliuose\",\"isPartOf\":{\"@id\":\"https:\\\/\\\/techremontas.lt\\\/#website\"},\"datePublished\":\"2019-04-12T08:26:50+00:00\",\"dateModified\":\"2019-04-12T08:37:19+00:00\",\"description\":\"\u0160KODA navigacijos \u017eem\u0117lapiai Vilniuje ir Kaune geriausia kaina. 12 m\u0117n. garantija. Tel. nr. 8 (655) 00790 \\\/ 8 (684) 09811\",\"breadcrumb\":{\"@id\":\"https:\\\/\\\/techremontas.lt\\\/skoda-navigacija\\\/#breadcrumb\"},\"inLanguage\":\"pl-PL\",\"potentialAction\":[{\"@type\":\"ReadAction\",\"target\":[\"https:\\\/\\\/techremontas.lt\\\/skoda-navigacija\\\/\"]}]},{\"@type\":\"BreadcrumbList\",\"@id\":\"https:\\\/\\\/techremontas.lt\\\/skoda-navigacija\\\/#breadcrumb\",\"itemListElement\":[{\"@type\":\"ListItem\",\"position\":1,\"name\":\"Pagrindinis\",\"item\":\"https:\\\/\\\/techremontas.lt\\\/\"},{\"@type\":\"ListItem\",\"position\":2,\"name\":\"\u0160koda navigacija\"}]},{\"@type\":\"WebSite\",\"@id\":\"https:\\\/\\\/techremontas.lt\\\/#website\",\"url\":\"https:\\\/\\\/techremontas.lt\\\/\",\"name\":\"taisykla Vilniuje, Kaune, Klaip\u0117doje, \u0160iauliuose\",\"description\":\"Modernios el. technikos servisas\",\"potentialAction\":[{\"@type\":\"SearchAction\",\"target\":{\"@type\":\"EntryPoint\",\"urlTemplate\":\"https:\\\/\\\/techremontas.lt\\\/?s={search_term_string}\"},\"query-input\":{\"@type\":\"PropertyValueSpecification\",\"valueRequired\":true,\"valueName\":\"search_term_string\"}}],\"inLanguage\":\"pl-PL\"}]}<\/script>\n<!-- \/ Yoast SEO plugin. -->","yoast_head_json":{"title":"\u0160koda navigacija - taisykla Vilniuje, Kaune, Klaip\u0117doje, \u0160iauliuose","description":"Mapy nawigacyjne \u0160KODA w Wilnie i Kownie w najlepszej cenie. 12 miesi\u0119cy gwarancji. Tel. 8 (655) 00790 \/ 8 (684) 09811","robots":{"index":"index","follow":"follow","max-snippet":"max-snippet:-1","max-image-preview":"max-image-preview:large","max-video-preview":"max-video-preview:-1"},"canonical":"https:\/\/techremontas.lt\/pl\/skoda-navigacija\/","og_locale":"pl_PL","og_type":"article","og_title":"\u0160koda navigacija - taisykla Vilniuje, Kaune, Klaip\u0117doje, \u0160iauliuose","og_description":"\u0160KODA navigacijos \u017eem\u0117lapiai Vilniuje ir Kaune geriausia kaina. 12 m\u0117n. garantija. Tel. nr. 8 (655) 00790 \/ 8 (684) 09811","og_url":"https:\/\/techremontas.lt\/pl\/skoda-navigacija\/","og_site_name":"taisykla Vilniuje, Kaune, Klaip\u0117doje, \u0160iauliuose","article_modified_time":"2019-04-12T08:37:19+00:00","twitter_card":"summary_large_image","twitter_misc":{"Szacowany czas czytania":"2 minuty"},"schema":{"@context":"https:\/\/schema.org","@graph":[{"@type":"WebPage","@id":"https:\/\/techremontas.lt\/skoda-navigacija\/","url":"https:\/\/techremontas.lt\/skoda-navigacija\/","name":"\u0160koda navigacija - taisykla Vilniuje, Kaune, Klaip\u0117doje, \u0160iauliuose","isPartOf":{"@id":"https:\/\/techremontas.lt\/#website"},"datePublished":"2019-04-12T08:26:50+00:00","dateModified":"2019-04-12T08:37:19+00:00","description":"Mapy nawigacyjne \u0160KODA w Wilnie i Kownie w najlepszej cenie. 12 miesi\u0119cy gwarancji. Tel. 8 (655) 00790 \/ 8 (684) 09811","breadcrumb":{"@id":"https:\/\/techremontas.lt\/skoda-navigacija\/#breadcrumb"},"inLanguage":"pl-PL","potentialAction":[{"@type":"ReadAction","target":["https:\/\/techremontas.lt\/skoda-navigacija\/"]}]},{"@type":"BreadcrumbList","@id":"https:\/\/techremontas.lt\/skoda-navigacija\/#breadcrumb","itemListElement":[{"@type":"ListItem","position":1,"name":"Pagrindinis","item":"https:\/\/techremontas.lt\/"},{"@type":"ListItem","position":2,"name":"\u0160koda navigacija"}]},{"@type":"WebSite","@id":"https:\/\/techremontas.lt\/#website","url":"https:\/\/techremontas.lt\/","name":"taisykla Vilniuje, Kaune, Klaip\u0117doje, \u0160iauliuose","description":"Serwis nowoczesnych urz\u0105dze\u0144 elektrycznych","potentialAction":[{"@type":"SearchAction","target":{"@type":"EntryPoint","urlTemplate":"https:\/\/techremontas.lt\/?s={search_term_string}"},"query-input":{"@type":"PropertyValueSpecification","valueRequired":true,"valueName":"search_term_string"}}],"inLanguage":"pl-PL"}]}},"uagb_featured_image_src":{"full":false,"thumbnail":false,"medium":false,"medium_large":false,"large":false,"1536x1536":false,"2048x2048":false,"trp-custom-language-flag":false,"post-thumbnail":false,"vantage-thumbnail-no-sidebar":false,"vantage-slide":false,"vantage-carousel":false,"vantage-grid-loop":false},"uagb_author_info":{"display_name":"valdymas","author_link":"https:\/\/techremontas.lt\/pl\/author\/valdymas\/"},"uagb_comment_info":0,"uagb_excerpt":"\u0160KODA navigacijos \u017eem\u0117lapiai (RNS Trinax Columbus) CD 1 &#8211; Airija, Andora, Austrija, Belgija, \u010cekija, Danija, D.Britanija, Giblartaras, Graikija, Ispanija, Italija, Lichten\u0161teinas, Lenkija, Liuksemburgas, Monakas, Norvegija, Olandija, Portugalija, Pranc\u016bzija, Slovakija, Suomija, \u0160veicarija, \u0160vedija, Vatikanas, Vengrija, Vokietija. CD 2 &#8211; Albanija, Austrija, Baltarusija, Bulgarija, Bosnija ir Hercegovina, \u010cekija, Danija, Estija, Graikija, Italija, Juodkalnija, Kroatija, Lenkija, Latvija, Lietuva&hellip;","_links":{"self":[{"href":"https:\/\/techremontas.lt\/pl\/wp-json\/wp\/v2\/pages\/471","targetHints":{"allow":["GET"]}}],"collection":[{"href":"https:\/\/techremontas.lt\/pl\/wp-json\/wp\/v2\/pages"}],"about":[{"href":"https:\/\/techremontas.lt\/pl\/wp-json\/wp\/v2\/types\/page"}],"author":[{"embeddable":true,"href":"https:\/\/techremontas.lt\/pl\/wp-json\/wp\/v2\/users\/1"}],"replies":[{"embeddable":true,"href":"https:\/\/techremontas.lt\/pl\/wp-json\/wp\/v2\/comments?post=471"}],"version-history":[{"count":4,"href":"https:\/\/techremontas.lt\/pl\/wp-json\/wp\/v2\/pages\/471\/revisions"}],"predecessor-version":[{"id":476,"href":"https:\/\/techremontas.lt\/pl\/wp-json\/wp\/v2\/pages\/471\/revisions\/476"}],"wp:attachment":[{"href":"https:\/\/techremontas.lt\/pl\/wp-json\/wp\/v2\/media?parent=471"}],"curies":[{"name":"wp","href":"https:\/\/api.w.org\/{rel}","templated":true}]}}