{"id":484,"date":"2019-04-12T06:50:06","date_gmt":"2019-04-12T08:50:06","guid":{"rendered":"https:\/\/techremontas.lt\/?page_id=484"},"modified":"2019-04-12T07:10:45","modified_gmt":"2019-04-12T09:10:45","slug":"toyota-navigacija","status":"publish","type":"page","link":"https:\/\/techremontas.lt\/pl\/toyota-navigacija\/","title":{"rendered":"Nawigacja Toyoty"},"content":{"rendered":"<h2 class=\"wp-block-heading\"><strong>Mapy nawigacyjne TOYOTA (TNS600, TNS700)<\/strong><\/h2>\n\n\n<p>CD 1 - Andora, Irlandia, Belgia, Wielka Brytania, Francja, Irlandia, W\u0142ochy, Liechtenstein, Luksemburg, Monako, Holandia, Portugalia, Hiszpania, San Marino, Szwajcaria, Watykan. <br \/>CD 2 - Austria, Belgia, Czechy, Estonia, \u0141otwa, Polska, <strong>Litwa (szczeg\u00f3\u0142y)<\/strong>Dania, Finlandia, Niemcy, Liechtenstein, Luksemburg, Norwegia, Holandia, S\u0142owacja, Szwecja, Szwajcaria. <br \/>CD 3 - Austria, Bu\u0142garia, Chorwacja, Czechy, Grecja, W\u0119gry, W\u0142ochy, Liechtenstein, Polska, Rumunia, San Marino, S\u0142owacja, S\u0142owenia, Szwajcaria, Turcja, Watykan. <br \/><br \/><em>W r\u00f3\u017cnych samochodach Toyoty<\/em> <em>2004-2012 m<\/em>. <br \/><br \/>Gwarancja 12 miesi\u0119cy. | Wilno i Kowno | Najlepsza cena<\/p>\n<hr \/>\n\n\n<h2 class=\"wp-block-heading\"><strong>Mapy nawigacyjne TOYOTA (TNS600, TNS700)<\/strong><\/h2>\n\n\n<p>Estonia, \u0141otwa, <strong>Litwa (szczeg\u00f3\u0142y)<\/strong>Rosja.<br \/><br \/><em>2004-2012 w r\u00f3\u017cnych pojazdach Toyota<\/em><br \/><br \/>Gwarancja 12 miesi\u0119cy. | Wilno i Kowno | Najlepsza cena<\/p>\n<hr \/>\n\n\n<h2 class=\"wp-block-heading\"><strong>Mapy nawigacyjne TOYOTA (HDD B9012 *EU dla Toyot*)<\/strong><\/h2>\n\n\n<p><strong>Litwa (szczeg\u00f3\u0142y)<\/strong> a Europa jest pe\u0142na. <br \/><br \/><em>Toyota Avensis 2009 - 2012<br \/>Toyota Prius 2009 - 2012<br \/>Toyota Land Cruiser 2009 - 2012<\/em> <br \/><br \/>Gwarancja 12 miesi\u0119cy. | Wilno i Kowno | Najlepsza cena<\/p>\n<hr \/>\n\n\n<h2 class=\"wp-block-heading\"><strong>Mapy nawigacyjne TOYOTA (HDD od 2011 *Toyoty UE*)<\/strong><\/h2>\n\n\n<p><strong>Litwa (szczeg\u00f3\u0142y)<\/strong> a Europa jest pe\u0142na. <br \/><br \/><em>Toyota Avensis 2012 - 2013<br \/>Toyota Prius 2012 - 2013<br \/>Toyota Land Cruiser 2012 - 2013<\/em> <br \/><br \/>Gwarancja 12 miesi\u0119cy. | Wilno i Kowno | Najlepsza cena<\/p>\n<hr \/>\n\n\n<h2 class=\"wp-block-heading\"><strong>Mapy nawigacyjne TOYOTA (TNS510)<\/strong><\/h2>\n\n\n<p><strong>Litwa (szczeg\u00f3\u0142y)<\/strong> a Europa jest pe\u0142na. <br \/><br \/><em>Systemy nawigacji GPS TOYOTA TNS-510 z obs\u0142ug\u0105 kart pami\u0119ci<\/em><br \/><br \/>Gwarancja 12 miesi\u0119cy. | Wilno i Kowno | Najlepsza cena<\/p>\n<hr \/>\n\n\n<h2 class=\"wp-block-heading\"><strong>Mapy nawigacyjne TOYOTA (TNS350)<\/strong><\/h2>\n\n\n<p><strong>Litwa (szczeg\u00f3\u0142y)<\/strong> a Europa jest pe\u0142na. <br \/><br \/><em>Do system\u00f3w nawigacji GPS TOYOTA TNS-350, opartych na karcie pami\u0119ci. <\/em><br \/><br \/>Gwarancja 12 miesi\u0119cy. | Wilno i Kowno | Najlepsza cena<\/p>\n<hr \/>\n\n\n<h2 class=\"wp-block-heading\"><strong>Mapy nawigacyjne TOYOTA (TNS410)<\/strong><\/h2>\n\n\n<p><strong>Litwa (szczeg\u00f3\u0142y)<\/strong> a Europa jest pe\u0142na. <br \/><br \/><em>Toyota Auris<br \/>Toyota Avensis<br \/>Toyota Corolla<br \/>Toyota Hiace<br \/>Toyota Hilux<br \/>Toyota iQ<br \/>Toyota Land Cruiser 150 | Land Cruiser 200 <br \/>Toyota RAV4<br \/>Toyota Verso | Verso S<br \/>Toyota Yaris <\/em><br \/><br \/>Gwarancja 12 miesi\u0119cy. | Wilno i Kowno | Najlepsza cena<\/p>\n<hr \/>\n\n\n<h2 class=\"wp-block-heading\"><strong>Mapy nawigacyjne TOYOTA (TNS300, TNS310, TNS600)<\/strong><\/h2>\n\n\n<p>CD 1 - Andora, Austria, Belgia, Dania, Finlandia, Francja, Niemcy, Irlandia, Liechtenstein, Luksemburg, Monako, Norwegia, Holandia, S\u0142owenia, Szwecja, Szwajcaria, Wielka Brytania. <br \/>CD 2 - Andora, Austria, Belgia, Bu\u0142garia, Chorwacja, Czechy, Francja, Niemcy, Grecja, W\u0119gry, W\u0142ochy, Liechtenstein, Luksemburg, Monako, Holandia, Portugalia, Rumunia, San Marino, S\u0142owacja, S\u0142owenia, Hiszpania, Szwajcaria, Watykan. <br \/>CD 3 - Austria, Belgia, Czechy, Estonia, \u0141otwa, Polska, <strong>Litwa (szczeg\u00f3\u0142y)<\/strong>Luksemburg, Niemcy, W\u0119gry, Holandia, Rumunia, S\u0142owacja. <br \/><br \/><em>Avensis | Avensis Verso<br \/>MR2<br \/>Previa<br \/>RAV4<br \/>Yaris | Yaris Verso <\/em><br \/><br \/>Gwarancja 12 miesi\u0119cy. | Wilno i Kowno | Najlepsza cena<\/p>\n<hr \/>\n\n\n<h2 class=\"wp-block-heading\"><strong>Mapy nawigacyjne TOYOTA (Generacja 5 Gen05 Denso 2.4X)<\/strong><\/h2>\n\n\n<p>CD 1 - Andora, Irlandia, Belgia, Wielka Brytania, Francja, Irlandia, W\u0142ochy, Liechtenstein, Luksemburg, Monako, Holandia, Portugalia, Hiszpania, San Marino, Szwajcaria, Watykan. <br \/>CD 2 - Austria, Belgia, Czechy, Estonia, \u0141otwa, Polska, <strong>Litwa (szczeg\u00f3\u0142y)<\/strong>Dania, Finlandia, Niemcy, Liechtenstein, Luksemburg, Norwegia, Holandia, S\u0142owacja, Szwecja, Szwajcaria. <br \/>CD 3 - Austria, Bu\u0142garia, Chorwacja, Czechy, Grecja, W\u0119gry, W\u0142ochy, Liechtenstein, Polska, Rumunia, San Marino, S\u0142owacja, S\u0142owenia, Szwajcaria, Turcja, Watykan. <br \/><br \/><em>Toyota Camry 2007 - 2009 <br \/>Toyota Highlander 2008 - 2009 <br \/>Toyota Land Cruiser 2008 - 2009<br \/>Toyota Sequoia 2008 - 2009 <br \/>Toyota Sienna 2006 - 2009<\/em><br \/><em>Toyota Solara 2007 - 2009 <br \/>Toyota Tundra 2007 - 2009 <br \/>Toyota 4Runner 2006 - 2009<br \/>Toyota Prius 2006 - 2009<\/em> <br \/><br \/>Gwarancja 12 miesi\u0119cy. | Wilno i Kowno | Najlepsza cena<\/p>\n<hr \/>\n\n\n<h2 class=\"wp-block-heading\"><strong>Mapy nawigacyjne TOYOTA (Generacja 5 Gen05 Denso 2.4X)<\/strong><\/h2>\n\n\n<p>Estonia, \u0141otwa, <strong>Litwa (szczeg\u00f3\u0142y)<\/strong>Rosja. <br \/><br \/><em>Toyota Camry 2007 - 2009 <br \/>Toyota Highlander 2008 - 2009 <br \/>Toyota Land Cruiser 2008 - 2009<br \/>Toyota Sequoia 2008 - 2009<br \/>Toyota Sienna 2006 - 2009 <br \/>Toyota So lara 2007 - 2009 <br \/>Toyota Tundra 2007 - 2009 <br \/>Toyota 4Runner 2006 - 2009<br \/>Toyota Prius 2006 - 2009<\/em> <br \/><br \/>Gwarancja 12 miesi\u0119cy. | Wilno i Kowno | Najlepsza cena<\/p>\n<hr \/>\n\n\n<h2 class=\"wp-block-heading\"><strong>Mapy nawigacyjne TOYOTA (Generacja 4 Gen04 Denso 2.4X)<\/strong><\/h2>\n\n\n<p>CD 1 - Andora, Irlandia, Belgia, Wielka Brytania, Francja, Irlandia, W\u0142ochy, Liechtenstein, Luksemburg, Monako, Holandia, Portugalia, Hiszpania, San Marino, Szwajcaria, Watykan. <br \/>CD 2 - Austria, Belgia, Czechy, Estonia, \u0141otwa, Polska, <strong>Litwa (szczeg\u00f3\u0142y)<\/strong>Dania, Finlandia, Niemcy, Liechtenstein, Luksemburg, Norwegia, Holandia, S\u0142owacja, Szwecja, Szwajcaria. <br \/>CD 3 - Austria, Bu\u0142garia, Chorwacja, Czechy, Grecja, W\u0119gry, W\u0142ochy, Liechtenstein, Polska, Rumunia, San Marino, S\u0142owacja, S\u0142owenia, Szwajcaria, Turcja, Watykan. <br \/><br \/><em>Toyota Land Cruiser 2005 - 2006<br \/>Toyota 4Runner 2005 m.<br \/>Toyota Prius 2004 - 2005 <br \/>Toyota Camry 2004 - 2006<br \/>Toyota Sienna 2005 m.<br \/>Toyota Sequoia 2005 - 2006 <br \/>Toyota Solara 2004 - 2006<br \/>Toyota Tundra 2005 - 2006<br \/>Toyota Highlander 2004 - 2006<\/em> <br \/><br \/>Gwarancja 12 miesi\u0119cy. | Wilno i Kowno | Najlepsza cena<\/p>\n<hr \/>\n\n\n<h2 class=\"wp-block-heading\"><strong>Mapy nawigacyjne TOYOTA (Generacja 4 Gen04 Denso 2.4X)<\/strong><\/h2>\n\n\n<p>Estonia, \u0141otwa, <strong>Litwa (szczeg\u00f3\u0142y)<\/strong>Rosja.<br \/><br \/><em>Toyota Land Cruiser 2005 - 2006 <br \/>Toyota 4Runner 2005 m.<br \/>Toyota Prius 2004 - 2005 <br \/>Toyota Camry 2004 - 2006<br \/>Toyota Sienna 2005 m.<br \/>Toyota Sequoia 2005 - 2006 <br \/>Toyota Solara 2004 - 2006<br \/>Toyota Tundra 2005 - 2006<br \/>Toyota Highlander 2004 - 2006<\/em> <br \/><br \/>Gwarancja 12 miesi\u0119cy. | Wilno i Kowno | Najlepsza cena<\/p>\n<hr \/>\n\n\n<h2 class=\"wp-block-heading\"><strong>Mapy nawigacyjne TOYOTA (Generacja 2 Generacja 3 Gen. 2 Gen. 2 Gen. 3 Gen02 Gen03 Denso 2.3)<\/strong><\/h2>\n\n\n<p>Albania, Austria, Bia\u0142oru\u015b, Bo\u015bnia i Hercegowina, Bu\u0142garia, Chorwacja, Czechy, Estonia, Grecja, W\u0119gry, Czarnog\u00f3ra, \u0141otwa, <strong>Litwa (szczeg\u00f3\u0142y)<\/strong>W\u0119gry, Polska, Macedonia, Mo\u0142dawia, Serbia, S\u0142owacja, Rumunia, Ukraina.<br \/><br \/><em>Toyota Camry 2002 - 2003<\/em> <em><br \/>Toyota Sienna 2002 - 2004<br \/>Toyota 4Runner 2002 - 2004<br \/>Toyota Land Cruiser 2001 - 2003<br \/>Toyota Prius 2002 - 2003<br \/>Toyota Avalon 2002 - 2006<\/em> <br \/><br \/>Gwarancja 12 miesi\u0119cy. | Wilno i Kowno | Najlepsza cena<\/p>\n<hr \/>","protected":false},"excerpt":{"rendered":"<p>TOYOTA navigacijos \u017eem\u0117lapiai (TNS600, TNS700) CD 1 &#8211; Airija, Andora, Belgija, D.Britanija, Ispanija, Italija, Lichten\u0161teinas, Liuksemburgas, Monakas, Olandija, Portugalija, Pranc\u016bzija, San Marinas, \u0160veicarija, Vatikanas. CD 2 &#8211; Austrija, Belgija, \u010cekija, Estija, Latvija, Lenkija, Lietuva (detalus), Danija, Lichten\u0161teinas, Liuksemburgas, Norvegija, Olandija, Slovakija, Suomija, \u0160vedija, \u0160veicarija, Vokietija. CD 3 &#8211; Austrija, Bulgarija, \u010cekija, Graikija, Italija, Kroatija, Lichten\u0161teinas, [&hellip;]<\/p>\n","protected":false},"author":1,"featured_media":0,"parent":0,"menu_order":0,"comment_status":"closed","ping_status":"closed","template":"","meta":{"_uag_custom_page_level_css":"","footnotes":""},"class_list":["post-484","page","type-page","status-publish","hentry","post"],"yoast_head":"<!-- This site is optimized with the Yoast SEO plugin v27.3 - https:\/\/yoast.com\/product\/yoast-seo-wordpress\/ -->\n<title>Toyota navigacija - taisykla Vilniuje, Kaune, Klaip\u0117doje, \u0160iauliuose<\/title>\n<meta name=\"description\" content=\"TOYOTA navigacijos \u017eem\u0117lapiai Vilniuje ir Kaune geriausia kaina. 12 m\u0117n. garantija. Tel. nr. 8 (655) 00790 \/ 8 (684) 09811\" \/>\n<meta name=\"robots\" content=\"index, follow, max-snippet:-1, max-image-preview:large, max-video-preview:-1\" \/>\n<link rel=\"canonical\" href=\"https:\/\/techremontas.lt\/pl\/toyota-navigacija\/\" \/>\n<meta property=\"og:locale\" content=\"pl_PL\" \/>\n<meta property=\"og:type\" content=\"article\" \/>\n<meta property=\"og:title\" content=\"Toyota navigacija - taisykla Vilniuje, Kaune, Klaip\u0117doje, \u0160iauliuose\" \/>\n<meta property=\"og:description\" content=\"TOYOTA navigacijos \u017eem\u0117lapiai Vilniuje ir Kaune geriausia kaina. 12 m\u0117n. garantija. Tel. nr. 8 (655) 00790 \/ 8 (684) 09811\" \/>\n<meta property=\"og:url\" content=\"https:\/\/techremontas.lt\/pl\/toyota-navigacija\/\" \/>\n<meta property=\"og:site_name\" content=\"taisykla Vilniuje, Kaune, Klaip\u0117doje, \u0160iauliuose\" \/>\n<meta property=\"article:modified_time\" content=\"2019-04-12T09:10:45+00:00\" \/>\n<meta name=\"twitter:card\" content=\"summary_large_image\" \/>\n<meta name=\"twitter:label1\" content=\"Szacowany czas czytania\" \/>\n\t<meta name=\"twitter:data1\" content=\"4 minuty\" \/>\n<script type=\"application\/ld+json\" class=\"yoast-schema-graph\">{\"@context\":\"https:\\\/\\\/schema.org\",\"@graph\":[{\"@type\":\"WebPage\",\"@id\":\"https:\\\/\\\/techremontas.lt\\\/toyota-navigacija\\\/\",\"url\":\"https:\\\/\\\/techremontas.lt\\\/toyota-navigacija\\\/\",\"name\":\"Toyota navigacija - taisykla Vilniuje, Kaune, Klaip\u0117doje, \u0160iauliuose\",\"isPartOf\":{\"@id\":\"https:\\\/\\\/techremontas.lt\\\/#website\"},\"datePublished\":\"2019-04-12T08:50:06+00:00\",\"dateModified\":\"2019-04-12T09:10:45+00:00\",\"description\":\"TOYOTA navigacijos \u017eem\u0117lapiai Vilniuje ir Kaune geriausia kaina. 12 m\u0117n. garantija. Tel. nr. 8 (655) 00790 \\\/ 8 (684) 09811\",\"breadcrumb\":{\"@id\":\"https:\\\/\\\/techremontas.lt\\\/toyota-navigacija\\\/#breadcrumb\"},\"inLanguage\":\"pl-PL\",\"potentialAction\":[{\"@type\":\"ReadAction\",\"target\":[\"https:\\\/\\\/techremontas.lt\\\/toyota-navigacija\\\/\"]}]},{\"@type\":\"BreadcrumbList\",\"@id\":\"https:\\\/\\\/techremontas.lt\\\/toyota-navigacija\\\/#breadcrumb\",\"itemListElement\":[{\"@type\":\"ListItem\",\"position\":1,\"name\":\"Pagrindinis\",\"item\":\"https:\\\/\\\/techremontas.lt\\\/\"},{\"@type\":\"ListItem\",\"position\":2,\"name\":\"Toyota navigacija\"}]},{\"@type\":\"WebSite\",\"@id\":\"https:\\\/\\\/techremontas.lt\\\/#website\",\"url\":\"https:\\\/\\\/techremontas.lt\\\/\",\"name\":\"taisykla Vilniuje, Kaune, Klaip\u0117doje, \u0160iauliuose\",\"description\":\"Modernios el. technikos servisas\",\"potentialAction\":[{\"@type\":\"SearchAction\",\"target\":{\"@type\":\"EntryPoint\",\"urlTemplate\":\"https:\\\/\\\/techremontas.lt\\\/?s={search_term_string}\"},\"query-input\":{\"@type\":\"PropertyValueSpecification\",\"valueRequired\":true,\"valueName\":\"search_term_string\"}}],\"inLanguage\":\"pl-PL\"}]}<\/script>\n<!-- \/ Yoast SEO plugin. -->","yoast_head_json":{"title":"Toyota navigacija - taisykla Vilniuje, Kaune, Klaip\u0117doje, \u0160iauliuose","description":"Mapy nawigacyjne TOYOTA w Wilnie i Kownie w najlepszej cenie. 12 miesi\u0119cy gwarancji. Tel. 8 (655) 00790 \/ 8 (684) 09811","robots":{"index":"index","follow":"follow","max-snippet":"max-snippet:-1","max-image-preview":"max-image-preview:large","max-video-preview":"max-video-preview:-1"},"canonical":"https:\/\/techremontas.lt\/pl\/toyota-navigacija\/","og_locale":"pl_PL","og_type":"article","og_title":"Toyota navigacija - taisykla Vilniuje, Kaune, Klaip\u0117doje, \u0160iauliuose","og_description":"TOYOTA navigacijos \u017eem\u0117lapiai Vilniuje ir Kaune geriausia kaina. 12 m\u0117n. garantija. Tel. nr. 8 (655) 00790 \/ 8 (684) 09811","og_url":"https:\/\/techremontas.lt\/pl\/toyota-navigacija\/","og_site_name":"taisykla Vilniuje, Kaune, Klaip\u0117doje, \u0160iauliuose","article_modified_time":"2019-04-12T09:10:45+00:00","twitter_card":"summary_large_image","twitter_misc":{"Szacowany czas czytania":"4 minuty"},"schema":{"@context":"https:\/\/schema.org","@graph":[{"@type":"WebPage","@id":"https:\/\/techremontas.lt\/toyota-navigacija\/","url":"https:\/\/techremontas.lt\/toyota-navigacija\/","name":"Toyota navigacija - taisykla Vilniuje, Kaune, Klaip\u0117doje, \u0160iauliuose","isPartOf":{"@id":"https:\/\/techremontas.lt\/#website"},"datePublished":"2019-04-12T08:50:06+00:00","dateModified":"2019-04-12T09:10:45+00:00","description":"Mapy nawigacyjne TOYOTA w Wilnie i Kownie w najlepszej cenie. 12 miesi\u0119cy gwarancji. Tel. 8 (655) 00790 \/ 8 (684) 09811","breadcrumb":{"@id":"https:\/\/techremontas.lt\/toyota-navigacija\/#breadcrumb"},"inLanguage":"pl-PL","potentialAction":[{"@type":"ReadAction","target":["https:\/\/techremontas.lt\/toyota-navigacija\/"]}]},{"@type":"BreadcrumbList","@id":"https:\/\/techremontas.lt\/toyota-navigacija\/#breadcrumb","itemListElement":[{"@type":"ListItem","position":1,"name":"Pagrindinis","item":"https:\/\/techremontas.lt\/"},{"@type":"ListItem","position":2,"name":"Toyota navigacija"}]},{"@type":"WebSite","@id":"https:\/\/techremontas.lt\/#website","url":"https:\/\/techremontas.lt\/","name":"taisykla Vilniuje, Kaune, Klaip\u0117doje, \u0160iauliuose","description":"Serwis nowoczesnych urz\u0105dze\u0144 elektrycznych","potentialAction":[{"@type":"SearchAction","target":{"@type":"EntryPoint","urlTemplate":"https:\/\/techremontas.lt\/?s={search_term_string}"},"query-input":{"@type":"PropertyValueSpecification","valueRequired":true,"valueName":"search_term_string"}}],"inLanguage":"pl-PL"}]}},"uagb_featured_image_src":{"full":false,"thumbnail":false,"medium":false,"medium_large":false,"large":false,"1536x1536":false,"2048x2048":false,"trp-custom-language-flag":false,"post-thumbnail":false,"vantage-thumbnail-no-sidebar":false,"vantage-slide":false,"vantage-carousel":false,"vantage-grid-loop":false},"uagb_author_info":{"display_name":"valdymas","author_link":"https:\/\/techremontas.lt\/pl\/author\/valdymas\/"},"uagb_comment_info":0,"uagb_excerpt":"TOYOTA navigacijos \u017eem\u0117lapiai (TNS600, TNS700) CD 1 &#8211; Airija, Andora, Belgija, D.Britanija, Ispanija, Italija, Lichten\u0161teinas, Liuksemburgas, Monakas, Olandija, Portugalija, Pranc\u016bzija, San Marinas, \u0160veicarija, Vatikanas. CD 2 &#8211; Austrija, Belgija, \u010cekija, Estija, Latvija, Lenkija, Lietuva (detalus), Danija, Lichten\u0161teinas, Liuksemburgas, Norvegija, Olandija, Slovakija, Suomija, \u0160vedija, \u0160veicarija, Vokietija. CD 3 &#8211; Austrija, Bulgarija, \u010cekija, Graikija, Italija, Kroatija, Lichten\u0161teinas,&hellip;","_links":{"self":[{"href":"https:\/\/techremontas.lt\/pl\/wp-json\/wp\/v2\/pages\/484","targetHints":{"allow":["GET"]}}],"collection":[{"href":"https:\/\/techremontas.lt\/pl\/wp-json\/wp\/v2\/pages"}],"about":[{"href":"https:\/\/techremontas.lt\/pl\/wp-json\/wp\/v2\/types\/page"}],"author":[{"embeddable":true,"href":"https:\/\/techremontas.lt\/pl\/wp-json\/wp\/v2\/users\/1"}],"replies":[{"embeddable":true,"href":"https:\/\/techremontas.lt\/pl\/wp-json\/wp\/v2\/comments?post=484"}],"version-history":[{"count":14,"href":"https:\/\/techremontas.lt\/pl\/wp-json\/wp\/v2\/pages\/484\/revisions"}],"predecessor-version":[{"id":498,"href":"https:\/\/techremontas.lt\/pl\/wp-json\/wp\/v2\/pages\/484\/revisions\/498"}],"wp:attachment":[{"href":"https:\/\/techremontas.lt\/pl\/wp-json\/wp\/v2\/media?parent=484"}],"curies":[{"name":"wp","href":"https:\/\/api.w.org\/{rel}","templated":true}]}}