{"id":500,"date":"2019-04-12T07:14:13","date_gmt":"2019-04-12T09:14:13","guid":{"rendered":"https:\/\/techremontas.lt\/?page_id=500"},"modified":"2019-04-12T07:26:15","modified_gmt":"2019-04-12T09:26:15","slug":"volkswagen-navigacija","status":"publish","type":"page","link":"https:\/\/techremontas.lt\/pl\/volkswagen-navigacija\/","title":{"rendered":"Nawigacja Volkswagen"},"content":{"rendered":"<h2 class=\"wp-block-heading\"><strong>Mapy nawigacyjne VOLKSWAGEN (RNS-510, RNS-810, MFD3)<\/strong><\/h2>\n\n\n<p>CD 1 - Andora, Austria, Belgia, Czechy, Dania, Finlandia, Francja, Niemcy, Grecja, W\u0119gry, Irlandia, Gibraltar, W\u0142ochy, Liechtenstein, Luksemburg, Monako, Holandia, Norwegia, Portugalia, Hiszpania, S\u0142owacja, Szwecja, Szwajcaria, Watykan, Wielka Brytania. <br \/>CD 2 - Albania, Austria, Bia\u0142oru\u015b, Bu\u0142garia, Bo\u015bnia i Hercegowina, Chorwacja, Czechy, Dania, Estonia, Grecja, W\u0142ochy, Czarnog\u00f3ra, Polska, \u0141otwa, <strong>Litwa (szczeg\u00f3\u0142y)<\/strong>Rumunia, Serbia, S\u0142owacja, S\u0142owenia, Finlandia, Szwajcaria, Szwecja, W\u0119gry, Niemcy. <br \/><br \/><em>Do system\u00f3w nawigacji VW Nawigacja Volkswagen RNS 810 | RNS 510 MFD3 DVD. <\/em><br \/><br \/>Gwarancja 12 miesi\u0119cy. | Wilno i Kowno | Najlepsza cena<\/p>\n<hr \/>\n\n\n<h2 class=\"wp-block-heading\"><strong>Mapy nawigacyjne VOLKSWAGEN (RNS-310)<\/strong><\/h2>\n\n\n<p>SD 1 - Austria, Estonia, Chorwacja, Czechy, Niemcy, Grecja, W\u0119gry, \u0141otwa, Liechtenstein, <strong>Litwa<\/strong>Polska, Rosja, S\u0142owacja, S\u0142owenia, Szwajcaria, Turcja. <br \/>SD 2 - Andora, Austria, Belgia, Chorwacja, Czechy, Dania, Finlandia, Francja, Niemcy, Wielka Brytania, W\u0119gry, Irlandia, W\u0142ochy, Liechtenstein, Luksemburg, Monako, Holandia, Norwegia, Polska, Portugalia, San Marino, S\u0142owacja, Hiszpania, Szwecja, Szwajcaria, Watykan. <br \/><br \/><em>Nawigacja Volkswagen Travel Pilot FX RNS-310 (obs\u0142ugiwana kart\u0105)<\/em> <br \/><br \/>Gwarancja 12 miesi\u0119cy. | Wilno i Kowno | Najlepsza cena<\/p>\n<hr \/>\n\n\n<h2 class=\"wp-block-heading\"><strong>Mapy nawigacyjne VOLKSWAGEN (RNS-315)<\/strong><\/h2>\n\n\n<p>SD 1 - Austria, Estonia, Chorwacja, Czechy, Niemcy, Grecja, W\u0119gry, \u0141otwa, Liechtenstein, <strong>Litwa<\/strong>Polska, Rosja, S\u0142owacja, S\u0142owenia, Szwajcaria, Turcja. <br \/>SD 2 - Andora, Austria, Belgia, Chorwacja, Czechy, Dania, Finlandia, Francja, Niemcy, Wielka Brytania, W\u0119gry, Irlandia, W\u0142ochy, Liechtenstein, Luksemburg, Monako, Holandia, Norwegia, Polska, Portugalia, San Marino, S\u0142owacja, Hiszpania, Szwecja, Szwajcaria, Watykan. <br \/><br \/><em>Dla nawigator\u00f3w Volkswagen Navigation AZ RNS-315 (dzia\u0142a z wewn\u0119trznego dysku twardego) <\/em><br \/><br \/>Gwarancja 12 miesi\u0119cy. | Wilno i Kowno | Najlepsza cena<\/p>\n<hr \/>\n\n\n<h2 class=\"wp-block-heading\"><strong>Mapy nawigacyjne VOLKSWAGEN (RNS MFD2)<\/strong><\/h2>\n\n\n<p>CD 1 - Andora, Austria, Belgia, Bu\u0142garia, Czechy, Dania, Finlandia, Francja, Niemcy, Wielka Brytania, Gibraltar, W\u0119gry, Irlandia, W\u0142ochy, Liechtenstein, Luksemburg, Monako, Holandia, Norwegia, Portugalia, Hiszpania, Rumunia, San Marino, S\u0142owacja, S\u0142owenia, Hiszpania, Szwecja, Szwajcaria, Watykan. <br \/>CD 2 - <strong>Litwa (szczeg\u00f3\u0142y)<\/strong>\u0141otwa, Estonia. <br \/><br \/><em>Bora 2005.05-2007<br \/>Caddy 2004-2010 - EOS od 2006.05<br \/>Golf \/ Golf Plus 2005-2009<br \/>Jetta 2005.05-2007.12<br \/>Multivan \/ T5 Multivan 2003-2009<br \/>Passat 2005.05-2007<br \/>Touareg 2005.05-2007.09<br \/>Touran 2005.05-2007 <\/em><br \/><br \/>Gwarancja 12 miesi\u0119cy. | Wilno i Kowno | Najlepsza cena<\/p>\n<hr \/>\n\n\n<h2 class=\"wp-block-heading\"><strong>Mapy nawigacyjne VOLKSWAGEN (Phaeton VDO NT)<\/strong><\/h2>\n\n\n<p>CD 1 - Belgia, Holandia, Luksemburg<br \/>CD 2 - Austria, Liechtenstein, Szwajcaria, Niemcy, sh. W\u0142ochy<br \/>CD 3 - Europa Wschodnia 1 - Estonia, \u0141otwa, <strong> Litwa (szczeg\u00f3\u0142y)<\/strong><br \/>CD 4 - Europa Wschodnia 2 - Bu\u0142garia, Chorwacja, Czechy, W\u0119gry, Polska, Rumunia, S\u0142owacja, S\u0142owenia<br \/>CD 5 - sh. Francja<br \/>CD 6 - p. Francja<br \/>CD 7 - Niemcy<br \/>CD 8 - W\u0142ochy, San Marino, Watykan, Grecja<br \/>CD 9 - Dania, Szwecja, Finlandia, Norwegia<br \/>CD 10 - Hiszpania<br \/>CD 11 - Portugalia<br \/>CD 12 - Anglia, Szkocja, Irlandia<br \/>CD 13 - Mapy g\u0142\u00f3wnych dr\u00f3g w Europie.<br \/><br \/><em>Do fabrycznego systemu nawigacji w VW Phaeton Navigation do 2008 roku (z du\u017cym ekranem). <\/em><br \/><br \/>Gwarancja 12 miesi\u0119cy. | Wilno i Kowno | Najlepsza cena<\/p>\n<hr \/>\n\n\n<h2 class=\"wp-block-heading\"><strong>Mapy nawigacyjne VOLKSWAGEN (MCD \/ RNS 2-DIN \/ RNS2)<\/strong><\/h2>\n\n\n<p>CD 1 - Austria, Szwajcaria, Liechtenstein, Francja, Niemcy, W\u0142ochy <br \/>CD 2 - Belgia, Holandia, Luksemburg<br \/>CD 3 - Republika Czeska, <strong>Polska <\/strong><br \/>CD 4 - Niemcy<br \/>CD 5 - W\u0142ochy, San Marino, Watykan<br \/>CD 6 - Finlandia, Szwecja, Norwegia, Dania<br \/>CD 7 - Hiszpania, Portugalia<br \/>CD 8 - Francja<br \/>CD 9 - Wielka Brytania<br \/>CD 10 - G\u0142\u00f3wne drogi Europy MRE. <br \/><br \/><em>System DX MCD w r\u00f3\u017cnych modelach VW od 2000 roku.<br \/>2-DIN DX MFD2 r\u00f3\u017cnie.<br \/>2 System DX VW Touareg 2002-2005<\/em> <br \/><br \/>Gwarancja 12 miesi\u0119cy. | Wilno i Kowno | Najlepsza cena<\/p>\n<hr \/>\n\n\n<h2 class=\"wp-block-heading\"><strong>Mapy nawigacyjne VOLKSWAGEN (RNS300)<\/strong><\/h2>\n\n\n\n<p>Brak aktualizacji<br><br>Gwarancja 12 miesi\u0119cy. | Wilno i Kowno | Najlepsza cena<\/p><hr\/>","protected":false},"excerpt":{"rendered":"<p>VOLKSWAGEN navigacijos \u017eem\u0117lapiai (RNS-510, RNS-810, MFD3) CD 1 &#8211; Airija, Andora, Austrija, Belgija, \u010cekija, Danija, D.Britanija, Giblartaras, Graikija, Ispanija, Italija, Lichten\u0161teinas, Lenkija, Liuksemburgas, Monakas, Norvegija, Olandija, Portugalija, Pranc\u016bzija, Slovakija, Suomija, \u0160veicarija, \u0160vedija, Vatikanas, Vengrija, Vokietija. CD 2 &#8211; Albanija, Austrija, Baltarusija, Bulgarija, Bosnija ir Hercegovina, \u010cekija, Danija, Estija, Graikija, Italija, Juodkalnija, Kroatija, Lenkija, Latvija, Lietuva [&hellip;]<\/p>\n","protected":false},"author":1,"featured_media":0,"parent":0,"menu_order":0,"comment_status":"closed","ping_status":"closed","template":"","meta":{"_uag_custom_page_level_css":"","footnotes":""},"class_list":["post-500","page","type-page","status-publish","hentry","post"],"yoast_head":"<!-- This site is optimized with the Yoast SEO plugin v27.4 - https:\/\/yoast.com\/product\/yoast-seo-wordpress\/ -->\n<title>Volkswagen navigacija - taisykla Vilniuje, Kaune, Klaip\u0117doje, \u0160iauliuose<\/title>\n<meta name=\"description\" content=\"VOLKSWAGEN navigacijos \u017eem\u0117lapiai Vilniuje ir Kaune geriausia kaina. 12 m\u0117n. garantija. Tel. nr. 8 (655) 00790 \/ 8 (684) 09811\" \/>\n<meta name=\"robots\" content=\"index, follow, max-snippet:-1, max-image-preview:large, max-video-preview:-1\" \/>\n<link rel=\"canonical\" href=\"https:\/\/techremontas.lt\/pl\/volkswagen-navigacija\/\" \/>\n<meta property=\"og:locale\" content=\"pl_PL\" \/>\n<meta property=\"og:type\" content=\"article\" \/>\n<meta property=\"og:title\" content=\"Volkswagen navigacija - taisykla Vilniuje, Kaune, Klaip\u0117doje, \u0160iauliuose\" \/>\n<meta property=\"og:description\" content=\"VOLKSWAGEN navigacijos \u017eem\u0117lapiai Vilniuje ir Kaune geriausia kaina. 12 m\u0117n. garantija. Tel. nr. 8 (655) 00790 \/ 8 (684) 09811\" \/>\n<meta property=\"og:url\" content=\"https:\/\/techremontas.lt\/pl\/volkswagen-navigacija\/\" \/>\n<meta property=\"og:site_name\" content=\"taisykla Vilniuje, Kaune, Klaip\u0117doje, \u0160iauliuose\" \/>\n<meta property=\"article:modified_time\" content=\"2019-04-12T09:26:15+00:00\" \/>\n<meta name=\"twitter:card\" content=\"summary_large_image\" \/>\n<meta name=\"twitter:label1\" content=\"Szacowany czas czytania\" \/>\n\t<meta name=\"twitter:data1\" content=\"3 minuty\" \/>\n<script type=\"application\/ld+json\" class=\"yoast-schema-graph\">{\"@context\":\"https:\\\/\\\/schema.org\",\"@graph\":[{\"@type\":\"WebPage\",\"@id\":\"https:\\\/\\\/techremontas.lt\\\/volkswagen-navigacija\\\/\",\"url\":\"https:\\\/\\\/techremontas.lt\\\/volkswagen-navigacija\\\/\",\"name\":\"Volkswagen navigacija - taisykla Vilniuje, Kaune, Klaip\u0117doje, \u0160iauliuose\",\"isPartOf\":{\"@id\":\"https:\\\/\\\/techremontas.lt\\\/#website\"},\"datePublished\":\"2019-04-12T09:14:13+00:00\",\"dateModified\":\"2019-04-12T09:26:15+00:00\",\"description\":\"VOLKSWAGEN navigacijos \u017eem\u0117lapiai Vilniuje ir Kaune geriausia kaina. 12 m\u0117n. garantija. Tel. nr. 8 (655) 00790 \\\/ 8 (684) 09811\",\"breadcrumb\":{\"@id\":\"https:\\\/\\\/techremontas.lt\\\/volkswagen-navigacija\\\/#breadcrumb\"},\"inLanguage\":\"pl-PL\",\"potentialAction\":[{\"@type\":\"ReadAction\",\"target\":[\"https:\\\/\\\/techremontas.lt\\\/volkswagen-navigacija\\\/\"]}]},{\"@type\":\"BreadcrumbList\",\"@id\":\"https:\\\/\\\/techremontas.lt\\\/volkswagen-navigacija\\\/#breadcrumb\",\"itemListElement\":[{\"@type\":\"ListItem\",\"position\":1,\"name\":\"Pagrindinis\",\"item\":\"https:\\\/\\\/techremontas.lt\\\/\"},{\"@type\":\"ListItem\",\"position\":2,\"name\":\"Volkswagen navigacija\"}]},{\"@type\":\"WebSite\",\"@id\":\"https:\\\/\\\/techremontas.lt\\\/#website\",\"url\":\"https:\\\/\\\/techremontas.lt\\\/\",\"name\":\"taisykla Vilniuje, Kaune, Klaip\u0117doje, \u0160iauliuose\",\"description\":\"Modernios el. technikos servisas\",\"potentialAction\":[{\"@type\":\"SearchAction\",\"target\":{\"@type\":\"EntryPoint\",\"urlTemplate\":\"https:\\\/\\\/techremontas.lt\\\/?s={search_term_string}\"},\"query-input\":{\"@type\":\"PropertyValueSpecification\",\"valueRequired\":true,\"valueName\":\"search_term_string\"}}],\"inLanguage\":\"pl-PL\"}]}<\/script>\n<!-- \/ Yoast SEO plugin. -->","yoast_head_json":{"title":"Volkswagen navigacija - taisykla Vilniuje, Kaune, Klaip\u0117doje, \u0160iauliuose","description":"Mapy nawigacyjne VOLKSWAGEN w Wilnie i Kownie w najlepszej cenie. 12 miesi\u0119cy gwarancji. Tel. 8 (655) 00790 \/ 8 (684) 09811","robots":{"index":"index","follow":"follow","max-snippet":"max-snippet:-1","max-image-preview":"max-image-preview:large","max-video-preview":"max-video-preview:-1"},"canonical":"https:\/\/techremontas.lt\/pl\/volkswagen-navigacija\/","og_locale":"pl_PL","og_type":"article","og_title":"Volkswagen navigacija - taisykla Vilniuje, Kaune, Klaip\u0117doje, \u0160iauliuose","og_description":"VOLKSWAGEN navigacijos \u017eem\u0117lapiai Vilniuje ir Kaune geriausia kaina. 12 m\u0117n. garantija. Tel. nr. 8 (655) 00790 \/ 8 (684) 09811","og_url":"https:\/\/techremontas.lt\/pl\/volkswagen-navigacija\/","og_site_name":"taisykla Vilniuje, Kaune, Klaip\u0117doje, \u0160iauliuose","article_modified_time":"2019-04-12T09:26:15+00:00","twitter_card":"summary_large_image","twitter_misc":{"Szacowany czas czytania":"3 minuty"},"schema":{"@context":"https:\/\/schema.org","@graph":[{"@type":"WebPage","@id":"https:\/\/techremontas.lt\/volkswagen-navigacija\/","url":"https:\/\/techremontas.lt\/volkswagen-navigacija\/","name":"Volkswagen navigacija - taisykla Vilniuje, Kaune, Klaip\u0117doje, \u0160iauliuose","isPartOf":{"@id":"https:\/\/techremontas.lt\/#website"},"datePublished":"2019-04-12T09:14:13+00:00","dateModified":"2019-04-12T09:26:15+00:00","description":"Mapy nawigacyjne VOLKSWAGEN w Wilnie i Kownie w najlepszej cenie. 12 miesi\u0119cy gwarancji. Tel. 8 (655) 00790 \/ 8 (684) 09811","breadcrumb":{"@id":"https:\/\/techremontas.lt\/volkswagen-navigacija\/#breadcrumb"},"inLanguage":"pl-PL","potentialAction":[{"@type":"ReadAction","target":["https:\/\/techremontas.lt\/volkswagen-navigacija\/"]}]},{"@type":"BreadcrumbList","@id":"https:\/\/techremontas.lt\/volkswagen-navigacija\/#breadcrumb","itemListElement":[{"@type":"ListItem","position":1,"name":"Pagrindinis","item":"https:\/\/techremontas.lt\/"},{"@type":"ListItem","position":2,"name":"Volkswagen navigacija"}]},{"@type":"WebSite","@id":"https:\/\/techremontas.lt\/#website","url":"https:\/\/techremontas.lt\/","name":"taisykla Vilniuje, Kaune, Klaip\u0117doje, \u0160iauliuose","description":"Serwis nowoczesnych urz\u0105dze\u0144 elektrycznych","potentialAction":[{"@type":"SearchAction","target":{"@type":"EntryPoint","urlTemplate":"https:\/\/techremontas.lt\/?s={search_term_string}"},"query-input":{"@type":"PropertyValueSpecification","valueRequired":true,"valueName":"search_term_string"}}],"inLanguage":"pl-PL"}]}},"uagb_featured_image_src":{"full":false,"thumbnail":false,"medium":false,"medium_large":false,"large":false,"1536x1536":false,"2048x2048":false,"trp-custom-language-flag":false,"post-thumbnail":false,"vantage-thumbnail-no-sidebar":false,"vantage-slide":false,"vantage-carousel":false,"vantage-grid-loop":false},"uagb_author_info":{"display_name":"valdymas","author_link":"https:\/\/techremontas.lt\/pl\/author\/valdymas\/"},"uagb_comment_info":0,"uagb_excerpt":"VOLKSWAGEN navigacijos \u017eem\u0117lapiai (RNS-510, RNS-810, MFD3) CD 1 &#8211; Airija, Andora, Austrija, Belgija, \u010cekija, Danija, D.Britanija, Giblartaras, Graikija, Ispanija, Italija, Lichten\u0161teinas, Lenkija, Liuksemburgas, Monakas, Norvegija, Olandija, Portugalija, Pranc\u016bzija, Slovakija, Suomija, \u0160veicarija, \u0160vedija, Vatikanas, Vengrija, Vokietija. CD 2 &#8211; Albanija, Austrija, Baltarusija, Bulgarija, Bosnija ir Hercegovina, \u010cekija, Danija, Estija, Graikija, Italija, Juodkalnija, Kroatija, Lenkija, Latvija, Lietuva&hellip;","_links":{"self":[{"href":"https:\/\/techremontas.lt\/pl\/wp-json\/wp\/v2\/pages\/500","targetHints":{"allow":["GET"]}}],"collection":[{"href":"https:\/\/techremontas.lt\/pl\/wp-json\/wp\/v2\/pages"}],"about":[{"href":"https:\/\/techremontas.lt\/pl\/wp-json\/wp\/v2\/types\/page"}],"author":[{"embeddable":true,"href":"https:\/\/techremontas.lt\/pl\/wp-json\/wp\/v2\/users\/1"}],"replies":[{"embeddable":true,"href":"https:\/\/techremontas.lt\/pl\/wp-json\/wp\/v2\/comments?post=500"}],"version-history":[{"count":7,"href":"https:\/\/techremontas.lt\/pl\/wp-json\/wp\/v2\/pages\/500\/revisions"}],"predecessor-version":[{"id":507,"href":"https:\/\/techremontas.lt\/pl\/wp-json\/wp\/v2\/pages\/500\/revisions\/507"}],"wp:attachment":[{"href":"https:\/\/techremontas.lt\/pl\/wp-json\/wp\/v2\/media?parent=500"}],"curies":[{"name":"wp","href":"https:\/\/api.w.org\/{rel}","templated":true}]}}