{"id":733,"date":"2023-02-09T08:22:46","date_gmt":"2023-02-09T10:22:46","guid":{"rendered":"https:\/\/techremontas.lt\/?page_id=733"},"modified":"2025-02-28T16:01:00","modified_gmt":"2025-02-28T18:01:00","slug":"straipsniai","status":"publish","type":"page","link":"https:\/\/techremontas.lt\/pl\/straipsniai\/","title":{"rendered":"Technologij\u0173 ir elektronikos naujienos"},"content":{"rendered":"<p>\u0160iame tinklara\u0161tyje siekiame ne tik informuoti apie naujausius technologinius pasiekimus, bet ir pad\u0117ti jums geriau suprasti, kaip efektyviai panaudoti jau turimas technologijas. Nuo praktini\u0173 patarim\u0173, kaip prailginti baterijos veikimo laik\u0105, iki i\u0161sami\u0173 ap\u017evalg\u0173 apie naujausius dirbtinio intelekto pasiekimus \u2013 \u010dia rasite visk\u0105, ko reikia \u0161iuolaikiniam technologij\u0173 entuziastui.<\/p>\n\n\n\n<div class=\"wp-block-columns is-layout-flex wp-container-core-columns-is-layout-9d6595d7 wp-block-columns-is-layout-flex\">\n<div class=\"wp-block-column is-layout-flow wp-block-column-is-layout-flow\" style=\"flex-basis:33.33%\"><ul class=\"wp-block-categories-list wp-block-categories\">\t<li class=\"cat-item cat-item-10\"><a href=\"https:\/\/techremontas.lt\/pl\/info\/automobiliniu-navigaciju-atnaujinimas\/\">Aktualizacja nawigacji samochodowej<\/a> (7)\n<\/li>\n\t<li class=\"cat-item cat-item-11\"><a href=\"https:\/\/techremontas.lt\/pl\/info\/dulkiu-siurbliu-remontas\/\">Naprawa odkurzaczy<\/a> (10)\n<\/li>\n\t<li class=\"cat-item cat-item-8\"><a href=\"https:\/\/techremontas.lt\/pl\/info\/el-paspirtuku-remontas-naujienos\/\">Naprawa hulajn\u00f3g elektrycznych, aktualno\u015bci<\/a> (11)\n<\/li>\n\t<li class=\"cat-item cat-item-16\"><a href=\"https:\/\/techremontas.lt\/pl\/info\/elektriniu-irankiu-remontas\/\">Naprawa elektronarz\u0119dzi<\/a> (2)\n<\/li>\n\t<li class=\"cat-item cat-item-13\"><a href=\"https:\/\/techremontas.lt\/pl\/info\/fotoaparatu-objektyvu-vaizdo-kameru-remontas\/\">Naprawa aparat\u00f3w fotograficznych, obiektyw\u00f3w, kamer<\/a> (10)\n<\/li>\n\t<li class=\"cat-item cat-item-6\"><a href=\"https:\/\/techremontas.lt\/pl\/info\/kavos-aparatu-remontas-naujienos\/\">Naprawa ekspres\u00f3w do kawy, aktualno\u015bci<\/a> (7)\n<\/li>\n\t<li class=\"cat-item cat-item-3\"><a href=\"https:\/\/techremontas.lt\/pl\/info\/stacionarus-kompiuteriai\/\">Naprawa komputer\u00f3w, aktualno\u015bci<\/a> (278)\n<\/li>\n\t<li class=\"cat-item cat-item-12\"><a href=\"https:\/\/techremontas.lt\/pl\/info\/konsoliu-xbox-playstation-nintendo-ir-kitu-remontas\/\">Naprawa XBOX, PlayStation, Nintendo i innych konsol<\/a> (10)\n<\/li>\n\t<li class=\"cat-item cat-item-19\"><a href=\"https:\/\/techremontas.lt\/pl\/info\/laidyniu-lygintuvu-remontas\/\">Naprawa prostownik\u00f3w<\/a> (7)\n<\/li>\n\t<li class=\"cat-item cat-item-1\"><a href=\"https:\/\/techremontas.lt\/pl\/info\/technologijos\/\">Technologijos<\/a> (88)\n<\/li>\n\t<li class=\"cat-item cat-item-7\"><a href=\"https:\/\/techremontas.lt\/pl\/info\/televizoriu-remontas-naujienos\/\">Naprawa telewizor\u00f3w, aktualno\u015bci<\/a> (1)\n<\/li>\n<\/ul><\/div>\n\n\n\n<div class=\"wp-block-column is-layout-flow wp-block-column-is-layout-flow\" style=\"flex-basis:66.66%\">\n\t\t\t<div class=\"wp-block-uagb-post-grid uagb-post-grid  uagb-post__image-position-top uagb-post__image-enabled uagb-block-16a58cbf     uagb-post__items uagb-post__columns-3 is-grid uagb-post__columns-tablet-2 uagb-post__columns-mobile-1 uagb-post__equal-height\" data-total=\"70\" style=\"\">\n\n\t\t\t\t\t\t\t\t\t\t\t\t<article class=\"uagb-post__inner-wrap\">\t\t\t\t\t\t\t\t<div class='uagb-post__image'>\n\t\t\t\t\t\t\t\t\t<a href=\"https:\/\/techremontas.lt\/pl\/konsoliu-xbox-playstation-nintendo-ir-kitu-remontas\/belaides-zaidimu-ausines-erdvinis-garsas\/\" target=\"_self\" rel=\"bookmark noopener noreferrer\" class='uagb-image-ratio-inherit'><img loading=\"lazy\" decoding=\"async\" width=\"612\" height=\"561\" src=\"https:\/\/techremontas.lt\/wp-content\/uploads\/2026\/04\/wireless1.jpg\" class=\"attachment-large size-large\" alt=\"\" srcset=\"https:\/\/techremontas.lt\/wp-content\/uploads\/2026\/04\/wireless1.jpg 612w, https:\/\/techremontas.lt\/wp-content\/uploads\/2026\/04\/wireless1-300x275.jpg 300w, https:\/\/techremontas.lt\/wp-content\/uploads\/2026\/04\/wireless1-13x12.jpg 13w\" sizes=\"auto, (max-width: 612px) 100vw, 612px\" \/>\t\t\t\t\t<\/a>\n\t\t\t\t\t\t\t<\/div>\n\t\t\t\t\t\t<h3 class=\"uagb-post__title uagb-post__text\">\n\t\t\t\t<a href=\"https:\/\/techremontas.lt\/pl\/konsoliu-xbox-playstation-nintendo-ir-kitu-remontas\/belaides-zaidimu-ausines-erdvinis-garsas\/\" target=\"_self\" rel=\"bookmark noopener noreferrer\">Belaid\u017ei\u0173 \u017eaidimo ausini\u0173 erdvinis garsas<\/a>\n\t\t\t<\/h3>\n\t\t\t\t\t\t<div class='uagb-post__text uagb-post-grid-byline'>\n\t\t\t\t\t\t\t\t<time datetime=\"2026-04-08T00:00:00+03:00\" class=\"uagb-post__date\">\n\t\t\t\t\t\t\t\t\t2026-04-08\t\t\t\t<\/time>\n\t\t\t\t\t\t<\/div>\n\t\t\t\t\t\t\t<div class='uagb-post__text uagb-post__excerpt'>\n\t\t\t\t\t<p>Kas yra tas erdvinis garsas ir kod\u0117l visi apie j\u012f kalba Prisimenu, kai pirm\u0105 kart\u0105&#8230;\t\t\t\t<\/div>\n\t\t\t\t\t\t<div class=\"uagb-post__text uagb-post__cta wp-block-button\">\n\t\t\t\t<a class=\"wp-block-button__link uagb-text-link\" style=\"\" href=\"https:\/\/techremontas.lt\/pl\/konsoliu-xbox-playstation-nintendo-ir-kitu-remontas\/belaides-zaidimu-ausines-erdvinis-garsas\/\" target=\"_self\" rel=\"bookmark noopener noreferrer\">Skaityti<\/a>\n\t\t\t<\/div>\n\t\t\t\n\t\t\t\t\t\t\t\t\t<\/article>\n\t\t\t\t\t\t\t\t\t\t\t\t\t\t\t\t<article class=\"uagb-post__inner-wrap\">\t\t\t\t\t\t\t\t<div class='uagb-post__image'>\n\t\t\t\t\t\t\t\t\t<a href=\"https:\/\/techremontas.lt\/pl\/stacionarus-kompiuteriai\/kaip-sukonfiguruoti-synology-nas-atsargine-kopija\/\" target=\"_self\" rel=\"bookmark noopener noreferrer\" class='uagb-image-ratio-inherit'><img loading=\"lazy\" decoding=\"async\" width=\"300\" height=\"168\" src=\"https:\/\/techremontas.lt\/wp-content\/uploads\/2026\/04\/Synology-NAS.jpg\" class=\"attachment-large size-large\" alt=\"\" srcset=\"https:\/\/techremontas.lt\/wp-content\/uploads\/2026\/04\/Synology-NAS.jpg 300w, https:\/\/techremontas.lt\/wp-content\/uploads\/2026\/04\/Synology-NAS-18x10.jpg 18w\" sizes=\"auto, (max-width: 300px) 100vw, 300px\" \/>\t\t\t\t\t<\/a>\n\t\t\t\t\t\t\t<\/div>\n\t\t\t\t\t\t<h3 class=\"uagb-post__title uagb-post__text\">\n\t\t\t\t<a href=\"https:\/\/techremontas.lt\/pl\/stacionarus-kompiuteriai\/kaip-sukonfiguruoti-synology-nas-atsargine-kopija\/\" target=\"_self\" rel=\"bookmark noopener noreferrer\">Kaip sukonfig\u016bruoti Synology NAS atsargin\u0119 kopij\u0105?<\/a>\n\t\t\t<\/h3>\n\t\t\t\t\t\t<div class='uagb-post__text uagb-post-grid-byline'>\n\t\t\t\t\t\t\t\t<time datetime=\"2026-04-08T00:00:00+03:00\" class=\"uagb-post__date\">\n\t\t\t\t\t\t\t\t\t2026-04-08\t\t\t\t<\/time>\n\t\t\t\t\t\t<\/div>\n\t\t\t\t\t\t\t<div class='uagb-post__text uagb-post__excerpt'>\n\t\t\t\t\t<p>Kas tas Synology NAS ir kod\u0117l jums reikia atsargin\u0117s kopijos Jei jau \u012fsigijote Synology NAS&#8230;\t\t\t\t<\/div>\n\t\t\t\t\t\t<div class=\"uagb-post__text uagb-post__cta wp-block-button\">\n\t\t\t\t<a class=\"wp-block-button__link uagb-text-link\" style=\"\" href=\"https:\/\/techremontas.lt\/pl\/stacionarus-kompiuteriai\/kaip-sukonfiguruoti-synology-nas-atsargine-kopija\/\" target=\"_self\" rel=\"bookmark noopener noreferrer\">Skaityti<\/a>\n\t\t\t<\/div>\n\t\t\t\n\t\t\t\t\t\t\t\t\t<\/article>\n\t\t\t\t\t\t\t\t\t\t\t\t\t\t\t\t<article class=\"uagb-post__inner-wrap\">\t\t\t\t\t\t\t\t<div class='uagb-post__image'>\n\t\t\t\t\t\t\t\t\t<a href=\"https:\/\/techremontas.lt\/pl\/stacionarus-kompiuteriai\/kaip-issirinkti-grafini-planseta-piesimui\/\" target=\"_self\" rel=\"bookmark noopener noreferrer\" class='uagb-image-ratio-inherit'><img loading=\"lazy\" decoding=\"async\" width=\"612\" height=\"408\" src=\"https:\/\/techremontas.lt\/wp-content\/uploads\/2026\/04\/graphics-tablet.jpg\" class=\"attachment-large size-large\" alt=\"\" srcset=\"https:\/\/techremontas.lt\/wp-content\/uploads\/2026\/04\/graphics-tablet.jpg 612w, https:\/\/techremontas.lt\/wp-content\/uploads\/2026\/04\/graphics-tablet-300x200.jpg 300w, https:\/\/techremontas.lt\/wp-content\/uploads\/2026\/04\/graphics-tablet-18x12.jpg 18w, https:\/\/techremontas.lt\/wp-content\/uploads\/2026\/04\/graphics-tablet-272x182.jpg 272w\" sizes=\"auto, (max-width: 612px) 100vw, 612px\" \/>\t\t\t\t\t<\/a>\n\t\t\t\t\t\t\t<\/div>\n\t\t\t\t\t\t<h3 class=\"uagb-post__title uagb-post__text\">\n\t\t\t\t<a href=\"https:\/\/techremontas.lt\/pl\/stacionarus-kompiuteriai\/kaip-issirinkti-grafini-planseta-piesimui\/\" target=\"_self\" rel=\"bookmark noopener noreferrer\">Kaip i\u0161sirinkti grafin\u0119 plan\u0161et\u0119 pie\u0161imui?<\/a>\n\t\t\t<\/h3>\n\t\t\t\t\t\t<div class='uagb-post__text uagb-post-grid-byline'>\n\t\t\t\t\t\t\t\t<time datetime=\"2026-04-08T00:00:00+03:00\" class=\"uagb-post__date\">\n\t\t\t\t\t\t\t\t\t2026-04-08\t\t\t\t<\/time>\n\t\t\t\t\t\t<\/div>\n\t\t\t\t\t\t\t<div class='uagb-post__text uagb-post__excerpt'>\n\t\t\t\t\t<p>Kod\u0117l apskritai reik\u0117t\u0173 grafin\u0117s plan\u0161et\u0117s? \u017dinot, kai pirm\u0105 kart\u0105 pama\u010diau profesional\u0173 dizainer\u012f dirbant\u012f su grafiniu&#8230;\t\t\t\t<\/div>\n\t\t\t\t\t\t<div class=\"uagb-post__text uagb-post__cta wp-block-button\">\n\t\t\t\t<a class=\"wp-block-button__link uagb-text-link\" style=\"\" href=\"https:\/\/techremontas.lt\/pl\/stacionarus-kompiuteriai\/kaip-issirinkti-grafini-planseta-piesimui\/\" target=\"_self\" rel=\"bookmark noopener noreferrer\">Skaityti<\/a>\n\t\t\t<\/div>\n\t\t\t\n\t\t\t\t\t\t\t\t\t<\/article>\n\t\t\t\t\t\t\t\t\t\t\t\t\t\t\t\t<article class=\"uagb-post__inner-wrap\">\t\t\t\t\t\t\t\t<div class='uagb-post__image'>\n\t\t\t\t\t\t\t\t\t<a href=\"https:\/\/techremontas.lt\/pl\/stacionarus-kompiuteriai\/marsrutizatoriaus-ipv6-vs-ipv4-nustatymai\/\" target=\"_self\" rel=\"bookmark noopener noreferrer\" class='uagb-image-ratio-inherit'><img loading=\"lazy\" decoding=\"async\" width=\"235\" height=\"214\" src=\"https:\/\/techremontas.lt\/wp-content\/uploads\/2026\/06\/atsisiusti-42.jpg\" class=\"attachment-large size-large\" alt=\"\" srcset=\"https:\/\/techremontas.lt\/wp-content\/uploads\/2026\/06\/atsisiusti-42.jpg 235w, https:\/\/techremontas.lt\/wp-content\/uploads\/2026\/06\/atsisiusti-42-13x12.jpg 13w\" sizes=\"auto, (max-width: 235px) 100vw, 235px\" \/>\t\t\t\t\t<\/a>\n\t\t\t\t\t\t\t<\/div>\n\t\t\t\t\t\t<h3 class=\"uagb-post__title uagb-post__text\">\n\t\t\t\t<a href=\"https:\/\/techremontas.lt\/pl\/stacionarus-kompiuteriai\/marsrutizatoriaus-ipv6-vs-ipv4-nustatymai\/\" target=\"_self\" rel=\"bookmark noopener noreferrer\">Mar\u0161rutizatoriaus IPv6 ir IPv4 nustatymai<\/a>\n\t\t\t<\/h3>\n\t\t\t\t\t\t<div class='uagb-post__text uagb-post-grid-byline'>\n\t\t\t\t\t\t\t\t<time datetime=\"2026-04-07T00:00:00+03:00\" class=\"uagb-post__date\">\n\t\t\t\t\t\t\t\t\t2026-04-07\t\t\t\t<\/time>\n\t\t\t\t\t\t<\/div>\n\t\t\t\t\t\t\t<div class='uagb-post__text uagb-post__excerpt'>\n\t\t\t\t\t<p>Kas i\u0161 tikr\u0173j\u0173 yra IPv4 ir IPv6 protokolai Kai prisijungiate prie interneto, j\u016bs\u0173 \u012frenginys gauna&#8230;\t\t\t\t<\/div>\n\t\t\t\t\t\t<div class=\"uagb-post__text uagb-post__cta wp-block-button\">\n\t\t\t\t<a class=\"wp-block-button__link uagb-text-link\" style=\"\" href=\"https:\/\/techremontas.lt\/pl\/stacionarus-kompiuteriai\/marsrutizatoriaus-ipv6-vs-ipv4-nustatymai\/\" target=\"_self\" rel=\"bookmark noopener noreferrer\">Skaityti<\/a>\n\t\t\t<\/div>\n\t\t\t\n\t\t\t\t\t\t\t\t\t<\/article>\n\t\t\t\t\t\t\t\t\t\t\t\t\t\t\t\t<article class=\"uagb-post__inner-wrap\">\t\t\t\t\t\t\t\t<div class='uagb-post__image'>\n\t\t\t\t\t\t\t\t\t<a href=\"https:\/\/techremontas.lt\/pl\/el-paspirtuku-remontas-naujienos\/elektrinio-dviracio-vidurinis-variklis-ar-rato-variklis\/\" target=\"_self\" rel=\"bookmark noopener noreferrer\" class='uagb-image-ratio-inherit'><img loading=\"lazy\" decoding=\"async\" width=\"612\" height=\"407\" src=\"https:\/\/techremontas.lt\/wp-content\/uploads\/2026\/04\/Electric-bicycle.jpg\" class=\"attachment-large size-large\" alt=\"\" srcset=\"https:\/\/techremontas.lt\/wp-content\/uploads\/2026\/04\/Electric-bicycle.jpg 612w, https:\/\/techremontas.lt\/wp-content\/uploads\/2026\/04\/Electric-bicycle-300x200.jpg 300w, https:\/\/techremontas.lt\/wp-content\/uploads\/2026\/04\/Electric-bicycle-18x12.jpg 18w, https:\/\/techremontas.lt\/wp-content\/uploads\/2026\/04\/Electric-bicycle-272x182.jpg 272w\" sizes=\"auto, (max-width: 612px) 100vw, 612px\" \/>\t\t\t\t\t<\/a>\n\t\t\t\t\t\t\t<\/div>\n\t\t\t\t\t\t<h3 class=\"uagb-post__title uagb-post__text\">\n\t\t\t\t<a href=\"https:\/\/techremontas.lt\/pl\/el-paspirtuku-remontas-naujienos\/elektrinio-dviracio-vidurinis-variklis-ar-rato-variklis\/\" target=\"_self\" rel=\"bookmark noopener noreferrer\">Elektrinio dvira\u010dio vidurinis variklis ar rato variklis<\/a>\n\t\t\t<\/h3>\n\t\t\t\t\t\t<div class='uagb-post__text uagb-post-grid-byline'>\n\t\t\t\t\t\t\t\t<time datetime=\"2026-04-07T00:00:00+03:00\" class=\"uagb-post__date\">\n\t\t\t\t\t\t\t\t\t2026-04-07\t\t\t\t<\/time>\n\t\t\t\t\t\t<\/div>\n\t\t\t\t\t\t\t<div class='uagb-post__text uagb-post__excerpt'>\n\t\t\t\t\t<p>Kas i\u0161 tikr\u0173j\u0173 slypi po elektrini\u0173 dvira\u010di\u0173 varikliais Kai prie\u0161 kelerius metus pirm\u0105 kart\u0105 i\u0161band\u017eiau&#8230;\t\t\t\t<\/div>\n\t\t\t\t\t\t<div class=\"uagb-post__text uagb-post__cta wp-block-button\">\n\t\t\t\t<a class=\"wp-block-button__link uagb-text-link\" style=\"\" href=\"https:\/\/techremontas.lt\/pl\/el-paspirtuku-remontas-naujienos\/elektrinio-dviracio-vidurinis-variklis-ar-rato-variklis\/\" target=\"_self\" rel=\"bookmark noopener noreferrer\">Skaityti<\/a>\n\t\t\t<\/div>\n\t\t\t\n\t\t\t\t\t\t\t\t\t<\/article>\n\t\t\t\t\t\t\t\t\t\t\t\t\t\t\t\t<article class=\"uagb-post__inner-wrap\">\t\t\t\t\t\t\t\t<div class='uagb-post__image'>\n\t\t\t\t\t\t\t\t\t<a href=\"https:\/\/techremontas.lt\/pl\/elektriniu-irankiu-remontas\/elektrine-vejapjove-ar-benzinine-vejapjove\/\" target=\"_self\" rel=\"bookmark noopener noreferrer\" class='uagb-image-ratio-inherit'><img loading=\"lazy\" decoding=\"async\" width=\"612\" height=\"408\" src=\"https:\/\/techremontas.lt\/wp-content\/uploads\/2026\/04\/gasoline-lawn-mower.jpg\" class=\"attachment-large size-large\" alt=\"\" srcset=\"https:\/\/techremontas.lt\/wp-content\/uploads\/2026\/04\/gasoline-lawn-mower.jpg 612w, https:\/\/techremontas.lt\/wp-content\/uploads\/2026\/04\/gasoline-lawn-mower-300x200.jpg 300w, https:\/\/techremontas.lt\/wp-content\/uploads\/2026\/04\/gasoline-lawn-mower-18x12.jpg 18w, https:\/\/techremontas.lt\/wp-content\/uploads\/2026\/04\/gasoline-lawn-mower-272x182.jpg 272w\" sizes=\"auto, (max-width: 612px) 100vw, 612px\" \/>\t\t\t\t\t<\/a>\n\t\t\t\t\t\t\t<\/div>\n\t\t\t\t\t\t<h3 class=\"uagb-post__title uagb-post__text\">\n\t\t\t\t<a href=\"https:\/\/techremontas.lt\/pl\/elektriniu-irankiu-remontas\/elektrine-vejapjove-ar-benzinine-vejapjove\/\" target=\"_self\" rel=\"bookmark noopener noreferrer\">Elektrin\u0117 vejapjov\u0117 ar benzinin\u0117 vejapjov\u0117<\/a>\n\t\t\t<\/h3>\n\t\t\t\t\t\t<div class='uagb-post__text uagb-post-grid-byline'>\n\t\t\t\t\t\t\t\t<time datetime=\"2026-04-07T00:00:00+03:00\" class=\"uagb-post__date\">\n\t\t\t\t\t\t\t\t\t2026-04-07\t\t\t\t<\/time>\n\t\t\t\t\t\t<\/div>\n\t\t\t\t\t\t\t<div class='uagb-post__text uagb-post__excerpt'>\n\t\t\t\t\t<p>Am\u017einas dilema kiekvieno sodo \u0161eimininko Kai ateis laikas rinktis vejapjov\u0119, daugelis \u017emoni\u0173 susiduria su viena&#8230;\t\t\t\t<\/div>\n\t\t\t\t\t\t<div class=\"uagb-post__text uagb-post__cta wp-block-button\">\n\t\t\t\t<a class=\"wp-block-button__link uagb-text-link\" style=\"\" href=\"https:\/\/techremontas.lt\/pl\/elektriniu-irankiu-remontas\/elektrine-vejapjove-ar-benzinine-vejapjove\/\" target=\"_self\" rel=\"bookmark noopener noreferrer\">Skaityti<\/a>\n\t\t\t<\/div>\n\t\t\t\n\t\t\t\t\t\t\t\t\t<\/article>\n\t\t\t\t\t\t\t\t\t\t\t\t\t<div class=\"uagb-post-pagination-wrap\">\n\t\t\t\t\t\t<span aria-current=\"page\" class=\"page-numbers current\">1<\/span>\n<a class=\"page-numbers\" href=\"https:\/\/techremontas.lt\/pl\/wp-json\/wp\/v2\/pages\/733\/page\/2\/\">2<\/a>\n<a class=\"page-numbers\" href=\"https:\/\/techremontas.lt\/pl\/wp-json\/wp\/v2\/pages\/733\/page\/3\/\">3<\/a>\n<a class=\"page-numbers\" href=\"https:\/\/techremontas.lt\/pl\/wp-json\/wp\/v2\/pages\/733\/page\/4\/\">4<\/a>\n<a class=\"page-numbers\" href=\"https:\/\/techremontas.lt\/pl\/wp-json\/wp\/v2\/pages\/733\/page\/5\/\">5<\/a>\n<span class=\"page-numbers dots\">...<\/span>\n<a class=\"page-numbers\" href=\"https:\/\/techremontas.lt\/pl\/wp-json\/wp\/v2\/pages\/733\/page\/67\/\">67<\/a>\n<a class=\"page-numbers\" href=\"https:\/\/techremontas.lt\/pl\/wp-json\/wp\/v2\/pages\/733\/page\/68\/\">68<\/a>\n<a class=\"page-numbers\" href=\"https:\/\/techremontas.lt\/pl\/wp-json\/wp\/v2\/pages\/733\/page\/69\/\">69<\/a>\n<a class=\"page-numbers\" href=\"https:\/\/techremontas.lt\/pl\/wp-json\/wp\/v2\/pages\/733\/page\/70\/\">70<\/a>\n<a class=\"next page-numbers\" href=\"https:\/\/techremontas.lt\/pl\/wp-json\/wp\/v2\/pages\/733\/page\/2\/\">Kitas \u00bb<\/a>\t\t\t\t\t<\/div>\n\t\t\t\t\t\t\t\t<\/div>\n\t\t\t<\/div>\n<\/div>","protected":false},"excerpt":{"rendered":"<p>\u0160iame tinklara\u0161tyje siekiame ne tik informuoti apie naujausius technologinius pasiekimus, bet ir pad\u0117ti jums geriau suprasti, kaip efektyviai panaudoti jau turimas technologijas. Nuo praktini\u0173 patarim\u0173, kaip prailginti baterijos veikimo laik\u0105, iki i\u0161sami\u0173 ap\u017evalg\u0173 apie naujausius dirbtinio intelekto pasiekimus \u2013 \u010dia rasite visk\u0105, ko reikia \u0161iuolaikiniam technologij\u0173 entuziastui.<\/p>","protected":false},"author":1,"featured_media":0,"parent":0,"menu_order":0,"comment_status":"closed","ping_status":"closed","template":"templates\/template-full.php","meta":{"_uag_custom_page_level_css":"","footnotes":""},"class_list":["post-733","page","type-page","status-publish","hentry","post"],"yoast_head":"<!-- This site is optimized with the Yoast SEO plugin v27.3 - https:\/\/yoast.com\/product\/yoast-seo-wordpress\/ -->\n<title>Technologij\u0173 ir elektronikos naujienos - taisykla Vilniuje, Kaune, Klaip\u0117doje, \u0160iauliuose<\/title>\n<meta name=\"robots\" content=\"index, follow, max-snippet:-1, max-image-preview:large, max-video-preview:-1\" \/>\n<link rel=\"canonical\" href=\"https:\/\/techremontas.lt\/pl\/straipsniai\/\" \/>\n<meta property=\"og:locale\" content=\"pl_PL\" \/>\n<meta property=\"og:type\" content=\"article\" \/>\n<meta property=\"og:title\" content=\"Technologij\u0173 ir elektronikos naujienos - taisykla Vilniuje, Kaune, Klaip\u0117doje, \u0160iauliuose\" \/>\n<meta property=\"og:description\" content=\"\u0160iame tinklara\u0161tyje siekiame ne tik informuoti apie naujausius technologinius pasiekimus, bet ir pad\u0117ti jums geriau suprasti, kaip efektyviai panaudoti jau turimas technologijas. Nuo praktini\u0173 patarim\u0173, kaip prailginti baterijos veikimo laik\u0105, iki i\u0161sami\u0173 ap\u017evalg\u0173 apie naujausius dirbtinio intelekto pasiekimus \u2013 \u010dia rasite visk\u0105, ko reikia \u0161iuolaikiniam technologij\u0173 entuziastui.\" \/>\n<meta property=\"og:url\" content=\"https:\/\/techremontas.lt\/pl\/straipsniai\/\" \/>\n<meta property=\"og:site_name\" content=\"taisykla Vilniuje, Kaune, Klaip\u0117doje, \u0160iauliuose\" \/>\n<meta property=\"article:modified_time\" content=\"2025-02-28T18:01:00+00:00\" \/>\n<meta name=\"twitter:card\" content=\"summary_large_image\" \/>\n<script type=\"application\/ld+json\" class=\"yoast-schema-graph\">{\"@context\":\"https:\\\/\\\/schema.org\",\"@graph\":[{\"@type\":\"WebPage\",\"@id\":\"https:\\\/\\\/techremontas.lt\\\/straipsniai\\\/\",\"url\":\"https:\\\/\\\/techremontas.lt\\\/straipsniai\\\/\",\"name\":\"Technologij\u0173 ir elektronikos naujienos - taisykla Vilniuje, Kaune, Klaip\u0117doje, \u0160iauliuose\",\"isPartOf\":{\"@id\":\"https:\\\/\\\/techremontas.lt\\\/#website\"},\"datePublished\":\"2023-02-09T10:22:46+00:00\",\"dateModified\":\"2025-02-28T18:01:00+00:00\",\"breadcrumb\":{\"@id\":\"https:\\\/\\\/techremontas.lt\\\/straipsniai\\\/#breadcrumb\"},\"inLanguage\":\"pl-PL\",\"potentialAction\":[{\"@type\":\"ReadAction\",\"target\":[\"https:\\\/\\\/techremontas.lt\\\/straipsniai\\\/\"]}]},{\"@type\":\"BreadcrumbList\",\"@id\":\"https:\\\/\\\/techremontas.lt\\\/straipsniai\\\/#breadcrumb\",\"itemListElement\":[{\"@type\":\"ListItem\",\"position\":1,\"name\":\"Pagrindinis\",\"item\":\"https:\\\/\\\/techremontas.lt\\\/\"},{\"@type\":\"ListItem\",\"position\":2,\"name\":\"Technologij\u0173 ir elektronikos naujienos\"}]},{\"@type\":\"WebSite\",\"@id\":\"https:\\\/\\\/techremontas.lt\\\/#website\",\"url\":\"https:\\\/\\\/techremontas.lt\\\/\",\"name\":\"taisykla Vilniuje, Kaune, Klaip\u0117doje, \u0160iauliuose\",\"description\":\"Modernios el. technikos servisas\",\"potentialAction\":[{\"@type\":\"SearchAction\",\"target\":{\"@type\":\"EntryPoint\",\"urlTemplate\":\"https:\\\/\\\/techremontas.lt\\\/?s={search_term_string}\"},\"query-input\":{\"@type\":\"PropertyValueSpecification\",\"valueRequired\":true,\"valueName\":\"search_term_string\"}}],\"inLanguage\":\"pl-PL\"}]}<\/script>\n<!-- \/ Yoast SEO plugin. -->","yoast_head_json":{"title":"Technologij\u0173 ir elektronikos naujienos - taisykla Vilniuje, Kaune, Klaip\u0117doje, \u0160iauliuose","robots":{"index":"index","follow":"follow","max-snippet":"max-snippet:-1","max-image-preview":"max-image-preview:large","max-video-preview":"max-video-preview:-1"},"canonical":"https:\/\/techremontas.lt\/pl\/straipsniai\/","og_locale":"pl_PL","og_type":"article","og_title":"Technologij\u0173 ir elektronikos naujienos - taisykla Vilniuje, Kaune, Klaip\u0117doje, \u0160iauliuose","og_description":"\u0160iame tinklara\u0161tyje siekiame ne tik informuoti apie naujausius technologinius pasiekimus, bet ir pad\u0117ti jums geriau suprasti, kaip efektyviai panaudoti jau turimas technologijas. Nuo praktini\u0173 patarim\u0173, kaip prailginti baterijos veikimo laik\u0105, iki i\u0161sami\u0173 ap\u017evalg\u0173 apie naujausius dirbtinio intelekto pasiekimus \u2013 \u010dia rasite visk\u0105, ko reikia \u0161iuolaikiniam technologij\u0173 entuziastui.","og_url":"https:\/\/techremontas.lt\/pl\/straipsniai\/","og_site_name":"taisykla Vilniuje, Kaune, Klaip\u0117doje, \u0160iauliuose","article_modified_time":"2025-02-28T18:01:00+00:00","twitter_card":"summary_large_image","schema":{"@context":"https:\/\/schema.org","@graph":[{"@type":"WebPage","@id":"https:\/\/techremontas.lt\/straipsniai\/","url":"https:\/\/techremontas.lt\/straipsniai\/","name":"Technologij\u0173 ir elektronikos naujienos - taisykla Vilniuje, Kaune, Klaip\u0117doje, \u0160iauliuose","isPartOf":{"@id":"https:\/\/techremontas.lt\/#website"},"datePublished":"2023-02-09T10:22:46+00:00","dateModified":"2025-02-28T18:01:00+00:00","breadcrumb":{"@id":"https:\/\/techremontas.lt\/straipsniai\/#breadcrumb"},"inLanguage":"pl-PL","potentialAction":[{"@type":"ReadAction","target":["https:\/\/techremontas.lt\/straipsniai\/"]}]},{"@type":"BreadcrumbList","@id":"https:\/\/techremontas.lt\/straipsniai\/#breadcrumb","itemListElement":[{"@type":"ListItem","position":1,"name":"Pagrindinis","item":"https:\/\/techremontas.lt\/"},{"@type":"ListItem","position":2,"name":"Technologij\u0173 ir elektronikos naujienos"}]},{"@type":"WebSite","@id":"https:\/\/techremontas.lt\/#website","url":"https:\/\/techremontas.lt\/","name":"taisykla Vilniuje, Kaune, Klaip\u0117doje, \u0160iauliuose","description":"Serwis nowoczesnych urz\u0105dze\u0144 elektrycznych","potentialAction":[{"@type":"SearchAction","target":{"@type":"EntryPoint","urlTemplate":"https:\/\/techremontas.lt\/?s={search_term_string}"},"query-input":{"@type":"PropertyValueSpecification","valueRequired":true,"valueName":"search_term_string"}}],"inLanguage":"pl-PL"}]}},"uagb_featured_image_src":{"full":false,"thumbnail":false,"medium":false,"medium_large":false,"large":false,"1536x1536":false,"2048x2048":false,"trp-custom-language-flag":false,"post-thumbnail":false,"vantage-thumbnail-no-sidebar":false,"vantage-slide":false,"vantage-carousel":false,"vantage-grid-loop":false},"uagb_author_info":{"display_name":"valdymas","author_link":"https:\/\/techremontas.lt\/pl\/author\/valdymas\/"},"uagb_comment_info":0,"uagb_excerpt":"\u0160iame tinklara\u0161tyje siekiame ne tik informuoti apie naujausius technologinius pasiekimus, bet ir pad\u0117ti jums geriau suprasti, kaip efektyviai panaudoti jau turimas technologijas. Nuo praktini\u0173 patarim\u0173, kaip prailginti baterijos veikimo laik\u0105, iki i\u0161sami\u0173 ap\u017evalg\u0173 apie naujausius dirbtinio intelekto pasiekimus \u2013 \u010dia rasite visk\u0105, ko reikia \u0161iuolaikiniam technologij\u0173 entuziastui.","_links":{"self":[{"href":"https:\/\/techremontas.lt\/pl\/wp-json\/wp\/v2\/pages\/733","targetHints":{"allow":["GET"]}}],"collection":[{"href":"https:\/\/techremontas.lt\/pl\/wp-json\/wp\/v2\/pages"}],"about":[{"href":"https:\/\/techremontas.lt\/pl\/wp-json\/wp\/v2\/types\/page"}],"author":[{"embeddable":true,"href":"https:\/\/techremontas.lt\/pl\/wp-json\/wp\/v2\/users\/1"}],"replies":[{"embeddable":true,"href":"https:\/\/techremontas.lt\/pl\/wp-json\/wp\/v2\/comments?post=733"}],"version-history":[{"count":5,"href":"https:\/\/techremontas.lt\/pl\/wp-json\/wp\/v2\/pages\/733\/revisions"}],"predecessor-version":[{"id":2930,"href":"https:\/\/techremontas.lt\/pl\/wp-json\/wp\/v2\/pages\/733\/revisions\/2930"}],"wp:attachment":[{"href":"https:\/\/techremontas.lt\/pl\/wp-json\/wp\/v2\/media?parent=733"}],"curies":[{"name":"wp","href":"https:\/\/api.w.org\/{rel}","templated":true}]}}