{"id":764,"date":"2023-03-15T04:51:41","date_gmt":"2023-03-15T06:51:41","guid":{"rendered":"https:\/\/techremontas.lt\/?page_id=764"},"modified":"2023-03-15T06:10:07","modified_gmt":"2023-03-15T08:10:07","slug":"kompiuteriai","status":"publish","type":"page","link":"https:\/\/techremontas.lt\/pl\/kompiuteriai\/","title":{"rendered":"Komputery"},"content":{"rendered":"<p>Nie tylko wykonujemy <a href=\"\/pl\/kompiuteriu-remontas\/\">naprawy<\/a>ale tak\u017ce sprzedaj\u0105 nowe i u\u017cywane komputery w szczeg\u00f3lnie korzystnych cenach. Na przyk\u0142ad. <em>Elitebook 840 g6 i5 16gb 512ssd gwarancja 20 miesi\u0119cy.<\/em> 350 \u20ac (normalna cena 600 \u20ac). Pe\u0142ny <a href=\"https:\/\/www.skelbiu.lt\/skelbimai\/?autocompleted=1&amp;keywords=market7&amp;submit_bn=&amp;cities=0&amp;distance=0&amp;mainCity=0&amp;search=1&amp;category_id=0&amp;user_type=0&amp;ad_since_min=0&amp;ad_since_max=0&amp;visited_page=1&amp;orderBy=-1&amp;detailsSearch=0\" target=\"_blank\" rel=\"noreferrer noopener\">lista komputer\u00f3w<\/a>.<\/p>\n\n\n\n<ul class=\"wp-block-list\">\n<li>Laptopy i komputery stacjonarne<\/li>\n\n\n\n<li>Monitory<\/li>\n\n\n\n<li>Komputery Apple MacBook, tablety<\/li>\n<\/ul>\n\n\n\n<ul class=\"wp-block-list\">\n<li><strong>VILNIUS <\/strong>- Savanori\u0173 pr. 1,<strong> tel. <a href=\"tel:\u016b\u0161\u012f\u012f00\u017390\">8 (655) <\/a><a href=\"tel:865500790\">00790<\/a><\/strong><\/li>\n\n\n\n<li><strong>KAUNE <\/strong>- Kovo 11-osios str. 130, <strong>tel. <a href=\"tel:868409811\">8 (684) 09811<\/a><\/strong><\/li>\n<\/ul>\n\n\n\n<figure class=\"wp-block-image size-full\"><a href=\"\/pl\/kompiuteriu-remontas\/\"><img loading=\"lazy\" decoding=\"async\" width=\"640\" height=\"427\" src=\"https:\/\/techremontas.lt\/wp-content\/uploads\/2023\/03\/pc-1.jpg\" alt=\"\" class=\"wp-image-779\" srcset=\"https:\/\/techremontas.lt\/wp-content\/uploads\/2023\/03\/pc-1.jpg 640w, https:\/\/techremontas.lt\/wp-content\/uploads\/2023\/03\/pc-1-300x200.jpg 300w, https:\/\/techremontas.lt\/wp-content\/uploads\/2023\/03\/pc-1-272x182.jpg 272w\" sizes=\"auto, (max-width: 640px) 100vw, 640px\" \/><\/a><\/figure>\n\n\n\n<ul class=\"wp-block-list\">\n<li>10 lat do\u015bwiadczenia<\/li>\n\n\n\n<li>Gwarantujemy wszystko<\/li>\n\n\n\n<li>Rozwi\u0105zujemy wszystkie problemy<\/li>\n<\/ul>","protected":false},"excerpt":{"rendered":"<p>Opr\u00f3cz napraw, sprzedajemy r\u00f3wnie\u017c nowe i u\u017cywane komputery w bardzo dobrych cenach. Np. Elitebook 840 g6 i5 16gb 512ssd gwarancja 20 miesi\u0119cy 350 Eur (cena regularna 600 Eur). Pe\u0142na lista komputer\u00f3w.<\/p>","protected":false},"author":1,"featured_media":0,"parent":0,"menu_order":0,"comment_status":"closed","ping_status":"closed","template":"","meta":{"_uag_custom_page_level_css":"","footnotes":""},"class_list":["post-764","page","type-page","status-publish","hentry","post"],"yoast_head":"<!-- This site is optimized with the Yoast SEO plugin v27.4 - https:\/\/yoast.com\/product\/yoast-seo-wordpress\/ -->\n<title>Kompiuteriai - taisykla Vilniuje, Kaune, Klaip\u0117doje, \u0160iauliuose<\/title>\n<meta name=\"robots\" content=\"index, follow, max-snippet:-1, max-image-preview:large, max-video-preview:-1\" \/>\n<link rel=\"canonical\" href=\"https:\/\/techremontas.lt\/pl\/kompiuteriai\/\" \/>\n<meta property=\"og:locale\" content=\"pl_PL\" \/>\n<meta property=\"og:type\" content=\"article\" \/>\n<meta property=\"og:title\" content=\"Kompiuteriai - taisykla Vilniuje, Kaune, Klaip\u0117doje, \u0160iauliuose\" \/>\n<meta property=\"og:description\" content=\"Ne tik atliekame remont\u0105, bet ir parduodame naujus ir naudotus kompiuterius ypa\u010d geromis kainomis. Pvz. Elitebook 840 g6 i5 16gb 512ssd garantija 20 m\u0117n. 350 Eur (\u012fprasta kaina 600 Eur). Visas kompiuteri\u0173 s\u0105ra\u0161as.\" \/>\n<meta property=\"og:url\" content=\"https:\/\/techremontas.lt\/pl\/kompiuteriai\/\" \/>\n<meta property=\"og:site_name\" content=\"taisykla Vilniuje, Kaune, Klaip\u0117doje, \u0160iauliuose\" \/>\n<meta property=\"article:modified_time\" content=\"2023-03-15T08:10:07+00:00\" \/>\n<meta property=\"og:image\" content=\"https:\/\/techremontas.lt\/wp-content\/uploads\/2023\/03\/pc-1.jpg\" \/>\n<meta name=\"twitter:card\" content=\"summary_large_image\" \/>\n<script type=\"application\/ld+json\" class=\"yoast-schema-graph\">{\"@context\":\"https:\\\/\\\/schema.org\",\"@graph\":[{\"@type\":\"WebPage\",\"@id\":\"https:\\\/\\\/techremontas.lt\\\/kompiuteriai\\\/\",\"url\":\"https:\\\/\\\/techremontas.lt\\\/kompiuteriai\\\/\",\"name\":\"Kompiuteriai - taisykla Vilniuje, Kaune, Klaip\u0117doje, \u0160iauliuose\",\"isPartOf\":{\"@id\":\"https:\\\/\\\/techremontas.lt\\\/#website\"},\"primaryImageOfPage\":{\"@id\":\"https:\\\/\\\/techremontas.lt\\\/kompiuteriai\\\/#primaryimage\"},\"image\":{\"@id\":\"https:\\\/\\\/techremontas.lt\\\/kompiuteriai\\\/#primaryimage\"},\"thumbnailUrl\":\"https:\\\/\\\/techremontas.lt\\\/wp-content\\\/uploads\\\/2023\\\/03\\\/pc-1.jpg\",\"datePublished\":\"2023-03-15T06:51:41+00:00\",\"dateModified\":\"2023-03-15T08:10:07+00:00\",\"breadcrumb\":{\"@id\":\"https:\\\/\\\/techremontas.lt\\\/kompiuteriai\\\/#breadcrumb\"},\"inLanguage\":\"pl-PL\",\"potentialAction\":[{\"@type\":\"ReadAction\",\"target\":[\"https:\\\/\\\/techremontas.lt\\\/kompiuteriai\\\/\"]}]},{\"@type\":\"ImageObject\",\"inLanguage\":\"pl-PL\",\"@id\":\"https:\\\/\\\/techremontas.lt\\\/kompiuteriai\\\/#primaryimage\",\"url\":\"https:\\\/\\\/techremontas.lt\\\/wp-content\\\/uploads\\\/2023\\\/03\\\/pc-1.jpg\",\"contentUrl\":\"https:\\\/\\\/techremontas.lt\\\/wp-content\\\/uploads\\\/2023\\\/03\\\/pc-1.jpg\"},{\"@type\":\"BreadcrumbList\",\"@id\":\"https:\\\/\\\/techremontas.lt\\\/kompiuteriai\\\/#breadcrumb\",\"itemListElement\":[{\"@type\":\"ListItem\",\"position\":1,\"name\":\"Pagrindinis\",\"item\":\"https:\\\/\\\/techremontas.lt\\\/\"},{\"@type\":\"ListItem\",\"position\":2,\"name\":\"Kompiuteriai\"}]},{\"@type\":\"WebSite\",\"@id\":\"https:\\\/\\\/techremontas.lt\\\/#website\",\"url\":\"https:\\\/\\\/techremontas.lt\\\/\",\"name\":\"taisykla Vilniuje, Kaune, Klaip\u0117doje, \u0160iauliuose\",\"description\":\"Modernios el. technikos servisas\",\"potentialAction\":[{\"@type\":\"SearchAction\",\"target\":{\"@type\":\"EntryPoint\",\"urlTemplate\":\"https:\\\/\\\/techremontas.lt\\\/?s={search_term_string}\"},\"query-input\":{\"@type\":\"PropertyValueSpecification\",\"valueRequired\":true,\"valueName\":\"search_term_string\"}}],\"inLanguage\":\"pl-PL\"}]}<\/script>\n<!-- \/ Yoast SEO plugin. -->","yoast_head_json":{"title":"Kompiuteriai - taisykla Vilniuje, Kaune, Klaip\u0117doje, \u0160iauliuose","robots":{"index":"index","follow":"follow","max-snippet":"max-snippet:-1","max-image-preview":"max-image-preview:large","max-video-preview":"max-video-preview:-1"},"canonical":"https:\/\/techremontas.lt\/pl\/kompiuteriai\/","og_locale":"pl_PL","og_type":"article","og_title":"Kompiuteriai - taisykla Vilniuje, Kaune, Klaip\u0117doje, \u0160iauliuose","og_description":"Ne tik atliekame remont\u0105, bet ir parduodame naujus ir naudotus kompiuterius ypa\u010d geromis kainomis. Pvz. Elitebook 840 g6 i5 16gb 512ssd garantija 20 m\u0117n. 350 Eur (\u012fprasta kaina 600 Eur). Visas kompiuteri\u0173 s\u0105ra\u0161as.","og_url":"https:\/\/techremontas.lt\/pl\/kompiuteriai\/","og_site_name":"taisykla Vilniuje, Kaune, Klaip\u0117doje, \u0160iauliuose","article_modified_time":"2023-03-15T08:10:07+00:00","og_image":[{"url":"https:\/\/techremontas.lt\/wp-content\/uploads\/2023\/03\/pc-1.jpg","type":"","width":"","height":""}],"twitter_card":"summary_large_image","schema":{"@context":"https:\/\/schema.org","@graph":[{"@type":"WebPage","@id":"https:\/\/techremontas.lt\/kompiuteriai\/","url":"https:\/\/techremontas.lt\/kompiuteriai\/","name":"Kompiuteriai - taisykla Vilniuje, Kaune, Klaip\u0117doje, \u0160iauliuose","isPartOf":{"@id":"https:\/\/techremontas.lt\/#website"},"primaryImageOfPage":{"@id":"https:\/\/techremontas.lt\/kompiuteriai\/#primaryimage"},"image":{"@id":"https:\/\/techremontas.lt\/kompiuteriai\/#primaryimage"},"thumbnailUrl":"https:\/\/techremontas.lt\/wp-content\/uploads\/2023\/03\/pc-1.jpg","datePublished":"2023-03-15T06:51:41+00:00","dateModified":"2023-03-15T08:10:07+00:00","breadcrumb":{"@id":"https:\/\/techremontas.lt\/kompiuteriai\/#breadcrumb"},"inLanguage":"pl-PL","potentialAction":[{"@type":"ReadAction","target":["https:\/\/techremontas.lt\/kompiuteriai\/"]}]},{"@type":"ImageObject","inLanguage":"pl-PL","@id":"https:\/\/techremontas.lt\/kompiuteriai\/#primaryimage","url":"https:\/\/techremontas.lt\/wp-content\/uploads\/2023\/03\/pc-1.jpg","contentUrl":"https:\/\/techremontas.lt\/wp-content\/uploads\/2023\/03\/pc-1.jpg"},{"@type":"BreadcrumbList","@id":"https:\/\/techremontas.lt\/kompiuteriai\/#breadcrumb","itemListElement":[{"@type":"ListItem","position":1,"name":"Pagrindinis","item":"https:\/\/techremontas.lt\/"},{"@type":"ListItem","position":2,"name":"Kompiuteriai"}]},{"@type":"WebSite","@id":"https:\/\/techremontas.lt\/#website","url":"https:\/\/techremontas.lt\/","name":"taisykla Vilniuje, Kaune, Klaip\u0117doje, \u0160iauliuose","description":"Serwis nowoczesnych urz\u0105dze\u0144 elektrycznych","potentialAction":[{"@type":"SearchAction","target":{"@type":"EntryPoint","urlTemplate":"https:\/\/techremontas.lt\/?s={search_term_string}"},"query-input":{"@type":"PropertyValueSpecification","valueRequired":true,"valueName":"search_term_string"}}],"inLanguage":"pl-PL"}]}},"uagb_featured_image_src":{"full":false,"thumbnail":false,"medium":false,"medium_large":false,"large":false,"1536x1536":false,"2048x2048":false,"trp-custom-language-flag":false,"post-thumbnail":false,"vantage-thumbnail-no-sidebar":false,"vantage-slide":false,"vantage-carousel":false,"vantage-grid-loop":false},"uagb_author_info":{"display_name":"valdymas","author_link":"https:\/\/techremontas.lt\/pl\/author\/valdymas\/"},"uagb_comment_info":0,"uagb_excerpt":"Ne tik atliekame remont\u0105, bet ir parduodame naujus ir naudotus kompiuterius ypa\u010d geromis kainomis. Pvz. Elitebook 840 g6 i5 16gb 512ssd garantija 20 m\u0117n. 350 Eur (\u012fprasta kaina 600 Eur). Visas kompiuteri\u0173 s\u0105ra\u0161as.","_links":{"self":[{"href":"https:\/\/techremontas.lt\/pl\/wp-json\/wp\/v2\/pages\/764","targetHints":{"allow":["GET"]}}],"collection":[{"href":"https:\/\/techremontas.lt\/pl\/wp-json\/wp\/v2\/pages"}],"about":[{"href":"https:\/\/techremontas.lt\/pl\/wp-json\/wp\/v2\/types\/page"}],"author":[{"embeddable":true,"href":"https:\/\/techremontas.lt\/pl\/wp-json\/wp\/v2\/users\/1"}],"replies":[{"embeddable":true,"href":"https:\/\/techremontas.lt\/pl\/wp-json\/wp\/v2\/comments?post=764"}],"version-history":[{"count":5,"href":"https:\/\/techremontas.lt\/pl\/wp-json\/wp\/v2\/pages\/764\/revisions"}],"predecessor-version":[{"id":780,"href":"https:\/\/techremontas.lt\/pl\/wp-json\/wp\/v2\/pages\/764\/revisions\/780"}],"wp:attachment":[{"href":"https:\/\/techremontas.lt\/pl\/wp-json\/wp\/v2\/media?parent=764"}],"curies":[{"name":"wp","href":"https:\/\/api.w.org\/{rel}","templated":true}]}}