{"id":232,"date":"2019-04-10T04:57:19","date_gmt":"2019-04-10T06:57:19","guid":{"rendered":"https:\/\/techremontas.lt\/?page_id=232"},"modified":"2019-04-10T05:09:17","modified_gmt":"2019-04-10T07:09:17","slug":"alfa-romeo-navigacija","status":"publish","type":"page","link":"https:\/\/techremontas.lt\/ru\/alfa-romeo-navigacija\/","title":{"rendered":"\u041d\u0430\u0432\u0438\u0433\u0430\u0446\u0438\u044f Alfa Romeo"},"content":{"rendered":"<h2 class=\"wp-block-heading\"><strong>\u041d\u0430\u0432\u0438\u0433\u0430\u0446\u0438\u043e\u043d\u043d\u044b\u0435 \u043a\u0430\u0440\u0442\u044b ALFA ROMEO (Connect G2\/DB3)<\/strong> <\/h2>\n\n\n\n<p> CD01 - \u0424\u0440\u0430\u043d\u0446\u0438\u044f <br> CD02 - \u0418\u0441\u043f\u0430\u043d\u0438\u044f, \u041f\u043e\u0440\u0442\u0443\u0433\u0430\u043b\u0438\u044f<br> CD03 - \u0418\u0442\u0430\u043b\u0438\u044f<br> CD04 - \u0411\u0435\u043b\u044c\u0433\u0438\u044f, \u041d\u0438\u0434\u0435\u0440\u043b\u0430\u043d\u0434\u044b, \u041b\u044e\u043a\u0441\u0435\u043c\u0431\u0443\u0440\u0433<br> CD05 - \u0410\u0432\u0441\u0442\u0440\u0438\u044f, \u0428\u0432\u0435\u0439\u0446\u0430\u0440\u0438\u044f, \u0413\u0435\u0440\u043c\u0430\u043d\u0438\u044f, \u0448. \u0418\u0442\u0430\u043b\u0438\u044f<br> CD06 - \u0413\u0435\u0440\u043c\u0430\u043d\u0438\u044f<br> CD07 - \u0412\u0435\u043b\u0438\u043a\u043e\u0431\u0440\u0438\u0442\u0430\u043d\u0438\u044f, \u0418\u0440\u043b\u0430\u043d\u0434\u0438\u044f<br> CD08 - \u0421\u043a\u0430\u043d\u0434\u0438\u043d\u0430\u0432\u0438\u044f<br> CD09 - \u0427\u0435\u0445\u0438\u044f, \u041f\u043e\u043b\u044c\u0448\u0430, \u0421\u043b\u043e\u0432\u0430\u043a\u0438\u044f, \u0421\u043b\u043e\u0432\u0435\u043d\u0438\u044f, \u0412\u0435\u043d\u0433\u0440\u0438\u044f<br> CD10 - \u042d\u0441\u0442\u043e\u043d\u0438\u044f, \u041b\u0430\u0442\u0432\u0438\u044f,<strong> \u041b\u0438\u0442\u0432\u0430 (\u043f\u043e\u0434\u0440\u043e\u0431\u043d\u043e)<\/strong>, \u0411\u0435\u043b\u0430\u0440\u0443\u0441\u044c, \u0423\u043a\u0440\u0430\u0438\u043d\u0430<br> CD11 - \u0410\u043b\u0431\u0430\u043d\u0438\u044f, \u0411\u043e\u0441\u043d\u0438\u044f \u0438 \u0413\u0435\u0440\u0446\u0435\u0433\u043e\u0432\u0438\u043d\u0430, \u0425\u043e\u0440\u0432\u0430\u0442\u0438\u044f, \u0413\u0440\u0435\u0446\u0438\u044f, \u041c\u0430\u043a\u0435\u0434\u043e\u043d\u0438\u044f, \u0427\u0435\u0440\u043d\u043e\u0433\u043e\u0440\u0438\u044f, \u0420\u0443\u043c\u044b\u043d\u0438\u044f, \u0421\u0435\u0440\u0431\u0438\u044f <\/p>\n\n\n\n<p><em>Alfa Romeo 159 2008.02-2009<br>Alfa Romeo Brera 2008.03-2009<br>Alfa Romeo Spider 2008.03-2009<br>Lancia Phedra 2005-2007<br>Lancia Musa 2007.12-2012<br>Lancia Ypsilon 2008.03-2011<\/em><\/p>\n\n\n\n<p><p>\u0413\u0430\u0440\u0430\u043d\u0442\u0438\u044f 12 \u043c\u0435\u0441\u044f\u0446\u0435\u0432. | \u0412\u0438\u043b\u044c\u043d\u044e\u0441 \u0438 \u041a\u0430\u0443\u043d\u0430\u0441 | \u041b\u0443\u0447\u0448\u0430\u044f \u0446\u0435\u043d\u0430<\/p>\n<hr><\/p>","protected":false},"excerpt":{"rendered":"<p>ALFA ROMEO navigacijos \u017eem\u0117lapiai (Connect G2\/DB3) CD01 \u2013 Pranc\u016bzija CD02 \u2013 Ispanija, Portugalija CD03 \u2013 Italija CD04 \u2013 Belgija, Olandija, Liuksemburgas CD05 \u2013 Austrija, \u0160veicarija, p. Vokietija, \u0161. Italija CD06 \u2013 Vokietija CD07 \u2013 D.Britanija, Airija CD08 \u2013 Skandinavija CD09 \u2013 \u010cekija, Lenkija, Slovakija, Slov\u0117nija, Vengrija CD10 \u2013 Estija, Latvija, Lietuva (detalus), Baltarusija, Ukraina CD11 [&hellip;]<\/p>\n","protected":false},"author":1,"featured_media":236,"parent":0,"menu_order":0,"comment_status":"closed","ping_status":"closed","template":"","meta":{"_uag_custom_page_level_css":"","footnotes":""},"class_list":["post-232","page","type-page","status-publish","has-post-thumbnail","hentry","post","post-with-thumbnail","post-with-thumbnail-icon"],"yoast_head":"<!-- This site is optimized with the Yoast SEO plugin v27.4 - https:\/\/yoast.com\/product\/yoast-seo-wordpress\/ -->\n<title>Alfa Romeo navigacija - taisykla Vilniuje, Kaune, Klaip\u0117doje, \u0160iauliuose<\/title>\n<meta name=\"description\" content=\"ALFA ROMEO navigacijos \u017eem\u0117lapiai Vilniuje ir Kaune geriausia kaina. 12 m\u0117n. garantija. Tel. nr. 8 (655) 00790 \/ 8 (684) 09811\" \/>\n<meta name=\"robots\" content=\"index, follow, max-snippet:-1, max-image-preview:large, max-video-preview:-1\" \/>\n<link rel=\"canonical\" href=\"https:\/\/techremontas.lt\/ru\/alfa-romeo-navigacija\/\" \/>\n<meta property=\"og:locale\" content=\"ru_RU\" \/>\n<meta property=\"og:type\" content=\"article\" \/>\n<meta property=\"og:title\" content=\"Alfa Romeo navigacija - taisykla Vilniuje, Kaune, Klaip\u0117doje, \u0160iauliuose\" \/>\n<meta property=\"og:description\" content=\"ALFA ROMEO navigacijos \u017eem\u0117lapiai Vilniuje ir Kaune geriausia kaina. 12 m\u0117n. garantija. Tel. nr. 8 (655) 00790 \/ 8 (684) 09811\" \/>\n<meta property=\"og:url\" content=\"https:\/\/techremontas.lt\/ru\/alfa-romeo-navigacija\/\" \/>\n<meta property=\"og:site_name\" content=\"taisykla Vilniuje, Kaune, Klaip\u0117doje, \u0160iauliuose\" \/>\n<meta property=\"article:modified_time\" content=\"2019-04-10T07:09:17+00:00\" \/>\n<meta property=\"og:image\" content=\"https:\/\/techremontas.lt\/wp-content\/uploads\/2019\/04\/connect-g2-db3.jpg\" \/>\n\t<meta property=\"og:image:width\" content=\"288\" \/>\n\t<meta property=\"og:image:height\" content=\"197\" \/>\n\t<meta property=\"og:image:type\" content=\"image\/jpeg\" \/>\n<meta name=\"twitter:card\" content=\"summary_large_image\" \/>\n<script type=\"application\/ld+json\" class=\"yoast-schema-graph\">{\"@context\":\"https:\\\/\\\/schema.org\",\"@graph\":[{\"@type\":\"WebPage\",\"@id\":\"https:\\\/\\\/techremontas.lt\\\/alfa-romeo-navigacija\\\/\",\"url\":\"https:\\\/\\\/techremontas.lt\\\/alfa-romeo-navigacija\\\/\",\"name\":\"Alfa Romeo navigacija - taisykla Vilniuje, Kaune, Klaip\u0117doje, \u0160iauliuose\",\"isPartOf\":{\"@id\":\"https:\\\/\\\/techremontas.lt\\\/#website\"},\"primaryImageOfPage\":{\"@id\":\"https:\\\/\\\/techremontas.lt\\\/alfa-romeo-navigacija\\\/#primaryimage\"},\"image\":{\"@id\":\"https:\\\/\\\/techremontas.lt\\\/alfa-romeo-navigacija\\\/#primaryimage\"},\"thumbnailUrl\":\"https:\\\/\\\/techremontas.lt\\\/wp-content\\\/uploads\\\/2019\\\/04\\\/connect-g2-db3.jpg\",\"datePublished\":\"2019-04-10T06:57:19+00:00\",\"dateModified\":\"2019-04-10T07:09:17+00:00\",\"description\":\"ALFA ROMEO navigacijos \u017eem\u0117lapiai Vilniuje ir Kaune geriausia kaina. 12 m\u0117n. garantija. Tel. nr. 8 (655) 00790 \\\/ 8 (684) 09811\",\"breadcrumb\":{\"@id\":\"https:\\\/\\\/techremontas.lt\\\/alfa-romeo-navigacija\\\/#breadcrumb\"},\"inLanguage\":\"ru-RU\",\"potentialAction\":[{\"@type\":\"ReadAction\",\"target\":[\"https:\\\/\\\/techremontas.lt\\\/alfa-romeo-navigacija\\\/\"]}]},{\"@type\":\"ImageObject\",\"inLanguage\":\"ru-RU\",\"@id\":\"https:\\\/\\\/techremontas.lt\\\/alfa-romeo-navigacija\\\/#primaryimage\",\"url\":\"https:\\\/\\\/techremontas.lt\\\/wp-content\\\/uploads\\\/2019\\\/04\\\/connect-g2-db3.jpg\",\"contentUrl\":\"https:\\\/\\\/techremontas.lt\\\/wp-content\\\/uploads\\\/2019\\\/04\\\/connect-g2-db3.jpg\",\"width\":288,\"height\":197},{\"@type\":\"BreadcrumbList\",\"@id\":\"https:\\\/\\\/techremontas.lt\\\/alfa-romeo-navigacija\\\/#breadcrumb\",\"itemListElement\":[{\"@type\":\"ListItem\",\"position\":1,\"name\":\"Pagrindinis\",\"item\":\"https:\\\/\\\/techremontas.lt\\\/\"},{\"@type\":\"ListItem\",\"position\":2,\"name\":\"Alfa Romeo navigacija\"}]},{\"@type\":\"WebSite\",\"@id\":\"https:\\\/\\\/techremontas.lt\\\/#website\",\"url\":\"https:\\\/\\\/techremontas.lt\\\/\",\"name\":\"taisykla Vilniuje, Kaune, Klaip\u0117doje, \u0160iauliuose\",\"description\":\"Modernios el. technikos servisas\",\"potentialAction\":[{\"@type\":\"SearchAction\",\"target\":{\"@type\":\"EntryPoint\",\"urlTemplate\":\"https:\\\/\\\/techremontas.lt\\\/?s={search_term_string}\"},\"query-input\":{\"@type\":\"PropertyValueSpecification\",\"valueRequired\":true,\"valueName\":\"search_term_string\"}}],\"inLanguage\":\"ru-RU\"}]}<\/script>\n<!-- \/ Yoast SEO plugin. -->","yoast_head_json":{"title":"Alfa Romeo navigacija - taisykla Vilniuje, Kaune, Klaip\u0117doje, \u0160iauliuose","description":"\u041d\u0430\u0432\u0438\u0433\u0430\u0446\u0438\u043e\u043d\u043d\u044b\u0435 \u043a\u0430\u0440\u0442\u044b ALFA ROMEO \u0432 \u0412\u0438\u043b\u044c\u043d\u044e\u0441\u0435 \u0438 \u041a\u0430\u0443\u043d\u0430\u0441\u0435 \u043f\u043e \u043b\u0443\u0447\u0448\u0435\u0439 \u0446\u0435\u043d\u0435. \u0413\u0430\u0440\u0430\u043d\u0442\u0438\u044f 12 \u043c\u0435\u0441\u044f\u0446\u0435\u0432. \u0422\u0435\u043b. 8 (655) 00790 \/ 8 (684) 09811","robots":{"index":"index","follow":"follow","max-snippet":"max-snippet:-1","max-image-preview":"max-image-preview:large","max-video-preview":"max-video-preview:-1"},"canonical":"https:\/\/techremontas.lt\/ru\/alfa-romeo-navigacija\/","og_locale":"ru_RU","og_type":"article","og_title":"Alfa Romeo navigacija - taisykla Vilniuje, Kaune, Klaip\u0117doje, \u0160iauliuose","og_description":"ALFA ROMEO navigacijos \u017eem\u0117lapiai Vilniuje ir Kaune geriausia kaina. 12 m\u0117n. garantija. Tel. nr. 8 (655) 00790 \/ 8 (684) 09811","og_url":"https:\/\/techremontas.lt\/ru\/alfa-romeo-navigacija\/","og_site_name":"taisykla Vilniuje, Kaune, Klaip\u0117doje, \u0160iauliuose","article_modified_time":"2019-04-10T07:09:17+00:00","og_image":[{"width":288,"height":197,"url":"https:\/\/techremontas.lt\/wp-content\/uploads\/2019\/04\/connect-g2-db3.jpg","type":"image\/jpeg"}],"twitter_card":"summary_large_image","schema":{"@context":"https:\/\/schema.org","@graph":[{"@type":"WebPage","@id":"https:\/\/techremontas.lt\/alfa-romeo-navigacija\/","url":"https:\/\/techremontas.lt\/alfa-romeo-navigacija\/","name":"Alfa Romeo navigacija - taisykla Vilniuje, Kaune, Klaip\u0117doje, \u0160iauliuose","isPartOf":{"@id":"https:\/\/techremontas.lt\/#website"},"primaryImageOfPage":{"@id":"https:\/\/techremontas.lt\/alfa-romeo-navigacija\/#primaryimage"},"image":{"@id":"https:\/\/techremontas.lt\/alfa-romeo-navigacija\/#primaryimage"},"thumbnailUrl":"https:\/\/techremontas.lt\/wp-content\/uploads\/2019\/04\/connect-g2-db3.jpg","datePublished":"2019-04-10T06:57:19+00:00","dateModified":"2019-04-10T07:09:17+00:00","description":"\u041d\u0430\u0432\u0438\u0433\u0430\u0446\u0438\u043e\u043d\u043d\u044b\u0435 \u043a\u0430\u0440\u0442\u044b ALFA ROMEO \u0432 \u0412\u0438\u043b\u044c\u043d\u044e\u0441\u0435 \u0438 \u041a\u0430\u0443\u043d\u0430\u0441\u0435 \u043f\u043e \u043b\u0443\u0447\u0448\u0435\u0439 \u0446\u0435\u043d\u0435. \u0413\u0430\u0440\u0430\u043d\u0442\u0438\u044f 12 \u043c\u0435\u0441\u044f\u0446\u0435\u0432. \u0422\u0435\u043b. 8 (655) 00790 \/ 8 (684) 09811","breadcrumb":{"@id":"https:\/\/techremontas.lt\/alfa-romeo-navigacija\/#breadcrumb"},"inLanguage":"ru-RU","potentialAction":[{"@type":"ReadAction","target":["https:\/\/techremontas.lt\/alfa-romeo-navigacija\/"]}]},{"@type":"ImageObject","inLanguage":"ru-RU","@id":"https:\/\/techremontas.lt\/alfa-romeo-navigacija\/#primaryimage","url":"https:\/\/techremontas.lt\/wp-content\/uploads\/2019\/04\/connect-g2-db3.jpg","contentUrl":"https:\/\/techremontas.lt\/wp-content\/uploads\/2019\/04\/connect-g2-db3.jpg","width":288,"height":197},{"@type":"BreadcrumbList","@id":"https:\/\/techremontas.lt\/alfa-romeo-navigacija\/#breadcrumb","itemListElement":[{"@type":"ListItem","position":1,"name":"Pagrindinis","item":"https:\/\/techremontas.lt\/"},{"@type":"ListItem","position":2,"name":"Alfa Romeo navigacija"}]},{"@type":"WebSite","@id":"https:\/\/techremontas.lt\/#website","url":"https:\/\/techremontas.lt\/","name":"taisykla Vilniuje, Kaune, Klaip\u0117doje, \u0160iauliuose","description":"\u0421\u0435\u0440\u0432\u0438\u0441\u043d\u043e\u0435 \u043e\u0431\u0441\u043b\u0443\u0436\u0438\u0432\u0430\u043d\u0438\u0435 \u0441\u043e\u0432\u0440\u0435\u043c\u0435\u043d\u043d\u044b\u0445 \u044d\u043b\u0435\u043a\u0442\u0440\u043e\u043f\u0440\u0438\u0431\u043e\u0440\u043e\u0432","potentialAction":[{"@type":"SearchAction","target":{"@type":"EntryPoint","urlTemplate":"https:\/\/techremontas.lt\/?s={search_term_string}"},"query-input":{"@type":"PropertyValueSpecification","valueRequired":true,"valueName":"search_term_string"}}],"inLanguage":"ru-RU"}]}},"uagb_featured_image_src":{"full":["https:\/\/techremontas.lt\/wp-content\/uploads\/2019\/04\/connect-g2-db3.jpg",288,197,false],"thumbnail":["https:\/\/techremontas.lt\/wp-content\/uploads\/2019\/04\/connect-g2-db3-150x150.jpg",150,150,true],"medium":["https:\/\/techremontas.lt\/wp-content\/uploads\/2019\/04\/connect-g2-db3.jpg",288,197,false],"medium_large":["https:\/\/techremontas.lt\/wp-content\/uploads\/2019\/04\/connect-g2-db3.jpg",288,197,false],"large":["https:\/\/techremontas.lt\/wp-content\/uploads\/2019\/04\/connect-g2-db3.jpg",288,197,false],"1536x1536":["https:\/\/techremontas.lt\/wp-content\/uploads\/2019\/04\/connect-g2-db3.jpg",288,197,false],"2048x2048":["https:\/\/techremontas.lt\/wp-content\/uploads\/2019\/04\/connect-g2-db3.jpg",288,197,false],"trp-custom-language-flag":["https:\/\/techremontas.lt\/wp-content\/uploads\/2019\/04\/connect-g2-db3.jpg",18,12,false],"post-thumbnail":["https:\/\/techremontas.lt\/wp-content\/uploads\/2019\/04\/connect-g2-db3.jpg",288,197,false],"vantage-thumbnail-no-sidebar":["https:\/\/techremontas.lt\/wp-content\/uploads\/2019\/04\/connect-g2-db3.jpg",288,197,false],"vantage-slide":["https:\/\/techremontas.lt\/wp-content\/uploads\/2019\/04\/connect-g2-db3.jpg",288,197,false],"vantage-carousel":["https:\/\/techremontas.lt\/wp-content\/uploads\/2019\/04\/connect-g2-db3-272x182.jpg",272,182,true],"vantage-grid-loop":["https:\/\/techremontas.lt\/wp-content\/uploads\/2019\/04\/connect-g2-db3.jpg",288,197,false]},"uagb_author_info":{"display_name":"valdymas","author_link":"https:\/\/techremontas.lt\/ru\/author\/valdymas\/"},"uagb_comment_info":0,"uagb_excerpt":"ALFA ROMEO navigacijos \u017eem\u0117lapiai (Connect G2\/DB3) CD01 \u2013 Pranc\u016bzija CD02 \u2013 Ispanija, Portugalija CD03 \u2013 Italija CD04 \u2013 Belgija, Olandija, Liuksemburgas CD05 \u2013 Austrija, \u0160veicarija, p. Vokietija, \u0161. Italija CD06 \u2013 Vokietija CD07 \u2013 D.Britanija, Airija CD08 \u2013 Skandinavija CD09 \u2013 \u010cekija, Lenkija, Slovakija, Slov\u0117nija, Vengrija CD10 \u2013 Estija, Latvija, Lietuva (detalus), Baltarusija, Ukraina CD11&hellip;","_links":{"self":[{"href":"https:\/\/techremontas.lt\/ru\/wp-json\/wp\/v2\/pages\/232","targetHints":{"allow":["GET"]}}],"collection":[{"href":"https:\/\/techremontas.lt\/ru\/wp-json\/wp\/v2\/pages"}],"about":[{"href":"https:\/\/techremontas.lt\/ru\/wp-json\/wp\/v2\/types\/page"}],"author":[{"embeddable":true,"href":"https:\/\/techremontas.lt\/ru\/wp-json\/wp\/v2\/users\/1"}],"replies":[{"embeddable":true,"href":"https:\/\/techremontas.lt\/ru\/wp-json\/wp\/v2\/comments?post=232"}],"version-history":[{"count":5,"href":"https:\/\/techremontas.lt\/ru\/wp-json\/wp\/v2\/pages\/232\/revisions"}],"predecessor-version":[{"id":240,"href":"https:\/\/techremontas.lt\/ru\/wp-json\/wp\/v2\/pages\/232\/revisions\/240"}],"wp:featuredmedia":[{"embeddable":true,"href":"https:\/\/techremontas.lt\/ru\/wp-json\/wp\/v2\/media\/236"}],"wp:attachment":[{"href":"https:\/\/techremontas.lt\/ru\/wp-json\/wp\/v2\/media?parent=232"}],"curies":[{"name":"wp","href":"https:\/\/api.w.org\/{rel}","templated":true}]}}