{"id":241,"date":"2019-04-10T05:54:06","date_gmt":"2019-04-10T07:54:06","guid":{"rendered":"https:\/\/techremontas.lt\/?page_id=241"},"modified":"2019-04-10T07:40:47","modified_gmt":"2019-04-10T09:40:47","slug":"audi-navigacija","status":"publish","type":"page","link":"https:\/\/techremontas.lt\/ru\/audi-navigacija\/","title":{"rendered":"\u041d\u0430\u0432\u0438\u0433\u0430\u0446\u0438\u044f Audi"},"content":{"rendered":"\n<h2 class=\"wp-block-heading\"><strong>AUDI navigacijos \u017eem\u0117lapiai MIB (Modularer Infotainment Baukasten)<\/strong><\/h2>\n\n\n<p>Vokietija, Austrija, Andora, Belgija, \u0160veicarija, \u010cekija, Danija, Ispanija, Pranc\u016bzija, Suomija, Lichten\u0161teinas, Jungtin\u0117 Karalyst\u0117, Graikija, Airija, Italija, Liuksemburgas, Monakas, Norvegija, Nyderlandai, Portugalija, San Marinas, \u0160vedija, Vatikanas, Rusija, Lenkija, Vengrija, Kroatija, Slov\u0117nija, Baltarusija, Estija, <strong>Lietuva (detalus)<\/strong>, Latvija.<\/p>\n<p><em>AUDI (A1, A2, A3, A4, A5, A6, A7, A8, S6, S8, RS6, Q3, Q5, Q7) nuo 2015 met\u0173.<br><\/em><br>Garantija 12 m\u0117n. | Vilniuje ir Kaune | Geriausia kaina<\/p>\n<hr>\n\n\n<h2 class=\"wp-block-heading\"><strong>AUDI navigacijos \u017eem\u0117lapiai (MMI 3G+\/3GP (HN+)) <\/strong><\/h2>\n\n\n<p>Vokietija, Austrija, Andora, Belgija, \u0160veicarija, \u010cekija, Danija, Ispanija, Pranc\u016bzija, Suomija, Lichten\u0161teinas, Jungtin\u0117 Karalyst\u0117, Graikija, Airija, Italija, Liuksemburgas, Monakas, Norvegija, Nyderlandai, Portugalija, San Marinas, \u0160vedija, Vatikanas, Rusija, Lenkija, Vengrija, Kroatija, Slov\u0117nija, Baltarusija, Estija, <strong>Lietuva (detalus)<\/strong>, Latvija.<\/p>\n<p><em>AUDI GSP navigacin\u0117ms sistemoms MMI 3G High Plus Navigation (\u017eem\u0117lapiai vidiniame HDD)<\/em> <\/p>\n<p>Garantija 12 m\u0117n. | Vilniuje ir Kaune | Geriausia kaina<\/p>\n<hr>\n\n\n<h2 class=\"wp-block-heading\"><strong>AUDI navigacijos \u017eem\u0117lapiai (MMI 3G (HNav))<\/strong><\/h2>\n\n\n<p>Andora, Austrija, Belgija, Kroatija, \u010cekija, Danija, Estija, Suomija, Pranc\u016bzija, Vokietija, Gibraltaras, Did\u017eioji Britanija, Graikija, Vengrija, Airija, Italija, Latvija, Lichten\u0161teinas, <strong> Lietuva (detalus)<\/strong>, Liuksemburgas, Monakas, Nyderlandai, Norvegija, Lenkija, Portugalija, San Marinas, Slovakija, Slov\u0117nija, Ispanija, \u0160vedija, \u0160veicarija, Vatikanas. <\/p>\n<p><em>AUDI GPS navigacin\u0117ms sistemoms MMI 3G High Navigation (\u017eem\u0117lapiai vidiniame kiet\u0105jame HDD diske) <\/em><\/p>\n<p>Garantija 12 m\u0117n. | Vilniuje ir Kaune | Geriausia kaina<\/p>\n<hr>\n\n\n<h2 class=\"wp-block-heading\"><strong>AUDI navigacijos \u017eem\u0117lapiai (MMI 3G (BNav)) <\/strong><\/h2>\n\n\n<p>Andora, Austrija, Belgija, Kroatija, \u010cekija, Danija, Estija, Suomija, Pranc\u016bzija, Vokietija, Gibraltaras, Did\u017eioji Britanija, Graikija, Vengrija, Airija, Italija, Latvija, Lichten\u0161teinas, <strong>Lietuva (detalus)<\/strong>, Liuksemburgas, Monakas, Nyderlandai, Norvegija, Lenkija, Portugalija, San Marinas, Slovakija, Slov\u0117nija, Ispanija, \u0160vedija, \u0160veicarija, Vatikanas. <\/p>\n<p><em>AUDI (A1, A2, A3, A4, A5, A6, A7, A8, S6, S8, RS6, Q3, Q5, Q7) nuo 2008 iki 2012 met\u0173, kaip ir AX6 3G Hnav sistema&nbsp;<\/em><\/p>\n<p>Garantija 12 m\u0117n. | Vilniuje ir Kaune | Geriausia kaina<\/p>\n<hr>\n\n\n<h2 class=\"wp-block-heading\"><strong>AUDI navigacijos \u017eem\u0117lapiai (MMI 2G)<\/strong><\/h2>\n\n\n<p>DVD1 &#8211; Andora, Belgija, Pranc\u016bzija, Vokietija, UK, Airija, Lichten\u0161teinas, Liuksemburgas, Monakas, Nyderlandai, Portugalija, Ispanija, \u0160veicarija. <br>DVD2 &#8211; Austrija, Kroatija, \u010cekija, Danija, Estija, Suomija, Graikija, Vokietija, Vengrija, Italija, Latvija, <strong>Lietuva (detalus)<\/strong>, Norvegija, Lenkija, San Marinas, \u0160vedija, Slovakija, \u0160veicarija, Vatikanas, Slov\u0117nija. <\/p>\n<p><em>A4 Avant\/Cabrio [2008-2009\/06]<br>A4 Limo | S4 [2007\/09-2009\/05]<br>A4 | S4 Avant [2008-2009\/05]<br>A5 | S5 Coupe [2007-2008\/08]<br>A6 Limo [2004\/02-2008\/11]<br>A6 | S6 | RS6 Avant 2005-2009<br>A6 Allroad quatro 2004-2009<br>A8 | S8 [2002\/06-2008\/09]<br>Q7 [2006\/02-2009\/05] <\/em><\/p>\n<p>Garantija 12 m\u0117n. | Vilniuje ir Kaune | Geriausia kaina<\/p>\n<hr>\n\n\n<h2 class=\"wp-block-heading\"><strong>AUDI navigacijos \u017eem\u0117lapiai (MMI 2G su CD) <\/strong><\/h2>\n\n\n<p>CD 1 \u2013 Beneliuksas <br>CD 2 \u2013 Vokietija<br>CD 3 \u2013 \u0161. Pranc\u016bzija<br>CD 4 &#8211; p. Pranc\u016bzija<br>CD 5 \u2013 D.Britanija, Airija<br>CD 6 \u2013 Italija, Graikija<br>CD 7 \u2013 Ryt\u0173 Europa <strong>(Lietuvos detalus) <\/strong><br>CD 8- Skandinavija <br>CD 9 \u2013 Ispanija, Portugalija<br>CD 10 \u2013 Centrin\u0117 Europa <br>CD 11 \u2013 MRE Europos pagrindiniai keliai. <\/p>\n<p><em>Audi A4 Limousine KW 36\/2007 \u2013 22\/2009 m.<br>Audi A4 Avant 06\/2008 \u2013 22\/2009 m.<br>Audi A5 Coupe KW 08\/2007 \u2013 22\/2009 m.<br>Audi A6 Limousine KW 40\/2004 \u2013 45\/2008 m.<br>Audi A6 Avant KW 04\/2005 \u2013 45\/2008 m.<br>Audi A6 Allroad KW 10\/2006 \u2013 \/2008 m.<br>Audi Q7 KW 06\/2006 \u2013 22\/2009 m. <\/em><\/p>\n<p>Garantija 12 m\u0117n. | Vilniuje ir Kaune | Geriausia kaina<\/p>\n<hr>\n\n\n<h2 class=\"wp-block-heading\"><strong>AUDI navigacijos \u017eem\u0117lapiai (RNS-E)<\/strong> <\/h2>\n\n\n<p>CD 1 &#8211; Andora, Belgija, Pranc\u016bzija, Italija, Lichten\u0161teinas, Liuksemburgas, Monakas, Nyderandai, Portugalija, Ispanija, \u0160veicarija.<br>CD 2 &#8211; Vokietija, \u0160veicarija, Belgija, Pranc\u016bzija, Italija, Lichten\u0161teinas, Liuksemburgas, Monakas, Nyderlandai, Austrija, San Marinas, Vatikanas.<br>CD3 &#8211; Vokietija, Albanija, Bosnija ir Hercogovina, Bulgarija, Danija, Estija, Suomija, Graikija, Kroatija, Latvija, <strong>Lietuva (detalus)<\/strong>, Makedonija, Norvegija, Austrija, Lenkija, Rumunija, Serbija, Slovakija, Slov\u0117nija, \u010cekija, Vengrija. <\/p>\n<p><em>Audi A3 \/ S3 \/ RS3 (Cabriolet, Sportback)<br>Audi A4 \/ S4 \/ RS4 (Avant, Cabriolet, Limousine)<br>Audi A6 (Avant, Allroad Quatro)<br>Audi TT \/ TTS \/ TT RS (Coupe, Roadster)<br>Audi R8 (Coupe, Spyder) <\/em><\/p>\n<p>Garantija 12 m\u0117n. | Vilniuje ir Kaune | Geriausia kaina<\/p>\n<hr>\n\n\n<h2 class=\"wp-block-heading\"><strong>AUDI navigacijos \u017eem\u0117lapiai (RNS4.\/ BNS 4.x)  <\/strong><\/h2>\n\n\n<p>CD 1 \u2013 Austrija, \u0160veicarija, Lichten\u0161teinas, piet\u0173 Pranc\u016bzija, piet\u0173 Vokietija, \u0161iaur\u0117s Italija<br>CD 2 \u2013 Belgija, Olandija, Liuksemburgas<br>CD 3 \u2013 \u010cekija, Lenkija <br>CD 4 \u2013 Vokietija<br>CD 5 \u2013 Italija, San Marinas, Vatikanas<br>CD 6 \u2013 Suomija, Norvegija, \u0160vedija, Danija<br>CD 7 \u2013 Ispanija, Portugalija<br>CD 8 \u2013 Pranc\u016bzija<br>CD 9 \u2013 D.Britanija<br>CD 10 MRE \u2013 Europos pagrindiniai keliai <\/p>\n<p><em>Audi [Navigation Plus RNS4.X (&gt;12.99)\/Navigation BNS4.X (in A2\/A3\/TT&gt;07.01, A4&gt;11.00, A6&gt;05.01, A8&gt;01.01] iki [2004 m.]<\/em><\/p>\n<p>Garantija 12 m\u0117n. | Vilniuje ir Kaune | Geriausia kaina<\/p>\n<hr>","protected":false},"excerpt":{"rendered":"<p>AUDI navigacijos \u017eem\u0117lapiai MIB (Modularer Infotainment Baukasten) Vokietija, Austrija, Andora, Belgija, \u0160veicarija, \u010cekija, Danija, Ispanija, Pranc\u016bzija, Suomija, Lichten\u0161teinas, Jungtin\u0117 Karalyst\u0117, Graikija, Airija, Italija, Liuksemburgas, Monakas, Norvegija, Nyderlandai, Portugalija, San Marinas, \u0160vedija, Vatikanas, Rusija, Lenkija, Vengrija, Kroatija, Slov\u0117nija, Baltarusija, Estija, Lietuva (detalus), Latvija. AUDI (A1, A2, A3, A4, A5, A6, A7, A8, S6, S8, RS6, Q3, [&hellip;]<\/p>\n","protected":false},"author":1,"featured_media":0,"parent":0,"menu_order":0,"comment_status":"closed","ping_status":"closed","template":"","meta":{"_uag_custom_page_level_css":"","footnotes":""},"class_list":["post-241","page","type-page","status-publish","hentry","post"],"yoast_head":"<!-- This site is optimized with the Yoast SEO plugin v27.4 - https:\/\/yoast.com\/product\/yoast-seo-wordpress\/ -->\n<title>Audi navigacija - taisykla Vilniuje, Kaune, Klaip\u0117doje, \u0160iauliuose<\/title>\n<meta name=\"description\" content=\"AUDI navigacijos \u017eem\u0117lapiai Vilniuje ir Kaune geriausia kaina. 12 m\u0117n. garantija. Tel. nr. 8 (655) 00790 \/ 8 (684) 09811\" \/>\n<meta name=\"robots\" content=\"index, follow, max-snippet:-1, max-image-preview:large, max-video-preview:-1\" \/>\n<link rel=\"canonical\" href=\"https:\/\/techremontas.lt\/ru\/audi-navigacija\/\" \/>\n<meta property=\"og:locale\" content=\"ru_RU\" \/>\n<meta property=\"og:type\" content=\"article\" \/>\n<meta property=\"og:title\" content=\"Audi navigacija - taisykla Vilniuje, Kaune, Klaip\u0117doje, \u0160iauliuose\" \/>\n<meta property=\"og:description\" content=\"AUDI navigacijos \u017eem\u0117lapiai Vilniuje ir Kaune geriausia kaina. 12 m\u0117n. garantija. Tel. nr. 8 (655) 00790 \/ 8 (684) 09811\" \/>\n<meta property=\"og:url\" content=\"https:\/\/techremontas.lt\/ru\/audi-navigacija\/\" \/>\n<meta property=\"og:site_name\" content=\"taisykla Vilniuje, Kaune, Klaip\u0117doje, \u0160iauliuose\" \/>\n<meta property=\"article:modified_time\" content=\"2019-04-10T09:40:47+00:00\" \/>\n<meta name=\"twitter:card\" content=\"summary_large_image\" \/>\n<meta name=\"twitter:label1\" content=\"\u041f\u0440\u0438\u043c\u0435\u0440\u043d\u043e\u0435 \u0432\u0440\u0435\u043c\u044f \u0434\u043b\u044f \u0447\u0442\u0435\u043d\u0438\u044f\" \/>\n\t<meta name=\"twitter:data1\" content=\"3 \u043c\u0438\u043d\u0443\u0442\u044b\" \/>\n<script type=\"application\/ld+json\" class=\"yoast-schema-graph\">{\"@context\":\"https:\\\/\\\/schema.org\",\"@graph\":[{\"@type\":\"WebPage\",\"@id\":\"https:\\\/\\\/techremontas.lt\\\/audi-navigacija\\\/\",\"url\":\"https:\\\/\\\/techremontas.lt\\\/audi-navigacija\\\/\",\"name\":\"Audi navigacija - taisykla Vilniuje, Kaune, Klaip\u0117doje, \u0160iauliuose\",\"isPartOf\":{\"@id\":\"https:\\\/\\\/techremontas.lt\\\/#website\"},\"datePublished\":\"2019-04-10T07:54:06+00:00\",\"dateModified\":\"2019-04-10T09:40:47+00:00\",\"description\":\"AUDI navigacijos \u017eem\u0117lapiai Vilniuje ir Kaune geriausia kaina. 12 m\u0117n. garantija. Tel. nr. 8 (655) 00790 \\\/ 8 (684) 09811\",\"breadcrumb\":{\"@id\":\"https:\\\/\\\/techremontas.lt\\\/audi-navigacija\\\/#breadcrumb\"},\"inLanguage\":\"ru-RU\",\"potentialAction\":[{\"@type\":\"ReadAction\",\"target\":[\"https:\\\/\\\/techremontas.lt\\\/audi-navigacija\\\/\"]}]},{\"@type\":\"BreadcrumbList\",\"@id\":\"https:\\\/\\\/techremontas.lt\\\/audi-navigacija\\\/#breadcrumb\",\"itemListElement\":[{\"@type\":\"ListItem\",\"position\":1,\"name\":\"Pagrindinis\",\"item\":\"https:\\\/\\\/techremontas.lt\\\/\"},{\"@type\":\"ListItem\",\"position\":2,\"name\":\"Audi navigacija\"}]},{\"@type\":\"WebSite\",\"@id\":\"https:\\\/\\\/techremontas.lt\\\/#website\",\"url\":\"https:\\\/\\\/techremontas.lt\\\/\",\"name\":\"taisykla Vilniuje, Kaune, Klaip\u0117doje, \u0160iauliuose\",\"description\":\"Modernios el. technikos servisas\",\"potentialAction\":[{\"@type\":\"SearchAction\",\"target\":{\"@type\":\"EntryPoint\",\"urlTemplate\":\"https:\\\/\\\/techremontas.lt\\\/?s={search_term_string}\"},\"query-input\":{\"@type\":\"PropertyValueSpecification\",\"valueRequired\":true,\"valueName\":\"search_term_string\"}}],\"inLanguage\":\"ru-RU\"}]}<\/script>\n<!-- \/ Yoast SEO plugin. -->","yoast_head_json":{"title":"Audi navigacija - taisykla Vilniuje, Kaune, Klaip\u0117doje, \u0160iauliuose","description":"\u041d\u0430\u0432\u0438\u0433\u0430\u0446\u0438\u043e\u043d\u043d\u044b\u0435 \u043a\u0430\u0440\u0442\u044b AUDI \u0432 \u0412\u0438\u043b\u044c\u043d\u044e\u0441\u0435 \u0438 \u041a\u0430\u0443\u043d\u0430\u0441\u0435 \u043f\u043e \u043b\u0443\u0447\u0448\u0435\u0439 \u0446\u0435\u043d\u0435. \u0413\u0430\u0440\u0430\u043d\u0442\u0438\u044f 12 \u043c\u0435\u0441\u044f\u0446\u0435\u0432. \u0422\u0435\u043b. 8 (655) 00790 \/ 8 (684) 09811","robots":{"index":"index","follow":"follow","max-snippet":"max-snippet:-1","max-image-preview":"max-image-preview:large","max-video-preview":"max-video-preview:-1"},"canonical":"https:\/\/techremontas.lt\/ru\/audi-navigacija\/","og_locale":"ru_RU","og_type":"article","og_title":"Audi navigacija - taisykla Vilniuje, Kaune, Klaip\u0117doje, \u0160iauliuose","og_description":"AUDI navigacijos \u017eem\u0117lapiai Vilniuje ir Kaune geriausia kaina. 12 m\u0117n. garantija. Tel. nr. 8 (655) 00790 \/ 8 (684) 09811","og_url":"https:\/\/techremontas.lt\/ru\/audi-navigacija\/","og_site_name":"taisykla Vilniuje, Kaune, Klaip\u0117doje, \u0160iauliuose","article_modified_time":"2019-04-10T09:40:47+00:00","twitter_card":"summary_large_image","twitter_misc":{"\u041f\u0440\u0438\u043c\u0435\u0440\u043d\u043e\u0435 \u0432\u0440\u0435\u043c\u044f \u0434\u043b\u044f \u0447\u0442\u0435\u043d\u0438\u044f":"3 \u043c\u0438\u043d\u0443\u0442\u044b"},"schema":{"@context":"https:\/\/schema.org","@graph":[{"@type":"WebPage","@id":"https:\/\/techremontas.lt\/audi-navigacija\/","url":"https:\/\/techremontas.lt\/audi-navigacija\/","name":"Audi navigacija - taisykla Vilniuje, Kaune, Klaip\u0117doje, \u0160iauliuose","isPartOf":{"@id":"https:\/\/techremontas.lt\/#website"},"datePublished":"2019-04-10T07:54:06+00:00","dateModified":"2019-04-10T09:40:47+00:00","description":"\u041d\u0430\u0432\u0438\u0433\u0430\u0446\u0438\u043e\u043d\u043d\u044b\u0435 \u043a\u0430\u0440\u0442\u044b AUDI \u0432 \u0412\u0438\u043b\u044c\u043d\u044e\u0441\u0435 \u0438 \u041a\u0430\u0443\u043d\u0430\u0441\u0435 \u043f\u043e \u043b\u0443\u0447\u0448\u0435\u0439 \u0446\u0435\u043d\u0435. \u0413\u0430\u0440\u0430\u043d\u0442\u0438\u044f 12 \u043c\u0435\u0441\u044f\u0446\u0435\u0432. \u0422\u0435\u043b. 8 (655) 00790 \/ 8 (684) 09811","breadcrumb":{"@id":"https:\/\/techremontas.lt\/audi-navigacija\/#breadcrumb"},"inLanguage":"ru-RU","potentialAction":[{"@type":"ReadAction","target":["https:\/\/techremontas.lt\/audi-navigacija\/"]}]},{"@type":"BreadcrumbList","@id":"https:\/\/techremontas.lt\/audi-navigacija\/#breadcrumb","itemListElement":[{"@type":"ListItem","position":1,"name":"Pagrindinis","item":"https:\/\/techremontas.lt\/"},{"@type":"ListItem","position":2,"name":"Audi navigacija"}]},{"@type":"WebSite","@id":"https:\/\/techremontas.lt\/#website","url":"https:\/\/techremontas.lt\/","name":"taisykla Vilniuje, Kaune, Klaip\u0117doje, \u0160iauliuose","description":"\u0421\u0435\u0440\u0432\u0438\u0441\u043d\u043e\u0435 \u043e\u0431\u0441\u043b\u0443\u0436\u0438\u0432\u0430\u043d\u0438\u0435 \u0441\u043e\u0432\u0440\u0435\u043c\u0435\u043d\u043d\u044b\u0445 \u044d\u043b\u0435\u043a\u0442\u0440\u043e\u043f\u0440\u0438\u0431\u043e\u0440\u043e\u0432","potentialAction":[{"@type":"SearchAction","target":{"@type":"EntryPoint","urlTemplate":"https:\/\/techremontas.lt\/?s={search_term_string}"},"query-input":{"@type":"PropertyValueSpecification","valueRequired":true,"valueName":"search_term_string"}}],"inLanguage":"ru-RU"}]}},"uagb_featured_image_src":{"full":false,"thumbnail":false,"medium":false,"medium_large":false,"large":false,"1536x1536":false,"2048x2048":false,"trp-custom-language-flag":false,"post-thumbnail":false,"vantage-thumbnail-no-sidebar":false,"vantage-slide":false,"vantage-carousel":false,"vantage-grid-loop":false},"uagb_author_info":{"display_name":"valdymas","author_link":"https:\/\/techremontas.lt\/ru\/author\/valdymas\/"},"uagb_comment_info":0,"uagb_excerpt":"AUDI navigacijos \u017eem\u0117lapiai MIB (Modularer Infotainment Baukasten) Vokietija, Austrija, Andora, Belgija, \u0160veicarija, \u010cekija, Danija, Ispanija, Pranc\u016bzija, Suomija, Lichten\u0161teinas, Jungtin\u0117 Karalyst\u0117, Graikija, Airija, Italija, Liuksemburgas, Monakas, Norvegija, Nyderlandai, Portugalija, San Marinas, \u0160vedija, Vatikanas, Rusija, Lenkija, Vengrija, Kroatija, Slov\u0117nija, Baltarusija, Estija, Lietuva (detalus), Latvija. AUDI (A1, A2, A3, A4, A5, A6, A7, A8, S6, S8, RS6, Q3,&hellip;","_links":{"self":[{"href":"https:\/\/techremontas.lt\/ru\/wp-json\/wp\/v2\/pages\/241","targetHints":{"allow":["GET"]}}],"collection":[{"href":"https:\/\/techremontas.lt\/ru\/wp-json\/wp\/v2\/pages"}],"about":[{"href":"https:\/\/techremontas.lt\/ru\/wp-json\/wp\/v2\/types\/page"}],"author":[{"embeddable":true,"href":"https:\/\/techremontas.lt\/ru\/wp-json\/wp\/v2\/users\/1"}],"replies":[{"embeddable":true,"href":"https:\/\/techremontas.lt\/ru\/wp-json\/wp\/v2\/comments?post=241"}],"version-history":[{"count":19,"href":"https:\/\/techremontas.lt\/ru\/wp-json\/wp\/v2\/pages\/241\/revisions"}],"predecessor-version":[{"id":266,"href":"https:\/\/techremontas.lt\/ru\/wp-json\/wp\/v2\/pages\/241\/revisions\/266"}],"wp:attachment":[{"href":"https:\/\/techremontas.lt\/ru\/wp-json\/wp\/v2\/media?parent=241"}],"curies":[{"name":"wp","href":"https:\/\/api.w.org\/{rel}","templated":true}]}}