{"id":404,"date":"2019-04-12T04:14:17","date_gmt":"2019-04-12T06:14:17","guid":{"rendered":"https:\/\/techremontas.lt\/?page_id=404"},"modified":"2019-04-12T04:23:20","modified_gmt":"2019-04-12T06:23:20","slug":"mitsubishi-navigacija","status":"publish","type":"page","link":"https:\/\/techremontas.lt\/ru\/mitsubishi-navigacija\/","title":{"rendered":"\u041d\u0430\u0432\u0438\u0433\u0430\u0446\u0438\u044f Mitsubishi"},"content":{"rendered":"\n<h2 class=\"wp-block-heading\"><strong>MITSUBISHI navigacijos \u017eem\u0117lapiai  <br>MMCS (Multimedia Communication System)<\/strong> <\/h2>\n\n\n<p>Airija, Andora, Austrija, Belgija, \u010cekija, Danija, D.Britanija, Estija, Gibraltaras, Graikija, Ispanija, Italija, Kroatija, Lichten\u0161teinas, Latvija, Lenkija, <strong>Lietuva (detalus)<\/strong>, Liuksemburgas, Monakas, Norvegija, Olandija, Portugalija, Pranc\u016bzija, San Marnas, Slovakija, Slov\u0117nija, Suomija, \u0160vedija, \u0160veicarija, Vatikanas, Vengrija, Vokietija.<br \/><br \/><em>ASX [2009-2012] <br \/>L200 \/ Triton [2008-2012] <br \/>Lancer [2007-2013]<br \/>Lancer Sportback 2010-2013 <br \/>Lancer Evolution 2008-2013 <br \/>Outlander [2006-2013] <br \/>Outlander Sport 2011-2013 <br \/>Pajero [2006-2012] <br \/>iMiEV 2012 <\/em><br \/><br \/>Garantija 12 m\u0117n. | Vilniuje ir Kaune | Geriausia kaina<\/p>\n<hr \/>\n\n\n<h2 class=\"wp-block-heading\"><strong>MITSUBISHI navigacijos \u017eem\u0117lapiai (Melco \/ Grandis)   <\/strong><\/h2>\n\n\n<p>CD 1 &#8211; Airija, Andora, Belgija,Did\u017eioji Britanija, Gibraltaras, Islandija, Ispanija, Lichten\u0161teinas, Liuksemburgas, Monakas, Olandija, Portugalija, Pranc\u016bzija, \u0160veicarija. <br \/>CD 2 &#8211; Andora, Austrija,Belgija, Italija, Lichten\u0161teinas, Liuksemburgas, Monakas, Olandija,Pranc\u016bzija, San Marinas, \u0160veicarija, Vatikanas, Vokietija <br \/>CD 3 &#8211; Austrija, \u010cekija, Danija, Graikija, Italija, Kroatija, Lenkija, Lichten\u0161teinas, Norvegija, San Marinas, Slovakija, Slov\u0117nija, Suomija, \u0160vedija, \u0160veicarija, Vatikanas, Vengrija, Vokietija. <br \/><br \/>Garantija 12 m\u0117n. | Vilniuje ir Kaune | Geriausia kaina<\/p>\n<hr \/>\n\n\n<h2 class=\"wp-block-heading\"><strong>MITSUBISHI navigacijos \u017eem\u0117lapiai (MMCS W11-W12)<\/strong><\/h2>\n\n\n<p>Albanija, Austrija, Belgija, Bosnija ir Hercegovina, Bulgarija, Kroatija, \u010cekija, Danija, Estija, Suomija, Pranc\u016bzija, Monakas, Vokietija, Did\u017eioji Britanija, Graikija, Vengrija, Airija, Italija, San Marinas, Vatikanas, Latvija, <strong>Lietuva<\/strong>, Makedonija, Moldova, Nyderlandai (Olandija), Norvegija, Lenkija, Portugalija, Rumunija, Serbija, Juodkalnija, Slovakija, Slov\u0117nija, Ispanija, Andora, Gibraltaras, \u0160vedija, \u0160veicarija, Lichten\u0161teinas. <br \/><br \/><em>Mitsubishi Outlander<\/em><br \/><em>Mitsubishi Lancer <\/em><br \/>Mitsubishi <em>ASX <\/em><br \/>Mitsubishi<em> Pajero<\/em><br \/>Mitsubishi<em> Pajero Sport<\/em> <br \/><br \/>Garantija 12 m\u0117n. | Vilniuje ir Kaune | Geriausia kaina<\/p>\n<hr \/>\n\n\n<h2 class=\"wp-block-heading\"><strong>MITSUBISHI navigacijos \u017eem\u0117lapiai (MMCS E12)<\/strong><\/h2>\n\n\n<p>Albanija, Austrija, Belgija, Bosnija ir Hercegovina, Bulgarija, Kroatija, \u010cekija, Danija, Estija, Suomija, Pranc\u016bzija, Monakas, Vokietija, Did\u017eioji Britanija, Graikija, Vengrija, Airija, Italija, San Marinas, Vatikanas, Latvija, <strong>Lietuva<\/strong>, Makedonija, Moldova, Nyderlandai (Olandija), Norvegija, Lenkija, Portugalija, Rumunija, Serbija, Juodkalnija, Slovakija, Slov\u0117nija, Ispanija, Andora, Gibraltaras, \u0160vedija, \u0160veicarija, Lichten\u0161teinas. <br \/><br \/><em>Mitsubishi L2 Series 5 nuo 2015 m.<br \/>Mitsubishi ajero Sport nuo 2016 m.<\/em> <br \/><br \/>Garantija 12 m\u0117n. | Vilniuje ir Kaune | Geriausia kaina<\/p>\n<hr \/>\n\n\n<h2 class=\"wp-block-heading\"><strong>MITSUBISHI navigacijos \u017eem\u0117lapiai (MMCS W13)<\/strong><\/h2>\n\n\n<p>Albanija, Austrija, Belgija, Bosnija ir Hercegovina, Bulgarija, Kroatija, \u010cekija, Danija, Estija, Suomija, Pranc\u016bzija, Monakas, Vokietija, Did\u017eioji Britanija, Graikija, Vengrija, Airija, Italija, San Marinas, Vatikanas, Latvija, <strong>Lietuva<\/strong>, Makedonija, Moldova, Nyderlandai (Olandija), Norvegija, Lenkija, Portugalija, Rumunija, Serbija, Juodkalnija, Slovakija, Slov\u0117nija, Ispanija, Andora, Gibraltaras, \u0160vedija, \u0160veicarija, Lichten\u0161teinas. <br \/><br \/><em>Mitsubishi Outlander<\/em><br \/><em>Mitsubishi Outlander PHEV <\/em><br \/>Mitsubishi <em>Lancer <\/em><br \/><em>Mitsubishi ASX <\/em><br \/><em>Mitsubishi Pajero <\/em><br \/><em>Mitsubishi Pajero Sport<\/em> <br \/><br \/>Garantija 12 m\u0117n. | Vilniuje ir Kaune | Geriausia kaina<\/p>\n<hr \/>\n\n\n<h2 class=\"wp-block-heading\"><strong>MITSUBISHI navigacijos \u017eem\u0117lapiai (MMCS W15)<\/strong><\/h2>\n\n\n\n<p>Albanija, Austrija, Belgija, Bosnija ir Hercegovina, Bulgarija,  Kroatija, \u010cekija, Danija, Estija, Suomija, Pranc\u016bzija, Monakas,  Vokietija, Did\u017eioji Britanija, Graikija, Vengrija, Airija, Italija, San  Marinas, Vatikanas, Latvija, <strong>Lietuva<\/strong>, Makedonija,  Moldova, Nyderlandai (Olandija), Norvegija, Lenkija, Portugalija,  Rumunija, Serbija, Juodkalnija, Slovakija, Slov\u0117nija, Ispanija, Andora,  Gibraltaras, \u0160vedija, \u0160veicarija, Lichten\u0161teinas. <br><br><em>Mitsubishi Outlander <\/em><br><em>Mitsubishi Lancer <\/em><br><em>Mitsubishi ASX <\/em><br><em>Mitsubishi Pajero <\/em><br><em>Mitsubishi Pajero Sport<\/em> <br><br>Garantija 12 m\u0117n. | Vilniuje ir Kaune | Geriausia kaina<\/p><hr\/>\n","protected":false},"excerpt":{"rendered":"<p>MITSUBISHI navigacijos \u017eem\u0117lapiai MMCS (Multimedia Communication System) Airija, Andora, Austrija, Belgija, \u010cekija, Danija, D.Britanija, Estija, Gibraltaras, Graikija, Ispanija, Italija, Kroatija, Lichten\u0161teinas, Latvija, Lenkija, Lietuva (detalus), Liuksemburgas, Monakas, Norvegija, Olandija, Portugalija, Pranc\u016bzija, San Marnas, Slovakija, Slov\u0117nija, Suomija, \u0160vedija, \u0160veicarija, Vatikanas, Vengrija, Vokietija. ASX [2009-2012] L200 \/ Triton [2008-2012] Lancer [2007-2013]Lancer Sportback 2010-2013 Lancer Evolution 2008-2013 Outlander [&hellip;]<\/p>\n","protected":false},"author":1,"featured_media":0,"parent":0,"menu_order":0,"comment_status":"closed","ping_status":"closed","template":"","meta":{"_uag_custom_page_level_css":"","footnotes":""},"class_list":["post-404","page","type-page","status-publish","hentry","post"],"yoast_head":"<!-- This site is optimized with the Yoast SEO plugin v27.4 - https:\/\/yoast.com\/product\/yoast-seo-wordpress\/ -->\n<title>Mitsubishi navigacija - taisykla Vilniuje, Kaune, Klaip\u0117doje, \u0160iauliuose<\/title>\n<meta name=\"description\" content=\"MITSUBISHI navigacijos \u017eem\u0117lapiai Vilniuje ir Kaune geriausia kaina. 12 m\u0117n. garantija. Tel. nr. 8 (655) 00790 \/ 8 (684) 09811\" \/>\n<meta name=\"robots\" content=\"index, follow, max-snippet:-1, max-image-preview:large, max-video-preview:-1\" \/>\n<link rel=\"canonical\" href=\"https:\/\/techremontas.lt\/ru\/mitsubishi-navigacija\/\" \/>\n<meta property=\"og:locale\" content=\"ru_RU\" \/>\n<meta property=\"og:type\" content=\"article\" \/>\n<meta property=\"og:title\" content=\"Mitsubishi navigacija - taisykla Vilniuje, Kaune, Klaip\u0117doje, \u0160iauliuose\" \/>\n<meta property=\"og:description\" content=\"MITSUBISHI navigacijos \u017eem\u0117lapiai Vilniuje ir Kaune geriausia kaina. 12 m\u0117n. garantija. Tel. nr. 8 (655) 00790 \/ 8 (684) 09811\" \/>\n<meta property=\"og:url\" content=\"https:\/\/techremontas.lt\/ru\/mitsubishi-navigacija\/\" \/>\n<meta property=\"og:site_name\" content=\"taisykla Vilniuje, Kaune, Klaip\u0117doje, \u0160iauliuose\" \/>\n<meta property=\"article:modified_time\" content=\"2019-04-12T06:23:20+00:00\" \/>\n<meta name=\"twitter:card\" content=\"summary_large_image\" \/>\n<meta name=\"twitter:label1\" content=\"\u041f\u0440\u0438\u043c\u0435\u0440\u043d\u043e\u0435 \u0432\u0440\u0435\u043c\u044f \u0434\u043b\u044f \u0447\u0442\u0435\u043d\u0438\u044f\" \/>\n\t<meta name=\"twitter:data1\" content=\"2 \u043c\u0438\u043d\u0443\u0442\u044b\" \/>\n<script type=\"application\/ld+json\" class=\"yoast-schema-graph\">{\"@context\":\"https:\\\/\\\/schema.org\",\"@graph\":[{\"@type\":\"WebPage\",\"@id\":\"https:\\\/\\\/techremontas.lt\\\/mitsubishi-navigacija\\\/\",\"url\":\"https:\\\/\\\/techremontas.lt\\\/mitsubishi-navigacija\\\/\",\"name\":\"Mitsubishi navigacija - taisykla Vilniuje, Kaune, Klaip\u0117doje, \u0160iauliuose\",\"isPartOf\":{\"@id\":\"https:\\\/\\\/techremontas.lt\\\/#website\"},\"datePublished\":\"2019-04-12T06:14:17+00:00\",\"dateModified\":\"2019-04-12T06:23:20+00:00\",\"description\":\"MITSUBISHI navigacijos \u017eem\u0117lapiai Vilniuje ir Kaune geriausia kaina. 12 m\u0117n. garantija. Tel. nr. 8 (655) 00790 \\\/ 8 (684) 09811\",\"breadcrumb\":{\"@id\":\"https:\\\/\\\/techremontas.lt\\\/mitsubishi-navigacija\\\/#breadcrumb\"},\"inLanguage\":\"ru-RU\",\"potentialAction\":[{\"@type\":\"ReadAction\",\"target\":[\"https:\\\/\\\/techremontas.lt\\\/mitsubishi-navigacija\\\/\"]}]},{\"@type\":\"BreadcrumbList\",\"@id\":\"https:\\\/\\\/techremontas.lt\\\/mitsubishi-navigacija\\\/#breadcrumb\",\"itemListElement\":[{\"@type\":\"ListItem\",\"position\":1,\"name\":\"Pagrindinis\",\"item\":\"https:\\\/\\\/techremontas.lt\\\/\"},{\"@type\":\"ListItem\",\"position\":2,\"name\":\"Mitsubishi navigacija\"}]},{\"@type\":\"WebSite\",\"@id\":\"https:\\\/\\\/techremontas.lt\\\/#website\",\"url\":\"https:\\\/\\\/techremontas.lt\\\/\",\"name\":\"taisykla Vilniuje, Kaune, Klaip\u0117doje, \u0160iauliuose\",\"description\":\"Modernios el. technikos servisas\",\"potentialAction\":[{\"@type\":\"SearchAction\",\"target\":{\"@type\":\"EntryPoint\",\"urlTemplate\":\"https:\\\/\\\/techremontas.lt\\\/?s={search_term_string}\"},\"query-input\":{\"@type\":\"PropertyValueSpecification\",\"valueRequired\":true,\"valueName\":\"search_term_string\"}}],\"inLanguage\":\"ru-RU\"}]}<\/script>\n<!-- \/ Yoast SEO plugin. -->","yoast_head_json":{"title":"Mitsubishi navigacija - taisykla Vilniuje, Kaune, Klaip\u0117doje, \u0160iauliuose","description":"\u041d\u0430\u0432\u0438\u0433\u0430\u0446\u0438\u043e\u043d\u043d\u044b\u0435 \u043a\u0430\u0440\u0442\u044b MITSUBISHI \u0432 \u0412\u0438\u043b\u044c\u043d\u044e\u0441\u0435 \u0438 \u041a\u0430\u0443\u043d\u0430\u0441\u0435 \u043f\u043e \u043b\u0443\u0447\u0448\u0435\u0439 \u0446\u0435\u043d\u0435. \u0413\u0430\u0440\u0430\u043d\u0442\u0438\u044f 12 \u043c\u0435\u0441\u044f\u0446\u0435\u0432. \u0422\u0435\u043b. 8 (655) 00790 \/ 8 (684) 09811","robots":{"index":"index","follow":"follow","max-snippet":"max-snippet:-1","max-image-preview":"max-image-preview:large","max-video-preview":"max-video-preview:-1"},"canonical":"https:\/\/techremontas.lt\/ru\/mitsubishi-navigacija\/","og_locale":"ru_RU","og_type":"article","og_title":"Mitsubishi navigacija - taisykla Vilniuje, Kaune, Klaip\u0117doje, \u0160iauliuose","og_description":"MITSUBISHI navigacijos \u017eem\u0117lapiai Vilniuje ir Kaune geriausia kaina. 12 m\u0117n. garantija. Tel. nr. 8 (655) 00790 \/ 8 (684) 09811","og_url":"https:\/\/techremontas.lt\/ru\/mitsubishi-navigacija\/","og_site_name":"taisykla Vilniuje, Kaune, Klaip\u0117doje, \u0160iauliuose","article_modified_time":"2019-04-12T06:23:20+00:00","twitter_card":"summary_large_image","twitter_misc":{"\u041f\u0440\u0438\u043c\u0435\u0440\u043d\u043e\u0435 \u0432\u0440\u0435\u043c\u044f \u0434\u043b\u044f \u0447\u0442\u0435\u043d\u0438\u044f":"2 \u043c\u0438\u043d\u0443\u0442\u044b"},"schema":{"@context":"https:\/\/schema.org","@graph":[{"@type":"WebPage","@id":"https:\/\/techremontas.lt\/mitsubishi-navigacija\/","url":"https:\/\/techremontas.lt\/mitsubishi-navigacija\/","name":"Mitsubishi navigacija - taisykla Vilniuje, Kaune, Klaip\u0117doje, \u0160iauliuose","isPartOf":{"@id":"https:\/\/techremontas.lt\/#website"},"datePublished":"2019-04-12T06:14:17+00:00","dateModified":"2019-04-12T06:23:20+00:00","description":"\u041d\u0430\u0432\u0438\u0433\u0430\u0446\u0438\u043e\u043d\u043d\u044b\u0435 \u043a\u0430\u0440\u0442\u044b MITSUBISHI \u0432 \u0412\u0438\u043b\u044c\u043d\u044e\u0441\u0435 \u0438 \u041a\u0430\u0443\u043d\u0430\u0441\u0435 \u043f\u043e \u043b\u0443\u0447\u0448\u0435\u0439 \u0446\u0435\u043d\u0435. \u0413\u0430\u0440\u0430\u043d\u0442\u0438\u044f 12 \u043c\u0435\u0441\u044f\u0446\u0435\u0432. \u0422\u0435\u043b. 8 (655) 00790 \/ 8 (684) 09811","breadcrumb":{"@id":"https:\/\/techremontas.lt\/mitsubishi-navigacija\/#breadcrumb"},"inLanguage":"ru-RU","potentialAction":[{"@type":"ReadAction","target":["https:\/\/techremontas.lt\/mitsubishi-navigacija\/"]}]},{"@type":"BreadcrumbList","@id":"https:\/\/techremontas.lt\/mitsubishi-navigacija\/#breadcrumb","itemListElement":[{"@type":"ListItem","position":1,"name":"Pagrindinis","item":"https:\/\/techremontas.lt\/"},{"@type":"ListItem","position":2,"name":"Mitsubishi navigacija"}]},{"@type":"WebSite","@id":"https:\/\/techremontas.lt\/#website","url":"https:\/\/techremontas.lt\/","name":"taisykla Vilniuje, Kaune, Klaip\u0117doje, \u0160iauliuose","description":"\u0421\u0435\u0440\u0432\u0438\u0441\u043d\u043e\u0435 \u043e\u0431\u0441\u043b\u0443\u0436\u0438\u0432\u0430\u043d\u0438\u0435 \u0441\u043e\u0432\u0440\u0435\u043c\u0435\u043d\u043d\u044b\u0445 \u044d\u043b\u0435\u043a\u0442\u0440\u043e\u043f\u0440\u0438\u0431\u043e\u0440\u043e\u0432","potentialAction":[{"@type":"SearchAction","target":{"@type":"EntryPoint","urlTemplate":"https:\/\/techremontas.lt\/?s={search_term_string}"},"query-input":{"@type":"PropertyValueSpecification","valueRequired":true,"valueName":"search_term_string"}}],"inLanguage":"ru-RU"}]}},"uagb_featured_image_src":{"full":false,"thumbnail":false,"medium":false,"medium_large":false,"large":false,"1536x1536":false,"2048x2048":false,"trp-custom-language-flag":false,"post-thumbnail":false,"vantage-thumbnail-no-sidebar":false,"vantage-slide":false,"vantage-carousel":false,"vantage-grid-loop":false},"uagb_author_info":{"display_name":"valdymas","author_link":"https:\/\/techremontas.lt\/ru\/author\/valdymas\/"},"uagb_comment_info":0,"uagb_excerpt":"MITSUBISHI navigacijos \u017eem\u0117lapiai MMCS (Multimedia Communication System) Airija, Andora, Austrija, Belgija, \u010cekija, Danija, D.Britanija, Estija, Gibraltaras, Graikija, Ispanija, Italija, Kroatija, Lichten\u0161teinas, Latvija, Lenkija, Lietuva (detalus), Liuksemburgas, Monakas, Norvegija, Olandija, Portugalija, Pranc\u016bzija, San Marnas, Slovakija, Slov\u0117nija, Suomija, \u0160vedija, \u0160veicarija, Vatikanas, Vengrija, Vokietija. ASX [2009-2012] L200 \/ Triton [2008-2012] Lancer [2007-2013]Lancer Sportback 2010-2013 Lancer Evolution 2008-2013 Outlander&hellip;","_links":{"self":[{"href":"https:\/\/techremontas.lt\/ru\/wp-json\/wp\/v2\/pages\/404","targetHints":{"allow":["GET"]}}],"collection":[{"href":"https:\/\/techremontas.lt\/ru\/wp-json\/wp\/v2\/pages"}],"about":[{"href":"https:\/\/techremontas.lt\/ru\/wp-json\/wp\/v2\/types\/page"}],"author":[{"embeddable":true,"href":"https:\/\/techremontas.lt\/ru\/wp-json\/wp\/v2\/users\/1"}],"replies":[{"embeddable":true,"href":"https:\/\/techremontas.lt\/ru\/wp-json\/wp\/v2\/comments?post=404"}],"version-history":[{"count":7,"href":"https:\/\/techremontas.lt\/ru\/wp-json\/wp\/v2\/pages\/404\/revisions"}],"predecessor-version":[{"id":411,"href":"https:\/\/techremontas.lt\/ru\/wp-json\/wp\/v2\/pages\/404\/revisions\/411"}],"wp:attachment":[{"href":"https:\/\/techremontas.lt\/ru\/wp-json\/wp\/v2\/media?parent=404"}],"curies":[{"name":"wp","href":"https:\/\/api.w.org\/{rel}","templated":true}]}}