{"id":422,"date":"2019-04-12T04:41:25","date_gmt":"2019-04-12T06:41:25","guid":{"rendered":"https:\/\/techremontas.lt\/?page_id=422"},"modified":"2019-04-12T04:59:49","modified_gmt":"2019-04-12T06:59:49","slug":"opel-navigacija","status":"publish","type":"page","link":"https:\/\/techremontas.lt\/ru\/opel-navigacija\/","title":{"rendered":"\u041d\u0430\u0432\u0438\u0433\u0430\u0446\u0438\u044f Opel"},"content":{"rendered":"\n<h2 class=\"wp-block-heading\"><strong>OPEL navigacijos \u017eem\u0117lapiai (DVD90)<\/strong><\/h2>\n\n\n<p>CD 1 &#8211; Airija, Andora, Austrija, Belgija, \u010cekija, Danija, D.Britanija, Gibraltaras, Graikija, Ispanija, Italija, Lichten\u0161teinas, Liuksemburgas, Monakas, Norvegija, Olandija, Portugalija, Pranc\u016bzija, San Marinas, Suomija, \u0160vedija, \u0160veicarija, Vatikanas, Vokietija. <br>CD 2 &#8211; Austrija, Baltarusija, Bulgarija, \u010cekija, Danija, Estija, Graikija, Italija, Kroatija, Lichten\u0161teinas, Latvija, Lenkija, <strong> Lietuva (detalus)<\/strong>, Norvegija, Rumunija, Rusija, San Marinas, Slovakija, Slov\u0117nija, Suomija, \u0160vedija, \u0160veicarija, Vatikanas, Vengrija, Vokietija. <\/p>\n<p><em>OPEL Astra H \/ Twintop [01\/2005-12\/2010] <br>OPEL Combo C [2005-2013]<br>OPEL Corsa C [2005-09\/2006]<br>OPEL Meriva A [2005-03\/2010]<br>OPEL Signum [2005-2009]<br>OPEL Vectra C [2005-2009]<br>OPEL Zafira B [2005-08\/2011] <\/em><\/p>\n<p>Garantija 12 m\u0117n. | Vilniuje ir Kaune | Geriausia kaina<\/p>\n<hr>\n\n\n<h2 class=\"wp-block-heading\"><strong>OPEL navigacijos \u017eem\u0117lapiai (EHU CD70 \/ VDO-Dayton Philips CARiN \/ SVDO)<\/strong><\/h2>\n\n\n<p>CD 1 \u2013 Belgija, Olandija, Liuksemburgas<br>CD 2 \u2013 Austrija, Lichten\u0161teinas, \u0160veicarija, p. Vokietija, \u0161. Italija<br>CD 3 \u2013 Ryt\u0173 Europa 1 \u2013 Estija, Latvija, <strong> Lietuva (detalus)<\/strong><br>CD 4 \u2013 Ryt\u0173 Europa 2 \u2013 Bulgarija, \u010cekija, Lenkija, Kroatija, Rumunija, Slovakija, Slov\u0117nija, Vengrija<br>CD 5 \u2013 \u0161. Pranc\u016bzija<br>CD 6 \u2013 p. Pranc\u016bzija<br>CD 7 \u2013 Vokietija<br>CD 8 \u2013 Italija, San Marinas, Vatikanas, Graikija<br>CD 9 \u2013 Danija, \u0160vedija, Suomija, Norvegija<br>CD 10 \u2013 Ispanija<br>CD 11 \u2013 Portugalija<br>CD 12 \u2013 Anglija, \u0160kotija, Airija<br>CD 13 \u2013 Europos pagrindini\u0173 keli\u0173 \u017eem\u0117lapiai.<\/p>\n<p><em>OPEL Corsa C (09\/2004-09\/2006) <br>OPEL Tigra Twintop (08\/2004-12\/2009) <br>OPEL Astra H (04\/2004-12\/2010) <br>OPEL Astra Twintop (03\/2005-12\/2010) <br>OPEL Combo C (09\/2004-09\/2011) <br>OPEL Vectra C (09\/2004-08\/2008) <br>OPEL Signum (09\/2004-08\/2008) <br>OPEL Meriva A (09\/2004-03\/2010) <br>OPEL Zafira B (06\/2005-08\/2011) <br>OPEL Vivaro (09\/2006-05\/2010) <\/em><\/p>\n<p>Garantija 12 m\u0117n. | Vilniuje ir Kaune | Geriausia kaina<\/p>\n<hr>\n\n\n<h2 class=\"wp-block-heading\"><strong>OPEL navigacijos \u017eem\u0117lapiai (DVD100)<\/strong><\/h2>\n\n\n<p><span style=\"font-size: medium;\">Airija, Andora, Austrija, \u0160veicarija, \u010cekija,Belgija, Danija, D.Britanija, Estija, Graikija, Ispanija, Italija, Kroatija, Latvija, Lenkija, Lichten\u0161teinas,<span style=\"color: red;\"> <strong> Lietuva (detalus)<\/strong><\/span>, Liuksemburgas,Makedonija, Monakas, Norvegija, Olandija, Portugalija, Pranc\u016bzija, San Marinas, Serbija, Serbija ir Juodkalnija, Slovakija, Slov\u0117nija, Suomija, Vatikanas, Vengrija, Vokietija<\/span><\/p>\n<p><em>OPEL Antara 2006.10-2011.08 <br>OPEL Corsa D 2006.10-2010.12 <\/em><\/p>\n<p>Garantija 12 m\u0117n. | Vilniuje ir Kaune | Geriausia kaina<\/p>\n<hr>\n\n\n<h2 class=\"wp-block-heading\"><strong>OPEL navigacijos \u017eem\u0117lapiai (SIEMENS NCDR 2011, 1500, 1100 \/ NCDC 2015, 2013)<\/strong><\/h2>\n\n\n<p>CD 1 &#8211; Alpi\u0173 kra\u0161tai: Austrija, \u0160veicarija, \u0161.Italija, p.Vokietija<br>CD 2 &#8211; Beneliuksas: Belgija, Olandija, Liuksemburgas<br>CD 3 &#8211; Pranc\u016bzija, Andora, Monakas<br>CD 4 &#8211; Did\u017eioji Britanija \/ Airija<br>CD 5 &#8211; Vokietija<br>CD 6 &#8211; Italija, San Marinas, Vatikanas<br>CD 7 &#8211; Skandinavija: Danija, \u0160vedija, Norvegija, Suomija<br>CD 8 &#8211; Ispanija, Portugalija, Gibraltaras. <\/p>\n<p><em>OPEL Astra\/Astra Coupe 2000.07-2004.03<br>OPEL Combo iki 2004.09 <br>OPEL Corsa iki 2006.09 \u2022 OPEL Frontera 2000-2008<br>OPEL Meriva | Vectra iki 2004.08 <br>OPEL Signum 2003-2006 <br>OPEL Omega 2000.07-2003.09<br>OPEL Vivaro 2000-2006.07<br>OPEL Zafira 2000.07-2005.09 <\/em><\/p>\n<p>Garantija 12 m\u0117n. | Vilniuje ir Kaune | Geriausia kaina<\/p>\n<hr>\n\n\n<h2 class=\"wp-block-heading\"><strong>OPEL navigacijos \u017eem\u0117lapiai (Delfi CD60 CD80)<\/strong><\/h2>\n\n\n<p>Rusija <\/p>\n<p><em>Opel Antara nuo 2006 m.<br>Opel Corsa nuo 2006 m.<\/em> <\/p>\n<p>Garantija 12 m\u0117n. | Vilniuje ir Kaune | Geriausia kaina<\/p>\n<hr>\n\n\n<h2 class=\"wp-block-heading\"><strong>OPEL navigacijos \u017eem\u0117lapiai (CD500 DVD800)<\/strong><\/h2>\n\n\n<p>Austrija, Andora, Belgija, Bulgarija, \u0160veicarija, \u010cekija, Vokietija, Danija Ispanija, Estija, Pranc\u016bzija, Suomija, Lichten\u0161teinas, Did\u017eioji Britanija, Gibraltaras, Graikija, Vengrija, Kroatija, Italija, Airija, Liuksemburgas, <strong> Lietuva (detalus)<\/strong>, Latvija, Monakas, Norvegija, Nyderlandai, Portugalija, Lenkija, Rumunija, San Marinas, Rusija, \u0160vedija, Slovakija, Slovenija, Vatikanas, Turkija.<\/p>\n<p><em>MY2011, VIN kodo 10-as simbolis turi buti B raide, pvz. W0LxxxxxxBxxxxxxx<\/em><br><em>Opel Insignia 08\/2010 \u2013 08\/2011<br>Opel Astra J 08\/2010 \u2013 08\/2011<br>Opel Meriva B 08\/2010 \u2013 08\/2011<\/em> <\/p>\n<p>Garantija 12 m\u0117n. | Vilniuje ir Kaune | Geriausia kaina<\/p>\n<hr>\n\n\n<h2 class=\"wp-block-heading\"><strong>OPEL navigacijos \u017eem\u0117lapiai (CD500 DVD800)<\/strong><\/h2>\n\n\n<p>Austrija, Andora, Belgija, Bulgarija, \u0160veicarija, \u010cekija, Vokietija, Danija Ispanija, Estija, Pranc\u016bzija, Suomija, Lichten\u0161teinas, Did\u017eioji Britanija, Gibraltaras, Graikija, Vengrija, Kroatija, Italija, Airija, Liuksemburgas, <strong> Lietuva (detalus)<\/strong>, Latvija, Monakas, Norvegija, Nyderlandai, Portugalija, Lenkija, Rumunija, San Marinas, Rusija, \u0160vedija, Slovakija, Slovenija, Vatikanas, Turkija. <\/p>\n<p><em>MY2009\/2010, VIN kodo 10-as simbolis turi buti 9 arba A raide, pvz. W0Lxxxxxx9xxxxxxx<\/em><br><em>Opel Astra J 12\/2009 \u2013 08\/2010 <br>Opel Insignia 10\/2008 \u2013 08\/2010 <br>Opel Meriva B 06\/2010 \u2013 08\/2010<\/em><\/p>\n<p>Garantija 12 m\u0117n. | Vilniuje ir Kaune | Geriausia kaina<\/p>\n<hr>\n\n\n<h2 class=\"wp-block-heading\"><strong>OPEL navigacijos \u017eem\u0117lapiai (NAVI600 NAVI900) <\/strong><\/h2>\n\n\n\n<p><p>Airija, Andora, Austrija, Belgija, Bulgarija, \u010cekija, Danija,  D.Britanija, Estija, Gibraltaras, Graikija, Ispanija, Italija, Kroatija,  Latvija, Lenkija, Lichten\u0161teinas,<strong> Lietuva (detalus)<\/strong>,  Liuksemburgas, Monakas, Norvegija, Olandija, Portugalija, Pranc\u016bzija,  Rumunija, San Marinas, Slovakija, Slov\u0117nija, Suomija, \u0160vedija,  \u0160veicarija, Vatikanas, Vengrija, Vokietija. <br><br><em>OPEL Astra J [2011.08-2015]<br>OPEL Cascada 2013\/01-2014\/01<br>OPEL Insignia [nuo 2011.08]<br>OPEL Meriva B [2011\/08-2016]<br>OPEL Mokka 2012\/10-2014\/01<br>OPEL Zafira C Tourer 2011\/08-2014 <\/em><br><br>Garantija 12 m\u0117n. | Vilniuje ir Kaune | Geriausia kaina<\/p><hr> <\/p>\n","protected":false},"excerpt":{"rendered":"<p>OPEL navigacijos \u017eem\u0117lapiai (DVD90) CD 1 &#8211; Airija, Andora, Austrija, Belgija, \u010cekija, Danija, D.Britanija, Gibraltaras, Graikija, Ispanija, Italija, Lichten\u0161teinas, Liuksemburgas, Monakas, Norvegija, Olandija, Portugalija, Pranc\u016bzija, San Marinas, Suomija, \u0160vedija, \u0160veicarija, Vatikanas, Vokietija. CD 2 &#8211; Austrija, Baltarusija, Bulgarija, \u010cekija, Danija, Estija, Graikija, Italija, Kroatija, Lichten\u0161teinas, Latvija, Lenkija, Lietuva (detalus), Norvegija, Rumunija, Rusija, San Marinas, Slovakija, [&hellip;]<\/p>\n","protected":false},"author":1,"featured_media":0,"parent":0,"menu_order":0,"comment_status":"closed","ping_status":"closed","template":"","meta":{"_uag_custom_page_level_css":"","footnotes":""},"class_list":["post-422","page","type-page","status-publish","hentry","post"],"yoast_head":"<!-- This site is optimized with the Yoast SEO plugin v27.3 - https:\/\/yoast.com\/product\/yoast-seo-wordpress\/ -->\n<title>Opel navigacija - taisykla Vilniuje, Kaune, Klaip\u0117doje, \u0160iauliuose<\/title>\n<meta name=\"description\" content=\"OPEL navigacijos \u017eem\u0117lapiai Vilniuje ir Kaune geriausia kaina. 12 m\u0117n. garantija. Tel. nr. 8 (655) 00790 \/ 8 (684) 09811\" \/>\n<meta name=\"robots\" content=\"index, follow, max-snippet:-1, max-image-preview:large, max-video-preview:-1\" \/>\n<link rel=\"canonical\" href=\"https:\/\/techremontas.lt\/ru\/opel-navigacija\/\" \/>\n<meta property=\"og:locale\" content=\"ru_RU\" \/>\n<meta property=\"og:type\" content=\"article\" \/>\n<meta property=\"og:title\" content=\"Opel navigacija - taisykla Vilniuje, Kaune, Klaip\u0117doje, \u0160iauliuose\" \/>\n<meta property=\"og:description\" content=\"OPEL navigacijos \u017eem\u0117lapiai Vilniuje ir Kaune geriausia kaina. 12 m\u0117n. garantija. Tel. nr. 8 (655) 00790 \/ 8 (684) 09811\" \/>\n<meta property=\"og:url\" content=\"https:\/\/techremontas.lt\/ru\/opel-navigacija\/\" \/>\n<meta property=\"og:site_name\" content=\"taisykla Vilniuje, Kaune, Klaip\u0117doje, \u0160iauliuose\" \/>\n<meta property=\"article:modified_time\" content=\"2019-04-12T06:59:49+00:00\" \/>\n<meta name=\"twitter:card\" content=\"summary_large_image\" \/>\n<meta name=\"twitter:label1\" content=\"\u041f\u0440\u0438\u043c\u0435\u0440\u043d\u043e\u0435 \u0432\u0440\u0435\u043c\u044f \u0434\u043b\u044f \u0447\u0442\u0435\u043d\u0438\u044f\" \/>\n\t<meta name=\"twitter:data1\" content=\"3 \u043c\u0438\u043d\u0443\u0442\u044b\" \/>\n<script type=\"application\/ld+json\" class=\"yoast-schema-graph\">{\"@context\":\"https:\\\/\\\/schema.org\",\"@graph\":[{\"@type\":\"WebPage\",\"@id\":\"https:\\\/\\\/techremontas.lt\\\/opel-navigacija\\\/\",\"url\":\"https:\\\/\\\/techremontas.lt\\\/opel-navigacija\\\/\",\"name\":\"Opel navigacija - taisykla Vilniuje, Kaune, Klaip\u0117doje, \u0160iauliuose\",\"isPartOf\":{\"@id\":\"https:\\\/\\\/techremontas.lt\\\/#website\"},\"datePublished\":\"2019-04-12T06:41:25+00:00\",\"dateModified\":\"2019-04-12T06:59:49+00:00\",\"description\":\"OPEL navigacijos \u017eem\u0117lapiai Vilniuje ir Kaune geriausia kaina. 12 m\u0117n. garantija. Tel. nr. 8 (655) 00790 \\\/ 8 (684) 09811\",\"breadcrumb\":{\"@id\":\"https:\\\/\\\/techremontas.lt\\\/opel-navigacija\\\/#breadcrumb\"},\"inLanguage\":\"ru-RU\",\"potentialAction\":[{\"@type\":\"ReadAction\",\"target\":[\"https:\\\/\\\/techremontas.lt\\\/opel-navigacija\\\/\"]}]},{\"@type\":\"BreadcrumbList\",\"@id\":\"https:\\\/\\\/techremontas.lt\\\/opel-navigacija\\\/#breadcrumb\",\"itemListElement\":[{\"@type\":\"ListItem\",\"position\":1,\"name\":\"Pagrindinis\",\"item\":\"https:\\\/\\\/techremontas.lt\\\/\"},{\"@type\":\"ListItem\",\"position\":2,\"name\":\"Opel navigacija\"}]},{\"@type\":\"WebSite\",\"@id\":\"https:\\\/\\\/techremontas.lt\\\/#website\",\"url\":\"https:\\\/\\\/techremontas.lt\\\/\",\"name\":\"taisykla Vilniuje, Kaune, Klaip\u0117doje, \u0160iauliuose\",\"description\":\"Modernios el. technikos servisas\",\"potentialAction\":[{\"@type\":\"SearchAction\",\"target\":{\"@type\":\"EntryPoint\",\"urlTemplate\":\"https:\\\/\\\/techremontas.lt\\\/?s={search_term_string}\"},\"query-input\":{\"@type\":\"PropertyValueSpecification\",\"valueRequired\":true,\"valueName\":\"search_term_string\"}}],\"inLanguage\":\"ru-RU\"}]}<\/script>\n<!-- \/ Yoast SEO plugin. -->","yoast_head_json":{"title":"Opel navigacija - taisykla Vilniuje, Kaune, Klaip\u0117doje, \u0160iauliuose","description":"\u041d\u0430\u0432\u0438\u0433\u0430\u0446\u0438\u043e\u043d\u043d\u044b\u0435 \u043a\u0430\u0440\u0442\u044b OPEL \u0432 \u0412\u0438\u043b\u044c\u043d\u044e\u0441\u0435 \u0438 \u041a\u0430\u0443\u043d\u0430\u0441\u0435 \u043f\u043e \u043b\u0443\u0447\u0448\u0435\u0439 \u0446\u0435\u043d\u0435. \u0413\u0430\u0440\u0430\u043d\u0442\u0438\u044f 12 \u043c\u0435\u0441\u044f\u0446\u0435\u0432. \u0422\u0435\u043b. 8 (655) 00790 \/ 8 (684) 09811","robots":{"index":"index","follow":"follow","max-snippet":"max-snippet:-1","max-image-preview":"max-image-preview:large","max-video-preview":"max-video-preview:-1"},"canonical":"https:\/\/techremontas.lt\/ru\/opel-navigacija\/","og_locale":"ru_RU","og_type":"article","og_title":"Opel navigacija - taisykla Vilniuje, Kaune, Klaip\u0117doje, \u0160iauliuose","og_description":"OPEL navigacijos \u017eem\u0117lapiai Vilniuje ir Kaune geriausia kaina. 12 m\u0117n. garantija. Tel. nr. 8 (655) 00790 \/ 8 (684) 09811","og_url":"https:\/\/techremontas.lt\/ru\/opel-navigacija\/","og_site_name":"taisykla Vilniuje, Kaune, Klaip\u0117doje, \u0160iauliuose","article_modified_time":"2019-04-12T06:59:49+00:00","twitter_card":"summary_large_image","twitter_misc":{"\u041f\u0440\u0438\u043c\u0435\u0440\u043d\u043e\u0435 \u0432\u0440\u0435\u043c\u044f \u0434\u043b\u044f \u0447\u0442\u0435\u043d\u0438\u044f":"3 \u043c\u0438\u043d\u0443\u0442\u044b"},"schema":{"@context":"https:\/\/schema.org","@graph":[{"@type":"WebPage","@id":"https:\/\/techremontas.lt\/opel-navigacija\/","url":"https:\/\/techremontas.lt\/opel-navigacija\/","name":"Opel navigacija - taisykla Vilniuje, Kaune, Klaip\u0117doje, \u0160iauliuose","isPartOf":{"@id":"https:\/\/techremontas.lt\/#website"},"datePublished":"2019-04-12T06:41:25+00:00","dateModified":"2019-04-12T06:59:49+00:00","description":"\u041d\u0430\u0432\u0438\u0433\u0430\u0446\u0438\u043e\u043d\u043d\u044b\u0435 \u043a\u0430\u0440\u0442\u044b OPEL \u0432 \u0412\u0438\u043b\u044c\u043d\u044e\u0441\u0435 \u0438 \u041a\u0430\u0443\u043d\u0430\u0441\u0435 \u043f\u043e \u043b\u0443\u0447\u0448\u0435\u0439 \u0446\u0435\u043d\u0435. \u0413\u0430\u0440\u0430\u043d\u0442\u0438\u044f 12 \u043c\u0435\u0441\u044f\u0446\u0435\u0432. \u0422\u0435\u043b. 8 (655) 00790 \/ 8 (684) 09811","breadcrumb":{"@id":"https:\/\/techremontas.lt\/opel-navigacija\/#breadcrumb"},"inLanguage":"ru-RU","potentialAction":[{"@type":"ReadAction","target":["https:\/\/techremontas.lt\/opel-navigacija\/"]}]},{"@type":"BreadcrumbList","@id":"https:\/\/techremontas.lt\/opel-navigacija\/#breadcrumb","itemListElement":[{"@type":"ListItem","position":1,"name":"Pagrindinis","item":"https:\/\/techremontas.lt\/"},{"@type":"ListItem","position":2,"name":"Opel navigacija"}]},{"@type":"WebSite","@id":"https:\/\/techremontas.lt\/#website","url":"https:\/\/techremontas.lt\/","name":"taisykla Vilniuje, Kaune, Klaip\u0117doje, \u0160iauliuose","description":"\u0421\u0435\u0440\u0432\u0438\u0441\u043d\u043e\u0435 \u043e\u0431\u0441\u043b\u0443\u0436\u0438\u0432\u0430\u043d\u0438\u0435 \u0441\u043e\u0432\u0440\u0435\u043c\u0435\u043d\u043d\u044b\u0445 \u044d\u043b\u0435\u043a\u0442\u0440\u043e\u043f\u0440\u0438\u0431\u043e\u0440\u043e\u0432","potentialAction":[{"@type":"SearchAction","target":{"@type":"EntryPoint","urlTemplate":"https:\/\/techremontas.lt\/?s={search_term_string}"},"query-input":{"@type":"PropertyValueSpecification","valueRequired":true,"valueName":"search_term_string"}}],"inLanguage":"ru-RU"}]}},"uagb_featured_image_src":{"full":false,"thumbnail":false,"medium":false,"medium_large":false,"large":false,"1536x1536":false,"2048x2048":false,"trp-custom-language-flag":false,"post-thumbnail":false,"vantage-thumbnail-no-sidebar":false,"vantage-slide":false,"vantage-carousel":false,"vantage-grid-loop":false},"uagb_author_info":{"display_name":"valdymas","author_link":"https:\/\/techremontas.lt\/ru\/author\/valdymas\/"},"uagb_comment_info":0,"uagb_excerpt":"OPEL navigacijos \u017eem\u0117lapiai (DVD90) CD 1 &#8211; Airija, Andora, Austrija, Belgija, \u010cekija, Danija, D.Britanija, Gibraltaras, Graikija, Ispanija, Italija, Lichten\u0161teinas, Liuksemburgas, Monakas, Norvegija, Olandija, Portugalija, Pranc\u016bzija, San Marinas, Suomija, \u0160vedija, \u0160veicarija, Vatikanas, Vokietija. CD 2 &#8211; Austrija, Baltarusija, Bulgarija, \u010cekija, Danija, Estija, Graikija, Italija, Kroatija, Lichten\u0161teinas, Latvija, Lenkija, Lietuva (detalus), Norvegija, Rumunija, Rusija, San Marinas, Slovakija,&hellip;","_links":{"self":[{"href":"https:\/\/techremontas.lt\/ru\/wp-json\/wp\/v2\/pages\/422","targetHints":{"allow":["GET"]}}],"collection":[{"href":"https:\/\/techremontas.lt\/ru\/wp-json\/wp\/v2\/pages"}],"about":[{"href":"https:\/\/techremontas.lt\/ru\/wp-json\/wp\/v2\/types\/page"}],"author":[{"embeddable":true,"href":"https:\/\/techremontas.lt\/ru\/wp-json\/wp\/v2\/users\/1"}],"replies":[{"embeddable":true,"href":"https:\/\/techremontas.lt\/ru\/wp-json\/wp\/v2\/comments?post=422"}],"version-history":[{"count":8,"href":"https:\/\/techremontas.lt\/ru\/wp-json\/wp\/v2\/pages\/422\/revisions"}],"predecessor-version":[{"id":432,"href":"https:\/\/techremontas.lt\/ru\/wp-json\/wp\/v2\/pages\/422\/revisions\/432"}],"wp:attachment":[{"href":"https:\/\/techremontas.lt\/ru\/wp-json\/wp\/v2\/media?parent=422"}],"curies":[{"name":"wp","href":"https:\/\/api.w.org\/{rel}","templated":true}]}}