{"id":433,"date":"2019-04-12T05:02:11","date_gmt":"2019-04-12T07:02:11","guid":{"rendered":"https:\/\/techremontas.lt\/?page_id=433"},"modified":"2019-04-12T05:21:08","modified_gmt":"2019-04-12T07:21:08","slug":"peugeot-navigacija","status":"publish","type":"page","link":"https:\/\/techremontas.lt\/ru\/peugeot-navigacija\/","title":{"rendered":"\u041d\u0430\u0432\u0438\u0433\u0430\u0446\u0438\u044f Peugeot"},"content":{"rendered":"\n<h2 class=\"wp-block-heading\"><strong>PEUGEOT navigacijos \u017eem\u0117lapiai (MMCS) <\/strong><\/h2>\n\n\n<p>Airija, Andora, Austrija, Belgija, \u010cekija, Danija, D.Britanija, Estija, Gibraltaras, Graikija, Ispanija, Italija, Kroatija, Lichten\u0161teinas, Latvija, Lenkija, <strong>Lietuva (detalus)<\/strong>, Liuksemburgas, Monakas, Norvegija, Olandija, Portugalija, Pranc\u016bzija, San Marnas, Slovakija, Slov\u0117nija, Suomija, \u0160vedija, \u0160veicarija, Vatikanas, Vengrija, Vokietija. <br \/><br \/><em>Peugeot 4007 [2007-2012] <br \/>Peugeot 4008 [2011-2013] <\/em><br \/><br \/>Garantija 12 m\u0117n. | Vilniuje ir Kaune | Geriausia kaina<\/p>\n<hr \/>\n\n\n<h2 class=\"wp-block-heading\"><strong>PEUGEOT navigacijos \u017eem\u0117lapiai (WIP Nav+)<\/strong><\/h2>\n\n\n<p>Airija, Albanija, Andora, Austrija, Belgija, Bosnija ir Hercegovina, Bulgarija, \u010cekija, Danija, D.Britanija, Estija, Gibraltaras, Graikija, Ispanija, Italija, Kroatija, Lichten\u0161teinas, Latvija, Lenkija, <strong>Lietuva (detalus)<\/strong>, Liuksemburgas, Makedonija, Moldavija, Monakas, Norvegija, Olandija, Portugalija, Pranc\u016bzija, Rumunija, San Marinas, Serbija, Slovakija, Slov\u0117nija, Suomija, \u0160vedija, \u0160veicarija, Vatikanas, Vengrija, Vokietija.<br \/><br \/>Peugeot 3008 [nuo 2012] <br \/>Peugeot 308 [2012-2013] <br \/>Peugeot 5008 [nuo 2012]<br \/>Peugeot 508 [2009-2014] <br \/>Peugeot 807 [2012-2014] <br \/>Peugeot Expert [nuo 2012] <br \/>Peugeot Partner [2012-2015] <br \/>Peugeot RCZ [2012-2015] <br \/><br \/>Garantija 12 m\u0117n. | Vilniuje ir Kaune | Geriausia kaina<\/p>\n<hr \/>\n\n\n<h2 class=\"wp-block-heading\"><strong>PEUGEOT navigacijos \u017eem\u0117lapiai (V2 WIP Nav)<\/strong><\/h2>\n\n\n<p>Airija, Albanija, Andora, Austrija, Belgija, Bosnija ir Hercegovina, Bulgarija, \u010cekija, Danija, D.Britanija, Estija, Gibraltaras, Graikija, Ispanija, Italija, Kroatija, Lichten\u0161teinas, Latvija, Lenkija, <strong>Lietuva (detalus)<\/strong>, Liuksemburgas, Makedonija, Moldavija, Monakas, Norvegija, Olandija, Portugalija, Pranc\u016bzija, Rumunija, San Marinas, Serbija, Slovakija, Slov\u0117nija, Suomija, \u0160vedija, \u0160veicarija, Vatikanas, Vengrija, Vokietija. <br \/><br \/><em>Peugeot 207, 207CC, 207SW nuo 2008.11 <\/em><br \/><em>Peugeot 3008 nuo 2009.04<br \/>Peugeot 308, 308SW nuo 2008.11<br \/>Peugeot 308CC nuo 2008.10<br \/>Peugeot 407, 407SW nuo 2008.10<br \/>Peugeot 5008 nuo 2009.10<br \/>Peugeot 807 nuo 2008.11<br \/>Peugeot Expert \/ Partner B9 nuo 2009.01<\/em> <br \/><br \/>Garantija 12 m\u0117n. | Vilniuje ir Kaune | Geriausia kaina<\/p>\n<hr \/>\n\n\n<h2 class=\"wp-block-heading\"><strong>PEUGEOT navigacijos \u017eem\u0117lapiai (WIP Com 3D NaviDrive \u2013 NG4)<\/strong><\/h2>\n\n\n<p>Airija, Albanija, Andora, Austrija, Belgija, Bosnija ir Hercegovina, Bulgarija, \u010cekija, Danija, D.Britanija, Estija, Gibraltaras, Graikija, Ispanija, Italija, Kroatija, Lichten\u0161teinas, Latvija, Lenkija, <strong>Lietuva (detalus)<\/strong>, Liuksemburgas, Makedonija, Moldavija, Monakas, Norvegija, Olandija, Portugalija, Pranc\u016bzija, Rumunija, San Marinas, Serbija, Slovakija, Slov\u0117nija, Suomija, \u0160vedija, \u0160veicarija, Vatikanas, Vengrija, Vokietija. <br \/><br \/><em>Peugeot 3008 [2008-2014] <br \/>Peugeot 308 [2008-2013]<br \/>Peugeot 5008 [2008-2014] <br \/>Peugeot RCZ [2009-2014] <\/em><br \/><br \/>Garantija 12 m\u0117n. | Vilniuje ir Kaune | Geriausia kaina<\/p>\n<hr \/>\n\n\n<h2 class=\"wp-block-heading\"><strong>PEUGEOT navigacijos \u017eem\u0117lapiai (WIP Com \/ Connect Com \/ RT4 RT5)<\/strong><\/h2>\n\n\n<p>CD 1 &#8211; Belgija, Olandija, Liuksemburgas <br \/>CD 2 &#8211; Vokietija <br \/>CD 3 &#8211; Austrija, \u0160veicarija, p. Vokietija, \u0161. Italija <br \/>CD 4 &#8211; Pranc\u016bzija <br \/>CD 5 &#8211; Ispanija, Portugalija <br \/>CD 6 &#8211; Skandinavija <br \/>CD 7 &#8211; Estija, Latvija, <strong>Lietuva (detalus)<\/strong>, Baltarusija, Ukraina <br \/>CD 8 &#8211; D.Britanija, Airija <br \/>CD 9 &#8211; \u010cekija, Lenkija, Slovakija, Slov\u0117nija, Vengrija <br \/>CD 10 &#8211; Italija <br \/>CD 11 &#8211; Albanija, Bosnija-Hercegovina, Graikija, Juodkalnija, Kroatija, Makedonija, Rumunija, Serbija. <br \/><br \/><em>Peugeot 1007 [2006-2009] <br \/>Peugeot 207 [2007-2009] <br \/>Peugeot 307 [2006-2008] <br \/>Peugeot 308 [2006-2011] <br \/>Peugeot 407 [2006-2012] <br \/>Peugeot 607 [2007-2010] <br \/>Peugeot 807 [2006-2013] <br \/>Peugeot Expert [2006-2012] <\/em><br \/><br \/>Garantija 12 m\u0117n. | Vilniuje ir Kaune | Geriausia kaina<\/p>\n<hr \/>\n\n\n<h2 class=\"wp-block-heading\"><strong>PEUGEOT navigacijos \u017eem\u0117lapiai (WIP Com RT3 Magneti Marelli)<\/strong><\/h2>\n\n\n<p>CD 1 &#8211; Pranc\u016bzija <br \/>CD 2 &#8211; Ispanija, Portugalija <br \/>CD 3 &#8211; Italija <br \/>CD 4 &#8211; Belgija, Olandija, Liuksemburgas <br \/>CD 5 &#8211; Austrija, \u0160veicarija, p. Vokietija, \u0161. Italija <br \/>CD 6 &#8211; Vokietija <br \/>CD 7 &#8211; D.Britanija, Airija <br \/>CD 8 &#8211; Skandinavija <br \/>CD 9 &#8211; \u010cekija, Lenkija, Slovakija, Slov\u0117nija, Vengrija <br \/>CD 10 &#8211; Estija, Latvija, <strong>Lietuva (detalus)<\/strong>,Baltarusija, Ukraina <br \/>CD 11 &#8211; Albanija, Bosnija-Hercegovina, Graikija, Juodkalnija, Kroatija, Makedonija, Rumunija, Serbija. <br \/><br \/><em>Peugeot 1007 [2004-2007] <br \/>Peugeot 206 [2002-2006] <br \/>Peugeot 207 [2005-2007] <br \/>Peugeot 307 [2001-2007] <br \/>Peugeot 407 [2003-2006] <br \/>Peugeot 607 [2005-2007] <br \/>Peugeot 807 [2001-2007] <br \/>Peugeot Expert [2003-2007] <\/em><br \/><br \/>Garantija 12 m\u0117n. | Vilniuje ir Kaune | Geriausia kaina<\/p>\n<hr \/>\n\n\n<h2 class=\"wp-block-heading\"><strong>PEUGEOT navigacijos \u017eem\u0117lapiai (VDO Dayton)<\/strong><\/h2>\n\n\n\n<p>CD 1 &#8211; Belgija, Olandija, Liuksemburgas<br>CD 2 &#8211; Austrija, Lichten\u0161teinas, \u0160veicarija, p. Vokietija, \u0161. Italija<br>CD 3 &#8211; Ryt\u0173 Europa 1 \u2013 Estija, Latvija, <strong> Lietuva (detalus)<\/strong><br>CD 4 &#8211; Ryt\u0173 Europa 2 \u2013 Bulgarija, \u010cekija, Lenkija, Kroatija, Rumunija, Slovakija, Slov\u0117nija, Vengrija<br>CD  5 &#8211; \u0161. Pranc\u016bzija<br>CD 6 &#8211; p. Pranc\u016bzija<br>CD 7 &#8211; Vokietija<br>CD 8 &#8211; Italija, San Marinas, Vatikanas, Graikija<br>CD 9 &#8211; Danija, \u0160vedija, Suomija, Norvegija<br>CD 10 &#8211; Ispanija<br>CD 11 &#8211; Portugalija<br>CD 12 &#8211; Anglija, \u0160kotija, Airija<br>CD 13 &#8211; Europos pagrindini\u0173 keli\u0173 \u017eem\u0117lapiai. <br><br><em>Peugeot 607 navigacijai  su dideliu spalviniu ekranu  iki 2004.06 <\/em><br><br>Garantija 12 m\u0117n. | Vilniuje ir Kaune | Geriausia kaina<\/p><hr\/>\n","protected":false},"excerpt":{"rendered":"<p>PEUGEOT navigacijos \u017eem\u0117lapiai (MMCS) Airija, Andora, Austrija, Belgija, \u010cekija, Danija, D.Britanija, Estija, Gibraltaras, Graikija, Ispanija, Italija, Kroatija, Lichten\u0161teinas, Latvija, Lenkija, Lietuva (detalus), Liuksemburgas, Monakas, Norvegija, Olandija, Portugalija, Pranc\u016bzija, San Marnas, Slovakija, Slov\u0117nija, Suomija, \u0160vedija, \u0160veicarija, Vatikanas, Vengrija, Vokietija. Peugeot 4007 [2007-2012] Peugeot 4008 [2011-2013] Garantija 12 m\u0117n. | Vilniuje ir Kaune | Geriausia kaina PEUGEOT [&hellip;]<\/p>\n","protected":false},"author":1,"featured_media":0,"parent":0,"menu_order":0,"comment_status":"closed","ping_status":"closed","template":"","meta":{"_uag_custom_page_level_css":"","footnotes":""},"class_list":["post-433","page","type-page","status-publish","hentry","post"],"yoast_head":"<!-- This site is optimized with the Yoast SEO plugin v27.3 - https:\/\/yoast.com\/product\/yoast-seo-wordpress\/ -->\n<title>Peugeot navigacija - taisykla Vilniuje, Kaune, Klaip\u0117doje, \u0160iauliuose<\/title>\n<meta name=\"description\" content=\"PEUGEOT navigacijos \u017eem\u0117lapiai Vilniuje ir Kaune geriausia kaina. 12 m\u0117n. garantija. Tel. nr. 8 (655) 00790 \/ 8 (684) 09811\" \/>\n<meta name=\"robots\" content=\"index, follow, max-snippet:-1, max-image-preview:large, max-video-preview:-1\" \/>\n<link rel=\"canonical\" href=\"https:\/\/techremontas.lt\/ru\/peugeot-navigacija\/\" \/>\n<meta property=\"og:locale\" content=\"ru_RU\" \/>\n<meta property=\"og:type\" content=\"article\" \/>\n<meta property=\"og:title\" content=\"Peugeot navigacija - taisykla Vilniuje, Kaune, Klaip\u0117doje, \u0160iauliuose\" \/>\n<meta property=\"og:description\" content=\"PEUGEOT navigacijos \u017eem\u0117lapiai Vilniuje ir Kaune geriausia kaina. 12 m\u0117n. garantija. Tel. nr. 8 (655) 00790 \/ 8 (684) 09811\" \/>\n<meta property=\"og:url\" content=\"https:\/\/techremontas.lt\/ru\/peugeot-navigacija\/\" \/>\n<meta property=\"og:site_name\" content=\"taisykla Vilniuje, Kaune, Klaip\u0117doje, \u0160iauliuose\" \/>\n<meta property=\"article:modified_time\" content=\"2019-04-12T07:21:08+00:00\" \/>\n<meta name=\"twitter:card\" content=\"summary_large_image\" \/>\n<meta name=\"twitter:label1\" content=\"\u041f\u0440\u0438\u043c\u0435\u0440\u043d\u043e\u0435 \u0432\u0440\u0435\u043c\u044f \u0434\u043b\u044f \u0447\u0442\u0435\u043d\u0438\u044f\" \/>\n\t<meta name=\"twitter:data1\" content=\"3 \u043c\u0438\u043d\u0443\u0442\u044b\" \/>\n<script type=\"application\/ld+json\" class=\"yoast-schema-graph\">{\"@context\":\"https:\\\/\\\/schema.org\",\"@graph\":[{\"@type\":\"WebPage\",\"@id\":\"https:\\\/\\\/techremontas.lt\\\/peugeot-navigacija\\\/\",\"url\":\"https:\\\/\\\/techremontas.lt\\\/peugeot-navigacija\\\/\",\"name\":\"Peugeot navigacija - taisykla Vilniuje, Kaune, Klaip\u0117doje, \u0160iauliuose\",\"isPartOf\":{\"@id\":\"https:\\\/\\\/techremontas.lt\\\/#website\"},\"datePublished\":\"2019-04-12T07:02:11+00:00\",\"dateModified\":\"2019-04-12T07:21:08+00:00\",\"description\":\"PEUGEOT navigacijos \u017eem\u0117lapiai Vilniuje ir Kaune geriausia kaina. 12 m\u0117n. garantija. Tel. nr. 8 (655) 00790 \\\/ 8 (684) 09811\",\"breadcrumb\":{\"@id\":\"https:\\\/\\\/techremontas.lt\\\/peugeot-navigacija\\\/#breadcrumb\"},\"inLanguage\":\"ru-RU\",\"potentialAction\":[{\"@type\":\"ReadAction\",\"target\":[\"https:\\\/\\\/techremontas.lt\\\/peugeot-navigacija\\\/\"]}]},{\"@type\":\"BreadcrumbList\",\"@id\":\"https:\\\/\\\/techremontas.lt\\\/peugeot-navigacija\\\/#breadcrumb\",\"itemListElement\":[{\"@type\":\"ListItem\",\"position\":1,\"name\":\"Pagrindinis\",\"item\":\"https:\\\/\\\/techremontas.lt\\\/\"},{\"@type\":\"ListItem\",\"position\":2,\"name\":\"Peugeot navigacija\"}]},{\"@type\":\"WebSite\",\"@id\":\"https:\\\/\\\/techremontas.lt\\\/#website\",\"url\":\"https:\\\/\\\/techremontas.lt\\\/\",\"name\":\"taisykla Vilniuje, Kaune, Klaip\u0117doje, \u0160iauliuose\",\"description\":\"Modernios el. technikos servisas\",\"potentialAction\":[{\"@type\":\"SearchAction\",\"target\":{\"@type\":\"EntryPoint\",\"urlTemplate\":\"https:\\\/\\\/techremontas.lt\\\/?s={search_term_string}\"},\"query-input\":{\"@type\":\"PropertyValueSpecification\",\"valueRequired\":true,\"valueName\":\"search_term_string\"}}],\"inLanguage\":\"ru-RU\"}]}<\/script>\n<!-- \/ Yoast SEO plugin. -->","yoast_head_json":{"title":"Peugeot navigacija - taisykla Vilniuje, Kaune, Klaip\u0117doje, \u0160iauliuose","description":"\u041d\u0430\u0432\u0438\u0433\u0430\u0446\u0438\u043e\u043d\u043d\u044b\u0435 \u043a\u0430\u0440\u0442\u044b PEUGEOT \u0432 \u0412\u0438\u043b\u044c\u043d\u044e\u0441\u0435 \u0438 \u041a\u0430\u0443\u043d\u0430\u0441\u0435 \u043f\u043e \u043b\u0443\u0447\u0448\u0435\u0439 \u0446\u0435\u043d\u0435. \u0413\u0430\u0440\u0430\u043d\u0442\u0438\u044f 12 \u043c\u0435\u0441\u044f\u0446\u0435\u0432. \u0422\u0435\u043b. 8 (655) 00790 \/ 8 (684) 09811","robots":{"index":"index","follow":"follow","max-snippet":"max-snippet:-1","max-image-preview":"max-image-preview:large","max-video-preview":"max-video-preview:-1"},"canonical":"https:\/\/techremontas.lt\/ru\/peugeot-navigacija\/","og_locale":"ru_RU","og_type":"article","og_title":"Peugeot navigacija - taisykla Vilniuje, Kaune, Klaip\u0117doje, \u0160iauliuose","og_description":"PEUGEOT navigacijos \u017eem\u0117lapiai Vilniuje ir Kaune geriausia kaina. 12 m\u0117n. garantija. Tel. nr. 8 (655) 00790 \/ 8 (684) 09811","og_url":"https:\/\/techremontas.lt\/ru\/peugeot-navigacija\/","og_site_name":"taisykla Vilniuje, Kaune, Klaip\u0117doje, \u0160iauliuose","article_modified_time":"2019-04-12T07:21:08+00:00","twitter_card":"summary_large_image","twitter_misc":{"\u041f\u0440\u0438\u043c\u0435\u0440\u043d\u043e\u0435 \u0432\u0440\u0435\u043c\u044f \u0434\u043b\u044f \u0447\u0442\u0435\u043d\u0438\u044f":"3 \u043c\u0438\u043d\u0443\u0442\u044b"},"schema":{"@context":"https:\/\/schema.org","@graph":[{"@type":"WebPage","@id":"https:\/\/techremontas.lt\/peugeot-navigacija\/","url":"https:\/\/techremontas.lt\/peugeot-navigacija\/","name":"Peugeot navigacija - taisykla Vilniuje, Kaune, Klaip\u0117doje, \u0160iauliuose","isPartOf":{"@id":"https:\/\/techremontas.lt\/#website"},"datePublished":"2019-04-12T07:02:11+00:00","dateModified":"2019-04-12T07:21:08+00:00","description":"\u041d\u0430\u0432\u0438\u0433\u0430\u0446\u0438\u043e\u043d\u043d\u044b\u0435 \u043a\u0430\u0440\u0442\u044b PEUGEOT \u0432 \u0412\u0438\u043b\u044c\u043d\u044e\u0441\u0435 \u0438 \u041a\u0430\u0443\u043d\u0430\u0441\u0435 \u043f\u043e \u043b\u0443\u0447\u0448\u0435\u0439 \u0446\u0435\u043d\u0435. \u0413\u0430\u0440\u0430\u043d\u0442\u0438\u044f 12 \u043c\u0435\u0441\u044f\u0446\u0435\u0432. \u0422\u0435\u043b. 8 (655) 00790 \/ 8 (684) 09811","breadcrumb":{"@id":"https:\/\/techremontas.lt\/peugeot-navigacija\/#breadcrumb"},"inLanguage":"ru-RU","potentialAction":[{"@type":"ReadAction","target":["https:\/\/techremontas.lt\/peugeot-navigacija\/"]}]},{"@type":"BreadcrumbList","@id":"https:\/\/techremontas.lt\/peugeot-navigacija\/#breadcrumb","itemListElement":[{"@type":"ListItem","position":1,"name":"Pagrindinis","item":"https:\/\/techremontas.lt\/"},{"@type":"ListItem","position":2,"name":"Peugeot navigacija"}]},{"@type":"WebSite","@id":"https:\/\/techremontas.lt\/#website","url":"https:\/\/techremontas.lt\/","name":"taisykla Vilniuje, Kaune, Klaip\u0117doje, \u0160iauliuose","description":"\u0421\u0435\u0440\u0432\u0438\u0441\u043d\u043e\u0435 \u043e\u0431\u0441\u043b\u0443\u0436\u0438\u0432\u0430\u043d\u0438\u0435 \u0441\u043e\u0432\u0440\u0435\u043c\u0435\u043d\u043d\u044b\u0445 \u044d\u043b\u0435\u043a\u0442\u0440\u043e\u043f\u0440\u0438\u0431\u043e\u0440\u043e\u0432","potentialAction":[{"@type":"SearchAction","target":{"@type":"EntryPoint","urlTemplate":"https:\/\/techremontas.lt\/?s={search_term_string}"},"query-input":{"@type":"PropertyValueSpecification","valueRequired":true,"valueName":"search_term_string"}}],"inLanguage":"ru-RU"}]}},"uagb_featured_image_src":{"full":false,"thumbnail":false,"medium":false,"medium_large":false,"large":false,"1536x1536":false,"2048x2048":false,"trp-custom-language-flag":false,"post-thumbnail":false,"vantage-thumbnail-no-sidebar":false,"vantage-slide":false,"vantage-carousel":false,"vantage-grid-loop":false},"uagb_author_info":{"display_name":"valdymas","author_link":"https:\/\/techremontas.lt\/ru\/author\/valdymas\/"},"uagb_comment_info":0,"uagb_excerpt":"PEUGEOT navigacijos \u017eem\u0117lapiai (MMCS) Airija, Andora, Austrija, Belgija, \u010cekija, Danija, D.Britanija, Estija, Gibraltaras, Graikija, Ispanija, Italija, Kroatija, Lichten\u0161teinas, Latvija, Lenkija, Lietuva (detalus), Liuksemburgas, Monakas, Norvegija, Olandija, Portugalija, Pranc\u016bzija, San Marnas, Slovakija, Slov\u0117nija, Suomija, \u0160vedija, \u0160veicarija, Vatikanas, Vengrija, Vokietija. Peugeot 4007 [2007-2012] Peugeot 4008 [2011-2013] Garantija 12 m\u0117n. | Vilniuje ir Kaune | Geriausia kaina PEUGEOT&hellip;","_links":{"self":[{"href":"https:\/\/techremontas.lt\/ru\/wp-json\/wp\/v2\/pages\/433","targetHints":{"allow":["GET"]}}],"collection":[{"href":"https:\/\/techremontas.lt\/ru\/wp-json\/wp\/v2\/pages"}],"about":[{"href":"https:\/\/techremontas.lt\/ru\/wp-json\/wp\/v2\/types\/page"}],"author":[{"embeddable":true,"href":"https:\/\/techremontas.lt\/ru\/wp-json\/wp\/v2\/users\/1"}],"replies":[{"embeddable":true,"href":"https:\/\/techremontas.lt\/ru\/wp-json\/wp\/v2\/comments?post=433"}],"version-history":[{"count":7,"href":"https:\/\/techremontas.lt\/ru\/wp-json\/wp\/v2\/pages\/433\/revisions"}],"predecessor-version":[{"id":442,"href":"https:\/\/techremontas.lt\/ru\/wp-json\/wp\/v2\/pages\/433\/revisions\/442"}],"wp:attachment":[{"href":"https:\/\/techremontas.lt\/ru\/wp-json\/wp\/v2\/media?parent=433"}],"curies":[{"name":"wp","href":"https:\/\/api.w.org\/{rel}","templated":true}]}}