{"id":458,"date":"2019-04-12T06:00:56","date_gmt":"2019-04-12T08:00:56","guid":{"rendered":"https:\/\/techremontas.lt\/?page_id=458"},"modified":"2019-04-12T06:08:19","modified_gmt":"2019-04-12T08:08:19","slug":"saab-navigacija","status":"publish","type":"page","link":"https:\/\/techremontas.lt\/ru\/saab-navigacija\/","title":{"rendered":"\u041d\u0430\u0432\u0438\u0433\u0430\u0446\u0438\u044f Saab"},"content":{"rendered":"<h2 class=\"wp-block-heading\"><strong>\u041d\u0430\u0432\u0438\u0433\u0430\u0446\u0438\u043e\u043d\u043d\u044b\u0435 \u043a\u0430\u0440\u0442\u044b SAAB (Denso G00\/G01)<\/strong><\/h2>\n\n\n<p>\u0410\u043b\u0431\u0430\u043d\u0438\u044f, \u0411\u0435\u043b\u0430\u0440\u0443\u0441\u044c, \u0411\u043e\u043b\u0433\u0430\u0440\u0438\u044f, \u0411\u043e\u0441\u043d\u0438\u044f \u0438 \u0413\u0435\u0440\u0446\u0435\u0433\u043e\u0432\u0438\u043d\u0430, \u0412\u0435\u043d\u0433\u0440\u0438\u044f, \u0413\u0440\u0435\u0446\u0438\u044f, \u041b\u0430\u0442\u0432\u0438\u044f, \u0425\u043e\u0440\u0432\u0430\u0442\u0438\u044f, \u0427\u0435\u0445\u0438\u044f, \u042d\u0441\u0442\u043e\u043d\u0438\u044f, <strong>\u041b\u0438\u0442\u0432\u0430 (\u043f\u043e\u0434\u0440\u043e\u0431\u043d\u043e)<\/strong>\u041c\u0430\u043a\u0435\u0434\u043e\u043d\u0438\u044f, \u041c\u043e\u043b\u0434\u043e\u0432\u0430, \u041f\u043e\u043b\u044c\u0448\u0430, \u0420\u0443\u043c\u044b\u043d\u0438\u044f, \u0421\u0435\u0440\u0431\u0438\u044f \u0438 \u0427\u0435\u0440\u043d\u043e\u0433\u043e\u0440\u0438\u044f, \u0421\u043b\u043e\u0432\u0430\u043a\u0438\u044f, \u0421\u043b\u043e\u0432\u0435\u043d\u0438\u044f, \u0423\u043a\u0440\u0430\u0438\u043d\u0430. <br \/><br \/><em>SAAB 9-5 2002 - 2007<\/em> <br \/><br \/>\u0413\u0430\u0440\u0430\u043d\u0442\u0438\u044f 12 \u043c\u0435\u0441\u044f\u0446\u0435\u0432. | \u0412\u0438\u043b\u044c\u043d\u044e\u0441 \u0438 \u041a\u0430\u0443\u043d\u0430\u0441 | \u041b\u0443\u0447\u0448\u0430\u044f \u0446\u0435\u043d\u0430<\/p>\n<hr \/>\n\n\n<h2 class=\"wp-block-heading\"><strong>\u041d\u0430\u0432\u0438\u0433\u0430\u0446\u0438\u043e\u043d\u043d\u044b\u0435 \u043a\u0430\u0440\u0442\u044b SAAB (Denso G00\/G01) <\/strong><\/h2>\n\n\n<p>CD 1 - \u0410\u0432\u0441\u0442\u0440\u0438\u044f, \u0411\u0435\u043b\u044c\u0433\u0438\u044f, \u0428\u0432\u0435\u0439\u0446\u0430\u0440\u0438\u044f, \u0427\u0435\u0448\u0441\u043a\u0430\u044f \u0420\u0435\u0441\u043f\u0443\u0431\u043b\u0438\u043a\u0430, \u0413\u0435\u0440\u043c\u0430\u043d\u0438\u044f, \u0414\u0430\u043d\u0438\u044f, \u0418\u0441\u043f\u0430\u043d\u0438\u044f, \u0424\u0440\u0430\u043d\u0446\u0438\u044f, \u0424\u0438\u043d\u043b\u044f\u043d\u0434\u0438\u044f, \u041b\u0438\u0445\u0442\u0435\u043d\u0448\u0442\u0435\u0439\u043d, \u0418\u0442\u0430\u043b\u0438\u044f, \u0418\u0440\u043b\u0430\u043d\u0434\u0438\u044f, \u041b\u044e\u043a\u0441\u0435\u043c\u0431\u0443\u0440\u0433, \u041c\u043e\u043d\u0430\u043a\u043e, \u041d\u043e\u0440\u0432\u0435\u0433\u0438\u044f, \u041d\u0438\u0434\u0435\u0440\u043b\u0430\u043d\u0434\u044b, \u041f\u043e\u0440\u0442\u0443\u0433\u0430\u043b\u0438\u044f, \u0421\u0430\u043d-\u041c\u0430\u0440\u0438\u043d\u043e, \u0428\u0432\u0435\u0446\u0438\u044f, \u0412\u0435\u043b\u0438\u043a\u043e\u0431\u0440\u0438\u0442\u0430\u043d\u0438\u044f, \u0412\u0430\u0442\u0438\u043a\u0430\u043d. <br \/>CD 2 - \u0410\u0432\u0441\u0442\u0440\u0438\u044f, \u0410\u043d\u0434\u043e\u0440\u0440\u0430, \u0411\u0435\u043b\u044c\u0433\u0438\u044f, \u0428\u0432\u0435\u0439\u0446\u0430\u0440\u0438\u044f, \u0427\u0435\u0448\u0441\u043a\u0430\u044f \u0420\u0435\u0441\u043f\u0443\u0431\u043b\u0438\u043a\u0430, \u0413\u0435\u0440\u043c\u0430\u043d\u0438\u044f, \u0414\u0430\u043d\u0438\u044f, \u0418\u0441\u043f\u0430\u043d\u0438\u044f, \u0424\u0440\u0430\u043d\u0446\u0438\u044f, \u0424\u0438\u043d\u043b\u044f\u043d\u0434\u0438\u044f, \u041b\u0438\u0445\u0442\u0435\u043d\u0448\u0442\u0435\u0439\u043d, \u0418\u0442\u0430\u043b\u0438\u044f, \u0418\u0440\u043b\u0430\u043d\u0434\u0438\u044f, \u041b\u044e\u043a\u0441\u0435\u043c\u0431\u0443\u0440\u0433, \u041c\u043e\u043d\u0430\u043a\u043e, \u041d\u043e\u0440\u0432\u0435\u0433\u0438\u044f, \u041d\u0438\u0434\u0435\u0440\u043b\u0430\u043d\u0434\u044b, \u041f\u043e\u0440\u0442\u0443\u0433\u0430\u043b\u0438\u044f, \u0421\u0430\u043d-\u041c\u0430\u0440\u0438\u043d\u043e, \u0428\u0432\u0435\u0446\u0438\u044f, \u0412\u0435\u043b\u0438\u043a\u043e\u0431\u0440\u0438\u0442\u0430\u043d\u0438\u044f, \u0412\u0430\u0442\u0438\u043a\u0430\u043d. <br \/>CD 3 - \u0410\u0432\u0441\u0442\u0440\u0438\u044f, \u0410\u043d\u0434\u043e\u0440\u0440\u0430, \u0411\u0435\u043b\u044c\u0433\u0438\u044f, \u0428\u0432\u0435\u0439\u0446\u0430\u0440\u0438\u044f, \u0427\u0435\u0448\u0441\u043a\u0430\u044f \u0420\u0435\u0441\u043f\u0443\u0431\u043b\u0438\u043a\u0430, \u0413\u0435\u0440\u043c\u0430\u043d\u0438\u044f, \u0414\u0430\u043d\u0438\u044f, \u0418\u0441\u043f\u0430\u043d\u0438\u044f, \u0424\u0440\u0430\u043d\u0446\u0438\u044f, \u0424\u0438\u043d\u043b\u044f\u043d\u0434\u0438\u044f, \u041b\u0438\u0445\u0442\u0435\u043d\u0448\u0442\u0435\u0439\u043d, \u0418\u0442\u0430\u043b\u0438\u044f, \u0418\u0440\u043b\u0430\u043d\u0434\u0438\u044f, \u041b\u044e\u043a\u0441\u0435\u043c\u0431\u0443\u0440\u0433, \u041c\u043e\u043d\u0430\u043a\u043e, \u041c\u043e\u043d\u0430\u043a\u043e, \u041d\u043e\u0440\u0432\u0435\u0433\u0438\u044f, \u041d\u0438\u0434\u0435\u0440\u043b\u0430\u043d\u0434\u044b, \u041f\u043e\u0440\u0442\u0443\u0433\u0430\u043b\u0438\u044f, \u041f\u043e\u043b\u044c\u0448\u0430, \u0421\u0430\u043d-\u041c\u0430\u0440\u0438\u043d\u043e, \u0428\u0432\u0435\u0446\u0438\u044f, \u0412\u0435\u043b\u0438\u043a\u043e\u0431\u0440\u0438\u0442\u0430\u043d\u0438\u044f, \u0412\u0430\u0442\u0438\u043a\u0430\u043d<br \/><br \/><em>SAAB 9-5 2002 - 2007<\/em> <br \/><br \/>\u0413\u0430\u0440\u0430\u043d\u0442\u0438\u044f 12 \u043c\u0435\u0441\u044f\u0446\u0435\u0432. | \u0412\u0438\u043b\u044c\u043d\u044e\u0441 \u0438 \u041a\u0430\u0443\u043d\u0430\u0441 | \u041b\u0443\u0447\u0448\u0430\u044f \u0446\u0435\u043d\u0430<\/p>\n<hr \/>\n\n\n<h2 class=\"wp-block-heading\"><strong>\u041d\u0430\u0432\u0438\u0433\u0430\u0446\u0438\u043e\u043d\u043d\u044b\u0435 \u043a\u0430\u0440\u0442\u044b SAAB (Denso) <\/strong><\/h2>\n\n\n<p>CD 1 - \u0410\u0432\u0441\u0442\u0440\u0438\u044f, \u0411\u0435\u043b\u044c\u0433\u0438\u044f, \u0428\u0432\u0435\u0439\u0446\u0430\u0440\u0438\u044f, \u0427\u0435\u0448\u0441\u043a\u0430\u044f \u0420\u0435\u0441\u043f\u0443\u0431\u043b\u0438\u043a\u0430, \u0413\u0435\u0440\u043c\u0430\u043d\u0438\u044f, \u0414\u0430\u043d\u0438\u044f, \u0418\u0441\u043f\u0430\u043d\u0438\u044f, \u0424\u0440\u0430\u043d\u0446\u0438\u044f, \u0424\u0438\u043d\u043b\u044f\u043d\u0434\u0438\u044f, \u041b\u0438\u0445\u0442\u0435\u043d\u0448\u0442\u0435\u0439\u043d, \u0418\u0442\u0430\u043b\u0438\u044f, \u0418\u0440\u043b\u0430\u043d\u0434\u0438\u044f, \u041b\u044e\u043a\u0441\u0435\u043c\u0431\u0443\u0440\u0433, \u041c\u043e\u043d\u0430\u043a\u043e, \u041d\u043e\u0440\u0432\u0435\u0433\u0438\u044f, \u041d\u0438\u0434\u0435\u0440\u043b\u0430\u043d\u0434\u044b, \u041f\u043e\u0440\u0442\u0443\u0433\u0430\u043b\u0438\u044f, \u0421\u0430\u043d-\u041c\u0430\u0440\u0438\u043d\u043e, \u0428\u0432\u0435\u0446\u0438\u044f, \u0412\u0435\u043b\u0438\u043a\u043e\u0431\u0440\u0438\u0442\u0430\u043d\u0438\u044f, \u0412\u0430\u0442\u0438\u043a\u0430\u043d. <br \/>CD 2 - \u0410\u043d\u0434\u043e\u0440\u0440\u0430, \u0424\u0440\u0430\u043d\u0446\u0438\u044f, \u0418\u0440\u043b\u0430\u043d\u0434\u0438\u044f, \u041c\u043e\u043d\u0430\u043a\u043e, \u041f\u043e\u0440\u0442\u0443\u0433\u0430\u043b\u0438\u044f, \u0418\u0441\u043f\u0430\u043d\u0438\u044f, \u0412\u0435\u043b\u0438\u043a\u043e\u0431\u0440\u0438\u0442\u0430\u043d\u0438\u044f. <br \/>CD 3 - \u0410\u0432\u0441\u0442\u0440\u0438\u044f, \u0410\u043b\u0431\u0430\u043d\u0438\u044f, \u0411\u0435\u043b\u0430\u0440\u0443\u0441\u044c, \u0411\u043e\u043b\u0433\u0430\u0440\u0438\u044f, \u0411\u043e\u0441\u043d\u0438\u044f \u0438 \u0413\u0435\u0440\u0446\u0435\u0433\u043e\u0432\u0438\u043d\u0430, \u0412\u0435\u043d\u0433\u0440\u0438\u044f, \u0413\u0435\u0440\u043c\u0430\u043d\u0438\u044f, \u0413\u0440\u0435\u0446\u0438\u044f, \u041b\u0430\u0442\u0432\u0438\u044f, \u0425\u043e\u0440\u0432\u0430\u0442\u0438\u044f, \u0427\u0435\u0445\u0438\u044f, \u042d\u0441\u0442\u043e\u043d\u0438\u044f, <strong>\u041b\u0438\u0442\u0432\u0430 (\u043f\u043e\u0434\u0440\u043e\u0431\u043d\u043e)<\/strong>\u041c\u0430\u043a\u0435\u0434\u043e\u043d\u0438\u044f, \u041c\u043e\u043b\u0434\u043e\u0432\u0430, \u041f\u043e\u043b\u044c\u0448\u0430, \u0420\u0443\u043c\u044b\u043d\u0438\u044f, \u0421\u0435\u0440\u0431\u0438\u044f, \u0421\u043b\u043e\u0432\u0430\u043a\u0438\u044f, \u0421\u043b\u043e\u0432\u0435\u043d\u0438\u044f, \u0422\u0443\u0440\u0446\u0438\u044f, \u0423\u043a\u0440\u0430\u0438\u043d\u0430, \u0427\u0435\u0440\u043d\u043e\u0433\u043e\u0440\u0438\u044f. <br \/><br \/><em>SAAB 9-5 2004 - 2009<\/em> <br \/><br \/>\u0413\u0430\u0440\u0430\u043d\u0442\u0438\u044f 12 \u043c\u0435\u0441\u044f\u0446\u0435\u0432. | \u0412\u0438\u043b\u044c\u043d\u044e\u0441 \u0438 \u041a\u0430\u0443\u043d\u0430\u0441 | \u041b\u0443\u0447\u0448\u0430\u044f \u0446\u0435\u043d\u0430<\/p>\n<hr \/>\n\n\n<h2 class=\"wp-block-heading\"><strong>\u041a\u0430\u0440\u0442\u044b \u0441\u043f\u0443\u0442\u043d\u0438\u043a\u043e\u0432\u043e\u0439 \u043d\u0430\u0432\u0438\u0433\u0430\u0446\u0438\u0438 SAAB (Aisin)<\/strong> <\/h2>\n\n\n<p>CD 1 - \u0420\u043e\u0441\u0441\u0438\u044f, \u0423\u043a\u0440\u0430\u0438\u043d\u0430, \u0427\u0435\u0445\u0438\u044f, \u042d\u0441\u0442\u043e\u043d\u0438\u044f, \u0424\u0438\u043d\u043b\u044f\u043d\u0434\u0438\u044f, \u0412\u0435\u043d\u0433\u0440\u0438\u044f, <strong>\u041b\u0438\u0442\u0432\u0430 (\u043f\u043e\u0434\u0440\u043e\u0431\u043d\u043e)<\/strong>, \u041b\u0430\u0442\u0432\u0438\u044f, \u041f\u043e\u043b\u044c\u0448\u0430, \u0420\u0443\u043c\u044b\u043d\u0438\u044f, \u0421\u043b\u043e\u0432\u0430\u043a\u0438\u044f. <br \/>CD 2 - \u0412\u0435\u043b\u0438\u043a\u043e\u0431\u0440\u0438\u0442\u0430\u043d\u0438\u044f, \u0418\u0440\u043b\u0430\u043d\u0434\u0438\u044f, \u041d\u0438\u0434\u0435\u0440\u043b\u0430\u043d\u0434\u044b, \u0411\u0435\u043b\u044c\u0433\u0438\u044f, \u041b\u044e\u043a\u0441\u0435\u043c\u0431\u0443\u0440\u0433, \u041f\u043e\u0440\u0442\u0443\u0433\u0430\u043b\u0438\u044f, \u0418\u0441\u043f\u0430\u043d\u0438\u044f, \u0410\u043d\u0434\u043e\u0440\u0440\u0430, \u0424\u0440\u0430\u043d\u0446\u0438\u044f, \u0428\u0432\u0435\u0439\u0446\u0430\u0440\u0438\u044f, \u0418\u0441\u043b\u0430\u043d\u0434\u0438\u044f, \u041b\u0438\u0445\u0442\u0435\u043d\u0448\u0442\u0435\u0439\u043d, \u0418\u0442\u0430\u043b\u0438\u044f, \u0421\u0430\u043d-\u041c\u0430\u0440\u0438\u043d\u043e, \u0412\u0430\u0442\u0438\u043a\u0430\u043d, \u041c\u043e\u043d\u0430\u043a\u043e, \u0430 \u0442\u0430\u043a\u0436\u0435 \u043e\u0441\u0442\u0440\u043e\u0432\u0430 \u0421\u0430\u0440\u0434\u0438\u043d\u0438\u044f, \u0421\u0438\u0446\u0438\u043b\u0438\u044f \u0438 \u041a\u043e\u0440\u0441\u0438\u043a\u0430. <br \/>CD 3 - \u0410\u0432\u0441\u0442\u0440\u0438\u044f, \u0411\u043e\u043b\u0433\u0430\u0440\u0438\u044f, \u0412\u0435\u043d\u0433\u0440\u0438\u044f, \u0413\u0440\u0435\u0446\u0438\u044f, \u041b\u0438\u0445\u0442\u0435\u043d\u0448\u0442\u0435\u0439\u043d, \u0418\u0442\u0430\u043b\u0438\u044f, \u041b\u044e\u043a\u0441\u0435\u043c\u0431\u0443\u0440\u0433, \u041c\u043e\u043d\u0430\u043a\u043e, \u041f\u043e\u043b\u044c\u0448\u0430, \u0420\u0443\u043c\u044b\u043d\u0438\u044f, \u0421\u0430\u043d-\u041c\u0430\u0440\u0438\u043d\u043e, \u0421\u043b\u043e\u0432\u0430\u043a\u0438\u044f, \u0421\u043b\u043e\u0432\u0435\u043d\u0438\u044f, \u0412\u0430\u0442\u0438\u043a\u0430\u043d, \u0422\u0443\u0440\u0446\u0438\u044f, \u0423\u043a\u0440\u0430\u0438\u043d\u0430, \u0425\u043e\u0440\u0432\u0430\u0442\u0438\u044f, \u0427\u0435\u0448\u0441\u043a\u0430\u044f \u0420\u0435\u0441\u043f\u0443\u0431\u043b\u0438\u043a\u0430. <br \/>CD 4 - \u0413\u0435\u0440\u043c\u0430\u043d\u0438\u044f, \u0410\u0432\u0441\u0442\u0440\u0438\u044f, \u0411\u0435\u043b\u044c\u0433\u0438\u044f, \u0428\u0432\u0435\u0439\u0446\u0430\u0440\u0438\u044f, \u041b\u0438\u0445\u0442\u0435\u043d\u0448\u0442\u0435\u0439\u043d, \u041b\u044e\u043a\u0441\u0435\u043c\u0431\u0443\u0440\u0433, \u041d\u0438\u0434\u0435\u0440\u043b\u0430\u043d\u0434\u044b, \u0428\u0432\u0435\u0446\u0438\u044f, \u041d\u043e\u0440\u0432\u0435\u0433\u0438\u044f, \u0414\u0430\u043d\u0438\u044f, \u0424\u0438\u043d\u043b\u044f\u043d\u0434\u0438\u044f, \u041f\u043e\u043b\u044c\u0448\u0430, <strong>\u041b\u0438\u0442\u0432\u0430 (\u043f\u043e\u0434\u0440\u043e\u0431\u043d\u043e)<\/strong>, \u041b\u0430\u0442\u0432\u0438\u044f, \u042d\u0441\u0442\u043e\u043d\u0438\u044f, \u0427\u0435\u0445\u0438\u044f, \u0421\u043b\u043e\u0432\u0430\u043a\u0438\u044f. <br \/><br \/><em>SAAB 9-3 2005 - 2009<\/em> <br \/><br \/>\u0413\u0430\u0440\u0430\u043d\u0442\u0438\u044f 12 \u043c\u0435\u0441\u044f\u0446\u0435\u0432. | \u0412\u0438\u043b\u044c\u043d\u044e\u0441 \u0438 \u041a\u0430\u0443\u043d\u0430\u0441 | \u041b\u0443\u0447\u0448\u0430\u044f \u0446\u0435\u043d\u0430<\/p>\n<hr \/>\n\n\n<h2 class=\"wp-block-heading\"><strong>\u041d\u0430\u0432\u0438\u0433\u0430\u0446\u0438\u043e\u043d\u043d\u044b\u0435 \u043a\u0430\u0440\u0442\u044b SAAB (Aisin \u0441 HDD)<\/strong><\/h2>\n\n\n\n<p>\u0410\u0432\u0441\u0442\u0440\u0438\u044f, \u0411\u0435\u043b\u044c\u0433\u0438\u044f, \u0412\u0435\u043b\u0438\u043a\u043e\u0431\u0440\u0438\u0442\u0430\u043d\u0438\u044f, \u0413\u0435\u0440\u043c\u0430\u043d\u0438\u044f, \u0414\u0430\u043d\u0438\u044f, \u0418\u0440\u043b\u0430\u043d\u0434\u0438\u044f, \u0418\u0441\u043f\u0430\u043d\u0438\u044f, \u0418\u0442\u0430\u043b\u0438\u044f, \u041b\u044e\u043a\u0441\u0435\u043c\u0431\u0443\u0440\u0433, \u041d\u0438\u0434\u0435\u0440\u043b\u0430\u043d\u0434\u044b, \u041d\u043e\u0440\u0432\u0435\u0433\u0438\u044f, \u041f\u043e\u0440\u0442\u0443\u0433\u0430\u043b\u0438\u044f, \u0424\u0438\u043d\u043b\u044f\u043d\u0434\u0438\u044f, \u0424\u0440\u0430\u043d\u0446\u0438\u044f, \u0427\u0435\u0445\u0438\u044f, \u0428\u0432\u0435\u0439\u0446\u0430\u0440\u0438\u044f, \u0428\u0432\u0435\u0446\u0438\u044f. <br><br><em>SAAB 9-5 2010 - 2012<\/em><br><em>(Chevrolet Volt 2011-2013 \/ Opel Ampera 2011 - 2013) <\/em> <br><br>\u0413\u0430\u0440\u0430\u043d\u0442\u0438\u044f 12 \u043c\u0435\u0441\u044f\u0446\u0435\u0432. | \u0412\u0438\u043b\u044c\u043d\u044e\u0441 \u0438 \u041a\u0430\u0443\u043d\u0430\u0441 | \u041b\u0443\u0447\u0448\u0430\u044f \u0446\u0435\u043d\u0430<\/p><hr\/>","protected":false},"excerpt":{"rendered":"<p>SAAB navigacijos \u017eem\u0117lapiai (Denso G00\/G01) Albanija, Baltarusija, Bosnija ir Hercegovina, Bulgarija, Kroatija, \u010cekija, Estija, Graikija, Vengrija, Latvija, Lietuva (detalus), Makedonija, Moldova, Lenkija, Rumunija, Serbija ir Juodkalnija, Slovakija, Slov\u0117nija, Ukraina. SAAB 9-5 2002 \u2013 2007 m. Garantija 12 m\u0117n. | Vilniuje ir Kaune | Geriausia kaina SAAB navigacijos \u017eem\u0117lapiai (Denso G00\/G01) CD 1 &#8211; Austrija, Belgija, [&hellip;]<\/p>\n","protected":false},"author":1,"featured_media":0,"parent":0,"menu_order":0,"comment_status":"closed","ping_status":"closed","template":"","meta":{"_uag_custom_page_level_css":"","footnotes":""},"class_list":["post-458","page","type-page","status-publish","hentry","post"],"yoast_head":"<!-- This site is optimized with the Yoast SEO plugin v27.3 - https:\/\/yoast.com\/product\/yoast-seo-wordpress\/ -->\n<title>Saab navigacija - taisykla Vilniuje, Kaune, Klaip\u0117doje, \u0160iauliuose<\/title>\n<meta name=\"description\" content=\"SAAB navigacijos \u017eem\u0117lapiai Vilniuje ir Kaune geriausia kaina. 12 m\u0117n. garantija. Tel. nr. 8 (655) 00790 \/ 8 (684) 09811\" \/>\n<meta name=\"robots\" content=\"index, follow, max-snippet:-1, max-image-preview:large, max-video-preview:-1\" \/>\n<link rel=\"canonical\" href=\"https:\/\/techremontas.lt\/ru\/saab-navigacija\/\" \/>\n<meta property=\"og:locale\" content=\"ru_RU\" \/>\n<meta property=\"og:type\" content=\"article\" \/>\n<meta property=\"og:title\" content=\"Saab navigacija - taisykla Vilniuje, Kaune, Klaip\u0117doje, \u0160iauliuose\" \/>\n<meta property=\"og:description\" content=\"SAAB navigacijos \u017eem\u0117lapiai Vilniuje ir Kaune geriausia kaina. 12 m\u0117n. garantija. Tel. nr. 8 (655) 00790 \/ 8 (684) 09811\" \/>\n<meta property=\"og:url\" content=\"https:\/\/techremontas.lt\/ru\/saab-navigacija\/\" \/>\n<meta property=\"og:site_name\" content=\"taisykla Vilniuje, Kaune, Klaip\u0117doje, \u0160iauliuose\" \/>\n<meta property=\"article:modified_time\" content=\"2019-04-12T08:08:19+00:00\" \/>\n<meta name=\"twitter:card\" content=\"summary_large_image\" \/>\n<meta name=\"twitter:label1\" content=\"\u041f\u0440\u0438\u043c\u0435\u0440\u043d\u043e\u0435 \u0432\u0440\u0435\u043c\u044f \u0434\u043b\u044f \u0447\u0442\u0435\u043d\u0438\u044f\" \/>\n\t<meta name=\"twitter:data1\" content=\"2 \u043c\u0438\u043d\u0443\u0442\u044b\" \/>\n<script type=\"application\/ld+json\" class=\"yoast-schema-graph\">{\"@context\":\"https:\\\/\\\/schema.org\",\"@graph\":[{\"@type\":\"WebPage\",\"@id\":\"https:\\\/\\\/techremontas.lt\\\/saab-navigacija\\\/\",\"url\":\"https:\\\/\\\/techremontas.lt\\\/saab-navigacija\\\/\",\"name\":\"Saab navigacija - taisykla Vilniuje, Kaune, Klaip\u0117doje, \u0160iauliuose\",\"isPartOf\":{\"@id\":\"https:\\\/\\\/techremontas.lt\\\/#website\"},\"datePublished\":\"2019-04-12T08:00:56+00:00\",\"dateModified\":\"2019-04-12T08:08:19+00:00\",\"description\":\"SAAB navigacijos \u017eem\u0117lapiai Vilniuje ir Kaune geriausia kaina. 12 m\u0117n. garantija. Tel. nr. 8 (655) 00790 \\\/ 8 (684) 09811\",\"breadcrumb\":{\"@id\":\"https:\\\/\\\/techremontas.lt\\\/saab-navigacija\\\/#breadcrumb\"},\"inLanguage\":\"ru-RU\",\"potentialAction\":[{\"@type\":\"ReadAction\",\"target\":[\"https:\\\/\\\/techremontas.lt\\\/saab-navigacija\\\/\"]}]},{\"@type\":\"BreadcrumbList\",\"@id\":\"https:\\\/\\\/techremontas.lt\\\/saab-navigacija\\\/#breadcrumb\",\"itemListElement\":[{\"@type\":\"ListItem\",\"position\":1,\"name\":\"Pagrindinis\",\"item\":\"https:\\\/\\\/techremontas.lt\\\/\"},{\"@type\":\"ListItem\",\"position\":2,\"name\":\"Saab navigacija\"}]},{\"@type\":\"WebSite\",\"@id\":\"https:\\\/\\\/techremontas.lt\\\/#website\",\"url\":\"https:\\\/\\\/techremontas.lt\\\/\",\"name\":\"taisykla Vilniuje, Kaune, Klaip\u0117doje, \u0160iauliuose\",\"description\":\"Modernios el. technikos servisas\",\"potentialAction\":[{\"@type\":\"SearchAction\",\"target\":{\"@type\":\"EntryPoint\",\"urlTemplate\":\"https:\\\/\\\/techremontas.lt\\\/?s={search_term_string}\"},\"query-input\":{\"@type\":\"PropertyValueSpecification\",\"valueRequired\":true,\"valueName\":\"search_term_string\"}}],\"inLanguage\":\"ru-RU\"}]}<\/script>\n<!-- \/ Yoast SEO plugin. -->","yoast_head_json":{"title":"Saab navigacija - taisykla Vilniuje, Kaune, Klaip\u0117doje, \u0160iauliuose","description":"\u041d\u0430\u0432\u0438\u0433\u0430\u0446\u0438\u043e\u043d\u043d\u044b\u0435 \u043a\u0430\u0440\u0442\u044b SAAB \u0432 \u0412\u0438\u043b\u044c\u043d\u044e\u0441\u0435 \u0438 \u041a\u0430\u0443\u043d\u0430\u0441\u0435 \u043f\u043e \u043b\u0443\u0447\u0448\u0435\u0439 \u0446\u0435\u043d\u0435. \u0413\u0430\u0440\u0430\u043d\u0442\u0438\u044f 12 \u043c\u0435\u0441\u044f\u0446\u0435\u0432. \u0422\u0435\u043b. 8 (655) 00790 \/ 8 (684) 09811","robots":{"index":"index","follow":"follow","max-snippet":"max-snippet:-1","max-image-preview":"max-image-preview:large","max-video-preview":"max-video-preview:-1"},"canonical":"https:\/\/techremontas.lt\/ru\/saab-navigacija\/","og_locale":"ru_RU","og_type":"article","og_title":"Saab navigacija - taisykla Vilniuje, Kaune, Klaip\u0117doje, \u0160iauliuose","og_description":"SAAB navigacijos \u017eem\u0117lapiai Vilniuje ir Kaune geriausia kaina. 12 m\u0117n. garantija. Tel. nr. 8 (655) 00790 \/ 8 (684) 09811","og_url":"https:\/\/techremontas.lt\/ru\/saab-navigacija\/","og_site_name":"taisykla Vilniuje, Kaune, Klaip\u0117doje, \u0160iauliuose","article_modified_time":"2019-04-12T08:08:19+00:00","twitter_card":"summary_large_image","twitter_misc":{"\u041f\u0440\u0438\u043c\u0435\u0440\u043d\u043e\u0435 \u0432\u0440\u0435\u043c\u044f \u0434\u043b\u044f \u0447\u0442\u0435\u043d\u0438\u044f":"2 \u043c\u0438\u043d\u0443\u0442\u044b"},"schema":{"@context":"https:\/\/schema.org","@graph":[{"@type":"WebPage","@id":"https:\/\/techremontas.lt\/saab-navigacija\/","url":"https:\/\/techremontas.lt\/saab-navigacija\/","name":"Saab navigacija - taisykla Vilniuje, Kaune, Klaip\u0117doje, \u0160iauliuose","isPartOf":{"@id":"https:\/\/techremontas.lt\/#website"},"datePublished":"2019-04-12T08:00:56+00:00","dateModified":"2019-04-12T08:08:19+00:00","description":"\u041d\u0430\u0432\u0438\u0433\u0430\u0446\u0438\u043e\u043d\u043d\u044b\u0435 \u043a\u0430\u0440\u0442\u044b SAAB \u0432 \u0412\u0438\u043b\u044c\u043d\u044e\u0441\u0435 \u0438 \u041a\u0430\u0443\u043d\u0430\u0441\u0435 \u043f\u043e \u043b\u0443\u0447\u0448\u0435\u0439 \u0446\u0435\u043d\u0435. \u0413\u0430\u0440\u0430\u043d\u0442\u0438\u044f 12 \u043c\u0435\u0441\u044f\u0446\u0435\u0432. \u0422\u0435\u043b. 8 (655) 00790 \/ 8 (684) 09811","breadcrumb":{"@id":"https:\/\/techremontas.lt\/saab-navigacija\/#breadcrumb"},"inLanguage":"ru-RU","potentialAction":[{"@type":"ReadAction","target":["https:\/\/techremontas.lt\/saab-navigacija\/"]}]},{"@type":"BreadcrumbList","@id":"https:\/\/techremontas.lt\/saab-navigacija\/#breadcrumb","itemListElement":[{"@type":"ListItem","position":1,"name":"Pagrindinis","item":"https:\/\/techremontas.lt\/"},{"@type":"ListItem","position":2,"name":"Saab navigacija"}]},{"@type":"WebSite","@id":"https:\/\/techremontas.lt\/#website","url":"https:\/\/techremontas.lt\/","name":"taisykla Vilniuje, Kaune, Klaip\u0117doje, \u0160iauliuose","description":"\u0421\u0435\u0440\u0432\u0438\u0441\u043d\u043e\u0435 \u043e\u0431\u0441\u043b\u0443\u0436\u0438\u0432\u0430\u043d\u0438\u0435 \u0441\u043e\u0432\u0440\u0435\u043c\u0435\u043d\u043d\u044b\u0445 \u044d\u043b\u0435\u043a\u0442\u0440\u043e\u043f\u0440\u0438\u0431\u043e\u0440\u043e\u0432","potentialAction":[{"@type":"SearchAction","target":{"@type":"EntryPoint","urlTemplate":"https:\/\/techremontas.lt\/?s={search_term_string}"},"query-input":{"@type":"PropertyValueSpecification","valueRequired":true,"valueName":"search_term_string"}}],"inLanguage":"ru-RU"}]}},"uagb_featured_image_src":{"full":false,"thumbnail":false,"medium":false,"medium_large":false,"large":false,"1536x1536":false,"2048x2048":false,"trp-custom-language-flag":false,"post-thumbnail":false,"vantage-thumbnail-no-sidebar":false,"vantage-slide":false,"vantage-carousel":false,"vantage-grid-loop":false},"uagb_author_info":{"display_name":"valdymas","author_link":"https:\/\/techremontas.lt\/ru\/author\/valdymas\/"},"uagb_comment_info":0,"uagb_excerpt":"SAAB navigacijos \u017eem\u0117lapiai (Denso G00\/G01) Albanija, Baltarusija, Bosnija ir Hercegovina, Bulgarija, Kroatija, \u010cekija, Estija, Graikija, Vengrija, Latvija, Lietuva (detalus), Makedonija, Moldova, Lenkija, Rumunija, Serbija ir Juodkalnija, Slovakija, Slov\u0117nija, Ukraina. SAAB 9-5 2002 \u2013 2007 m. Garantija 12 m\u0117n. | Vilniuje ir Kaune | Geriausia kaina SAAB navigacijos \u017eem\u0117lapiai (Denso G00\/G01) CD 1 &#8211; Austrija, Belgija,&hellip;","_links":{"self":[{"href":"https:\/\/techremontas.lt\/ru\/wp-json\/wp\/v2\/pages\/458","targetHints":{"allow":["GET"]}}],"collection":[{"href":"https:\/\/techremontas.lt\/ru\/wp-json\/wp\/v2\/pages"}],"about":[{"href":"https:\/\/techremontas.lt\/ru\/wp-json\/wp\/v2\/types\/page"}],"author":[{"embeddable":true,"href":"https:\/\/techremontas.lt\/ru\/wp-json\/wp\/v2\/users\/1"}],"replies":[{"embeddable":true,"href":"https:\/\/techremontas.lt\/ru\/wp-json\/wp\/v2\/comments?post=458"}],"version-history":[{"count":5,"href":"https:\/\/techremontas.lt\/ru\/wp-json\/wp\/v2\/pages\/458\/revisions"}],"predecessor-version":[{"id":463,"href":"https:\/\/techremontas.lt\/ru\/wp-json\/wp\/v2\/pages\/458\/revisions\/463"}],"wp:attachment":[{"href":"https:\/\/techremontas.lt\/ru\/wp-json\/wp\/v2\/media?parent=458"}],"curies":[{"name":"wp","href":"https:\/\/api.w.org\/{rel}","templated":true}]}}