{"id":471,"date":"2019-04-12T06:26:50","date_gmt":"2019-04-12T08:26:50","guid":{"rendered":"https:\/\/techremontas.lt\/?page_id=471"},"modified":"2019-04-12T06:37:19","modified_gmt":"2019-04-12T08:37:19","slug":"skoda-navigacija","status":"publish","type":"page","link":"https:\/\/techremontas.lt\/ru\/skoda-navigacija\/","title":{"rendered":"\u041d\u0430\u0432\u0438\u0433\u0430\u0446\u0438\u044f Skoda"},"content":{"rendered":"<h2 class=\"wp-block-heading\"><strong>\u041d\u0430\u0432\u0438\u0433\u0430\u0446\u0438\u043e\u043d\u043d\u044b\u0435 \u043a\u0430\u0440\u0442\u044b \u0160KODA (RNS Trinax Columbus) <\/strong><\/h2>\n\n\n<p>CD 1 - \u0410\u0432\u0441\u0442\u0440\u0438\u044f, \u0410\u043d\u0434\u043e\u0440\u0440\u0430, \u0411\u0435\u043b\u044c\u0433\u0438\u044f, \u0412\u0435\u043b\u0438\u043a\u043e\u0431\u0440\u0438\u0442\u0430\u043d\u0438\u044f, \u0412\u0435\u043d\u0433\u0440\u0438\u044f, \u0413\u0435\u0440\u043c\u0430\u043d\u0438\u044f, \u0413\u0440\u0435\u0446\u0438\u044f, \u0414\u0430\u043d\u0438\u044f, \u0413\u0438\u0431\u0440\u0430\u043b\u0442\u0430\u0440, \u0418\u0440\u043b\u0430\u043d\u0434\u0438\u044f, \u0418\u0441\u043f\u0430\u043d\u0438\u044f, \u0418\u0442\u0430\u043b\u0438\u044f, \u041b\u0438\u0445\u0442\u0435\u043d\u0448\u0442\u0435\u0439\u043d, \u041b\u044e\u043a\u0441\u0435\u043c\u0431\u0443\u0440\u0433, \u041c\u043e\u043d\u0430\u043a\u043e, \u041d\u0438\u0434\u0435\u0440\u043b\u0430\u043d\u0434\u044b, \u041d\u043e\u0440\u0432\u0435\u0433\u0438\u044f, \u041f\u043e\u0440\u0442\u0443\u0433\u0430\u043b\u0438\u044f, \u0421\u043b\u043e\u0432\u0430\u043a\u0438\u044f, \u0424\u0438\u043d\u043b\u044f\u043d\u0434\u0438\u044f, \u0424\u0440\u0430\u043d\u0446\u0438\u044f, \u0427\u0435\u0445\u0438\u044f, \u0428\u0432\u0435\u0439\u0446\u0430\u0440\u0438\u044f, \u0428\u0432\u0435\u0446\u0438\u044f, \u0412\u0430\u0442\u0438\u043a\u0430\u043d. <br \/>CD 2 - \u0410\u0432\u0441\u0442\u0440\u0438\u044f, \u0410\u043b\u0431\u0430\u043d\u0438\u044f, \u0411\u0435\u043b\u0430\u0440\u0443\u0441\u044c, \u0411\u043e\u043b\u0433\u0430\u0440\u0438\u044f, \u0411\u043e\u0441\u043d\u0438\u044f \u0438 \u0413\u0435\u0440\u0446\u0435\u0433\u043e\u0432\u0438\u043d\u0430, \u0413\u0440\u0435\u0446\u0438\u044f, \u0414\u0430\u043d\u0438\u044f, \u0418\u0442\u0430\u043b\u0438\u044f, \u041f\u043e\u043b\u044c\u0448\u0430, \u041b\u0430\u0442\u0432\u0438\u044f, \u0425\u043e\u0440\u0432\u0430\u0442\u0438\u044f, \u0427\u0435\u0440\u043d\u043e\u0433\u043e\u0440\u0438\u044f, \u0427\u0435\u0445\u0438\u044f, \u042d\u0441\u0442\u043e\u043d\u0438\u044f, <strong>\u041b\u0438\u0442\u0432\u0430 (\u043f\u043e\u0434\u0440\u043e\u0431\u043d\u043e)<\/strong>, \u0420\u0443\u043c\u044b\u043d\u0438\u044f, \u0421\u0435\u0440\u0431\u0438\u044f, \u0421\u043b\u043e\u0432\u0430\u043a\u0438\u044f, \u0421\u043b\u043e\u0432\u0435\u043d\u0438\u044f, \u0424\u0438\u043d\u043b\u044f\u043d\u0434\u0438\u044f, \u0428\u0432\u0435\u0439\u0446\u0430\u0440\u0438\u044f, \u0428\u0432\u0435\u0446\u0438\u044f, \u0412\u0435\u043d\u0433\u0440\u0438\u044f, \u0413\u0435\u0440\u043c\u0430\u043d\u0438\u044f. <br \/><br \/><em>Skoda Octavia 2008-2017 <br \/>Skoda Roomster 2008-2015 <br \/>Skoda Superb 2008-2017 <br \/>Skoda Yeti 2008-2017 <\/em><br \/><br \/>\u0413\u0430\u0440\u0430\u043d\u0442\u0438\u044f 12 \u043c\u0435\u0441\u044f\u0446\u0435\u0432. | \u0412\u0438\u043b\u044c\u043d\u044e\u0441 \u0438 \u041a\u0430\u0443\u043d\u0430\u0441 | \u041b\u0443\u0447\u0448\u0430\u044f \u0446\u0435\u043d\u0430<\/p>\n<hr \/>\n\n\n<h2 class=\"wp-block-heading\"><strong>\u041d\u0430\u0432\u0438\u0433\u0430\u0446\u0438\u043e\u043d\u043d\u044b\u0435 \u043a\u0430\u0440\u0442\u044b \u0160KODA (Blaupunkt RNS Amundsen) <\/strong><\/h2>\n\n\n<p>SD 1 - \u0410\u0432\u0441\u0442\u0440\u0438\u044f, \u0410\u043d\u0434\u043e\u0440\u0440\u0430, \u0411\u0435\u043b\u044c\u0433\u0438\u044f, \u0412\u0435\u043b\u0438\u043a\u043e\u0431\u0440\u0438\u0442\u0430\u043d\u0438\u044f, \u0412\u0435\u043d\u0433\u0440\u0438\u044f, \u0413\u0435\u0440\u043c\u0430\u043d\u0438\u044f, \u0413\u0440\u0435\u0446\u0438\u044f, \u0414\u0430\u043d\u0438\u044f, \u0413\u0438\u0431\u0440\u0430\u043b\u0442\u0430\u0440, \u0418\u0440\u043b\u0430\u043d\u0434\u0438\u044f, \u0418\u0441\u043f\u0430\u043d\u0438\u044f, \u0418\u0442\u0430\u043b\u0438\u044f, \u041b\u0438\u0445\u0442\u0435\u043d\u0448\u0442\u0435\u0439\u043d, \u041b\u044e\u043a\u0441\u0435\u043c\u0431\u0443\u0440\u0433, \u041c\u043e\u043d\u0430\u043a\u043e, \u041d\u043e\u0440\u0432\u0435\u0433\u0438\u044f, \u041d\u0438\u0434\u0435\u0440\u043b\u0430\u043d\u0434\u044b, \u041f\u043e\u0440\u0442\u0443\u0433\u0430\u043b\u0438\u044f, \u0421\u043b\u043e\u0432\u0430\u043a\u0438\u044f, \u0412\u0430\u0442\u0438\u043a\u0430\u043d, \u0424\u0438\u043d\u043b\u044f\u043d\u0434\u0438\u044f, \u0424\u0440\u0430\u043d\u0446\u0438\u044f, \u0427\u0435\u0445\u0438\u044f, \u0428\u0432\u0435\u0439\u0446\u0430\u0440\u0438\u044f, \u0428\u0432\u0435\u0446\u0438\u044f. <br \/>SD 2 - \u0410\u0432\u0441\u0442\u0440\u0438\u044f, \u0410\u043b\u0431\u0430\u043d\u0438\u044f, \u0411\u0435\u043b\u0430\u0440\u0443\u0441\u044c, \u0411\u043e\u043b\u0433\u0430\u0440\u0438\u044f, \u0411\u043e\u0441\u043d\u0438\u044f \u0438 \u0413\u0435\u0440\u0446\u0435\u0433\u043e\u0432\u0438\u043d\u0430, \u0413\u0440\u0435\u0446\u0438\u044f, \u0414\u0430\u043d\u0438\u044f, \u0418\u0442\u0430\u043b\u0438\u044f, \u041f\u043e\u043b\u044c\u0448\u0430, \u041b\u0430\u0442\u0432\u0438\u044f, \u0425\u043e\u0440\u0432\u0430\u0442\u0438\u044f, \u0427\u0435\u0440\u043d\u043e\u0433\u043e\u0440\u0438\u044f, \u0427\u0435\u0445\u0438\u044f, \u042d\u0441\u0442\u043e\u043d\u0438\u044f, <strong>\u041b\u0438\u0442\u0432\u0430 (\u043f\u043e\u0434\u0440\u043e\u0431\u043d\u043e)<\/strong>, \u0420\u0443\u043c\u044b\u043d\u0438\u044f, \u0421\u0435\u0440\u0431\u0438\u044f, \u0421\u043b\u043e\u0432\u0430\u043a\u0438\u044f, \u0421\u043b\u043e\u0432\u0435\u043d\u0438\u044f, \u0428\u0432\u0435\u0439\u0446\u0430\u0440\u0438\u044f, \u0412\u0435\u043d\u0433\u0440\u0438\u044f, \u0413\u0435\u0440\u043c\u0430\u043d\u0438\u044f. <br \/><br \/><em>\u0160koda Superb \u0441 2009\/03 <\/em><br \/><em>\u0160koda Octavia \u0441 2009\/03 <\/em><br \/><em>Skoda Rapid <\/em><br \/><em>\u0160koda Roomster \u0441 2010\/01 \u0433\u0433. <\/em><br \/><em>\u0160koda Fabia \u0441 2010\/01 \u0433\u0433. <\/em><br \/><em>\u0160koda Yeti \u0441 2009\/03 <\/em> <br \/><br \/>\u0413\u0430\u0440\u0430\u043d\u0442\u0438\u044f 12 \u043c\u0435\u0441\u044f\u0446\u0435\u0432. | \u0412\u0438\u043b\u044c\u043d\u044e\u0441 \u0438 \u041a\u0430\u0443\u043d\u0430\u0441 | \u041b\u0443\u0447\u0448\u0430\u044f \u0446\u0435\u043d\u0430<\/p>\n<hr \/>\n\n\n<h2 class=\"wp-block-heading\"><strong>\u041d\u0430\u0432\u0438\u0433\u0430\u0446\u0438\u043e\u043d\u043d\u044b\u0435 \u043a\u0430\u0440\u0442\u044b \u0160KODA (Blaupunkt RNS Amundsen+) <\/strong><\/h2>\n\n\n<p>SD 1 - \u0410\u0432\u0441\u0442\u0440\u0438\u044f, \u0410\u043d\u0434\u043e\u0440\u0440\u0430, \u0411\u0435\u043b\u044c\u0433\u0438\u044f, \u0412\u0435\u043b\u0438\u043a\u043e\u0431\u0440\u0438\u0442\u0430\u043d\u0438\u044f, \u0412\u0435\u043d\u0433\u0440\u0438\u044f, \u0413\u0435\u0440\u043c\u0430\u043d\u0438\u044f, \u0413\u0440\u0435\u0446\u0438\u044f, \u0414\u0430\u043d\u0438\u044f, \u0413\u0438\u0431\u0440\u0430\u043b\u0442\u0430\u0440, \u0418\u0440\u043b\u0430\u043d\u0434\u0438\u044f, \u0418\u0441\u043f\u0430\u043d\u0438\u044f, \u0418\u0442\u0430\u043b\u0438\u044f, \u041b\u0438\u0445\u0442\u0435\u043d\u0448\u0442\u0435\u0439\u043d, \u041b\u044e\u043a\u0441\u0435\u043c\u0431\u0443\u0440\u0433, \u041c\u043e\u043d\u0430\u043a\u043e, \u041d\u0438\u0434\u0435\u0440\u043b\u0430\u043d\u0434\u044b, \u041d\u043e\u0440\u0432\u0435\u0433\u0438\u044f, \u041f\u043e\u0440\u0442\u0443\u0433\u0430\u043b\u0438\u044f, \u0421\u043b\u043e\u0432\u0430\u043a\u0438\u044f, \u0412\u0430\u0442\u0438\u043a\u0430\u043d, \u0424\u0438\u043d\u043b\u044f\u043d\u0434\u0438\u044f, \u0424\u0440\u0430\u043d\u0446\u0438\u044f, \u0427\u0435\u0448\u0441\u043a\u0430\u044f \u0420\u0435\u0441\u043f\u0443\u0431\u043b\u0438\u043a\u0430, \u0428\u0432\u0435\u0439\u0446\u0430\u0440\u0438\u044f, \u0428\u0432\u0435\u0446\u0438\u044f. <br \/>SD 2 - \u0410\u0432\u0441\u0442\u0440\u0438\u044f, \u0410\u043b\u0431\u0430\u043d\u0438\u044f, \u0411\u0435\u043b\u0430\u0440\u0443\u0441\u044c, \u0411\u043e\u043b\u0433\u0430\u0440\u0438\u044f, \u0411\u043e\u0441\u043d\u0438\u044f \u0438 \u0413\u0435\u0440\u0446\u0435\u0433\u043e\u0432\u0438\u043d\u0430, \u0413\u0440\u0435\u0446\u0438\u044f, \u0414\u0430\u043d\u0438\u044f, \u0418\u0442\u0430\u043b\u0438\u044f, \u041f\u043e\u043b\u044c\u0448\u0430, \u041b\u0430\u0442\u0432\u0438\u044f, \u0425\u043e\u0440\u0432\u0430\u0442\u0438\u044f, \u0427\u0435\u0440\u043d\u043e\u0433\u043e\u0440\u0438\u044f, \u0427\u0435\u0445\u0438\u044f, \u042d\u0441\u0442\u043e\u043d\u0438\u044f, <strong>\u041b\u0438\u0442\u0432\u0430 (\u043f\u043e\u0434\u0440\u043e\u0431\u043d\u043e)<\/strong>, \u0420\u0443\u043c\u044b\u043d\u0438\u044f, \u0421\u0435\u0440\u0431\u0438\u044f, \u0421\u043b\u043e\u0432\u0430\u043a\u0438\u044f, \u0421\u043b\u043e\u0432\u0435\u043d\u0438\u044f, \u0428\u0432\u0435\u0439\u0446\u0430\u0440\u0438\u044f, \u0412\u0435\u043d\u0433\u0440\u0438\u044f, \u0413\u0435\u0440\u043c\u0430\u043d\u0438\u044f <br \/><br \/><em>\u0160koda Superb \u0441 2011 \u0433\u043e\u0434\u0430 <\/em><br \/><em>\u0160koda Octavia \u0441 2011 \u0433\u043e\u0434\u0430 <\/em><br \/><em>\u0160koda Rapid \u0441 2011 \u0433\u043e\u0434\u0430 <\/em><br \/><em>\u0160koda Roomster \u0441 2011 \u0433\u043e\u0434\u0430 <\/em><br \/><em>\u0160koda Fabia \u0441 2011 \u0433\u043e\u0434\u0430 <\/em><br \/><em>\u0160koda Yeti \u0441 2011 \u0433\u043e\u0434\u0430 <\/em><br \/><br \/>\u0413\u0430\u0440\u0430\u043d\u0442\u0438\u044f 12 \u043c\u0435\u0441\u044f\u0446\u0435\u0432. | \u0412\u0438\u043b\u044c\u043d\u044e\u0441 \u0438 \u041a\u0430\u0443\u043d\u0430\u0441 | \u041b\u0443\u0447\u0448\u0430\u044f \u0446\u0435\u043d\u0430<\/p>\n<hr \/>\n\n\n<h2 class=\"wp-block-heading\"><strong>\u041d\u0430\u0432\u0438\u0433\u0430\u0446\u0438\u043e\u043d\u043d\u044b\u0435 \u043a\u0430\u0440\u0442\u044b \u0160KODA (Nexus DX \u0441 CD) <\/strong><\/h2>\n\n\n<p>CD 1 - \u0410\u0432\u0441\u0442\u0440\u0438\u044f, \u0428\u0432\u0435\u0439\u0446\u0430\u0440\u0438\u044f, \u041b\u0438\u0445\u0442\u0435\u043d\u0448\u0442\u0435\u0439\u043d, \u0424\u0440\u0430\u043d\u0446\u0438\u044f, \u0413\u0435\u0440\u043c\u0430\u043d\u0438\u044f, \u0418\u0442\u0430\u043b\u0438\u044f <br \/>CD 2 - \u0411\u0435\u043b\u044c\u0433\u0438\u044f, \u041d\u0438\u0434\u0435\u0440\u043b\u0430\u043d\u0434\u044b, \u041b\u044e\u043a\u0441\u0435\u043c\u0431\u0443\u0440\u0433 <br \/>CD 3 - \u0427\u0435\u0445\u0438\u044f, \u041f\u043e\u043b\u044c\u0448\u0430<br \/>CD 4 - \u0413\u0435\u0440\u043c\u0430\u043d\u0438\u044f <br \/>CD 5 - \u0418\u0442\u0430\u043b\u0438\u044f, \u0421\u0430\u043d-\u041c\u0430\u0440\u0438\u043d\u043e, \u0412\u0430\u0442\u0438\u043a\u0430\u043d <br \/>CD 6 - \u0424\u0438\u043d\u043b\u044f\u043d\u0434\u0438\u044f, \u0428\u0432\u0435\u0446\u0438\u044f, \u041d\u043e\u0440\u0432\u0435\u0433\u0438\u044f, \u0414\u0430\u043d\u0438\u044f <br \/>CD 7 - \u0418\u0441\u043f\u0430\u043d\u0438\u044f, \u041f\u043e\u0440\u0442\u0443\u0433\u0430\u043b\u0438\u044f <br \/>CD 8 - \u0424\u0440\u0430\u043d\u0446\u0438\u044f <br \/>CD 9 - \u0412\u0435\u043b\u0438\u043a\u043e\u0431\u0440\u0438\u0442\u0430\u043d\u0438\u044f <br \/>CD 10 - MRE: \u0413\u043b\u0430\u0432\u043d\u044b\u0435 \u0434\u043e\u0440\u043e\u0433\u0438 \u0415\u0432\u0440\u043e\u043f\u044b. <br \/><em><br \/>\u0414\u043b\u044f \u0437\u0430\u0432\u043e\u0434\u0441\u043a\u043e\u0439 \u0441\u0438\u0441\u0442\u0435\u043c\u044b GPS-\u043d\u0430\u0432\u0438\u0433\u0430\u0446\u0438\u0438 \u0160KODA CD Navigation DX Nexus.<\/em> <br \/><br \/>\u0413\u0430\u0440\u0430\u043d\u0442\u0438\u044f 12 \u043c\u0435\u0441\u044f\u0446\u0435\u0432. | \u0412\u0438\u043b\u044c\u043d\u044e\u0441 \u0438 \u041a\u0430\u0443\u043d\u0430\u0441 | \u041b\u0443\u0447\u0448\u0430\u044f \u0446\u0435\u043d\u0430<\/p>\n<hr \/>","protected":false},"excerpt":{"rendered":"<p>\u0160KODA navigacijos \u017eem\u0117lapiai (RNS Trinax Columbus) CD 1 &#8211; Airija, Andora, Austrija, Belgija, \u010cekija, Danija, D.Britanija, Giblartaras, Graikija, Ispanija, Italija, Lichten\u0161teinas, Lenkija, Liuksemburgas, Monakas, Norvegija, Olandija, Portugalija, Pranc\u016bzija, Slovakija, Suomija, \u0160veicarija, \u0160vedija, Vatikanas, Vengrija, Vokietija. CD 2 &#8211; Albanija, Austrija, Baltarusija, Bulgarija, Bosnija ir Hercegovina, \u010cekija, Danija, Estija, Graikija, Italija, Juodkalnija, Kroatija, Lenkija, Latvija, Lietuva [&hellip;]<\/p>\n","protected":false},"author":1,"featured_media":0,"parent":0,"menu_order":0,"comment_status":"closed","ping_status":"closed","template":"","meta":{"_uag_custom_page_level_css":"","footnotes":""},"class_list":["post-471","page","type-page","status-publish","hentry","post"],"yoast_head":"<!-- This site is optimized with the Yoast SEO plugin v27.3 - https:\/\/yoast.com\/product\/yoast-seo-wordpress\/ -->\n<title>\u0160koda navigacija - taisykla Vilniuje, Kaune, Klaip\u0117doje, \u0160iauliuose<\/title>\n<meta name=\"description\" content=\"\u0160KODA navigacijos \u017eem\u0117lapiai Vilniuje ir Kaune geriausia kaina. 12 m\u0117n. garantija. Tel. nr. 8 (655) 00790 \/ 8 (684) 09811\" \/>\n<meta name=\"robots\" content=\"index, follow, max-snippet:-1, max-image-preview:large, max-video-preview:-1\" \/>\n<link rel=\"canonical\" href=\"https:\/\/techremontas.lt\/ru\/skoda-navigacija\/\" \/>\n<meta property=\"og:locale\" content=\"ru_RU\" \/>\n<meta property=\"og:type\" content=\"article\" \/>\n<meta property=\"og:title\" content=\"\u0160koda navigacija - taisykla Vilniuje, Kaune, Klaip\u0117doje, \u0160iauliuose\" \/>\n<meta property=\"og:description\" content=\"\u0160KODA navigacijos \u017eem\u0117lapiai Vilniuje ir Kaune geriausia kaina. 12 m\u0117n. garantija. Tel. nr. 8 (655) 00790 \/ 8 (684) 09811\" \/>\n<meta property=\"og:url\" content=\"https:\/\/techremontas.lt\/ru\/skoda-navigacija\/\" \/>\n<meta property=\"og:site_name\" content=\"taisykla Vilniuje, Kaune, Klaip\u0117doje, \u0160iauliuose\" \/>\n<meta property=\"article:modified_time\" content=\"2019-04-12T08:37:19+00:00\" \/>\n<meta name=\"twitter:card\" content=\"summary_large_image\" \/>\n<meta name=\"twitter:label1\" content=\"\u041f\u0440\u0438\u043c\u0435\u0440\u043d\u043e\u0435 \u0432\u0440\u0435\u043c\u044f \u0434\u043b\u044f \u0447\u0442\u0435\u043d\u0438\u044f\" \/>\n\t<meta name=\"twitter:data1\" content=\"2 \u043c\u0438\u043d\u0443\u0442\u044b\" \/>\n<script type=\"application\/ld+json\" class=\"yoast-schema-graph\">{\"@context\":\"https:\\\/\\\/schema.org\",\"@graph\":[{\"@type\":\"WebPage\",\"@id\":\"https:\\\/\\\/techremontas.lt\\\/skoda-navigacija\\\/\",\"url\":\"https:\\\/\\\/techremontas.lt\\\/skoda-navigacija\\\/\",\"name\":\"\u0160koda navigacija - taisykla Vilniuje, Kaune, Klaip\u0117doje, \u0160iauliuose\",\"isPartOf\":{\"@id\":\"https:\\\/\\\/techremontas.lt\\\/#website\"},\"datePublished\":\"2019-04-12T08:26:50+00:00\",\"dateModified\":\"2019-04-12T08:37:19+00:00\",\"description\":\"\u0160KODA navigacijos \u017eem\u0117lapiai Vilniuje ir Kaune geriausia kaina. 12 m\u0117n. garantija. Tel. nr. 8 (655) 00790 \\\/ 8 (684) 09811\",\"breadcrumb\":{\"@id\":\"https:\\\/\\\/techremontas.lt\\\/skoda-navigacija\\\/#breadcrumb\"},\"inLanguage\":\"ru-RU\",\"potentialAction\":[{\"@type\":\"ReadAction\",\"target\":[\"https:\\\/\\\/techremontas.lt\\\/skoda-navigacija\\\/\"]}]},{\"@type\":\"BreadcrumbList\",\"@id\":\"https:\\\/\\\/techremontas.lt\\\/skoda-navigacija\\\/#breadcrumb\",\"itemListElement\":[{\"@type\":\"ListItem\",\"position\":1,\"name\":\"Pagrindinis\",\"item\":\"https:\\\/\\\/techremontas.lt\\\/\"},{\"@type\":\"ListItem\",\"position\":2,\"name\":\"\u0160koda navigacija\"}]},{\"@type\":\"WebSite\",\"@id\":\"https:\\\/\\\/techremontas.lt\\\/#website\",\"url\":\"https:\\\/\\\/techremontas.lt\\\/\",\"name\":\"taisykla Vilniuje, Kaune, Klaip\u0117doje, \u0160iauliuose\",\"description\":\"Modernios el. technikos servisas\",\"potentialAction\":[{\"@type\":\"SearchAction\",\"target\":{\"@type\":\"EntryPoint\",\"urlTemplate\":\"https:\\\/\\\/techremontas.lt\\\/?s={search_term_string}\"},\"query-input\":{\"@type\":\"PropertyValueSpecification\",\"valueRequired\":true,\"valueName\":\"search_term_string\"}}],\"inLanguage\":\"ru-RU\"}]}<\/script>\n<!-- \/ Yoast SEO plugin. -->","yoast_head_json":{"title":"\u0160koda navigacija - taisykla Vilniuje, Kaune, Klaip\u0117doje, \u0160iauliuose","description":"\u041d\u0430\u0432\u0438\u0433\u0430\u0446\u0438\u043e\u043d\u043d\u044b\u0435 \u043a\u0430\u0440\u0442\u044b \u0160KODA \u0432 \u0412\u0438\u043b\u044c\u043d\u044e\u0441\u0435 \u0438 \u041a\u0430\u0443\u043d\u0430\u0441\u0435 \u043f\u043e \u043b\u0443\u0447\u0448\u0435\u0439 \u0446\u0435\u043d\u0435. \u0413\u0430\u0440\u0430\u043d\u0442\u0438\u044f 12 \u043c\u0435\u0441\u044f\u0446\u0435\u0432. \u0422\u0435\u043b. 8 (655) 00790 \/ 8 (684) 09811","robots":{"index":"index","follow":"follow","max-snippet":"max-snippet:-1","max-image-preview":"max-image-preview:large","max-video-preview":"max-video-preview:-1"},"canonical":"https:\/\/techremontas.lt\/ru\/skoda-navigacija\/","og_locale":"ru_RU","og_type":"article","og_title":"\u0160koda navigacija - taisykla Vilniuje, Kaune, Klaip\u0117doje, \u0160iauliuose","og_description":"\u0160KODA navigacijos \u017eem\u0117lapiai Vilniuje ir Kaune geriausia kaina. 12 m\u0117n. garantija. Tel. nr. 8 (655) 00790 \/ 8 (684) 09811","og_url":"https:\/\/techremontas.lt\/ru\/skoda-navigacija\/","og_site_name":"taisykla Vilniuje, Kaune, Klaip\u0117doje, \u0160iauliuose","article_modified_time":"2019-04-12T08:37:19+00:00","twitter_card":"summary_large_image","twitter_misc":{"\u041f\u0440\u0438\u043c\u0435\u0440\u043d\u043e\u0435 \u0432\u0440\u0435\u043c\u044f \u0434\u043b\u044f \u0447\u0442\u0435\u043d\u0438\u044f":"2 \u043c\u0438\u043d\u0443\u0442\u044b"},"schema":{"@context":"https:\/\/schema.org","@graph":[{"@type":"WebPage","@id":"https:\/\/techremontas.lt\/skoda-navigacija\/","url":"https:\/\/techremontas.lt\/skoda-navigacija\/","name":"\u0160koda navigacija - taisykla Vilniuje, Kaune, Klaip\u0117doje, \u0160iauliuose","isPartOf":{"@id":"https:\/\/techremontas.lt\/#website"},"datePublished":"2019-04-12T08:26:50+00:00","dateModified":"2019-04-12T08:37:19+00:00","description":"\u041d\u0430\u0432\u0438\u0433\u0430\u0446\u0438\u043e\u043d\u043d\u044b\u0435 \u043a\u0430\u0440\u0442\u044b \u0160KODA \u0432 \u0412\u0438\u043b\u044c\u043d\u044e\u0441\u0435 \u0438 \u041a\u0430\u0443\u043d\u0430\u0441\u0435 \u043f\u043e \u043b\u0443\u0447\u0448\u0435\u0439 \u0446\u0435\u043d\u0435. \u0413\u0430\u0440\u0430\u043d\u0442\u0438\u044f 12 \u043c\u0435\u0441\u044f\u0446\u0435\u0432. \u0422\u0435\u043b. 8 (655) 00790 \/ 8 (684) 09811","breadcrumb":{"@id":"https:\/\/techremontas.lt\/skoda-navigacija\/#breadcrumb"},"inLanguage":"ru-RU","potentialAction":[{"@type":"ReadAction","target":["https:\/\/techremontas.lt\/skoda-navigacija\/"]}]},{"@type":"BreadcrumbList","@id":"https:\/\/techremontas.lt\/skoda-navigacija\/#breadcrumb","itemListElement":[{"@type":"ListItem","position":1,"name":"Pagrindinis","item":"https:\/\/techremontas.lt\/"},{"@type":"ListItem","position":2,"name":"\u0160koda navigacija"}]},{"@type":"WebSite","@id":"https:\/\/techremontas.lt\/#website","url":"https:\/\/techremontas.lt\/","name":"taisykla Vilniuje, Kaune, Klaip\u0117doje, \u0160iauliuose","description":"\u0421\u0435\u0440\u0432\u0438\u0441\u043d\u043e\u0435 \u043e\u0431\u0441\u043b\u0443\u0436\u0438\u0432\u0430\u043d\u0438\u0435 \u0441\u043e\u0432\u0440\u0435\u043c\u0435\u043d\u043d\u044b\u0445 \u044d\u043b\u0435\u043a\u0442\u0440\u043e\u043f\u0440\u0438\u0431\u043e\u0440\u043e\u0432","potentialAction":[{"@type":"SearchAction","target":{"@type":"EntryPoint","urlTemplate":"https:\/\/techremontas.lt\/?s={search_term_string}"},"query-input":{"@type":"PropertyValueSpecification","valueRequired":true,"valueName":"search_term_string"}}],"inLanguage":"ru-RU"}]}},"uagb_featured_image_src":{"full":false,"thumbnail":false,"medium":false,"medium_large":false,"large":false,"1536x1536":false,"2048x2048":false,"trp-custom-language-flag":false,"post-thumbnail":false,"vantage-thumbnail-no-sidebar":false,"vantage-slide":false,"vantage-carousel":false,"vantage-grid-loop":false},"uagb_author_info":{"display_name":"valdymas","author_link":"https:\/\/techremontas.lt\/ru\/author\/valdymas\/"},"uagb_comment_info":0,"uagb_excerpt":"\u0160KODA navigacijos \u017eem\u0117lapiai (RNS Trinax Columbus) CD 1 &#8211; Airija, Andora, Austrija, Belgija, \u010cekija, Danija, D.Britanija, Giblartaras, Graikija, Ispanija, Italija, Lichten\u0161teinas, Lenkija, Liuksemburgas, Monakas, Norvegija, Olandija, Portugalija, Pranc\u016bzija, Slovakija, Suomija, \u0160veicarija, \u0160vedija, Vatikanas, Vengrija, Vokietija. CD 2 &#8211; Albanija, Austrija, Baltarusija, Bulgarija, Bosnija ir Hercegovina, \u010cekija, Danija, Estija, Graikija, Italija, Juodkalnija, Kroatija, Lenkija, Latvija, Lietuva&hellip;","_links":{"self":[{"href":"https:\/\/techremontas.lt\/ru\/wp-json\/wp\/v2\/pages\/471","targetHints":{"allow":["GET"]}}],"collection":[{"href":"https:\/\/techremontas.lt\/ru\/wp-json\/wp\/v2\/pages"}],"about":[{"href":"https:\/\/techremontas.lt\/ru\/wp-json\/wp\/v2\/types\/page"}],"author":[{"embeddable":true,"href":"https:\/\/techremontas.lt\/ru\/wp-json\/wp\/v2\/users\/1"}],"replies":[{"embeddable":true,"href":"https:\/\/techremontas.lt\/ru\/wp-json\/wp\/v2\/comments?post=471"}],"version-history":[{"count":4,"href":"https:\/\/techremontas.lt\/ru\/wp-json\/wp\/v2\/pages\/471\/revisions"}],"predecessor-version":[{"id":476,"href":"https:\/\/techremontas.lt\/ru\/wp-json\/wp\/v2\/pages\/471\/revisions\/476"}],"wp:attachment":[{"href":"https:\/\/techremontas.lt\/ru\/wp-json\/wp\/v2\/media?parent=471"}],"curies":[{"name":"wp","href":"https:\/\/api.w.org\/{rel}","templated":true}]}}