{"id":509,"date":"2019-04-12T07:29:00","date_gmt":"2019-04-12T09:29:00","guid":{"rendered":"https:\/\/techremontas.lt\/?page_id=509"},"modified":"2019-04-12T07:37:59","modified_gmt":"2019-04-12T09:37:59","slug":"volvo-navigacija","status":"publish","type":"page","link":"https:\/\/techremontas.lt\/ru\/volvo-navigacija\/","title":{"rendered":"\u041d\u0430\u0432\u0438\u0433\u0430\u0446\u0438\u044f Volvo"},"content":{"rendered":"\n<h2 class=\"wp-block-heading\"><strong>VOLVO navigacijos \u017eem\u0117lapiai (RTI MMM2)<\/strong><\/h2>\n\n\n<p>CD 1 &#8211; Austrija, Belgija, \u0160veicarija, \u010cekija, Vokietija, Danija, Ispanija, Pranc\u016bzija, Suomija, Lichten\u0161teinas, Italija, Airija, Liuksemburgas, Monakas, Norvegija, Nyderlandai, Portugalija, San Marinas, \u0160vedija, Jungtin\u0117 Karalyst\u0117, Vatikanas.<br \/>CD 2 &#8211; Andora, Pranc\u016bzija, Airija, Monakas, Portugalija, Ispanija, Jungtin\u0117 Karalyst\u0117s.<br \/>CD 3 &#8211; Albanija, Austrija, Baltarusija, Bosnija ir Hercegovina, Bulgarija, Kroatija, \u010cekija, Estija, Vokietija, Graikija, Vengrija, Latvia, <strong>Lietuva (detalus)<\/strong>, Makedonia, Moldova, Juodkalnija, Lenkija, Rumunija, Serbija, Slovakija, Slov\u0117nija, Turkija, Ukraina. <br \/><br \/><em>Volvo S80 vid. 2007 \u2013 2011 m. <\/em><br \/><em>Volvo V70 vid. 2008 \u2013 2011 m.<br \/>Volvo XC60 vid. 2009 \u2013 2010 m.<br \/>Volvo XC70 vid. 2008 \u2013 2011 m.<\/em> <br \/><br \/>Garantija 12 m\u0117n. | Vilniuje ir Kaune | Geriausia kaina<\/p>\n<hr \/>\n\n\n<h2 class=\"wp-block-heading\"><strong>VOLVO navigacijos \u017eem\u0117lapiai (RTI MMM+)<\/strong><\/h2>\n\n\n<p>Airija, Albanija, Andora, Austrija, Belgija, Bosnija ir Herzegovina, Bulgarija, \u010cekija, Danija, D.Britanija,Estija,Gibraltaras, Graikija, Ispanija, Italija, Juodkalnija, Kroatija, Latvija, <strong>Lietuva (detalus)<\/strong>, Lichten\u0161teinas, Liuksemburgas, Lenkija, Makedonija, Monakas, Norvegija, Olandija, Portugalija, Pranc\u016bzija, Rumunija, San Marinas, Serbija, Slovakija, Slov\u0117nija, Suomija, \u0160vedija, \u0160veicarija, Vatikanas, Vengrija, Vokietija. <br \/><br \/><em>Volvo C30 [2007.06-2012]<br \/>Volvo C70 [2007.06-2013]<br \/>Volvo S40 [2007.06-2012]<br \/>Volvo V50 [2007.06-2012]<br \/>Volvo XC90 [2006.06-2014] <\/em><br \/><br \/>Garantija 12 m\u0117n. | Vilniuje ir Kaune | Geriausia kaina<\/p>\n<hr \/>\n\n\n<h2 class=\"wp-block-heading\"><strong>VOLVO navigacijos \u017eem\u0117lapiai (RTI MMM P2001)<\/strong><\/h2>\n\n\n<p>CD 1 &#8211; Airija, Andora, Belgija,Did\u017eioji Britanija, Gibraltaras, Islandija, Ispanija, Lichten\u0161teinas, Liuksemburgas, Monakas, Olandija, Portugalija, Pranc\u016bzija, \u0160veicarija. <br \/>CD 2 &#8211; Andora, Austrija,Belgija, Italija, Lichten\u0161teinas, Liuksemburgas, Monakas, Olandija,Pranc\u016bzija, San Marinas, \u0160veicarija, Vatikanas, Vokietija. <br \/>CD 3 &#8211; Austrija, \u010cekija, Danija, Graikija, Italija, Kroatija, <strong>Lenkija<\/strong>,Lichten\u0161teinas,Norvegija, San Marinas, Slovakija, Slov\u0117nija, Suomija, \u0160vedija, \u0160veicarija, Vatikanas, Vengrija, Vokietija. <br \/><br \/><em>Volvo C30 2007 m. <\/em><br \/><em>Volvo C70 2006 \u2013 2007 m.<br \/>Volvo S40 2004 \u2013 2007 m.<br \/>Volvo V50 2004 \u2013 2007 m.<br \/>Volvo S60 vid. 2002 \u2013 2009 m.<br \/>Volvo S80 vid. 2002 \u2013 2006 m.<br \/>Volvo V70 vid. 2002 \u2013 2007 m.<br \/>Volvo XC70 vid. 2002 \u2013 2007 m.<br \/>Volvo XC90 vid. 2003 \u2013 2006 m.<\/em> <br \/><br \/>Garantija 12 m\u0117n. | Vilniuje ir Kaune | Geriausia kaina<\/p>\n<hr \/>\n\n\n<h2 class=\"wp-block-heading\"><strong>VOLVO navigacijos \u017eem\u0117lapiai (IAM 2.1)<\/strong> <\/h2>\n\n\n<p>Airija, Albanija, Andora, Austrija, Belgija, Bosnija ir Herzegovina, Bulgarija, \u010cekija, Danija, D.Britanija,Estija,Gibraltaras, Graikija, Ispanija, Italija, Juodkalnija, Kroatija, Latvija, Lietuva (detalus), Lichten\u0161teinas, Liuksemburgas, Lenkija, Makedonija, Monakas, Norvegija, Olandija, Portugalija, Pranc\u016bzija, Rumunija, San Marinas, Serbija, Slovakija, Slov\u0117nija, Suomija, \u0160vedija, \u0160veicarija, Vatikanas, Vengrija, Vokietija<strong>.<\/strong><br \/><br \/><em>Volvo S60 2011-2013<br \/>Volvo S80 2012-2014<br \/>Volvo V40 \/ V40 Cross Country 2013-2014<br \/>Volvo V60 2011-2013<br \/>Volvo V70 2012-2014<br \/>Volvo XC60 2011-2013<br \/>Volvo XC70 2012-2014 <\/em><br \/><br \/>Garantija 12 m\u0117n. | Vilniuje ir Kaune | Geriausia kaina<\/p>\n<hr \/>\n\n\n<h2 class=\"wp-block-heading\"><strong>VOLVO navigacijos \u017eem\u0117lapiai (SENSUS CONNECTED TOUCH IGO) <\/strong><\/h2>\n\n\n<p>Andora, Austrija, Belgija, Danija, Suomija, Pranc\u016bzija, Vokietija, Gibraltaras, Airija, Italija, Kazakstanas, Lichten\u0161teinas, Liuksemburgas, Norvegija, Portugalija, San Marinas, Ispanija, \u0160veicarija, \u0160vedija, Jungtin\u0117 Karalyst\u0117, Vatikanas, Albanija, Baltarusija, Bosnija ir Hercegovina, Bulgarija, Kroatija, \u010cekija, Estija, Graikija, Vengrija, Kosovas, Latvija, Lietuva (detalus), Makedonija, Moldova, Juodkalnija, Lenkija, Rumunija, Serbija, Slovakija, Slov\u0117nija, Ukraina, Rusija. <br \/><br \/><em>Volvo S60 [2011-2014]<br \/>Volvo V60 [2011-2014]<br \/>Volvo XC60 [2011.11-2014]<br \/>Volvo S80 [2012-2014]<br \/>Volvo V40\/V40 Cross Country [2013-2014]<br \/>Volvo V70 [2012-2014]<br \/>Volvo XC70 [2012-2014] <\/em><br \/><br \/>Garantija 12 m\u0117n. | Vilniuje ir Kaune | Geriausia kaina<\/p>\n<hr \/>\n\n\n<h2 class=\"wp-block-heading\"><strong>VOLVO navigacijos \u017eem\u0117lapiai (SENSUS CONNECT MCA &#8211; SPA) <\/strong><\/h2>\n\n\n<p>Andora, Austrija, Belgija, Danija, Suomija, Pranc\u016bzija, Vokietija, Gibraltaras, Airija, Italija, Kazakstanas, Lichten\u0161teinas, Liuksemburgas, Norvegija, Portugalija, San Marinas, Ispanija, \u0160veicarija, \u0160vedija, Jungtin\u0117 Karalyst\u0117, Vatikanas, Albanija, Baltarusija, Bosnija ir Hercegovina, Bulgarija, Kroatija, \u010cekija, Estija, Graikija, Vengrija, Kosovas, Latvija,<strong> Lietuva (detalus)<\/strong>, Makedonija, Moldova, Juodkalnija, Lenkija, Rumunija, Serbija, Slovakija, Slov\u0117nija, Ukraina, Rusija. <br \/><br \/><em>Volvo S60 nuo 2014 m. <\/em><br \/><em>Volvo S90 nuo 2017 m.<br \/>Volvo V90 nuo 2017 m.<br \/>Volvo V60 nuo 2014 m.<br \/>Volvo XC60 nuo 2014 m.<br \/>Volvo XC90 nuo 2016 m.<\/em> <br \/><br \/>Garantija 12 m\u0117n. | Vilniuje ir Kaune | Geriausia kaina<\/p>\n<hr \/>","protected":false},"excerpt":{"rendered":"<p>VOLVO navigacijos \u017eem\u0117lapiai (RTI MMM2) CD 1 &#8211; Austrija, Belgija, \u0160veicarija, \u010cekija, Vokietija, Danija, Ispanija, Pranc\u016bzija, Suomija, Lichten\u0161teinas, Italija, Airija, Liuksemburgas, Monakas, Norvegija, Nyderlandai, Portugalija, San Marinas, \u0160vedija, Jungtin\u0117 Karalyst\u0117, Vatikanas.CD 2 &#8211; Andora, Pranc\u016bzija, Airija, Monakas, Portugalija, Ispanija, Jungtin\u0117 Karalyst\u0117s.CD 3 &#8211; Albanija, Austrija, Baltarusija, Bosnija ir Hercegovina, Bulgarija, Kroatija, \u010cekija, Estija, Vokietija, Graikija, [&hellip;]<\/p>\n","protected":false},"author":1,"featured_media":0,"parent":0,"menu_order":0,"comment_status":"closed","ping_status":"closed","template":"","meta":{"_uag_custom_page_level_css":"","footnotes":""},"class_list":["post-509","page","type-page","status-publish","hentry","post"],"yoast_head":"<!-- This site is optimized with the Yoast SEO plugin v27.3 - https:\/\/yoast.com\/product\/yoast-seo-wordpress\/ -->\n<title>Volvo navigacija - taisykla Vilniuje, Kaune, Klaip\u0117doje, \u0160iauliuose<\/title>\n<meta name=\"description\" content=\"VOLVO navigacijos \u017eem\u0117lapiai Vilniuje ir Kaune geriausia kaina. 12 m\u0117n. garantija. Tel. nr. 8 (655) 00790 \/ 8 (684) 09811\" \/>\n<meta name=\"robots\" content=\"index, follow, max-snippet:-1, max-image-preview:large, max-video-preview:-1\" \/>\n<link rel=\"canonical\" href=\"https:\/\/techremontas.lt\/ru\/volvo-navigacija\/\" \/>\n<meta property=\"og:locale\" content=\"ru_RU\" \/>\n<meta property=\"og:type\" content=\"article\" \/>\n<meta property=\"og:title\" content=\"Volvo navigacija - taisykla Vilniuje, Kaune, Klaip\u0117doje, \u0160iauliuose\" \/>\n<meta property=\"og:description\" content=\"VOLVO navigacijos \u017eem\u0117lapiai Vilniuje ir Kaune geriausia kaina. 12 m\u0117n. garantija. Tel. nr. 8 (655) 00790 \/ 8 (684) 09811\" \/>\n<meta property=\"og:url\" content=\"https:\/\/techremontas.lt\/ru\/volvo-navigacija\/\" \/>\n<meta property=\"og:site_name\" content=\"taisykla Vilniuje, Kaune, Klaip\u0117doje, \u0160iauliuose\" \/>\n<meta property=\"article:modified_time\" content=\"2019-04-12T09:37:59+00:00\" \/>\n<meta name=\"twitter:card\" content=\"summary_large_image\" \/>\n<meta name=\"twitter:label1\" content=\"\u041f\u0440\u0438\u043c\u0435\u0440\u043d\u043e\u0435 \u0432\u0440\u0435\u043c\u044f \u0434\u043b\u044f \u0447\u0442\u0435\u043d\u0438\u044f\" \/>\n\t<meta name=\"twitter:data1\" content=\"3 \u043c\u0438\u043d\u0443\u0442\u044b\" \/>\n<script type=\"application\/ld+json\" class=\"yoast-schema-graph\">{\"@context\":\"https:\\\/\\\/schema.org\",\"@graph\":[{\"@type\":\"WebPage\",\"@id\":\"https:\\\/\\\/techremontas.lt\\\/volvo-navigacija\\\/\",\"url\":\"https:\\\/\\\/techremontas.lt\\\/volvo-navigacija\\\/\",\"name\":\"Volvo navigacija - taisykla Vilniuje, Kaune, Klaip\u0117doje, \u0160iauliuose\",\"isPartOf\":{\"@id\":\"https:\\\/\\\/techremontas.lt\\\/#website\"},\"datePublished\":\"2019-04-12T09:29:00+00:00\",\"dateModified\":\"2019-04-12T09:37:59+00:00\",\"description\":\"VOLVO navigacijos \u017eem\u0117lapiai Vilniuje ir Kaune geriausia kaina. 12 m\u0117n. garantija. Tel. nr. 8 (655) 00790 \\\/ 8 (684) 09811\",\"breadcrumb\":{\"@id\":\"https:\\\/\\\/techremontas.lt\\\/volvo-navigacija\\\/#breadcrumb\"},\"inLanguage\":\"ru-RU\",\"potentialAction\":[{\"@type\":\"ReadAction\",\"target\":[\"https:\\\/\\\/techremontas.lt\\\/volvo-navigacija\\\/\"]}]},{\"@type\":\"BreadcrumbList\",\"@id\":\"https:\\\/\\\/techremontas.lt\\\/volvo-navigacija\\\/#breadcrumb\",\"itemListElement\":[{\"@type\":\"ListItem\",\"position\":1,\"name\":\"Pagrindinis\",\"item\":\"https:\\\/\\\/techremontas.lt\\\/\"},{\"@type\":\"ListItem\",\"position\":2,\"name\":\"Volvo navigacija\"}]},{\"@type\":\"WebSite\",\"@id\":\"https:\\\/\\\/techremontas.lt\\\/#website\",\"url\":\"https:\\\/\\\/techremontas.lt\\\/\",\"name\":\"taisykla Vilniuje, Kaune, Klaip\u0117doje, \u0160iauliuose\",\"description\":\"Modernios el. technikos servisas\",\"potentialAction\":[{\"@type\":\"SearchAction\",\"target\":{\"@type\":\"EntryPoint\",\"urlTemplate\":\"https:\\\/\\\/techremontas.lt\\\/?s={search_term_string}\"},\"query-input\":{\"@type\":\"PropertyValueSpecification\",\"valueRequired\":true,\"valueName\":\"search_term_string\"}}],\"inLanguage\":\"ru-RU\"}]}<\/script>\n<!-- \/ Yoast SEO plugin. -->","yoast_head_json":{"title":"Volvo navigacija - taisykla Vilniuje, Kaune, Klaip\u0117doje, \u0160iauliuose","description":"\u041d\u0430\u0432\u0438\u0433\u0430\u0446\u0438\u043e\u043d\u043d\u044b\u0435 \u043a\u0430\u0440\u0442\u044b VOLVO \u0432 \u0412\u0438\u043b\u044c\u043d\u044e\u0441\u0435 \u0438 \u041a\u0430\u0443\u043d\u0430\u0441\u0435 \u043f\u043e \u043b\u0443\u0447\u0448\u0435\u0439 \u0446\u0435\u043d\u0435. \u0413\u0430\u0440\u0430\u043d\u0442\u0438\u044f 12 \u043c\u0435\u0441\u044f\u0446\u0435\u0432. \u0422\u0435\u043b. 8 (655) 00790 \/ 8 (684) 09811","robots":{"index":"index","follow":"follow","max-snippet":"max-snippet:-1","max-image-preview":"max-image-preview:large","max-video-preview":"max-video-preview:-1"},"canonical":"https:\/\/techremontas.lt\/ru\/volvo-navigacija\/","og_locale":"ru_RU","og_type":"article","og_title":"Volvo navigacija - taisykla Vilniuje, Kaune, Klaip\u0117doje, \u0160iauliuose","og_description":"VOLVO navigacijos \u017eem\u0117lapiai Vilniuje ir Kaune geriausia kaina. 12 m\u0117n. garantija. Tel. nr. 8 (655) 00790 \/ 8 (684) 09811","og_url":"https:\/\/techremontas.lt\/ru\/volvo-navigacija\/","og_site_name":"taisykla Vilniuje, Kaune, Klaip\u0117doje, \u0160iauliuose","article_modified_time":"2019-04-12T09:37:59+00:00","twitter_card":"summary_large_image","twitter_misc":{"\u041f\u0440\u0438\u043c\u0435\u0440\u043d\u043e\u0435 \u0432\u0440\u0435\u043c\u044f \u0434\u043b\u044f \u0447\u0442\u0435\u043d\u0438\u044f":"3 \u043c\u0438\u043d\u0443\u0442\u044b"},"schema":{"@context":"https:\/\/schema.org","@graph":[{"@type":"WebPage","@id":"https:\/\/techremontas.lt\/volvo-navigacija\/","url":"https:\/\/techremontas.lt\/volvo-navigacija\/","name":"Volvo navigacija - taisykla Vilniuje, Kaune, Klaip\u0117doje, \u0160iauliuose","isPartOf":{"@id":"https:\/\/techremontas.lt\/#website"},"datePublished":"2019-04-12T09:29:00+00:00","dateModified":"2019-04-12T09:37:59+00:00","description":"\u041d\u0430\u0432\u0438\u0433\u0430\u0446\u0438\u043e\u043d\u043d\u044b\u0435 \u043a\u0430\u0440\u0442\u044b VOLVO \u0432 \u0412\u0438\u043b\u044c\u043d\u044e\u0441\u0435 \u0438 \u041a\u0430\u0443\u043d\u0430\u0441\u0435 \u043f\u043e \u043b\u0443\u0447\u0448\u0435\u0439 \u0446\u0435\u043d\u0435. \u0413\u0430\u0440\u0430\u043d\u0442\u0438\u044f 12 \u043c\u0435\u0441\u044f\u0446\u0435\u0432. \u0422\u0435\u043b. 8 (655) 00790 \/ 8 (684) 09811","breadcrumb":{"@id":"https:\/\/techremontas.lt\/volvo-navigacija\/#breadcrumb"},"inLanguage":"ru-RU","potentialAction":[{"@type":"ReadAction","target":["https:\/\/techremontas.lt\/volvo-navigacija\/"]}]},{"@type":"BreadcrumbList","@id":"https:\/\/techremontas.lt\/volvo-navigacija\/#breadcrumb","itemListElement":[{"@type":"ListItem","position":1,"name":"Pagrindinis","item":"https:\/\/techremontas.lt\/"},{"@type":"ListItem","position":2,"name":"Volvo navigacija"}]},{"@type":"WebSite","@id":"https:\/\/techremontas.lt\/#website","url":"https:\/\/techremontas.lt\/","name":"taisykla Vilniuje, Kaune, Klaip\u0117doje, \u0160iauliuose","description":"\u0421\u0435\u0440\u0432\u0438\u0441\u043d\u043e\u0435 \u043e\u0431\u0441\u043b\u0443\u0436\u0438\u0432\u0430\u043d\u0438\u0435 \u0441\u043e\u0432\u0440\u0435\u043c\u0435\u043d\u043d\u044b\u0445 \u044d\u043b\u0435\u043a\u0442\u0440\u043e\u043f\u0440\u0438\u0431\u043e\u0440\u043e\u0432","potentialAction":[{"@type":"SearchAction","target":{"@type":"EntryPoint","urlTemplate":"https:\/\/techremontas.lt\/?s={search_term_string}"},"query-input":{"@type":"PropertyValueSpecification","valueRequired":true,"valueName":"search_term_string"}}],"inLanguage":"ru-RU"}]}},"uagb_featured_image_src":{"full":false,"thumbnail":false,"medium":false,"medium_large":false,"large":false,"1536x1536":false,"2048x2048":false,"trp-custom-language-flag":false,"post-thumbnail":false,"vantage-thumbnail-no-sidebar":false,"vantage-slide":false,"vantage-carousel":false,"vantage-grid-loop":false},"uagb_author_info":{"display_name":"valdymas","author_link":"https:\/\/techremontas.lt\/ru\/author\/valdymas\/"},"uagb_comment_info":0,"uagb_excerpt":"VOLVO navigacijos \u017eem\u0117lapiai (RTI MMM2) CD 1 &#8211; Austrija, Belgija, \u0160veicarija, \u010cekija, Vokietija, Danija, Ispanija, Pranc\u016bzija, Suomija, Lichten\u0161teinas, Italija, Airija, Liuksemburgas, Monakas, Norvegija, Nyderlandai, Portugalija, San Marinas, \u0160vedija, Jungtin\u0117 Karalyst\u0117, Vatikanas.CD 2 &#8211; Andora, Pranc\u016bzija, Airija, Monakas, Portugalija, Ispanija, Jungtin\u0117 Karalyst\u0117s.CD 3 &#8211; Albanija, Austrija, Baltarusija, Bosnija ir Hercegovina, Bulgarija, Kroatija, \u010cekija, Estija, Vokietija, Graikija,&hellip;","_links":{"self":[{"href":"https:\/\/techremontas.lt\/ru\/wp-json\/wp\/v2\/pages\/509","targetHints":{"allow":["GET"]}}],"collection":[{"href":"https:\/\/techremontas.lt\/ru\/wp-json\/wp\/v2\/pages"}],"about":[{"href":"https:\/\/techremontas.lt\/ru\/wp-json\/wp\/v2\/types\/page"}],"author":[{"embeddable":true,"href":"https:\/\/techremontas.lt\/ru\/wp-json\/wp\/v2\/users\/1"}],"replies":[{"embeddable":true,"href":"https:\/\/techremontas.lt\/ru\/wp-json\/wp\/v2\/comments?post=509"}],"version-history":[{"count":7,"href":"https:\/\/techremontas.lt\/ru\/wp-json\/wp\/v2\/pages\/509\/revisions"}],"predecessor-version":[{"id":516,"href":"https:\/\/techremontas.lt\/ru\/wp-json\/wp\/v2\/pages\/509\/revisions\/516"}],"wp:attachment":[{"href":"https:\/\/techremontas.lt\/ru\/wp-json\/wp\/v2\/media?parent=509"}],"curies":[{"name":"wp","href":"https:\/\/api.w.org\/{rel}","templated":true}]}}