{"id":764,"date":"2023-03-15T04:51:41","date_gmt":"2023-03-15T06:51:41","guid":{"rendered":"https:\/\/techremontas.lt\/?page_id=764"},"modified":"2023-03-15T06:10:07","modified_gmt":"2023-03-15T08:10:07","slug":"kompiuteriai","status":"publish","type":"page","link":"https:\/\/techremontas.lt\/ru\/kompiuteriai\/","title":{"rendered":"\u041a\u043e\u043c\u043f\u044c\u044e\u0442\u0435\u0440\u044b"},"content":{"rendered":"<p>\u041c\u044b \u043d\u0435 \u043f\u0440\u043e\u0441\u0442\u043e \u0432\u044b\u043f\u043e\u043b\u043d\u044f\u0435\u043c <a href=\"\/ru\/kompiuteriu-remontas\/\">\u0440\u0435\u043c\u043e\u043d\u0442<\/a>\u043d\u043e \u0438 \u043f\u0440\u043e\u0434\u0430\u044e\u0442 \u043d\u043e\u0432\u044b\u0435 \u0438 \u043f\u043e\u0434\u0435\u0440\u0436\u0430\u043d\u043d\u044b\u0435 \u043a\u043e\u043c\u043f\u044c\u044e\u0442\u0435\u0440\u044b \u043f\u043e \u043e\u0441\u043e\u0431\u0435\u043d\u043d\u043e \u0432\u044b\u0433\u043e\u0434\u043d\u044b\u043c \u0446\u0435\u043d\u0430\u043c. \u041d\u0430\u043f\u0440\u0438\u043c\u0435\u0440. <em>Elitebook 840 g6 i5 16gb 512ssd \u0433\u0430\u0440\u0430\u043d\u0442\u0438\u044f 20 \u043c\u0435\u0441\u044f\u0446\u0435\u0432.<\/em> 350 \u0435\u0432\u0440\u043e (\u043e\u0431\u044b\u0447\u043d\u0430\u044f \u0446\u0435\u043d\u0430 600 \u0435\u0432\u0440\u043e). \u041f\u043e\u043b\u043d\u044b\u0439 <a href=\"https:\/\/www.skelbiu.lt\/skelbimai\/?autocompleted=1&amp;keywords=market7&amp;submit_bn=&amp;cities=0&amp;distance=0&amp;mainCity=0&amp;search=1&amp;category_id=0&amp;user_type=0&amp;ad_since_min=0&amp;ad_since_max=0&amp;visited_page=1&amp;orderBy=-1&amp;detailsSearch=0\" target=\"_blank\" rel=\"noreferrer noopener\">\u0441\u043f\u0438\u0441\u043e\u043a \u043a\u043e\u043c\u043f\u044c\u044e\u0442\u0435\u0440\u043e\u0432<\/a>.<\/p>\n\n\n\n<ul class=\"wp-block-list\">\n<li>\u041d\u043e\u0443\u0442\u0431\u0443\u043a\u0438 \u0438 \u0441\u0442\u0430\u0446\u0438\u043e\u043d\u0430\u0440\u043d\u044b\u0435 \u043a\u043e\u043c\u043f\u044c\u044e\u0442\u0435\u0440\u044b<\/li>\n\n\n\n<li>\u041c\u043e\u043d\u0438\u0442\u043e\u0440\u044b<\/li>\n\n\n\n<li>\u041a\u043e\u043c\u043f\u044c\u044e\u0442\u0435\u0440\u044b Apple MacBook, \u043f\u043b\u0430\u043d\u0448\u0435\u0442\u044b<\/li>\n<\/ul>\n\n\n\n<ul class=\"wp-block-list\">\n<li><strong>VILNIUS <\/strong>- \u0421\u0430\u0432\u0430\u043d\u043e\u0440\u044e \u043f\u0440. 1,<strong> \u0442\u0435\u043b. <a href=\"tel:\u016b\u0161\u012f\u012f00\u017390\">8 (655) <\/a><a href=\"tel:865500790\">00790<\/a><\/strong><\/li>\n\n\n\n<li><strong>KAUNE <\/strong>- \u041a\u043e\u0432\u043e 11-\u043e\u0441\u0438\u043e\u0441, \u0443\u043b. 130, <strong>\u0442\u0435\u043b. <a href=\"tel:868409811\">8 (684) 09811<\/a><\/strong><\/li>\n<\/ul>\n\n\n\n<figure class=\"wp-block-image size-full\"><a href=\"\/ru\/kompiuteriu-remontas\/\"><img loading=\"lazy\" decoding=\"async\" width=\"640\" height=\"427\" src=\"https:\/\/techremontas.lt\/wp-content\/uploads\/2023\/03\/pc-1.jpg\" alt=\"\" class=\"wp-image-779\" srcset=\"https:\/\/techremontas.lt\/wp-content\/uploads\/2023\/03\/pc-1.jpg 640w, https:\/\/techremontas.lt\/wp-content\/uploads\/2023\/03\/pc-1-300x200.jpg 300w, https:\/\/techremontas.lt\/wp-content\/uploads\/2023\/03\/pc-1-272x182.jpg 272w\" sizes=\"auto, (max-width: 640px) 100vw, 640px\" \/><\/a><\/figure>\n\n\n\n<ul class=\"wp-block-list\">\n<li>10 \u043b\u0435\u0442 \u043e\u043f\u044b\u0442\u0430<\/li>\n\n\n\n<li>\u041c\u044b \u0433\u0430\u0440\u0430\u043d\u0442\u0438\u0440\u0443\u0435\u043c \u0432\u0441\u0435<\/li>\n\n\n\n<li>\u041c\u044b \u0440\u0435\u0448\u0430\u0435\u043c \u0432\u0441\u0435 \u043f\u0440\u043e\u0431\u043b\u0435\u043c\u044b<\/li>\n<\/ul>","protected":false},"excerpt":{"rendered":"<p>\u041f\u043e\u043c\u0438\u043c\u043e \u0440\u0435\u043c\u043e\u043d\u0442\u0430, \u043c\u044b \u0442\u0430\u043a\u0436\u0435 \u043f\u0440\u043e\u0434\u0430\u0435\u043c \u043d\u043e\u0432\u044b\u0435 \u0438 \u043f\u043e\u0434\u0435\u0440\u0436\u0430\u043d\u043d\u044b\u0435 \u043a\u043e\u043c\u043f\u044c\u044e\u0442\u0435\u0440\u044b \u043f\u043e \u043e\u0447\u0435\u043d\u044c \u0432\u044b\u0433\u043e\u0434\u043d\u044b\u043c \u0446\u0435\u043d\u0430\u043c. \u041d\u0430\u043f\u0440\u0438\u043c\u0435\u0440, Elitebook 840 g6 i5 16gb 512ssd \u0433\u0430\u0440\u0430\u043d\u0442\u0438\u044f 20 \u043c\u0435\u0441\u044f\u0446\u0435\u0432 350 Eur (\u043e\u0431\u044b\u0447\u043d\u0430\u044f \u0446\u0435\u043d\u0430 600 Eur). \u041f\u043e\u043b\u043d\u044b\u0439 \u0441\u043f\u0438\u0441\u043e\u043a \u043a\u043e\u043c\u043f\u044c\u044e\u0442\u0435\u0440\u043e\u0432.<\/p>","protected":false},"author":1,"featured_media":0,"parent":0,"menu_order":0,"comment_status":"closed","ping_status":"closed","template":"","meta":{"_uag_custom_page_level_css":"","footnotes":""},"class_list":["post-764","page","type-page","status-publish","hentry","post"],"yoast_head":"<!-- This site is optimized with the Yoast SEO plugin v27.4 - https:\/\/yoast.com\/product\/yoast-seo-wordpress\/ -->\n<title>Kompiuteriai - taisykla Vilniuje, Kaune, Klaip\u0117doje, \u0160iauliuose<\/title>\n<meta name=\"robots\" content=\"index, follow, max-snippet:-1, max-image-preview:large, max-video-preview:-1\" \/>\n<link rel=\"canonical\" href=\"https:\/\/techremontas.lt\/ru\/kompiuteriai\/\" \/>\n<meta property=\"og:locale\" content=\"ru_RU\" \/>\n<meta property=\"og:type\" content=\"article\" \/>\n<meta property=\"og:title\" content=\"Kompiuteriai - taisykla Vilniuje, Kaune, Klaip\u0117doje, \u0160iauliuose\" \/>\n<meta property=\"og:description\" content=\"Ne tik atliekame remont\u0105, bet ir parduodame naujus ir naudotus kompiuterius ypa\u010d geromis kainomis. Pvz. Elitebook 840 g6 i5 16gb 512ssd garantija 20 m\u0117n. 350 Eur (\u012fprasta kaina 600 Eur). Visas kompiuteri\u0173 s\u0105ra\u0161as.\" \/>\n<meta property=\"og:url\" content=\"https:\/\/techremontas.lt\/ru\/kompiuteriai\/\" \/>\n<meta property=\"og:site_name\" content=\"taisykla Vilniuje, Kaune, Klaip\u0117doje, \u0160iauliuose\" \/>\n<meta property=\"article:modified_time\" content=\"2023-03-15T08:10:07+00:00\" \/>\n<meta property=\"og:image\" content=\"https:\/\/techremontas.lt\/wp-content\/uploads\/2023\/03\/pc-1.jpg\" \/>\n<meta name=\"twitter:card\" content=\"summary_large_image\" \/>\n<script type=\"application\/ld+json\" class=\"yoast-schema-graph\">{\"@context\":\"https:\\\/\\\/schema.org\",\"@graph\":[{\"@type\":\"WebPage\",\"@id\":\"https:\\\/\\\/techremontas.lt\\\/kompiuteriai\\\/\",\"url\":\"https:\\\/\\\/techremontas.lt\\\/kompiuteriai\\\/\",\"name\":\"Kompiuteriai - taisykla Vilniuje, Kaune, Klaip\u0117doje, \u0160iauliuose\",\"isPartOf\":{\"@id\":\"https:\\\/\\\/techremontas.lt\\\/#website\"},\"primaryImageOfPage\":{\"@id\":\"https:\\\/\\\/techremontas.lt\\\/kompiuteriai\\\/#primaryimage\"},\"image\":{\"@id\":\"https:\\\/\\\/techremontas.lt\\\/kompiuteriai\\\/#primaryimage\"},\"thumbnailUrl\":\"https:\\\/\\\/techremontas.lt\\\/wp-content\\\/uploads\\\/2023\\\/03\\\/pc-1.jpg\",\"datePublished\":\"2023-03-15T06:51:41+00:00\",\"dateModified\":\"2023-03-15T08:10:07+00:00\",\"breadcrumb\":{\"@id\":\"https:\\\/\\\/techremontas.lt\\\/kompiuteriai\\\/#breadcrumb\"},\"inLanguage\":\"ru-RU\",\"potentialAction\":[{\"@type\":\"ReadAction\",\"target\":[\"https:\\\/\\\/techremontas.lt\\\/kompiuteriai\\\/\"]}]},{\"@type\":\"ImageObject\",\"inLanguage\":\"ru-RU\",\"@id\":\"https:\\\/\\\/techremontas.lt\\\/kompiuteriai\\\/#primaryimage\",\"url\":\"https:\\\/\\\/techremontas.lt\\\/wp-content\\\/uploads\\\/2023\\\/03\\\/pc-1.jpg\",\"contentUrl\":\"https:\\\/\\\/techremontas.lt\\\/wp-content\\\/uploads\\\/2023\\\/03\\\/pc-1.jpg\"},{\"@type\":\"BreadcrumbList\",\"@id\":\"https:\\\/\\\/techremontas.lt\\\/kompiuteriai\\\/#breadcrumb\",\"itemListElement\":[{\"@type\":\"ListItem\",\"position\":1,\"name\":\"Pagrindinis\",\"item\":\"https:\\\/\\\/techremontas.lt\\\/\"},{\"@type\":\"ListItem\",\"position\":2,\"name\":\"Kompiuteriai\"}]},{\"@type\":\"WebSite\",\"@id\":\"https:\\\/\\\/techremontas.lt\\\/#website\",\"url\":\"https:\\\/\\\/techremontas.lt\\\/\",\"name\":\"taisykla Vilniuje, Kaune, Klaip\u0117doje, \u0160iauliuose\",\"description\":\"Modernios el. technikos servisas\",\"potentialAction\":[{\"@type\":\"SearchAction\",\"target\":{\"@type\":\"EntryPoint\",\"urlTemplate\":\"https:\\\/\\\/techremontas.lt\\\/?s={search_term_string}\"},\"query-input\":{\"@type\":\"PropertyValueSpecification\",\"valueRequired\":true,\"valueName\":\"search_term_string\"}}],\"inLanguage\":\"ru-RU\"}]}<\/script>\n<!-- \/ Yoast SEO plugin. -->","yoast_head_json":{"title":"Kompiuteriai - taisykla Vilniuje, Kaune, Klaip\u0117doje, \u0160iauliuose","robots":{"index":"index","follow":"follow","max-snippet":"max-snippet:-1","max-image-preview":"max-image-preview:large","max-video-preview":"max-video-preview:-1"},"canonical":"https:\/\/techremontas.lt\/ru\/kompiuteriai\/","og_locale":"ru_RU","og_type":"article","og_title":"Kompiuteriai - taisykla Vilniuje, Kaune, Klaip\u0117doje, \u0160iauliuose","og_description":"Ne tik atliekame remont\u0105, bet ir parduodame naujus ir naudotus kompiuterius ypa\u010d geromis kainomis. Pvz. Elitebook 840 g6 i5 16gb 512ssd garantija 20 m\u0117n. 350 Eur (\u012fprasta kaina 600 Eur). Visas kompiuteri\u0173 s\u0105ra\u0161as.","og_url":"https:\/\/techremontas.lt\/ru\/kompiuteriai\/","og_site_name":"taisykla Vilniuje, Kaune, Klaip\u0117doje, \u0160iauliuose","article_modified_time":"2023-03-15T08:10:07+00:00","og_image":[{"url":"https:\/\/techremontas.lt\/wp-content\/uploads\/2023\/03\/pc-1.jpg","type":"","width":"","height":""}],"twitter_card":"summary_large_image","schema":{"@context":"https:\/\/schema.org","@graph":[{"@type":"WebPage","@id":"https:\/\/techremontas.lt\/kompiuteriai\/","url":"https:\/\/techremontas.lt\/kompiuteriai\/","name":"Kompiuteriai - taisykla Vilniuje, Kaune, Klaip\u0117doje, \u0160iauliuose","isPartOf":{"@id":"https:\/\/techremontas.lt\/#website"},"primaryImageOfPage":{"@id":"https:\/\/techremontas.lt\/kompiuteriai\/#primaryimage"},"image":{"@id":"https:\/\/techremontas.lt\/kompiuteriai\/#primaryimage"},"thumbnailUrl":"https:\/\/techremontas.lt\/wp-content\/uploads\/2023\/03\/pc-1.jpg","datePublished":"2023-03-15T06:51:41+00:00","dateModified":"2023-03-15T08:10:07+00:00","breadcrumb":{"@id":"https:\/\/techremontas.lt\/kompiuteriai\/#breadcrumb"},"inLanguage":"ru-RU","potentialAction":[{"@type":"ReadAction","target":["https:\/\/techremontas.lt\/kompiuteriai\/"]}]},{"@type":"ImageObject","inLanguage":"ru-RU","@id":"https:\/\/techremontas.lt\/kompiuteriai\/#primaryimage","url":"https:\/\/techremontas.lt\/wp-content\/uploads\/2023\/03\/pc-1.jpg","contentUrl":"https:\/\/techremontas.lt\/wp-content\/uploads\/2023\/03\/pc-1.jpg"},{"@type":"BreadcrumbList","@id":"https:\/\/techremontas.lt\/kompiuteriai\/#breadcrumb","itemListElement":[{"@type":"ListItem","position":1,"name":"Pagrindinis","item":"https:\/\/techremontas.lt\/"},{"@type":"ListItem","position":2,"name":"Kompiuteriai"}]},{"@type":"WebSite","@id":"https:\/\/techremontas.lt\/#website","url":"https:\/\/techremontas.lt\/","name":"taisykla Vilniuje, Kaune, Klaip\u0117doje, \u0160iauliuose","description":"\u0421\u0435\u0440\u0432\u0438\u0441\u043d\u043e\u0435 \u043e\u0431\u0441\u043b\u0443\u0436\u0438\u0432\u0430\u043d\u0438\u0435 \u0441\u043e\u0432\u0440\u0435\u043c\u0435\u043d\u043d\u044b\u0445 \u044d\u043b\u0435\u043a\u0442\u0440\u043e\u043f\u0440\u0438\u0431\u043e\u0440\u043e\u0432","potentialAction":[{"@type":"SearchAction","target":{"@type":"EntryPoint","urlTemplate":"https:\/\/techremontas.lt\/?s={search_term_string}"},"query-input":{"@type":"PropertyValueSpecification","valueRequired":true,"valueName":"search_term_string"}}],"inLanguage":"ru-RU"}]}},"uagb_featured_image_src":{"full":false,"thumbnail":false,"medium":false,"medium_large":false,"large":false,"1536x1536":false,"2048x2048":false,"trp-custom-language-flag":false,"post-thumbnail":false,"vantage-thumbnail-no-sidebar":false,"vantage-slide":false,"vantage-carousel":false,"vantage-grid-loop":false},"uagb_author_info":{"display_name":"valdymas","author_link":"https:\/\/techremontas.lt\/ru\/author\/valdymas\/"},"uagb_comment_info":0,"uagb_excerpt":"Ne tik atliekame remont\u0105, bet ir parduodame naujus ir naudotus kompiuterius ypa\u010d geromis kainomis. Pvz. Elitebook 840 g6 i5 16gb 512ssd garantija 20 m\u0117n. 350 Eur (\u012fprasta kaina 600 Eur). Visas kompiuteri\u0173 s\u0105ra\u0161as.","_links":{"self":[{"href":"https:\/\/techremontas.lt\/ru\/wp-json\/wp\/v2\/pages\/764","targetHints":{"allow":["GET"]}}],"collection":[{"href":"https:\/\/techremontas.lt\/ru\/wp-json\/wp\/v2\/pages"}],"about":[{"href":"https:\/\/techremontas.lt\/ru\/wp-json\/wp\/v2\/types\/page"}],"author":[{"embeddable":true,"href":"https:\/\/techremontas.lt\/ru\/wp-json\/wp\/v2\/users\/1"}],"replies":[{"embeddable":true,"href":"https:\/\/techremontas.lt\/ru\/wp-json\/wp\/v2\/comments?post=764"}],"version-history":[{"count":5,"href":"https:\/\/techremontas.lt\/ru\/wp-json\/wp\/v2\/pages\/764\/revisions"}],"predecessor-version":[{"id":780,"href":"https:\/\/techremontas.lt\/ru\/wp-json\/wp\/v2\/pages\/764\/revisions\/780"}],"wp:attachment":[{"href":"https:\/\/techremontas.lt\/ru\/wp-json\/wp\/v2\/media?parent=764"}],"curies":[{"name":"wp","href":"https:\/\/api.w.org\/{rel}","templated":true}]}}