{"id":782,"date":"2023-03-15T06:25:51","date_gmt":"2023-03-15T08:25:51","guid":{"rendered":"https:\/\/techremontas.lt\/?page_id=782"},"modified":"2023-03-15T06:25:53","modified_gmt":"2023-03-15T08:25:53","slug":"telefonai","status":"publish","type":"page","link":"https:\/\/techremontas.lt\/ru\/telefonu-remontas\/telefonai\/","title":{"rendered":"\u0422\u0435\u043b\u0435\u0444\u043e\u043d\u044b"},"content":{"rendered":"<p>\u041c\u044b \u043f\u0440\u043e\u0434\u0430\u0435\u043c \u043d\u043e\u0432\u044b\u0435 \u0438 \u043f\u043e\u0434\u0435\u0440\u0436\u0430\u043d\u043d\u044b\u0435 \u0442\u0435\u043b\u0435\u0444\u043e\u043d\u044b \u043f\u043e \u043e\u0442\u043b\u0438\u0447\u043d\u044b\u043c \u0446\u0435\u043d\u0430\u043c. \u041f\u043e\u043b\u043d\u044b\u0439 <a href=\"https:\/\/sniege.lt\/27-mobilieji-telefonai\" target=\"_blank\" rel=\"noreferrer noopener\">\u0441\u043f\u0438\u0441\u043e\u043a \u0442\u0435\u043b\u0435\u0444\u043e\u043d\u043e\u0432<\/a>.<\/p>\n\n\n\n<ul class=\"wp-block-list\">\n<li>\u0422\u0435\u043b\u0435\u0444\u043e\u043d\u044b <strong>Apple iPhone<\/strong><\/li>\n\n\n\n<li>\u0422\u0435\u043b\u0435\u0444\u043e\u043d <strong>Samsung Galaxy<\/strong><\/li>\n\n\n\n<li>\u0422\u0435\u043b\u0435\u0444\u043e\u043d <strong>Xiaomi<\/strong><\/li>\n\n\n\n<li><strong>Huawei<\/strong> \u0438 \u0434\u0440\u0443\u0433\u0438\u0435 \u043c\u043e\u0434\u0435\u043b\u0438 \u0442\u0435\u043b\u0435\u0444\u043e\u043d\u043e\u0432<\/li>\n<\/ul>\n\n\n\n<ul class=\"wp-block-list\">\n<li><strong>VILNIUS <\/strong>- \u0421\u0430\u0432\u0430\u043d\u043e\u0440\u044e \u043f\u0440. 1,<strong> \u0442\u0435\u043b. <a href=\"tel:\u016b\u0161\u012f\u012f00\u017390\">8 (655) <\/a><a href=\"tel:865500790\">00790<\/a><\/strong><\/li>\n\n\n\n<li><strong>KAUNE <\/strong>- \u041a\u043e\u0432\u043e 11-\u043e\u0441\u0438\u043e\u0441, \u0443\u043b. 130, <strong>\u0442\u0435\u043b. <a href=\"tel:868409811\">8 (684) 09811<\/a><\/strong><\/li>\n<\/ul>\n\n\n\n<figure class=\"wp-block-image size-full\"><img loading=\"lazy\" decoding=\"async\" width=\"640\" height=\"368\" src=\"https:\/\/techremontas.lt\/wp-content\/uploads\/2023\/03\/telefonas.jpg\" alt=\"\" class=\"wp-image-783\" srcset=\"https:\/\/techremontas.lt\/wp-content\/uploads\/2023\/03\/telefonas.jpg 640w, https:\/\/techremontas.lt\/wp-content\/uploads\/2023\/03\/telefonas-300x173.jpg 300w\" sizes=\"auto, (max-width: 640px) 100vw, 640px\" \/><\/figure>\n\n\n\n<ul class=\"wp-block-list\">\n<li>10 \u043b\u0435\u0442 \u043e\u043f\u044b\u0442\u0430<\/li>\n\n\n\n<li>\u041c\u044b \u0433\u0430\u0440\u0430\u043d\u0442\u0438\u0440\u0443\u0435\u043c \u0432\u0441\u0435<\/li>\n\n\n\n<li>\u041c\u044b \u0440\u0435\u0448\u0430\u0435\u043c \u0432\u0441\u0435 \u043f\u0440\u043e\u0431\u043b\u0435\u043c\u044b<\/li>\n<\/ul>","protected":false},"excerpt":{"rendered":"<p>\u041c\u044b \u043f\u0440\u043e\u0434\u0430\u0435\u043c \u043d\u043e\u0432\u044b\u0435 \u0438 \u043f\u043e\u0434\u0435\u0440\u0436\u0430\u043d\u043d\u044b\u0435 \u0442\u0435\u043b\u0435\u0444\u043e\u043d\u044b \u043f\u043e \u0432\u044b\u0433\u043e\u0434\u043d\u044b\u043c \u0446\u0435\u043d\u0430\u043c. \u041f\u043e\u043b\u043d\u044b\u0439 \u0441\u043f\u0438\u0441\u043e\u043a \u0442\u0435\u043b\u0435\u0444\u043e\u043d\u043e\u0432.<\/p>","protected":false},"author":1,"featured_media":0,"parent":41,"menu_order":0,"comment_status":"closed","ping_status":"closed","template":"","meta":{"_uag_custom_page_level_css":"","footnotes":""},"class_list":["post-782","page","type-page","status-publish","hentry","post"],"yoast_head":"<!-- This site is optimized with the Yoast SEO plugin v27.4 - https:\/\/yoast.com\/product\/yoast-seo-wordpress\/ -->\n<title>Telefonai - taisykla Vilniuje, Kaune, Klaip\u0117doje, \u0160iauliuose<\/title>\n<meta name=\"robots\" content=\"index, follow, max-snippet:-1, max-image-preview:large, max-video-preview:-1\" \/>\n<link rel=\"canonical\" href=\"https:\/\/techremontas.lt\/ru\/telefonu-remontas\/telefonai\/\" \/>\n<meta property=\"og:locale\" content=\"ru_RU\" \/>\n<meta property=\"og:type\" content=\"article\" \/>\n<meta property=\"og:title\" content=\"Telefonai - taisykla Vilniuje, Kaune, Klaip\u0117doje, \u0160iauliuose\" \/>\n<meta property=\"og:description\" content=\"Parduodame naujus ir naudotus telefonus ypa\u010d geromis kainomis. Visas telefon\u0173 s\u0105ra\u0161as.\" \/>\n<meta property=\"og:url\" content=\"https:\/\/techremontas.lt\/ru\/telefonu-remontas\/telefonai\/\" \/>\n<meta property=\"og:site_name\" content=\"taisykla Vilniuje, Kaune, Klaip\u0117doje, \u0160iauliuose\" \/>\n<meta property=\"article:modified_time\" content=\"2023-03-15T08:25:53+00:00\" \/>\n<meta property=\"og:image\" content=\"https:\/\/techremontas.lt\/wp-content\/uploads\/2023\/03\/telefonas.jpg\" \/>\n<meta name=\"twitter:card\" content=\"summary_large_image\" \/>\n<script type=\"application\/ld+json\" class=\"yoast-schema-graph\">{\"@context\":\"https:\\\/\\\/schema.org\",\"@graph\":[{\"@type\":\"WebPage\",\"@id\":\"https:\\\/\\\/techremontas.lt\\\/telefonu-remontas\\\/telefonai\\\/\",\"url\":\"https:\\\/\\\/techremontas.lt\\\/telefonu-remontas\\\/telefonai\\\/\",\"name\":\"Telefonai - taisykla Vilniuje, Kaune, Klaip\u0117doje, \u0160iauliuose\",\"isPartOf\":{\"@id\":\"https:\\\/\\\/techremontas.lt\\\/#website\"},\"primaryImageOfPage\":{\"@id\":\"https:\\\/\\\/techremontas.lt\\\/telefonu-remontas\\\/telefonai\\\/#primaryimage\"},\"image\":{\"@id\":\"https:\\\/\\\/techremontas.lt\\\/telefonu-remontas\\\/telefonai\\\/#primaryimage\"},\"thumbnailUrl\":\"https:\\\/\\\/techremontas.lt\\\/wp-content\\\/uploads\\\/2023\\\/03\\\/telefonas.jpg\",\"datePublished\":\"2023-03-15T08:25:51+00:00\",\"dateModified\":\"2023-03-15T08:25:53+00:00\",\"breadcrumb\":{\"@id\":\"https:\\\/\\\/techremontas.lt\\\/telefonu-remontas\\\/telefonai\\\/#breadcrumb\"},\"inLanguage\":\"ru-RU\",\"potentialAction\":[{\"@type\":\"ReadAction\",\"target\":[\"https:\\\/\\\/techremontas.lt\\\/telefonu-remontas\\\/telefonai\\\/\"]}]},{\"@type\":\"ImageObject\",\"inLanguage\":\"ru-RU\",\"@id\":\"https:\\\/\\\/techremontas.lt\\\/telefonu-remontas\\\/telefonai\\\/#primaryimage\",\"url\":\"https:\\\/\\\/techremontas.lt\\\/wp-content\\\/uploads\\\/2023\\\/03\\\/telefonas.jpg\",\"contentUrl\":\"https:\\\/\\\/techremontas.lt\\\/wp-content\\\/uploads\\\/2023\\\/03\\\/telefonas.jpg\"},{\"@type\":\"BreadcrumbList\",\"@id\":\"https:\\\/\\\/techremontas.lt\\\/telefonu-remontas\\\/telefonai\\\/#breadcrumb\",\"itemListElement\":[{\"@type\":\"ListItem\",\"position\":1,\"name\":\"Pagrindinis\",\"item\":\"https:\\\/\\\/techremontas.lt\\\/\"},{\"@type\":\"ListItem\",\"position\":2,\"name\":\"Profesionalus telefon\u0173 remontas Vilniuje, Kaune, Klaip\u0117doje ir \u0160iauliuose\",\"item\":\"https:\\\/\\\/techremontas.lt\\\/telefonu-remontas\\\/\"},{\"@type\":\"ListItem\",\"position\":3,\"name\":\"Telefonai\"}]},{\"@type\":\"WebSite\",\"@id\":\"https:\\\/\\\/techremontas.lt\\\/#website\",\"url\":\"https:\\\/\\\/techremontas.lt\\\/\",\"name\":\"taisykla Vilniuje, Kaune, Klaip\u0117doje, \u0160iauliuose\",\"description\":\"Modernios el. technikos servisas\",\"potentialAction\":[{\"@type\":\"SearchAction\",\"target\":{\"@type\":\"EntryPoint\",\"urlTemplate\":\"https:\\\/\\\/techremontas.lt\\\/?s={search_term_string}\"},\"query-input\":{\"@type\":\"PropertyValueSpecification\",\"valueRequired\":true,\"valueName\":\"search_term_string\"}}],\"inLanguage\":\"ru-RU\"}]}<\/script>\n<!-- \/ Yoast SEO plugin. -->","yoast_head_json":{"title":"Telefonai - taisykla Vilniuje, Kaune, Klaip\u0117doje, \u0160iauliuose","robots":{"index":"index","follow":"follow","max-snippet":"max-snippet:-1","max-image-preview":"max-image-preview:large","max-video-preview":"max-video-preview:-1"},"canonical":"https:\/\/techremontas.lt\/ru\/telefonu-remontas\/telefonai\/","og_locale":"ru_RU","og_type":"article","og_title":"Telefonai - taisykla Vilniuje, Kaune, Klaip\u0117doje, \u0160iauliuose","og_description":"Parduodame naujus ir naudotus telefonus ypa\u010d geromis kainomis. Visas telefon\u0173 s\u0105ra\u0161as.","og_url":"https:\/\/techremontas.lt\/ru\/telefonu-remontas\/telefonai\/","og_site_name":"taisykla Vilniuje, Kaune, Klaip\u0117doje, \u0160iauliuose","article_modified_time":"2023-03-15T08:25:53+00:00","og_image":[{"url":"https:\/\/techremontas.lt\/wp-content\/uploads\/2023\/03\/telefonas.jpg","type":"","width":"","height":""}],"twitter_card":"summary_large_image","schema":{"@context":"https:\/\/schema.org","@graph":[{"@type":"WebPage","@id":"https:\/\/techremontas.lt\/telefonu-remontas\/telefonai\/","url":"https:\/\/techremontas.lt\/telefonu-remontas\/telefonai\/","name":"Telefonai - taisykla Vilniuje, Kaune, Klaip\u0117doje, \u0160iauliuose","isPartOf":{"@id":"https:\/\/techremontas.lt\/#website"},"primaryImageOfPage":{"@id":"https:\/\/techremontas.lt\/telefonu-remontas\/telefonai\/#primaryimage"},"image":{"@id":"https:\/\/techremontas.lt\/telefonu-remontas\/telefonai\/#primaryimage"},"thumbnailUrl":"https:\/\/techremontas.lt\/wp-content\/uploads\/2023\/03\/telefonas.jpg","datePublished":"2023-03-15T08:25:51+00:00","dateModified":"2023-03-15T08:25:53+00:00","breadcrumb":{"@id":"https:\/\/techremontas.lt\/telefonu-remontas\/telefonai\/#breadcrumb"},"inLanguage":"ru-RU","potentialAction":[{"@type":"ReadAction","target":["https:\/\/techremontas.lt\/telefonu-remontas\/telefonai\/"]}]},{"@type":"ImageObject","inLanguage":"ru-RU","@id":"https:\/\/techremontas.lt\/telefonu-remontas\/telefonai\/#primaryimage","url":"https:\/\/techremontas.lt\/wp-content\/uploads\/2023\/03\/telefonas.jpg","contentUrl":"https:\/\/techremontas.lt\/wp-content\/uploads\/2023\/03\/telefonas.jpg"},{"@type":"BreadcrumbList","@id":"https:\/\/techremontas.lt\/telefonu-remontas\/telefonai\/#breadcrumb","itemListElement":[{"@type":"ListItem","position":1,"name":"Pagrindinis","item":"https:\/\/techremontas.lt\/"},{"@type":"ListItem","position":2,"name":"Profesionalus telefon\u0173 remontas Vilniuje, Kaune, Klaip\u0117doje ir \u0160iauliuose","item":"https:\/\/techremontas.lt\/telefonu-remontas\/"},{"@type":"ListItem","position":3,"name":"Telefonai"}]},{"@type":"WebSite","@id":"https:\/\/techremontas.lt\/#website","url":"https:\/\/techremontas.lt\/","name":"taisykla Vilniuje, Kaune, Klaip\u0117doje, \u0160iauliuose","description":"\u0421\u0435\u0440\u0432\u0438\u0441\u043d\u043e\u0435 \u043e\u0431\u0441\u043b\u0443\u0436\u0438\u0432\u0430\u043d\u0438\u0435 \u0441\u043e\u0432\u0440\u0435\u043c\u0435\u043d\u043d\u044b\u0445 \u044d\u043b\u0435\u043a\u0442\u0440\u043e\u043f\u0440\u0438\u0431\u043e\u0440\u043e\u0432","potentialAction":[{"@type":"SearchAction","target":{"@type":"EntryPoint","urlTemplate":"https:\/\/techremontas.lt\/?s={search_term_string}"},"query-input":{"@type":"PropertyValueSpecification","valueRequired":true,"valueName":"search_term_string"}}],"inLanguage":"ru-RU"}]}},"uagb_featured_image_src":{"full":false,"thumbnail":false,"medium":false,"medium_large":false,"large":false,"1536x1536":false,"2048x2048":false,"trp-custom-language-flag":false,"post-thumbnail":false,"vantage-thumbnail-no-sidebar":false,"vantage-slide":false,"vantage-carousel":false,"vantage-grid-loop":false},"uagb_author_info":{"display_name":"valdymas","author_link":"https:\/\/techremontas.lt\/ru\/author\/valdymas\/"},"uagb_comment_info":0,"uagb_excerpt":"Parduodame naujus ir naudotus telefonus ypa\u010d geromis kainomis. Visas telefon\u0173 s\u0105ra\u0161as.","_links":{"self":[{"href":"https:\/\/techremontas.lt\/ru\/wp-json\/wp\/v2\/pages\/782","targetHints":{"allow":["GET"]}}],"collection":[{"href":"https:\/\/techremontas.lt\/ru\/wp-json\/wp\/v2\/pages"}],"about":[{"href":"https:\/\/techremontas.lt\/ru\/wp-json\/wp\/v2\/types\/page"}],"author":[{"embeddable":true,"href":"https:\/\/techremontas.lt\/ru\/wp-json\/wp\/v2\/users\/1"}],"replies":[{"embeddable":true,"href":"https:\/\/techremontas.lt\/ru\/wp-json\/wp\/v2\/comments?post=782"}],"version-history":[{"count":1,"href":"https:\/\/techremontas.lt\/ru\/wp-json\/wp\/v2\/pages\/782\/revisions"}],"predecessor-version":[{"id":784,"href":"https:\/\/techremontas.lt\/ru\/wp-json\/wp\/v2\/pages\/782\/revisions\/784"}],"up":[{"embeddable":true,"href":"https:\/\/techremontas.lt\/ru\/wp-json\/wp\/v2\/pages\/41"}],"wp:attachment":[{"href":"https:\/\/techremontas.lt\/ru\/wp-json\/wp\/v2\/media?parent=782"}],"curies":[{"name":"wp","href":"https:\/\/api.w.org\/{rel}","templated":true}]}}