{"id":335,"date":"2019-04-11T07:59:22","date_gmt":"2019-04-11T09:59:22","guid":{"rendered":"https:\/\/techremontas.lt\/?page_id=335"},"modified":"2019-04-11T08:02:16","modified_gmt":"2019-04-11T10:02:16","slug":"hyundai-navigacija","status":"publish","type":"page","link":"https:\/\/techremontas.lt\/uk\/hyundai-navigacija\/","title":{"rendered":"\u041d\u0430\u0432\u0456\u0433\u0430\u0446\u0456\u044f Hyundai"},"content":{"rendered":"<h2 class=\"wp-block-heading\"><strong>\u041d\u0430\u0432\u0456\u0433\u0430\u0446\u0456\u0439\u043d\u0456 \u043a\u0430\u0440\u0442\u0438 HYUNDAI (USB)<\/strong><\/h2>\n\n\n\n<p><\/p>\n\n\n\n<p><p>\u0406\u0440\u043b\u0430\u043d\u0434\u0456\u044f, \u0410\u043d\u0434\u043e\u0440\u0440\u0430, \u0410\u0432\u0441\u0442\u0440\u0456\u044f, \u0411\u0435\u043b\u044c\u0433\u0456\u044f, \u0427\u0435\u0445\u0456\u044f, \u0414\u0430\u043d\u0456\u044f, \u0412\u0435\u043b\u0438\u043a\u043e\u0431\u0440\u0438\u0442\u0430\u043d\u0456\u044f, \u0415\u0441\u0442\u043e\u043d\u0456\u044f, \u0413\u0456\u0431\u0440\u0430\u043b\u0442\u0430\u0440, \u0413\u0440\u0435\u0446\u0456\u044f, \u0406\u0441\u043f\u0430\u043d\u0456\u044f, \u0406\u0442\u0430\u043b\u0456\u044f, \u0425\u043e\u0440\u0432\u0430\u0442\u0456\u044f, \u041b\u0456\u0445\u0442\u0435\u043d\u0448\u0442\u0435\u0439\u043d, \u041b\u0430\u0442\u0432\u0456\u044f, \u041f\u043e\u043b\u044c\u0449\u0430, <strong>\u041b\u0438\u0442\u0432\u0430 (\u0434\u043e\u043a\u043b\u0430\u0434\u043d\u0456\u0448\u0435)<\/strong>\u041b\u044e\u043a\u0441\u0435\u043c\u0431\u0443\u0440\u0433, \u041c\u043e\u043d\u0430\u043a\u043e, \u041d\u043e\u0440\u0432\u0435\u0433\u0456\u044f, \u041d\u0456\u0434\u0435\u0440\u043b\u0430\u043d\u0434\u0438, \u041f\u043e\u0440\u0442\u0443\u0433\u0430\u043b\u0456\u044f, \u0424\u0440\u0430\u043d\u0446\u0456\u044f, \u0420\u043e\u0441\u0456\u044f, \u0421\u0430\u043d-\u041c\u0430\u0440\u0438\u043d\u043e, \u0421\u043b\u043e\u0432\u0430\u0447\u0447\u0438\u043d\u0430, \u0421\u043b\u043e\u0432\u0435\u043d\u0456\u044f, \u0424\u0456\u043d\u043b\u044f\u043d\u0434\u0456\u044f, \u0428\u0432\u0435\u0446\u0456\u044f, \u0428\u0432\u0435\u0439\u0446\u0430\u0440\u0456\u044f, \u0412\u0430\u0442\u0438\u043a\u0430\u043d, \u0423\u0433\u043e\u0440\u0449\u0438\u043d\u0430, \u041d\u0456\u043c\u0435\u0447\u0447\u0438\u043d\u0430. <br><br><em> - Hyundai i35 \u0437 2009 \u0440\u043e\u043a\u0443<br> - Hyundai Santa Fe \u0437 2010 \u0440\u043e\u043a\u0443<br> - Hyundai i20 \u0437 2010 \u0440\u043e\u043a\u0443<br> - Hyundai i40 \u0437 2011 \u0440\u043e\u043a\u0443<br> - Hyundai Veloster \u0437 2011 \u0440\u043e\u043a\u0443 <\/em><br><br> \u0413\u0430\u0440\u0430\u043d\u0442\u0456\u044f 12 \u043c\u0456\u0441\u044f\u0446\u0456\u0432. | \u0412\u0456\u043b\u044c\u043d\u044e\u0441 \u0442\u0430 \u041a\u0430\u0443\u043d\u0430\u0441 | \u041d\u0430\u0439\u043a\u0440\u0430\u0449\u0430 \u0446\u0456\u043d\u0430<\/p><\/p>\n\n\n\n<h2 class=\"wp-block-heading\"><strong>\u041d\u0430\u0432\u0456\u0433\u0430\u0446\u0456\u0439\u043d\u0456 \u043a\u0430\u0440\u0442\u0438 HYUNDAI (\"Turn by Turn\")<\/strong><\/h2>\n\n\n\n<p>CD 1 - \u0411\u0435\u043b\u044c\u0433\u0456\u044f, \u041d\u0456\u0434\u0435\u0440\u043b\u0430\u043d\u0434\u0438, \u041b\u044e\u043a\u0441\u0435\u043c\u0431\u0443\u0440\u0433<br>CD 2 - Ausrtia, \u041b\u0456\u0445\u0442\u0435\u043d\u0448\u0442\u0435\u0439\u043d, \u0428\u0432\u0435\u0439\u0446\u0430\u0440\u0456\u044f, \u043f. \u041d\u0456\u043c\u0435\u0447\u0447\u0438\u043d\u0430, \u0448\u0432. \u0406\u0442\u0430\u043b\u0456\u044f<br>CD 3 - \u0411\u043e\u043b\u0433\u0430\u0440\u0456\u044f, \u0427\u0435\u0445\u0456\u044f, \u0415\u0441\u0442\u043e\u043d\u0456\u044f, \u0425\u043e\u0440\u0432\u0430\u0442\u0456\u044f, \u041b\u0430\u0442\u0432\u0456\u044f, \u0415\u0441\u0442\u043e\u043d\u0456\u044f, <strong>\u041b\u0438\u0442\u0432\u0430 (\u0434\u043e\u043a\u043b\u0430\u0434\u043d\u0456\u0448\u0435)<\/strong>\u041f\u043e\u043b\u044c\u0449\u0430, \u0420\u0443\u043c\u0443\u043d\u0456\u044f, \u0421\u043b\u043e\u0432\u0430\u0447\u0447\u0438\u043d\u0430, \u0421\u043b\u043e\u0432\u0435\u043d\u0456\u044f, \u0423\u0433\u043e\u0440\u0449\u0438\u043d\u0430, \u041f\u043e\u043b\u044c\u0449\u0430, \u0420\u0443\u043c\u0443\u043d\u0456\u044f, \u0421\u043b\u043e\u0432\u0430\u0447\u0447\u0438\u043d\u0430, \u0421\u043b\u043e\u0432\u0435\u043d\u0456\u044f, \u0423\u0433\u043e\u0440\u0449\u0438\u043d\u0430<br>CD 4 - sh. \u0424\u0440\u0430\u043d\u0446\u0456\u044f<br>CD 5 - \u0441. \u0424\u0440\u0430\u043d\u0446\u0456\u044f<br>CD 6 - \u0410\u043d\u0433\u043b\u0456\u044f, \u0428\u043e\u0442\u043b\u0430\u043d\u0434\u0456\u044f, \u0406\u0440\u043b\u0430\u043d\u0434\u0456\u044f<br>CD 7 - \u041d\u0456\u043c\u0435\u0447\u0447\u0438\u043d\u0430<br>CD 8 - \u0406\u0442\u0430\u043b\u0456\u044f, \u0421\u0430\u043d-\u041c\u0430\u0440\u0438\u043d\u043e, \u0412\u0430\u0442\u0438\u043a\u0430\u043d, \u0413\u0440\u0435\u0446\u0456\u044f<br>CD 9 - \u0414\u0430\u043d\u0456\u044f, \u0428\u0432\u0435\u0446\u0456\u044f, \u0424\u0456\u043d\u043b\u044f\u043d\u0434\u0456\u044f, \u041d\u043e\u0440\u0432\u0435\u0433\u0456\u044f<br>CD 10 - \u0406\u0441\u043f\u0430\u043d\u0456\u044f, \u041f\u043e\u0440\u0442\u0443\u0433\u0430\u043b\u0456\u044f<br>CD 11 - \u041a\u0430\u0440\u0442\u0438 \u043e\u0441\u043d\u043e\u0432\u043d\u0438\u0445 \u0434\u043e\u0440\u0456\u0433 \u0404\u0432\u0440\u043e\u043f\u0438. <br><br><em>\u041d\u0430 \u0440\u0456\u0437\u043d\u0438\u0445 \u0430\u0432\u0442\u043e\u043c\u043e\u0431\u0456\u043b\u044f\u0445 Hyundai \u0434\u043e 2010 \u0440\u043e\u043a\u0443 \u0432\u0438\u043f\u0443\u0441\u043a\u0443.<\/em><br><br>\u0413\u0430\u0440\u0430\u043d\u0442\u0456\u044f 12 \u043c\u0456\u0441\u044f\u0446\u0456\u0432. | \u0412\u0456\u043b\u044c\u043d\u044e\u0441 \u0442\u0430 \u041a\u0430\u0443\u043d\u0430\u0441 | \u041d\u0430\u0439\u043a\u0440\u0430\u0449\u0430 \u0446\u0456\u043d\u0430<\/p><hr\/>","protected":false},"excerpt":{"rendered":"<p>HYUNDAI navigacijos \u017eem\u0117lapiai (USB) Airija, Andora, Austrija, Belgija, \u010cekija, Danija, D. Britanija, Estija, Gibraltaras, Graikija, Ispanija, Italija, Kroatija, Lichten\u0161teinas, Latvija, Lenkija, Lietuva (detalus), Liuksemburgas, Monakas, Norvegija, Olandija, Portugalija, Pranc\u016bzija, Rusija, San Marinas, Slovakija, Slov\u0117nija, Suomija, \u0160vedija, \u0160veicarija, Vatikanas, Vengrija, Vokietija. \u2022 Hyundai i35 nuo 2009 \u2022 Hyundai Santa Fe nuo 2010 \u2022 Hyundai i20 nuo [&hellip;]<\/p>\n","protected":false},"author":1,"featured_media":0,"parent":0,"menu_order":0,"comment_status":"closed","ping_status":"closed","template":"","meta":{"_uag_custom_page_level_css":"","footnotes":""},"class_list":["post-335","page","type-page","status-publish","hentry","post"],"yoast_head":"<!-- This site is optimized with the Yoast SEO plugin v27.3 - https:\/\/yoast.com\/product\/yoast-seo-wordpress\/ -->\n<title>Hyundai navigacija - taisykla Vilniuje, Kaune, Klaip\u0117doje, \u0160iauliuose<\/title>\n<meta name=\"description\" content=\"HYUNDAI navigacijos \u017eem\u0117lapiai Vilniuje ir Kaune geriausia kaina. 12 m\u0117n. garantija. Tel. nr. 8 (655) 00790 \/ 8 (684) 09811\" \/>\n<meta name=\"robots\" content=\"index, follow, max-snippet:-1, max-image-preview:large, max-video-preview:-1\" \/>\n<link rel=\"canonical\" href=\"https:\/\/techremontas.lt\/uk\/hyundai-navigacija\/\" \/>\n<meta property=\"og:locale\" content=\"uk_UA\" \/>\n<meta property=\"og:type\" content=\"article\" \/>\n<meta property=\"og:title\" content=\"Hyundai navigacija - taisykla Vilniuje, Kaune, Klaip\u0117doje, \u0160iauliuose\" \/>\n<meta property=\"og:description\" content=\"HYUNDAI navigacijos \u017eem\u0117lapiai Vilniuje ir Kaune geriausia kaina. 12 m\u0117n. garantija. Tel. nr. 8 (655) 00790 \/ 8 (684) 09811\" \/>\n<meta property=\"og:url\" content=\"https:\/\/techremontas.lt\/uk\/hyundai-navigacija\/\" \/>\n<meta property=\"og:site_name\" content=\"taisykla Vilniuje, Kaune, Klaip\u0117doje, \u0160iauliuose\" \/>\n<meta property=\"article:modified_time\" content=\"2019-04-11T10:02:16+00:00\" \/>\n<meta name=\"twitter:card\" content=\"summary_large_image\" \/>\n<meta name=\"twitter:label1\" content=\"\u041f\u0440\u0438\u0431\u043b. \u0447\u0430\u0441 \u0447\u0438\u0442\u0430\u043d\u043d\u044f\" \/>\n\t<meta name=\"twitter:data1\" content=\"1 \u0445\u0432\u0438\u043b\u0438\u043d\u0430\" \/>\n<script type=\"application\/ld+json\" class=\"yoast-schema-graph\">{\"@context\":\"https:\\\/\\\/schema.org\",\"@graph\":[{\"@type\":\"WebPage\",\"@id\":\"https:\\\/\\\/techremontas.lt\\\/hyundai-navigacija\\\/\",\"url\":\"https:\\\/\\\/techremontas.lt\\\/hyundai-navigacija\\\/\",\"name\":\"Hyundai navigacija - taisykla Vilniuje, Kaune, Klaip\u0117doje, \u0160iauliuose\",\"isPartOf\":{\"@id\":\"https:\\\/\\\/techremontas.lt\\\/#website\"},\"datePublished\":\"2019-04-11T09:59:22+00:00\",\"dateModified\":\"2019-04-11T10:02:16+00:00\",\"description\":\"HYUNDAI navigacijos \u017eem\u0117lapiai Vilniuje ir Kaune geriausia kaina. 12 m\u0117n. garantija. Tel. nr. 8 (655) 00790 \\\/ 8 (684) 09811\",\"breadcrumb\":{\"@id\":\"https:\\\/\\\/techremontas.lt\\\/hyundai-navigacija\\\/#breadcrumb\"},\"inLanguage\":\"uk\",\"potentialAction\":[{\"@type\":\"ReadAction\",\"target\":[\"https:\\\/\\\/techremontas.lt\\\/hyundai-navigacija\\\/\"]}]},{\"@type\":\"BreadcrumbList\",\"@id\":\"https:\\\/\\\/techremontas.lt\\\/hyundai-navigacija\\\/#breadcrumb\",\"itemListElement\":[{\"@type\":\"ListItem\",\"position\":1,\"name\":\"Pagrindinis\",\"item\":\"https:\\\/\\\/techremontas.lt\\\/\"},{\"@type\":\"ListItem\",\"position\":2,\"name\":\"Hyundai navigacija\"}]},{\"@type\":\"WebSite\",\"@id\":\"https:\\\/\\\/techremontas.lt\\\/#website\",\"url\":\"https:\\\/\\\/techremontas.lt\\\/\",\"name\":\"taisykla Vilniuje, Kaune, Klaip\u0117doje, \u0160iauliuose\",\"description\":\"Modernios el. technikos servisas\",\"potentialAction\":[{\"@type\":\"SearchAction\",\"target\":{\"@type\":\"EntryPoint\",\"urlTemplate\":\"https:\\\/\\\/techremontas.lt\\\/?s={search_term_string}\"},\"query-input\":{\"@type\":\"PropertyValueSpecification\",\"valueRequired\":true,\"valueName\":\"search_term_string\"}}],\"inLanguage\":\"uk\"}]}<\/script>\n<!-- \/ Yoast SEO plugin. -->","yoast_head_json":{"title":"Hyundai navigacija - taisykla Vilniuje, Kaune, Klaip\u0117doje, \u0160iauliuose","description":"\u041d\u0430\u0432\u0456\u0433\u0430\u0446\u0456\u0439\u043d\u0456 \u043a\u0430\u0440\u0442\u0438 HYUNDAI \u0443 \u0412\u0456\u043b\u044c\u043d\u044e\u0441\u0456 \u0442\u0430 \u041a\u0430\u0443\u043d\u0430\u0441\u0456 \u0437\u0430 \u043d\u0430\u0439\u043a\u0440\u0430\u0449\u043e\u044e \u0446\u0456\u043d\u043e\u044e. \u0413\u0430\u0440\u0430\u043d\u0442\u0456\u044f 12 \u043c\u0456\u0441\u044f\u0446\u0456\u0432. \u0422\u0435\u043b. 8 (655) 00790 \/ 8 (684) 09811","robots":{"index":"index","follow":"follow","max-snippet":"max-snippet:-1","max-image-preview":"max-image-preview:large","max-video-preview":"max-video-preview:-1"},"canonical":"https:\/\/techremontas.lt\/uk\/hyundai-navigacija\/","og_locale":"uk_UA","og_type":"article","og_title":"Hyundai navigacija - taisykla Vilniuje, Kaune, Klaip\u0117doje, \u0160iauliuose","og_description":"HYUNDAI navigacijos \u017eem\u0117lapiai Vilniuje ir Kaune geriausia kaina. 12 m\u0117n. garantija. Tel. nr. 8 (655) 00790 \/ 8 (684) 09811","og_url":"https:\/\/techremontas.lt\/uk\/hyundai-navigacija\/","og_site_name":"taisykla Vilniuje, Kaune, Klaip\u0117doje, \u0160iauliuose","article_modified_time":"2019-04-11T10:02:16+00:00","twitter_card":"summary_large_image","twitter_misc":{"\u041f\u0440\u0438\u0431\u043b. \u0447\u0430\u0441 \u0447\u0438\u0442\u0430\u043d\u043d\u044f":"1 \u0445\u0432\u0438\u043b\u0438\u043d\u0430"},"schema":{"@context":"https:\/\/schema.org","@graph":[{"@type":"WebPage","@id":"https:\/\/techremontas.lt\/hyundai-navigacija\/","url":"https:\/\/techremontas.lt\/hyundai-navigacija\/","name":"Hyundai navigacija - taisykla Vilniuje, Kaune, Klaip\u0117doje, \u0160iauliuose","isPartOf":{"@id":"https:\/\/techremontas.lt\/#website"},"datePublished":"2019-04-11T09:59:22+00:00","dateModified":"2019-04-11T10:02:16+00:00","description":"\u041d\u0430\u0432\u0456\u0433\u0430\u0446\u0456\u0439\u043d\u0456 \u043a\u0430\u0440\u0442\u0438 HYUNDAI \u0443 \u0412\u0456\u043b\u044c\u043d\u044e\u0441\u0456 \u0442\u0430 \u041a\u0430\u0443\u043d\u0430\u0441\u0456 \u0437\u0430 \u043d\u0430\u0439\u043a\u0440\u0430\u0449\u043e\u044e \u0446\u0456\u043d\u043e\u044e. \u0413\u0430\u0440\u0430\u043d\u0442\u0456\u044f 12 \u043c\u0456\u0441\u044f\u0446\u0456\u0432. \u0422\u0435\u043b. 8 (655) 00790 \/ 8 (684) 09811","breadcrumb":{"@id":"https:\/\/techremontas.lt\/hyundai-navigacija\/#breadcrumb"},"inLanguage":"uk","potentialAction":[{"@type":"ReadAction","target":["https:\/\/techremontas.lt\/hyundai-navigacija\/"]}]},{"@type":"BreadcrumbList","@id":"https:\/\/techremontas.lt\/hyundai-navigacija\/#breadcrumb","itemListElement":[{"@type":"ListItem","position":1,"name":"Pagrindinis","item":"https:\/\/techremontas.lt\/"},{"@type":"ListItem","position":2,"name":"Hyundai navigacija"}]},{"@type":"WebSite","@id":"https:\/\/techremontas.lt\/#website","url":"https:\/\/techremontas.lt\/","name":"taisykla Vilniuje, Kaune, Klaip\u0117doje, \u0160iauliuose","description":"\u041e\u0431\u0441\u043b\u0443\u0433\u043e\u0432\u0443\u0432\u0430\u043d\u043d\u044f \u0441\u0443\u0447\u0430\u0441\u043d\u0438\u0445 \u0435\u043b\u0435\u043a\u0442\u0440\u043e\u043f\u0440\u0438\u043b\u0430\u0434\u0456\u0432","potentialAction":[{"@type":"SearchAction","target":{"@type":"EntryPoint","urlTemplate":"https:\/\/techremontas.lt\/?s={search_term_string}"},"query-input":{"@type":"PropertyValueSpecification","valueRequired":true,"valueName":"search_term_string"}}],"inLanguage":"uk"}]}},"uagb_featured_image_src":{"full":false,"thumbnail":false,"medium":false,"medium_large":false,"large":false,"1536x1536":false,"2048x2048":false,"trp-custom-language-flag":false,"post-thumbnail":false,"vantage-thumbnail-no-sidebar":false,"vantage-slide":false,"vantage-carousel":false,"vantage-grid-loop":false},"uagb_author_info":{"display_name":"valdymas","author_link":"https:\/\/techremontas.lt\/uk\/author\/valdymas\/"},"uagb_comment_info":0,"uagb_excerpt":"HYUNDAI navigacijos \u017eem\u0117lapiai (USB) Airija, Andora, Austrija, Belgija, \u010cekija, Danija, D. Britanija, Estija, Gibraltaras, Graikija, Ispanija, Italija, Kroatija, Lichten\u0161teinas, Latvija, Lenkija, Lietuva (detalus), Liuksemburgas, Monakas, Norvegija, Olandija, Portugalija, Pranc\u016bzija, Rusija, San Marinas, Slovakija, Slov\u0117nija, Suomija, \u0160vedija, \u0160veicarija, Vatikanas, Vengrija, Vokietija. \u2022 Hyundai i35 nuo 2009 \u2022 Hyundai Santa Fe nuo 2010 \u2022 Hyundai i20 nuo&hellip;","_links":{"self":[{"href":"https:\/\/techremontas.lt\/uk\/wp-json\/wp\/v2\/pages\/335","targetHints":{"allow":["GET"]}}],"collection":[{"href":"https:\/\/techremontas.lt\/uk\/wp-json\/wp\/v2\/pages"}],"about":[{"href":"https:\/\/techremontas.lt\/uk\/wp-json\/wp\/v2\/types\/page"}],"author":[{"embeddable":true,"href":"https:\/\/techremontas.lt\/uk\/wp-json\/wp\/v2\/users\/1"}],"replies":[{"embeddable":true,"href":"https:\/\/techremontas.lt\/uk\/wp-json\/wp\/v2\/comments?post=335"}],"version-history":[{"count":2,"href":"https:\/\/techremontas.lt\/uk\/wp-json\/wp\/v2\/pages\/335\/revisions"}],"predecessor-version":[{"id":338,"href":"https:\/\/techremontas.lt\/uk\/wp-json\/wp\/v2\/pages\/335\/revisions\/338"}],"wp:attachment":[{"href":"https:\/\/techremontas.lt\/uk\/wp-json\/wp\/v2\/media?parent=335"}],"curies":[{"name":"wp","href":"https:\/\/api.w.org\/{rel}","templated":true}]}}