{"id":465,"date":"2019-04-12T06:11:26","date_gmt":"2019-04-12T08:11:26","guid":{"rendered":"https:\/\/techremontas.lt\/?page_id=465"},"modified":"2019-04-12T06:21:11","modified_gmt":"2019-04-12T08:21:11","slug":"seat-navigacija","status":"publish","type":"page","link":"https:\/\/techremontas.lt\/uk\/seat-navigacija\/","title":{"rendered":"\u041d\u0430\u0432\u0456\u0433\u0430\u0446\u0456\u044f \u0441\u0438\u0434\u0456\u043d\u044c"},"content":{"rendered":"<h2 class=\"wp-block-heading\"><strong>\u041d\u0430\u0432\u0456\u0433\u0430\u0446\u0456\u0439\u043d\u0456 \u043a\u0430\u0440\u0442\u0438 SEAT (RNS Mediasystem)<\/strong><\/h2>\n\n\n<p>CD 1 - \u0410\u043d\u0434\u043e\u0440\u0440\u0430, \u0410\u0432\u0441\u0442\u0440\u0456\u044f, \u0411\u0435\u043b\u044c\u0433\u0456\u044f, \u0427\u0435\u0445\u0456\u044f, \u0414\u0430\u043d\u0456\u044f, \u0424\u0456\u043d\u043b\u044f\u043d\u0434\u0456\u044f, \u0424\u0440\u0430\u043d\u0446\u0456\u044f, \u041d\u0456\u043c\u0435\u0447\u0447\u0438\u043d\u0430, \u0413\u0440\u0435\u0446\u0456\u044f, \u0423\u0433\u043e\u0440\u0449\u0438\u043d\u0430, \u0406\u0440\u043b\u0430\u043d\u0434\u0456\u044f, \u0413\u0456\u0431\u0440\u0430\u043b\u0442\u0430\u0440, \u0406\u0442\u0430\u043b\u0456\u044f, \u041b\u0456\u0445\u0442\u0435\u043d\u0448\u0442\u0435\u0439\u043d, \u041b\u044e\u043a\u0441\u0435\u043c\u0431\u0443\u0440\u0433, \u041c\u043e\u043d\u0430\u043a\u043e, \u041d\u0456\u0434\u0435\u0440\u043b\u0430\u043d\u0434\u0438, \u041d\u043e\u0440\u0432\u0435\u0433\u0456\u044f, \u041f\u043e\u0440\u0442\u0443\u0433\u0430\u043b\u0456\u044f, \u0406\u0441\u043f\u0430\u043d\u0456\u044f, \u0421\u043b\u043e\u0432\u0430\u0447\u0447\u0438\u043d\u0430, \u0428\u0432\u0435\u0446\u0456\u044f, \u0428\u0432\u0435\u0439\u0446\u0430\u0440\u0456\u044f, \u0412\u0430\u0442\u0438\u043a\u0430\u043d, \u0412\u0435\u043b\u0438\u043a\u043e\u0431\u0440\u0438\u0442\u0430\u043d\u0456\u044f <br \/>CD 2 - \u0410\u043b\u0431\u0430\u043d\u0456\u044f, \u0410\u0432\u0441\u0442\u0440\u0456\u044f, \u0411\u0456\u043b\u043e\u0440\u0443\u0441\u044c, \u0411\u043e\u043b\u0433\u0430\u0440\u0456\u044f, \u0411\u043e\u0441\u043d\u0456\u044f \u0456 \u0413\u0435\u0440\u0446\u0435\u0433\u043e\u0432\u0438\u043d\u0430, \u0425\u043e\u0440\u0432\u0430\u0442\u0456\u044f, \u0427\u0435\u0445\u0456\u044f, \u0414\u0430\u043d\u0456\u044f, \u0415\u0441\u0442\u043e\u043d\u0456\u044f, \u0413\u0440\u0435\u0446\u0456\u044f, \u0406\u0442\u0430\u043b\u0456\u044f, \u0425\u043e\u0440\u0432\u0430\u0442\u0456\u044f, \u0427\u043e\u0440\u043d\u043e\u0433\u043e\u0440\u0456\u044f, \u041f\u043e\u043b\u044c\u0449\u0430, \u041b\u0430\u0442\u0432\u0456\u044f, <strong>\u041b\u0438\u0442\u0432\u0430 (\u0434\u043e\u043a\u043b\u0430\u0434\u043d\u0456\u0448\u0435)<\/strong> \u0420\u0443\u043c\u0443\u043d\u0456\u044f, \u0421\u0435\u0440\u0431\u0456\u044f, \u0421\u043b\u043e\u0432\u0430\u0447\u0447\u0438\u043d\u0430, \u0421\u043b\u043e\u0432\u0435\u043d\u0456\u044f, \u0424\u0456\u043d\u043b\u044f\u043d\u0434\u0456\u044f, \u0428\u0432\u0435\u0439\u0446\u0430\u0440\u0456\u044f, \u0428\u0432\u0435\u0446\u0456\u044f, \u0423\u0433\u043e\u0440\u0449\u0438\u043d\u0430, \u041d\u0456\u043c\u0435\u0447\u0447\u0438\u043d\u0430. <br \/><br \/><em>\u0417\u0430\u0432\u043e\u0434\u0441\u044c\u043a\u0430 GPS-\u043d\u0430\u0432\u0456\u0433\u0430\u0446\u0456\u0439\u043d\u0430 \u0441\u0438\u0441\u0442\u0435\u043c\u0430 SEAT RNS DVD Mediasystem. <\/em><br \/><br \/>\u0413\u0430\u0440\u0430\u043d\u0442\u0456\u044f 12 \u043c\u0456\u0441\u044f\u0446\u0456\u0432. | \u0412\u0456\u043b\u044c\u043d\u044e\u0441 \u0442\u0430 \u041a\u0430\u0443\u043d\u0430\u0441 | \u041d\u0430\u0439\u043a\u0440\u0430\u0449\u0430 \u0446\u0456\u043d\u0430<\/p>\n<hr \/>\n\n\n<h2 class=\"wp-block-heading\"><strong>\u041d\u0430\u0432\u0456\u0433\u0430\u0446\u0456\u0439\u043d\u0456 \u043a\u0430\u0440\u0442\u0438 SEAT (RNS Mediasystem 2.0)  <\/strong><\/h2>\n\n\n<p>CD 1 - \u0410\u043d\u0434\u043e\u0440\u0440\u0430, \u0410\u0432\u0441\u0442\u0440\u0456\u044f, \u0411\u0435\u043b\u044c\u0433\u0456\u044f, \u0427\u0435\u0445\u0456\u044f, \u0414\u0430\u043d\u0456\u044f, \u0424\u0456\u043d\u043b\u044f\u043d\u0434\u0456\u044f, \u0424\u0440\u0430\u043d\u0446\u0456\u044f, \u041d\u0456\u043c\u0435\u0447\u0447\u0438\u043d\u0430, \u0413\u0440\u0435\u0446\u0456\u044f, \u0423\u0433\u043e\u0440\u0449\u0438\u043d\u0430, \u0406\u0440\u043b\u0430\u043d\u0434\u0456\u044f, \u0413\u0456\u0431\u0440\u0430\u043b\u0442\u0430\u0440, \u0406\u0442\u0430\u043b\u0456\u044f, \u041b\u0456\u0445\u0442\u0435\u043d\u0448\u0442\u0435\u0439\u043d, \u041b\u044e\u043a\u0441\u0435\u043c\u0431\u0443\u0440\u0433, \u041c\u043e\u043d\u0430\u043a\u043e, \u041d\u0456\u0434\u0435\u0440\u043b\u0430\u043d\u0434\u0438, \u041d\u043e\u0440\u0432\u0435\u0433\u0456\u044f, \u041f\u043e\u0440\u0442\u0443\u0433\u0430\u043b\u0456\u044f, \u0406\u0441\u043f\u0430\u043d\u0456\u044f, \u0421\u043b\u043e\u0432\u0430\u0447\u0447\u0438\u043d\u0430, \u0428\u0432\u0435\u0446\u0456\u044f, \u0428\u0432\u0435\u0439\u0446\u0430\u0440\u0456\u044f, \u0412\u0430\u0442\u0438\u043a\u0430\u043d, \u0412\u0435\u043b\u0438\u043a\u043e\u0431\u0440\u0438\u0442\u0430\u043d\u0456\u044f <br \/>CD 2 - \u0410\u043b\u0431\u0430\u043d\u0456\u044f, \u0410\u0432\u0441\u0442\u0440\u0456\u044f, \u0411\u0456\u043b\u043e\u0440\u0443\u0441\u044c, \u0411\u043e\u043b\u0433\u0430\u0440\u0456\u044f, \u0411\u043e\u0441\u043d\u0456\u044f \u0456 \u0413\u0435\u0440\u0446\u0435\u0433\u043e\u0432\u0438\u043d\u0430, \u0425\u043e\u0440\u0432\u0430\u0442\u0456\u044f, \u0427\u0435\u0445\u0456\u044f, \u0414\u0430\u043d\u0456\u044f, \u0415\u0441\u0442\u043e\u043d\u0456\u044f, \u0413\u0440\u0435\u0446\u0456\u044f, \u0406\u0442\u0430\u043b\u0456\u044f, \u0425\u043e\u0440\u0432\u0430\u0442\u0456\u044f, \u0427\u043e\u0440\u043d\u043e\u0433\u043e\u0440\u0456\u044f, \u041f\u043e\u043b\u044c\u0449\u0430, \u041b\u0430\u0442\u0432\u0456\u044f, <strong>\u041b\u0438\u0442\u0432\u0430 (\u0434\u043e\u043a\u043b\u0430\u0434\u043d\u0456\u0448\u0435)<\/strong>\u0420\u0443\u043c\u0443\u043d\u0456\u044f, \u0421\u0435\u0440\u0431\u0456\u044f, \u0421\u043b\u043e\u0432\u0430\u0447\u0447\u0438\u043d\u0430, \u0421\u043b\u043e\u0432\u0435\u043d\u0456\u044f, \u0428\u0432\u0435\u0439\u0446\u0430\u0440\u0456\u044f, \u0423\u0433\u043e\u0440\u0449\u0438\u043d\u0430, \u041d\u0456\u043c\u0435\u0447\u0447\u0438\u043d\u0430. <br \/><br \/>\u0421\u0442\u0430\u0440\u0456\u0448\u0456 \u043a\u0430\u0440\u0442\u0438<br \/>CD 1 - \u041e\u0441\u043d\u043e\u0432\u043d\u0456 \u0434\u043e\u0440\u043e\u0436\u043d\u0456 \u043a\u0430\u0440\u0442\u0438 38 \u0454\u0432\u0440\u043e\u043f\u0435\u0439\u0441\u044c\u043a\u0438\u0445 \u043a\u0440\u0430\u0457\u043d.<br \/>CD 2 - \u0410\u0432\u0441\u0442\u0440\u0456\u044f, \u0428\u0432\u0435\u0439\u0446\u0430\u0440\u0456\u044f, \u041b\u0456\u0445\u0442\u0435\u043d\u0448\u0442\u0435\u0439\u043d, \u0441\u0445\u0456\u0434\u043d\u0430 \u0424\u0440\u0430\u043d\u0446\u0456\u044f, \u043f\u0456\u0432\u0434\u0435\u043d\u043d\u0430 \u041d\u0456\u043c\u0435\u0447\u0447\u0438\u043d\u0430, \u043f\u0456\u0432\u043d\u0456\u0447\u043d\u0430 \u0406\u0442\u0430\u043b\u0456\u044f, \u0423\u0433\u043e\u0440\u0449\u0438\u043d\u0430 \u0434\u043e \u0411\u0443\u0434\u0430\u043f\u0435\u0448\u0442\u0430.<br \/>CD 3 - \u0411\u0435\u043b\u044c\u0433\u0456\u044f, \u041d\u0456\u0434\u0435\u0440\u043b\u0430\u043d\u0434\u0438, \u041b\u044e\u043a\u0441\u0435\u043c\u0431\u0443\u0440\u0433<br \/>CD 4 - \u0406\u0440\u043b\u0430\u043d\u0434\u0456\u044f, \u0412\u0435\u043b\u0438\u043a\u0430 \u0411\u0440\u0438\u0442\u0430\u043d\u0456\u044f, \u0432\u043a\u043b\u044e\u0447\u0430\u044e\u0447\u0438 \u0410\u043d\u0433\u043b\u0456\u044e, \u041f\u0456\u0432\u043d\u0456\u0447\u043d\u0443 \u0406\u0440\u043b\u0430\u043d\u0434\u0456\u044e, \u0428\u043e\u0442\u043b\u0430\u043d\u0434\u0456\u044e \u0442\u0430 \u0423\u0435\u043b\u044c\u0441.<br \/>CD 5 - \u041d\u0456\u043c\u0435\u0447\u0447\u0438\u043d\u0430.<br \/>CD 6 - \u0413\u0440\u0435\u0446\u0456\u044f, \u0425\u043e\u0440\u0432\u0430\u0442\u0456\u044f, \u0421\u043b\u043e\u0432\u0435\u043d\u0456\u044f.<br \/>CD 7 - \u0406\u0441\u043f\u0430\u043d\u0456\u044f, \u041f\u043e\u0440\u0442\u0443\u0433\u0430\u043b\u0456\u044f, \u0413\u0456\u0431\u0440\u0430\u043b\u0442\u0430\u0440, \u0410\u043d\u0434\u043e\u0440\u0440\u0430.<br \/>CD 8 - \u0406\u0442\u0430\u043b\u0456\u044f, \u0421\u0430\u043d-\u041c\u0430\u0440\u0438\u043d\u043e, \u0412\u0430\u0442\u0438\u043a\u0430\u043d.<br \/>CD 9 - \u041f\u043e\u043b\u044c\u0449\u0430, <strong>\u041b\u0438\u0442\u0432\u0430 (\u0434\u043e\u043a\u043b\u0430\u0434\u043d\u0456\u0448\u0435) <\/strong>\u041b\u0430\u0442\u0432\u0456\u044f, \u0415\u0441\u0442\u043e\u043d\u0456\u044f.<br \/>CD 10 - \u0414\u0430\u043d\u0456\u044f, \u041d\u043e\u0440\u0432\u0435\u0433\u0456\u044f, \u0424\u0456\u043d\u043b\u044f\u043d\u0434\u0456\u044f, \u0428\u0432\u0435\u0446\u0456\u044f.<br \/>CD 11 - \u0422\u0443\u0440\u0435\u0447\u0447\u0438\u043d\u0430<br \/>CD 12 - \u0424\u0440\u0430\u043d\u0446\u0456\u044f, \u041c\u043e\u043d\u0430\u043a\u043e.<br \/>CD 13 - \u0427\u0435\u0445\u0456\u044f, \u0421\u043b\u043e\u0432\u0430\u0447\u0447\u0438\u043d\u0430, \u0423\u0433\u043e\u0440\u0449\u0438\u043d\u0430. <br \/><br \/><em>Seat Altea \u0437 2009\/03 <\/em><br \/><em>Seat Ibisa \u0437 2009\/03 <\/em><br \/><em>Seat Toledo \u0437 2009\/03 <\/em> <br \/><br \/>\u0413\u0430\u0440\u0430\u043d\u0442\u0456\u044f 12 \u043c\u0456\u0441\u044f\u0446\u0456\u0432. | \u0412\u0456\u043b\u044c\u043d\u044e\u0441 \u0442\u0430 \u041a\u0430\u0443\u043d\u0430\u0441 | \u041d\u0430\u0439\u043a\u0440\u0430\u0449\u0430 \u0446\u0456\u043d\u0430<\/p>\n<hr \/>\n\n\n<h2 class=\"wp-block-heading\"><strong>\u041d\u0430\u0432\u0456\u0433\u0430\u0446\u0456\u0439\u043d\u0456 \u043a\u0430\u0440\u0442\u0438 SEAT (RNS Mediasystem 2.1 \/ 2.2) <\/strong><\/h2>\n\n\n<p>SD 1 -\u0410\u043d\u0434\u043e\u0440\u0440\u0430, \u0410\u0432\u0441\u0442\u0440\u0456\u044f, \u0411\u0435\u043b\u044c\u0433\u0456\u044f, \u0411\u0435\u043b\u044c\u0433\u0456\u044f, \u0427\u0435\u0445\u0456\u044f, \u0414\u0430\u043d\u0456\u044f, \u0424\u0456\u043d\u043b\u044f\u043d\u0434\u0456\u044f, \u0424\u0440\u0430\u043d\u0446\u0456\u044f, \u041d\u0456\u043c\u0435\u0447\u0447\u0438\u043d\u0430, \u0413\u0440\u0435\u0446\u0456\u044f, \u0413\u0456\u0431\u0440\u0430\u043b\u0442\u0430\u0440, \u0423\u0433\u043e\u0440\u0449\u0438\u043d\u0430, \u0406\u0440\u043b\u0430\u043d\u0434\u0456\u044f, \u0406\u0442\u0430\u043b\u0456\u044f, \u041b\u0456\u0445\u0442\u0435\u043d\u0448\u0442\u0435\u0439\u043d, \u041b\u044e\u043a\u0441\u0435\u043c\u0431\u0443\u0440\u0433, \u041f\u043e\u043b\u044c\u0449\u0430, \u041c\u043e\u043d\u0430\u043a\u043e, \u041d\u043e\u0440\u0432\u0435\u0433\u0456\u044f, \u041d\u0456\u0434\u0435\u0440\u043b\u0430\u043d\u0434\u0438, \u041f\u043e\u0440\u0442\u0443\u0433\u0430\u043b\u0456\u044f, \u0421\u043b\u043e\u0432\u0430\u0447\u0447\u0438\u043d\u0430, \u0406\u0441\u043f\u0430\u043d\u0456\u044f, \u0428\u0432\u0435\u0446\u0456\u044f, \u0428\u0432\u0435\u0439\u0446\u0430\u0440\u0456\u044f, \u0412\u0430\u0442\u0438\u043a\u0430\u043d, \u0412\u0430\u0442\u0438\u043a\u0430\u043d, \u0412\u0435\u043b\u0438\u043a\u043e\u0431\u0440\u0438\u0442\u0430\u043d\u0456\u044f <br \/>SD2 - \u0410\u043b\u0431\u0430\u043d\u0456\u044f, \u0410\u0432\u0441\u0442\u0440\u0456\u044f, \u0411\u0456\u043b\u043e\u0440\u0443\u0441\u044c, \u0411\u043e\u043b\u0433\u0430\u0440\u0456\u044f, \u0411\u043e\u0441\u043d\u0456\u044f \u0456 \u0413\u0435\u0440\u0446\u0435\u0433\u043e\u0432\u0438\u043d\u0430, \u0425\u043e\u0440\u0432\u0430\u0442\u0456\u044f, \u0427\u0435\u0445\u0456\u044f, \u0414\u0430\u043d\u0456\u044f, \u0415\u0441\u0442\u043e\u043d\u0456\u044f, \u0413\u0440\u0435\u0446\u0456\u044f, \u0406\u0442\u0430\u043b\u0456\u044f, \u0427\u043e\u0440\u043d\u043e\u0433\u043e\u0440\u0456\u044f, \u041f\u043e\u043b\u044c\u0449\u0430, \u041b\u0430\u0442\u0432\u0456\u044f, \u0425\u043e\u0440\u0432\u0430\u0442\u0456\u044f, \u0427\u0435\u0445\u0456\u044f, <strong>\u041b\u0438\u0442\u0432\u0430 (\u0434\u043e\u043a\u043b\u0430\u0434\u043d\u0456\u0448\u0435)<\/strong>\u0420\u0443\u043c\u0443\u043d\u0456\u044f, \u0421\u0435\u0440\u0431\u0456\u044f, \u0421\u043b\u043e\u0432\u0430\u0447\u0447\u0438\u043d\u0430, \u0421\u043b\u043e\u0432\u0435\u043d\u0456\u044f, \u0428\u0432\u0435\u0439\u0446\u0430\u0440\u0456\u044f, \u0423\u0433\u043e\u0440\u0449\u0438\u043d\u0430, \u041d\u0456\u043c\u0435\u0447\u0447\u0438\u043d\u0430<br \/><br \/><em>\u0414\u043b\u044f \u043d\u0430\u0432\u0456\u0433\u0430\u0442\u043e\u0440\u0456\u0432 Seat Navigation Mediasystem 2.1 \u0442\u0430 2.2 (\u043f\u0440\u0430\u0446\u044e\u0454 \u0437 \u0432\u043d\u0443\u0442\u0440\u0456\u0448\u043d\u044c\u043e\u0433\u043e \u0436\u043e\u0440\u0441\u0442\u043a\u043e\u0433\u043e \u0434\u0438\u0441\u043a\u0430) <\/em><br \/><br \/>\u0413\u0430\u0440\u0430\u043d\u0442\u0456\u044f 12 \u043c\u0456\u0441\u044f\u0446\u0456\u0432. | \u0412\u0456\u043b\u044c\u043d\u044e\u0441 \u0442\u0430 \u041a\u0430\u0443\u043d\u0430\u0441 | \u041d\u0430\u0439\u043a\u0440\u0430\u0449\u0430 \u0446\u0456\u043d\u0430<\/p>\n<hr \/>\n\n\n<h2 class=\"wp-block-heading\"><strong>\u041d\u0430\u0432\u0456\u0433\u0430\u0446\u0456\u0439\u043d\u0456 \u043a\u0430\u0440\u0442\u0438 SEAT (DNS DX)<\/strong><\/h2>\n\n\n\n<p>CD 1 - \u0410\u0432\u0441\u0442\u0440\u0456\u044f, \u0428\u0432\u0435\u0439\u0446\u0430\u0440\u0456\u044f, \u041b\u0456\u0445\u0442\u0435\u043d\u0448\u0442\u0435\u0439\u043d, \u0424\u0440\u0430\u043d\u0446\u0456\u044f, \u041d\u0456\u043c\u0435\u0447\u0447\u0438\u043d\u0430, \u0406\u0442\u0430\u043b\u0456\u044f <br>CD 2 - \u0411\u0435\u043b\u044c\u0433\u0456\u044f, \u041d\u0456\u0434\u0435\u0440\u043b\u0430\u043d\u0434\u0438, \u041b\u044e\u043a\u0441\u0435\u043c\u0431\u0443\u0440\u0433 <br>CD 3 - \u0427\u0435\u0445\u0456\u044f, \u041f\u043e\u043b\u044c\u0449\u0430<br>CD 4 - \u041d\u0456\u043c\u0435\u0447\u0447\u0438\u043d\u0430 <br>CD 5 - \u0406\u0442\u0430\u043b\u0456\u044f, \u0421\u0430\u043d-\u041c\u0430\u0440\u0438\u043d\u043e, \u0412\u0430\u0442\u0438\u043a\u0430\u043d <br>CD 6 - \u0424\u0456\u043d\u043b\u044f\u043d\u0434\u0456\u044f, \u0428\u0432\u0435\u0446\u0456\u044f, \u041d\u043e\u0440\u0432\u0435\u0433\u0456\u044f, \u0414\u0430\u043d\u0456\u044f <br>CD 7 - \u0406\u0441\u043f\u0430\u043d\u0456\u044f, \u041f\u043e\u0440\u0442\u0443\u0433\u0430\u043b\u0456\u044f <br>CD 8 - \u0424\u0440\u0430\u043d\u0446\u0456\u044f <br>CD 9 - \u0412\u0435\u043b\u0438\u043a\u0430 \u0411\u0440\u0438\u0442\u0430\u043d\u0456\u044f <br>CD 10 - \u0413\u043e\u043b\u043e\u0432\u043d\u0456 \u0434\u043e\u0440\u043e\u0433\u0438 \u0404\u0432\u0440\u043e\u043f\u0438. <br><br>\u0413\u0430\u0440\u0430\u043d\u0442\u0456\u044f 12 \u043c\u0456\u0441\u044f\u0446\u0456\u0432. | \u0412\u0456\u043b\u044c\u043d\u044e\u0441 \u0442\u0430 \u041a\u0430\u0443\u043d\u0430\u0441 | \u041d\u0430\u0439\u043a\u0440\u0430\u0449\u0430 \u0446\u0456\u043d\u0430<\/p><hr\/>","protected":false},"excerpt":{"rendered":"<p>SEAT navigacijos \u017eem\u0117lapiai (RNS Mediasystem) CD 1 &#8211; Airija, Andora, Austrija, Belgija, \u010cekija, Danija, D.Britanija, Giblartaras, Graikija, Ispanija, Italija, Lichten\u0161teinas, Lenkija, Liuksemburgas, Monakas, Norvegija, Olandija, Portugalija, Pranc\u016bzija, Slovakija, Suomija, \u0160veicarija, \u0160vedija, Vatikanas, Vengrija, Vokietija CD 2 &#8211; Albanija, Austrija, Baltarusija, Bulgarija, Bosnija ir Hercegovina, \u010cekija, Danija, Estija, Graikija, Italija, Juodkalnija, Kroatija, Lenkija, Latvija, Lietuva (detalus) [&hellip;]<\/p>\n","protected":false},"author":1,"featured_media":0,"parent":0,"menu_order":0,"comment_status":"closed","ping_status":"closed","template":"","meta":{"_uag_custom_page_level_css":"","footnotes":""},"class_list":["post-465","page","type-page","status-publish","hentry","post"],"yoast_head":"<!-- This site is optimized with the Yoast SEO plugin v27.4 - https:\/\/yoast.com\/product\/yoast-seo-wordpress\/ -->\n<title>Seat navigacija - taisykla Vilniuje, Kaune, Klaip\u0117doje, \u0160iauliuose<\/title>\n<meta name=\"description\" content=\"SEAT navigacijos \u017eem\u0117lapiai Vilniuje ir Kaune geriausia kaina. 12 m\u0117n. garantija. Tel. nr. 8 (655) 00790 \/ 8 (684) 09811\" \/>\n<meta name=\"robots\" content=\"index, follow, max-snippet:-1, max-image-preview:large, max-video-preview:-1\" \/>\n<link rel=\"canonical\" href=\"https:\/\/techremontas.lt\/uk\/seat-navigacija\/\" \/>\n<meta property=\"og:locale\" content=\"uk_UA\" \/>\n<meta property=\"og:type\" content=\"article\" \/>\n<meta property=\"og:title\" content=\"Seat navigacija - taisykla Vilniuje, Kaune, Klaip\u0117doje, \u0160iauliuose\" \/>\n<meta property=\"og:description\" content=\"SEAT navigacijos \u017eem\u0117lapiai Vilniuje ir Kaune geriausia kaina. 12 m\u0117n. garantija. Tel. nr. 8 (655) 00790 \/ 8 (684) 09811\" \/>\n<meta property=\"og:url\" content=\"https:\/\/techremontas.lt\/uk\/seat-navigacija\/\" \/>\n<meta property=\"og:site_name\" content=\"taisykla Vilniuje, Kaune, Klaip\u0117doje, \u0160iauliuose\" \/>\n<meta property=\"article:modified_time\" content=\"2019-04-12T08:21:11+00:00\" \/>\n<meta name=\"twitter:card\" content=\"summary_large_image\" \/>\n<meta name=\"twitter:label1\" content=\"\u041f\u0440\u0438\u0431\u043b. \u0447\u0430\u0441 \u0447\u0438\u0442\u0430\u043d\u043d\u044f\" \/>\n\t<meta name=\"twitter:data1\" content=\"2 \u0445\u0432\u0438\u043b\u0438\u043d\u0438\" \/>\n<script type=\"application\/ld+json\" class=\"yoast-schema-graph\">{\"@context\":\"https:\\\/\\\/schema.org\",\"@graph\":[{\"@type\":\"WebPage\",\"@id\":\"https:\\\/\\\/techremontas.lt\\\/seat-navigacija\\\/\",\"url\":\"https:\\\/\\\/techremontas.lt\\\/seat-navigacija\\\/\",\"name\":\"Seat navigacija - taisykla Vilniuje, Kaune, Klaip\u0117doje, \u0160iauliuose\",\"isPartOf\":{\"@id\":\"https:\\\/\\\/techremontas.lt\\\/#website\"},\"datePublished\":\"2019-04-12T08:11:26+00:00\",\"dateModified\":\"2019-04-12T08:21:11+00:00\",\"description\":\"SEAT navigacijos \u017eem\u0117lapiai Vilniuje ir Kaune geriausia kaina. 12 m\u0117n. garantija. Tel. nr. 8 (655) 00790 \\\/ 8 (684) 09811\",\"breadcrumb\":{\"@id\":\"https:\\\/\\\/techremontas.lt\\\/seat-navigacija\\\/#breadcrumb\"},\"inLanguage\":\"uk\",\"potentialAction\":[{\"@type\":\"ReadAction\",\"target\":[\"https:\\\/\\\/techremontas.lt\\\/seat-navigacija\\\/\"]}]},{\"@type\":\"BreadcrumbList\",\"@id\":\"https:\\\/\\\/techremontas.lt\\\/seat-navigacija\\\/#breadcrumb\",\"itemListElement\":[{\"@type\":\"ListItem\",\"position\":1,\"name\":\"Pagrindinis\",\"item\":\"https:\\\/\\\/techremontas.lt\\\/\"},{\"@type\":\"ListItem\",\"position\":2,\"name\":\"Seat navigacija\"}]},{\"@type\":\"WebSite\",\"@id\":\"https:\\\/\\\/techremontas.lt\\\/#website\",\"url\":\"https:\\\/\\\/techremontas.lt\\\/\",\"name\":\"taisykla Vilniuje, Kaune, Klaip\u0117doje, \u0160iauliuose\",\"description\":\"Modernios el. technikos servisas\",\"potentialAction\":[{\"@type\":\"SearchAction\",\"target\":{\"@type\":\"EntryPoint\",\"urlTemplate\":\"https:\\\/\\\/techremontas.lt\\\/?s={search_term_string}\"},\"query-input\":{\"@type\":\"PropertyValueSpecification\",\"valueRequired\":true,\"valueName\":\"search_term_string\"}}],\"inLanguage\":\"uk\"}]}<\/script>\n<!-- \/ Yoast SEO plugin. -->","yoast_head_json":{"title":"Seat navigacija - taisykla Vilniuje, Kaune, Klaip\u0117doje, \u0160iauliuose","description":"\u041d\u0430\u0432\u0456\u0433\u0430\u0446\u0456\u0439\u043d\u0456 \u043a\u0430\u0440\u0442\u0438 SEAT \u0443 \u0412\u0456\u043b\u044c\u043d\u044e\u0441\u0456 \u0442\u0430 \u041a\u0430\u0443\u043d\u0430\u0441\u0456 \u0437\u0430 \u043d\u0430\u0439\u043a\u0440\u0430\u0449\u043e\u044e \u0446\u0456\u043d\u043e\u044e. \u0413\u0430\u0440\u0430\u043d\u0442\u0456\u044f 12 \u043c\u0456\u0441\u044f\u0446\u0456\u0432. \u0422\u0435\u043b. 8 (655) 00790 \/ 8 (684) 09811","robots":{"index":"index","follow":"follow","max-snippet":"max-snippet:-1","max-image-preview":"max-image-preview:large","max-video-preview":"max-video-preview:-1"},"canonical":"https:\/\/techremontas.lt\/uk\/seat-navigacija\/","og_locale":"uk_UA","og_type":"article","og_title":"Seat navigacija - taisykla Vilniuje, Kaune, Klaip\u0117doje, \u0160iauliuose","og_description":"SEAT navigacijos \u017eem\u0117lapiai Vilniuje ir Kaune geriausia kaina. 12 m\u0117n. garantija. Tel. nr. 8 (655) 00790 \/ 8 (684) 09811","og_url":"https:\/\/techremontas.lt\/uk\/seat-navigacija\/","og_site_name":"taisykla Vilniuje, Kaune, Klaip\u0117doje, \u0160iauliuose","article_modified_time":"2019-04-12T08:21:11+00:00","twitter_card":"summary_large_image","twitter_misc":{"\u041f\u0440\u0438\u0431\u043b. \u0447\u0430\u0441 \u0447\u0438\u0442\u0430\u043d\u043d\u044f":"2 \u0445\u0432\u0438\u043b\u0438\u043d\u0438"},"schema":{"@context":"https:\/\/schema.org","@graph":[{"@type":"WebPage","@id":"https:\/\/techremontas.lt\/seat-navigacija\/","url":"https:\/\/techremontas.lt\/seat-navigacija\/","name":"Seat navigacija - taisykla Vilniuje, Kaune, Klaip\u0117doje, \u0160iauliuose","isPartOf":{"@id":"https:\/\/techremontas.lt\/#website"},"datePublished":"2019-04-12T08:11:26+00:00","dateModified":"2019-04-12T08:21:11+00:00","description":"\u041d\u0430\u0432\u0456\u0433\u0430\u0446\u0456\u0439\u043d\u0456 \u043a\u0430\u0440\u0442\u0438 SEAT \u0443 \u0412\u0456\u043b\u044c\u043d\u044e\u0441\u0456 \u0442\u0430 \u041a\u0430\u0443\u043d\u0430\u0441\u0456 \u0437\u0430 \u043d\u0430\u0439\u043a\u0440\u0430\u0449\u043e\u044e \u0446\u0456\u043d\u043e\u044e. \u0413\u0430\u0440\u0430\u043d\u0442\u0456\u044f 12 \u043c\u0456\u0441\u044f\u0446\u0456\u0432. \u0422\u0435\u043b. 8 (655) 00790 \/ 8 (684) 09811","breadcrumb":{"@id":"https:\/\/techremontas.lt\/seat-navigacija\/#breadcrumb"},"inLanguage":"uk","potentialAction":[{"@type":"ReadAction","target":["https:\/\/techremontas.lt\/seat-navigacija\/"]}]},{"@type":"BreadcrumbList","@id":"https:\/\/techremontas.lt\/seat-navigacija\/#breadcrumb","itemListElement":[{"@type":"ListItem","position":1,"name":"Pagrindinis","item":"https:\/\/techremontas.lt\/"},{"@type":"ListItem","position":2,"name":"Seat navigacija"}]},{"@type":"WebSite","@id":"https:\/\/techremontas.lt\/#website","url":"https:\/\/techremontas.lt\/","name":"taisykla Vilniuje, Kaune, Klaip\u0117doje, \u0160iauliuose","description":"\u041e\u0431\u0441\u043b\u0443\u0433\u043e\u0432\u0443\u0432\u0430\u043d\u043d\u044f \u0441\u0443\u0447\u0430\u0441\u043d\u0438\u0445 \u0435\u043b\u0435\u043a\u0442\u0440\u043e\u043f\u0440\u0438\u043b\u0430\u0434\u0456\u0432","potentialAction":[{"@type":"SearchAction","target":{"@type":"EntryPoint","urlTemplate":"https:\/\/techremontas.lt\/?s={search_term_string}"},"query-input":{"@type":"PropertyValueSpecification","valueRequired":true,"valueName":"search_term_string"}}],"inLanguage":"uk"}]}},"uagb_featured_image_src":{"full":false,"thumbnail":false,"medium":false,"medium_large":false,"large":false,"1536x1536":false,"2048x2048":false,"trp-custom-language-flag":false,"post-thumbnail":false,"vantage-thumbnail-no-sidebar":false,"vantage-slide":false,"vantage-carousel":false,"vantage-grid-loop":false},"uagb_author_info":{"display_name":"valdymas","author_link":"https:\/\/techremontas.lt\/uk\/author\/valdymas\/"},"uagb_comment_info":0,"uagb_excerpt":"SEAT navigacijos \u017eem\u0117lapiai (RNS Mediasystem) CD 1 &#8211; Airija, Andora, Austrija, Belgija, \u010cekija, Danija, D.Britanija, Giblartaras, Graikija, Ispanija, Italija, Lichten\u0161teinas, Lenkija, Liuksemburgas, Monakas, Norvegija, Olandija, Portugalija, Pranc\u016bzija, Slovakija, Suomija, \u0160veicarija, \u0160vedija, Vatikanas, Vengrija, Vokietija CD 2 &#8211; Albanija, Austrija, Baltarusija, Bulgarija, Bosnija ir Hercegovina, \u010cekija, Danija, Estija, Graikija, Italija, Juodkalnija, Kroatija, Lenkija, Latvija, Lietuva (detalus)&hellip;","_links":{"self":[{"href":"https:\/\/techremontas.lt\/uk\/wp-json\/wp\/v2\/pages\/465","targetHints":{"allow":["GET"]}}],"collection":[{"href":"https:\/\/techremontas.lt\/uk\/wp-json\/wp\/v2\/pages"}],"about":[{"href":"https:\/\/techremontas.lt\/uk\/wp-json\/wp\/v2\/types\/page"}],"author":[{"embeddable":true,"href":"https:\/\/techremontas.lt\/uk\/wp-json\/wp\/v2\/users\/1"}],"replies":[{"embeddable":true,"href":"https:\/\/techremontas.lt\/uk\/wp-json\/wp\/v2\/comments?post=465"}],"version-history":[{"count":4,"href":"https:\/\/techremontas.lt\/uk\/wp-json\/wp\/v2\/pages\/465\/revisions"}],"predecessor-version":[{"id":469,"href":"https:\/\/techremontas.lt\/uk\/wp-json\/wp\/v2\/pages\/465\/revisions\/469"}],"wp:attachment":[{"href":"https:\/\/techremontas.lt\/uk\/wp-json\/wp\/v2\/media?parent=465"}],"curies":[{"name":"wp","href":"https:\/\/api.w.org\/{rel}","templated":true}]}}